{"id":227,"date":"2023-11-10T18:13:57","date_gmt":"2023-11-10T18:13:57","guid":{"rendered":"https:\/\/exceladvisor.org\/pt\/maximo-se\/"},"modified":"2023-12-06T11:50:05","modified_gmt":"2023-12-06T11:50:05","slug":"maximo-se","status":"publish","type":"page","link":"https:\/\/exceladvisor.org\/pt\/maximo-se\/","title":{"rendered":"Como usar max se no excel?"},"content":{"rendered":"<div class=\"excel-before-content-2\" id=\"excel-811011309\"><script type=\"text\/javascript\">\r\n\tatOptions = {\r\n\t\t'key' : 'c1158f160081d6540a8409e6925dab94',\r\n\t\t'format' : 'iframe',\r\n\t\t'height' : 250,\r\n\t\t'width' : 300,\r\n\t\t'params' : {}\r\n\t};\r\n<\/script>\r\n<script type=\"text\/javascript\" src=\"\/\/www.highperformanceformat.com\/c1158f160081d6540a8409e6925dab94\/invoke.js\"><\/script><\/div><div class=\"excel-before-content\" id=\"excel-471733743\"><script type=\"text\/javascript\">\r\n\tatOptions = {\r\n\t\t'key' : 'c1158f160081d6540a8409e6925dab94',\r\n\t\t'format' : 'iframe',\r\n\t\t'height' : 250,\r\n\t\t'width' : 300,\r\n\t\t'params' : {}\r\n\t};\r\n<\/script>\r\n<script type=\"text\/javascript\" src=\"\/\/www.highperformanceformat.com\/c1158f160081d6540a8409e6925dab94\/invoke.js\"><\/script><\/div> <p>No Excel, n\u00e3o podemos simplesmente usar a fun\u00e7\u00e3o MAX padr\u00e3o com uma condi\u00e7\u00e3o (a menos que voc\u00ea esteja usando o Microsoft Office 365).<\/p><p> Mas a quest\u00e3o \u00e9 que, se voc\u00ea deseja obter o valor m\u00e1ximo de um intervalo usando uma condi\u00e7\u00e3o espec\u00edfica, voc\u00ea precisa de uma f\u00f3rmula MAX IF.<\/p><p> Ent\u00e3o qual \u00e9 o objetivo?<\/p><p> Voc\u00ea pode combinar MAX e IF para criar uma f\u00f3rmula que pode ajud\u00e1-lo a obter o valor m\u00e1ximo de um intervalo usando crit\u00e9rios espec\u00edficos.<\/p><p> Resumindo: MAXIF \u00e9 uma f\u00f3rmula de matriz que voc\u00ea pode usar para encontrar o valor m\u00e1ximo de um intervalo usando crit\u00e9rios. Mas aqui est\u00e1 o chute: neste artigo, vou compartilhar com voc\u00eas diferentes maneiras de usar a f\u00f3rmula MAXIF.<\/p><h2 id=\"tab-con-1\" class=\"wp-block-heading\"> Aplique a f\u00f3rmula MAX SE<\/h2><p> Vamos dar um exemplo dos dados abaixo onde voc\u00ea tem a quantidade de vendas por m\u00eas, por semana e por data. <\/p><div class=\"wp-block-image\"><figure class=\"aligncenter\"><img decoding=\"async\" src=\"https:\/\/exceladvisor.org\/wp-content\/uploads\/2023\/08\/donnees-de-quantite-de-ventes-a-utiliser-max-si-formule-min-1.png\" sizes=\"\" srcset=\"\" alt=\"dados de quantidade de vendas para usar a f\u00f3rmula max if\"><\/figure><\/div><p> Agora, a partir desses dados, voc\u00ea precisa obter a quantidade m\u00e1xima de vendas em um determinado m\u00eas. Por exemplo, \u201cJan\u201d e para isso a f\u00f3rmula ser\u00e1:<\/p><pre class=\"wp-block-code\"> <code class=\"language-excel-formula\" lang=\"excel-formula\">=MAX(IF(A2:A367=\"Jan\",D2:D367))<\/code><\/pre><p> E voc\u00ea precisa inseri-lo como uma f\u00f3rmula de matriz usando ctrl + shift + enter. <\/p><pre class=\"wp-block-code\"> <code class=\"language-excel-formula\" lang=\"excel-formula\">{=MAX(IF(A2:A367=\"Jan\",D2:D367))}<\/code><\/pre><div class=\"wp-block-image\"><figure class=\"aligncenter\"><img decoding=\"async\" src=\"https:\/\/exceladvisor.org\/wp-content\/uploads\/2023\/08\/max-si-formule-appliquee-min-1.png\" sizes=\"\" srcset=\"\" alt=\"m\u00e1ximo se a f\u00f3rmula for aplicada\"><\/figure><\/div><p> Ao inseri-lo retornar\u00e1 200 que \u00e9 o maior valor de venda do m\u00eas de janeiro em 07 de janeiro de 2016.<\/p><h3 class=\"wp-block-heading\"> Como \u00e9 que isso funciona<\/h3><p id=\"tab-con-2\"> Para entender como funciona o max, voc\u00ea precisa dividi-lo em tr\u00eas partes. <\/p><div class=\"wp-block-image\"><figure class=\"aligncenter\"><img decoding=\"async\" src=\"https:\/\/exceladvisor.org\/wp-content\/uploads\/2023\/08\/comprendre-max-si-la-formule-dans-excel-1.png\" sizes=\"\" srcset=\"\" alt=\"entenda a f\u00f3rmula m\u00e1xima i no Excel\"><\/figure><\/div><p> Observe que <strong><span style=\"color: #000000;\">voc\u00ea inseriu isso como uma f\u00f3rmula de matriz<\/span><\/strong> .<\/p><p> <span style=\"color: #000000;\">Primeiro<\/span> , voc\u00ea criou um teste l\u00f3gico na fun\u00e7\u00e3o IF para combinar toda a coluna do m\u00eas com os crit\u00e9rios. E retornou um array onde os valores de correspond\u00eancia s\u00e3o TRUE e todos os outros s\u00e3o FALSE. <\/p><div class=\"wp-block-image\"><figure class=\"aligncenter\"><img decoding=\"async\" src=\"https:\/\/exceladvisor.org\/wp-content\/uploads\/2023\/08\/premier-tableau-avec-max-si-formule-avec-tableau-min-1.png\" sizes=\"\" srcset=\"\" alt=\"primeira matriz com max if f\u00f3rmula com matriz\"><\/figure><\/div><p> <span style=\"color: #000000;\">Em segundo lugar<\/span> , na fun\u00e7\u00e3o IF, voc\u00ea especificou a coluna de quantidade de vendas para valores TRUE e por isso retornou a quantidade de vendas apenas para TRUE. <\/p><div class=\"wp-block-image\"><figure class=\"aligncenter\"><img decoding=\"async\" src=\"https:\/\/exceladvisor.org\/wp-content\/uploads\/2023\/08\/deuxieme-tableau-de-max-si-formule-avec-tableau-min-1.png\" sizes=\"\" srcset=\"\" alt=\"segunda matriz de max if f\u00f3rmula com matriz\"><\/figure><\/div><p> <span style=\"color: #000000;\">Terceiro<\/span> , a fun\u00e7\u00e3o MAX simplesmente retornar\u00e1 o n\u00famero mais alto nesta matriz, que corresponde \u00e0 maior quantidade de vendas do m\u00eas de janeiro. Assim como este truque de f\u00f3rmula aqui, listei alguns dos outros que voc\u00ea precisa ler e aprender.<\/p><ol><li> <a href=\"https:\/\/exceladvisor.org\/pt\/sumif-sumifs-ou-logica\/\">SUMIFOR em Excel<\/a><\/li><li> <a href=\"https:\/\/exceladvisor.org\/pt\/classificacao-condicional-classificacao-sumproduto-se\/\">RANKIF no Excel<\/a><\/li><\/ol><h2 id=\"tab-con-3\" class=\"wp-block-heading\"> MAX IF com v\u00e1rios crit\u00e9rios<\/h2><p> Tenho certeza que neste momento voc\u00ea est\u00e1 pensando em como podemos usar mais de uma condi\u00e7\u00e3o no max if. E isso \u00e9 um pensamento inteligente.<\/p><p> No mundo real dos dados, \u00e9 muito prov\u00e1vel que precisemos usar v\u00e1rios crit\u00e9rios para obter o valor mais alto. Vamos continuar com o exemplo anterior.<\/p><p> Digamos que em vez do valor de vendas mais alto de janeiro, voc\u00ea precise obter as vendas mais altas da semana 2 de janeiro.<\/p><p> Ent\u00e3o aqui voc\u00ea tem duas condi\u00e7\u00f5es diferentes, o m\u00eas \u00e9 janeiro e a semana \u00e9 2. E a f\u00f3rmula ser\u00e1:<\/p><pre class=\"wp-block-code\"> <code class=\"language-excel-formula\" lang=\"excel-formula\">=MAX(IF(A2:A367=F5,IF(B2:B367=G5,D2:D367),))<\/code><\/pre><p> E, quando voc\u00ea insere como uma tabela: <\/p><pre class=\"wp-block-code\"> <code class=\"language-excel-formula\" lang=\"excel-formula\">{=MAX(IF(A2:A367=F5,IF(B2:B367=G5,D2:D367),))}<\/code><\/pre><div class=\"wp-block-image\"><figure class=\"aligncenter\"><img decoding=\"async\" src=\"https:\/\/exceladvisor.org\/wp-content\/uploads\/2023\/08\/plusieurs-criteres-avec-max-si-formule-min-1.png\" sizes=\"\" srcset=\"\" alt=\"v\u00e1rios crit\u00e9rios com f\u00f3rmula max if\"><\/figure><\/div><h3 id=\"tab-con-4\" class=\"wp-block-heading\"> Como \u00e9 que isso funciona<\/h3><p> Aqui usamos IF aninhados para testar mais de uma l\u00f3gica. Um \u00e9 para o m\u00eas e o segundo \u00e9 para a semana.<\/p><p> Ent\u00e3o ele retorna uma tabela onde voc\u00ea tem a quantidade de vendas somente quando o m\u00eas \u00e9 janeiro e a semana \u00e9 dia 2. <\/p><div class=\"wp-block-image\"><figure class=\"aligncenter\"><img decoding=\"async\" src=\"https:\/\/exceladvisor.org\/wp-content\/uploads\/2023\/08\/criteres-multiples-avec-max-si-formule-premier-tableau-min-1.png\" sizes=\"\" srcset=\"\" alt=\"v\u00e1rios crit\u00e9rios com max if f\u00f3rmula primeira tabela\"><\/figure><\/div><p> E no final, max retorna o valor m\u00e1ximo deste array.<\/p><h2 id=\"tab-con-5\" class=\"wp-block-heading\"> MAX SE sem tabela<\/h2><p> As tabelas s\u00e3o poderosas, mas nem todo mundo quer us\u00e1-las. E voc\u00ea tem a op\u00e7\u00e3o de n\u00e3o usar um array em max if.<\/p><p> Portanto, para isso voc\u00ea pode usar a fun\u00e7\u00e3o SUMPRODUCT, pois ela pode ajud\u00e1-lo a usar um array sem aplicar a f\u00f3rmula de array real. E a f\u00f3rmula ser\u00e1:<\/p><pre class=\"wp-block-code\"> <code class=\"language-excel-formula\" lang=\"excel-formula\">=SUMPRODUCT(MAX((A2:A367=\"Jan\")*D2:D367))<\/code><\/pre><p> Portanto, ao inserir esta f\u00f3rmula voc\u00ea n\u00e3o precisa usar ctrl + shift + enter. <\/p><div class=\"wp-block-image\"><figure class=\"aligncenter\"><img decoding=\"async\" src=\"https:\/\/exceladvisor.org\/wp-content\/uploads\/2023\/08\/max-si-formule-sans-tableaux-utilisant-sumproduct-min-1.png\" sizes=\"\" srcset=\"\" alt=\"max se f\u00f3rmula sem matrizes usando sumproduct\"><\/figure><\/div><h3 id=\"tab-con-6\" class=\"wp-block-heading\"> Como \u00e9 que isso funciona<\/h3><p> Novamente, precisamos dividir esta f\u00f3rmula em tr\u00eas partes diferentes para entend\u00ea-la. Na primeira parte voc\u00ea comparou a coluna do m\u00eas com os crit\u00e9rios e ela retornou um array com TRUE onde os crit\u00e9rios correspondiam, caso contr\u00e1rio FALSE. <\/p><div class=\"wp-block-image\"><figure class=\"aligncenter\"><img decoding=\"async\" src=\"https:\/\/exceladvisor.org\/wp-content\/uploads\/2023\/08\/comparer-mois-max-si-formule-avec-sumproduct-min-1.png\" sizes=\"\" srcset=\"\" alt=\"compare o m\u00eas m\u00e1ximo se a f\u00f3rmula com o produto da soma\"><\/figure><\/div><p> Depois disso voc\u00ea multiplica esta tabela pela coluna de quantidade de vendas que retorna uma tabela onde voc\u00ea tem a quantidade de vendas em vez de VERDADEIRO. Em \u00faltima an\u00e1lise, a fun\u00e7\u00e3o MAX retornou o valor mais alto nesta matriz, que corresponde \u00e0 sua maior quantidade de vendas.<\/p><p> A fun\u00e7\u00e3o principal de toda essa f\u00f3rmula, sumproduct, \u00e9 permitir que voc\u00ea use uma matriz sem inserir uma f\u00f3rmula de matriz real.<\/p><h2 class=\"wp-block-heading\"> Conclus\u00e3o<\/h2><p> Obter o valor m\u00e1ximo com base em crit\u00e9rios \u00e9 o que muitas vezes precisamos fazer. E usando esta t\u00e9cnica de f\u00f3rmula max if voc\u00ea pode fazer isso sem esfor\u00e7o.<\/p><p> Todos os m\u00e9todos que voc\u00ea aprendeu acima t\u00eam aplica\u00e7\u00f5es diferentes dependendo da situa\u00e7\u00e3o. Espero que esta dica de f\u00f3rmula ajude voc\u00ea a melhorar no Excel. Mas agora me diga uma coisa.<\/p><p> Do que voc\u00ea gosta mesmo, com pintura ou sem pintura?<\/p><p> Por favor, compartilhe suas opini\u00f5es comigo na se\u00e7\u00e3o de coment\u00e1rios. Eu adoraria ouvir de voc\u00ea e n\u00e3o se esque\u00e7a de compartilhar esta postagem com seus amigos, tenho certeza que eles ir\u00e3o gostar. <\/p><div class=\"gb-container gb-container-52dfcee1 gb-container-sample-file\"><h2 class=\"gb-headline gb-headline-e289c143 gb-headline-text gb-headline-4f7959c2\"> Obtenha o arquivo Excel<\/h2><p> <a class=\"gb-button gb-button-e88d6bee gb-button-text gb-button-button1\" href=\"https:\/\/exceladvisor.org\/wp-content\/uploads\/2023\/08\/max-si-3.xlsx\" rel=\"nofollow\">Download<\/a><\/p><\/div><div class=\"gb-container gb-container-0df56012 gb-container-mt\"> <a class=\"gb-button gb-button-f9f432f4 gb-button-text gb-button-mt-button\" href=\"https:\/\/exceladvisor.org\/pt\/formulas\/\">Lista de f\u00f3rmulas do Excel<\/a><h2 class=\"gb-headline gb-headline-233444e8 gb-headline-text gb-headline-mt-heading\"> F\u00f3rmulas relacionadas <\/h2><div class=\"gb-grid-wrapper gb-grid-wrapper-a16fa65c gb-grid-wrapper-mt-grid\"><div class=\"gb-grid-column gb-grid-column-50d07e0d\"><div class=\"gb-container gb-container-50d07e0d\"><ul><li> <a href=\"https:\/\/exceladvisor.org\/pt\/coeficiente-de-variacao\/\">Calcule o coeficiente de varia\u00e7\u00e3o (CV) no Excel<\/a><\/li><li> <a href=\"https:\/\/exceladvisor.org\/pt\/relatorio\/\">Calcule rapidamente a propor\u00e7\u00e3o no Excel<\/a><\/li><li> <a href=\"https:\/\/exceladvisor.org\/pt\/valor-mais-baixo\/\">Encontre o valor mais baixo em uma lista de n\u00fameros (N)<\/a><\/li><li> <a href=\"https:\/\/exceladvisor.org\/pt\/menor-valor-2\/\">Encontre o menor valor em um intervalo de c\u00e9lulas (menor n\u00famero)<\/a><\/li><li> <a href=\"https:\/\/exceladvisor.org\/pt\/enesima-raiz-2\/\">Calcule a en\u00e9sima raiz<\/a> <\/li><\/ul><\/div><\/div><div class=\"gb-grid-column gb-grid-column-5b4a0cf9\"><div class=\"gb-container gb-container-5b4a0cf9\"><\/div><\/div><\/div><\/div>","protected":false},"excerpt":{"rendered":"","protected":false},"author":1,"featured_media":0,"parent":0,"menu_order":0,"comment_status":"open","ping_status":"closed","template":"","meta":{"ub_ctt_via":"","footnotes":""},"class_list":["post-227","page","type-page","status-publish","hentry"],"featured_image_src":null,"yoast_head":"<!-- This site is optimized with the Yoast SEO plugin v25.4 - https:\/\/yoast.com\/wordpress\/plugins\/seo\/ -->\n<title>Como usar MAX SE no Excel? [Guia completo 2023]<\/title>\n<meta name=\"description\" content=\"N\u00e3o existe uma fun\u00e7\u00e3o espec\u00edfica para isso no Excel. Mas voc\u00ea pode combinar MAX e IF para criar uma f\u00f3rmula para obter o\" \/>\n<meta name=\"robots\" content=\"index, follow, max-snippet:-1, max-image-preview:large, max-video-preview:-1\" \/>\n<link rel=\"canonical\" href=\"https:\/\/exceladvisor.org\/pt\/maximo-se\/\" \/>\n<meta property=\"og:locale\" content=\"pt_PT\" \/>\n<meta property=\"og:type\" content=\"article\" \/>\n<meta property=\"og:title\" content=\"Como usar MAX SE no Excel? [Guia completo 2023]\" \/>\n<meta property=\"og:description\" content=\"N\u00e3o existe uma fun\u00e7\u00e3o espec\u00edfica para isso no Excel. Mas voc\u00ea pode combinar MAX e IF para criar uma f\u00f3rmula para obter o\" \/>\n<meta property=\"og:url\" content=\"https:\/\/exceladvisor.org\/pt\/maximo-se\/\" \/>\n<meta property=\"og:site_name\" content=\"Excel Advisor\" \/>\n<meta property=\"article:modified_time\" content=\"2023-12-06T11:50:05+00:00\" \/>\n<meta property=\"og:image\" content=\"https:\/\/exceladvisor.org\/wp-content\/uploads\/2023\/08\/donnees-de-quantite-de-ventes-a-utiliser-max-si-formule-min-1.png\" \/>\n<meta name=\"twitter:card\" content=\"summary_large_image\" \/>\n<meta name=\"twitter:label1\" content=\"Tempo estimado de leitura\" \/>\n\t<meta name=\"twitter:data1\" content=\"5 minutos\" \/>\n<script type=\"application\/ld+json\" class=\"yoast-schema-graph\">{\"@context\":\"https:\/\/schema.org\",\"@graph\":[{\"@type\":\"WebPage\",\"@id\":\"https:\/\/exceladvisor.org\/pt\/maximo-se\/\",\"url\":\"https:\/\/exceladvisor.org\/pt\/maximo-se\/\",\"name\":\"Como usar MAX SE no Excel? [Guia completo 2023]\",\"isPartOf\":{\"@id\":\"https:\/\/exceladvisor.org\/pt\/#website\"},\"primaryImageOfPage\":{\"@id\":\"https:\/\/exceladvisor.org\/pt\/maximo-se\/#primaryimage\"},\"image\":{\"@id\":\"https:\/\/exceladvisor.org\/pt\/maximo-se\/#primaryimage\"},\"thumbnailUrl\":\"https:\/\/exceladvisor.org\/wp-content\/uploads\/2023\/08\/donnees-de-quantite-de-ventes-a-utiliser-max-si-formule-min-1.png\",\"datePublished\":\"2023-11-10T18:13:57+00:00\",\"dateModified\":\"2023-12-06T11:50:05+00:00\",\"description\":\"N\u00e3o existe uma fun\u00e7\u00e3o espec\u00edfica para isso no Excel. Mas voc\u00ea pode combinar MAX e IF para criar uma f\u00f3rmula para obter o\",\"breadcrumb\":{\"@id\":\"https:\/\/exceladvisor.org\/pt\/maximo-se\/#breadcrumb\"},\"inLanguage\":\"pt-PT\",\"potentialAction\":[{\"@type\":\"ReadAction\",\"target\":[\"https:\/\/exceladvisor.org\/pt\/maximo-se\/\"]}]},{\"@type\":\"ImageObject\",\"inLanguage\":\"pt-PT\",\"@id\":\"https:\/\/exceladvisor.org\/pt\/maximo-se\/#primaryimage\",\"url\":\"https:\/\/exceladvisor.org\/wp-content\/uploads\/2023\/08\/donnees-de-quantite-de-ventes-a-utiliser-max-si-formule-min-1.png\",\"contentUrl\":\"https:\/\/exceladvisor.org\/wp-content\/uploads\/2023\/08\/donnees-de-quantite-de-ventes-a-utiliser-max-si-formule-min-1.png\"},{\"@type\":\"BreadcrumbList\",\"@id\":\"https:\/\/exceladvisor.org\/pt\/maximo-se\/#breadcrumb\",\"itemListElement\":[{\"@type\":\"ListItem\",\"position\":1,\"name\":\"Lar\",\"item\":\"https:\/\/exceladvisor.org\/pt\/\"},{\"@type\":\"ListItem\",\"position\":2,\"name\":\"Como usar max se no excel?\"}]},{\"@type\":\"WebSite\",\"@id\":\"https:\/\/exceladvisor.org\/pt\/#website\",\"url\":\"https:\/\/exceladvisor.org\/pt\/\",\"name\":\"Excel Advisor\",\"description\":\"O seu guia definitivo para dominar os dados!\",\"publisher\":{\"@id\":\"https:\/\/exceladvisor.org\/pt\/#organization\"},\"potentialAction\":[{\"@type\":\"SearchAction\",\"target\":{\"@type\":\"EntryPoint\",\"urlTemplate\":\"https:\/\/exceladvisor.org\/pt\/?s={search_term_string}\"},\"query-input\":{\"@type\":\"PropertyValueSpecification\",\"valueRequired\":true,\"valueName\":\"search_term_string\"}}],\"inLanguage\":\"pt-PT\"},{\"@type\":\"Organization\",\"@id\":\"https:\/\/exceladvisor.org\/pt\/#organization\",\"name\":\"Excel Advisor\",\"url\":\"https:\/\/exceladvisor.org\/pt\/\",\"logo\":{\"@type\":\"ImageObject\",\"inLanguage\":\"pt-PT\",\"@id\":\"https:\/\/exceladvisor.org\/pt\/#\/schema\/logo\/image\/\",\"url\":\"https:\/\/exceladvisor.org\/pt\/wp-content\/uploads\/2023\/12\/exceladvisor.org_.png\",\"contentUrl\":\"https:\/\/exceladvisor.org\/pt\/wp-content\/uploads\/2023\/12\/exceladvisor.org_.png\",\"width\":105,\"height\":36,\"caption\":\"Excel Advisor\"},\"image\":{\"@id\":\"https:\/\/exceladvisor.org\/pt\/#\/schema\/logo\/image\/\"}}]}<\/script>\n<!-- \/ Yoast SEO plugin. -->","yoast_head_json":{"title":"Como usar MAX SE no Excel? [Guia completo 2023]","description":"N\u00e3o existe uma fun\u00e7\u00e3o espec\u00edfica para isso no Excel. Mas voc\u00ea pode combinar MAX e IF para criar uma f\u00f3rmula para obter o","robots":{"index":"index","follow":"follow","max-snippet":"max-snippet:-1","max-image-preview":"max-image-preview:large","max-video-preview":"max-video-preview:-1"},"canonical":"https:\/\/exceladvisor.org\/pt\/maximo-se\/","og_locale":"pt_PT","og_type":"article","og_title":"Como usar MAX SE no Excel? [Guia completo 2023]","og_description":"N\u00e3o existe uma fun\u00e7\u00e3o espec\u00edfica para isso no Excel. Mas voc\u00ea pode combinar MAX e IF para criar uma f\u00f3rmula para obter o","og_url":"https:\/\/exceladvisor.org\/pt\/maximo-se\/","og_site_name":"Excel Advisor","article_modified_time":"2023-12-06T11:50:05+00:00","og_image":[{"url":"https:\/\/exceladvisor.org\/wp-content\/uploads\/2023\/08\/donnees-de-quantite-de-ventes-a-utiliser-max-si-formule-min-1.png","type":"","width":"","height":""}],"twitter_card":"summary_large_image","twitter_misc":{"Tempo estimado de leitura":"5 minutos"},"schema":{"@context":"https:\/\/schema.org","@graph":[{"@type":"WebPage","@id":"https:\/\/exceladvisor.org\/pt\/maximo-se\/","url":"https:\/\/exceladvisor.org\/pt\/maximo-se\/","name":"Como usar MAX SE no Excel? [Guia completo 2023]","isPartOf":{"@id":"https:\/\/exceladvisor.org\/pt\/#website"},"primaryImageOfPage":{"@id":"https:\/\/exceladvisor.org\/pt\/maximo-se\/#primaryimage"},"image":{"@id":"https:\/\/exceladvisor.org\/pt\/maximo-se\/#primaryimage"},"thumbnailUrl":"https:\/\/exceladvisor.org\/wp-content\/uploads\/2023\/08\/donnees-de-quantite-de-ventes-a-utiliser-max-si-formule-min-1.png","datePublished":"2023-11-10T18:13:57+00:00","dateModified":"2023-12-06T11:50:05+00:00","description":"N\u00e3o existe uma fun\u00e7\u00e3o espec\u00edfica para isso no Excel. Mas voc\u00ea pode combinar MAX e IF para criar uma f\u00f3rmula para obter o","breadcrumb":{"@id":"https:\/\/exceladvisor.org\/pt\/maximo-se\/#breadcrumb"},"inLanguage":"pt-PT","potentialAction":[{"@type":"ReadAction","target":["https:\/\/exceladvisor.org\/pt\/maximo-se\/"]}]},{"@type":"ImageObject","inLanguage":"pt-PT","@id":"https:\/\/exceladvisor.org\/pt\/maximo-se\/#primaryimage","url":"https:\/\/exceladvisor.org\/wp-content\/uploads\/2023\/08\/donnees-de-quantite-de-ventes-a-utiliser-max-si-formule-min-1.png","contentUrl":"https:\/\/exceladvisor.org\/wp-content\/uploads\/2023\/08\/donnees-de-quantite-de-ventes-a-utiliser-max-si-formule-min-1.png"},{"@type":"BreadcrumbList","@id":"https:\/\/exceladvisor.org\/pt\/maximo-se\/#breadcrumb","itemListElement":[{"@type":"ListItem","position":1,"name":"Lar","item":"https:\/\/exceladvisor.org\/pt\/"},{"@type":"ListItem","position":2,"name":"Como usar max se no excel?"}]},{"@type":"WebSite","@id":"https:\/\/exceladvisor.org\/pt\/#website","url":"https:\/\/exceladvisor.org\/pt\/","name":"Excel Advisor","description":"O seu guia definitivo para dominar os dados!","publisher":{"@id":"https:\/\/exceladvisor.org\/pt\/#organization"},"potentialAction":[{"@type":"SearchAction","target":{"@type":"EntryPoint","urlTemplate":"https:\/\/exceladvisor.org\/pt\/?s={search_term_string}"},"query-input":{"@type":"PropertyValueSpecification","valueRequired":true,"valueName":"search_term_string"}}],"inLanguage":"pt-PT"},{"@type":"Organization","@id":"https:\/\/exceladvisor.org\/pt\/#organization","name":"Excel Advisor","url":"https:\/\/exceladvisor.org\/pt\/","logo":{"@type":"ImageObject","inLanguage":"pt-PT","@id":"https:\/\/exceladvisor.org\/pt\/#\/schema\/logo\/image\/","url":"https:\/\/exceladvisor.org\/pt\/wp-content\/uploads\/2023\/12\/exceladvisor.org_.png","contentUrl":"https:\/\/exceladvisor.org\/pt\/wp-content\/uploads\/2023\/12\/exceladvisor.org_.png","width":105,"height":36,"caption":"Excel Advisor"},"image":{"@id":"https:\/\/exceladvisor.org\/pt\/#\/schema\/logo\/image\/"}}]}},"yoast_meta":{"yoast_wpseo_title":"","yoast_wpseo_metadesc":"","yoast_wpseo_canonical":""},"_links":{"self":[{"href":"https:\/\/exceladvisor.org\/pt\/wp-json\/wp\/v2\/pages\/227","targetHints":{"allow":["GET"]}}],"collection":[{"href":"https:\/\/exceladvisor.org\/pt\/wp-json\/wp\/v2\/pages"}],"about":[{"href":"https:\/\/exceladvisor.org\/pt\/wp-json\/wp\/v2\/types\/page"}],"author":[{"embeddable":true,"href":"https:\/\/exceladvisor.org\/pt\/wp-json\/wp\/v2\/users\/1"}],"replies":[{"embeddable":true,"href":"https:\/\/exceladvisor.org\/pt\/wp-json\/wp\/v2\/comments?post=227"}],"version-history":[{"count":1,"href":"https:\/\/exceladvisor.org\/pt\/wp-json\/wp\/v2\/pages\/227\/revisions"}],"predecessor-version":[{"id":1361,"href":"https:\/\/exceladvisor.org\/pt\/wp-json\/wp\/v2\/pages\/227\/revisions\/1361"}],"wp:attachment":[{"href":"https:\/\/exceladvisor.org\/pt\/wp-json\/wp\/v2\/media?parent=227"}],"curies":[{"name":"wp","href":"https:\/\/api.w.org\/{rel}","templated":true}]}}