{"id":228,"date":"2023-11-10T17:43:55","date_gmt":"2023-11-10T17:43:55","guid":{"rendered":"https:\/\/exceladvisor.org\/pt\/media-de-erros-ignorados-2\/"},"modified":"2023-12-06T11:36:32","modified_gmt":"2023-12-06T11:36:32","slug":"media-de-erros-ignorados-2","status":"publish","type":"page","link":"https:\/\/exceladvisor.org\/pt\/media-de-erros-ignorados-2\/","title":{"rendered":"Como corrigir erros de m\u00e9dia no excel?"},"content":{"rendered":"<div class=\"excel-before-content-2\" id=\"excel-2247738347\"><script type=\"text\/javascript\">\r\n\tatOptions = {\r\n\t\t'key' : 'c1158f160081d6540a8409e6925dab94',\r\n\t\t'format' : 'iframe',\r\n\t\t'height' : 250,\r\n\t\t'width' : 300,\r\n\t\t'params' : {}\r\n\t};\r\n<\/script>\r\n<script type=\"text\/javascript\" src=\"\/\/www.highperformanceformat.com\/c1158f160081d6540a8409e6925dab94\/invoke.js\"><\/script><\/div><div class=\"excel-before-content\" id=\"excel-3978929963\"><script type=\"text\/javascript\">\r\n\tatOptions = {\r\n\t\t'key' : 'c1158f160081d6540a8409e6925dab94',\r\n\t\t'format' : 'iframe',\r\n\t\t'height' : 250,\r\n\t\t'width' : 300,\r\n\t\t'params' : {}\r\n\t};\r\n<\/script>\r\n<script type=\"text\/javascript\" src=\"\/\/www.highperformanceformat.com\/c1158f160081d6540a8409e6925dab94\/invoke.js\"><\/script><\/div> <p>No Excel, quando voc\u00ea tenta calcular a m\u00e9dia dos valores de um intervalo, mas apresenta erro em uma ou mais c\u00e9lulas, sua f\u00f3rmula retornar\u00e1 um erro no resultado. Neste tutorial, aprenderemos como calcular a m\u00e9dia dos valores em um intervalo ignorando os valores de erro.<\/p><h2 class=\"wp-block-heading\"> Ignorar erro #N\/A<\/h2><p> No exemplo a seguir, temos um erro #N\/A no intervalo de c\u00e9lulas e, quando voc\u00ea usa a fun\u00e7\u00e3o AVERAGE, ela tamb\u00e9m retorna erros #N\/A no resultado. <\/p><div class=\"wp-block-image\"><figure class=\"aligncenter size-full is-resized\"><img loading=\"lazy\" decoding=\"async\" class=\"wp-image-79256\" src=\"https:\/\/exceladvisor.org\/wp-content\/uploads\/2023\/08\/1-na-erreur-dans-la-cellule.png\" sizes=\"auto, \" srcset=\"\" alt=\"#na-erro-na-c\u00e9lula\" width=\"616\" height=\"417\"><\/figure><\/div><p> Para lidar com esta situa\u00e7\u00e3o, voc\u00ea pode usar a fun\u00e7\u00e3o AVERAGEIF da seguinte maneira. <\/p><div class=\"wp-block-image\"><figure class=\"aligncenter size-full is-resized\"><img loading=\"lazy\" decoding=\"async\" class=\"wp-image-79257\" src=\"https:\/\/exceladvisor.org\/wp-content\/uploads\/2023\/08\/2-fonction-moyenne-si.png\" sizes=\"auto, \" srcset=\"\" alt=\"fun\u00e7\u00e3o m\u00e9diai\" width=\"514\" height=\"417\"><\/figure><\/div><pre class=\"wp-block-code\"> <code class=\"language-excel-formula line-numbers\" lang=\"excel-formula\">=AVERAGEIF(A1:A10,\"&lt;&gt;#N\/A\")<\/code><\/pre><p> AVERAGEIF permite criar uma condi\u00e7\u00e3o para calcular a m\u00e9dia dos valores em um intervalo. E nesta f\u00f3rmula nos referimos ao intervalo A1:A10, e depois disso usamos uma condi\u00e7\u00e3o que calcula a m\u00e9dia dos valores que n\u00e3o s\u00e3o iguais a #N\/A.<\/p><h2 class=\"wp-block-heading\"> Use AVERAGEIF para ignorar todos os erros<\/h2><p> Se quiser ignorar todos os erros, voc\u00ea sempre pode usar AVERAGEIF. Voc\u00ea s\u00f3 precisa modificar os crit\u00e9rios na fun\u00e7\u00e3o. <\/p><div class=\"wp-block-image\"><figure class=\"aligncenter size-full is-resized\"><img loading=\"lazy\" decoding=\"async\" class=\"wp-image-79258\" src=\"https:\/\/exceladvisor.org\/wp-content\/uploads\/2023\/08\/3-moyensi-pour-ignorer-les-erreurs.png\" sizes=\"auto, \" srcset=\"\" alt=\"erros m\u00e9dios para ignorar\" width=\"576\" height=\"413\"><\/figure><\/div><p> Nesta f\u00f3rmula, usamos maior que 0 nos crit\u00e9rios. Quando voc\u00ea faz isso, o Excel se refere apenas aos n\u00fameros do intervalo e calcula a m\u00e9dia apenas das c\u00e9lulas com n\u00fameros.<\/p><h2 class=\"wp-block-heading\"> Use AGGREGATE para ignorar erros ao calcular a m\u00e9dia dos valores<\/h2><p> AGGREGATE \u00e9 uma nova fun\u00e7\u00e3o que pode ajud\u00e1-lo a calcular a m\u00e9dia de valores, mas com esta fun\u00e7\u00e3o voc\u00ea tem a capacidade de ignorar erros de intervalo. <\/p><div class=\"wp-block-image\"><figure class=\"aligncenter size-full is-resized\"><img loading=\"lazy\" decoding=\"async\" class=\"wp-image-79259\" src=\"https:\/\/exceladvisor.org\/wp-content\/uploads\/2023\/08\/4-agregat-pour-ignorer-les-erreurs.png\" sizes=\"auto, \" srcset=\"\" alt=\"agregado para ignorar erros\" width=\"459\" height=\"433\"><\/figure><\/div><p> No primeiro argumento da fun\u00e7\u00e3o, voc\u00ea deve usar o n\u00famero da fun\u00e7\u00e3o. Isso significa que se voc\u00ea deseja calcular a m\u00e9dia dos valores, selecione a fun\u00e7\u00e3o na lista. <\/p><div class=\"wp-block-image\"><figure class=\"aligncenter size-full is-resized\"><img loading=\"lazy\" decoding=\"async\" class=\"wp-image-79260\" src=\"https:\/\/exceladvisor.org\/wp-content\/uploads\/2023\/08\/5-premier-argument-de-la-fonction-dagregation.png\" sizes=\"auto, \" srcset=\"\" alt=\"primeiro argumento da fun\u00e7\u00e3o agregada\" width=\"597\" height=\"370\"><\/figure><\/div><p> Depois disso, no segundo argumento, selecione a op\u00e7\u00e3o de ignorar erros, ou apenas digite 6. <\/p><div class=\"wp-block-image\"><figure class=\"aligncenter size-full is-resized\"><img loading=\"lazy\" decoding=\"async\" class=\"wp-image-79261\" src=\"https:\/\/exceladvisor.org\/wp-content\/uploads\/2023\/08\/6-options-de-selection-pour-ignorer-les-erreurs.png\" sizes=\"auto, \" srcset=\"\" alt=\"selecione op\u00e7\u00f5es para ignorar erros\" width=\"739\" height=\"295\"><\/figure><\/div><p> Agora no terceiro argumento consulte o intervalo onde voc\u00ea tem valores m\u00e9dios. <\/p><div class=\"wp-block-image\"><figure class=\"aligncenter size-full is-resized\"><img loading=\"lazy\" decoding=\"async\" class=\"wp-image-79262\" src=\"https:\/\/exceladvisor.org\/wp-content\/uploads\/2023\/08\/7-se-referer-a-la-gamme.png\" sizes=\"auto, \" srcset=\"\" alt=\"consulte a faixa\" width=\"579\" height=\"387\"><\/figure><\/div><p> Ao final, pressione Enter para obter o resultado na c\u00e9lula. <\/p><div class=\"gb-container gb-container-52dfcee1 gb-container-sample-file\"><h2 class=\"gb-headline gb-headline-e289c143 gb-headline-text gb-headline-4f7959c2\"> Obtenha o arquivo Excel<\/h2><p> <a class=\"gb-button gb-button-e88d6bee gb-button-text gb-button-button1\" href=\"https:\/\/exceladvisor.org\/wp-content\/uploads\/2023\/08\/moyenne-des-erreurs-ignorees.xlsx\" rel=\"nofollow\">Download<\/a><\/p><\/div><div class=\"gb-container gb-container-0df56012 gb-container-mt\"> <a class=\"gb-button gb-button-f9f432f4 gb-button-text gb-button-mt-button\" href=\"https:\/\/exceladvisor.org\/pt\/formulas\/\">Lista de f\u00f3rmulas do Excel<\/a><h2 class=\"gb-headline gb-headline-233444e8 gb-headline-text gb-headline-mt-heading\"> F\u00f3rmulas relacionadas <\/h2><div class=\"gb-grid-wrapper gb-grid-wrapper-a16fa65c gb-grid-wrapper-mt-grid\"><div class=\"gb-grid-column gb-grid-column-50d07e0d\"><div class=\"gb-container gb-container-50d07e0d\"><ul><li> <a href=\"https:\/\/exceladvisor.org\/pt\/valores-maximos-medios\/\">M\u00e9dia dos 5 valores mais altos do Excel<\/a><\/li><li> <a href=\"https:\/\/exceladvisor.org\/pt\/media-ponderada\/\">Calcular m\u00e9dia ponderada no Excel<\/a><\/li><li> <a href=\"https:\/\/exceladvisor.org\/pt\/a-media-exclui-zeros-2\/\">N\u00famero m\u00e9dio, mas exclui zeros<\/a><\/li><li> <a href=\"https:\/\/exceladvisor.org\/pt\/media-de-celulas-nao-vazias-2\/\">M\u00e9dia apenas de c\u00e9lulas n\u00e3o vazias<\/a><\/li><li> <a href=\"https:\/\/exceladvisor.org\/pt\/porcentagem-media-2\/\">Calcule a m\u00e9dia dos valores percentuais<\/a> <\/li><\/ul><\/div><\/div><div class=\"gb-grid-column gb-grid-column-5b4a0cf9\"><div class=\"gb-container gb-container-5b4a0cf9\"><\/div><\/div><\/div><\/div>","protected":false},"excerpt":{"rendered":"","protected":false},"author":1,"featured_media":0,"parent":0,"menu_order":0,"comment_status":"open","ping_status":"closed","template":"","meta":{"ub_ctt_via":"","footnotes":""},"class_list":["post-228","page","type-page","status-publish","hentry"],"featured_image_src":null,"yoast_head":"<!-- This site is optimized with the Yoast SEO plugin v25.4 - https:\/\/yoast.com\/wordpress\/plugins\/seo\/ -->\n<title>\u25b7 Como corrigir erros de m\u00e9dia no Excel?<\/title>\n<meta name=\"description\" content=\"Neste tutorial aprenderemos como escrever uma f\u00f3rmula para calcular a m\u00e9dia, mas tamb\u00e9m ignorar erros ao calcul\u00e1-la.\" \/>\n<meta name=\"robots\" content=\"index, follow, max-snippet:-1, max-image-preview:large, max-video-preview:-1\" \/>\n<link rel=\"canonical\" href=\"https:\/\/exceladvisor.org\/pt\/media-de-erros-ignorados-2\/\" \/>\n<meta property=\"og:locale\" content=\"pt_PT\" \/>\n<meta property=\"og:type\" content=\"article\" \/>\n<meta property=\"og:title\" content=\"\u25b7 Como corrigir erros de m\u00e9dia no Excel?\" \/>\n<meta property=\"og:description\" content=\"Neste tutorial aprenderemos como escrever uma f\u00f3rmula para calcular a m\u00e9dia, mas tamb\u00e9m ignorar erros ao calcul\u00e1-la.\" \/>\n<meta property=\"og:url\" content=\"https:\/\/exceladvisor.org\/pt\/media-de-erros-ignorados-2\/\" \/>\n<meta property=\"og:site_name\" content=\"Excel Advisor\" \/>\n<meta property=\"article:modified_time\" content=\"2023-12-06T11:36:32+00:00\" \/>\n<meta property=\"og:image\" content=\"https:\/\/exceladvisor.org\/wp-content\/uploads\/2023\/08\/1-na-erreur-dans-la-cellule.png\" \/>\n<meta name=\"twitter:card\" content=\"summary_large_image\" \/>\n<meta name=\"twitter:label1\" content=\"Tempo estimado de leitura\" \/>\n\t<meta name=\"twitter:data1\" content=\"2 minutos\" \/>\n<script type=\"application\/ld+json\" class=\"yoast-schema-graph\">{\"@context\":\"https:\/\/schema.org\",\"@graph\":[{\"@type\":\"WebPage\",\"@id\":\"https:\/\/exceladvisor.org\/pt\/media-de-erros-ignorados-2\/\",\"url\":\"https:\/\/exceladvisor.org\/pt\/media-de-erros-ignorados-2\/\",\"name\":\"\u25b7 Como corrigir erros de m\u00e9dia no Excel?\",\"isPartOf\":{\"@id\":\"https:\/\/exceladvisor.org\/pt\/#website\"},\"primaryImageOfPage\":{\"@id\":\"https:\/\/exceladvisor.org\/pt\/media-de-erros-ignorados-2\/#primaryimage\"},\"image\":{\"@id\":\"https:\/\/exceladvisor.org\/pt\/media-de-erros-ignorados-2\/#primaryimage\"},\"thumbnailUrl\":\"https:\/\/exceladvisor.org\/wp-content\/uploads\/2023\/08\/1-na-erreur-dans-la-cellule.png\",\"datePublished\":\"2023-11-10T17:43:55+00:00\",\"dateModified\":\"2023-12-06T11:36:32+00:00\",\"description\":\"Neste tutorial aprenderemos como escrever uma f\u00f3rmula para calcular a m\u00e9dia, mas tamb\u00e9m ignorar erros ao calcul\u00e1-la.\",\"breadcrumb\":{\"@id\":\"https:\/\/exceladvisor.org\/pt\/media-de-erros-ignorados-2\/#breadcrumb\"},\"inLanguage\":\"pt-PT\",\"potentialAction\":[{\"@type\":\"ReadAction\",\"target\":[\"https:\/\/exceladvisor.org\/pt\/media-de-erros-ignorados-2\/\"]}]},{\"@type\":\"ImageObject\",\"inLanguage\":\"pt-PT\",\"@id\":\"https:\/\/exceladvisor.org\/pt\/media-de-erros-ignorados-2\/#primaryimage\",\"url\":\"https:\/\/exceladvisor.org\/wp-content\/uploads\/2023\/08\/1-na-erreur-dans-la-cellule.png\",\"contentUrl\":\"https:\/\/exceladvisor.org\/wp-content\/uploads\/2023\/08\/1-na-erreur-dans-la-cellule.png\"},{\"@type\":\"BreadcrumbList\",\"@id\":\"https:\/\/exceladvisor.org\/pt\/media-de-erros-ignorados-2\/#breadcrumb\",\"itemListElement\":[{\"@type\":\"ListItem\",\"position\":1,\"name\":\"Lar\",\"item\":\"https:\/\/exceladvisor.org\/pt\/\"},{\"@type\":\"ListItem\",\"position\":2,\"name\":\"Como corrigir erros de m\u00e9dia no excel?\"}]},{\"@type\":\"WebSite\",\"@id\":\"https:\/\/exceladvisor.org\/pt\/#website\",\"url\":\"https:\/\/exceladvisor.org\/pt\/\",\"name\":\"Excel Advisor\",\"description\":\"O seu guia definitivo para dominar os dados!\",\"publisher\":{\"@id\":\"https:\/\/exceladvisor.org\/pt\/#organization\"},\"potentialAction\":[{\"@type\":\"SearchAction\",\"target\":{\"@type\":\"EntryPoint\",\"urlTemplate\":\"https:\/\/exceladvisor.org\/pt\/?s={search_term_string}\"},\"query-input\":{\"@type\":\"PropertyValueSpecification\",\"valueRequired\":true,\"valueName\":\"search_term_string\"}}],\"inLanguage\":\"pt-PT\"},{\"@type\":\"Organization\",\"@id\":\"https:\/\/exceladvisor.org\/pt\/#organization\",\"name\":\"Excel Advisor\",\"url\":\"https:\/\/exceladvisor.org\/pt\/\",\"logo\":{\"@type\":\"ImageObject\",\"inLanguage\":\"pt-PT\",\"@id\":\"https:\/\/exceladvisor.org\/pt\/#\/schema\/logo\/image\/\",\"url\":\"https:\/\/exceladvisor.org\/pt\/wp-content\/uploads\/2023\/12\/exceladvisor.org_.png\",\"contentUrl\":\"https:\/\/exceladvisor.org\/pt\/wp-content\/uploads\/2023\/12\/exceladvisor.org_.png\",\"width\":105,\"height\":36,\"caption\":\"Excel Advisor\"},\"image\":{\"@id\":\"https:\/\/exceladvisor.org\/pt\/#\/schema\/logo\/image\/\"}}]}<\/script>\n<!-- \/ Yoast SEO plugin. -->","yoast_head_json":{"title":"\u25b7 Como corrigir erros de m\u00e9dia no Excel?","description":"Neste tutorial aprenderemos como escrever uma f\u00f3rmula para calcular a m\u00e9dia, mas tamb\u00e9m ignorar erros ao calcul\u00e1-la.","robots":{"index":"index","follow":"follow","max-snippet":"max-snippet:-1","max-image-preview":"max-image-preview:large","max-video-preview":"max-video-preview:-1"},"canonical":"https:\/\/exceladvisor.org\/pt\/media-de-erros-ignorados-2\/","og_locale":"pt_PT","og_type":"article","og_title":"\u25b7 Como corrigir erros de m\u00e9dia no Excel?","og_description":"Neste tutorial aprenderemos como escrever uma f\u00f3rmula para calcular a m\u00e9dia, mas tamb\u00e9m ignorar erros ao calcul\u00e1-la.","og_url":"https:\/\/exceladvisor.org\/pt\/media-de-erros-ignorados-2\/","og_site_name":"Excel Advisor","article_modified_time":"2023-12-06T11:36:32+00:00","og_image":[{"url":"https:\/\/exceladvisor.org\/wp-content\/uploads\/2023\/08\/1-na-erreur-dans-la-cellule.png","type":"","width":"","height":""}],"twitter_card":"summary_large_image","twitter_misc":{"Tempo estimado de leitura":"2 minutos"},"schema":{"@context":"https:\/\/schema.org","@graph":[{"@type":"WebPage","@id":"https:\/\/exceladvisor.org\/pt\/media-de-erros-ignorados-2\/","url":"https:\/\/exceladvisor.org\/pt\/media-de-erros-ignorados-2\/","name":"\u25b7 Como corrigir erros de m\u00e9dia no Excel?","isPartOf":{"@id":"https:\/\/exceladvisor.org\/pt\/#website"},"primaryImageOfPage":{"@id":"https:\/\/exceladvisor.org\/pt\/media-de-erros-ignorados-2\/#primaryimage"},"image":{"@id":"https:\/\/exceladvisor.org\/pt\/media-de-erros-ignorados-2\/#primaryimage"},"thumbnailUrl":"https:\/\/exceladvisor.org\/wp-content\/uploads\/2023\/08\/1-na-erreur-dans-la-cellule.png","datePublished":"2023-11-10T17:43:55+00:00","dateModified":"2023-12-06T11:36:32+00:00","description":"Neste tutorial aprenderemos como escrever uma f\u00f3rmula para calcular a m\u00e9dia, mas tamb\u00e9m ignorar erros ao calcul\u00e1-la.","breadcrumb":{"@id":"https:\/\/exceladvisor.org\/pt\/media-de-erros-ignorados-2\/#breadcrumb"},"inLanguage":"pt-PT","potentialAction":[{"@type":"ReadAction","target":["https:\/\/exceladvisor.org\/pt\/media-de-erros-ignorados-2\/"]}]},{"@type":"ImageObject","inLanguage":"pt-PT","@id":"https:\/\/exceladvisor.org\/pt\/media-de-erros-ignorados-2\/#primaryimage","url":"https:\/\/exceladvisor.org\/wp-content\/uploads\/2023\/08\/1-na-erreur-dans-la-cellule.png","contentUrl":"https:\/\/exceladvisor.org\/wp-content\/uploads\/2023\/08\/1-na-erreur-dans-la-cellule.png"},{"@type":"BreadcrumbList","@id":"https:\/\/exceladvisor.org\/pt\/media-de-erros-ignorados-2\/#breadcrumb","itemListElement":[{"@type":"ListItem","position":1,"name":"Lar","item":"https:\/\/exceladvisor.org\/pt\/"},{"@type":"ListItem","position":2,"name":"Como corrigir erros de m\u00e9dia no excel?"}]},{"@type":"WebSite","@id":"https:\/\/exceladvisor.org\/pt\/#website","url":"https:\/\/exceladvisor.org\/pt\/","name":"Excel Advisor","description":"O seu guia definitivo para dominar os dados!","publisher":{"@id":"https:\/\/exceladvisor.org\/pt\/#organization"},"potentialAction":[{"@type":"SearchAction","target":{"@type":"EntryPoint","urlTemplate":"https:\/\/exceladvisor.org\/pt\/?s={search_term_string}"},"query-input":{"@type":"PropertyValueSpecification","valueRequired":true,"valueName":"search_term_string"}}],"inLanguage":"pt-PT"},{"@type":"Organization","@id":"https:\/\/exceladvisor.org\/pt\/#organization","name":"Excel Advisor","url":"https:\/\/exceladvisor.org\/pt\/","logo":{"@type":"ImageObject","inLanguage":"pt-PT","@id":"https:\/\/exceladvisor.org\/pt\/#\/schema\/logo\/image\/","url":"https:\/\/exceladvisor.org\/pt\/wp-content\/uploads\/2023\/12\/exceladvisor.org_.png","contentUrl":"https:\/\/exceladvisor.org\/pt\/wp-content\/uploads\/2023\/12\/exceladvisor.org_.png","width":105,"height":36,"caption":"Excel Advisor"},"image":{"@id":"https:\/\/exceladvisor.org\/pt\/#\/schema\/logo\/image\/"}}]}},"yoast_meta":{"yoast_wpseo_title":"","yoast_wpseo_metadesc":"","yoast_wpseo_canonical":""},"_links":{"self":[{"href":"https:\/\/exceladvisor.org\/pt\/wp-json\/wp\/v2\/pages\/228","targetHints":{"allow":["GET"]}}],"collection":[{"href":"https:\/\/exceladvisor.org\/pt\/wp-json\/wp\/v2\/pages"}],"about":[{"href":"https:\/\/exceladvisor.org\/pt\/wp-json\/wp\/v2\/types\/page"}],"author":[{"embeddable":true,"href":"https:\/\/exceladvisor.org\/pt\/wp-json\/wp\/v2\/users\/1"}],"replies":[{"embeddable":true,"href":"https:\/\/exceladvisor.org\/pt\/wp-json\/wp\/v2\/comments?post=228"}],"version-history":[{"count":1,"href":"https:\/\/exceladvisor.org\/pt\/wp-json\/wp\/v2\/pages\/228\/revisions"}],"predecessor-version":[{"id":964,"href":"https:\/\/exceladvisor.org\/pt\/wp-json\/wp\/v2\/pages\/228\/revisions\/964"}],"wp:attachment":[{"href":"https:\/\/exceladvisor.org\/pt\/wp-json\/wp\/v2\/media?parent=228"}],"curies":[{"name":"wp","href":"https:\/\/api.w.org\/{rel}","templated":true}]}}