{"id":229,"date":"2023-11-10T17:26:12","date_gmt":"2023-11-10T17:26:12","guid":{"rendered":"https:\/\/exceladvisor.org\/pt\/pesquisar-datas-v\/"},"modified":"2023-12-06T11:37:35","modified_gmt":"2023-12-06T11:37:35","slug":"pesquisar-datas-v","status":"publish","type":"page","link":"https:\/\/exceladvisor.org\/pt\/pesquisar-datas-v\/","title":{"rendered":"Como encontrar uma data a partir dos dados?"},"content":{"rendered":"<div class=\"excel-before-content-2\" id=\"excel-558396785\"><script type=\"text\/javascript\">\r\n\tatOptions = {\r\n\t\t'key' : 'c1158f160081d6540a8409e6925dab94',\r\n\t\t'format' : 'iframe',\r\n\t\t'height' : 250,\r\n\t\t'width' : 300,\r\n\t\t'params' : {}\r\n\t};\r\n<\/script>\r\n<script type=\"text\/javascript\" src=\"\/\/www.highperformanceformat.com\/c1158f160081d6540a8409e6925dab94\/invoke.js\"><\/script><\/div><div class=\"excel-before-content\" id=\"excel-392820597\"><script type=\"text\/javascript\">\r\n\tatOptions = {\r\n\t\t'key' : 'c1158f160081d6540a8409e6925dab94',\r\n\t\t'format' : 'iframe',\r\n\t\t'height' : 250,\r\n\t\t'width' : 300,\r\n\t\t'params' : {}\r\n\t};\r\n<\/script>\r\n<script type=\"text\/javascript\" src=\"\/\/www.highperformanceformat.com\/c1158f160081d6540a8409e6925dab94\/invoke.js\"><\/script><\/div> <p>Voc\u00ea tamb\u00e9m pode usar VLOOKUP para pesquisar uma data a partir de data e obter um valor da mesma linha na coluna correspondente. Para fazer isso, voc\u00ea precisa especificar uma data em VLOOKUP ou tamb\u00e9m pode especific\u00e1-la diretamente nele. <\/p><div class=\"wp-block-image\"><figure class=\"aligncenter size-full is-resized\"><img loading=\"lazy\" decoding=\"async\" class=\"wp-image-79555\" src=\"https:\/\/exceladvisor.org\/wp-content\/uploads\/2023\/08\/1-vlookup-pour-une-date.png\" sizes=\"auto, \" srcset=\"\" alt=\"vlookup-para-um-encontro\" width=\"625\" height=\"401\"><\/figure><\/div><h2 class=\"wp-block-heading\"> Usando VLOOKUP com datas<\/h2><p> Voc\u00ea pode usar as etapas abaixo:<\/p><ol type=\"1\"><li> Primeiro insira a fun\u00e7\u00e3o VLOOKUP em uma c\u00e9lula.<\/li><li> Depois disso, no primeiro argumento, consulte a c\u00e9lula D2 onde voc\u00ea tem a data a pesquisar.<\/li><li> Agora, no segundo argumento, especifique o intervalo A1:B13.<\/li><li> Ent\u00e3o, no terceiro argumento, insira 2 porque deseja obter os valores da segunda coluna.<\/li><li> No final, no quarto argumento, insira 0 para executar o argumento exato. <\/li><\/ol><div class=\"wp-block-image\"><figure class=\"aligncenter size-full is-resized\"><img loading=\"lazy\" decoding=\"async\" class=\"wp-image-79556\" src=\"https:\/\/exceladvisor.org\/wp-content\/uploads\/2023\/08\/2-utiliser-vlookup-avec-des-dates.png\" sizes=\"auto, \" srcset=\"\" alt=\"use-vlookup-com-datas\" width=\"713\" height=\"384\"><\/figure><\/div><pre class=\"wp-block-code\"> <code class=\"language-excel-formula\" lang=\"excel-formula\">=VLOOKUP(VALUE(D2),A1:B13,2,0)<\/code><\/pre><h2 class=\"wp-block-heading\"> Inserindo a data diretamente no VLOOKUP<\/h2><p> Voc\u00ea tamb\u00e9m pode inserir uma data diretamente na fun\u00e7\u00e3o. Veja o exemplo abaixo: <\/p><pre class=\"wp-block-code\"> <code class=\"language-excel-formula\" lang=\"excel-formula\">=VLOOKUP(DATEVALUE(\"02-Dec-2022\"),A1:B13,2,0)<\/code><\/pre><div class=\"wp-block-image\"><figure class=\"aligncenter size-full is-resized\"><img loading=\"lazy\" decoding=\"async\" class=\"wp-image-79557\" src=\"https:\/\/exceladvisor.org\/wp-content\/uploads\/2023\/08\/3-entrer-la-date-dans-la-fonction-vlookup.png\" sizes=\"auto, \" srcset=\"\" alt=\"insira a data na fun\u00e7\u00e3o vlookup\" width=\"697\" height=\"410\"><\/figure><\/div><h2 class=\"wp-block-heading\"> Pontos a serem observados<\/h2><ol type=\"1\"><li> O Excel armazena a data como um n\u00famero, e a data que voc\u00ea procura e as datas nos dados devem ser v\u00e1lidas de acordo com o c\u00f3digo de data e hora do Excel.<\/li><li> Se quiser inserir uma data na fun\u00e7\u00e3o, voc\u00ea precisa usar a fun\u00e7\u00e3o DATEVALUE para converter a data inserida em uma data v\u00e1lida do Excel. <\/li><\/ol><div class=\"gb-container gb-container-52dfcee1 gb-container-sample-file\"><h2 class=\"gb-headline gb-headline-e289c143 gb-headline-text gb-headline-4f7959c2\"> Obtenha o arquivo Excel<\/h2> <a class=\"gb-button gb-button-e88d6bee gb-button-text gb-button-button1\" href=\"https:\/\/exceladvisor.org\/wp-content\/uploads\/2023\/08\/date-de-recherche-v.xlsx\" rel=\"nofollow\">Download<\/a><\/div><div class=\"gb-container gb-container-0df56012 gb-container-mt\"> <a class=\"gb-button gb-button-f9f432f4 gb-button-text gb-button-mt-button\" href=\"https:\/\/exceladvisor.org\/pt\/formulas\/\">Lista de f\u00f3rmulas do Excel<\/a><h2 class=\"gb-headline gb-headline-233444e8 gb-headline-text gb-headline-mt-heading\"> F\u00f3rmulas relacionadas <\/h2><div class=\"gb-grid-wrapper gb-grid-wrapper-a16fa65c gb-grid-wrapper-mt-grid\"><div class=\"gb-grid-column gb-grid-column-50d07e0d\"><div class=\"gb-container gb-container-50d07e0d\"><ul><li> <a href=\"https:\/\/exceladvisor.org\/pt\/iferror-vlookup\/\">IFERROR com VLOOKUP no Excel para substituir #N\/A no Excel<\/a><\/li><li> <a href=\"https:\/\/exceladvisor.org\/pt\/pesquisa-bidirecional\/\">Execute uma pesquisa bidirecional no Excel<\/a><\/li><li> <a href=\"https:\/\/exceladvisor.org\/pt\/pesquisa-reversa\/\">PROCV invertido (para tr\u00e1s: da direita para a esquerda) no Excel<\/a><\/li><li> <a href=\"https:\/\/exceladvisor.org\/pt\/correspondencia-vsearch\/\">Combinando VLOOKUP MATCH no Excel<\/a><\/li><li> <a href=\"https:\/\/exceladvisor.org\/pt\/vlookup-varios-criterios\/\">VLOOKUP com v\u00e1rios crit\u00e9rios no Excel<\/a><\/li><li> <a href=\"https:\/\/exceladvisor.org\/pt\/curingas-com-vlookup\/\">Curingas com VLOOKUP no Excel<\/a> <\/li><\/ul><\/div><\/div><div class=\"gb-grid-column gb-grid-column-5b4a0cf9\"><div class=\"gb-container gb-container-5b4a0cf9\"><\/div><\/div><\/div><\/div>","protected":false},"excerpt":{"rendered":"","protected":false},"author":1,"featured_media":0,"parent":0,"menu_order":0,"comment_status":"open","ping_status":"closed","template":"","meta":{"ub_ctt_via":"","footnotes":""},"class_list":["post-229","page","type-page","status-publish","hentry"],"featured_image_src":null,"yoast_head":"<!-- This site is optimized with the Yoast SEO plugin v25.4 - https:\/\/yoast.com\/wordpress\/plugins\/seo\/ -->\n<title>[PROCV] Como encontrar uma data a partir dos dados?<\/title>\n<meta name=\"description\" content=\"Neste tutorial, aprenderemos como escrever uma f\u00f3rmula em PROCV para uma data a partir de dados do Excel. Vamos verificar isso\u2026\" \/>\n<meta name=\"robots\" content=\"index, follow, max-snippet:-1, max-image-preview:large, max-video-preview:-1\" \/>\n<link rel=\"canonical\" href=\"https:\/\/exceladvisor.org\/pt\/pesquisar-datas-v\/\" \/>\n<meta property=\"og:locale\" content=\"pt_PT\" \/>\n<meta property=\"og:type\" content=\"article\" \/>\n<meta property=\"og:title\" content=\"[PROCV] Como encontrar uma data a partir dos dados?\" \/>\n<meta property=\"og:description\" content=\"Neste tutorial, aprenderemos como escrever uma f\u00f3rmula em PROCV para uma data a partir de dados do Excel. Vamos verificar isso\u2026\" \/>\n<meta property=\"og:url\" content=\"https:\/\/exceladvisor.org\/pt\/pesquisar-datas-v\/\" \/>\n<meta property=\"og:site_name\" content=\"Excel Advisor\" \/>\n<meta property=\"article:modified_time\" content=\"2023-12-06T11:37:35+00:00\" \/>\n<meta property=\"og:image\" content=\"https:\/\/exceladvisor.org\/wp-content\/uploads\/2023\/08\/1-vlookup-pour-une-date.png\" \/>\n<meta name=\"twitter:card\" content=\"summary_large_image\" \/>\n<meta name=\"twitter:label1\" content=\"Tempo estimado de leitura\" \/>\n\t<meta name=\"twitter:data1\" content=\"1 minuto\" \/>\n<script type=\"application\/ld+json\" class=\"yoast-schema-graph\">{\"@context\":\"https:\/\/schema.org\",\"@graph\":[{\"@type\":\"WebPage\",\"@id\":\"https:\/\/exceladvisor.org\/pt\/pesquisar-datas-v\/\",\"url\":\"https:\/\/exceladvisor.org\/pt\/pesquisar-datas-v\/\",\"name\":\"[PROCV] Como encontrar uma data a partir dos dados?\",\"isPartOf\":{\"@id\":\"https:\/\/exceladvisor.org\/pt\/#website\"},\"primaryImageOfPage\":{\"@id\":\"https:\/\/exceladvisor.org\/pt\/pesquisar-datas-v\/#primaryimage\"},\"image\":{\"@id\":\"https:\/\/exceladvisor.org\/pt\/pesquisar-datas-v\/#primaryimage\"},\"thumbnailUrl\":\"https:\/\/exceladvisor.org\/wp-content\/uploads\/2023\/08\/1-vlookup-pour-une-date.png\",\"datePublished\":\"2023-11-10T17:26:12+00:00\",\"dateModified\":\"2023-12-06T11:37:35+00:00\",\"description\":\"Neste tutorial, aprenderemos como escrever uma f\u00f3rmula em PROCV para uma data a partir de dados do Excel. Vamos verificar isso\u2026\",\"breadcrumb\":{\"@id\":\"https:\/\/exceladvisor.org\/pt\/pesquisar-datas-v\/#breadcrumb\"},\"inLanguage\":\"pt-PT\",\"potentialAction\":[{\"@type\":\"ReadAction\",\"target\":[\"https:\/\/exceladvisor.org\/pt\/pesquisar-datas-v\/\"]}]},{\"@type\":\"ImageObject\",\"inLanguage\":\"pt-PT\",\"@id\":\"https:\/\/exceladvisor.org\/pt\/pesquisar-datas-v\/#primaryimage\",\"url\":\"https:\/\/exceladvisor.org\/wp-content\/uploads\/2023\/08\/1-vlookup-pour-une-date.png\",\"contentUrl\":\"https:\/\/exceladvisor.org\/wp-content\/uploads\/2023\/08\/1-vlookup-pour-une-date.png\"},{\"@type\":\"BreadcrumbList\",\"@id\":\"https:\/\/exceladvisor.org\/pt\/pesquisar-datas-v\/#breadcrumb\",\"itemListElement\":[{\"@type\":\"ListItem\",\"position\":1,\"name\":\"Lar\",\"item\":\"https:\/\/exceladvisor.org\/pt\/\"},{\"@type\":\"ListItem\",\"position\":2,\"name\":\"Como encontrar uma data a partir dos dados?\"}]},{\"@type\":\"WebSite\",\"@id\":\"https:\/\/exceladvisor.org\/pt\/#website\",\"url\":\"https:\/\/exceladvisor.org\/pt\/\",\"name\":\"Excel Advisor\",\"description\":\"O seu guia definitivo para dominar os dados!\",\"publisher\":{\"@id\":\"https:\/\/exceladvisor.org\/pt\/#organization\"},\"potentialAction\":[{\"@type\":\"SearchAction\",\"target\":{\"@type\":\"EntryPoint\",\"urlTemplate\":\"https:\/\/exceladvisor.org\/pt\/?s={search_term_string}\"},\"query-input\":{\"@type\":\"PropertyValueSpecification\",\"valueRequired\":true,\"valueName\":\"search_term_string\"}}],\"inLanguage\":\"pt-PT\"},{\"@type\":\"Organization\",\"@id\":\"https:\/\/exceladvisor.org\/pt\/#organization\",\"name\":\"Excel Advisor\",\"url\":\"https:\/\/exceladvisor.org\/pt\/\",\"logo\":{\"@type\":\"ImageObject\",\"inLanguage\":\"pt-PT\",\"@id\":\"https:\/\/exceladvisor.org\/pt\/#\/schema\/logo\/image\/\",\"url\":\"https:\/\/exceladvisor.org\/pt\/wp-content\/uploads\/2023\/12\/exceladvisor.org_.png\",\"contentUrl\":\"https:\/\/exceladvisor.org\/pt\/wp-content\/uploads\/2023\/12\/exceladvisor.org_.png\",\"width\":105,\"height\":36,\"caption\":\"Excel Advisor\"},\"image\":{\"@id\":\"https:\/\/exceladvisor.org\/pt\/#\/schema\/logo\/image\/\"}}]}<\/script>\n<!-- \/ Yoast SEO plugin. -->","yoast_head_json":{"title":"[PROCV] Como encontrar uma data a partir dos dados?","description":"Neste tutorial, aprenderemos como escrever uma f\u00f3rmula em PROCV para uma data a partir de dados do Excel. Vamos verificar isso\u2026","robots":{"index":"index","follow":"follow","max-snippet":"max-snippet:-1","max-image-preview":"max-image-preview:large","max-video-preview":"max-video-preview:-1"},"canonical":"https:\/\/exceladvisor.org\/pt\/pesquisar-datas-v\/","og_locale":"pt_PT","og_type":"article","og_title":"[PROCV] Como encontrar uma data a partir dos dados?","og_description":"Neste tutorial, aprenderemos como escrever uma f\u00f3rmula em PROCV para uma data a partir de dados do Excel. Vamos verificar isso\u2026","og_url":"https:\/\/exceladvisor.org\/pt\/pesquisar-datas-v\/","og_site_name":"Excel Advisor","article_modified_time":"2023-12-06T11:37:35+00:00","og_image":[{"url":"https:\/\/exceladvisor.org\/wp-content\/uploads\/2023\/08\/1-vlookup-pour-une-date.png","type":"","width":"","height":""}],"twitter_card":"summary_large_image","twitter_misc":{"Tempo estimado de leitura":"1 minuto"},"schema":{"@context":"https:\/\/schema.org","@graph":[{"@type":"WebPage","@id":"https:\/\/exceladvisor.org\/pt\/pesquisar-datas-v\/","url":"https:\/\/exceladvisor.org\/pt\/pesquisar-datas-v\/","name":"[PROCV] Como encontrar uma data a partir dos dados?","isPartOf":{"@id":"https:\/\/exceladvisor.org\/pt\/#website"},"primaryImageOfPage":{"@id":"https:\/\/exceladvisor.org\/pt\/pesquisar-datas-v\/#primaryimage"},"image":{"@id":"https:\/\/exceladvisor.org\/pt\/pesquisar-datas-v\/#primaryimage"},"thumbnailUrl":"https:\/\/exceladvisor.org\/wp-content\/uploads\/2023\/08\/1-vlookup-pour-une-date.png","datePublished":"2023-11-10T17:26:12+00:00","dateModified":"2023-12-06T11:37:35+00:00","description":"Neste tutorial, aprenderemos como escrever uma f\u00f3rmula em PROCV para uma data a partir de dados do Excel. Vamos verificar isso\u2026","breadcrumb":{"@id":"https:\/\/exceladvisor.org\/pt\/pesquisar-datas-v\/#breadcrumb"},"inLanguage":"pt-PT","potentialAction":[{"@type":"ReadAction","target":["https:\/\/exceladvisor.org\/pt\/pesquisar-datas-v\/"]}]},{"@type":"ImageObject","inLanguage":"pt-PT","@id":"https:\/\/exceladvisor.org\/pt\/pesquisar-datas-v\/#primaryimage","url":"https:\/\/exceladvisor.org\/wp-content\/uploads\/2023\/08\/1-vlookup-pour-une-date.png","contentUrl":"https:\/\/exceladvisor.org\/wp-content\/uploads\/2023\/08\/1-vlookup-pour-une-date.png"},{"@type":"BreadcrumbList","@id":"https:\/\/exceladvisor.org\/pt\/pesquisar-datas-v\/#breadcrumb","itemListElement":[{"@type":"ListItem","position":1,"name":"Lar","item":"https:\/\/exceladvisor.org\/pt\/"},{"@type":"ListItem","position":2,"name":"Como encontrar uma data a partir dos dados?"}]},{"@type":"WebSite","@id":"https:\/\/exceladvisor.org\/pt\/#website","url":"https:\/\/exceladvisor.org\/pt\/","name":"Excel Advisor","description":"O seu guia definitivo para dominar os dados!","publisher":{"@id":"https:\/\/exceladvisor.org\/pt\/#organization"},"potentialAction":[{"@type":"SearchAction","target":{"@type":"EntryPoint","urlTemplate":"https:\/\/exceladvisor.org\/pt\/?s={search_term_string}"},"query-input":{"@type":"PropertyValueSpecification","valueRequired":true,"valueName":"search_term_string"}}],"inLanguage":"pt-PT"},{"@type":"Organization","@id":"https:\/\/exceladvisor.org\/pt\/#organization","name":"Excel Advisor","url":"https:\/\/exceladvisor.org\/pt\/","logo":{"@type":"ImageObject","inLanguage":"pt-PT","@id":"https:\/\/exceladvisor.org\/pt\/#\/schema\/logo\/image\/","url":"https:\/\/exceladvisor.org\/pt\/wp-content\/uploads\/2023\/12\/exceladvisor.org_.png","contentUrl":"https:\/\/exceladvisor.org\/pt\/wp-content\/uploads\/2023\/12\/exceladvisor.org_.png","width":105,"height":36,"caption":"Excel Advisor"},"image":{"@id":"https:\/\/exceladvisor.org\/pt\/#\/schema\/logo\/image\/"}}]}},"yoast_meta":{"yoast_wpseo_title":"","yoast_wpseo_metadesc":"","yoast_wpseo_canonical":""},"_links":{"self":[{"href":"https:\/\/exceladvisor.org\/pt\/wp-json\/wp\/v2\/pages\/229","targetHints":{"allow":["GET"]}}],"collection":[{"href":"https:\/\/exceladvisor.org\/pt\/wp-json\/wp\/v2\/pages"}],"about":[{"href":"https:\/\/exceladvisor.org\/pt\/wp-json\/wp\/v2\/types\/page"}],"author":[{"embeddable":true,"href":"https:\/\/exceladvisor.org\/pt\/wp-json\/wp\/v2\/users\/1"}],"replies":[{"embeddable":true,"href":"https:\/\/exceladvisor.org\/pt\/wp-json\/wp\/v2\/comments?post=229"}],"version-history":[{"count":1,"href":"https:\/\/exceladvisor.org\/pt\/wp-json\/wp\/v2\/pages\/229\/revisions"}],"predecessor-version":[{"id":1051,"href":"https:\/\/exceladvisor.org\/pt\/wp-json\/wp\/v2\/pages\/229\/revisions\/1051"}],"wp:attachment":[{"href":"https:\/\/exceladvisor.org\/pt\/wp-json\/wp\/v2\/media?parent=229"}],"curies":[{"name":"wp","href":"https:\/\/api.w.org\/{rel}","templated":true}]}}