{"id":230,"date":"2023-11-10T17:00:39","date_gmt":"2023-11-10T17:00:39","guid":{"rendered":"https:\/\/exceladvisor.org\/pt\/hora-atual-2\/"},"modified":"2023-12-06T11:38:36","modified_gmt":"2023-12-06T11:38:36","slug":"hora-atual-2","status":"publish","type":"page","link":"https:\/\/exceladvisor.org\/pt\/hora-atual-2\/","title":{"rendered":"Como obter a hora atual no excel?"},"content":{"rendered":"<div class=\"excel-before-content-2\" id=\"excel-2714778942\"><script type=\"text\/javascript\">\r\n\tatOptions = {\r\n\t\t'key' : 'c1158f160081d6540a8409e6925dab94',\r\n\t\t'format' : 'iframe',\r\n\t\t'height' : 250,\r\n\t\t'width' : 300,\r\n\t\t'params' : {}\r\n\t};\r\n<\/script>\r\n<script type=\"text\/javascript\" src=\"\/\/www.highperformanceformat.com\/c1158f160081d6540a8409e6925dab94\/invoke.js\"><\/script><\/div><div class=\"excel-before-content\" id=\"excel-982377474\"><script type=\"text\/javascript\">\r\n\tatOptions = {\r\n\t\t'key' : 'c1158f160081d6540a8409e6925dab94',\r\n\t\t'format' : 'iframe',\r\n\t\t'height' : 250,\r\n\t\t'width' : 300,\r\n\t\t'params' : {}\r\n\t};\r\n<\/script>\r\n<script type=\"text\/javascript\" src=\"\/\/www.highperformanceformat.com\/c1158f160081d6540a8409e6925dab94\/invoke.js\"><\/script><\/div> <p>Para obter a hora atual no Excel usando uma f\u00f3rmula, voc\u00ea precisa usar a fun\u00e7\u00e3o AGORA do Excel junto com a fun\u00e7\u00e3o TRUNC. Com essas duas fun\u00e7\u00f5es voc\u00ea pode obter a hora atual em uma c\u00e9lula. Mas voc\u00ea precisa entender que AGORA \u00e9 uma fun\u00e7\u00e3o vol\u00e1til que \u00e9 atualizada sempre que sua planilha \u00e9 atualizada. <\/p><div class=\"wp-block-image\"><figure class=\"aligncenter size-full is-resized\"><img loading=\"lazy\" decoding=\"async\" class=\"wp-image-79372\" src=\"https:\/\/exceladvisor.org\/wp-content\/uploads\/2023\/08\/1-heure-actuelle-dans-excel.png\" sizes=\"auto, \" srcset=\"\" alt=\"hora atual no Excel\" width=\"498\" height=\"302\"><\/figure><\/div><h2 class=\"wp-block-heading\"> F\u00f3rmula para obter a hora atual no Excel<\/h2><p> Voc\u00ea pode usar as seguintes etapas:<\/p><ol type=\"1\"><li> Primeiro, em uma c\u00e9lula, insira a fun\u00e7\u00e3o AGORA (agora voc\u00ea n\u00e3o precisa especificar nenhum argumento).<\/li><li> Em seguida, insira o operador menos.<\/li><li> Agora entre na fun\u00e7\u00e3o TRUNC.<\/li><li> Depois disso, em TRUNC, entre na fun\u00e7\u00e3o AGORA.<\/li><li> Ao final, feche a fun\u00e7\u00e3o TRUNC e pressione Enter para obter o resultado. <\/li><\/ol><div class=\"wp-block-image\"><figure class=\"aligncenter size-full is-resized\"><img loading=\"lazy\" decoding=\"async\" class=\"wp-image-79373\" src=\"https:\/\/exceladvisor.org\/wp-content\/uploads\/2023\/08\/2-formules-pour-obtenir-lheure-actuelle.png\" sizes=\"auto, \" srcset=\"\" alt=\"f\u00f3rmula para obter o tempo atual\" width=\"568\" height=\"278\"><\/figure><\/div><pre class=\"wp-block-code\"> <code class=\"language-excel-formula\" lang=\"excel-formula\">=NOW()-TRUNC(NOW())<\/code><\/pre><h2 class=\"wp-block-heading\"> Como funciona essa f\u00f3rmula?<\/h2><p> O Excel armazena uma data como um n\u00famero inteiro e a hora como um valor decimal. Agora, quando voc\u00ea insere a fun\u00e7\u00e3o AGORA em uma c\u00e9lula, ela retorna a data e hora atuais. <\/p><div class=\"wp-block-image\"><figure class=\"aligncenter size-full is-resized\"><img loading=\"lazy\" decoding=\"async\" class=\"wp-image-79374\" src=\"https:\/\/exceladvisor.org\/wp-content\/uploads\/2023\/08\/3-formule-maintenant.png\" sizes=\"auto, \" srcset=\"\" alt=\"f\u00f3rmula agora\" width=\"679\" height=\"190\"><\/figure><\/div><p> Mas, para entender essa f\u00f3rmula, \u00e9 preciso dividi-la em duas partes. <\/p><div class=\"wp-block-image\"><figure class=\"aligncenter size-full is-resized\"><img loading=\"lazy\" decoding=\"async\" class=\"wp-image-79375\" src=\"https:\/\/exceladvisor.org\/wp-content\/uploads\/2023\/08\/4-formule-maintenant-et-tronc.png\" sizes=\"auto, \" srcset=\"\" alt=\"f\u00f3rmula agora e trunc\" width=\"551\" height=\"158\"><\/figure><\/div><p> Na primeira parte temos a fun\u00e7\u00e3o AGORA que retorna a data e hora atuais (data em n\u00famero inteiro e hora em decimal). <\/p><div class=\"wp-block-image\"><figure class=\"aligncenter size-full is-resized\"><img loading=\"lazy\" decoding=\"async\" class=\"wp-image-79376\" src=\"https:\/\/exceladvisor.org\/wp-content\/uploads\/2023\/08\/5-premiere-partie-a-maintenant-la-formule.png\" sizes=\"auto, \" srcset=\"\" alt=\"a-primeira-parte-agora-tem-a-f\u00f3rmula\" width=\"558\" height=\"218\"><\/figure><\/div><p> Na segunda parte temos novamente a fun\u00e7\u00e3o NOW mas envolvida em TRUNC. A fun\u00e7\u00e3o TRUNC remove toda a parte dos valores retornados por NOW. <\/p><div class=\"wp-block-image\"><figure class=\"aligncenter size-full is-resized\"><img loading=\"lazy\" decoding=\"async\" class=\"wp-image-79377\" src=\"https:\/\/exceladvisor.org\/wp-content\/uploads\/2023\/08\/6-deuxieme-partie-a-une-formule-tronconique.png\" sizes=\"auto, \" srcset=\"\" alt=\"f\u00f3rmula da segunda parte do tronco\" width=\"511\" height=\"272\"><\/figure><\/div><p> A partir do resultado da primeira parte, voc\u00ea tem a data e a hora. E do resultado da segunda parte voc\u00ea s\u00f3 tem a data. E \u00e9 por isso que voc\u00ea s\u00f3 obt\u00e9m tempo no resultado quando est\u00e1 a um segundo do primeiro. <\/p><div class=\"wp-block-image\"><figure class=\"aligncenter size-full is-resized\"><img loading=\"lazy\" decoding=\"async\" class=\"wp-image-79378\" src=\"https:\/\/exceladvisor.org\/wp-content\/uploads\/2023\/08\/7-date-et-heure-moins-date-egale-a-lheure.png\" sizes=\"auto, \" srcset=\"\" alt=\"data e hora menos data \u00e9 igual a hora\" width=\"482\" height=\"106\"><\/figure><\/div><h2 class=\"wp-block-heading\"> Pontos importantes<\/h2><ul><li> AGORA \u00e9 uma fun\u00e7\u00e3o vol\u00e1til e mudar\u00e1 quando voc\u00ea atualizar algo em sua planilha. Voc\u00ea tamb\u00e9m pode converter a f\u00f3rmula em valor usando copiar e colar especial.<\/li><li> AGORA mostra a hora com base em que horas voc\u00ea est\u00e1 em seu sistema. <\/li><\/ul><div class=\"gb-container gb-container-52dfcee1 gb-container-sample-file\"><h2 class=\"gb-headline gb-headline-e289c143 gb-headline-text gb-headline-4f7959c2\"> Obtenha o arquivo Excel<\/h2><p> <a class=\"gb-button gb-button-e88d6bee gb-button-text gb-button-button1\" href=\"https:\/\/exceladvisor.org\/wp-content\/uploads\/2023\/08\/heure-actuelle.xlsx\" rel=\"nofollow\">Download<\/a> <\/p><\/div><div class=\"wp-block-group more-tutorials is-layout-flow\"><div class=\"wp-block-group__inner-container\"><h2 class=\"wp-block-heading\"> Mais f\u00f3rmulas<\/h2><ul><li> <a href=\"https:\/\/exceladvisor.org\/pt\/adicione-horas-no-tempo\/\">Adicione horas ao tempo no Excel<\/a><\/li><li> <a href=\"https:\/\/exceladvisor.org\/pt\/adicione-minutos-ao-tempo\/\">Adicione minutos ao tempo no Excel<\/a><\/li><li> <a href=\"https:\/\/exceladvisor.org\/pt\/calcular-diferenca-horaria\/\">Calcule a diferen\u00e7a de tempo entre duas horas no Excel<\/a><\/li><li> <a href=\"https:\/\/exceladvisor.org\/pt\/alterar-formato-de-hora\/\">Alterar o formato da hora no Excel<\/a><\/li><li> <a href=\"https:\/\/exceladvisor.org\/pt\/tempo-militar\/\">Hor\u00e1rio militar (obter e subtrair) no Excel<\/a><\/li><li> <a href=\"https:\/\/exceladvisor.org\/pt\/data-e-hora-separadas-2\/\">Data e hora separadas no Excel<\/a><\/li><\/ul><p> \u21e0 Voltar \u00e0 <a href=\"https:\/\/exceladvisor.org\/pt\/formulas\/\">lista de mais de 100 f\u00f3rmulas do Excel (b\u00e1sico + avan\u00e7ado)<\/a><\/p><\/div><\/div>","protected":false},"excerpt":{"rendered":"","protected":false},"author":1,"featured_media":0,"parent":0,"menu_order":0,"comment_status":"open","ping_status":"closed","template":"","meta":{"ub_ctt_via":"","footnotes":""},"class_list":["post-230","page","type-page","status-publish","hentry"],"featured_image_src":null,"yoast_head":"<!-- This site is optimized with the Yoast SEO plugin v25.4 - https:\/\/yoast.com\/wordpress\/plugins\/seo\/ -->\n<title>Como obter a hora atual no Excel? - Consultor Excel<\/title>\n<meta name=\"description\" content=\"Este tutorial nos ensinar\u00e1 como escrever uma f\u00f3rmula Excel para obter a hora atual em uma c\u00e9lula. Vamos verificar isso\u2026\" \/>\n<meta name=\"robots\" content=\"index, follow, max-snippet:-1, max-image-preview:large, max-video-preview:-1\" \/>\n<link rel=\"canonical\" href=\"https:\/\/exceladvisor.org\/pt\/hora-atual-2\/\" \/>\n<meta property=\"og:locale\" content=\"pt_PT\" \/>\n<meta property=\"og:type\" content=\"article\" \/>\n<meta property=\"og:title\" content=\"Como obter a hora atual no Excel? - Consultor Excel\" \/>\n<meta property=\"og:description\" content=\"Este tutorial nos ensinar\u00e1 como escrever uma f\u00f3rmula Excel para obter a hora atual em uma c\u00e9lula. Vamos verificar isso\u2026\" \/>\n<meta property=\"og:url\" content=\"https:\/\/exceladvisor.org\/pt\/hora-atual-2\/\" \/>\n<meta property=\"og:site_name\" content=\"Excel Advisor\" \/>\n<meta property=\"article:modified_time\" content=\"2023-12-06T11:38:36+00:00\" \/>\n<meta property=\"og:image\" content=\"https:\/\/exceladvisor.org\/wp-content\/uploads\/2023\/08\/1-heure-actuelle-dans-excel.png\" \/>\n<meta name=\"twitter:card\" content=\"summary_large_image\" \/>\n<meta name=\"twitter:label1\" content=\"Tempo estimado de leitura\" \/>\n\t<meta name=\"twitter:data1\" content=\"2 minutos\" \/>\n<script type=\"application\/ld+json\" class=\"yoast-schema-graph\">{\"@context\":\"https:\/\/schema.org\",\"@graph\":[{\"@type\":\"WebPage\",\"@id\":\"https:\/\/exceladvisor.org\/pt\/hora-atual-2\/\",\"url\":\"https:\/\/exceladvisor.org\/pt\/hora-atual-2\/\",\"name\":\"Como obter a hora atual no Excel? - Consultor Excel\",\"isPartOf\":{\"@id\":\"https:\/\/exceladvisor.org\/pt\/#website\"},\"primaryImageOfPage\":{\"@id\":\"https:\/\/exceladvisor.org\/pt\/hora-atual-2\/#primaryimage\"},\"image\":{\"@id\":\"https:\/\/exceladvisor.org\/pt\/hora-atual-2\/#primaryimage\"},\"thumbnailUrl\":\"https:\/\/exceladvisor.org\/wp-content\/uploads\/2023\/08\/1-heure-actuelle-dans-excel.png\",\"datePublished\":\"2023-11-10T17:00:39+00:00\",\"dateModified\":\"2023-12-06T11:38:36+00:00\",\"description\":\"Este tutorial nos ensinar\u00e1 como escrever uma f\u00f3rmula Excel para obter a hora atual em uma c\u00e9lula. Vamos verificar isso\u2026\",\"breadcrumb\":{\"@id\":\"https:\/\/exceladvisor.org\/pt\/hora-atual-2\/#breadcrumb\"},\"inLanguage\":\"pt-PT\",\"potentialAction\":[{\"@type\":\"ReadAction\",\"target\":[\"https:\/\/exceladvisor.org\/pt\/hora-atual-2\/\"]}]},{\"@type\":\"ImageObject\",\"inLanguage\":\"pt-PT\",\"@id\":\"https:\/\/exceladvisor.org\/pt\/hora-atual-2\/#primaryimage\",\"url\":\"https:\/\/exceladvisor.org\/wp-content\/uploads\/2023\/08\/1-heure-actuelle-dans-excel.png\",\"contentUrl\":\"https:\/\/exceladvisor.org\/wp-content\/uploads\/2023\/08\/1-heure-actuelle-dans-excel.png\"},{\"@type\":\"BreadcrumbList\",\"@id\":\"https:\/\/exceladvisor.org\/pt\/hora-atual-2\/#breadcrumb\",\"itemListElement\":[{\"@type\":\"ListItem\",\"position\":1,\"name\":\"Lar\",\"item\":\"https:\/\/exceladvisor.org\/pt\/\"},{\"@type\":\"ListItem\",\"position\":2,\"name\":\"Como obter a hora atual no excel?\"}]},{\"@type\":\"WebSite\",\"@id\":\"https:\/\/exceladvisor.org\/pt\/#website\",\"url\":\"https:\/\/exceladvisor.org\/pt\/\",\"name\":\"Excel Advisor\",\"description\":\"O seu guia definitivo para dominar os dados!\",\"publisher\":{\"@id\":\"https:\/\/exceladvisor.org\/pt\/#organization\"},\"potentialAction\":[{\"@type\":\"SearchAction\",\"target\":{\"@type\":\"EntryPoint\",\"urlTemplate\":\"https:\/\/exceladvisor.org\/pt\/?s={search_term_string}\"},\"query-input\":{\"@type\":\"PropertyValueSpecification\",\"valueRequired\":true,\"valueName\":\"search_term_string\"}}],\"inLanguage\":\"pt-PT\"},{\"@type\":\"Organization\",\"@id\":\"https:\/\/exceladvisor.org\/pt\/#organization\",\"name\":\"Excel Advisor\",\"url\":\"https:\/\/exceladvisor.org\/pt\/\",\"logo\":{\"@type\":\"ImageObject\",\"inLanguage\":\"pt-PT\",\"@id\":\"https:\/\/exceladvisor.org\/pt\/#\/schema\/logo\/image\/\",\"url\":\"https:\/\/exceladvisor.org\/pt\/wp-content\/uploads\/2023\/12\/exceladvisor.org_.png\",\"contentUrl\":\"https:\/\/exceladvisor.org\/pt\/wp-content\/uploads\/2023\/12\/exceladvisor.org_.png\",\"width\":105,\"height\":36,\"caption\":\"Excel Advisor\"},\"image\":{\"@id\":\"https:\/\/exceladvisor.org\/pt\/#\/schema\/logo\/image\/\"}}]}<\/script>\n<!-- \/ Yoast SEO plugin. -->","yoast_head_json":{"title":"Como obter a hora atual no Excel? - Consultor Excel","description":"Este tutorial nos ensinar\u00e1 como escrever uma f\u00f3rmula Excel para obter a hora atual em uma c\u00e9lula. Vamos verificar isso\u2026","robots":{"index":"index","follow":"follow","max-snippet":"max-snippet:-1","max-image-preview":"max-image-preview:large","max-video-preview":"max-video-preview:-1"},"canonical":"https:\/\/exceladvisor.org\/pt\/hora-atual-2\/","og_locale":"pt_PT","og_type":"article","og_title":"Como obter a hora atual no Excel? - Consultor Excel","og_description":"Este tutorial nos ensinar\u00e1 como escrever uma f\u00f3rmula Excel para obter a hora atual em uma c\u00e9lula. Vamos verificar isso\u2026","og_url":"https:\/\/exceladvisor.org\/pt\/hora-atual-2\/","og_site_name":"Excel Advisor","article_modified_time":"2023-12-06T11:38:36+00:00","og_image":[{"url":"https:\/\/exceladvisor.org\/wp-content\/uploads\/2023\/08\/1-heure-actuelle-dans-excel.png","type":"","width":"","height":""}],"twitter_card":"summary_large_image","twitter_misc":{"Tempo estimado de leitura":"2 minutos"},"schema":{"@context":"https:\/\/schema.org","@graph":[{"@type":"WebPage","@id":"https:\/\/exceladvisor.org\/pt\/hora-atual-2\/","url":"https:\/\/exceladvisor.org\/pt\/hora-atual-2\/","name":"Como obter a hora atual no Excel? - Consultor Excel","isPartOf":{"@id":"https:\/\/exceladvisor.org\/pt\/#website"},"primaryImageOfPage":{"@id":"https:\/\/exceladvisor.org\/pt\/hora-atual-2\/#primaryimage"},"image":{"@id":"https:\/\/exceladvisor.org\/pt\/hora-atual-2\/#primaryimage"},"thumbnailUrl":"https:\/\/exceladvisor.org\/wp-content\/uploads\/2023\/08\/1-heure-actuelle-dans-excel.png","datePublished":"2023-11-10T17:00:39+00:00","dateModified":"2023-12-06T11:38:36+00:00","description":"Este tutorial nos ensinar\u00e1 como escrever uma f\u00f3rmula Excel para obter a hora atual em uma c\u00e9lula. Vamos verificar isso\u2026","breadcrumb":{"@id":"https:\/\/exceladvisor.org\/pt\/hora-atual-2\/#breadcrumb"},"inLanguage":"pt-PT","potentialAction":[{"@type":"ReadAction","target":["https:\/\/exceladvisor.org\/pt\/hora-atual-2\/"]}]},{"@type":"ImageObject","inLanguage":"pt-PT","@id":"https:\/\/exceladvisor.org\/pt\/hora-atual-2\/#primaryimage","url":"https:\/\/exceladvisor.org\/wp-content\/uploads\/2023\/08\/1-heure-actuelle-dans-excel.png","contentUrl":"https:\/\/exceladvisor.org\/wp-content\/uploads\/2023\/08\/1-heure-actuelle-dans-excel.png"},{"@type":"BreadcrumbList","@id":"https:\/\/exceladvisor.org\/pt\/hora-atual-2\/#breadcrumb","itemListElement":[{"@type":"ListItem","position":1,"name":"Lar","item":"https:\/\/exceladvisor.org\/pt\/"},{"@type":"ListItem","position":2,"name":"Como obter a hora atual no excel?"}]},{"@type":"WebSite","@id":"https:\/\/exceladvisor.org\/pt\/#website","url":"https:\/\/exceladvisor.org\/pt\/","name":"Excel Advisor","description":"O seu guia definitivo para dominar os dados!","publisher":{"@id":"https:\/\/exceladvisor.org\/pt\/#organization"},"potentialAction":[{"@type":"SearchAction","target":{"@type":"EntryPoint","urlTemplate":"https:\/\/exceladvisor.org\/pt\/?s={search_term_string}"},"query-input":{"@type":"PropertyValueSpecification","valueRequired":true,"valueName":"search_term_string"}}],"inLanguage":"pt-PT"},{"@type":"Organization","@id":"https:\/\/exceladvisor.org\/pt\/#organization","name":"Excel Advisor","url":"https:\/\/exceladvisor.org\/pt\/","logo":{"@type":"ImageObject","inLanguage":"pt-PT","@id":"https:\/\/exceladvisor.org\/pt\/#\/schema\/logo\/image\/","url":"https:\/\/exceladvisor.org\/pt\/wp-content\/uploads\/2023\/12\/exceladvisor.org_.png","contentUrl":"https:\/\/exceladvisor.org\/pt\/wp-content\/uploads\/2023\/12\/exceladvisor.org_.png","width":105,"height":36,"caption":"Excel Advisor"},"image":{"@id":"https:\/\/exceladvisor.org\/pt\/#\/schema\/logo\/image\/"}}]}},"yoast_meta":{"yoast_wpseo_title":"","yoast_wpseo_metadesc":"","yoast_wpseo_canonical":""},"_links":{"self":[{"href":"https:\/\/exceladvisor.org\/pt\/wp-json\/wp\/v2\/pages\/230","targetHints":{"allow":["GET"]}}],"collection":[{"href":"https:\/\/exceladvisor.org\/pt\/wp-json\/wp\/v2\/pages"}],"about":[{"href":"https:\/\/exceladvisor.org\/pt\/wp-json\/wp\/v2\/types\/page"}],"author":[{"embeddable":true,"href":"https:\/\/exceladvisor.org\/pt\/wp-json\/wp\/v2\/users\/1"}],"replies":[{"embeddable":true,"href":"https:\/\/exceladvisor.org\/pt\/wp-json\/wp\/v2\/comments?post=230"}],"version-history":[{"count":1,"href":"https:\/\/exceladvisor.org\/pt\/wp-json\/wp\/v2\/pages\/230\/revisions"}],"predecessor-version":[{"id":1138,"href":"https:\/\/exceladvisor.org\/pt\/wp-json\/wp\/v2\/pages\/230\/revisions\/1138"}],"wp:attachment":[{"href":"https:\/\/exceladvisor.org\/pt\/wp-json\/wp\/v2\/media?parent=230"}],"curies":[{"name":"wp","href":"https:\/\/api.w.org\/{rel}","templated":true}]}}