{"id":231,"date":"2023-11-10T16:37:58","date_gmt":"2023-11-10T16:37:58","guid":{"rendered":"https:\/\/exceladvisor.org\/pt\/tempo-em-segundos-2\/"},"modified":"2023-12-06T11:35:49","modified_gmt":"2023-12-06T11:35:49","slug":"tempo-em-segundos-2","status":"publish","type":"page","link":"https:\/\/exceladvisor.org\/pt\/tempo-em-segundos-2\/","title":{"rendered":"Como converter o valor do tempo para segundos?"},"content":{"rendered":"<div class=\"excel-before-content-2\" id=\"excel-2584284860\"><script type=\"text\/javascript\">\r\n\tatOptions = {\r\n\t\t'key' : 'c1158f160081d6540a8409e6925dab94',\r\n\t\t'format' : 'iframe',\r\n\t\t'height' : 250,\r\n\t\t'width' : 300,\r\n\t\t'params' : {}\r\n\t};\r\n<\/script>\r\n<script type=\"text\/javascript\" src=\"\/\/www.highperformanceformat.com\/c1158f160081d6540a8409e6925dab94\/invoke.js\"><\/script><\/div><div class=\"excel-before-content\" id=\"excel-3076245170\"><script type=\"text\/javascript\">\r\n\tatOptions = {\r\n\t\t'key' : 'c1158f160081d6540a8409e6925dab94',\r\n\t\t'format' : 'iframe',\r\n\t\t'height' : 250,\r\n\t\t'width' : 300,\r\n\t\t'params' : {}\r\n\t};\r\n<\/script>\r\n<script type=\"text\/javascript\" src=\"\/\/www.highperformanceformat.com\/c1158f160081d6540a8409e6925dab94\/invoke.js\"><\/script><\/div> <p>Para converter uma hora no Excel para segundos, voc\u00ea precisa multiplicar esse valor por 86.400. Esse \u00e9 o n\u00famero total de segundos que temos em um \u00fanico dia, e o Excel armazena o tempo como decimais (1 \u00e9 igual a 24 horas). Agora, quando voc\u00ea multiplica o tempo pelo n\u00famero total de segundos, ele retorna o n\u00famero de segundos com base nesse tempo. <\/p><div class=\"wp-block-image\"><figure class=\"aligncenter size-full is-resized\"><img loading=\"lazy\" decoding=\"async\" class=\"wp-image-79546\" src=\"https:\/\/exceladvisor.org\/wp-content\/uploads\/2023\/08\/1-convertir-les-valeurs-de-temps-en-secondes.png\" sizes=\"auto, \" srcset=\"\" alt=\"converter valores de tempo em segundos\" width=\"518\" height=\"292\"><\/figure><\/div><h2 class=\"wp-block-heading\"> F\u00f3rmula para converter o tempo em segundos<\/h2><p> Voc\u00ea pode usar as etapas abaixo:<\/p><ol type=\"1\"><li> Primeiro insira o operador igual (=).<\/li><li> A seguir, consulte a c\u00e9lula onde voc\u00ea tem o valor do tempo.<\/li><li> Agora digite o asterisco para multiplicar.<\/li><li> Depois disso, digite 86400.<\/li><li> No final, pressione Enter para obter o resultado. <\/li><\/ol><div class=\"wp-block-image\"><figure class=\"aligncenter size-full is-resized\"><img loading=\"lazy\" decoding=\"async\" class=\"wp-image-79547\" src=\"https:\/\/exceladvisor.org\/wp-content\/uploads\/2023\/08\/2-formules-pour-convertir-le-temps-en-secondes.png\" sizes=\"auto, \" srcset=\"\" alt=\"f\u00f3rmula para converter tempo em segundos\" width=\"551\" height=\"264\"><\/figure><\/div><pre class=\"wp-block-code\"> <code class=\"language-excel-formula\" lang=\"excel-formula\">=A1*86400<\/code><\/pre><p> Depois de inserir a f\u00f3rmula acima em uma c\u00e9lula, voc\u00ea deve ter o formato de c\u00e9lula \u201c <strong>Geral<\/strong> \u201d, para que possa ter o valor num\u00e9rico na c\u00e9lula. <\/p><div class=\"wp-block-image\"><figure class=\"aligncenter size-full is-resized\"><img loading=\"lazy\" decoding=\"async\" class=\"wp-image-79548\" src=\"https:\/\/exceladvisor.org\/wp-content\/uploads\/2023\/08\/3-appliquer-la-mise-en-forme-generale-a-la-cellule-2.png\" sizes=\"auto, \" srcset=\"\" alt=\"aplicar formata\u00e7\u00e3o geral \u00e0 c\u00e9lula\" width=\"624\" height=\"311\"><\/figure><\/div><h2 class=\"wp-block-heading\"> Converter o tempo total em segundos<\/h2><p> Se voc\u00ea tiver um valor de tempo que seja o total de v\u00e1rios valores de tempo, ainda poder\u00e1 usar a mesma f\u00f3rmula. <\/p><div class=\"wp-block-image\"><figure class=\"aligncenter size-full is-resized\"><img loading=\"lazy\" decoding=\"async\" class=\"wp-image-79549\" src=\"https:\/\/exceladvisor.org\/wp-content\/uploads\/2023\/08\/4-convertir-le-temps-total-en-secondes.png\" sizes=\"auto, \" srcset=\"\" alt=\"converter tempo total em segundos\" width=\"395\" height=\"355\"><\/figure><\/div><p> Na c\u00e9lula A3 temos a soma e na c\u00e9lula A5 usamos a mesma f\u00f3rmula para obter o n\u00famero total de segundos do valor do tempo. <\/p><div class=\"wp-block-image\"><figure class=\"aligncenter size-full is-resized\"><img loading=\"lazy\" decoding=\"async\" class=\"wp-image-79550\" src=\"https:\/\/exceladvisor.org\/wp-content\/uploads\/2023\/08\/5-secondes-au-total-a-partir-de-la-valeur-de-temps.png\" sizes=\"auto, \" srcset=\"\" alt=\"valor total de segundos desde o tempo\" width=\"350\" height=\"382\"><\/figure><\/div><div class=\"gb-container gb-container-52dfcee1 gb-container-sample-file\"><h2 class=\"gb-headline gb-headline-e289c143 gb-headline-text gb-headline-4f7959c2\"> Obtenha o arquivo Excel<\/h2> <a class=\"gb-button gb-button-e88d6bee gb-button-text gb-button-button1\" href=\"https:\/\/exceladvisor.org\/wp-content\/uploads\/2023\/08\/temps-en-secondes.xlsx\" rel=\"nofollow\">Download<\/a> <\/div><div class=\"wp-block-group more-tutorials is-layout-flow\"><div class=\"wp-block-group__inner-container\"><h2 class=\"wp-block-heading\"> Mais f\u00f3rmulas<\/h2><ul><li> <a href=\"https:\/\/exceladvisor.org\/pt\/adicione-horas-no-tempo\/\">Adicione horas ao tempo no Excel<\/a><\/li><li> <a href=\"https:\/\/exceladvisor.org\/pt\/adicione-minutos-ao-tempo\/\">Adicione minutos ao tempo no Excel<\/a><\/li><li> <a href=\"https:\/\/exceladvisor.org\/pt\/calcular-diferenca-horaria\/\">Calcule a diferen\u00e7a de tempo entre duas horas no Excel<\/a><\/li><li> <a href=\"https:\/\/exceladvisor.org\/pt\/alterar-formato-de-hora\/\">Alterar o formato da hora no Excel<\/a><\/li><li> <a href=\"https:\/\/exceladvisor.org\/pt\/tempo-militar\/\">Hor\u00e1rio militar (obter e subtrair) no Excel<\/a><\/li><\/ul><p> \u21e0 Voltar \u00e0 <a href=\"https:\/\/exceladvisor.org\/pt\/formulas\/\">lista de mais de 100 f\u00f3rmulas do Excel (b\u00e1sico + avan\u00e7ado)<\/a><\/p><\/div><\/div>","protected":false},"excerpt":{"rendered":"","protected":false},"author":1,"featured_media":0,"parent":0,"menu_order":0,"comment_status":"open","ping_status":"closed","template":"","meta":{"ub_ctt_via":"","footnotes":""},"class_list":["post-231","page","type-page","status-publish","hentry"],"featured_image_src":null,"yoast_head":"<!-- This site is optimized with the Yoast SEO plugin v25.4 - https:\/\/yoast.com\/wordpress\/plugins\/seo\/ -->\n<title>\u25b7 Como converter o valor do tempo em segundos?<\/title>\n<meta name=\"description\" content=\"Este tutorial nos ensinar\u00e1 como escrever uma f\u00f3rmula Excel para converter um valor de tempo em segundos. Vamos verificar isso\u2026\" \/>\n<meta name=\"robots\" content=\"index, follow, max-snippet:-1, max-image-preview:large, max-video-preview:-1\" \/>\n<link rel=\"canonical\" href=\"https:\/\/exceladvisor.org\/pt\/tempo-em-segundos-2\/\" \/>\n<meta property=\"og:locale\" content=\"pt_PT\" \/>\n<meta property=\"og:type\" content=\"article\" \/>\n<meta property=\"og:title\" content=\"\u25b7 Como converter o valor do tempo em segundos?\" \/>\n<meta property=\"og:description\" content=\"Este tutorial nos ensinar\u00e1 como escrever uma f\u00f3rmula Excel para converter um valor de tempo em segundos. Vamos verificar isso\u2026\" \/>\n<meta property=\"og:url\" content=\"https:\/\/exceladvisor.org\/pt\/tempo-em-segundos-2\/\" \/>\n<meta property=\"og:site_name\" content=\"Excel Advisor\" \/>\n<meta property=\"article:modified_time\" content=\"2023-12-06T11:35:49+00:00\" \/>\n<meta property=\"og:image\" content=\"https:\/\/exceladvisor.org\/wp-content\/uploads\/2023\/08\/1-convertir-les-valeurs-de-temps-en-secondes.png\" \/>\n<meta name=\"twitter:card\" content=\"summary_large_image\" \/>\n<meta name=\"twitter:label1\" content=\"Tempo estimado de leitura\" \/>\n\t<meta name=\"twitter:data1\" content=\"1 minuto\" \/>\n<script type=\"application\/ld+json\" class=\"yoast-schema-graph\">{\"@context\":\"https:\/\/schema.org\",\"@graph\":[{\"@type\":\"WebPage\",\"@id\":\"https:\/\/exceladvisor.org\/pt\/tempo-em-segundos-2\/\",\"url\":\"https:\/\/exceladvisor.org\/pt\/tempo-em-segundos-2\/\",\"name\":\"\u25b7 Como converter o valor do tempo em segundos?\",\"isPartOf\":{\"@id\":\"https:\/\/exceladvisor.org\/pt\/#website\"},\"primaryImageOfPage\":{\"@id\":\"https:\/\/exceladvisor.org\/pt\/tempo-em-segundos-2\/#primaryimage\"},\"image\":{\"@id\":\"https:\/\/exceladvisor.org\/pt\/tempo-em-segundos-2\/#primaryimage\"},\"thumbnailUrl\":\"https:\/\/exceladvisor.org\/wp-content\/uploads\/2023\/08\/1-convertir-les-valeurs-de-temps-en-secondes.png\",\"datePublished\":\"2023-11-10T16:37:58+00:00\",\"dateModified\":\"2023-12-06T11:35:49+00:00\",\"description\":\"Este tutorial nos ensinar\u00e1 como escrever uma f\u00f3rmula Excel para converter um valor de tempo em segundos. Vamos verificar isso\u2026\",\"breadcrumb\":{\"@id\":\"https:\/\/exceladvisor.org\/pt\/tempo-em-segundos-2\/#breadcrumb\"},\"inLanguage\":\"pt-PT\",\"potentialAction\":[{\"@type\":\"ReadAction\",\"target\":[\"https:\/\/exceladvisor.org\/pt\/tempo-em-segundos-2\/\"]}]},{\"@type\":\"ImageObject\",\"inLanguage\":\"pt-PT\",\"@id\":\"https:\/\/exceladvisor.org\/pt\/tempo-em-segundos-2\/#primaryimage\",\"url\":\"https:\/\/exceladvisor.org\/wp-content\/uploads\/2023\/08\/1-convertir-les-valeurs-de-temps-en-secondes.png\",\"contentUrl\":\"https:\/\/exceladvisor.org\/wp-content\/uploads\/2023\/08\/1-convertir-les-valeurs-de-temps-en-secondes.png\"},{\"@type\":\"BreadcrumbList\",\"@id\":\"https:\/\/exceladvisor.org\/pt\/tempo-em-segundos-2\/#breadcrumb\",\"itemListElement\":[{\"@type\":\"ListItem\",\"position\":1,\"name\":\"Lar\",\"item\":\"https:\/\/exceladvisor.org\/pt\/\"},{\"@type\":\"ListItem\",\"position\":2,\"name\":\"Como converter o valor do tempo para segundos?\"}]},{\"@type\":\"WebSite\",\"@id\":\"https:\/\/exceladvisor.org\/pt\/#website\",\"url\":\"https:\/\/exceladvisor.org\/pt\/\",\"name\":\"Excel Advisor\",\"description\":\"O seu guia definitivo para dominar os dados!\",\"publisher\":{\"@id\":\"https:\/\/exceladvisor.org\/pt\/#organization\"},\"potentialAction\":[{\"@type\":\"SearchAction\",\"target\":{\"@type\":\"EntryPoint\",\"urlTemplate\":\"https:\/\/exceladvisor.org\/pt\/?s={search_term_string}\"},\"query-input\":{\"@type\":\"PropertyValueSpecification\",\"valueRequired\":true,\"valueName\":\"search_term_string\"}}],\"inLanguage\":\"pt-PT\"},{\"@type\":\"Organization\",\"@id\":\"https:\/\/exceladvisor.org\/pt\/#organization\",\"name\":\"Excel Advisor\",\"url\":\"https:\/\/exceladvisor.org\/pt\/\",\"logo\":{\"@type\":\"ImageObject\",\"inLanguage\":\"pt-PT\",\"@id\":\"https:\/\/exceladvisor.org\/pt\/#\/schema\/logo\/image\/\",\"url\":\"https:\/\/exceladvisor.org\/pt\/wp-content\/uploads\/2023\/12\/exceladvisor.org_.png\",\"contentUrl\":\"https:\/\/exceladvisor.org\/pt\/wp-content\/uploads\/2023\/12\/exceladvisor.org_.png\",\"width\":105,\"height\":36,\"caption\":\"Excel Advisor\"},\"image\":{\"@id\":\"https:\/\/exceladvisor.org\/pt\/#\/schema\/logo\/image\/\"}}]}<\/script>\n<!-- \/ Yoast SEO plugin. -->","yoast_head_json":{"title":"\u25b7 Como converter o valor do tempo em segundos?","description":"Este tutorial nos ensinar\u00e1 como escrever uma f\u00f3rmula Excel para converter um valor de tempo em segundos. Vamos verificar isso\u2026","robots":{"index":"index","follow":"follow","max-snippet":"max-snippet:-1","max-image-preview":"max-image-preview:large","max-video-preview":"max-video-preview:-1"},"canonical":"https:\/\/exceladvisor.org\/pt\/tempo-em-segundos-2\/","og_locale":"pt_PT","og_type":"article","og_title":"\u25b7 Como converter o valor do tempo em segundos?","og_description":"Este tutorial nos ensinar\u00e1 como escrever uma f\u00f3rmula Excel para converter um valor de tempo em segundos. Vamos verificar isso\u2026","og_url":"https:\/\/exceladvisor.org\/pt\/tempo-em-segundos-2\/","og_site_name":"Excel Advisor","article_modified_time":"2023-12-06T11:35:49+00:00","og_image":[{"url":"https:\/\/exceladvisor.org\/wp-content\/uploads\/2023\/08\/1-convertir-les-valeurs-de-temps-en-secondes.png","type":"","width":"","height":""}],"twitter_card":"summary_large_image","twitter_misc":{"Tempo estimado de leitura":"1 minuto"},"schema":{"@context":"https:\/\/schema.org","@graph":[{"@type":"WebPage","@id":"https:\/\/exceladvisor.org\/pt\/tempo-em-segundos-2\/","url":"https:\/\/exceladvisor.org\/pt\/tempo-em-segundos-2\/","name":"\u25b7 Como converter o valor do tempo em segundos?","isPartOf":{"@id":"https:\/\/exceladvisor.org\/pt\/#website"},"primaryImageOfPage":{"@id":"https:\/\/exceladvisor.org\/pt\/tempo-em-segundos-2\/#primaryimage"},"image":{"@id":"https:\/\/exceladvisor.org\/pt\/tempo-em-segundos-2\/#primaryimage"},"thumbnailUrl":"https:\/\/exceladvisor.org\/wp-content\/uploads\/2023\/08\/1-convertir-les-valeurs-de-temps-en-secondes.png","datePublished":"2023-11-10T16:37:58+00:00","dateModified":"2023-12-06T11:35:49+00:00","description":"Este tutorial nos ensinar\u00e1 como escrever uma f\u00f3rmula Excel para converter um valor de tempo em segundos. Vamos verificar isso\u2026","breadcrumb":{"@id":"https:\/\/exceladvisor.org\/pt\/tempo-em-segundos-2\/#breadcrumb"},"inLanguage":"pt-PT","potentialAction":[{"@type":"ReadAction","target":["https:\/\/exceladvisor.org\/pt\/tempo-em-segundos-2\/"]}]},{"@type":"ImageObject","inLanguage":"pt-PT","@id":"https:\/\/exceladvisor.org\/pt\/tempo-em-segundos-2\/#primaryimage","url":"https:\/\/exceladvisor.org\/wp-content\/uploads\/2023\/08\/1-convertir-les-valeurs-de-temps-en-secondes.png","contentUrl":"https:\/\/exceladvisor.org\/wp-content\/uploads\/2023\/08\/1-convertir-les-valeurs-de-temps-en-secondes.png"},{"@type":"BreadcrumbList","@id":"https:\/\/exceladvisor.org\/pt\/tempo-em-segundos-2\/#breadcrumb","itemListElement":[{"@type":"ListItem","position":1,"name":"Lar","item":"https:\/\/exceladvisor.org\/pt\/"},{"@type":"ListItem","position":2,"name":"Como converter o valor do tempo para segundos?"}]},{"@type":"WebSite","@id":"https:\/\/exceladvisor.org\/pt\/#website","url":"https:\/\/exceladvisor.org\/pt\/","name":"Excel Advisor","description":"O seu guia definitivo para dominar os dados!","publisher":{"@id":"https:\/\/exceladvisor.org\/pt\/#organization"},"potentialAction":[{"@type":"SearchAction","target":{"@type":"EntryPoint","urlTemplate":"https:\/\/exceladvisor.org\/pt\/?s={search_term_string}"},"query-input":{"@type":"PropertyValueSpecification","valueRequired":true,"valueName":"search_term_string"}}],"inLanguage":"pt-PT"},{"@type":"Organization","@id":"https:\/\/exceladvisor.org\/pt\/#organization","name":"Excel Advisor","url":"https:\/\/exceladvisor.org\/pt\/","logo":{"@type":"ImageObject","inLanguage":"pt-PT","@id":"https:\/\/exceladvisor.org\/pt\/#\/schema\/logo\/image\/","url":"https:\/\/exceladvisor.org\/pt\/wp-content\/uploads\/2023\/12\/exceladvisor.org_.png","contentUrl":"https:\/\/exceladvisor.org\/pt\/wp-content\/uploads\/2023\/12\/exceladvisor.org_.png","width":105,"height":36,"caption":"Excel Advisor"},"image":{"@id":"https:\/\/exceladvisor.org\/pt\/#\/schema\/logo\/image\/"}}]}},"yoast_meta":{"yoast_wpseo_title":"","yoast_wpseo_metadesc":"","yoast_wpseo_canonical":""},"_links":{"self":[{"href":"https:\/\/exceladvisor.org\/pt\/wp-json\/wp\/v2\/pages\/231","targetHints":{"allow":["GET"]}}],"collection":[{"href":"https:\/\/exceladvisor.org\/pt\/wp-json\/wp\/v2\/pages"}],"about":[{"href":"https:\/\/exceladvisor.org\/pt\/wp-json\/wp\/v2\/types\/page"}],"author":[{"embeddable":true,"href":"https:\/\/exceladvisor.org\/pt\/wp-json\/wp\/v2\/users\/1"}],"replies":[{"embeddable":true,"href":"https:\/\/exceladvisor.org\/pt\/wp-json\/wp\/v2\/comments?post=231"}],"version-history":[{"count":1,"href":"https:\/\/exceladvisor.org\/pt\/wp-json\/wp\/v2\/pages\/231\/revisions"}],"predecessor-version":[{"id":939,"href":"https:\/\/exceladvisor.org\/pt\/wp-json\/wp\/v2\/pages\/231\/revisions\/939"}],"wp:attachment":[{"href":"https:\/\/exceladvisor.org\/pt\/wp-json\/wp\/v2\/media?parent=231"}],"curies":[{"name":"wp","href":"https:\/\/api.w.org\/{rel}","templated":true}]}}