{"id":233,"date":"2023-11-10T10:28:08","date_gmt":"2023-11-10T10:28:08","guid":{"rendered":"https:\/\/exceladvisor.org\/pt\/contar-caracteres-2\/"},"modified":"2023-12-06T11:35:32","modified_gmt":"2023-12-06T11:35:32","slug":"contar-caracteres-2","status":"publish","type":"page","link":"https:\/\/exceladvisor.org\/pt\/contar-caracteres-2\/","title":{"rendered":"Como contar caracteres no excel?"},"content":{"rendered":"<div class=\"excel-before-content-2\" id=\"excel-1312143206\"><script type=\"text\/javascript\">\r\n\tatOptions = {\r\n\t\t'key' : 'c1158f160081d6540a8409e6925dab94',\r\n\t\t'format' : 'iframe',\r\n\t\t'height' : 250,\r\n\t\t'width' : 300,\r\n\t\t'params' : {}\r\n\t};\r\n<\/script>\r\n<script type=\"text\/javascript\" src=\"\/\/www.highperformanceformat.com\/c1158f160081d6540a8409e6925dab94\/invoke.js\"><\/script><\/div><div class=\"excel-before-content\" id=\"excel-27921982\"><script type=\"text\/javascript\">\r\n\tatOptions = {\r\n\t\t'key' : 'c1158f160081d6540a8409e6925dab94',\r\n\t\t'format' : 'iframe',\r\n\t\t'height' : 250,\r\n\t\t'width' : 300,\r\n\t\t'params' : {}\r\n\t};\r\n<\/script>\r\n<script type=\"text\/javascript\" src=\"\/\/www.highperformanceformat.com\/c1158f160081d6540a8409e6925dab94\/invoke.js\"><\/script><\/div> <p>Neste tutorial, aprenderemos como escrever diferentes f\u00f3rmulas no Excel para contar o n\u00famero de caracteres em uma c\u00e9lula ou intervalo de c\u00e9lulas.<\/p><h2 class=\"wp-block-heading\"> Contar caracteres em uma \u00fanica c\u00e9lula<\/h2><p> Para contar os caracteres de uma c\u00e9lula, voc\u00ea deve inserir a fun\u00e7\u00e3o LEN na c\u00e9lula na qual deseja obter o n\u00famero. Depois disso, consulte a c\u00e9lula (A1). No final, pressione Enter para obter a contagem. Se voc\u00ea tiver v\u00e1rias c\u00e9lulas, tamb\u00e9m poder\u00e1 aplicar a mesma f\u00f3rmula a essas c\u00e9lulas.<\/p><pre class=\"wp-block-code\"> <code class=\"language-excel-formula\" lang=\"excel-formula\">=LEN(B1)<\/code><\/pre><h2 class=\"wp-block-heading\"> Conte caracteres sem espa\u00e7os<\/h2><p> Se voc\u00ea tiver um ou v\u00e1rios espa\u00e7os em uma c\u00e9lula, neste caso voc\u00ea pode usar a seguinte f\u00f3rmula onde usamos uma combina\u00e7\u00e3o de LEN e SUBSTITUTE. <\/p><div class=\"wp-block-image\"><figure class=\"aligncenter size-full is-resized\"><img loading=\"lazy\" decoding=\"async\" class=\"wp-image-79309\" src=\"https:\/\/exceladvisor.org\/wp-content\/uploads\/2023\/08\/2-chiffres-sans-espaces.png\" sizes=\"auto, \" srcset=\"\" alt=\"contar caracteres sem espa\u00e7os\" width=\"525\" height=\"269\"><\/figure><\/div><pre class=\"wp-block-code\"> <code class=\"language-excel-formula\" lang=\"excel-formula\">=LEN(SUBSTITUTE(A1,\" \",\"\"))<\/code><\/pre><p> Nesta f\u00f3rmula, usamos SUBSTITUTE para substituir o espa\u00e7o que voc\u00ea tem entre \u201cHello\u201d e \u201cWorld!\u201d \u00bb com um valor vazio.<\/p><h2 class=\"wp-block-heading\"> Contar caracteres em um intervalo<\/h2><p> Se voc\u00ea tiver um intervalo de c\u00e9lulas e quiser contar caracteres nesse intervalo inteiro, poder\u00e1 usar uma combina\u00e7\u00e3o de SUMPRODUCT e LEN.<\/p><pre class=\"wp-block-code\"> <code class=\"language-excel-formula\" lang=\"excel-formula\">=SUMPRODUCT(LEN(A1:A3))<\/code><\/pre><p> Quando voc\u00ea usa SUMPRODUCT, ele pode ocupar uma tabela em uma \u00fanica c\u00e9lula. Dessa forma, ele assume o valor de todas as c\u00e9lulas (3) do intervalo. E entre SUMPRODUCT, LEN obt\u00e9m o n\u00famero de caracteres.<\/p><p> Se voc\u00ea tiver uma c\u00e9lula ou v\u00e1rias c\u00e9lulas onde h\u00e1 um espa\u00e7o no valor e n\u00e3o deseja contar esse espa\u00e7o ao contar caracteres. Voc\u00ea deve criar uma combina\u00e7\u00e3o de SUMPRODUCT, LEN e SUBSTITUTE.<\/p><p> No exemplo acima, temos o n\u00famero 36 quando voc\u00ea inclui o espa\u00e7o ao obter o n\u00famero de caracteres. Mas quando usamos a f\u00f3rmula (SUMPRODUCT, SUBSTITUTE e LEN).<\/p><pre class=\"wp-block-code\"> <code class=\"language-excel-formula\" lang=\"excel-formula\">=SUMPRODUCT(LEN(SUBSTITUTE(A1:A3,\" \",\"\")))<\/code><\/pre><h2 class=\"wp-block-heading\"> Conte um caractere espec\u00edfico de uma c\u00e9lula ou intervalo<\/h2><p> Suponha que voc\u00ea queira obter a contagem de um caractere espec\u00edfico de uma c\u00e9lula. Voc\u00ea pode fazer isso combinando LEN e SUBSTITUTE. <\/p><div class=\"wp-block-image\"><figure class=\"aligncenter size-full is-resized\"><img loading=\"lazy\" decoding=\"async\" class=\"wp-image-79312\" src=\"https:\/\/exceladvisor.org\/wp-content\/uploads\/2023\/08\/5-compter-un-caractere-specifique.png\" sizes=\"auto, \" srcset=\"\" alt=\"contar um caractere espec\u00edfico\" width=\"593\" height=\"302\"><\/figure><\/div><p> No exemplo acima, usamos a f\u00f3rmula para contar o asterisco (*) da c\u00e9lula. <\/p><pre class=\"wp-block-code\"> <code class=\"language-excel-formula\" lang=\"excel-formula\">=LEN(A1)-LEN(SUBSTITUTE(A1,\"*\",\"\"))<\/code><\/pre><div class=\"wp-block-image\"><figure class=\"aligncenter size-full is-resized\"><img loading=\"lazy\" decoding=\"async\" class=\"wp-image-79313\" src=\"https:\/\/exceladvisor.org\/wp-content\/uploads\/2023\/08\/6-comprendre-len-et-remplacer-la-fonction.png\" sizes=\"auto, \" srcset=\"\" alt=\"entenda-len-e-substitua-fun\u00e7\u00e3o\" width=\"549\" height=\"118\"><\/figure><\/div><p> Esta fun\u00e7\u00e3o funciona em duas partes:<\/p><ul><li> Na primeira parte, voc\u00ea tem a fun\u00e7\u00e3o LEN que obt\u00e9m o n\u00famero total de caracteres da c\u00e9lula.<\/li><li> Na segunda parte voc\u00ea tem SUBSTITUTE que substitui o (*) sem valor. Depois disso, LEN retorna o n\u00famero de caracteres sem asterisco.<\/li><\/ul><p> No final, voc\u00ea tem duas contas, uma com (*) e outra sem (*). E ao deduzir os dois, voc\u00ea obt\u00e9m o n\u00famero de (*) no resultado.<\/p><p> E da mesma forma, se voc\u00ea deseja contar um caractere espec\u00edfico de um intervalo de c\u00e9lulas e precisa agrupar a f\u00f3rmula acima na fun\u00e7\u00e3o SUMPRODUCT e referir-se a todo o intervalo em vez de a uma \u00fanica c\u00e9lula. <\/p><pre class=\"wp-block-code\"> <code class=\"language-excel-formula\" lang=\"excel-formula\">=SUMPRODUCT(LEN(A1:A7)-LEN(SUBSTITUTE(A1:A7,\"*\",\"\")))<\/code><\/pre><div class=\"wp-block-image\"><figure class=\"aligncenter size-full is-resized\"><img loading=\"lazy\" decoding=\"async\" class=\"wp-image-79314\" src=\"https:\/\/exceladvisor.org\/wp-content\/uploads\/2023\/08\/7-sumproduct-et-fonction-len.png\" sizes=\"auto, \" srcset=\"\" alt=\"fun\u00e7\u00e3o sumproduto e len\" width=\"574\" height=\"402\"><\/figure><\/div><p> Quando voc\u00ea usa SUMPRODUCT, ele considera todo o intervalo como uma tabela e usa a f\u00f3rmula para todo o intervalo em vez de apenas uma c\u00e9lula. Que significa:<\/p><p> Na primeira parte voc\u00ea obt\u00e9m o n\u00famero total de caracteres de todo o intervalo, e na segunda parte, SUBSTITUTE, retire o (*) e LEN obt\u00e9m o n\u00famero. E depois disso, deduzindo as duas contagens, voc\u00ea obt\u00e9m o n\u00famero do caractere espec\u00edfico no resultado. <\/p><div class=\"gb-container gb-container-52dfcee1 gb-container-sample-file\"><h2 class=\"gb-headline gb-headline-e289c143 gb-headline-text gb-headline-4f7959c2\"> Obtenha o arquivo Excel<\/h2><p> <a class=\"gb-button gb-button-e88d6bee gb-button-text gb-button-button1\" href=\"https:\/\/exceladvisor.org\/wp-content\/uploads\/2023\/11\/compter-les-caracteres.xlsx\" rel=\"nofollow\">Download<\/a><\/p><\/div><div class=\"gb-container gb-container-0df56012 gb-container-mt\"> <a class=\"gb-button gb-button-f9f432f4 gb-button-text gb-button-mt-button\" href=\"https:\/\/exceladvisor.org\/pt\/formulas\/\">Lista de f\u00f3rmulas do Excel<\/a><h2 class=\"gb-headline gb-headline-233444e8 gb-headline-text gb-headline-mt-heading\"> F\u00f3rmulas relacionadas <\/h2><div class=\"gb-grid-wrapper gb-grid-wrapper-a16fa65c gb-grid-wrapper-mt-grid\"><div class=\"gb-grid-column gb-grid-column-5b4a0cf9\"><div class=\"gb-container gb-container-5b4a0cf9\"><ul><li> <a href=\"https:\/\/exceladvisor.org\/pt\/gerar-grupos-aleatorios\/\">Gerar grupos aleat\u00f3rios<\/a><\/li><li> <a href=\"https:\/\/exceladvisor.org\/pt\/comparar-canais-2\/\">Compare duas strings (texto)<\/a><\/li><li> <a href=\"https:\/\/exceladvisor.org\/pt\/obter-dominio\/\">Obtenha o dom\u00ednio do ID de e-mail<\/a><\/li><li> <a href=\"https:\/\/exceladvisor.org\/pt\/extrair-apenas-numeros\/\">Extraia apenas n\u00fameros de um texto (string)<\/a><\/li><li> <a href=\"https:\/\/exceladvisor.org\/pt\/texto-depois-antes\/\">Extraia texto antes e depois de um caractere no Excel<\/a><\/li><\/ul><\/div><\/div><\/div><\/div>","protected":false},"excerpt":{"rendered":"","protected":false},"author":1,"featured_media":0,"parent":0,"menu_order":0,"comment_status":"open","ping_status":"closed","template":"","meta":{"ub_ctt_via":"","footnotes":""},"class_list":["post-233","page","type-page","status-publish","hentry"],"featured_image_src":null,"yoast_head":"<!-- This site is optimized with the Yoast SEO plugin v25.4 - https:\/\/yoast.com\/wordpress\/plugins\/seo\/ -->\n<title>Como contar caracteres no Excel? (Tutorial 2023)<\/title>\n<meta name=\"description\" content=\"Este tutorial ensinar\u00e1 como escrever uma f\u00f3rmula Excel para contar os caracteres em uma c\u00e9lula ou intervalo de c\u00e9lulas.\" \/>\n<meta name=\"robots\" content=\"index, follow, max-snippet:-1, max-image-preview:large, max-video-preview:-1\" \/>\n<link rel=\"canonical\" href=\"https:\/\/exceladvisor.org\/pt\/contar-caracteres-2\/\" \/>\n<meta property=\"og:locale\" content=\"pt_PT\" \/>\n<meta property=\"og:type\" content=\"article\" \/>\n<meta property=\"og:title\" content=\"Como contar caracteres no Excel? (Tutorial 2023)\" \/>\n<meta property=\"og:description\" content=\"Este tutorial ensinar\u00e1 como escrever uma f\u00f3rmula Excel para contar os caracteres em uma c\u00e9lula ou intervalo de c\u00e9lulas.\" \/>\n<meta property=\"og:url\" content=\"https:\/\/exceladvisor.org\/pt\/contar-caracteres-2\/\" \/>\n<meta property=\"og:site_name\" content=\"Excel Advisor\" \/>\n<meta property=\"article:modified_time\" content=\"2023-12-06T11:35:32+00:00\" \/>\n<meta property=\"og:image\" content=\"https:\/\/exceladvisor.org\/wp-content\/uploads\/2023\/08\/2-chiffres-sans-espaces.png\" \/>\n<meta name=\"twitter:card\" content=\"summary_large_image\" \/>\n<meta name=\"twitter:label1\" content=\"Tempo estimado de leitura\" \/>\n\t<meta name=\"twitter:data1\" content=\"3 minutos\" \/>\n<script type=\"application\/ld+json\" class=\"yoast-schema-graph\">{\"@context\":\"https:\/\/schema.org\",\"@graph\":[{\"@type\":\"WebPage\",\"@id\":\"https:\/\/exceladvisor.org\/pt\/contar-caracteres-2\/\",\"url\":\"https:\/\/exceladvisor.org\/pt\/contar-caracteres-2\/\",\"name\":\"Como contar caracteres no Excel? (Tutorial 2023)\",\"isPartOf\":{\"@id\":\"https:\/\/exceladvisor.org\/pt\/#website\"},\"primaryImageOfPage\":{\"@id\":\"https:\/\/exceladvisor.org\/pt\/contar-caracteres-2\/#primaryimage\"},\"image\":{\"@id\":\"https:\/\/exceladvisor.org\/pt\/contar-caracteres-2\/#primaryimage\"},\"thumbnailUrl\":\"https:\/\/exceladvisor.org\/wp-content\/uploads\/2023\/08\/2-chiffres-sans-espaces.png\",\"datePublished\":\"2023-11-10T10:28:08+00:00\",\"dateModified\":\"2023-12-06T11:35:32+00:00\",\"description\":\"Este tutorial ensinar\u00e1 como escrever uma f\u00f3rmula Excel para contar os caracteres em uma c\u00e9lula ou intervalo de c\u00e9lulas.\",\"breadcrumb\":{\"@id\":\"https:\/\/exceladvisor.org\/pt\/contar-caracteres-2\/#breadcrumb\"},\"inLanguage\":\"pt-PT\",\"potentialAction\":[{\"@type\":\"ReadAction\",\"target\":[\"https:\/\/exceladvisor.org\/pt\/contar-caracteres-2\/\"]}]},{\"@type\":\"ImageObject\",\"inLanguage\":\"pt-PT\",\"@id\":\"https:\/\/exceladvisor.org\/pt\/contar-caracteres-2\/#primaryimage\",\"url\":\"https:\/\/exceladvisor.org\/wp-content\/uploads\/2023\/08\/2-chiffres-sans-espaces.png\",\"contentUrl\":\"https:\/\/exceladvisor.org\/wp-content\/uploads\/2023\/08\/2-chiffres-sans-espaces.png\"},{\"@type\":\"BreadcrumbList\",\"@id\":\"https:\/\/exceladvisor.org\/pt\/contar-caracteres-2\/#breadcrumb\",\"itemListElement\":[{\"@type\":\"ListItem\",\"position\":1,\"name\":\"Lar\",\"item\":\"https:\/\/exceladvisor.org\/pt\/\"},{\"@type\":\"ListItem\",\"position\":2,\"name\":\"Como contar caracteres no excel?\"}]},{\"@type\":\"WebSite\",\"@id\":\"https:\/\/exceladvisor.org\/pt\/#website\",\"url\":\"https:\/\/exceladvisor.org\/pt\/\",\"name\":\"Excel Advisor\",\"description\":\"O seu guia definitivo para dominar os dados!\",\"publisher\":{\"@id\":\"https:\/\/exceladvisor.org\/pt\/#organization\"},\"potentialAction\":[{\"@type\":\"SearchAction\",\"target\":{\"@type\":\"EntryPoint\",\"urlTemplate\":\"https:\/\/exceladvisor.org\/pt\/?s={search_term_string}\"},\"query-input\":{\"@type\":\"PropertyValueSpecification\",\"valueRequired\":true,\"valueName\":\"search_term_string\"}}],\"inLanguage\":\"pt-PT\"},{\"@type\":\"Organization\",\"@id\":\"https:\/\/exceladvisor.org\/pt\/#organization\",\"name\":\"Excel Advisor\",\"url\":\"https:\/\/exceladvisor.org\/pt\/\",\"logo\":{\"@type\":\"ImageObject\",\"inLanguage\":\"pt-PT\",\"@id\":\"https:\/\/exceladvisor.org\/pt\/#\/schema\/logo\/image\/\",\"url\":\"https:\/\/exceladvisor.org\/pt\/wp-content\/uploads\/2023\/12\/exceladvisor.org_.png\",\"contentUrl\":\"https:\/\/exceladvisor.org\/pt\/wp-content\/uploads\/2023\/12\/exceladvisor.org_.png\",\"width\":105,\"height\":36,\"caption\":\"Excel Advisor\"},\"image\":{\"@id\":\"https:\/\/exceladvisor.org\/pt\/#\/schema\/logo\/image\/\"}}]}<\/script>\n<!-- \/ Yoast SEO plugin. -->","yoast_head_json":{"title":"Como contar caracteres no Excel? (Tutorial 2023)","description":"Este tutorial ensinar\u00e1 como escrever uma f\u00f3rmula Excel para contar os caracteres em uma c\u00e9lula ou intervalo de c\u00e9lulas.","robots":{"index":"index","follow":"follow","max-snippet":"max-snippet:-1","max-image-preview":"max-image-preview:large","max-video-preview":"max-video-preview:-1"},"canonical":"https:\/\/exceladvisor.org\/pt\/contar-caracteres-2\/","og_locale":"pt_PT","og_type":"article","og_title":"Como contar caracteres no Excel? (Tutorial 2023)","og_description":"Este tutorial ensinar\u00e1 como escrever uma f\u00f3rmula Excel para contar os caracteres em uma c\u00e9lula ou intervalo de c\u00e9lulas.","og_url":"https:\/\/exceladvisor.org\/pt\/contar-caracteres-2\/","og_site_name":"Excel Advisor","article_modified_time":"2023-12-06T11:35:32+00:00","og_image":[{"url":"https:\/\/exceladvisor.org\/wp-content\/uploads\/2023\/08\/2-chiffres-sans-espaces.png","type":"","width":"","height":""}],"twitter_card":"summary_large_image","twitter_misc":{"Tempo estimado de leitura":"3 minutos"},"schema":{"@context":"https:\/\/schema.org","@graph":[{"@type":"WebPage","@id":"https:\/\/exceladvisor.org\/pt\/contar-caracteres-2\/","url":"https:\/\/exceladvisor.org\/pt\/contar-caracteres-2\/","name":"Como contar caracteres no Excel? (Tutorial 2023)","isPartOf":{"@id":"https:\/\/exceladvisor.org\/pt\/#website"},"primaryImageOfPage":{"@id":"https:\/\/exceladvisor.org\/pt\/contar-caracteres-2\/#primaryimage"},"image":{"@id":"https:\/\/exceladvisor.org\/pt\/contar-caracteres-2\/#primaryimage"},"thumbnailUrl":"https:\/\/exceladvisor.org\/wp-content\/uploads\/2023\/08\/2-chiffres-sans-espaces.png","datePublished":"2023-11-10T10:28:08+00:00","dateModified":"2023-12-06T11:35:32+00:00","description":"Este tutorial ensinar\u00e1 como escrever uma f\u00f3rmula Excel para contar os caracteres em uma c\u00e9lula ou intervalo de c\u00e9lulas.","breadcrumb":{"@id":"https:\/\/exceladvisor.org\/pt\/contar-caracteres-2\/#breadcrumb"},"inLanguage":"pt-PT","potentialAction":[{"@type":"ReadAction","target":["https:\/\/exceladvisor.org\/pt\/contar-caracteres-2\/"]}]},{"@type":"ImageObject","inLanguage":"pt-PT","@id":"https:\/\/exceladvisor.org\/pt\/contar-caracteres-2\/#primaryimage","url":"https:\/\/exceladvisor.org\/wp-content\/uploads\/2023\/08\/2-chiffres-sans-espaces.png","contentUrl":"https:\/\/exceladvisor.org\/wp-content\/uploads\/2023\/08\/2-chiffres-sans-espaces.png"},{"@type":"BreadcrumbList","@id":"https:\/\/exceladvisor.org\/pt\/contar-caracteres-2\/#breadcrumb","itemListElement":[{"@type":"ListItem","position":1,"name":"Lar","item":"https:\/\/exceladvisor.org\/pt\/"},{"@type":"ListItem","position":2,"name":"Como contar caracteres no excel?"}]},{"@type":"WebSite","@id":"https:\/\/exceladvisor.org\/pt\/#website","url":"https:\/\/exceladvisor.org\/pt\/","name":"Excel Advisor","description":"O seu guia definitivo para dominar os dados!","publisher":{"@id":"https:\/\/exceladvisor.org\/pt\/#organization"},"potentialAction":[{"@type":"SearchAction","target":{"@type":"EntryPoint","urlTemplate":"https:\/\/exceladvisor.org\/pt\/?s={search_term_string}"},"query-input":{"@type":"PropertyValueSpecification","valueRequired":true,"valueName":"search_term_string"}}],"inLanguage":"pt-PT"},{"@type":"Organization","@id":"https:\/\/exceladvisor.org\/pt\/#organization","name":"Excel Advisor","url":"https:\/\/exceladvisor.org\/pt\/","logo":{"@type":"ImageObject","inLanguage":"pt-PT","@id":"https:\/\/exceladvisor.org\/pt\/#\/schema\/logo\/image\/","url":"https:\/\/exceladvisor.org\/pt\/wp-content\/uploads\/2023\/12\/exceladvisor.org_.png","contentUrl":"https:\/\/exceladvisor.org\/pt\/wp-content\/uploads\/2023\/12\/exceladvisor.org_.png","width":105,"height":36,"caption":"Excel Advisor"},"image":{"@id":"https:\/\/exceladvisor.org\/pt\/#\/schema\/logo\/image\/"}}]}},"yoast_meta":{"yoast_wpseo_title":"","yoast_wpseo_metadesc":"","yoast_wpseo_canonical":""},"_links":{"self":[{"href":"https:\/\/exceladvisor.org\/pt\/wp-json\/wp\/v2\/pages\/233","targetHints":{"allow":["GET"]}}],"collection":[{"href":"https:\/\/exceladvisor.org\/pt\/wp-json\/wp\/v2\/pages"}],"about":[{"href":"https:\/\/exceladvisor.org\/pt\/wp-json\/wp\/v2\/types\/page"}],"author":[{"embeddable":true,"href":"https:\/\/exceladvisor.org\/pt\/wp-json\/wp\/v2\/users\/1"}],"replies":[{"embeddable":true,"href":"https:\/\/exceladvisor.org\/pt\/wp-json\/wp\/v2\/comments?post=233"}],"version-history":[{"count":1,"href":"https:\/\/exceladvisor.org\/pt\/wp-json\/wp\/v2\/pages\/233\/revisions"}],"predecessor-version":[{"id":916,"href":"https:\/\/exceladvisor.org\/pt\/wp-json\/wp\/v2\/pages\/233\/revisions\/916"}],"wp:attachment":[{"href":"https:\/\/exceladvisor.org\/pt\/wp-json\/wp\/v2\/media?parent=233"}],"curies":[{"name":"wp","href":"https:\/\/api.w.org\/{rel}","templated":true}]}}