{"id":234,"date":"2023-11-10T10:05:13","date_gmt":"2023-11-10T10:05:13","guid":{"rendered":"https:\/\/exceladvisor.org\/pt\/data-para-texto-2\/"},"modified":"2023-12-06T11:35:45","modified_gmt":"2023-12-06T11:35:45","slug":"data-para-texto-2","status":"publish","type":"page","link":"https:\/\/exceladvisor.org\/pt\/data-para-texto-2\/","title":{"rendered":"Como converter data em texto no excel?"},"content":{"rendered":"<div class=\"excel-before-content-2\" id=\"excel-49611939\"><script type=\"text\/javascript\">\r\n\tatOptions = {\r\n\t\t'key' : 'c1158f160081d6540a8409e6925dab94',\r\n\t\t'format' : 'iframe',\r\n\t\t'height' : 250,\r\n\t\t'width' : 300,\r\n\t\t'params' : {}\r\n\t};\r\n<\/script>\r\n<script type=\"text\/javascript\" src=\"\/\/www.highperformanceformat.com\/c1158f160081d6540a8409e6925dab94\/invoke.js\"><\/script><\/div><div class=\"excel-before-content\" id=\"excel-2742529435\"><script type=\"text\/javascript\">\r\n\tatOptions = {\r\n\t\t'key' : 'c1158f160081d6540a8409e6925dab94',\r\n\t\t'format' : 'iframe',\r\n\t\t'height' : 250,\r\n\t\t'width' : 300,\r\n\t\t'params' : {}\r\n\t};\r\n<\/script>\r\n<script type=\"text\/javascript\" src=\"\/\/www.highperformanceformat.com\/c1158f160081d6540a8409e6925dab94\/invoke.js\"><\/script><\/div> <p>Como voc\u00ea sabe, o Excel armazena uma data como um n\u00famero e voc\u00ea tem o formato da data na c\u00e9lula para exibi-la como uma data. Ao converter a data em texto, voc\u00ea pode obter o nome do dia, o n\u00famero do dia, o nome do m\u00eas e o n\u00famero do ano. <\/p><div class=\"wp-block-image\"><figure class=\"aligncenter size-full is-resized\"><img loading=\"lazy\" decoding=\"async\" class=\"wp-image-79828\" src=\"https:\/\/exceladvisor.org\/wp-content\/uploads\/2023\/08\/1-convertir-la-date-en-texte.png\" sizes=\"auto, \" srcset=\"\" alt=\"converter data em texto\" width=\"799\" height=\"218\"><\/figure><\/div><p> Para fazer isso, \u00e9 melhor usar a fun\u00e7\u00e3o TEXT. Esta fun\u00e7\u00e3o permite extrair parte (dia, m\u00eas e ano) de uma data em formato de texto. Neste tutorial, veremos alguns exemplos para entender como usar esse m\u00e9todo.<\/p><h2 class=\"wp-block-heading\"> Converta uma data em texto usando a fun\u00e7\u00e3o TEXT<\/h2><p> Voc\u00ea pode usar as etapas abaixo:<\/p><ol type=\"1\"><li> Primeiro insira a fun\u00e7\u00e3o TEXTO em uma c\u00e9lula.<\/li><li> Depois disso, no primeiro argumento, consulte a data original.<\/li><li> Depois, no terceiro argumento, insira o formato da data que deseja obter no resultado.<\/li><li> No final, insira par\u00eanteses de fechamento e pressione Enter para obter o resultado. <\/li><\/ol><div class=\"wp-block-image\"><figure class=\"aligncenter size-full is-resized\"><img loading=\"lazy\" decoding=\"async\" class=\"wp-image-79829\" src=\"https:\/\/exceladvisor.org\/wp-content\/uploads\/2023\/08\/2-convertir-la-date-en-utilisant-la-fonction-de-texte.png\" sizes=\"auto, \" srcset=\"\" alt=\"converter data usando fun\u00e7\u00e3o de texto\" width=\"482\" height=\"269\"><\/figure><\/div><pre class=\"wp-block-code\"> <code class=\"language-excel-formula\" lang=\"excel-formula\">=TEXT(A1,\"dd-mmm-yy\")<\/code><\/pre><h2 class=\"wp-block-heading\"> Obtenha o nome do m\u00eas como texto de uma data<\/h2><p> Na fun\u00e7\u00e3o TEXT voc\u00ea precisa se referir \u00e0 data real no primeiro argumento, depois no segundo argumento voc\u00ea precisa especificar o formato da data que deseja obter no resultado. <\/p><div class=\"wp-block-image\"><figure class=\"aligncenter size-full is-resized\"><img loading=\"lazy\" decoding=\"async\" class=\"wp-image-79830\" src=\"https:\/\/exceladvisor.org\/wp-content\/uploads\/2023\/08\/3-obtenir-le-nom-du-mois-sous-forme-de-texte.png\" sizes=\"auto, \" srcset=\"\" alt=\"obter-nome-do-m\u00eas-como-texto\" width=\"487\" height=\"228\"><\/figure><\/div><p> Nesta f\u00f3rmula, usamos o formato \u201cMMMM\u201d. Este formato informa \u00e0 fun\u00e7\u00e3o TEXT para obter apenas o nome completo do m\u00eas a partir da data como texto.<\/p><pre class=\"wp-block-code\"> <code class=\"language-excel-formula\" lang=\"excel-formula\">=TEXT(A1,\"MMMM\")<\/code><\/pre><p> E se quiser obter o nome abreviado do m\u00eas, basta alterar o formato de \u201cMMMM\u201d para \u201cMMM\u201d. <\/p><div class=\"wp-block-image\"><figure class=\"aligncenter size-full is-resized\"><img loading=\"lazy\" decoding=\"async\" class=\"wp-image-79831\" src=\"https:\/\/exceladvisor.org\/wp-content\/uploads\/2023\/08\/4-obtenir-le-nom-court-du-mois-sous-forme-de-texte.png\" sizes=\"auto, \" srcset=\"\" alt=\"obter-nome-curto-do-m\u00eas-como-texto\" width=\"494\" height=\"259\"><\/figure><\/div><pre class=\"wp-block-code\"> <code class=\"language-excel-formula\" lang=\"excel-formula\">=TEXT(A1,\"MMM\")<\/code><\/pre><h2 class=\"wp-block-heading\"> Obtenha o nome do dia como texto de uma data<\/h2><p> E se voc\u00ea deseja obter o nome do dia como texto da data, voc\u00ea precisa usar a mesma fun\u00e7\u00e3o, ou seja, TEXTO. <\/p><div class=\"wp-block-image\"><figure class=\"aligncenter size-full is-resized\"><img loading=\"lazy\" decoding=\"async\" class=\"wp-image-79832\" src=\"https:\/\/exceladvisor.org\/wp-content\/uploads\/2023\/08\/5-obtenir-le-nom-du-jour-sous-forme-de-texte.png\" sizes=\"auto, \" srcset=\"\" alt=\"obter-nome-do-dia-como-texto\" width=\"509\" height=\"276\"><\/figure><\/div><p> Aqui voc\u00ea usou a mesma fun\u00e7\u00e3o com formato para obter o nome completo do dia.<\/p><pre class=\"wp-block-code\"> <code class=\"language-excel-formula\" lang=\"excel-formula\">=TEXT(A1,\"DDDD\")<\/code><\/pre><p> Para obter o nome abreviado do dia, voc\u00ea pode usar a seguinte f\u00f3rmula. <\/p><pre class=\"wp-block-code\"> <code class=\"language-excel-formula\" lang=\"excel-formula\">=TEXT(A1,\"DDD\")<\/code><\/pre><div class=\"wp-block-image\"><figure class=\"aligncenter size-full is-resized\"><img loading=\"lazy\" decoding=\"async\" class=\"wp-image-79833\" src=\"https:\/\/exceladvisor.org\/wp-content\/uploads\/2023\/08\/6-obtenir-le-nom-du-jour-court-sous-forme-de-texte.png\" sizes=\"auto, \" srcset=\"\" alt=\"obter-nome-do-dia-curto-como-texto\" width=\"513\" height=\"279\"><\/figure><\/div><h2 class=\"wp-block-heading\"> Obtenha uma data em uma frase de texto completa<\/h2><p> Na f\u00f3rmula abaixo, usamos a fun\u00e7\u00e3o TEXT para criar uma frase de texto para definir o nome da data e do dia como uma frase longa. <\/p><pre class=\"wp-block-code\"> <code class=\"language-excel-formula\" lang=\"excel-formula\">=\"The date is \"&amp;TEXT(A1,\"DD, MMMM'YY\")&amp;\" and day is \"&amp;TEXT(A1,\"DDDD\")&amp;\".\"<\/code><\/pre><div class=\"wp-block-image\"><figure class=\"aligncenter size-full is-resized\"><img loading=\"lazy\" decoding=\"async\" class=\"wp-image-79834\" src=\"https:\/\/exceladvisor.org\/wp-content\/uploads\/2023\/08\/7-obtenir-la-date-en-texte-complet.png\" sizes=\"auto, \" srcset=\"\" alt=\"obter data em texto completo\" width=\"793\" height=\"216\"><\/figure><\/div><div class=\"gb-container gb-container-52dfcee1 gb-container-sample-file\"><h2 class=\"gb-headline gb-headline-e289c143 gb-headline-text gb-headline-4f7959c2\"> Obtenha o arquivo Excel<\/h2><p> <a class=\"gb-button gb-button-e88d6bee gb-button-text gb-button-button1\" href=\"https:\/\/exceladvisor.org\/wp-content\/uploads\/2023\/08\/date-au-texte.xlsx\" rel=\"nofollow\">Download<\/a><\/p><\/div><div class=\"gb-container gb-container-0df56012 gb-container-mt\"> <a class=\"gb-button gb-button-f9f432f4 gb-button-text gb-button-mt-button\" href=\"https:\/\/exceladvisor.org\/pt\/formulas\/\">Lista de f\u00f3rmulas do Excel<\/a><h2 class=\"gb-headline gb-headline-233444e8 gb-headline-text gb-headline-mt-heading\"> F\u00f3rmulas relacionadas <\/h2><div class=\"gb-grid-wrapper gb-grid-wrapper-a16fa65c gb-grid-wrapper-mt-grid\"><div class=\"gb-grid-column gb-grid-column-50d07e0d\"><div class=\"gb-container gb-container-50d07e0d\"><ul><li> <a href=\"https:\/\/exceladvisor.org\/pt\/meses-dias-uteis\/\">Dias \u00fateis em um m\u00eas<\/a><\/li><li> <a href=\"https:\/\/exceladvisor.org\/pt\/dias-de-contagem-regressiva\/\">Dias de contagem regressiva<\/a><\/li><li> <a href=\"https:\/\/exceladvisor.org\/pt\/dias-entre-duas-datas\/\">Conte os dias entre duas datas<\/a><\/li><li> <a href=\"https:\/\/exceladvisor.org\/pt\/juliana-encontro-2\/\">Converter para data juliana<\/a><\/li><li> <a href=\"https:\/\/exceladvisor.org\/pt\/domingo-anterior-2\/\">Obtenha o domingo anterior<\/a> <\/li><\/ul><\/div><\/div><div class=\"gb-grid-column gb-grid-column-5b4a0cf9\"><div class=\"gb-container gb-container-5b4a0cf9\"><\/div><\/div><\/div><\/div>","protected":false},"excerpt":{"rendered":"","protected":false},"author":1,"featured_media":0,"parent":0,"menu_order":0,"comment_status":"open","ping_status":"closed","template":"","meta":{"ub_ctt_via":"","footnotes":""},"class_list":["post-234","page","type-page","status-publish","hentry"],"featured_image_src":null,"yoast_head":"<!-- This site is optimized with the Yoast SEO plugin v25.4 - https:\/\/yoast.com\/wordpress\/plugins\/seo\/ -->\n<title>Como converter data em texto no Excel? (Tutorial 2023)<\/title>\n<meta name=\"description\" content=\"Este tutorial ensinar\u00e1 como escrever uma f\u00f3rmula Excel para converter uma data em texto. Vamos verificar isso\u2026\" \/>\n<meta name=\"robots\" content=\"index, follow, max-snippet:-1, max-image-preview:large, max-video-preview:-1\" \/>\n<link rel=\"canonical\" href=\"https:\/\/exceladvisor.org\/pt\/data-para-texto-2\/\" \/>\n<meta property=\"og:locale\" content=\"pt_PT\" \/>\n<meta property=\"og:type\" content=\"article\" \/>\n<meta property=\"og:title\" content=\"Como converter data em texto no Excel? (Tutorial 2023)\" \/>\n<meta property=\"og:description\" content=\"Este tutorial ensinar\u00e1 como escrever uma f\u00f3rmula Excel para converter uma data em texto. Vamos verificar isso\u2026\" \/>\n<meta property=\"og:url\" content=\"https:\/\/exceladvisor.org\/pt\/data-para-texto-2\/\" \/>\n<meta property=\"og:site_name\" content=\"Excel Advisor\" \/>\n<meta property=\"article:modified_time\" content=\"2023-12-06T11:35:45+00:00\" \/>\n<meta property=\"og:image\" content=\"https:\/\/exceladvisor.org\/wp-content\/uploads\/2023\/08\/1-convertir-la-date-en-texte.png\" \/>\n<meta name=\"twitter:card\" content=\"summary_large_image\" \/>\n<meta name=\"twitter:label1\" content=\"Tempo estimado de leitura\" \/>\n\t<meta name=\"twitter:data1\" content=\"2 minutos\" \/>\n<script type=\"application\/ld+json\" class=\"yoast-schema-graph\">{\"@context\":\"https:\/\/schema.org\",\"@graph\":[{\"@type\":\"WebPage\",\"@id\":\"https:\/\/exceladvisor.org\/pt\/data-para-texto-2\/\",\"url\":\"https:\/\/exceladvisor.org\/pt\/data-para-texto-2\/\",\"name\":\"Como converter data em texto no Excel? (Tutorial 2023)\",\"isPartOf\":{\"@id\":\"https:\/\/exceladvisor.org\/pt\/#website\"},\"primaryImageOfPage\":{\"@id\":\"https:\/\/exceladvisor.org\/pt\/data-para-texto-2\/#primaryimage\"},\"image\":{\"@id\":\"https:\/\/exceladvisor.org\/pt\/data-para-texto-2\/#primaryimage\"},\"thumbnailUrl\":\"https:\/\/exceladvisor.org\/wp-content\/uploads\/2023\/08\/1-convertir-la-date-en-texte.png\",\"datePublished\":\"2023-11-10T10:05:13+00:00\",\"dateModified\":\"2023-12-06T11:35:45+00:00\",\"description\":\"Este tutorial ensinar\u00e1 como escrever uma f\u00f3rmula Excel para converter uma data em texto. Vamos verificar isso\u2026\",\"breadcrumb\":{\"@id\":\"https:\/\/exceladvisor.org\/pt\/data-para-texto-2\/#breadcrumb\"},\"inLanguage\":\"pt-PT\",\"potentialAction\":[{\"@type\":\"ReadAction\",\"target\":[\"https:\/\/exceladvisor.org\/pt\/data-para-texto-2\/\"]}]},{\"@type\":\"ImageObject\",\"inLanguage\":\"pt-PT\",\"@id\":\"https:\/\/exceladvisor.org\/pt\/data-para-texto-2\/#primaryimage\",\"url\":\"https:\/\/exceladvisor.org\/wp-content\/uploads\/2023\/08\/1-convertir-la-date-en-texte.png\",\"contentUrl\":\"https:\/\/exceladvisor.org\/wp-content\/uploads\/2023\/08\/1-convertir-la-date-en-texte.png\"},{\"@type\":\"BreadcrumbList\",\"@id\":\"https:\/\/exceladvisor.org\/pt\/data-para-texto-2\/#breadcrumb\",\"itemListElement\":[{\"@type\":\"ListItem\",\"position\":1,\"name\":\"Lar\",\"item\":\"https:\/\/exceladvisor.org\/pt\/\"},{\"@type\":\"ListItem\",\"position\":2,\"name\":\"Como converter data em texto no excel?\"}]},{\"@type\":\"WebSite\",\"@id\":\"https:\/\/exceladvisor.org\/pt\/#website\",\"url\":\"https:\/\/exceladvisor.org\/pt\/\",\"name\":\"Excel Advisor\",\"description\":\"O seu guia definitivo para dominar os dados!\",\"publisher\":{\"@id\":\"https:\/\/exceladvisor.org\/pt\/#organization\"},\"potentialAction\":[{\"@type\":\"SearchAction\",\"target\":{\"@type\":\"EntryPoint\",\"urlTemplate\":\"https:\/\/exceladvisor.org\/pt\/?s={search_term_string}\"},\"query-input\":{\"@type\":\"PropertyValueSpecification\",\"valueRequired\":true,\"valueName\":\"search_term_string\"}}],\"inLanguage\":\"pt-PT\"},{\"@type\":\"Organization\",\"@id\":\"https:\/\/exceladvisor.org\/pt\/#organization\",\"name\":\"Excel Advisor\",\"url\":\"https:\/\/exceladvisor.org\/pt\/\",\"logo\":{\"@type\":\"ImageObject\",\"inLanguage\":\"pt-PT\",\"@id\":\"https:\/\/exceladvisor.org\/pt\/#\/schema\/logo\/image\/\",\"url\":\"https:\/\/exceladvisor.org\/pt\/wp-content\/uploads\/2023\/12\/exceladvisor.org_.png\",\"contentUrl\":\"https:\/\/exceladvisor.org\/pt\/wp-content\/uploads\/2023\/12\/exceladvisor.org_.png\",\"width\":105,\"height\":36,\"caption\":\"Excel Advisor\"},\"image\":{\"@id\":\"https:\/\/exceladvisor.org\/pt\/#\/schema\/logo\/image\/\"}}]}<\/script>\n<!-- \/ Yoast SEO plugin. -->","yoast_head_json":{"title":"Como converter data em texto no Excel? (Tutorial 2023)","description":"Este tutorial ensinar\u00e1 como escrever uma f\u00f3rmula Excel para converter uma data em texto. Vamos verificar isso\u2026","robots":{"index":"index","follow":"follow","max-snippet":"max-snippet:-1","max-image-preview":"max-image-preview:large","max-video-preview":"max-video-preview:-1"},"canonical":"https:\/\/exceladvisor.org\/pt\/data-para-texto-2\/","og_locale":"pt_PT","og_type":"article","og_title":"Como converter data em texto no Excel? (Tutorial 2023)","og_description":"Este tutorial ensinar\u00e1 como escrever uma f\u00f3rmula Excel para converter uma data em texto. Vamos verificar isso\u2026","og_url":"https:\/\/exceladvisor.org\/pt\/data-para-texto-2\/","og_site_name":"Excel Advisor","article_modified_time":"2023-12-06T11:35:45+00:00","og_image":[{"url":"https:\/\/exceladvisor.org\/wp-content\/uploads\/2023\/08\/1-convertir-la-date-en-texte.png","type":"","width":"","height":""}],"twitter_card":"summary_large_image","twitter_misc":{"Tempo estimado de leitura":"2 minutos"},"schema":{"@context":"https:\/\/schema.org","@graph":[{"@type":"WebPage","@id":"https:\/\/exceladvisor.org\/pt\/data-para-texto-2\/","url":"https:\/\/exceladvisor.org\/pt\/data-para-texto-2\/","name":"Como converter data em texto no Excel? (Tutorial 2023)","isPartOf":{"@id":"https:\/\/exceladvisor.org\/pt\/#website"},"primaryImageOfPage":{"@id":"https:\/\/exceladvisor.org\/pt\/data-para-texto-2\/#primaryimage"},"image":{"@id":"https:\/\/exceladvisor.org\/pt\/data-para-texto-2\/#primaryimage"},"thumbnailUrl":"https:\/\/exceladvisor.org\/wp-content\/uploads\/2023\/08\/1-convertir-la-date-en-texte.png","datePublished":"2023-11-10T10:05:13+00:00","dateModified":"2023-12-06T11:35:45+00:00","description":"Este tutorial ensinar\u00e1 como escrever uma f\u00f3rmula Excel para converter uma data em texto. Vamos verificar isso\u2026","breadcrumb":{"@id":"https:\/\/exceladvisor.org\/pt\/data-para-texto-2\/#breadcrumb"},"inLanguage":"pt-PT","potentialAction":[{"@type":"ReadAction","target":["https:\/\/exceladvisor.org\/pt\/data-para-texto-2\/"]}]},{"@type":"ImageObject","inLanguage":"pt-PT","@id":"https:\/\/exceladvisor.org\/pt\/data-para-texto-2\/#primaryimage","url":"https:\/\/exceladvisor.org\/wp-content\/uploads\/2023\/08\/1-convertir-la-date-en-texte.png","contentUrl":"https:\/\/exceladvisor.org\/wp-content\/uploads\/2023\/08\/1-convertir-la-date-en-texte.png"},{"@type":"BreadcrumbList","@id":"https:\/\/exceladvisor.org\/pt\/data-para-texto-2\/#breadcrumb","itemListElement":[{"@type":"ListItem","position":1,"name":"Lar","item":"https:\/\/exceladvisor.org\/pt\/"},{"@type":"ListItem","position":2,"name":"Como converter data em texto no excel?"}]},{"@type":"WebSite","@id":"https:\/\/exceladvisor.org\/pt\/#website","url":"https:\/\/exceladvisor.org\/pt\/","name":"Excel Advisor","description":"O seu guia definitivo para dominar os dados!","publisher":{"@id":"https:\/\/exceladvisor.org\/pt\/#organization"},"potentialAction":[{"@type":"SearchAction","target":{"@type":"EntryPoint","urlTemplate":"https:\/\/exceladvisor.org\/pt\/?s={search_term_string}"},"query-input":{"@type":"PropertyValueSpecification","valueRequired":true,"valueName":"search_term_string"}}],"inLanguage":"pt-PT"},{"@type":"Organization","@id":"https:\/\/exceladvisor.org\/pt\/#organization","name":"Excel Advisor","url":"https:\/\/exceladvisor.org\/pt\/","logo":{"@type":"ImageObject","inLanguage":"pt-PT","@id":"https:\/\/exceladvisor.org\/pt\/#\/schema\/logo\/image\/","url":"https:\/\/exceladvisor.org\/pt\/wp-content\/uploads\/2023\/12\/exceladvisor.org_.png","contentUrl":"https:\/\/exceladvisor.org\/pt\/wp-content\/uploads\/2023\/12\/exceladvisor.org_.png","width":105,"height":36,"caption":"Excel Advisor"},"image":{"@id":"https:\/\/exceladvisor.org\/pt\/#\/schema\/logo\/image\/"}}]}},"yoast_meta":{"yoast_wpseo_title":"","yoast_wpseo_metadesc":"","yoast_wpseo_canonical":""},"_links":{"self":[{"href":"https:\/\/exceladvisor.org\/pt\/wp-json\/wp\/v2\/pages\/234","targetHints":{"allow":["GET"]}}],"collection":[{"href":"https:\/\/exceladvisor.org\/pt\/wp-json\/wp\/v2\/pages"}],"about":[{"href":"https:\/\/exceladvisor.org\/pt\/wp-json\/wp\/v2\/types\/page"}],"author":[{"embeddable":true,"href":"https:\/\/exceladvisor.org\/pt\/wp-json\/wp\/v2\/users\/1"}],"replies":[{"embeddable":true,"href":"https:\/\/exceladvisor.org\/pt\/wp-json\/wp\/v2\/comments?post=234"}],"version-history":[{"count":1,"href":"https:\/\/exceladvisor.org\/pt\/wp-json\/wp\/v2\/pages\/234\/revisions"}],"predecessor-version":[{"id":933,"href":"https:\/\/exceladvisor.org\/pt\/wp-json\/wp\/v2\/pages\/234\/revisions\/933"}],"wp:attachment":[{"href":"https:\/\/exceladvisor.org\/pt\/wp-json\/wp\/v2\/media?parent=234"}],"curies":[{"name":"wp","href":"https:\/\/api.w.org\/{rel}","templated":true}]}}