{"id":235,"date":"2023-11-10T10:02:59","date_gmt":"2023-11-10T10:02:59","guid":{"rendered":"https:\/\/exceladvisor.org\/pt\/a-media-exclui-zeros-2\/"},"modified":"2023-12-06T11:51:10","modified_gmt":"2023-12-06T11:51:10","slug":"a-media-exclui-zeros-2","status":"publish","type":"page","link":"https:\/\/exceladvisor.org\/pt\/a-media-exclui-zeros-2\/","title":{"rendered":"N\u00famero m\u00e9dio, mas exclui zeros (0) no excel"},"content":{"rendered":"<div class=\"excel-before-content-2\" id=\"excel-563174457\"><script type=\"text\/javascript\">\r\n\tatOptions = {\r\n\t\t'key' : 'c1158f160081d6540a8409e6925dab94',\r\n\t\t'format' : 'iframe',\r\n\t\t'height' : 250,\r\n\t\t'width' : 300,\r\n\t\t'params' : {}\r\n\t};\r\n<\/script>\r\n<script type=\"text\/javascript\" src=\"\/\/www.highperformanceformat.com\/c1158f160081d6540a8409e6925dab94\/invoke.js\"><\/script><\/div><div class=\"excel-before-content\" id=\"excel-1335575243\"><script type=\"text\/javascript\">\r\n\tatOptions = {\r\n\t\t'key' : 'c1158f160081d6540a8409e6925dab94',\r\n\t\t'format' : 'iframe',\r\n\t\t'height' : 250,\r\n\t\t'width' : 300,\r\n\t\t'params' : {}\r\n\t};\r\n<\/script>\r\n<script type=\"text\/javascript\" src=\"\/\/www.highperformanceformat.com\/c1158f160081d6540a8409e6925dab94\/invoke.js\"><\/script><\/div> <p>Ao calcular a m\u00e9dia dos valores no Excel, voc\u00ea pode escrever uma f\u00f3rmula para excluir ou ignorar c\u00e9lulas com zero. Neste tutorial, veremos como escrever esta f\u00f3rmula m\u00e9dia. <\/p><div class=\"wp-block-image\"><figure class=\"aligncenter size-full is-resized\"><img loading=\"lazy\" decoding=\"async\" class=\"wp-image-79247\" src=\"https:\/\/exceladvisor.org\/wp-content\/uploads\/2023\/08\/1-valeur-moyenne-dans-les-cellules.png\" sizes=\"auto, \" srcset=\"\" alt=\"valor m\u00e9dio em c\u00e9lulas\" width=\"557\" height=\"375\"><\/figure><\/div><h2 id=\"h-ignore-zero-while-averaging-values-in-excel\" class=\"wp-block-heading\"> Ignore zero ao calcular a m\u00e9dia dos valores no Excel<\/h2><p> Voc\u00ea pode usar as etapas abaixo:<\/p><ol type=\"1\"><li> Primeiro insira a fun\u00e7\u00e3o AVERAGEIF em uma c\u00e9lula.<\/li><li> Depois disso, no primeiro argumento, consulte o intervalo onde voc\u00ea possui valores.<\/li><li> Agora, no segundo argumento, insira \u201c&gt;0\u201d. Isso diz ao Excel para <a href=\"https:\/\/exceladvisor.org\/pt\/maior-que-igual-a\/\">incluir apenas valores maiores que<\/a> zero.<\/li><li> No final, insira par\u00eanteses de fechamento e pressione Enter para obter o resultado. <\/li><\/ol><div class=\"wp-block-image\"><figure class=\"aligncenter size-full is-resized\"><img loading=\"lazy\" decoding=\"async\" class=\"wp-image-79248\" src=\"https:\/\/exceladvisor.org\/wp-content\/uploads\/2023\/08\/2-moyennesi-pour-ignorer-les-zeros.png\" sizes=\"auto, \" srcset=\"\" alt=\"significa ignorar zeros\" width=\"599\" height=\"401\"><\/figure><\/div><p class=\"grey-note\"> Voc\u00ea n\u00e3o precisa especificar intervalo_m\u00e9dio, que \u00e9 um argumento opcional. Quando voc\u00ea n\u00e3o o especifica, AVERAGEIF calcula a m\u00e9dia dos valores no intervalo especificado nos crit\u00e9rios de intervalo.<\/p><p> Abaixo voc\u00ea pode ver a diferen\u00e7a entre o resultado m\u00e9dio quando voc\u00ea exclui zeros e quando inclui zeros. <\/p><div class=\"wp-block-image\"><figure class=\"aligncenter size-full is-resized\"><img loading=\"lazy\" decoding=\"async\" class=\"wp-image-79249\" src=\"https:\/\/exceladvisor.org\/wp-content\/uploads\/2023\/08\/3-resultat-moyen-quand-exclure-zero.png\" sizes=\"auto, \" srcset=\"\" alt=\"resultado m\u00e9dio quando excluindo zero\" width=\"526\" height=\"354\"><\/figure><\/div><div class=\"gb-container gb-container-52dfcee1 gb-container-sample-file\"><h2 class=\"gb-headline gb-headline-e289c143 gb-headline-text gb-headline-4f7959c2\"> Obtenha o arquivo Excel<\/h2><p> <a class=\"gb-button gb-button-e88d6bee gb-button-text gb-button-button1\" href=\"https:\/\/exceladvisor.org\/wp-content\/uploads\/2023\/08\/la-moyenne-exclut-les-zeros.xlsx\" rel=\"nofollow\">Download<\/a><\/p><\/div><div class=\"gb-container gb-container-0df56012 gb-container-mt\"> <a class=\"gb-button gb-button-f9f432f4 gb-button-text gb-button-mt-button\" href=\"https:\/\/exceladvisor.org\/pt\/formulas\/\">Lista de f\u00f3rmulas do Excel<\/a><h2 class=\"gb-headline gb-headline-233444e8 gb-headline-text gb-headline-mt-heading\"> F\u00f3rmulas relacionadas <\/h2><div class=\"gb-grid-wrapper gb-grid-wrapper-a16fa65c gb-grid-wrapper-mt-grid\"><div class=\"gb-grid-column gb-grid-column-50d07e0d\"><div class=\"gb-container gb-container-50d07e0d\"><ul><li> <a href=\"https:\/\/exceladvisor.org\/pt\/valores-maximos-medios\/\">M\u00e9dia dos 5 valores mais altos do Excel<\/a><\/li><li> <a href=\"https:\/\/exceladvisor.org\/pt\/media-ponderada\/\">Calcular m\u00e9dia ponderada no Excel<\/a><\/li><li> <a href=\"https:\/\/exceladvisor.org\/pt\/media-de-erros-ignorados-2\/\">Erros m\u00e9dios, mas ignorados (#N\/A e outros erros)<\/a><\/li><li> <a href=\"https:\/\/exceladvisor.org\/pt\/media-de-celulas-nao-vazias-2\/\">M\u00e9dia apenas de c\u00e9lulas n\u00e3o vazias<\/a><\/li><li> <a href=\"https:\/\/exceladvisor.org\/pt\/porcentagem-media-2\/\">Calcule a m\u00e9dia dos valores percentuais<\/a> <\/li><\/ul><\/div><\/div><div class=\"gb-grid-column gb-grid-column-5b4a0cf9\"><div class=\"gb-container gb-container-5b4a0cf9\"><\/div><\/div><\/div><\/div>","protected":false},"excerpt":{"rendered":"","protected":false},"author":1,"featured_media":0,"parent":0,"menu_order":0,"comment_status":"open","ping_status":"closed","template":"","meta":{"ub_ctt_via":"","footnotes":""},"class_list":["post-235","page","type-page","status-publish","hentry"],"featured_image_src":null,"yoast_head":"<!-- This site is optimized with the Yoast SEO plugin v25.4 - https:\/\/yoast.com\/wordpress\/plugins\/seo\/ -->\n<title>N\u00famero m\u00e9dio, mas exclui zeros (0) no Excel<\/title>\n<meta name=\"description\" content=\"Este tutorial ensinar\u00e1 como escrever f\u00f3rmulas do Excel para os valores m\u00e9dios de um intervalo de c\u00e9lulas, excluindo zeros. Vamos verificar isso\u2026\" \/>\n<meta name=\"robots\" content=\"index, follow, max-snippet:-1, max-image-preview:large, max-video-preview:-1\" \/>\n<link rel=\"canonical\" href=\"https:\/\/exceladvisor.org\/pt\/a-media-exclui-zeros-2\/\" \/>\n<meta property=\"og:locale\" content=\"pt_PT\" \/>\n<meta property=\"og:type\" content=\"article\" \/>\n<meta property=\"og:title\" content=\"N\u00famero m\u00e9dio, mas exclui zeros (0) no Excel\" \/>\n<meta property=\"og:description\" content=\"Este tutorial ensinar\u00e1 como escrever f\u00f3rmulas do Excel para os valores m\u00e9dios de um intervalo de c\u00e9lulas, excluindo zeros. Vamos verificar isso\u2026\" \/>\n<meta property=\"og:url\" content=\"https:\/\/exceladvisor.org\/pt\/a-media-exclui-zeros-2\/\" \/>\n<meta property=\"og:site_name\" content=\"Excel Advisor\" \/>\n<meta property=\"article:modified_time\" content=\"2023-12-06T11:51:10+00:00\" \/>\n<meta property=\"og:image\" content=\"https:\/\/exceladvisor.org\/wp-content\/uploads\/2023\/08\/1-valeur-moyenne-dans-les-cellules.png\" \/>\n<meta name=\"twitter:card\" content=\"summary_large_image\" \/>\n<meta name=\"twitter:label1\" content=\"Tempo estimado de leitura\" \/>\n\t<meta name=\"twitter:data1\" content=\"1 minuto\" \/>\n<script type=\"application\/ld+json\" class=\"yoast-schema-graph\">{\"@context\":\"https:\/\/schema.org\",\"@graph\":[{\"@type\":\"WebPage\",\"@id\":\"https:\/\/exceladvisor.org\/pt\/a-media-exclui-zeros-2\/\",\"url\":\"https:\/\/exceladvisor.org\/pt\/a-media-exclui-zeros-2\/\",\"name\":\"N\u00famero m\u00e9dio, mas exclui zeros (0) no Excel\",\"isPartOf\":{\"@id\":\"https:\/\/exceladvisor.org\/pt\/#website\"},\"primaryImageOfPage\":{\"@id\":\"https:\/\/exceladvisor.org\/pt\/a-media-exclui-zeros-2\/#primaryimage\"},\"image\":{\"@id\":\"https:\/\/exceladvisor.org\/pt\/a-media-exclui-zeros-2\/#primaryimage\"},\"thumbnailUrl\":\"https:\/\/exceladvisor.org\/wp-content\/uploads\/2023\/08\/1-valeur-moyenne-dans-les-cellules.png\",\"datePublished\":\"2023-11-10T10:02:59+00:00\",\"dateModified\":\"2023-12-06T11:51:10+00:00\",\"description\":\"Este tutorial ensinar\u00e1 como escrever f\u00f3rmulas do Excel para os valores m\u00e9dios de um intervalo de c\u00e9lulas, excluindo zeros. Vamos verificar isso\u2026\",\"breadcrumb\":{\"@id\":\"https:\/\/exceladvisor.org\/pt\/a-media-exclui-zeros-2\/#breadcrumb\"},\"inLanguage\":\"pt-PT\",\"potentialAction\":[{\"@type\":\"ReadAction\",\"target\":[\"https:\/\/exceladvisor.org\/pt\/a-media-exclui-zeros-2\/\"]}]},{\"@type\":\"ImageObject\",\"inLanguage\":\"pt-PT\",\"@id\":\"https:\/\/exceladvisor.org\/pt\/a-media-exclui-zeros-2\/#primaryimage\",\"url\":\"https:\/\/exceladvisor.org\/wp-content\/uploads\/2023\/08\/1-valeur-moyenne-dans-les-cellules.png\",\"contentUrl\":\"https:\/\/exceladvisor.org\/wp-content\/uploads\/2023\/08\/1-valeur-moyenne-dans-les-cellules.png\"},{\"@type\":\"BreadcrumbList\",\"@id\":\"https:\/\/exceladvisor.org\/pt\/a-media-exclui-zeros-2\/#breadcrumb\",\"itemListElement\":[{\"@type\":\"ListItem\",\"position\":1,\"name\":\"Lar\",\"item\":\"https:\/\/exceladvisor.org\/pt\/\"},{\"@type\":\"ListItem\",\"position\":2,\"name\":\"N\u00famero m\u00e9dio, mas exclui zeros (0) no excel\"}]},{\"@type\":\"WebSite\",\"@id\":\"https:\/\/exceladvisor.org\/pt\/#website\",\"url\":\"https:\/\/exceladvisor.org\/pt\/\",\"name\":\"Excel Advisor\",\"description\":\"O seu guia definitivo para dominar os dados!\",\"publisher\":{\"@id\":\"https:\/\/exceladvisor.org\/pt\/#organization\"},\"potentialAction\":[{\"@type\":\"SearchAction\",\"target\":{\"@type\":\"EntryPoint\",\"urlTemplate\":\"https:\/\/exceladvisor.org\/pt\/?s={search_term_string}\"},\"query-input\":{\"@type\":\"PropertyValueSpecification\",\"valueRequired\":true,\"valueName\":\"search_term_string\"}}],\"inLanguage\":\"pt-PT\"},{\"@type\":\"Organization\",\"@id\":\"https:\/\/exceladvisor.org\/pt\/#organization\",\"name\":\"Excel Advisor\",\"url\":\"https:\/\/exceladvisor.org\/pt\/\",\"logo\":{\"@type\":\"ImageObject\",\"inLanguage\":\"pt-PT\",\"@id\":\"https:\/\/exceladvisor.org\/pt\/#\/schema\/logo\/image\/\",\"url\":\"https:\/\/exceladvisor.org\/pt\/wp-content\/uploads\/2023\/12\/exceladvisor.org_.png\",\"contentUrl\":\"https:\/\/exceladvisor.org\/pt\/wp-content\/uploads\/2023\/12\/exceladvisor.org_.png\",\"width\":105,\"height\":36,\"caption\":\"Excel Advisor\"},\"image\":{\"@id\":\"https:\/\/exceladvisor.org\/pt\/#\/schema\/logo\/image\/\"}}]}<\/script>\n<!-- \/ Yoast SEO plugin. -->","yoast_head_json":{"title":"N\u00famero m\u00e9dio, mas exclui zeros (0) no Excel","description":"Este tutorial ensinar\u00e1 como escrever f\u00f3rmulas do Excel para os valores m\u00e9dios de um intervalo de c\u00e9lulas, excluindo zeros. Vamos verificar isso\u2026","robots":{"index":"index","follow":"follow","max-snippet":"max-snippet:-1","max-image-preview":"max-image-preview:large","max-video-preview":"max-video-preview:-1"},"canonical":"https:\/\/exceladvisor.org\/pt\/a-media-exclui-zeros-2\/","og_locale":"pt_PT","og_type":"article","og_title":"N\u00famero m\u00e9dio, mas exclui zeros (0) no Excel","og_description":"Este tutorial ensinar\u00e1 como escrever f\u00f3rmulas do Excel para os valores m\u00e9dios de um intervalo de c\u00e9lulas, excluindo zeros. Vamos verificar isso\u2026","og_url":"https:\/\/exceladvisor.org\/pt\/a-media-exclui-zeros-2\/","og_site_name":"Excel Advisor","article_modified_time":"2023-12-06T11:51:10+00:00","og_image":[{"url":"https:\/\/exceladvisor.org\/wp-content\/uploads\/2023\/08\/1-valeur-moyenne-dans-les-cellules.png","type":"","width":"","height":""}],"twitter_card":"summary_large_image","twitter_misc":{"Tempo estimado de leitura":"1 minuto"},"schema":{"@context":"https:\/\/schema.org","@graph":[{"@type":"WebPage","@id":"https:\/\/exceladvisor.org\/pt\/a-media-exclui-zeros-2\/","url":"https:\/\/exceladvisor.org\/pt\/a-media-exclui-zeros-2\/","name":"N\u00famero m\u00e9dio, mas exclui zeros (0) no Excel","isPartOf":{"@id":"https:\/\/exceladvisor.org\/pt\/#website"},"primaryImageOfPage":{"@id":"https:\/\/exceladvisor.org\/pt\/a-media-exclui-zeros-2\/#primaryimage"},"image":{"@id":"https:\/\/exceladvisor.org\/pt\/a-media-exclui-zeros-2\/#primaryimage"},"thumbnailUrl":"https:\/\/exceladvisor.org\/wp-content\/uploads\/2023\/08\/1-valeur-moyenne-dans-les-cellules.png","datePublished":"2023-11-10T10:02:59+00:00","dateModified":"2023-12-06T11:51:10+00:00","description":"Este tutorial ensinar\u00e1 como escrever f\u00f3rmulas do Excel para os valores m\u00e9dios de um intervalo de c\u00e9lulas, excluindo zeros. Vamos verificar isso\u2026","breadcrumb":{"@id":"https:\/\/exceladvisor.org\/pt\/a-media-exclui-zeros-2\/#breadcrumb"},"inLanguage":"pt-PT","potentialAction":[{"@type":"ReadAction","target":["https:\/\/exceladvisor.org\/pt\/a-media-exclui-zeros-2\/"]}]},{"@type":"ImageObject","inLanguage":"pt-PT","@id":"https:\/\/exceladvisor.org\/pt\/a-media-exclui-zeros-2\/#primaryimage","url":"https:\/\/exceladvisor.org\/wp-content\/uploads\/2023\/08\/1-valeur-moyenne-dans-les-cellules.png","contentUrl":"https:\/\/exceladvisor.org\/wp-content\/uploads\/2023\/08\/1-valeur-moyenne-dans-les-cellules.png"},{"@type":"BreadcrumbList","@id":"https:\/\/exceladvisor.org\/pt\/a-media-exclui-zeros-2\/#breadcrumb","itemListElement":[{"@type":"ListItem","position":1,"name":"Lar","item":"https:\/\/exceladvisor.org\/pt\/"},{"@type":"ListItem","position":2,"name":"N\u00famero m\u00e9dio, mas exclui zeros (0) no excel"}]},{"@type":"WebSite","@id":"https:\/\/exceladvisor.org\/pt\/#website","url":"https:\/\/exceladvisor.org\/pt\/","name":"Excel Advisor","description":"O seu guia definitivo para dominar os dados!","publisher":{"@id":"https:\/\/exceladvisor.org\/pt\/#organization"},"potentialAction":[{"@type":"SearchAction","target":{"@type":"EntryPoint","urlTemplate":"https:\/\/exceladvisor.org\/pt\/?s={search_term_string}"},"query-input":{"@type":"PropertyValueSpecification","valueRequired":true,"valueName":"search_term_string"}}],"inLanguage":"pt-PT"},{"@type":"Organization","@id":"https:\/\/exceladvisor.org\/pt\/#organization","name":"Excel Advisor","url":"https:\/\/exceladvisor.org\/pt\/","logo":{"@type":"ImageObject","inLanguage":"pt-PT","@id":"https:\/\/exceladvisor.org\/pt\/#\/schema\/logo\/image\/","url":"https:\/\/exceladvisor.org\/pt\/wp-content\/uploads\/2023\/12\/exceladvisor.org_.png","contentUrl":"https:\/\/exceladvisor.org\/pt\/wp-content\/uploads\/2023\/12\/exceladvisor.org_.png","width":105,"height":36,"caption":"Excel Advisor"},"image":{"@id":"https:\/\/exceladvisor.org\/pt\/#\/schema\/logo\/image\/"}}]}},"yoast_meta":{"yoast_wpseo_title":"","yoast_wpseo_metadesc":"","yoast_wpseo_canonical":""},"_links":{"self":[{"href":"https:\/\/exceladvisor.org\/pt\/wp-json\/wp\/v2\/pages\/235","targetHints":{"allow":["GET"]}}],"collection":[{"href":"https:\/\/exceladvisor.org\/pt\/wp-json\/wp\/v2\/pages"}],"about":[{"href":"https:\/\/exceladvisor.org\/pt\/wp-json\/wp\/v2\/types\/page"}],"author":[{"embeddable":true,"href":"https:\/\/exceladvisor.org\/pt\/wp-json\/wp\/v2\/users\/1"}],"replies":[{"embeddable":true,"href":"https:\/\/exceladvisor.org\/pt\/wp-json\/wp\/v2\/comments?post=235"}],"version-history":[{"count":1,"href":"https:\/\/exceladvisor.org\/pt\/wp-json\/wp\/v2\/pages\/235\/revisions"}],"predecessor-version":[{"id":1452,"href":"https:\/\/exceladvisor.org\/pt\/wp-json\/wp\/v2\/pages\/235\/revisions\/1452"}],"wp:attachment":[{"href":"https:\/\/exceladvisor.org\/pt\/wp-json\/wp\/v2\/media?parent=235"}],"curies":[{"name":"wp","href":"https:\/\/api.w.org\/{rel}","templated":true}]}}