{"id":236,"date":"2023-11-10T09:45:03","date_gmt":"2023-11-10T09:45:03","guid":{"rendered":"https:\/\/exceladvisor.org\/pt\/segundos-a-horas-minutos\/"},"modified":"2023-12-06T11:35:50","modified_gmt":"2023-12-06T11:35:50","slug":"segundos-a-horas-minutos","status":"publish","type":"page","link":"https:\/\/exceladvisor.org\/pt\/segundos-a-horas-minutos\/","title":{"rendered":"Como converter segundos em horas e minutos?"},"content":{"rendered":"<div class=\"excel-before-content-2\" id=\"excel-1785405721\"><script type=\"text\/javascript\">\r\n\tatOptions = {\r\n\t\t'key' : 'c1158f160081d6540a8409e6925dab94',\r\n\t\t'format' : 'iframe',\r\n\t\t'height' : 250,\r\n\t\t'width' : 300,\r\n\t\t'params' : {}\r\n\t};\r\n<\/script>\r\n<script type=\"text\/javascript\" src=\"\/\/www.highperformanceformat.com\/c1158f160081d6540a8409e6925dab94\/invoke.js\"><\/script><\/div><div class=\"excel-before-content\" id=\"excel-3636035740\"><script type=\"text\/javascript\">\r\n\tatOptions = {\r\n\t\t'key' : 'c1158f160081d6540a8409e6925dab94',\r\n\t\t'format' : 'iframe',\r\n\t\t'height' : 250,\r\n\t\t'width' : 300,\r\n\t\t'params' : {}\r\n\t};\r\n<\/script>\r\n<script type=\"text\/javascript\" src=\"\/\/www.highperformanceformat.com\/c1158f160081d6540a8409e6925dab94\/invoke.js\"><\/script><\/div> <p>Para converter segundos em horas ou minutos no Excel, voc\u00ea precisa dividir o valor dos segundos que voc\u00ea tem pelo n\u00famero total de segundos que voc\u00ea tem em um \u00fanico dia. Depois disso, voc\u00ea precisa alterar o formato para horas e minutos. <\/p><div class=\"wp-block-image\"><figure class=\"aligncenter size-full is-resized\"><img loading=\"lazy\" decoding=\"async\" class=\"wp-image-80514\" src=\"https:\/\/exceladvisor.org\/wp-content\/uploads\/2023\/08\/1-convertir-les-secondes-en-heures-et-minutes.png\" sizes=\"auto, \" srcset=\"\" alt=\"converter segundos em horas e minutos\" width=\"583\" height=\"268\"><\/figure><\/div><p> Neste tutorial, voc\u00ea aprender\u00e1 como escrever e compreender essas f\u00f3rmulas detalhadamente. Para sua refer\u00eancia, no exemplo abaixo voc\u00ea tem 10.000 segundos na c\u00e9lula A1. <\/p><div class=\"wp-block-image\"><figure class=\"aligncenter size-full is-resized\"><img loading=\"lazy\" decoding=\"async\" class=\"wp-image-80515\" src=\"https:\/\/exceladvisor.org\/wp-content\/uploads\/2023\/08\/2-secondes-comme-valeurs.png\" sizes=\"auto, \" srcset=\"\" alt=\"segundos como valores\" width=\"433\" height=\"194\"><\/figure><\/div><h2 class=\"wp-block-heading\"> Converter segundos em horas (hh:mm:ss)<\/h2><p> Aqui est\u00e3o as etapas para escrever esta f\u00f3rmula:<\/p><ol><li> Primeiro, em uma c\u00e9lula, insira a f\u00f3rmula para dividir os segundos por 86.400 (o n\u00famero total de segundos em um dia). <br><img loading=\"lazy\" decoding=\"async\" title=\"3-divide-os-segundos\" src=\"https:\/\/exceladvisor.org\/wp-content\/uploads\/2023\/08\/3-diviser-les-secondes.png\" sizes=\"auto, \" srcset=\"\" alt=\"divide-the-seconds\" width=\"515\" height=\"262\"><\/li><li> Depois disso, abra <a href=\"https:\/\/exceladvisor.org\/pt\/abrir-opcoes-de-formato-de-celula\/\">Op\u00e7\u00f5es de formato (Ctrl+1)<\/a> . <br><img loading=\"lazy\" decoding=\"async\" title=\"Formato aberto de 4 c\u00e9lulas\" src=\"https:\/\/exceladvisor.org\/wp-content\/uploads\/2023\/08\/4-cellules-au-format-ouvert.png\" sizes=\"auto, \" srcset=\"\" alt=\"open-format-cells\" width=\"513\" height=\"358\"><\/li><li> Agora, na lista de categorias, clique em \u201cPersonalizado\u201d. <br><img loading=\"lazy\" decoding=\"async\" title=\"5-selecionar categoria personalizada\" src=\"https:\/\/exceladvisor.org\/wp-content\/uploads\/2023\/08\/5-selectionnez-la-categorie-personnalisee.png\" sizes=\"auto, \" srcset=\"\" alt=\"select-custom-category\" width=\"596\" height=\"323\"><\/li><li> Em seguida, na barra de entrada de tipo, insira [hh]:mm ou [hh]:mm:ss. <br><img loading=\"lazy\" decoding=\"async\" title=\"Valor personalizado de 6 entradas\" src=\"https:\/\/exceladvisor.org\/wp-content\/uploads\/2023\/08\/6-entrez-la-valeur-personnalisee.png\" sizes=\"auto, \" srcset=\"\" alt=\"enter-custom-value\" width=\"593\" height=\"290\"><\/li><li> Ao final, clique em OK para aplicar a formata\u00e7\u00e3o.<\/li><\/ol><p> Quando voc\u00ea pressiona OK, voc\u00ea obt\u00e9m o n\u00famero total de horas e minutos. <\/p><div class=\"wp-block-image\"><figure class=\"aligncenter size-full is-resized\"><img loading=\"lazy\" decoding=\"async\" class=\"wp-image-80520\" src=\"https:\/\/exceladvisor.org\/wp-content\/uploads\/2023\/08\/8-nombre-total-dheures-et-de-minutes.png\" sizes=\"auto, \" srcset=\"\" alt=\"n\u00famero total de horas e minutos\" width=\"475\" height=\"238\"><\/figure><\/div><p class=\"grey-note\"> <strong>Em vez de usar hh:mm:ss, aqui usamos [hh]:mm ou [hh]:mm:ss.<\/strong><\/p><p class=\"grey-note\"> Porque quando voc\u00ea usa hh:mm e tem segundos maiores que o n\u00famero total de segundos de um dia, voc\u00ea obter\u00e1 um resultado ruim.<\/p><p class=\"grey-note\"> Se voc\u00ea tiver 27 horas, ele indicar\u00e1 3 horas passando das 24 horas di\u00e1rias. \u00c9 por isso que voc\u00ea deve usar [hh]:mm:ss e [hh]:mm.<\/p><h2 class=\"wp-block-heading\"> Converter segundos em minutos<\/h2><p> Da mesma forma, voc\u00ea pode converter segundos em minutos, voc\u00ea precisa seguir os mesmos passos, mas precisa usar um formato personalizado diferente. Depois de inserir a f\u00f3rmula na c\u00e9lula, altere o formato para [mm]:ss e clique em OK. <\/p><div class=\"wp-block-image\"><figure class=\"aligncenter size-full is-resized\"><img loading=\"lazy\" decoding=\"async\" class=\"wp-image-80521\" src=\"https:\/\/exceladvisor.org\/wp-content\/uploads\/2023\/08\/9-convertir-des-secondes-en-minutes.png\" sizes=\"auto, \" srcset=\"\" alt=\"converter segundos em minutos\" width=\"782\" height=\"338\"><\/figure><\/div><h2 class=\"wp-block-heading\"> Usando a fun\u00e7\u00e3o de texto para converter segundos em horas e minutos<\/h2><p> Sim, voc\u00ea tamb\u00e9m pode usar a fun\u00e7\u00e3o TEXTO. Isto permite a convers\u00e3o de segundos no resultado desejado sem alterar o formato da c\u00e9lula. Na fun\u00e7\u00e3o TEXT, voc\u00ea pode especificar o formato dentro da fun\u00e7\u00e3o. <\/p><div class=\"wp-block-image\"><figure class=\"aligncenter size-full is-resized\"><img loading=\"lazy\" decoding=\"async\" class=\"wp-image-80522\" src=\"https:\/\/exceladvisor.org\/wp-content\/uploads\/2023\/08\/10-fonctions-de-texte-pour-convertir-les-secondes.png\" sizes=\"auto, \" srcset=\"\" alt=\"fun\u00e7\u00e3o de texto para converter segundos\" width=\"606\" height=\"228\"><\/figure><\/div><p> No primeiro argumento de TEXT, voc\u00ea deve inserir a mesma f\u00f3rmula segundos\/total de segundos em um dia. Depois disso, no segundo argumento (text_format), insira o formato que deseja fornecer.<\/p><pre class=\"wp-block-code\"> <code class=\"language-excel-formula\" lang=\"excel-formula\">=TEXT(A1\/86400,\"[hh]:mm\") =TEXT(A1\/86400,\"[mm]:ss\")<\/code><\/pre><div class=\"gb-container gb-container-52dfcee1 gb-container-sample-file\"><h2 class=\"gb-headline gb-headline-e289c143 gb-headline-text gb-headline-4f7959c2\"> Obtenha o arquivo Excel<\/h2><p> <a class=\"gb-button gb-button-e88d6bee gb-button-text gb-button-button1\" href=\"https:\/\/exceladvisor.org\/wp-content\/uploads\/2023\/08\/convertir-les-secondes.xlsx\" rel=\"nofollow\">Download<\/a> <\/p><\/div><div class=\"wp-block-group more-tutorials is-layout-flow\"><div class=\"wp-block-group__inner-container\"><h2 class=\"wp-block-heading\"> Mais f\u00f3rmulas<\/h2><ul><li> <a href=\"https:\/\/exceladvisor.org\/pt\/tempo-em-minutos-2\/\">Converter o valor do tempo em minutos (f\u00f3rmula do Excel)<\/a><\/li><li> <a href=\"https:\/\/exceladvisor.org\/pt\/tempo-em-segundos-2\/\">Converter o valor do tempo em segundos<\/a><\/li><li> <a href=\"https:\/\/exceladvisor.org\/pt\/hora-atual-2\/\">Obtenha a hora atual (f\u00f3rmula do Excel)<\/a><\/li><li> <a href=\"https:\/\/exceladvisor.org\/pt\/hora-da-soneca-2\/\">Soma do tempo no Excel (f\u00f3rmula do Excel)<\/a><\/li><li> <a href=\"https:\/\/exceladvisor.org\/pt\/adicione-segundos-ao-tempo\/\">Adicione segundos ao tempo<\/a><\/li><\/ul><\/div><\/div>","protected":false},"excerpt":{"rendered":"","protected":false},"author":1,"featured_media":0,"parent":0,"menu_order":0,"comment_status":"open","ping_status":"closed","template":"","meta":{"ub_ctt_via":"","footnotes":""},"class_list":["post-236","page","type-page","status-publish","hentry"],"featured_image_src":null,"yoast_head":"<!-- This site is optimized with the Yoast SEO plugin v25.4 - https:\/\/yoast.com\/wordpress\/plugins\/seo\/ -->\n<title>Como converter segundos em horas e minutos no Excel<\/title>\n<meta name=\"description\" content=\"Este tutorial ir\u00e1 ensin\u00e1-lo a escrever uma f\u00f3rmula Excel para converter segundos em horas e minutos. Vamos verificar isso\u2026\" \/>\n<meta name=\"robots\" content=\"index, follow, max-snippet:-1, max-image-preview:large, max-video-preview:-1\" \/>\n<link rel=\"canonical\" href=\"https:\/\/exceladvisor.org\/pt\/segundos-a-horas-minutos\/\" \/>\n<meta property=\"og:locale\" content=\"pt_PT\" \/>\n<meta property=\"og:type\" content=\"article\" \/>\n<meta property=\"og:title\" content=\"Como converter segundos em horas e minutos no Excel\" \/>\n<meta property=\"og:description\" content=\"Este tutorial ir\u00e1 ensin\u00e1-lo a escrever uma f\u00f3rmula Excel para converter segundos em horas e minutos. Vamos verificar isso\u2026\" \/>\n<meta property=\"og:url\" content=\"https:\/\/exceladvisor.org\/pt\/segundos-a-horas-minutos\/\" \/>\n<meta property=\"og:site_name\" content=\"Excel Advisor\" \/>\n<meta property=\"article:modified_time\" content=\"2023-12-06T11:35:50+00:00\" \/>\n<meta property=\"og:image\" content=\"https:\/\/exceladvisor.org\/wp-content\/uploads\/2023\/08\/1-convertir-les-secondes-en-heures-et-minutes.png\" \/>\n<meta name=\"twitter:card\" content=\"summary_large_image\" \/>\n<meta name=\"twitter:label1\" content=\"Tempo estimado de leitura\" \/>\n\t<meta name=\"twitter:data1\" content=\"2 minutos\" \/>\n<script type=\"application\/ld+json\" class=\"yoast-schema-graph\">{\"@context\":\"https:\/\/schema.org\",\"@graph\":[{\"@type\":\"WebPage\",\"@id\":\"https:\/\/exceladvisor.org\/pt\/segundos-a-horas-minutos\/\",\"url\":\"https:\/\/exceladvisor.org\/pt\/segundos-a-horas-minutos\/\",\"name\":\"Como converter segundos em horas e minutos no Excel\",\"isPartOf\":{\"@id\":\"https:\/\/exceladvisor.org\/pt\/#website\"},\"primaryImageOfPage\":{\"@id\":\"https:\/\/exceladvisor.org\/pt\/segundos-a-horas-minutos\/#primaryimage\"},\"image\":{\"@id\":\"https:\/\/exceladvisor.org\/pt\/segundos-a-horas-minutos\/#primaryimage\"},\"thumbnailUrl\":\"https:\/\/exceladvisor.org\/wp-content\/uploads\/2023\/08\/1-convertir-les-secondes-en-heures-et-minutes.png\",\"datePublished\":\"2023-11-10T09:45:03+00:00\",\"dateModified\":\"2023-12-06T11:35:50+00:00\",\"description\":\"Este tutorial ir\u00e1 ensin\u00e1-lo a escrever uma f\u00f3rmula Excel para converter segundos em horas e minutos. Vamos verificar isso\u2026\",\"breadcrumb\":{\"@id\":\"https:\/\/exceladvisor.org\/pt\/segundos-a-horas-minutos\/#breadcrumb\"},\"inLanguage\":\"pt-PT\",\"potentialAction\":[{\"@type\":\"ReadAction\",\"target\":[\"https:\/\/exceladvisor.org\/pt\/segundos-a-horas-minutos\/\"]}]},{\"@type\":\"ImageObject\",\"inLanguage\":\"pt-PT\",\"@id\":\"https:\/\/exceladvisor.org\/pt\/segundos-a-horas-minutos\/#primaryimage\",\"url\":\"https:\/\/exceladvisor.org\/wp-content\/uploads\/2023\/08\/1-convertir-les-secondes-en-heures-et-minutes.png\",\"contentUrl\":\"https:\/\/exceladvisor.org\/wp-content\/uploads\/2023\/08\/1-convertir-les-secondes-en-heures-et-minutes.png\"},{\"@type\":\"BreadcrumbList\",\"@id\":\"https:\/\/exceladvisor.org\/pt\/segundos-a-horas-minutos\/#breadcrumb\",\"itemListElement\":[{\"@type\":\"ListItem\",\"position\":1,\"name\":\"Lar\",\"item\":\"https:\/\/exceladvisor.org\/pt\/\"},{\"@type\":\"ListItem\",\"position\":2,\"name\":\"Como converter segundos em horas e minutos?\"}]},{\"@type\":\"WebSite\",\"@id\":\"https:\/\/exceladvisor.org\/pt\/#website\",\"url\":\"https:\/\/exceladvisor.org\/pt\/\",\"name\":\"Excel Advisor\",\"description\":\"O seu guia definitivo para dominar os dados!\",\"publisher\":{\"@id\":\"https:\/\/exceladvisor.org\/pt\/#organization\"},\"potentialAction\":[{\"@type\":\"SearchAction\",\"target\":{\"@type\":\"EntryPoint\",\"urlTemplate\":\"https:\/\/exceladvisor.org\/pt\/?s={search_term_string}\"},\"query-input\":{\"@type\":\"PropertyValueSpecification\",\"valueRequired\":true,\"valueName\":\"search_term_string\"}}],\"inLanguage\":\"pt-PT\"},{\"@type\":\"Organization\",\"@id\":\"https:\/\/exceladvisor.org\/pt\/#organization\",\"name\":\"Excel Advisor\",\"url\":\"https:\/\/exceladvisor.org\/pt\/\",\"logo\":{\"@type\":\"ImageObject\",\"inLanguage\":\"pt-PT\",\"@id\":\"https:\/\/exceladvisor.org\/pt\/#\/schema\/logo\/image\/\",\"url\":\"https:\/\/exceladvisor.org\/pt\/wp-content\/uploads\/2023\/12\/exceladvisor.org_.png\",\"contentUrl\":\"https:\/\/exceladvisor.org\/pt\/wp-content\/uploads\/2023\/12\/exceladvisor.org_.png\",\"width\":105,\"height\":36,\"caption\":\"Excel Advisor\"},\"image\":{\"@id\":\"https:\/\/exceladvisor.org\/pt\/#\/schema\/logo\/image\/\"}}]}<\/script>\n<!-- \/ Yoast SEO plugin. -->","yoast_head_json":{"title":"Como converter segundos em horas e minutos no Excel","description":"Este tutorial ir\u00e1 ensin\u00e1-lo a escrever uma f\u00f3rmula Excel para converter segundos em horas e minutos. Vamos verificar isso\u2026","robots":{"index":"index","follow":"follow","max-snippet":"max-snippet:-1","max-image-preview":"max-image-preview:large","max-video-preview":"max-video-preview:-1"},"canonical":"https:\/\/exceladvisor.org\/pt\/segundos-a-horas-minutos\/","og_locale":"pt_PT","og_type":"article","og_title":"Como converter segundos em horas e minutos no Excel","og_description":"Este tutorial ir\u00e1 ensin\u00e1-lo a escrever uma f\u00f3rmula Excel para converter segundos em horas e minutos. Vamos verificar isso\u2026","og_url":"https:\/\/exceladvisor.org\/pt\/segundos-a-horas-minutos\/","og_site_name":"Excel Advisor","article_modified_time":"2023-12-06T11:35:50+00:00","og_image":[{"url":"https:\/\/exceladvisor.org\/wp-content\/uploads\/2023\/08\/1-convertir-les-secondes-en-heures-et-minutes.png","type":"","width":"","height":""}],"twitter_card":"summary_large_image","twitter_misc":{"Tempo estimado de leitura":"2 minutos"},"schema":{"@context":"https:\/\/schema.org","@graph":[{"@type":"WebPage","@id":"https:\/\/exceladvisor.org\/pt\/segundos-a-horas-minutos\/","url":"https:\/\/exceladvisor.org\/pt\/segundos-a-horas-minutos\/","name":"Como converter segundos em horas e minutos no Excel","isPartOf":{"@id":"https:\/\/exceladvisor.org\/pt\/#website"},"primaryImageOfPage":{"@id":"https:\/\/exceladvisor.org\/pt\/segundos-a-horas-minutos\/#primaryimage"},"image":{"@id":"https:\/\/exceladvisor.org\/pt\/segundos-a-horas-minutos\/#primaryimage"},"thumbnailUrl":"https:\/\/exceladvisor.org\/wp-content\/uploads\/2023\/08\/1-convertir-les-secondes-en-heures-et-minutes.png","datePublished":"2023-11-10T09:45:03+00:00","dateModified":"2023-12-06T11:35:50+00:00","description":"Este tutorial ir\u00e1 ensin\u00e1-lo a escrever uma f\u00f3rmula Excel para converter segundos em horas e minutos. Vamos verificar isso\u2026","breadcrumb":{"@id":"https:\/\/exceladvisor.org\/pt\/segundos-a-horas-minutos\/#breadcrumb"},"inLanguage":"pt-PT","potentialAction":[{"@type":"ReadAction","target":["https:\/\/exceladvisor.org\/pt\/segundos-a-horas-minutos\/"]}]},{"@type":"ImageObject","inLanguage":"pt-PT","@id":"https:\/\/exceladvisor.org\/pt\/segundos-a-horas-minutos\/#primaryimage","url":"https:\/\/exceladvisor.org\/wp-content\/uploads\/2023\/08\/1-convertir-les-secondes-en-heures-et-minutes.png","contentUrl":"https:\/\/exceladvisor.org\/wp-content\/uploads\/2023\/08\/1-convertir-les-secondes-en-heures-et-minutes.png"},{"@type":"BreadcrumbList","@id":"https:\/\/exceladvisor.org\/pt\/segundos-a-horas-minutos\/#breadcrumb","itemListElement":[{"@type":"ListItem","position":1,"name":"Lar","item":"https:\/\/exceladvisor.org\/pt\/"},{"@type":"ListItem","position":2,"name":"Como converter segundos em horas e minutos?"}]},{"@type":"WebSite","@id":"https:\/\/exceladvisor.org\/pt\/#website","url":"https:\/\/exceladvisor.org\/pt\/","name":"Excel Advisor","description":"O seu guia definitivo para dominar os dados!","publisher":{"@id":"https:\/\/exceladvisor.org\/pt\/#organization"},"potentialAction":[{"@type":"SearchAction","target":{"@type":"EntryPoint","urlTemplate":"https:\/\/exceladvisor.org\/pt\/?s={search_term_string}"},"query-input":{"@type":"PropertyValueSpecification","valueRequired":true,"valueName":"search_term_string"}}],"inLanguage":"pt-PT"},{"@type":"Organization","@id":"https:\/\/exceladvisor.org\/pt\/#organization","name":"Excel Advisor","url":"https:\/\/exceladvisor.org\/pt\/","logo":{"@type":"ImageObject","inLanguage":"pt-PT","@id":"https:\/\/exceladvisor.org\/pt\/#\/schema\/logo\/image\/","url":"https:\/\/exceladvisor.org\/pt\/wp-content\/uploads\/2023\/12\/exceladvisor.org_.png","contentUrl":"https:\/\/exceladvisor.org\/pt\/wp-content\/uploads\/2023\/12\/exceladvisor.org_.png","width":105,"height":36,"caption":"Excel Advisor"},"image":{"@id":"https:\/\/exceladvisor.org\/pt\/#\/schema\/logo\/image\/"}}]}},"yoast_meta":{"yoast_wpseo_title":"","yoast_wpseo_metadesc":"","yoast_wpseo_canonical":""},"_links":{"self":[{"href":"https:\/\/exceladvisor.org\/pt\/wp-json\/wp\/v2\/pages\/236","targetHints":{"allow":["GET"]}}],"collection":[{"href":"https:\/\/exceladvisor.org\/pt\/wp-json\/wp\/v2\/pages"}],"about":[{"href":"https:\/\/exceladvisor.org\/pt\/wp-json\/wp\/v2\/types\/page"}],"author":[{"embeddable":true,"href":"https:\/\/exceladvisor.org\/pt\/wp-json\/wp\/v2\/users\/1"}],"replies":[{"embeddable":true,"href":"https:\/\/exceladvisor.org\/pt\/wp-json\/wp\/v2\/comments?post=236"}],"version-history":[{"count":1,"href":"https:\/\/exceladvisor.org\/pt\/wp-json\/wp\/v2\/pages\/236\/revisions"}],"predecessor-version":[{"id":940,"href":"https:\/\/exceladvisor.org\/pt\/wp-json\/wp\/v2\/pages\/236\/revisions\/940"}],"wp:attachment":[{"href":"https:\/\/exceladvisor.org\/pt\/wp-json\/wp\/v2\/media?parent=236"}],"curies":[{"name":"wp","href":"https:\/\/api.w.org\/{rel}","templated":true}]}}