{"id":237,"date":"2023-11-10T09:22:44","date_gmt":"2023-11-10T09:22:44","guid":{"rendered":"https:\/\/exceladvisor.org\/pt\/remova-os-parenteses-2\/"},"modified":"2023-12-06T11:42:00","modified_gmt":"2023-12-06T11:42:00","slug":"remova-os-parenteses-2","status":"publish","type":"page","link":"https:\/\/exceladvisor.org\/pt\/remova-os-parenteses-2\/","title":{"rendered":"Como remover par\u00eanteses no excel?"},"content":{"rendered":"<div class=\"excel-before-content-2\" id=\"excel-341377064\"><script type=\"text\/javascript\">\r\n\tatOptions = {\r\n\t\t'key' : 'c1158f160081d6540a8409e6925dab94',\r\n\t\t'format' : 'iframe',\r\n\t\t'height' : 250,\r\n\t\t'width' : 300,\r\n\t\t'params' : {}\r\n\t};\r\n<\/script>\r\n<script type=\"text\/javascript\" src=\"\/\/www.highperformanceformat.com\/c1158f160081d6540a8409e6925dab94\/invoke.js\"><\/script><\/div><div class=\"excel-before-content\" id=\"excel-750700322\"><script type=\"text\/javascript\">\r\n\tatOptions = {\r\n\t\t'key' : 'c1158f160081d6540a8409e6925dab94',\r\n\t\t'format' : 'iframe',\r\n\t\t'height' : 250,\r\n\t\t'width' : 300,\r\n\t\t'params' : {}\r\n\t};\r\n<\/script>\r\n<script type=\"text\/javascript\" src=\"\/\/www.highperformanceformat.com\/c1158f160081d6540a8409e6925dab94\/invoke.js\"><\/script><\/div> <p>Voc\u00ea pode usar a caixa de di\u00e1logo <a href=\"https:\/\/exceladvisor.org\/pt\/encontrar-substituir\/\">Localizar e Substituir<\/a> para remover colchetes de um intervalo de c\u00e9lulas ou at\u00e9 mesmo de uma \u00fanica c\u00e9lula no Excel. Voc\u00ea pode especificar o colchete que deseja substituir e os valores vazios a serem substitu\u00eddos. <\/p><div class=\"wp-block-image\"><figure class=\"aligncenter size-full is-resized\"><img loading=\"lazy\" decoding=\"async\" class=\"wp-image-79447\" src=\"https:\/\/exceladvisor.org\/wp-content\/uploads\/2023\/08\/1-supprimer-les-parentheses.png\" sizes=\"auto, \" srcset=\"\" alt=\"remover par\u00eanteses\" width=\"496\" height=\"430\"><\/figure><\/div><p> Neste tutorial, veremos algumas maneiras de remover colchetes de valores no Excel.<\/p><h2 class=\"wp-block-heading\"> Etapas para remover colchetes no Excel (localizar e substituir)<\/h2><p> Voc\u00ea pode usar as seguintes etapas:<\/p><ol><li> Primeiro, selecione o intervalo de c\u00e9lulas do qual deseja remover os colchetes. <br><img loading=\"lazy\" decoding=\"async\" title=\"2-remova os ganchos\" src=\"https:\/\/exceladvisor.org\/wp-content\/uploads\/2023\/08\/2-supprimer-les-crochets.png\" sizes=\"auto, \" srcset=\"\" alt=\"remove-brackets\" width=\"333\" height=\"358\"><\/li><li> Depois disso, use o atalho de teclado Ctrl + H para abrir a <a href=\"https:\/\/exceladvisor.org\/pt\/encontrar-substituir\/\">op\u00e7\u00e3o Localizar e Substituir<\/a> . <br><img loading=\"lazy\" decoding=\"async\" title=\"3 op\u00e7\u00e3o localizar e substituir\" src=\"https:\/\/exceladvisor.org\/wp-content\/uploads\/2023\/08\/3-option-de-recherche-et-de-remplacement.png\" sizes=\"auto, \" srcset=\"\" alt=\"find-and-replace-option\" width=\"648\" height=\"275\"><\/li><li> Agora, insira os primeiros par\u00eanteses \u201c(\u201d na barra de entrada Localizar, deixe a barra Substituir com uma entrada em branco e clique em Substituir tudo. <br><img loading=\"lazy\" decoding=\"async\" title=\"4-insira-os-par\u00eanteses-iniciantes\" src=\"https:\/\/exceladvisor.org\/wp-content\/uploads\/2023\/08\/4-entrez-les-parentheses-de-depart.png\" sizes=\"auto, \" srcset=\"\" alt=\"enter-the-starting-parentheses\" width=\"647\" height=\"276\"><\/li><li> Isso substituir\u00e1 os par\u00eanteses iniciais por um valor vazio. <br><img loading=\"lazy\" decoding=\"async\" title=\"5-substitua os par\u00eanteses iniciais por um espa\u00e7o em branco\" src=\"https:\/\/exceladvisor.org\/wp-content\/uploads\/2023\/08\/5-remplacer-les-parentheses-de-depart-par-un-blanc.png\" sizes=\"auto, \" srcset=\"\" alt=\"replace-starting-parentheses-with-blank\" width=\"606\" height=\"287\"><\/li><li> A partir da\u00ed, voc\u00ea tamb\u00e9m precisa remover os par\u00eanteses finais. Portanto, insira os par\u00eanteses finais na barra de entrada Localizar e deixe Substituir com a barra de entrada vazia. <br><img loading=\"lazy\" decoding=\"async\" title=\"6-enter-end-par\u00eanteses\" src=\"https:\/\/exceladvisor.org\/wp-content\/uploads\/2023\/08\/6-entrez-les-parentheses-de-fin.png\" sizes=\"auto, \" srcset=\"\" alt=\"enter-ending-parentheses\" width=\"646\" height=\"313\"><\/li><li> No final, clique em Substituir tudo para substitu\u00ed-lo. <br><img loading=\"lazy\" decoding=\"async\" title=\"7-substituir par\u00eanteses finais\" src=\"https:\/\/exceladvisor.org\/wp-content\/uploads\/2023\/08\/7-remplacer-les-parentheses-de-fin.png\" sizes=\"auto, \" srcset=\"\" alt=\"replace-ending-parentheses\" width=\"650\" height=\"304\"><\/li><\/ol><p> Este \u00e9 um m\u00e9todo de duas etapas no qual voc\u00ea remove o par\u00eantese inicial e o par\u00eantese final.<\/p><h2 class=\"wp-block-heading\"> F\u00f3rmula para remover colchetes no Excel<\/h2><p> Voc\u00ea tamb\u00e9m pode usar a f\u00f3rmula para remover colchetes de uma c\u00e9lula ou intervalo de c\u00e9lulas. E para isso voc\u00ea precisa usar a fun\u00e7\u00e3o SUBSTITUTE do Excel. <\/p><div class=\"wp-block-image\"><figure class=\"aligncenter size-full is-resized\"><img loading=\"lazy\" decoding=\"async\" class=\"wp-image-79454\" src=\"https:\/\/exceladvisor.org\/wp-content\/uploads\/2023\/08\/8-formules-pour-supprimer-les-parentheses.png\" sizes=\"auto, \" srcset=\"\" alt=\"f\u00f3rmula para remover par\u00eanteses\" width=\"546\" height=\"416\"><\/figure><\/div><p class=\"formula\"> =SUBSTITUIR(SUBSTITUIR(A1,\u201d(\u201c,\u201d\u201d),\u201d)\u201d,\u201d\u201d)<\/p><p> Com REPLACE, voc\u00ea pode fazer refer\u00eancia a uma c\u00e9lula, especificar um valor que deseja substituir e um novo valor a ser substitu\u00eddo. Aqui voc\u00ea tem duas fun\u00e7\u00f5es SUBSTITUTE; um envolve o outro. O primeiro remove o par\u00eantese inicial: <\/p><div class=\"wp-block-image\"><figure class=\"aligncenter size-full is-resized\"><img loading=\"lazy\" decoding=\"async\" class=\"wp-image-79455\" src=\"https:\/\/exceladvisor.org\/wp-content\/uploads\/2023\/08\/9-font-reference-a-une-cellule.png\" sizes=\"auto, \" srcset=\"\" alt=\"referir-se a uma c\u00e9lula\" width=\"548\" height=\"187\"><\/figure><\/div><p> E ent\u00e3o, o segundo SUBSTITUTE remove o colchete final usando o valor retornado pelo primeiro SUBSTITUTE. <\/p><div class=\"wp-block-image\"><figure class=\"aligncenter size-full is-resized\"><img loading=\"lazy\" decoding=\"async\" class=\"wp-image-79456\" src=\"https:\/\/exceladvisor.org\/wp-content\/uploads\/2023\/08\/Le-substitut-de-10-secondes-supprime-les-parentheses-de-fin.png\" sizes=\"auto, \" srcset=\"\" alt=\"segundo substituto remove colchetes finais\" width=\"528\" height=\"241\"><\/figure><\/div><h2 class=\"wp-block-heading\"> C\u00f3digo VBA<\/h2><p> Voc\u00ea tamb\u00e9m pode usar o c\u00f3digo VBA para remover par\u00eanteses das c\u00e9lulas selecionadas.<\/p><pre class=\"wp-block-code\"> <code class=\"language-visual-basic\" lang=\"visual-basic\"><strong>Sub<\/strong> remove_parenthese() 'this will replace the starting parentheses. Selection.Replace What:=\"(\", Replacement:=\"\", LookAt:=xlPart, _ SearchOrder:=xlByRows, MatchCase:=False, SearchFormat:=False, _ ReplaceFormat:=False 'this will replace the ending parentheses. Selection.Replace What:=\")\", Replacement:=\"\", LookAt:=xlPart, _ SearchOrder:=xlByRows, MatchCase:=False, SearchFormat:=False, _ ReplaceFormat:=False <strong>End<\/strong> <strong>Sub<\/strong><\/code><\/pre><p> Voc\u00ea precisa selecionar as c\u00e9lulas e executar este c\u00f3digo. <\/p><div class=\"gb-container gb-container-52dfcee1 gb-container-sample-file\"><h2 class=\"gb-headline gb-headline-e289c143 gb-headline-text gb-headline-4f7959c2\"> Obtenha o arquivo Excel<\/h2><p> <a class=\"gb-button gb-button-e88d6bee gb-button-text gb-button-button1\" href=\"https:\/\/exceladvisor.org\/wp-content\/uploads\/2023\/08\/supprimer-les-parentheses.xlsx\" rel=\"nofollow\">Download<\/a><\/p><\/div><div class=\"gb-container gb-container-4db6181c gb-container-mt\"> <a class=\"gb-button gb-button-c5897111 gb-button-text gb-button-mt-button\" href=\"https:\/\/exceladvisor.org\/pt\/vba\/\">O que \u00e9 VBA<\/a><h2 class=\"gb-headline gb-headline-665e5f6b gb-headline-text gb-headline-mt-heading\"> Tutoriais relacionados <\/h2><div class=\"gb-grid-wrapper gb-grid-wrapper-a20baf7c gb-grid-wrapper-mt-grid\"><div class=\"gb-grid-column gb-grid-column-65ddf67e\"><div class=\"gb-container gb-container-65ddf67e\"><ul><li> Remova o primeiro caractere de uma c\u00e9lula no Excel<\/li><li> <a href=\"https:\/\/exceladvisor.org\/pt\/remover-espacos-extras\/\">Remova espa\u00e7os extras no Excel<\/a><\/li><li> <a href=\"https:\/\/exceladvisor.org\/pt\/obter-a-primeira-ultima-palavra\/\">Nomes separados no Excel \u2013 (nome e sobrenome)<\/a><\/li><li> <a href=\"https:\/\/exceladvisor.org\/pt\/extrair-a-ultima-palavra-2\/\">Extraia a \u00faltima palavra de uma c\u00e9lula<\/a><\/li><li> <a href=\"https:\/\/exceladvisor.org\/pt\/remover-quebra-de-linha-2\/\">Remover quebra de linha de uma c\u00e9lula<\/a> <\/li><\/ul><\/div><\/div><div class=\"gb-grid-column gb-grid-column-50067b57\"><div class=\"gb-container gb-container-50067b57\"><\/div><\/div><\/div><\/div>","protected":false},"excerpt":{"rendered":"","protected":false},"author":1,"featured_media":0,"parent":0,"menu_order":0,"comment_status":"open","ping_status":"closed","template":"","meta":{"ub_ctt_via":"","footnotes":""},"class_list":["post-237","page","type-page","status-publish","hentry"],"featured_image_src":null,"yoast_head":"<!-- This site is optimized with the Yoast SEO plugin v25.4 - https:\/\/yoast.com\/wordpress\/plugins\/seo\/ -->\n<title>\u25b7 Como remover par\u00eanteses (colchetes) no Excel?<\/title>\n<meta name=\"description\" content=\"Este tutorial ensinar\u00e1 como escrever uma f\u00f3rmula do Excel para remover par\u00eanteses de um valor de texto. Vamos verificar isso\u2026\" \/>\n<meta name=\"robots\" content=\"index, follow, max-snippet:-1, max-image-preview:large, max-video-preview:-1\" \/>\n<link rel=\"canonical\" href=\"https:\/\/exceladvisor.org\/pt\/remova-os-parenteses-2\/\" \/>\n<meta property=\"og:locale\" content=\"pt_PT\" \/>\n<meta property=\"og:type\" content=\"article\" \/>\n<meta property=\"og:title\" content=\"\u25b7 Como remover par\u00eanteses (colchetes) no Excel?\" \/>\n<meta property=\"og:description\" content=\"Este tutorial ensinar\u00e1 como escrever uma f\u00f3rmula do Excel para remover par\u00eanteses de um valor de texto. Vamos verificar isso\u2026\" \/>\n<meta property=\"og:url\" content=\"https:\/\/exceladvisor.org\/pt\/remova-os-parenteses-2\/\" \/>\n<meta property=\"og:site_name\" content=\"Excel Advisor\" \/>\n<meta property=\"article:modified_time\" content=\"2023-12-06T11:42:00+00:00\" \/>\n<meta property=\"og:image\" content=\"https:\/\/exceladvisor.org\/wp-content\/uploads\/2023\/08\/1-supprimer-les-parentheses.png\" \/>\n<meta name=\"twitter:card\" content=\"summary_large_image\" \/>\n<meta name=\"twitter:label1\" content=\"Tempo estimado de leitura\" \/>\n\t<meta name=\"twitter:data1\" content=\"2 minutos\" \/>\n<script type=\"application\/ld+json\" class=\"yoast-schema-graph\">{\"@context\":\"https:\/\/schema.org\",\"@graph\":[{\"@type\":\"WebPage\",\"@id\":\"https:\/\/exceladvisor.org\/pt\/remova-os-parenteses-2\/\",\"url\":\"https:\/\/exceladvisor.org\/pt\/remova-os-parenteses-2\/\",\"name\":\"\u25b7 Como remover par\u00eanteses (colchetes) no Excel?\",\"isPartOf\":{\"@id\":\"https:\/\/exceladvisor.org\/pt\/#website\"},\"primaryImageOfPage\":{\"@id\":\"https:\/\/exceladvisor.org\/pt\/remova-os-parenteses-2\/#primaryimage\"},\"image\":{\"@id\":\"https:\/\/exceladvisor.org\/pt\/remova-os-parenteses-2\/#primaryimage\"},\"thumbnailUrl\":\"https:\/\/exceladvisor.org\/wp-content\/uploads\/2023\/08\/1-supprimer-les-parentheses.png\",\"datePublished\":\"2023-11-10T09:22:44+00:00\",\"dateModified\":\"2023-12-06T11:42:00+00:00\",\"description\":\"Este tutorial ensinar\u00e1 como escrever uma f\u00f3rmula do Excel para remover par\u00eanteses de um valor de texto. Vamos verificar isso\u2026\",\"breadcrumb\":{\"@id\":\"https:\/\/exceladvisor.org\/pt\/remova-os-parenteses-2\/#breadcrumb\"},\"inLanguage\":\"pt-PT\",\"potentialAction\":[{\"@type\":\"ReadAction\",\"target\":[\"https:\/\/exceladvisor.org\/pt\/remova-os-parenteses-2\/\"]}]},{\"@type\":\"ImageObject\",\"inLanguage\":\"pt-PT\",\"@id\":\"https:\/\/exceladvisor.org\/pt\/remova-os-parenteses-2\/#primaryimage\",\"url\":\"https:\/\/exceladvisor.org\/wp-content\/uploads\/2023\/08\/1-supprimer-les-parentheses.png\",\"contentUrl\":\"https:\/\/exceladvisor.org\/wp-content\/uploads\/2023\/08\/1-supprimer-les-parentheses.png\"},{\"@type\":\"BreadcrumbList\",\"@id\":\"https:\/\/exceladvisor.org\/pt\/remova-os-parenteses-2\/#breadcrumb\",\"itemListElement\":[{\"@type\":\"ListItem\",\"position\":1,\"name\":\"Lar\",\"item\":\"https:\/\/exceladvisor.org\/pt\/\"},{\"@type\":\"ListItem\",\"position\":2,\"name\":\"Como remover par\u00eanteses no excel?\"}]},{\"@type\":\"WebSite\",\"@id\":\"https:\/\/exceladvisor.org\/pt\/#website\",\"url\":\"https:\/\/exceladvisor.org\/pt\/\",\"name\":\"Excel Advisor\",\"description\":\"O seu guia definitivo para dominar os dados!\",\"publisher\":{\"@id\":\"https:\/\/exceladvisor.org\/pt\/#organization\"},\"potentialAction\":[{\"@type\":\"SearchAction\",\"target\":{\"@type\":\"EntryPoint\",\"urlTemplate\":\"https:\/\/exceladvisor.org\/pt\/?s={search_term_string}\"},\"query-input\":{\"@type\":\"PropertyValueSpecification\",\"valueRequired\":true,\"valueName\":\"search_term_string\"}}],\"inLanguage\":\"pt-PT\"},{\"@type\":\"Organization\",\"@id\":\"https:\/\/exceladvisor.org\/pt\/#organization\",\"name\":\"Excel Advisor\",\"url\":\"https:\/\/exceladvisor.org\/pt\/\",\"logo\":{\"@type\":\"ImageObject\",\"inLanguage\":\"pt-PT\",\"@id\":\"https:\/\/exceladvisor.org\/pt\/#\/schema\/logo\/image\/\",\"url\":\"https:\/\/exceladvisor.org\/pt\/wp-content\/uploads\/2023\/12\/exceladvisor.org_.png\",\"contentUrl\":\"https:\/\/exceladvisor.org\/pt\/wp-content\/uploads\/2023\/12\/exceladvisor.org_.png\",\"width\":105,\"height\":36,\"caption\":\"Excel Advisor\"},\"image\":{\"@id\":\"https:\/\/exceladvisor.org\/pt\/#\/schema\/logo\/image\/\"}}]}<\/script>\n<!-- \/ Yoast SEO plugin. -->","yoast_head_json":{"title":"\u25b7 Como remover par\u00eanteses (colchetes) no Excel?","description":"Este tutorial ensinar\u00e1 como escrever uma f\u00f3rmula do Excel para remover par\u00eanteses de um valor de texto. Vamos verificar isso\u2026","robots":{"index":"index","follow":"follow","max-snippet":"max-snippet:-1","max-image-preview":"max-image-preview:large","max-video-preview":"max-video-preview:-1"},"canonical":"https:\/\/exceladvisor.org\/pt\/remova-os-parenteses-2\/","og_locale":"pt_PT","og_type":"article","og_title":"\u25b7 Como remover par\u00eanteses (colchetes) no Excel?","og_description":"Este tutorial ensinar\u00e1 como escrever uma f\u00f3rmula do Excel para remover par\u00eanteses de um valor de texto. Vamos verificar isso\u2026","og_url":"https:\/\/exceladvisor.org\/pt\/remova-os-parenteses-2\/","og_site_name":"Excel Advisor","article_modified_time":"2023-12-06T11:42:00+00:00","og_image":[{"url":"https:\/\/exceladvisor.org\/wp-content\/uploads\/2023\/08\/1-supprimer-les-parentheses.png","type":"","width":"","height":""}],"twitter_card":"summary_large_image","twitter_misc":{"Tempo estimado de leitura":"2 minutos"},"schema":{"@context":"https:\/\/schema.org","@graph":[{"@type":"WebPage","@id":"https:\/\/exceladvisor.org\/pt\/remova-os-parenteses-2\/","url":"https:\/\/exceladvisor.org\/pt\/remova-os-parenteses-2\/","name":"\u25b7 Como remover par\u00eanteses (colchetes) no Excel?","isPartOf":{"@id":"https:\/\/exceladvisor.org\/pt\/#website"},"primaryImageOfPage":{"@id":"https:\/\/exceladvisor.org\/pt\/remova-os-parenteses-2\/#primaryimage"},"image":{"@id":"https:\/\/exceladvisor.org\/pt\/remova-os-parenteses-2\/#primaryimage"},"thumbnailUrl":"https:\/\/exceladvisor.org\/wp-content\/uploads\/2023\/08\/1-supprimer-les-parentheses.png","datePublished":"2023-11-10T09:22:44+00:00","dateModified":"2023-12-06T11:42:00+00:00","description":"Este tutorial ensinar\u00e1 como escrever uma f\u00f3rmula do Excel para remover par\u00eanteses de um valor de texto. Vamos verificar isso\u2026","breadcrumb":{"@id":"https:\/\/exceladvisor.org\/pt\/remova-os-parenteses-2\/#breadcrumb"},"inLanguage":"pt-PT","potentialAction":[{"@type":"ReadAction","target":["https:\/\/exceladvisor.org\/pt\/remova-os-parenteses-2\/"]}]},{"@type":"ImageObject","inLanguage":"pt-PT","@id":"https:\/\/exceladvisor.org\/pt\/remova-os-parenteses-2\/#primaryimage","url":"https:\/\/exceladvisor.org\/wp-content\/uploads\/2023\/08\/1-supprimer-les-parentheses.png","contentUrl":"https:\/\/exceladvisor.org\/wp-content\/uploads\/2023\/08\/1-supprimer-les-parentheses.png"},{"@type":"BreadcrumbList","@id":"https:\/\/exceladvisor.org\/pt\/remova-os-parenteses-2\/#breadcrumb","itemListElement":[{"@type":"ListItem","position":1,"name":"Lar","item":"https:\/\/exceladvisor.org\/pt\/"},{"@type":"ListItem","position":2,"name":"Como remover par\u00eanteses no excel?"}]},{"@type":"WebSite","@id":"https:\/\/exceladvisor.org\/pt\/#website","url":"https:\/\/exceladvisor.org\/pt\/","name":"Excel Advisor","description":"O seu guia definitivo para dominar os dados!","publisher":{"@id":"https:\/\/exceladvisor.org\/pt\/#organization"},"potentialAction":[{"@type":"SearchAction","target":{"@type":"EntryPoint","urlTemplate":"https:\/\/exceladvisor.org\/pt\/?s={search_term_string}"},"query-input":{"@type":"PropertyValueSpecification","valueRequired":true,"valueName":"search_term_string"}}],"inLanguage":"pt-PT"},{"@type":"Organization","@id":"https:\/\/exceladvisor.org\/pt\/#organization","name":"Excel Advisor","url":"https:\/\/exceladvisor.org\/pt\/","logo":{"@type":"ImageObject","inLanguage":"pt-PT","@id":"https:\/\/exceladvisor.org\/pt\/#\/schema\/logo\/image\/","url":"https:\/\/exceladvisor.org\/pt\/wp-content\/uploads\/2023\/12\/exceladvisor.org_.png","contentUrl":"https:\/\/exceladvisor.org\/pt\/wp-content\/uploads\/2023\/12\/exceladvisor.org_.png","width":105,"height":36,"caption":"Excel Advisor"},"image":{"@id":"https:\/\/exceladvisor.org\/pt\/#\/schema\/logo\/image\/"}}]}},"yoast_meta":{"yoast_wpseo_title":"","yoast_wpseo_metadesc":"","yoast_wpseo_canonical":""},"_links":{"self":[{"href":"https:\/\/exceladvisor.org\/pt\/wp-json\/wp\/v2\/pages\/237","targetHints":{"allow":["GET"]}}],"collection":[{"href":"https:\/\/exceladvisor.org\/pt\/wp-json\/wp\/v2\/pages"}],"about":[{"href":"https:\/\/exceladvisor.org\/pt\/wp-json\/wp\/v2\/types\/page"}],"author":[{"embeddable":true,"href":"https:\/\/exceladvisor.org\/pt\/wp-json\/wp\/v2\/users\/1"}],"replies":[{"embeddable":true,"href":"https:\/\/exceladvisor.org\/pt\/wp-json\/wp\/v2\/comments?post=237"}],"version-history":[{"count":1,"href":"https:\/\/exceladvisor.org\/pt\/wp-json\/wp\/v2\/pages\/237\/revisions"}],"predecessor-version":[{"id":1175,"href":"https:\/\/exceladvisor.org\/pt\/wp-json\/wp\/v2\/pages\/237\/revisions\/1175"}],"wp:attachment":[{"href":"https:\/\/exceladvisor.org\/pt\/wp-json\/wp\/v2\/media?parent=237"}],"curies":[{"name":"wp","href":"https:\/\/api.w.org\/{rel}","templated":true}]}}