{"id":238,"date":"2023-11-10T09:08:34","date_gmt":"2023-11-10T09:08:34","guid":{"rendered":"https:\/\/exceladvisor.org\/pt\/numeros-mais-frequentes\/"},"modified":"2023-12-06T11:51:22","modified_gmt":"2023-12-06T11:51:22","slug":"numeros-mais-frequentes","status":"publish","type":"page","link":"https:\/\/exceladvisor.org\/pt\/numeros-mais-frequentes\/","title":{"rendered":"Obtenha o(s) n\u00famero(s) mais frequente(s) de uma matriz"},"content":{"rendered":"<div class=\"excel-before-content-2\" id=\"excel-1188493748\"><script type=\"text\/javascript\">\r\n\tatOptions = {\r\n\t\t'key' : 'c1158f160081d6540a8409e6925dab94',\r\n\t\t'format' : 'iframe',\r\n\t\t'height' : 250,\r\n\t\t'width' : 300,\r\n\t\t'params' : {}\r\n\t};\r\n<\/script>\r\n<script type=\"text\/javascript\" src=\"\/\/www.highperformanceformat.com\/c1158f160081d6540a8409e6925dab94\/invoke.js\"><\/script><\/div><div class=\"excel-before-content\" id=\"excel-121919580\"><script type=\"text\/javascript\">\r\n\tatOptions = {\r\n\t\t'key' : 'c1158f160081d6540a8409e6925dab94',\r\n\t\t'format' : 'iframe',\r\n\t\t'height' : 250,\r\n\t\t'width' : 300,\r\n\t\t'params' : {}\r\n\t};\r\n<\/script>\r\n<script type=\"text\/javascript\" src=\"\/\/www.highperformanceformat.com\/c1158f160081d6540a8409e6925dab94\/invoke.js\"><\/script><\/div> <p>Existem duas fun\u00e7\u00f5es no Excel que voc\u00ea pode usar para obter os n\u00fameros mais frequentes de uma lista de n\u00fameros. O primeiro \u00e9 MODE e o segundo \u00e9 MODE.MULT. A primeira fun\u00e7\u00e3o ajuda a obter o n\u00famero mais frequente e a segunda ajuda a obter mais de um. <\/p><div class=\"wp-block-image\"><figure class=\"aligncenter size-full is-resized\"><img loading=\"lazy\" decoding=\"async\" class=\"wp-image-79886\" src=\"https:\/\/exceladvisor.org\/wp-content\/uploads\/2023\/08\/1-obtenir-les-numeros-les-plus-frequents.png\" sizes=\"auto, \" srcset=\"\" alt=\"obtenha os n\u00fameros mais frequentes\" width=\"577\" height=\"418\"><\/figure><\/div><p> Vamos aprender as duas f\u00f3rmulas uma por uma.<\/p><h2 class=\"wp-block-heading\"> F\u00f3rmula para obter o n\u00famero mais frequente (MODE)<\/h2><p> Voc\u00ea pode usar as etapas abaixo:<\/p><ol type=\"1\"><li> Primeiro insira a fun\u00e7\u00e3o MODE em uma c\u00e9lula.<\/li><li> Depois disso, insira os par\u00eanteses iniciais.<\/li><li> Em seguida, consulte o intervalo onde voc\u00ea tem a lista de n\u00fameros.<\/li><li> No final, insira os par\u00eanteses de fechamento e pressione Enter para obter o resultado. <\/li><\/ol><div class=\"wp-block-image\"><figure class=\"aligncenter size-full is-resized\"><img loading=\"lazy\" decoding=\"async\" class=\"wp-image-79887\" src=\"https:\/\/exceladvisor.org\/wp-content\/uploads\/2023\/08\/2-mode-pour-obtenir-le-numero-le-plus-frequent.png\" sizes=\"auto, \" srcset=\"\" alt=\"modo para obter o n\u00famero exclusivo mais frequente\" width=\"363\" height=\"474\"><\/figure><\/div><pre class=\"wp-block-code\"> <code class=\"language-excel-formula\" lang=\"excel-formula\">=MODE(A1:A9)<\/code><\/pre><p> MODE \u00e9 uma fun\u00e7\u00e3o antiga, mas ainda est\u00e1 dispon\u00edvel para compatibilidade com vers\u00f5es anteriores. Mas h\u00e1 uma falha nesta fun\u00e7\u00e3o. Se voc\u00ea tiver dois n\u00fameros em uma lista que ocorrem igualmente na lista, o MODE n\u00e3o poder\u00e1 fornecer os dois n\u00fameros no resultado. <\/p><div class=\"wp-block-image\"><figure class=\"aligncenter size-full is-resized\"><img loading=\"lazy\" decoding=\"async\" class=\"wp-image-79888\" src=\"https:\/\/exceladvisor.org\/wp-content\/uploads\/2023\/08\/3-modes-de-resultat.png\" sizes=\"auto, \" srcset=\"\" alt=\"modo de resultado\" width=\"371\" height=\"505\"><\/figure><\/div><p> No exemplo acima, voc\u00ea tem 30 e 10; ambos os n\u00fameros aparecem quatro vezes na lista, mas MODE retorna 30 no resultado, n\u00e3o 10 ou 10 e 30.<\/p><h2 class=\"wp-block-heading\"> F\u00f3rmula para obter m\u00faltiplos n\u00fameros frequentes (MODE.MULT)<\/h2><p> Voc\u00ea pode usar as etapas abaixo:<\/p><ol type=\"1\"><li> Primeiro insira a fun\u00e7\u00e3o MODE.MULT do Excel em uma c\u00e9lula.<\/li><li> Depois disso, insira os par\u00eanteses iniciais.<\/li><li> A seguir, consulte o intervalo de c\u00e9lulas onde voc\u00ea tem a lista de n\u00fameros.<\/li><li> No final, insira os par\u00eanteses de fechamento e pressione Enter para obter o resultado. <\/li><\/ol><div class=\"wp-block-image\"><figure class=\"aligncenter size-full is-resized\"><img loading=\"lazy\" decoding=\"async\" class=\"wp-image-79889\" src=\"https:\/\/exceladvisor.org\/wp-content\/uploads\/2023\/08\/4-obtenir-plusieurs-numeros-frequents.png\" sizes=\"auto, \" srcset=\"\" alt=\"obter v\u00e1rios n\u00fameros frequentes\" width=\"377\" height=\"457\"><\/figure><\/div><p> MODE.MULT \u00e9 uma fun\u00e7\u00e3o de array din\u00e2mica que pode retornar resultados em v\u00e1rias c\u00e9lulas. \u00c9 por isso que retorna 30 e 10 no resultado, porque ambos os n\u00fameros aparecem igualmente na lista.<\/p><pre class=\"wp-block-code\"> <code class=\"language-excel-formula\" lang=\"excel-formula\">=MODE.MULT(A1:A9)<\/code><\/pre><p> E se quiser obter o resultado na forma horizontal dentro de um intervalo, voc\u00ea pode usar a fun\u00e7\u00e3o TRANSPOSE. <\/p><div class=\"wp-block-image\"><figure class=\"aligncenter size-full is-resized\"><img loading=\"lazy\" decoding=\"async\" class=\"wp-image-79890\" src=\"https:\/\/exceladvisor.org\/wp-content\/uploads\/2023\/08\/5-modes-de-transposition-multi-resultats.png\" sizes=\"auto, \" srcset=\"\" alt=\"modo de transposi\u00e7\u00e3o.mult-resultado\" width=\"606\" height=\"271\"><\/figure><\/div><pre class=\"wp-block-code\"> <code class=\"language-excel-formula\" lang=\"excel-formula\">=TRANSPOSE(MODE.MULT(A1:A9))<\/code><\/pre><div class=\"gb-container gb-container-52dfcee1 gb-container-sample-file\"><h2 class=\"gb-headline gb-headline-e289c143 gb-headline-text gb-headline-4f7959c2\"> Obtenha o arquivo Excel<\/h2> <a class=\"gb-button gb-button-e88d6bee gb-button-text gb-button-button1\" href=\"https:\/\/exceladvisor.org\/wp-content\/uploads\/2023\/08\/numero-le-plus-frequent.xlsx\" rel=\"nofollow\">Download<\/a><\/div><div class=\"gb-container gb-container-0df56012 gb-container-mt\"> <a class=\"gb-button gb-button-f9f432f4 gb-button-text gb-button-mt-button\" href=\"https:\/\/exceladvisor.org\/pt\/formulas\/\">Lista de f\u00f3rmulas do Excel<\/a><h2 class=\"gb-headline gb-headline-233444e8 gb-headline-text gb-headline-mt-heading\"> F\u00f3rmulas relacionadas <\/h2><div class=\"gb-grid-wrapper gb-grid-wrapper-a16fa65c gb-grid-wrapper-mt-grid\"><div class=\"gb-grid-column gb-grid-column-50d07e0d\"><div class=\"gb-container gb-container-50d07e0d\"><ul><li> <a href=\"https:\/\/exceladvisor.org\/pt\/coeficiente-de-variacao\/\">Calcule o coeficiente de varia\u00e7\u00e3o (CV) no Excel<\/a><\/li><li> <a href=\"https:\/\/exceladvisor.org\/pt\/maximo-se\/\">MAX SE no Excel<\/a><\/li><li> <a href=\"https:\/\/exceladvisor.org\/pt\/relatorio\/\">Calcule rapidamente a propor\u00e7\u00e3o no Excel<\/a><\/li><li> <a href=\"https:\/\/exceladvisor.org\/pt\/valor-mais-baixo\/\">Encontre o valor mais baixo em uma lista de n\u00fameros (N)<\/a> <\/li><\/ul><\/div><\/div><div class=\"gb-grid-column gb-grid-column-5b4a0cf9\"><div class=\"gb-container gb-container-5b4a0cf9\"><\/div><\/div><\/div><\/div>","protected":false},"excerpt":{"rendered":"","protected":false},"author":1,"featured_media":0,"parent":0,"menu_order":0,"comment_status":"open","ping_status":"closed","template":"","meta":{"ub_ctt_via":"","footnotes":""},"class_list":["post-238","page","type-page","status-publish","hentry"],"featured_image_src":null,"yoast_head":"<!-- This site is optimized with the Yoast SEO plugin v25.4 - https:\/\/yoast.com\/wordpress\/plugins\/seo\/ -->\n<title>Obtenha os n\u00fameros mais frequentes de uma matriz<\/title>\n<meta name=\"description\" content=\"Este tutorial ensinar\u00e1 como escrever uma f\u00f3rmula Excel para obter o n\u00famero mais frequente da lista de n\u00fameros. Vamos verificar isso\u2026\" \/>\n<meta name=\"robots\" content=\"index, follow, max-snippet:-1, max-image-preview:large, max-video-preview:-1\" \/>\n<link rel=\"canonical\" href=\"https:\/\/exceladvisor.org\/pt\/numeros-mais-frequentes\/\" \/>\n<meta property=\"og:locale\" content=\"pt_PT\" \/>\n<meta property=\"og:type\" content=\"article\" \/>\n<meta property=\"og:title\" content=\"Obtenha os n\u00fameros mais frequentes de uma matriz\" \/>\n<meta property=\"og:description\" content=\"Este tutorial ensinar\u00e1 como escrever uma f\u00f3rmula Excel para obter o n\u00famero mais frequente da lista de n\u00fameros. Vamos verificar isso\u2026\" \/>\n<meta property=\"og:url\" content=\"https:\/\/exceladvisor.org\/pt\/numeros-mais-frequentes\/\" \/>\n<meta property=\"og:site_name\" content=\"Excel Advisor\" \/>\n<meta property=\"article:modified_time\" content=\"2023-12-06T11:51:22+00:00\" \/>\n<meta property=\"og:image\" content=\"https:\/\/exceladvisor.org\/wp-content\/uploads\/2023\/08\/1-obtenir-les-numeros-les-plus-frequents.png\" \/>\n<meta name=\"twitter:card\" content=\"summary_large_image\" \/>\n<meta name=\"twitter:label1\" content=\"Tempo estimado de leitura\" \/>\n\t<meta name=\"twitter:data1\" content=\"2 minutos\" \/>\n<script type=\"application\/ld+json\" class=\"yoast-schema-graph\">{\"@context\":\"https:\/\/schema.org\",\"@graph\":[{\"@type\":\"WebPage\",\"@id\":\"https:\/\/exceladvisor.org\/pt\/numeros-mais-frequentes\/\",\"url\":\"https:\/\/exceladvisor.org\/pt\/numeros-mais-frequentes\/\",\"name\":\"Obtenha os n\u00fameros mais frequentes de uma matriz\",\"isPartOf\":{\"@id\":\"https:\/\/exceladvisor.org\/pt\/#website\"},\"primaryImageOfPage\":{\"@id\":\"https:\/\/exceladvisor.org\/pt\/numeros-mais-frequentes\/#primaryimage\"},\"image\":{\"@id\":\"https:\/\/exceladvisor.org\/pt\/numeros-mais-frequentes\/#primaryimage\"},\"thumbnailUrl\":\"https:\/\/exceladvisor.org\/wp-content\/uploads\/2023\/08\/1-obtenir-les-numeros-les-plus-frequents.png\",\"datePublished\":\"2023-11-10T09:08:34+00:00\",\"dateModified\":\"2023-12-06T11:51:22+00:00\",\"description\":\"Este tutorial ensinar\u00e1 como escrever uma f\u00f3rmula Excel para obter o n\u00famero mais frequente da lista de n\u00fameros. Vamos verificar isso\u2026\",\"breadcrumb\":{\"@id\":\"https:\/\/exceladvisor.org\/pt\/numeros-mais-frequentes\/#breadcrumb\"},\"inLanguage\":\"pt-PT\",\"potentialAction\":[{\"@type\":\"ReadAction\",\"target\":[\"https:\/\/exceladvisor.org\/pt\/numeros-mais-frequentes\/\"]}]},{\"@type\":\"ImageObject\",\"inLanguage\":\"pt-PT\",\"@id\":\"https:\/\/exceladvisor.org\/pt\/numeros-mais-frequentes\/#primaryimage\",\"url\":\"https:\/\/exceladvisor.org\/wp-content\/uploads\/2023\/08\/1-obtenir-les-numeros-les-plus-frequents.png\",\"contentUrl\":\"https:\/\/exceladvisor.org\/wp-content\/uploads\/2023\/08\/1-obtenir-les-numeros-les-plus-frequents.png\"},{\"@type\":\"BreadcrumbList\",\"@id\":\"https:\/\/exceladvisor.org\/pt\/numeros-mais-frequentes\/#breadcrumb\",\"itemListElement\":[{\"@type\":\"ListItem\",\"position\":1,\"name\":\"Lar\",\"item\":\"https:\/\/exceladvisor.org\/pt\/\"},{\"@type\":\"ListItem\",\"position\":2,\"name\":\"Obtenha o(s) n\u00famero(s) mais frequente(s) de uma matriz\"}]},{\"@type\":\"WebSite\",\"@id\":\"https:\/\/exceladvisor.org\/pt\/#website\",\"url\":\"https:\/\/exceladvisor.org\/pt\/\",\"name\":\"Excel Advisor\",\"description\":\"O seu guia definitivo para dominar os dados!\",\"publisher\":{\"@id\":\"https:\/\/exceladvisor.org\/pt\/#organization\"},\"potentialAction\":[{\"@type\":\"SearchAction\",\"target\":{\"@type\":\"EntryPoint\",\"urlTemplate\":\"https:\/\/exceladvisor.org\/pt\/?s={search_term_string}\"},\"query-input\":{\"@type\":\"PropertyValueSpecification\",\"valueRequired\":true,\"valueName\":\"search_term_string\"}}],\"inLanguage\":\"pt-PT\"},{\"@type\":\"Organization\",\"@id\":\"https:\/\/exceladvisor.org\/pt\/#organization\",\"name\":\"Excel Advisor\",\"url\":\"https:\/\/exceladvisor.org\/pt\/\",\"logo\":{\"@type\":\"ImageObject\",\"inLanguage\":\"pt-PT\",\"@id\":\"https:\/\/exceladvisor.org\/pt\/#\/schema\/logo\/image\/\",\"url\":\"https:\/\/exceladvisor.org\/pt\/wp-content\/uploads\/2023\/12\/exceladvisor.org_.png\",\"contentUrl\":\"https:\/\/exceladvisor.org\/pt\/wp-content\/uploads\/2023\/12\/exceladvisor.org_.png\",\"width\":105,\"height\":36,\"caption\":\"Excel Advisor\"},\"image\":{\"@id\":\"https:\/\/exceladvisor.org\/pt\/#\/schema\/logo\/image\/\"}}]}<\/script>\n<!-- \/ Yoast SEO plugin. -->","yoast_head_json":{"title":"Obtenha os n\u00fameros mais frequentes de uma matriz","description":"Este tutorial ensinar\u00e1 como escrever uma f\u00f3rmula Excel para obter o n\u00famero mais frequente da lista de n\u00fameros. Vamos verificar isso\u2026","robots":{"index":"index","follow":"follow","max-snippet":"max-snippet:-1","max-image-preview":"max-image-preview:large","max-video-preview":"max-video-preview:-1"},"canonical":"https:\/\/exceladvisor.org\/pt\/numeros-mais-frequentes\/","og_locale":"pt_PT","og_type":"article","og_title":"Obtenha os n\u00fameros mais frequentes de uma matriz","og_description":"Este tutorial ensinar\u00e1 como escrever uma f\u00f3rmula Excel para obter o n\u00famero mais frequente da lista de n\u00fameros. Vamos verificar isso\u2026","og_url":"https:\/\/exceladvisor.org\/pt\/numeros-mais-frequentes\/","og_site_name":"Excel Advisor","article_modified_time":"2023-12-06T11:51:22+00:00","og_image":[{"url":"https:\/\/exceladvisor.org\/wp-content\/uploads\/2023\/08\/1-obtenir-les-numeros-les-plus-frequents.png","type":"","width":"","height":""}],"twitter_card":"summary_large_image","twitter_misc":{"Tempo estimado de leitura":"2 minutos"},"schema":{"@context":"https:\/\/schema.org","@graph":[{"@type":"WebPage","@id":"https:\/\/exceladvisor.org\/pt\/numeros-mais-frequentes\/","url":"https:\/\/exceladvisor.org\/pt\/numeros-mais-frequentes\/","name":"Obtenha os n\u00fameros mais frequentes de uma matriz","isPartOf":{"@id":"https:\/\/exceladvisor.org\/pt\/#website"},"primaryImageOfPage":{"@id":"https:\/\/exceladvisor.org\/pt\/numeros-mais-frequentes\/#primaryimage"},"image":{"@id":"https:\/\/exceladvisor.org\/pt\/numeros-mais-frequentes\/#primaryimage"},"thumbnailUrl":"https:\/\/exceladvisor.org\/wp-content\/uploads\/2023\/08\/1-obtenir-les-numeros-les-plus-frequents.png","datePublished":"2023-11-10T09:08:34+00:00","dateModified":"2023-12-06T11:51:22+00:00","description":"Este tutorial ensinar\u00e1 como escrever uma f\u00f3rmula Excel para obter o n\u00famero mais frequente da lista de n\u00fameros. Vamos verificar isso\u2026","breadcrumb":{"@id":"https:\/\/exceladvisor.org\/pt\/numeros-mais-frequentes\/#breadcrumb"},"inLanguage":"pt-PT","potentialAction":[{"@type":"ReadAction","target":["https:\/\/exceladvisor.org\/pt\/numeros-mais-frequentes\/"]}]},{"@type":"ImageObject","inLanguage":"pt-PT","@id":"https:\/\/exceladvisor.org\/pt\/numeros-mais-frequentes\/#primaryimage","url":"https:\/\/exceladvisor.org\/wp-content\/uploads\/2023\/08\/1-obtenir-les-numeros-les-plus-frequents.png","contentUrl":"https:\/\/exceladvisor.org\/wp-content\/uploads\/2023\/08\/1-obtenir-les-numeros-les-plus-frequents.png"},{"@type":"BreadcrumbList","@id":"https:\/\/exceladvisor.org\/pt\/numeros-mais-frequentes\/#breadcrumb","itemListElement":[{"@type":"ListItem","position":1,"name":"Lar","item":"https:\/\/exceladvisor.org\/pt\/"},{"@type":"ListItem","position":2,"name":"Obtenha o(s) n\u00famero(s) mais frequente(s) de uma matriz"}]},{"@type":"WebSite","@id":"https:\/\/exceladvisor.org\/pt\/#website","url":"https:\/\/exceladvisor.org\/pt\/","name":"Excel Advisor","description":"O seu guia definitivo para dominar os dados!","publisher":{"@id":"https:\/\/exceladvisor.org\/pt\/#organization"},"potentialAction":[{"@type":"SearchAction","target":{"@type":"EntryPoint","urlTemplate":"https:\/\/exceladvisor.org\/pt\/?s={search_term_string}"},"query-input":{"@type":"PropertyValueSpecification","valueRequired":true,"valueName":"search_term_string"}}],"inLanguage":"pt-PT"},{"@type":"Organization","@id":"https:\/\/exceladvisor.org\/pt\/#organization","name":"Excel Advisor","url":"https:\/\/exceladvisor.org\/pt\/","logo":{"@type":"ImageObject","inLanguage":"pt-PT","@id":"https:\/\/exceladvisor.org\/pt\/#\/schema\/logo\/image\/","url":"https:\/\/exceladvisor.org\/pt\/wp-content\/uploads\/2023\/12\/exceladvisor.org_.png","contentUrl":"https:\/\/exceladvisor.org\/pt\/wp-content\/uploads\/2023\/12\/exceladvisor.org_.png","width":105,"height":36,"caption":"Excel Advisor"},"image":{"@id":"https:\/\/exceladvisor.org\/pt\/#\/schema\/logo\/image\/"}}]}},"yoast_meta":{"yoast_wpseo_title":"","yoast_wpseo_metadesc":"","yoast_wpseo_canonical":""},"_links":{"self":[{"href":"https:\/\/exceladvisor.org\/pt\/wp-json\/wp\/v2\/pages\/238","targetHints":{"allow":["GET"]}}],"collection":[{"href":"https:\/\/exceladvisor.org\/pt\/wp-json\/wp\/v2\/pages"}],"about":[{"href":"https:\/\/exceladvisor.org\/pt\/wp-json\/wp\/v2\/types\/page"}],"author":[{"embeddable":true,"href":"https:\/\/exceladvisor.org\/pt\/wp-json\/wp\/v2\/users\/1"}],"replies":[{"embeddable":true,"href":"https:\/\/exceladvisor.org\/pt\/wp-json\/wp\/v2\/comments?post=238"}],"version-history":[{"count":1,"href":"https:\/\/exceladvisor.org\/pt\/wp-json\/wp\/v2\/pages\/238\/revisions"}],"predecessor-version":[{"id":1470,"href":"https:\/\/exceladvisor.org\/pt\/wp-json\/wp\/v2\/pages\/238\/revisions\/1470"}],"wp:attachment":[{"href":"https:\/\/exceladvisor.org\/pt\/wp-json\/wp\/v2\/media?parent=238"}],"curies":[{"name":"wp","href":"https:\/\/api.w.org\/{rel}","templated":true}]}}