{"id":239,"date":"2023-11-10T09:01:18","date_gmt":"2023-11-10T09:01:18","guid":{"rendered":"https:\/\/exceladvisor.org\/pt\/dias-entre-duas-datas\/"},"modified":"2023-12-06T11:35:42","modified_gmt":"2023-12-06T11:35:42","slug":"dias-entre-duas-datas","status":"publish","type":"page","link":"https:\/\/exceladvisor.org\/pt\/dias-entre-duas-datas\/","title":{"rendered":"Como contar os dias entre duas datas?"},"content":{"rendered":"<div class=\"excel-before-content-2\" id=\"excel-4210193720\"><script type=\"text\/javascript\">\r\n\tatOptions = {\r\n\t\t'key' : 'c1158f160081d6540a8409e6925dab94',\r\n\t\t'format' : 'iframe',\r\n\t\t'height' : 250,\r\n\t\t'width' : 300,\r\n\t\t'params' : {}\r\n\t};\r\n<\/script>\r\n<script type=\"text\/javascript\" src=\"\/\/www.highperformanceformat.com\/c1158f160081d6540a8409e6925dab94\/invoke.js\"><\/script><\/div><div class=\"excel-before-content\" id=\"excel-3814647702\"><script type=\"text\/javascript\">\r\n\tatOptions = {\r\n\t\t'key' : 'c1158f160081d6540a8409e6925dab94',\r\n\t\t'format' : 'iframe',\r\n\t\t'height' : 250,\r\n\t\t'width' : 300,\r\n\t\t'params' : {}\r\n\t};\r\n<\/script>\r\n<script type=\"text\/javascript\" src=\"\/\/www.highperformanceformat.com\/c1158f160081d6540a8409e6925dab94\/invoke.js\"><\/script><\/div> <p>Para contar os dias entre duas datas (um intervalo de datas), voc\u00ea deve usar a fun\u00e7\u00e3o CONT.SE em vez de CONT.SE. Para criar um intervalo de datas, voc\u00ea deve especificar uma data inferior e uma data superior. Isso diz ao Excel para contar apenas os dias entre o intervalo de dias. <\/p><div class=\"wp-block-image\"><figure class=\"aligncenter size-full is-resized\"><img loading=\"lazy\" decoding=\"async\" class=\"wp-image-79385\" src=\"https:\/\/exceladvisor.org\/wp-content\/uploads\/2023\/08\/1-jours-entre-deux-dates.png\" sizes=\"auto, \" srcset=\"\" alt=\"dias entre duas datas\" width=\"664\" height=\"506\"><\/figure><\/div><h2 id=\"h-formula-to-count-days-between-two-dates\" class=\"wp-block-heading\"> F\u00f3rmula para contar dias entre duas datas<\/h2><p> Voc\u00ea pode usar as seguintes etapas:<\/p><ol type=\"1\"><li> Primeiro insira a fun\u00e7\u00e3o COUNTIFS em uma c\u00e9lula.<\/li><li> Depois disso, no argumento intervalo_crit\u00e9rios1, consulte o intervalo onde voc\u00ea tem datas.<\/li><li> Em seguida, no argumento crit\u00e9rio1, insira o sinal de maior que (&gt;) e igual (=) e coloque-o entre aspas duplas. E a seguir, consulte a c\u00e9lula onde voc\u00ea tem a data mais baixa.<\/li><li> Agora, no intervalo de crit\u00e9rios 2, consulte o intervalo de datas novamente.<\/li><li> Depois disso, no crit\u00e9rio2, insira o sinal de menor que (&lt;) e igual (=) e coloque-o entre aspas duplas. E a seguir, consulte a c\u00e9lula onde est\u00e1 a data superior.<\/li><li> Ao final, feche a fun\u00e7\u00e3o e pressione Enter para obter o resultado. <\/li><\/ol><div class=\"wp-block-image\"><figure class=\"aligncenter size-full is-resized\"><img loading=\"lazy\" decoding=\"async\" class=\"wp-image-79386\" src=\"https:\/\/exceladvisor.org\/wp-content\/uploads\/2023\/08\/2-countif-pour-compter-les-jours-entre-les-dates.png\" sizes=\"auto, \" srcset=\"\" alt=\"contar-para-contar-dias-entre-as-datas\" width=\"751\" height=\"494\"><\/figure><\/div><pre class=\"wp-block-code\"> <code class=\"language-excel-formula\" lang=\"excel-formula\">=COUNTIFS(A2:A17,\"&gt;=\"&amp;E2,A2:A17,\"&lt;=\"&amp;F2)<\/code><\/pre><h2 id=\"h-how-this-formula-works\" class=\"wp-block-heading\"> Como funciona essa f\u00f3rmula?<\/h2><p> Para entender esta f\u00f3rmula, voc\u00ea pode dividi-la em duas partes. <\/p><div class=\"wp-block-image\"><figure class=\"aligncenter size-full is-resized\"><img loading=\"lazy\" decoding=\"async\" class=\"wp-image-79387\" src=\"https:\/\/exceladvisor.org\/wp-content\/uploads\/2023\/08\/3-comment-fonctionne-la-formule-countif.png\" sizes=\"auto, \" srcset=\"\" alt=\"como funciona a f\u00f3rmula countif\" width=\"524\" height=\"158\"><\/figure><\/div><ul><li> Na primeira parte voc\u00ea tem a condi\u00e7\u00e3o de testar c\u00e9lulas maiores e iguais \u00e0 data que voc\u00ea tem na c\u00e9lula E2. ou seja, 4 de novembro de 2022.<\/li><li> Na segunda parte, voc\u00ea tem a condi\u00e7\u00e3o de testar c\u00e9lulas menores e iguais \u00e0 data que voc\u00ea tem na c\u00e9lula F2. ou seja, 4 de dezembro de 2022.<\/li><\/ul><p> Assim, 15 c\u00e9lulas possuem datas entre 4 de novembro de 2022 e 4 de dezembro de 2022.<\/p><p class=\"qt-tip\"> <strong>Nota:<\/strong> Certifique-se de inserir os operadores maior que (&gt;), menor que (&lt;) e igual (=) como texto e entre aspas duplas.<\/p><h2 id=\"h-use-sumproduct-to-count-between-dates\" class=\"wp-block-heading\"> Use SUMPRODUCT para contar entre datas<\/h2><p> Voc\u00ea tamb\u00e9m pode usar SUMPRODUCT para contar datas entre duas datas, como no exemplo a seguir: <\/p><div class=\"wp-block-image\"><figure class=\"aligncenter size-full is-resized\"><img loading=\"lazy\" decoding=\"async\" class=\"wp-image-79388\" src=\"https:\/\/exceladvisor.org\/wp-content\/uploads\/2023\/08\/4-sumproduct-pour-compter-les-jours.png\" sizes=\"auto, \" srcset=\"\" alt=\"soma-contagem-dias\" width=\"567\" height=\"568\"><\/figure><\/div><pre class=\"wp-block-code\"> <code class=\"language-excel-formula\" lang=\"excel-formula\">=SUMPRODUCT(--(A2:A17&lt;=F2),--(A2:A17&gt;=E2))<\/code><\/pre><p> Agora vamos entender essa f\u00f3rmula passo a passo. Mas antes disso voc\u00ea precisa saber que SUMPRODUCT pode receber um array em uma \u00fanica c\u00e9lula.<\/p><p> Na primeira parte da f\u00f3rmula voc\u00ea tem a condi\u00e7\u00e3o de verificar todas as datas do intervalo. Ele verificar\u00e1 qual \u00e9 menor e igual \u00e0 data especificada. Voc\u00ea pode ver que ele retorna TRUE e FALSE. <\/p><div class=\"wp-block-image\"><figure class=\"aligncenter size-full is-resized\"><img loading=\"lazy\" decoding=\"async\" class=\"wp-image-79389\" src=\"https:\/\/exceladvisor.org\/wp-content\/uploads\/2023\/08\/5-comprendre-sumproduct-pour-compter-les-jours.png\" sizes=\"auto, \" srcset=\"\" alt=\"entender a soma produzida para contar os dias\" width=\"390\" height=\"169\"><\/figure><\/div><p> Depois disso, voc\u00ea tem um sinal de menos duplo que converte VERDADEIRO e FALSO em 1 e 0. <\/p><div class=\"wp-block-image\"><figure class=\"aligncenter size-full is-resized\"><img loading=\"lazy\" decoding=\"async\" class=\"wp-image-79390\" src=\"https:\/\/exceladvisor.org\/wp-content\/uploads\/2023\/08\/6-double-signe-moins-convertira-vrai-ou-faux.png\" sizes=\"auto, \" srcset=\"\" alt=\"sinal de menos duplo converter\u00e1 verdadeiro ou falso\" width=\"422\" height=\"139\"><\/figure><\/div><p> Na segunda parte da f\u00f3rmula, voc\u00ea tem novamente a condi\u00e7\u00e3o a ser testada. E retorna TRUE se esta condi\u00e7\u00e3o for atendida, caso contr\u00e1rio, FALSE. <\/p><div class=\"wp-block-image\"><figure class=\"aligncenter size-full is-resized\"><img loading=\"lazy\" decoding=\"async\" class=\"wp-image-79391\" src=\"https:\/\/exceladvisor.org\/wp-content\/uploads\/2023\/08\/7-renvoie-vrai-si-la-condition-est-remplie.png\" sizes=\"auto, \" srcset=\"\" alt=\"retorna verdadeiro se a condi\u00e7\u00e3o for atendida\" width=\"423\" height=\"152\"><\/figure><\/div><p> Depois disso, o sinal de menos duplo converte VERDADEIRO e FALSO em 1 e 0. <\/p><div class=\"wp-block-image\"><figure class=\"aligncenter size-full is-resized\"><img loading=\"lazy\" decoding=\"async\" class=\"wp-image-79392\" src=\"https:\/\/exceladvisor.org\/wp-content\/uploads\/2023\/08\/8-vrai-et-faux-en-zero-et-un.png\" sizes=\"auto, \" srcset=\"\" alt=\"verdadeiro e falso em zero e um\" width=\"435\" height=\"125\"><\/figure><\/div><p> Neste ponto voc\u00ea tem duas tabelas. 1 significa que a data no intervalo est\u00e1 entre o intervalo de datas especificado.<\/p><p> SUMPRODUCT cria um produto desses arrays e retorna um \u00fanico array, depois soma os valores desse array que \u00e9 o n\u00famero de datas entre o intervalo. <\/p><div class=\"gb-container gb-container-52dfcee1 gb-container-sample-file\"><h2 class=\"gb-headline gb-headline-e289c143 gb-headline-text gb-headline-4f7959c2\"> Obtenha o arquivo Excel<\/h2><p> <a class=\"gb-button gb-button-e88d6bee gb-button-text gb-button-button1\" href=\"https:\/\/exceladvisor.org\/wp-content\/uploads\/2023\/08\/jours-entre-les-dates.xlsx\" rel=\"nofollow\">Download<\/a><\/p><\/div><div class=\"gb-container gb-container-0df56012 gb-container-mt\"> <a class=\"gb-button gb-button-f9f432f4 gb-button-text gb-button-mt-button\" href=\"https:\/\/exceladvisor.org\/pt\/formulas\/\">Lista de f\u00f3rmulas do Excel<\/a><h2 class=\"gb-headline gb-headline-233444e8 gb-headline-text gb-headline-mt-heading\"> F\u00f3rmulas relacionadas <\/h2><div class=\"gb-grid-wrapper gb-grid-wrapper-a16fa65c gb-grid-wrapper-mt-grid\"><div class=\"gb-grid-column gb-grid-column-50d07e0d\"><div class=\"gb-container gb-container-50d07e0d\"><ul><li> <a href=\"https:\/\/exceladvisor.org\/pt\/adicione-a-data-da-semana\/\">Semana de adi\u00e7\u00e3o e subtra\u00e7\u00e3o de uma data no Excel<\/a><\/li><li> <a href=\"https:\/\/exceladvisor.org\/pt\/pegue-o-nome-do-dia\/\">Obtenha o nome do dia de uma data no Excel<\/a><\/li><li> <a href=\"https:\/\/exceladvisor.org\/pt\/dias-do-mes\/\">Obtenha o n\u00famero total de dias dos meses no Excel<\/a><\/li><li> <a href=\"https:\/\/exceladvisor.org\/pt\/meses-dias-uteis\/\">Dias \u00fateis em um m\u00eas<\/a><\/li><li> <a href=\"https:\/\/exceladvisor.org\/pt\/data-para-texto-2\/\">Converter data em texto<\/a> <\/li><\/ul><\/div><\/div><div class=\"gb-grid-column gb-grid-column-5b4a0cf9\"><div class=\"gb-container gb-container-5b4a0cf9\"><\/div><\/div><\/div><\/div>","protected":false},"excerpt":{"rendered":"","protected":false},"author":1,"featured_media":0,"parent":0,"menu_order":0,"comment_status":"open","ping_status":"closed","template":"","meta":{"ub_ctt_via":"","footnotes":""},"class_list":["post-239","page","type-page","status-publish","hentry"],"featured_image_src":null,"yoast_head":"<!-- This site is optimized with the Yoast SEO plugin v25.4 - https:\/\/yoast.com\/wordpress\/plugins\/seo\/ -->\n<title>Como contar os dias entre duas datas? (Tutorial 2023)<\/title>\n<meta name=\"description\" content=\"Este tutorial ensinar\u00e1 como escrever uma f\u00f3rmula Excel para contar o n\u00famero total de dias entre duas datas. Vamos verificar isso\u2026\" \/>\n<meta name=\"robots\" content=\"index, follow, max-snippet:-1, max-image-preview:large, max-video-preview:-1\" \/>\n<link rel=\"canonical\" href=\"https:\/\/exceladvisor.org\/pt\/dias-entre-duas-datas\/\" \/>\n<meta property=\"og:locale\" content=\"pt_PT\" \/>\n<meta property=\"og:type\" content=\"article\" \/>\n<meta property=\"og:title\" content=\"Como contar os dias entre duas datas? (Tutorial 2023)\" \/>\n<meta property=\"og:description\" content=\"Este tutorial ensinar\u00e1 como escrever uma f\u00f3rmula Excel para contar o n\u00famero total de dias entre duas datas. Vamos verificar isso\u2026\" \/>\n<meta property=\"og:url\" content=\"https:\/\/exceladvisor.org\/pt\/dias-entre-duas-datas\/\" \/>\n<meta property=\"og:site_name\" content=\"Excel Advisor\" \/>\n<meta property=\"article:modified_time\" content=\"2023-12-06T11:35:42+00:00\" \/>\n<meta property=\"og:image\" content=\"https:\/\/exceladvisor.org\/wp-content\/uploads\/2023\/08\/1-jours-entre-deux-dates.png\" \/>\n<meta name=\"twitter:card\" content=\"summary_large_image\" \/>\n<meta name=\"twitter:label1\" content=\"Tempo estimado de leitura\" \/>\n\t<meta name=\"twitter:data1\" content=\"3 minutos\" \/>\n<script type=\"application\/ld+json\" class=\"yoast-schema-graph\">{\"@context\":\"https:\/\/schema.org\",\"@graph\":[{\"@type\":\"WebPage\",\"@id\":\"https:\/\/exceladvisor.org\/pt\/dias-entre-duas-datas\/\",\"url\":\"https:\/\/exceladvisor.org\/pt\/dias-entre-duas-datas\/\",\"name\":\"Como contar os dias entre duas datas? (Tutorial 2023)\",\"isPartOf\":{\"@id\":\"https:\/\/exceladvisor.org\/pt\/#website\"},\"primaryImageOfPage\":{\"@id\":\"https:\/\/exceladvisor.org\/pt\/dias-entre-duas-datas\/#primaryimage\"},\"image\":{\"@id\":\"https:\/\/exceladvisor.org\/pt\/dias-entre-duas-datas\/#primaryimage\"},\"thumbnailUrl\":\"https:\/\/exceladvisor.org\/wp-content\/uploads\/2023\/08\/1-jours-entre-deux-dates.png\",\"datePublished\":\"2023-11-10T09:01:18+00:00\",\"dateModified\":\"2023-12-06T11:35:42+00:00\",\"description\":\"Este tutorial ensinar\u00e1 como escrever uma f\u00f3rmula Excel para contar o n\u00famero total de dias entre duas datas. Vamos verificar isso\u2026\",\"breadcrumb\":{\"@id\":\"https:\/\/exceladvisor.org\/pt\/dias-entre-duas-datas\/#breadcrumb\"},\"inLanguage\":\"pt-PT\",\"potentialAction\":[{\"@type\":\"ReadAction\",\"target\":[\"https:\/\/exceladvisor.org\/pt\/dias-entre-duas-datas\/\"]}]},{\"@type\":\"ImageObject\",\"inLanguage\":\"pt-PT\",\"@id\":\"https:\/\/exceladvisor.org\/pt\/dias-entre-duas-datas\/#primaryimage\",\"url\":\"https:\/\/exceladvisor.org\/wp-content\/uploads\/2023\/08\/1-jours-entre-deux-dates.png\",\"contentUrl\":\"https:\/\/exceladvisor.org\/wp-content\/uploads\/2023\/08\/1-jours-entre-deux-dates.png\"},{\"@type\":\"BreadcrumbList\",\"@id\":\"https:\/\/exceladvisor.org\/pt\/dias-entre-duas-datas\/#breadcrumb\",\"itemListElement\":[{\"@type\":\"ListItem\",\"position\":1,\"name\":\"Lar\",\"item\":\"https:\/\/exceladvisor.org\/pt\/\"},{\"@type\":\"ListItem\",\"position\":2,\"name\":\"Como contar os dias entre duas datas?\"}]},{\"@type\":\"WebSite\",\"@id\":\"https:\/\/exceladvisor.org\/pt\/#website\",\"url\":\"https:\/\/exceladvisor.org\/pt\/\",\"name\":\"Excel Advisor\",\"description\":\"O seu guia definitivo para dominar os dados!\",\"publisher\":{\"@id\":\"https:\/\/exceladvisor.org\/pt\/#organization\"},\"potentialAction\":[{\"@type\":\"SearchAction\",\"target\":{\"@type\":\"EntryPoint\",\"urlTemplate\":\"https:\/\/exceladvisor.org\/pt\/?s={search_term_string}\"},\"query-input\":{\"@type\":\"PropertyValueSpecification\",\"valueRequired\":true,\"valueName\":\"search_term_string\"}}],\"inLanguage\":\"pt-PT\"},{\"@type\":\"Organization\",\"@id\":\"https:\/\/exceladvisor.org\/pt\/#organization\",\"name\":\"Excel Advisor\",\"url\":\"https:\/\/exceladvisor.org\/pt\/\",\"logo\":{\"@type\":\"ImageObject\",\"inLanguage\":\"pt-PT\",\"@id\":\"https:\/\/exceladvisor.org\/pt\/#\/schema\/logo\/image\/\",\"url\":\"https:\/\/exceladvisor.org\/pt\/wp-content\/uploads\/2023\/12\/exceladvisor.org_.png\",\"contentUrl\":\"https:\/\/exceladvisor.org\/pt\/wp-content\/uploads\/2023\/12\/exceladvisor.org_.png\",\"width\":105,\"height\":36,\"caption\":\"Excel Advisor\"},\"image\":{\"@id\":\"https:\/\/exceladvisor.org\/pt\/#\/schema\/logo\/image\/\"}}]}<\/script>\n<!-- \/ Yoast SEO plugin. -->","yoast_head_json":{"title":"Como contar os dias entre duas datas? (Tutorial 2023)","description":"Este tutorial ensinar\u00e1 como escrever uma f\u00f3rmula Excel para contar o n\u00famero total de dias entre duas datas. Vamos verificar isso\u2026","robots":{"index":"index","follow":"follow","max-snippet":"max-snippet:-1","max-image-preview":"max-image-preview:large","max-video-preview":"max-video-preview:-1"},"canonical":"https:\/\/exceladvisor.org\/pt\/dias-entre-duas-datas\/","og_locale":"pt_PT","og_type":"article","og_title":"Como contar os dias entre duas datas? (Tutorial 2023)","og_description":"Este tutorial ensinar\u00e1 como escrever uma f\u00f3rmula Excel para contar o n\u00famero total de dias entre duas datas. Vamos verificar isso\u2026","og_url":"https:\/\/exceladvisor.org\/pt\/dias-entre-duas-datas\/","og_site_name":"Excel Advisor","article_modified_time":"2023-12-06T11:35:42+00:00","og_image":[{"url":"https:\/\/exceladvisor.org\/wp-content\/uploads\/2023\/08\/1-jours-entre-deux-dates.png","type":"","width":"","height":""}],"twitter_card":"summary_large_image","twitter_misc":{"Tempo estimado de leitura":"3 minutos"},"schema":{"@context":"https:\/\/schema.org","@graph":[{"@type":"WebPage","@id":"https:\/\/exceladvisor.org\/pt\/dias-entre-duas-datas\/","url":"https:\/\/exceladvisor.org\/pt\/dias-entre-duas-datas\/","name":"Como contar os dias entre duas datas? (Tutorial 2023)","isPartOf":{"@id":"https:\/\/exceladvisor.org\/pt\/#website"},"primaryImageOfPage":{"@id":"https:\/\/exceladvisor.org\/pt\/dias-entre-duas-datas\/#primaryimage"},"image":{"@id":"https:\/\/exceladvisor.org\/pt\/dias-entre-duas-datas\/#primaryimage"},"thumbnailUrl":"https:\/\/exceladvisor.org\/wp-content\/uploads\/2023\/08\/1-jours-entre-deux-dates.png","datePublished":"2023-11-10T09:01:18+00:00","dateModified":"2023-12-06T11:35:42+00:00","description":"Este tutorial ensinar\u00e1 como escrever uma f\u00f3rmula Excel para contar o n\u00famero total de dias entre duas datas. Vamos verificar isso\u2026","breadcrumb":{"@id":"https:\/\/exceladvisor.org\/pt\/dias-entre-duas-datas\/#breadcrumb"},"inLanguage":"pt-PT","potentialAction":[{"@type":"ReadAction","target":["https:\/\/exceladvisor.org\/pt\/dias-entre-duas-datas\/"]}]},{"@type":"ImageObject","inLanguage":"pt-PT","@id":"https:\/\/exceladvisor.org\/pt\/dias-entre-duas-datas\/#primaryimage","url":"https:\/\/exceladvisor.org\/wp-content\/uploads\/2023\/08\/1-jours-entre-deux-dates.png","contentUrl":"https:\/\/exceladvisor.org\/wp-content\/uploads\/2023\/08\/1-jours-entre-deux-dates.png"},{"@type":"BreadcrumbList","@id":"https:\/\/exceladvisor.org\/pt\/dias-entre-duas-datas\/#breadcrumb","itemListElement":[{"@type":"ListItem","position":1,"name":"Lar","item":"https:\/\/exceladvisor.org\/pt\/"},{"@type":"ListItem","position":2,"name":"Como contar os dias entre duas datas?"}]},{"@type":"WebSite","@id":"https:\/\/exceladvisor.org\/pt\/#website","url":"https:\/\/exceladvisor.org\/pt\/","name":"Excel Advisor","description":"O seu guia definitivo para dominar os dados!","publisher":{"@id":"https:\/\/exceladvisor.org\/pt\/#organization"},"potentialAction":[{"@type":"SearchAction","target":{"@type":"EntryPoint","urlTemplate":"https:\/\/exceladvisor.org\/pt\/?s={search_term_string}"},"query-input":{"@type":"PropertyValueSpecification","valueRequired":true,"valueName":"search_term_string"}}],"inLanguage":"pt-PT"},{"@type":"Organization","@id":"https:\/\/exceladvisor.org\/pt\/#organization","name":"Excel Advisor","url":"https:\/\/exceladvisor.org\/pt\/","logo":{"@type":"ImageObject","inLanguage":"pt-PT","@id":"https:\/\/exceladvisor.org\/pt\/#\/schema\/logo\/image\/","url":"https:\/\/exceladvisor.org\/pt\/wp-content\/uploads\/2023\/12\/exceladvisor.org_.png","contentUrl":"https:\/\/exceladvisor.org\/pt\/wp-content\/uploads\/2023\/12\/exceladvisor.org_.png","width":105,"height":36,"caption":"Excel Advisor"},"image":{"@id":"https:\/\/exceladvisor.org\/pt\/#\/schema\/logo\/image\/"}}]}},"yoast_meta":{"yoast_wpseo_title":"","yoast_wpseo_metadesc":"","yoast_wpseo_canonical":""},"_links":{"self":[{"href":"https:\/\/exceladvisor.org\/pt\/wp-json\/wp\/v2\/pages\/239","targetHints":{"allow":["GET"]}}],"collection":[{"href":"https:\/\/exceladvisor.org\/pt\/wp-json\/wp\/v2\/pages"}],"about":[{"href":"https:\/\/exceladvisor.org\/pt\/wp-json\/wp\/v2\/types\/page"}],"author":[{"embeddable":true,"href":"https:\/\/exceladvisor.org\/pt\/wp-json\/wp\/v2\/users\/1"}],"replies":[{"embeddable":true,"href":"https:\/\/exceladvisor.org\/pt\/wp-json\/wp\/v2\/comments?post=239"}],"version-history":[{"count":1,"href":"https:\/\/exceladvisor.org\/pt\/wp-json\/wp\/v2\/pages\/239\/revisions"}],"predecessor-version":[{"id":929,"href":"https:\/\/exceladvisor.org\/pt\/wp-json\/wp\/v2\/pages\/239\/revisions\/929"}],"wp:attachment":[{"href":"https:\/\/exceladvisor.org\/pt\/wp-json\/wp\/v2\/media?parent=239"}],"curies":[{"name":"wp","href":"https:\/\/api.w.org\/{rel}","templated":true}]}}