{"id":24,"date":"2023-11-20T06:11:24","date_gmt":"2023-11-20T06:11:24","guid":{"rendered":"https:\/\/exceladvisor.org\/pt\/adicionar-remover-hiperlinks\/"},"modified":"2023-12-06T11:33:54","modified_gmt":"2023-12-06T11:33:54","slug":"adicionar-remover-hiperlinks","status":"publish","type":"page","link":"https:\/\/exceladvisor.org\/pt\/adicionar-remover-hiperlinks\/","title":{"rendered":"Como adicionar e remover hiperlinks no excel?"},"content":{"rendered":"<div class=\"excel-before-content-2\" id=\"excel-2301274491\"><script type=\"text\/javascript\">\r\n\tatOptions = {\r\n\t\t'key' : 'c1158f160081d6540a8409e6925dab94',\r\n\t\t'format' : 'iframe',\r\n\t\t'height' : 250,\r\n\t\t'width' : 300,\r\n\t\t'params' : {}\r\n\t};\r\n<\/script>\r\n<script type=\"text\/javascript\" src=\"\/\/www.highperformanceformat.com\/c1158f160081d6540a8409e6925dab94\/invoke.js\"><\/script><\/div><div class=\"excel-before-content\" id=\"excel-1673034639\"><script type=\"text\/javascript\">\r\n\tatOptions = {\r\n\t\t'key' : 'c1158f160081d6540a8409e6925dab94',\r\n\t\t'format' : 'iframe',\r\n\t\t'height' : 250,\r\n\t\t'width' : 300,\r\n\t\t'params' : {}\r\n\t};\r\n<\/script>\r\n<script type=\"text\/javascript\" src=\"\/\/www.highperformanceformat.com\/c1158f160081d6540a8409e6925dab94\/invoke.js\"><\/script><\/div> <p>Um hiperlink no Excel \u00e9 um link para um arquivo, documento, local, site e endere\u00e7o de e-mail espec\u00edficos. Usando o hiperlink, os usu\u00e1rios podem navegar at\u00e9 um arquivo, documento ou local espec\u00edfico.<\/p><p> Ao adicionar um endere\u00e7o da web ou de e-mail ao hiperlink, os usu\u00e1rios podem navegar para uma p\u00e1gina da Internet ou enviar um e-mail para um endere\u00e7o de e-mail espec\u00edfico simplesmente clicando nesse link.<\/p><p> Os hiperlinks s\u00e3o f\u00e1ceis de reconhecer porque est\u00e3o sublinhados em azul ou roxo. Mencionamos algumas etapas r\u00e1pidas e f\u00e1ceis para adicionar e remover hiperlinks no Excel.<\/p><h2 class=\"wp-block-heading\"> Adicionar um hiperlink a uma pasta de trabalho existente<\/h2><p> Adicionar hiperlinks no Excel \u00e9 muito r\u00e1pido e f\u00e1cil. Os usu\u00e1rios podem adicionar hiperlinks manualmente ao Excel. O Excel tamb\u00e9m cria automaticamente um hiperlink quando os usu\u00e1rios inserem um endere\u00e7o da web ou de e-mail em uma c\u00e9lula.<\/p><ol><li> Primeiro, v\u00e1 para a guia \u201cInserir\u201d e clique no \u00edcone \u201cLink\u201d no grupo \u201cLink\u201d. <br><img loading=\"lazy\" decoding=\"async\" class=\"alignnone  wp-image-12836\" src=\"https:\/\/exceladvisor.org\/wp-content\/uploads\/2023\/11\/1-ajouter-des-liens.png\" alt=\"1 adicionar links\" width=\"682\" height=\"72\" srcset=\"https:\/\/exceladvisor.org\/wp-content\/uploads\/2023\/11\/1-ajouter-des-liens.png 1491w, https:\/\/exceladvisor.org\/wp-content\/uploads\/2023\/11\/1-ajouter-des-liens-300x32.png 300w, https:\/\/exceladvisor.org\/wp-content\/uploads\/2023\/11\/1-ajouter-des-liens-1024x108.png 1024w, https:\/\/exceladvisor.org\/wp-content\/uploads\/2023\/11\/1-ajouter-des-liens-768x81.png 768w\" sizes=\"auto, (max-width: 682px) 100vw, 682px\"><\/li><li> Ou clique com o bot\u00e3o direito na c\u00e9lula onde deseja adicionar o hiperlink e clique na op\u00e7\u00e3o \u201cLink\u201d no menu de contexto. <br><img loading=\"lazy\" decoding=\"async\" class=\"alignnone  wp-image-12837\" src=\"https:\/\/exceladvisor.org\/wp-content\/uploads\/2023\/11\/2-option-de-lien.png\" alt=\"Op\u00e7\u00e3o de 2 links\" width=\"190\" height=\"412\" srcset=\"https:\/\/exceladvisor.org\/wp-content\/uploads\/2023\/11\/2-option-de-lien.png 345w, https:\/\/exceladvisor.org\/wp-content\/uploads\/2023\/11\/2-option-de-lien-138x300.png 138w\" sizes=\"auto, (max-width: 190px) 100vw, 190px\"><\/li><li> Ou pressione o atalho CTRL + K no teclado.<\/li><li> Depois de seguir qualquer uma das etapas acima, a janela \u201cInserir hiperlink\u201d ser\u00e1 aberta.<\/li><li> Depois disso, selecione a op\u00e7\u00e3o \u201cArquivo ou p\u00e1gina da web existente\u201d e selecione o local onde este arquivo ou documento est\u00e1 colocado.<\/li><li> Agora, selecione o arquivo ou documento, insira o texto na coluna \u201cTexto para exibir\u201d que deseja exibir como um nome de hipertexto e clique em OK. <br><img loading=\"lazy\" decoding=\"async\" class=\"alignnone  wp-image-12838\" src=\"https:\/\/exceladvisor.org\/wp-content\/uploads\/2023\/11\/3-ajouter-des-pages.png\" alt=\"3 adicionar p\u00e1ginas\" width=\"648\" height=\"300\" srcset=\"https:\/\/exceladvisor.org\/wp-content\/uploads\/2023\/11\/3-ajouter-des-pages.png 909w, https:\/\/exceladvisor.org\/wp-content\/uploads\/2023\/11\/3-ajouter-des-pages-300x139.png 300w, https:\/\/exceladvisor.org\/wp-content\/uploads\/2023\/11\/3-ajouter-des-pages-768x356.png 768w\" sizes=\"auto, (max-width: 648px) 100vw, 648px\"><\/li><\/ol><h2 class=\"wp-block-heading\"> Adicionar um hiperlink a uma planilha espec\u00edfica de uma pasta de trabalho existente<\/h2><ol><li> Primeiro, selecione a op\u00e7\u00e3o \u201cArquivo ou p\u00e1gina da web existente\u201d e, em seguida, selecione o local onde este arquivo ou documento est\u00e1 colocado<\/li><li> Em seguida, selecione o arquivo ou documento e clique no bot\u00e3o \u201cMarcar\u201d.<\/li><li> Agora selecione a planilha espec\u00edfica e a c\u00e9lula de destino dessa planilha existente e clique em OK.<\/li><\/ol><h2 class=\"wp-block-heading\"> Adicione um hiperlink a uma planilha espec\u00edfica na pasta de trabalho atual<\/h2><ol><li> Primeiro, selecione a op\u00e7\u00e3o \u201cColocar neste documento\u201d e voc\u00ea obter\u00e1 todas as planilhas da pasta de trabalho atual<\/li><li> Depois disso, selecione a planilha espec\u00edfica e a c\u00e9lula de destino e clique em OK. <\/li><\/ol><div class=\"wp-block-image\"><figure class=\"aligncenter size-full is-resized\"><img loading=\"lazy\" decoding=\"async\" class=\"alignnone  wp-image-12833\" src=\"https:\/\/exceladvisor.org\/wp-content\/uploads\/2023\/11\/4-lien-hypertexte-de-la-feuille.png\" alt=\"\" width=\"683\" height=\"315\" srcset=\"https:\/\/exceladvisor.org\/wp-content\/uploads\/2023\/11\/4-lien-hypertexte-de-la-feuille.png 908w, https:\/\/exceladvisor.org\/wp-content\/uploads\/2023\/11\/4-lien-hypertexte-de-la-feuille-300x138.png 300w, https:\/\/exceladvisor.org\/wp-content\/uploads\/2023\/11\/4-lien-hypertexte-de-la-feuille-768x354.png 768w\" sizes=\"auto, (max-width: 683px) 100vw, 683px\"><\/figure><\/div><h2 class=\"wp-block-heading\"> Adicionar um hiperlink a um endere\u00e7o da web<\/h2><ol><li> Primeiro, abra a p\u00e1gina web no navegador, copie o endere\u00e7o web e cole-o na coluna \u201cEndere\u00e7o\u201d da janela \u201cInserir hiperlink\u201d.<\/li><li> Depois disso, insira o texto na coluna \u201cTexto para exibir\u201d que deseja exibir como nome do hiperlink e clique em OK. <\/li><\/ol><div class=\"wp-block-image\"><figure class=\"aligncenter size-full is-resized\"><img loading=\"lazy\" decoding=\"async\" class=\"alignnone  wp-image-12834\" src=\"https:\/\/exceladvisor.org\/wp-content\/uploads\/2023\/11\/5-lien-vers-ladresse-Web.png\" alt=\"5 link para endere\u00e7o da web\" width=\"681\" height=\"316\" srcset=\"https:\/\/exceladvisor.org\/wp-content\/uploads\/2023\/11\/5-lien-vers-ladresse-Web.png 906w, https:\/\/exceladvisor.org\/wp-content\/uploads\/2023\/11\/5-lien-vers-ladresse-Web-300x139.png 300w, https:\/\/exceladvisor.org\/wp-content\/uploads\/2023\/11\/5-lien-vers-ladresse-Web-768x356.png 768w\" sizes=\"auto, (max-width: 681px) 100vw, 681px\"><\/figure><\/div><h2 class=\"wp-block-heading\"> Adicione um hiperlink para abrir uma nova pasta de trabalho<\/h2><ol><li> Primeiro, selecione a op\u00e7\u00e3o \u201cCriar novo documento\u201d e insira o nome da nova pasta de trabalho na coluna \u201cNome do novo documento\u201d.<\/li><li> Depois disso, insira o texto na coluna \u201cTexto para exibi\u00e7\u00e3o\u201d que deseja exibir como nome do hiperlink.<\/li><li> Agora clique no bot\u00e3o Editar se desejar alterar o local de salvamento da nova pasta de trabalho e clique em OK.<\/li><\/ol><h2 class=\"wp-block-heading\"> Adicionar um hiperlink a um endere\u00e7o de e-mail<\/h2><ol><li> Primeiro, selecione a op\u00e7\u00e3o \u201cEndere\u00e7o de e-mail\u201d, depois insira o ID do e-mail na coluna \u201cEndere\u00e7o de e-mail:\u201d e insira o assunto do e-mail na coluna \u201cAssunto\u201d.<\/li><li> Depois disso, insira o texto em \u201cTexto para exibir\u201d que deseja exibir como nome de hiperlink e clique em OK.<\/li><li> Voc\u00ea pode at\u00e9 inserir o endere\u00e7o de e-mail diretamente na c\u00e9lula e o Excel criar\u00e1 automaticamente o hiperlink para esse e-mail. <\/li><\/ol><div class=\"wp-block-image\"><figure class=\"aligncenter size-full is-resized\"><img loading=\"lazy\" decoding=\"async\" class=\"alignnone  wp-image-12835\" src=\"https:\/\/exceladvisor.org\/wp-content\/uploads\/2023\/11\/6-ajouter-un-e-mail.png\" alt=\"adicionar e-mail\" width=\"681\" height=\"312\" srcset=\"https:\/\/exceladvisor.org\/wp-content\/uploads\/2023\/11\/6-ajouter-un-e-mail.png 912w, https:\/\/exceladvisor.org\/wp-content\/uploads\/2023\/11\/6-ajouter-un-e-mail-300x138.png 300w, https:\/\/exceladvisor.org\/wp-content\/uploads\/2023\/11\/6-ajouter-un-e-mail-768x352.png 768w\" sizes=\"auto, (max-width: 681px) 100vw, 681px\"><\/figure><\/div><h2 class=\"wp-block-heading\"> Remover hiperlinks no Excel<\/h2><p> Remover hiperlinks do Excel \u00e9 muito mais f\u00e1cil e r\u00e1pido do que adicionar ou criar hiperlinks. O Excel permite que os usu\u00e1rios removam hiperlinks com dois cliques, conforme mencionado abaixo.<\/p><ol><li> Para remover um hiperlink de uma c\u00e9lula, clique com o bot\u00e3o direito em uma c\u00e9lula que cont\u00e9m um hiperlink e clique em \u201cRemover hiperlink\u201d no menu de contexto.<\/li><li> Para remover hiperlinks de v\u00e1rias c\u00e9lulas, selecione as c\u00e9lulas juntas, clique com o bot\u00e3o direito e selecione \u201cRemover hiperlinks\u201d no menu de contexto.<\/li><li> Para remover hiperlinks, da planilha atual, selecione a planilha inteira pressionando CTRL+A no teclado.<\/li><li> Agora, v\u00e1 para a guia \u201cHome\u201d e clique na seta suspensa do \u00edcone \u201cLimpar\u201d e selecione \u201cRemover hiperlinks\u201d. <\/li><\/ol><div class=\"gb-container gb-container-4db6181c gb-container-mt\"><h2 class=\"gb-headline gb-headline-665e5f6b gb-headline-text gb-headline-mt-heading\"> Tutoriais relacionados <\/h2><div class=\"gb-grid-wrapper gb-grid-wrapper-a20baf7c gb-grid-wrapper-mt-grid\"><div class=\"gb-grid-column gb-grid-column-65ddf67e\"><div class=\"gb-container gb-container-65ddf67e\"><ul><li> <a href=\"https:\/\/exceladvisor.org\/pt\/adicione-uma-marca-dagua\/\">Adicione uma marca d&#8217;\u00e1gua no Excel<\/a><\/li><li> <a href=\"https:\/\/exceladvisor.org\/pt\/remover-colunas-de-linha-ocultas\/\">Exclua linhas ocultas no Excel<\/a><\/li><li> <a href=\"https:\/\/exceladvisor.org\/pt\/desmarcar-celulas\/\">Desmarcar c\u00e9lulas no Excel<\/a><\/li><li> <a href=\"https:\/\/exceladvisor.org\/pt\/adicionar-uma-coluna\/\">Adicionar uma coluna no Excel<\/a> <\/li><\/ul><\/div><\/div><div class=\"gb-grid-column gb-grid-column-50067b57\"><div class=\"gb-container gb-container-50067b57\"><ul><li> <a href=\"https:\/\/exceladvisor.org\/pt\/excluir-linhas\/\">Exclua uma linha ou v\u00e1rias linhas no Excel<\/a><\/li><li> <a href=\"https:\/\/exceladvisor.org\/pt\/copiar-coluna\/\">Copie e cole uma coluna no Excel<\/a><\/li><li> <a href=\"https:\/\/exceladvisor.org\/pt\/mover-linha-coluna\/\">Mova uma linha e coluna no Excel<\/a><\/li><li> <a href=\"https:\/\/exceladvisor.org\/pt\/largura-da-coluna\/\">Como alterar a largura das colunas no Excel<\/a><\/li><\/ul><\/div><\/div><\/div><\/div>","protected":false},"excerpt":{"rendered":"","protected":false},"author":1,"featured_media":0,"parent":0,"menu_order":0,"comment_status":"open","ping_status":"closed","template":"","meta":{"ub_ctt_via":"","footnotes":""},"class_list":["post-24","page","type-page","status-publish","hentry"],"featured_image_src":null,"yoast_head":"<!-- This site is optimized with the Yoast SEO plugin v25.4 - https:\/\/yoast.com\/wordpress\/plugins\/seo\/ -->\n<title>Como adicionar e remover hiperlinks no Excel?<\/title>\n<meta name=\"description\" content=\"Neste tutorial, aprenderemos como adicionar e remover hiperlinks no Excel. Hiperlinks s\u00e3o f\u00e1ceis de reconhecer\" \/>\n<meta name=\"robots\" content=\"index, follow, max-snippet:-1, max-image-preview:large, max-video-preview:-1\" \/>\n<link rel=\"canonical\" href=\"https:\/\/exceladvisor.org\/pt\/adicionar-remover-hiperlinks\/\" \/>\n<meta property=\"og:locale\" content=\"pt_PT\" \/>\n<meta property=\"og:type\" content=\"article\" \/>\n<meta property=\"og:title\" content=\"Como adicionar e remover hiperlinks no Excel?\" \/>\n<meta property=\"og:description\" content=\"Neste tutorial, aprenderemos como adicionar e remover hiperlinks no Excel. Hiperlinks s\u00e3o f\u00e1ceis de reconhecer\" \/>\n<meta property=\"og:url\" content=\"https:\/\/exceladvisor.org\/pt\/adicionar-remover-hiperlinks\/\" \/>\n<meta property=\"og:site_name\" content=\"Excel Advisor\" \/>\n<meta property=\"article:modified_time\" content=\"2023-12-06T11:33:54+00:00\" \/>\n<meta property=\"og:image\" content=\"https:\/\/exceladvisor.org\/wp-content\/uploads\/2023\/11\/1-ajouter-des-liens.png\" \/>\n<meta name=\"twitter:card\" content=\"summary_large_image\" \/>\n<meta name=\"twitter:label1\" content=\"Tempo estimado de leitura\" \/>\n\t<meta name=\"twitter:data1\" content=\"4 minutos\" \/>\n<script type=\"application\/ld+json\" class=\"yoast-schema-graph\">{\"@context\":\"https:\/\/schema.org\",\"@graph\":[{\"@type\":\"WebPage\",\"@id\":\"https:\/\/exceladvisor.org\/pt\/adicionar-remover-hiperlinks\/\",\"url\":\"https:\/\/exceladvisor.org\/pt\/adicionar-remover-hiperlinks\/\",\"name\":\"Como adicionar e remover hiperlinks no Excel?\",\"isPartOf\":{\"@id\":\"https:\/\/exceladvisor.org\/pt\/#website\"},\"primaryImageOfPage\":{\"@id\":\"https:\/\/exceladvisor.org\/pt\/adicionar-remover-hiperlinks\/#primaryimage\"},\"image\":{\"@id\":\"https:\/\/exceladvisor.org\/pt\/adicionar-remover-hiperlinks\/#primaryimage\"},\"thumbnailUrl\":\"https:\/\/exceladvisor.org\/wp-content\/uploads\/2023\/11\/1-ajouter-des-liens.png\",\"datePublished\":\"2023-11-20T06:11:24+00:00\",\"dateModified\":\"2023-12-06T11:33:54+00:00\",\"description\":\"Neste tutorial, aprenderemos como adicionar e remover hiperlinks no Excel. Hiperlinks s\u00e3o f\u00e1ceis de reconhecer\",\"breadcrumb\":{\"@id\":\"https:\/\/exceladvisor.org\/pt\/adicionar-remover-hiperlinks\/#breadcrumb\"},\"inLanguage\":\"pt-PT\",\"potentialAction\":[{\"@type\":\"ReadAction\",\"target\":[\"https:\/\/exceladvisor.org\/pt\/adicionar-remover-hiperlinks\/\"]}]},{\"@type\":\"ImageObject\",\"inLanguage\":\"pt-PT\",\"@id\":\"https:\/\/exceladvisor.org\/pt\/adicionar-remover-hiperlinks\/#primaryimage\",\"url\":\"https:\/\/exceladvisor.org\/wp-content\/uploads\/2023\/11\/1-ajouter-des-liens.png\",\"contentUrl\":\"https:\/\/exceladvisor.org\/wp-content\/uploads\/2023\/11\/1-ajouter-des-liens.png\"},{\"@type\":\"BreadcrumbList\",\"@id\":\"https:\/\/exceladvisor.org\/pt\/adicionar-remover-hiperlinks\/#breadcrumb\",\"itemListElement\":[{\"@type\":\"ListItem\",\"position\":1,\"name\":\"Lar\",\"item\":\"https:\/\/exceladvisor.org\/pt\/\"},{\"@type\":\"ListItem\",\"position\":2,\"name\":\"Como adicionar e remover hiperlinks no excel?\"}]},{\"@type\":\"WebSite\",\"@id\":\"https:\/\/exceladvisor.org\/pt\/#website\",\"url\":\"https:\/\/exceladvisor.org\/pt\/\",\"name\":\"Excel Advisor\",\"description\":\"O seu guia definitivo para dominar os dados!\",\"publisher\":{\"@id\":\"https:\/\/exceladvisor.org\/pt\/#organization\"},\"potentialAction\":[{\"@type\":\"SearchAction\",\"target\":{\"@type\":\"EntryPoint\",\"urlTemplate\":\"https:\/\/exceladvisor.org\/pt\/?s={search_term_string}\"},\"query-input\":{\"@type\":\"PropertyValueSpecification\",\"valueRequired\":true,\"valueName\":\"search_term_string\"}}],\"inLanguage\":\"pt-PT\"},{\"@type\":\"Organization\",\"@id\":\"https:\/\/exceladvisor.org\/pt\/#organization\",\"name\":\"Excel Advisor\",\"url\":\"https:\/\/exceladvisor.org\/pt\/\",\"logo\":{\"@type\":\"ImageObject\",\"inLanguage\":\"pt-PT\",\"@id\":\"https:\/\/exceladvisor.org\/pt\/#\/schema\/logo\/image\/\",\"url\":\"https:\/\/exceladvisor.org\/pt\/wp-content\/uploads\/2023\/12\/exceladvisor.org_.png\",\"contentUrl\":\"https:\/\/exceladvisor.org\/pt\/wp-content\/uploads\/2023\/12\/exceladvisor.org_.png\",\"width\":105,\"height\":36,\"caption\":\"Excel Advisor\"},\"image\":{\"@id\":\"https:\/\/exceladvisor.org\/pt\/#\/schema\/logo\/image\/\"}}]}<\/script>\n<!-- \/ Yoast SEO plugin. -->","yoast_head_json":{"title":"Como adicionar e remover hiperlinks no Excel?","description":"Neste tutorial, aprenderemos como adicionar e remover hiperlinks no Excel. Hiperlinks s\u00e3o f\u00e1ceis de reconhecer","robots":{"index":"index","follow":"follow","max-snippet":"max-snippet:-1","max-image-preview":"max-image-preview:large","max-video-preview":"max-video-preview:-1"},"canonical":"https:\/\/exceladvisor.org\/pt\/adicionar-remover-hiperlinks\/","og_locale":"pt_PT","og_type":"article","og_title":"Como adicionar e remover hiperlinks no Excel?","og_description":"Neste tutorial, aprenderemos como adicionar e remover hiperlinks no Excel. Hiperlinks s\u00e3o f\u00e1ceis de reconhecer","og_url":"https:\/\/exceladvisor.org\/pt\/adicionar-remover-hiperlinks\/","og_site_name":"Excel Advisor","article_modified_time":"2023-12-06T11:33:54+00:00","og_image":[{"url":"https:\/\/exceladvisor.org\/wp-content\/uploads\/2023\/11\/1-ajouter-des-liens.png","type":"","width":"","height":""}],"twitter_card":"summary_large_image","twitter_misc":{"Tempo estimado de leitura":"4 minutos"},"schema":{"@context":"https:\/\/schema.org","@graph":[{"@type":"WebPage","@id":"https:\/\/exceladvisor.org\/pt\/adicionar-remover-hiperlinks\/","url":"https:\/\/exceladvisor.org\/pt\/adicionar-remover-hiperlinks\/","name":"Como adicionar e remover hiperlinks no Excel?","isPartOf":{"@id":"https:\/\/exceladvisor.org\/pt\/#website"},"primaryImageOfPage":{"@id":"https:\/\/exceladvisor.org\/pt\/adicionar-remover-hiperlinks\/#primaryimage"},"image":{"@id":"https:\/\/exceladvisor.org\/pt\/adicionar-remover-hiperlinks\/#primaryimage"},"thumbnailUrl":"https:\/\/exceladvisor.org\/wp-content\/uploads\/2023\/11\/1-ajouter-des-liens.png","datePublished":"2023-11-20T06:11:24+00:00","dateModified":"2023-12-06T11:33:54+00:00","description":"Neste tutorial, aprenderemos como adicionar e remover hiperlinks no Excel. Hiperlinks s\u00e3o f\u00e1ceis de reconhecer","breadcrumb":{"@id":"https:\/\/exceladvisor.org\/pt\/adicionar-remover-hiperlinks\/#breadcrumb"},"inLanguage":"pt-PT","potentialAction":[{"@type":"ReadAction","target":["https:\/\/exceladvisor.org\/pt\/adicionar-remover-hiperlinks\/"]}]},{"@type":"ImageObject","inLanguage":"pt-PT","@id":"https:\/\/exceladvisor.org\/pt\/adicionar-remover-hiperlinks\/#primaryimage","url":"https:\/\/exceladvisor.org\/wp-content\/uploads\/2023\/11\/1-ajouter-des-liens.png","contentUrl":"https:\/\/exceladvisor.org\/wp-content\/uploads\/2023\/11\/1-ajouter-des-liens.png"},{"@type":"BreadcrumbList","@id":"https:\/\/exceladvisor.org\/pt\/adicionar-remover-hiperlinks\/#breadcrumb","itemListElement":[{"@type":"ListItem","position":1,"name":"Lar","item":"https:\/\/exceladvisor.org\/pt\/"},{"@type":"ListItem","position":2,"name":"Como adicionar e remover hiperlinks no excel?"}]},{"@type":"WebSite","@id":"https:\/\/exceladvisor.org\/pt\/#website","url":"https:\/\/exceladvisor.org\/pt\/","name":"Excel Advisor","description":"O seu guia definitivo para dominar os dados!","publisher":{"@id":"https:\/\/exceladvisor.org\/pt\/#organization"},"potentialAction":[{"@type":"SearchAction","target":{"@type":"EntryPoint","urlTemplate":"https:\/\/exceladvisor.org\/pt\/?s={search_term_string}"},"query-input":{"@type":"PropertyValueSpecification","valueRequired":true,"valueName":"search_term_string"}}],"inLanguage":"pt-PT"},{"@type":"Organization","@id":"https:\/\/exceladvisor.org\/pt\/#organization","name":"Excel Advisor","url":"https:\/\/exceladvisor.org\/pt\/","logo":{"@type":"ImageObject","inLanguage":"pt-PT","@id":"https:\/\/exceladvisor.org\/pt\/#\/schema\/logo\/image\/","url":"https:\/\/exceladvisor.org\/pt\/wp-content\/uploads\/2023\/12\/exceladvisor.org_.png","contentUrl":"https:\/\/exceladvisor.org\/pt\/wp-content\/uploads\/2023\/12\/exceladvisor.org_.png","width":105,"height":36,"caption":"Excel Advisor"},"image":{"@id":"https:\/\/exceladvisor.org\/pt\/#\/schema\/logo\/image\/"}}]}},"yoast_meta":{"yoast_wpseo_title":"","yoast_wpseo_metadesc":"","yoast_wpseo_canonical":""},"_links":{"self":[{"href":"https:\/\/exceladvisor.org\/pt\/wp-json\/wp\/v2\/pages\/24","targetHints":{"allow":["GET"]}}],"collection":[{"href":"https:\/\/exceladvisor.org\/pt\/wp-json\/wp\/v2\/pages"}],"about":[{"href":"https:\/\/exceladvisor.org\/pt\/wp-json\/wp\/v2\/types\/page"}],"author":[{"embeddable":true,"href":"https:\/\/exceladvisor.org\/pt\/wp-json\/wp\/v2\/users\/1"}],"replies":[{"embeddable":true,"href":"https:\/\/exceladvisor.org\/pt\/wp-json\/wp\/v2\/comments?post=24"}],"version-history":[{"count":1,"href":"https:\/\/exceladvisor.org\/pt\/wp-json\/wp\/v2\/pages\/24\/revisions"}],"predecessor-version":[{"id":782,"href":"https:\/\/exceladvisor.org\/pt\/wp-json\/wp\/v2\/pages\/24\/revisions\/782"}],"wp:attachment":[{"href":"https:\/\/exceladvisor.org\/pt\/wp-json\/wp\/v2\/media?parent=24"}],"curies":[{"name":"wp","href":"https:\/\/api.w.org\/{rel}","templated":true}]}}