{"id":240,"date":"2023-11-10T08:21:20","date_gmt":"2023-11-10T08:21:20","guid":{"rendered":"https:\/\/exceladvisor.org\/pt\/extrair-a-ultima-palavra-2\/"},"modified":"2023-12-06T11:50:45","modified_gmt":"2023-12-06T11:50:45","slug":"extrair-a-ultima-palavra-2","status":"publish","type":"page","link":"https:\/\/exceladvisor.org\/pt\/extrair-a-ultima-palavra-2\/","title":{"rendered":"Extraia a \u00faltima palavra de uma c\u00e9lula no excel"},"content":{"rendered":"<div class=\"excel-before-content-2\" id=\"excel-1440161189\"><script type=\"text\/javascript\">\r\n\tatOptions = {\r\n\t\t'key' : 'c1158f160081d6540a8409e6925dab94',\r\n\t\t'format' : 'iframe',\r\n\t\t'height' : 250,\r\n\t\t'width' : 300,\r\n\t\t'params' : {}\r\n\t};\r\n<\/script>\r\n<script type=\"text\/javascript\" src=\"\/\/www.highperformanceformat.com\/c1158f160081d6540a8409e6925dab94\/invoke.js\"><\/script><\/div><div class=\"excel-before-content\" id=\"excel-1043150897\"><script type=\"text\/javascript\">\r\n\tatOptions = {\r\n\t\t'key' : 'c1158f160081d6540a8409e6925dab94',\r\n\t\t'format' : 'iframe',\r\n\t\t'height' : 250,\r\n\t\t'width' : 300,\r\n\t\t'params' : {}\r\n\t};\r\n<\/script>\r\n<script type=\"text\/javascript\" src=\"\/\/www.highperformanceformat.com\/c1158f160081d6540a8409e6925dab94\/invoke.js\"><\/script><\/div> <p>Para obter a \u00faltima palavra de uma c\u00e9lula, voc\u00ea precisa combinar as fun\u00e7\u00f5es TRIM, RIGHT, LEN, REPT e SUBSTITUTE no Excel.<\/p><p> Essas fun\u00e7\u00f5es ajudam a localizar o \u00faltimo espa\u00e7o na c\u00e9lula e ent\u00e3o, com base nesse espa\u00e7o; voc\u00ea pode obter a exce\u00e7\u00e3o da \u00faltima palavra. O Excel n\u00e3o possui uma f\u00f3rmula exata para complet\u00e1-lo, ent\u00e3o voc\u00ea precisa criar uma f\u00f3rmula personalizada. <\/p><div class=\"wp-block-image\"><figure class=\"aligncenter size-full is-resized\"><img loading=\"lazy\" decoding=\"async\" class=\"wp-image-79400\" src=\"https:\/\/exceladvisor.org\/wp-content\/uploads\/2023\/08\/1-extrait-le-dernier-mot-dune-cellule.png\" sizes=\"auto, \" srcset=\"\" alt=\"extrair a \u00faltima palavra de uma c\u00e9lula\" width=\"583\" height=\"511\"><\/figure><\/div><h2 class=\"wp-block-heading\"> F\u00f3rmula Excel para obter a \u00faltima palavra de uma data<\/h2><p> Aqui est\u00e1 a f\u00f3rmula que voc\u00ea deve usar:<\/p><pre class=\"wp-block-code\"> <code class=\"language-excel-formula\" lang=\"excel-formula\">=TRIM(RIGHT(SUBSTITUTE(A1,\" \",REPT(\" \",LEN(A1))),LEN(A1)))<\/code><\/pre><p> Para entender como esta f\u00f3rmula funciona, precisamos dividi-la em v\u00e1rias partes.<\/p><p> <strong>Nesta primeira parte<\/strong> temos as fun\u00e7\u00f5es REPT e LEN. A fun\u00e7\u00e3o LEN retorna o n\u00famero de caracteres do valor original e a fun\u00e7\u00e3o REPT retorna espa\u00e7os com base nesse n\u00famero (n\u00famero de caracteres). <\/p><div class=\"wp-block-image\"><figure class=\"aligncenter size-full is-resized\"><img loading=\"lazy\" decoding=\"async\" class=\"wp-image-79401\" src=\"https:\/\/exceladvisor.org\/wp-content\/uploads\/2023\/08\/2-fonctions-rept-et-len.png\" sizes=\"auto, \" srcset=\"\" alt=\"fun\u00e7\u00f5es rept-e-len\" width=\"542\" height=\"112\"><\/figure><\/div><p> Se houver 59 caracteres no valor original, REPT retornar\u00e1 59 espa\u00e7os. Veja a captura de tela abaixo. <\/p><div class=\"wp-block-image\"><figure class=\"aligncenter size-full is-resized\"><img loading=\"lazy\" decoding=\"async\" class=\"wp-image-79402\" src=\"https:\/\/exceladvisor.org\/wp-content\/uploads\/2023\/08\/3-rept-renvoie-des-valeurs.png\" sizes=\"auto, \" srcset=\"\" alt=\"rept-retorna-valores\" width=\"586\" height=\"111\"><\/figure><\/div><p> <strong>Depois, na segunda parte<\/strong> , temos a fun\u00e7\u00e3o SUBSTITUTE, que substitui cada espa\u00e7o da c\u00e9lula pelos espa\u00e7os retornados pela fun\u00e7\u00e3o REPT. <\/p><div class=\"wp-block-image\"><figure class=\"aligncenter size-full is-resized\"><img loading=\"lazy\" decoding=\"async\" class=\"wp-image-79403\" src=\"https:\/\/exceladvisor.org\/wp-content\/uploads\/2023\/08\/4-substituts-remplacent-chaque-espace.png\" sizes=\"auto, \" srcset=\"\" alt=\"substituir-substituir-cada-espa\u00e7o\" width=\"618\" height=\"116\"><\/figure><\/div><p> Se houver 10 espa\u00e7os na c\u00e9lula, o valor retornado por SUBSTITUTE retornar\u00e1 10&#215;59 espa\u00e7os. <strong>59 espa\u00e7os entre cada palavra em vez de 1<\/strong> . Veja a captura de tela abaixo. <\/p><div class=\"wp-block-image\"><figure class=\"aligncenter size-full is-resized\"><img loading=\"lazy\" decoding=\"async\" class=\"wp-image-79404\" src=\"https:\/\/exceladvisor.org\/wp-content\/uploads\/2023\/08\/5-valeur-retournee-par-substitut.png\" sizes=\"auto, \" srcset=\"\" alt=\"valor retornado por substituto\" width=\"779\" height=\"176\"><\/figure><\/div><p> <strong>Depois disso, na terceira parte<\/strong> , temos a fun\u00e7\u00e3o RIGHT que extrai os caracteres (iguais ao n\u00famero de caracteres do valor original) do valor que obtivemos acima. <\/p><div class=\"wp-block-image\"><figure class=\"aligncenter size-full is-resized\"><img loading=\"lazy\" decoding=\"async\" class=\"wp-image-79405\" src=\"https:\/\/exceladvisor.org\/wp-content\/uploads\/2023\/08\/6-caracteres-extraits-de-la-fonction-droite.png\" sizes=\"auto, \" srcset=\"\" alt=\"caracteres de extra\u00e7\u00e3o de fun\u00e7\u00e3o direita\" width=\"312\" height=\"353\"><\/figure><\/div><p> E abaixo est\u00e1 o valor que ele retorna. <\/p><div class=\"wp-block-image\"><figure class=\"aligncenter size-full is-resized\"><img loading=\"lazy\" decoding=\"async\" class=\"wp-image-79406\" src=\"https:\/\/exceladvisor.org\/wp-content\/uploads\/2023\/08\/7-valeur-de-trim-en-retour.png\" sizes=\"auto, \" srcset=\"\" alt=\"valor de corte em retorno\" width=\"388\" height=\"124\"><\/figure><\/div><p> Como existem 59 caracteres no valor original, extrai 59 caracteres dos novos valores. Neste valor extra\u00eddo, temos 6 caracteres da \u00faltima palavra <strong>(guia)<\/strong> e o restante s\u00e3o espa\u00e7os.<\/p><p> <strong>Agora na quarta parte<\/strong> , temos a fun\u00e7\u00e3o TRIM que remove espa\u00e7os extras do valor e retorna apenas a \u00faltima palavra (guia). <\/p><div class=\"wp-block-image\"><figure class=\"aligncenter size-full is-resized\"><img loading=\"lazy\" decoding=\"async\" class=\"wp-image-79407\" src=\"https:\/\/exceladvisor.org\/wp-content\/uploads\/2023\/08\/8-garnitures-remplacent-les-espaces-supplementaires.png\" sizes=\"auto, \" srcset=\"\" alt=\"guarni\u00e7\u00e3o substitui espa\u00e7os extras\" width=\"678\" height=\"275\"><\/figure><\/div><div class=\"gb-container gb-container-52dfcee1 gb-container-sample-file\"><h2 class=\"gb-headline gb-headline-e289c143 gb-headline-text gb-headline-4f7959c2\"> Obtenha o arquivo Excel<\/h2><p> <a class=\"gb-button gb-button-e88d6bee gb-button-text gb-button-button1\" href=\"https:\/\/exceladvisor.org\/wp-content\/uploads\/2023\/08\/extraire-le-dernier-mot.xlsx\" rel=\"nofollow\">Download<\/a><\/p><\/div><div class=\"gb-container gb-container-4db6181c gb-container-mt\"> <a class=\"gb-button gb-button-c5897111 gb-button-text gb-button-mt-button\" href=\"https:\/\/exceladvisor.org\/pt\/vba\/\">O que \u00e9 VBA<\/a><h2 class=\"gb-headline gb-headline-665e5f6b gb-headline-text gb-headline-mt-heading\"> Tutoriais relacionados <\/h2><div class=\"gb-grid-wrapper gb-grid-wrapper-a20baf7c gb-grid-wrapper-mt-grid\"><div class=\"gb-grid-column gb-grid-column-65ddf67e\"><div class=\"gb-container gb-container-65ddf67e\"><ul><li> Remova o primeiro caractere de uma c\u00e9lula no Excel<\/li><li> <a href=\"https:\/\/exceladvisor.org\/pt\/remover-espacos-extras\/\">Remova espa\u00e7os extras no Excel<\/a><\/li><li> <a href=\"https:\/\/exceladvisor.org\/pt\/obter-a-primeira-ultima-palavra\/\">Nomes separados no Excel \u2013 (nome e sobrenome)<\/a><\/li><li> <a href=\"https:\/\/exceladvisor.org\/pt\/remover-quebra-de-linha-2\/\">Remover quebra de linha de uma c\u00e9lula<\/a><\/li><li> <a href=\"https:\/\/exceladvisor.org\/pt\/remova-os-parenteses-2\/\">Remover par\u00eanteses no Excel (colchetes)<\/a> <\/li><\/ul><\/div><\/div><div class=\"gb-grid-column gb-grid-column-50067b57\"><div class=\"gb-container gb-container-50067b57\"><\/div><\/div><\/div><\/div>","protected":false},"excerpt":{"rendered":"","protected":false},"author":1,"featured_media":0,"parent":0,"menu_order":0,"comment_status":"open","ping_status":"closed","template":"","meta":{"ub_ctt_via":"","footnotes":""},"class_list":["post-240","page","type-page","status-publish","hentry"],"featured_image_src":null,"yoast_head":"<!-- This site is optimized with the Yoast SEO plugin v25.4 - https:\/\/yoast.com\/wordpress\/plugins\/seo\/ -->\n<title>Extraia a \u00faltima palavra de uma c\u00e9lula no Excel<\/title>\n<meta name=\"description\" content=\"Este tutorial ensinar\u00e1 como escrever uma f\u00f3rmula Excel para extrair a \u00faltima palavra de uma c\u00e9lula. Vamos verificar isso\u2026\" \/>\n<meta name=\"robots\" content=\"index, follow, max-snippet:-1, max-image-preview:large, max-video-preview:-1\" \/>\n<link rel=\"canonical\" href=\"https:\/\/exceladvisor.org\/pt\/extrair-a-ultima-palavra-2\/\" \/>\n<meta property=\"og:locale\" content=\"pt_PT\" \/>\n<meta property=\"og:type\" content=\"article\" \/>\n<meta property=\"og:title\" content=\"Extraia a \u00faltima palavra de uma c\u00e9lula no Excel\" \/>\n<meta property=\"og:description\" content=\"Este tutorial ensinar\u00e1 como escrever uma f\u00f3rmula Excel para extrair a \u00faltima palavra de uma c\u00e9lula. Vamos verificar isso\u2026\" \/>\n<meta property=\"og:url\" content=\"https:\/\/exceladvisor.org\/pt\/extrair-a-ultima-palavra-2\/\" \/>\n<meta property=\"og:site_name\" content=\"Excel Advisor\" \/>\n<meta property=\"article:modified_time\" content=\"2023-12-06T11:50:45+00:00\" \/>\n<meta property=\"og:image\" content=\"https:\/\/exceladvisor.org\/wp-content\/uploads\/2023\/08\/1-extrait-le-dernier-mot-dune-cellule.png\" \/>\n<meta name=\"twitter:card\" content=\"summary_large_image\" \/>\n<meta name=\"twitter:label1\" content=\"Tempo estimado de leitura\" \/>\n\t<meta name=\"twitter:data1\" content=\"2 minutos\" \/>\n<script type=\"application\/ld+json\" class=\"yoast-schema-graph\">{\"@context\":\"https:\/\/schema.org\",\"@graph\":[{\"@type\":\"WebPage\",\"@id\":\"https:\/\/exceladvisor.org\/pt\/extrair-a-ultima-palavra-2\/\",\"url\":\"https:\/\/exceladvisor.org\/pt\/extrair-a-ultima-palavra-2\/\",\"name\":\"Extraia a \u00faltima palavra de uma c\u00e9lula no Excel\",\"isPartOf\":{\"@id\":\"https:\/\/exceladvisor.org\/pt\/#website\"},\"primaryImageOfPage\":{\"@id\":\"https:\/\/exceladvisor.org\/pt\/extrair-a-ultima-palavra-2\/#primaryimage\"},\"image\":{\"@id\":\"https:\/\/exceladvisor.org\/pt\/extrair-a-ultima-palavra-2\/#primaryimage\"},\"thumbnailUrl\":\"https:\/\/exceladvisor.org\/wp-content\/uploads\/2023\/08\/1-extrait-le-dernier-mot-dune-cellule.png\",\"datePublished\":\"2023-11-10T08:21:20+00:00\",\"dateModified\":\"2023-12-06T11:50:45+00:00\",\"description\":\"Este tutorial ensinar\u00e1 como escrever uma f\u00f3rmula Excel para extrair a \u00faltima palavra de uma c\u00e9lula. Vamos verificar isso\u2026\",\"breadcrumb\":{\"@id\":\"https:\/\/exceladvisor.org\/pt\/extrair-a-ultima-palavra-2\/#breadcrumb\"},\"inLanguage\":\"pt-PT\",\"potentialAction\":[{\"@type\":\"ReadAction\",\"target\":[\"https:\/\/exceladvisor.org\/pt\/extrair-a-ultima-palavra-2\/\"]}]},{\"@type\":\"ImageObject\",\"inLanguage\":\"pt-PT\",\"@id\":\"https:\/\/exceladvisor.org\/pt\/extrair-a-ultima-palavra-2\/#primaryimage\",\"url\":\"https:\/\/exceladvisor.org\/wp-content\/uploads\/2023\/08\/1-extrait-le-dernier-mot-dune-cellule.png\",\"contentUrl\":\"https:\/\/exceladvisor.org\/wp-content\/uploads\/2023\/08\/1-extrait-le-dernier-mot-dune-cellule.png\"},{\"@type\":\"BreadcrumbList\",\"@id\":\"https:\/\/exceladvisor.org\/pt\/extrair-a-ultima-palavra-2\/#breadcrumb\",\"itemListElement\":[{\"@type\":\"ListItem\",\"position\":1,\"name\":\"Lar\",\"item\":\"https:\/\/exceladvisor.org\/pt\/\"},{\"@type\":\"ListItem\",\"position\":2,\"name\":\"Extraia a \u00faltima palavra de uma c\u00e9lula no excel\"}]},{\"@type\":\"WebSite\",\"@id\":\"https:\/\/exceladvisor.org\/pt\/#website\",\"url\":\"https:\/\/exceladvisor.org\/pt\/\",\"name\":\"Excel Advisor\",\"description\":\"O seu guia definitivo para dominar os dados!\",\"publisher\":{\"@id\":\"https:\/\/exceladvisor.org\/pt\/#organization\"},\"potentialAction\":[{\"@type\":\"SearchAction\",\"target\":{\"@type\":\"EntryPoint\",\"urlTemplate\":\"https:\/\/exceladvisor.org\/pt\/?s={search_term_string}\"},\"query-input\":{\"@type\":\"PropertyValueSpecification\",\"valueRequired\":true,\"valueName\":\"search_term_string\"}}],\"inLanguage\":\"pt-PT\"},{\"@type\":\"Organization\",\"@id\":\"https:\/\/exceladvisor.org\/pt\/#organization\",\"name\":\"Excel Advisor\",\"url\":\"https:\/\/exceladvisor.org\/pt\/\",\"logo\":{\"@type\":\"ImageObject\",\"inLanguage\":\"pt-PT\",\"@id\":\"https:\/\/exceladvisor.org\/pt\/#\/schema\/logo\/image\/\",\"url\":\"https:\/\/exceladvisor.org\/pt\/wp-content\/uploads\/2023\/12\/exceladvisor.org_.png\",\"contentUrl\":\"https:\/\/exceladvisor.org\/pt\/wp-content\/uploads\/2023\/12\/exceladvisor.org_.png\",\"width\":105,\"height\":36,\"caption\":\"Excel Advisor\"},\"image\":{\"@id\":\"https:\/\/exceladvisor.org\/pt\/#\/schema\/logo\/image\/\"}}]}<\/script>\n<!-- \/ Yoast SEO plugin. -->","yoast_head_json":{"title":"Extraia a \u00faltima palavra de uma c\u00e9lula no Excel","description":"Este tutorial ensinar\u00e1 como escrever uma f\u00f3rmula Excel para extrair a \u00faltima palavra de uma c\u00e9lula. Vamos verificar isso\u2026","robots":{"index":"index","follow":"follow","max-snippet":"max-snippet:-1","max-image-preview":"max-image-preview:large","max-video-preview":"max-video-preview:-1"},"canonical":"https:\/\/exceladvisor.org\/pt\/extrair-a-ultima-palavra-2\/","og_locale":"pt_PT","og_type":"article","og_title":"Extraia a \u00faltima palavra de uma c\u00e9lula no Excel","og_description":"Este tutorial ensinar\u00e1 como escrever uma f\u00f3rmula Excel para extrair a \u00faltima palavra de uma c\u00e9lula. Vamos verificar isso\u2026","og_url":"https:\/\/exceladvisor.org\/pt\/extrair-a-ultima-palavra-2\/","og_site_name":"Excel Advisor","article_modified_time":"2023-12-06T11:50:45+00:00","og_image":[{"url":"https:\/\/exceladvisor.org\/wp-content\/uploads\/2023\/08\/1-extrait-le-dernier-mot-dune-cellule.png","type":"","width":"","height":""}],"twitter_card":"summary_large_image","twitter_misc":{"Tempo estimado de leitura":"2 minutos"},"schema":{"@context":"https:\/\/schema.org","@graph":[{"@type":"WebPage","@id":"https:\/\/exceladvisor.org\/pt\/extrair-a-ultima-palavra-2\/","url":"https:\/\/exceladvisor.org\/pt\/extrair-a-ultima-palavra-2\/","name":"Extraia a \u00faltima palavra de uma c\u00e9lula no Excel","isPartOf":{"@id":"https:\/\/exceladvisor.org\/pt\/#website"},"primaryImageOfPage":{"@id":"https:\/\/exceladvisor.org\/pt\/extrair-a-ultima-palavra-2\/#primaryimage"},"image":{"@id":"https:\/\/exceladvisor.org\/pt\/extrair-a-ultima-palavra-2\/#primaryimage"},"thumbnailUrl":"https:\/\/exceladvisor.org\/wp-content\/uploads\/2023\/08\/1-extrait-le-dernier-mot-dune-cellule.png","datePublished":"2023-11-10T08:21:20+00:00","dateModified":"2023-12-06T11:50:45+00:00","description":"Este tutorial ensinar\u00e1 como escrever uma f\u00f3rmula Excel para extrair a \u00faltima palavra de uma c\u00e9lula. Vamos verificar isso\u2026","breadcrumb":{"@id":"https:\/\/exceladvisor.org\/pt\/extrair-a-ultima-palavra-2\/#breadcrumb"},"inLanguage":"pt-PT","potentialAction":[{"@type":"ReadAction","target":["https:\/\/exceladvisor.org\/pt\/extrair-a-ultima-palavra-2\/"]}]},{"@type":"ImageObject","inLanguage":"pt-PT","@id":"https:\/\/exceladvisor.org\/pt\/extrair-a-ultima-palavra-2\/#primaryimage","url":"https:\/\/exceladvisor.org\/wp-content\/uploads\/2023\/08\/1-extrait-le-dernier-mot-dune-cellule.png","contentUrl":"https:\/\/exceladvisor.org\/wp-content\/uploads\/2023\/08\/1-extrait-le-dernier-mot-dune-cellule.png"},{"@type":"BreadcrumbList","@id":"https:\/\/exceladvisor.org\/pt\/extrair-a-ultima-palavra-2\/#breadcrumb","itemListElement":[{"@type":"ListItem","position":1,"name":"Lar","item":"https:\/\/exceladvisor.org\/pt\/"},{"@type":"ListItem","position":2,"name":"Extraia a \u00faltima palavra de uma c\u00e9lula no excel"}]},{"@type":"WebSite","@id":"https:\/\/exceladvisor.org\/pt\/#website","url":"https:\/\/exceladvisor.org\/pt\/","name":"Excel Advisor","description":"O seu guia definitivo para dominar os dados!","publisher":{"@id":"https:\/\/exceladvisor.org\/pt\/#organization"},"potentialAction":[{"@type":"SearchAction","target":{"@type":"EntryPoint","urlTemplate":"https:\/\/exceladvisor.org\/pt\/?s={search_term_string}"},"query-input":{"@type":"PropertyValueSpecification","valueRequired":true,"valueName":"search_term_string"}}],"inLanguage":"pt-PT"},{"@type":"Organization","@id":"https:\/\/exceladvisor.org\/pt\/#organization","name":"Excel Advisor","url":"https:\/\/exceladvisor.org\/pt\/","logo":{"@type":"ImageObject","inLanguage":"pt-PT","@id":"https:\/\/exceladvisor.org\/pt\/#\/schema\/logo\/image\/","url":"https:\/\/exceladvisor.org\/pt\/wp-content\/uploads\/2023\/12\/exceladvisor.org_.png","contentUrl":"https:\/\/exceladvisor.org\/pt\/wp-content\/uploads\/2023\/12\/exceladvisor.org_.png","width":105,"height":36,"caption":"Excel Advisor"},"image":{"@id":"https:\/\/exceladvisor.org\/pt\/#\/schema\/logo\/image\/"}}]}},"yoast_meta":{"yoast_wpseo_title":"","yoast_wpseo_metadesc":"","yoast_wpseo_canonical":""},"_links":{"self":[{"href":"https:\/\/exceladvisor.org\/pt\/wp-json\/wp\/v2\/pages\/240","targetHints":{"allow":["GET"]}}],"collection":[{"href":"https:\/\/exceladvisor.org\/pt\/wp-json\/wp\/v2\/pages"}],"about":[{"href":"https:\/\/exceladvisor.org\/pt\/wp-json\/wp\/v2\/types\/page"}],"author":[{"embeddable":true,"href":"https:\/\/exceladvisor.org\/pt\/wp-json\/wp\/v2\/users\/1"}],"replies":[{"embeddable":true,"href":"https:\/\/exceladvisor.org\/pt\/wp-json\/wp\/v2\/comments?post=240"}],"version-history":[{"count":1,"href":"https:\/\/exceladvisor.org\/pt\/wp-json\/wp\/v2\/pages\/240\/revisions"}],"predecessor-version":[{"id":1417,"href":"https:\/\/exceladvisor.org\/pt\/wp-json\/wp\/v2\/pages\/240\/revisions\/1417"}],"wp:attachment":[{"href":"https:\/\/exceladvisor.org\/pt\/wp-json\/wp\/v2\/media?parent=240"}],"curies":[{"name":"wp","href":"https:\/\/api.w.org\/{rel}","templated":true}]}}