{"id":242,"date":"2023-11-09T23:32:00","date_gmt":"2023-11-09T23:32:00","guid":{"rendered":"https:\/\/exceladvisor.org\/pt\/incorporar-arquivo\/"},"modified":"2023-12-06T11:38:02","modified_gmt":"2023-12-06T11:38:02","slug":"incorporar-arquivo","status":"publish","type":"page","link":"https:\/\/exceladvisor.org\/pt\/incorporar-arquivo\/","title":{"rendered":"Como incorporar um arquivo no excel?"},"content":{"rendered":"<div class=\"excel-before-content-2\" id=\"excel-4238956399\"><script type=\"text\/javascript\">\r\n\tatOptions = {\r\n\t\t'key' : 'c1158f160081d6540a8409e6925dab94',\r\n\t\t'format' : 'iframe',\r\n\t\t'height' : 250,\r\n\t\t'width' : 300,\r\n\t\t'params' : {}\r\n\t};\r\n<\/script>\r\n<script type=\"text\/javascript\" src=\"\/\/www.highperformanceformat.com\/c1158f160081d6540a8409e6925dab94\/invoke.js\"><\/script><\/div><div class=\"excel-before-content\" id=\"excel-3746844962\"><script type=\"text\/javascript\">\r\n\tatOptions = {\r\n\t\t'key' : 'c1158f160081d6540a8409e6925dab94',\r\n\t\t'format' : 'iframe',\r\n\t\t'height' : 250,\r\n\t\t'width' : 300,\r\n\t\t'params' : {}\r\n\t};\r\n<\/script>\r\n<script type=\"text\/javascript\" src=\"\/\/www.highperformanceformat.com\/c1158f160081d6540a8409e6925dab94\/invoke.js\"><\/script><\/div> <p>Em termos gerais, incorporar significa inserir qualquer objeto no documento atual. O Excel possui a funcionalidade integrada para incorporar os arquivos na planilha como um anexo.<\/p><p> Com este recurso, voc\u00ea pode incorporar documentos novos e externos como .xlsx, doc, ppt, pdf, etc. para retorn\u00e1-los \u00e0 planilha atual sem afetar o conjunto de dados.<\/p><p> Neste tutorial, mostraremos como incorporar arquivos \u00e0 planilha.<\/p><h2 id=\"h-steps-to-embed-a-new-file-in-excel\" class=\"wp-block-heading\"> Etapas para incorporar um novo arquivo no Excel<\/h2><p> \u00c0s vezes os usu\u00e1rios precisam incorporar um novo arquivo em branco em vez de qualquer arquivo existente na planilha e para isso siga os passos abaixo:<\/p><ol><li> Primeiro, v\u00e1 at\u00e9 a aba \u201cInserir\u201d e clique no \u00edcone \u201cTexto\u201d e depois clique na op\u00e7\u00e3o \u201cObjeto\u201d. <br><img loading=\"lazy\" decoding=\"async\" title=\"-op\u00e7\u00f5es de \u00edcone de texto\" src=\"https:\/\/exceladvisor.org\/wp-content\/uploads\/2023\/08\/1-options-dicone-de-texte.png\" sizes=\"auto, \" srcset=\"\" alt=\"text-icon-options\" width=\"639\" height=\"178\"><\/li><li> Em seguida, na caixa de di\u00e1logo \u201cObjeto\u201d, clique na aba \u201cCriar Novo\u201d e, a seguir, no campo \u201cTipo de Objeto\u201d, selecione o tipo de documento que deseja incorporar.<\/li><li> Uma vez selecionado, marque a op\u00e7\u00e3o \u201cMostrar como \u00edcone\u201d e clique em OK. <br><img loading=\"lazy\" decoding=\"async\" title=\"-objeto de di\u00e1logo\" src=\"https:\/\/exceladvisor.org\/wp-content\/uploads\/2023\/08\/Boite-de-dialogue-2-objets.png\" sizes=\"auto, \" srcset=\"\" alt=\"object-dialog-box\" width=\"501\" height=\"386\"><\/li><\/ol><p class=\"qt-tip\"> <strong>Nota:<\/strong> Voc\u00ea s\u00f3 pode fazer check-in de novos tipos de arquivo que fa\u00e7am parte dos tipos de objeto fornecidos.<\/p><h2 id=\"h-embed-external-files-in-excel\" class=\"wp-block-heading\"> Incorporar arquivos externos no Excel<\/h2><ol><li> Primeiro, v\u00e1 at\u00e9 a aba \u201cInserir\u201d e clique no \u00edcone \u201cTexto\u201d e depois clique na op\u00e7\u00e3o \u201cObjeto\u201d. <br><img loading=\"lazy\" decoding=\"async\" title=\"-inserir \u00edcone de guia e texto\" src=\"https:\/\/exceladvisor.org\/wp-content\/uploads\/2023\/08\/3-inserer-un-onglet-et-une-icone-de-texte.png\" sizes=\"auto, \" srcset=\"\" alt=\"insert-tab-and-text-icon\" width=\"610\" height=\"170\"><\/li><li> Depois disso, na caixa de di\u00e1logo \u201cObjeto\u201d clique na aba \u201cCriar a partir do arquivo\u201d e depois no bot\u00e3o \u201cNavegar\u201d para escolher o arquivo do seu sistema local. <br><img loading=\"lazy\" decoding=\"async\" title=\"-criar-da-guia-do-arquivo\" src=\"https:\/\/exceladvisor.org\/wp-content\/uploads\/2023\/08\/4-creer-a-partir-de-longlet-fichier.png\" sizes=\"auto, \" srcset=\"\" alt=\"create-from-file-tab\" width=\"472\" height=\"410\"><\/li><li> Ap\u00f3s selecionar o arquivo, marque a op\u00e7\u00e3o \u201cMostrar como \u00edcone\u201d para que o arquivo seja incorporado como objeto e clique em OK. <br><img loading=\"lazy\" decoding=\"async\" title=\"-selecione-mostrar-como-\u00edcone\" src=\"https:\/\/exceladvisor.org\/wp-content\/uploads\/2023\/08\/5-selectionner-laffichage-sous-forme-dicone.png\" sizes=\"auto, \" srcset=\"\" alt=\"select-display-as-icon\" width=\"473\" height=\"365\"><\/li><li> Depois que o arquivo selecionado estiver incorporado na planilha, voc\u00ea poder\u00e1 redimension\u00e1-lo colocando o cursor do mouse sobre uma das bordas redondas e, em seguida, arrastando e encolhendo-o para caber em uma c\u00e9lula. <br><img loading=\"lazy\" decoding=\"async\" title=\"-redimensionar arquivo incorporado\" src=\"https:\/\/exceladvisor.org\/wp-content\/uploads\/2023\/08\/6-redimensionner-le-fichier-integre.png\" sizes=\"auto, \" srcset=\"\" alt=\"resize-the-embedded-file\" width=\"281\" height=\"174\"><\/li><li> Agora, para bloquear o \u00edcone do arquivo incorporado na c\u00e9lula, clique com o bot\u00e3o direito sobre ele e clique na op\u00e7\u00e3o \u201cFormatar Objeto\u201d. <br><img loading=\"lazy\" decoding=\"async\" title=\"-lock-arquivo incorporado\" src=\"https:\/\/exceladvisor.org\/wp-content\/uploads\/2023\/08\/7-verrouiller-le-fichier-integre.png\" sizes=\"auto, \" srcset=\"\" alt=\"lock-the-embedded-file\" width=\"306\" height=\"262\"><\/li><li> Ao final, na caixa de di\u00e1logo \u201cFormatar objeto\u201d, v\u00e1 at\u00e9 a aba \u201cPropriedades\u201d, selecione a op\u00e7\u00e3o \u201cMover e dimensionar com c\u00e9lulas\u201d para que o \u00edcone fique bloqueado e s\u00f3 se mova dentro da c\u00e9lula, a seguir clique em OK. <img loading=\"lazy\" decoding=\"async\" title=\"-dialog-objeto-formato\" src=\"https:\/\/exceladvisor.org\/wp-content\/uploads\/2023\/08\/Boite-de-dialogue-dobjet-au-format-8.png\" sizes=\"auto, \" srcset=\"\" alt=\"format-object-dialog-box\" width=\"448\" height=\"429\"><\/li><\/ol><h2 id=\"h-points-to-remember\" class=\"wp-block-heading\"> Aprendizado<\/h2><ul><li> Ao incorporar o arquivo marcando apenas a op\u00e7\u00e3o &#8220;Mostrar como \u00edcone&#8221;, esse arquivo incorporado far\u00e1 parte da pasta de trabalho atual e ser\u00e1 separado do arquivo de origem. Isso significa que se voc\u00ea atualizar algo no arquivo de origem, essa atualiza\u00e7\u00e3o n\u00e3o ser\u00e1 atualizada no arquivo incorporado. Para editar ou atualizar qualquer coisa no arquivo incorporado, sempre abra o arquivo incorporado na planilha onde foi incorporado clicando duas vezes nele.<\/li><li> Se voc\u00ea tamb\u00e9m marcar a op\u00e7\u00e3o &#8220;Vincular ao arquivo&#8221;, o arquivo incorporado ser\u00e1 apenas vinculado e n\u00e3o se tornar\u00e1 um arquivo separado do arquivo de origem. Isso significa que, neste caso, se voc\u00ea atualizar algo no arquivo original, a atualiza\u00e7\u00e3o tamb\u00e9m ser\u00e1 atualizada no arquivo incorporado e vice-versa.<\/li><li> Se voc\u00ea incorporou o arquivo marcando a op\u00e7\u00e3o &#8220;Vincular ao arquivo&#8221;, outras pessoas n\u00e3o poder\u00e3o acessar este arquivo vinculado e receber\u00e3o o erro abaixo ao acessar este arquivo vinculado. <\/li><\/ul><div class=\"wp-block-image\"><figure class=\"aligncenter size-full is-resized\"><img loading=\"lazy\" decoding=\"async\" class=\"wp-image-82901\" src=\"https:\/\/exceladvisor.org\/wp-content\/uploads\/2023\/08\/9-erreur-dacces-au-fichier-lie.png\" sizes=\"auto, \" srcset=\"\" alt=\"erro ao acessar arquivo vinculado\" width=\"523\" height=\"160\"><\/figure><\/div><div class=\"gb-container gb-container-4db6181c gb-container-mt\"> <a class=\"gb-button gb-button-c5897111 gb-button-text gb-button-mt-button\" href=\"https:\/\/exceladvisor.org\/pt\/excel-avancado\/\">Tutoriais avan\u00e7ados de Excel<\/a><h2 class=\"gb-headline gb-headline-665e5f6b gb-headline-text gb-headline-mt-heading\"> Tutoriais relacionados <\/h2><div class=\"gb-grid-wrapper gb-grid-wrapper-a20baf7c gb-grid-wrapper-mt-grid\"><div class=\"gb-grid-column gb-grid-column-65ddf67e\"><div class=\"gb-container gb-container-65ddf67e\"><ul><li> <a href=\"https:\/\/exceladvisor.org\/pt\/ferramenta-de-camera\/\">Ferramenta C\u00e2mera Excel<\/a><\/li><li> <a href=\"https:\/\/exceladvisor.org\/pt\/busca-de-meta\/\">Localizador de metas no Excel<\/a><\/li><li> <a href=\"https:\/\/exceladvisor.org\/pt\/janela-de-observacao\/\">Janela de observa\u00e7\u00e3o no Excel<\/a><\/li><li> <a href=\"https:\/\/exceladvisor.org\/pt\/fatiador-de-excel\/\">Fatiador de Excel (guia completo)<\/a> <\/li><\/ul><\/div><\/div><div class=\"gb-grid-column gb-grid-column-50067b57\"><div class=\"gb-container gb-container-50067b57\"><ul><li> <a href=\"https:\/\/exceladvisor.org\/pt\/listas-personalizadas\/\">Lista personalizada no Excel<\/a><\/li><li> <a href=\"https:\/\/exceladvisor.org\/pt\/pdf-em-excel\/\">Insira um PDF no Excel<\/a><\/li><li> <a href=\"https:\/\/exceladvisor.org\/pt\/auto-correcao\/\">Corre\u00e7\u00e3o autom\u00e1tica no Excel<\/a><\/li><li> <a href=\"https:\/\/exceladvisor.org\/pt\/insira-uma-imagem\/\">Insira uma imagem em uma c\u00e9lula no Excel<\/a><\/li><\/ul><\/div><\/div><\/div><\/div>","protected":false},"excerpt":{"rendered":"","protected":false},"author":1,"featured_media":0,"parent":0,"menu_order":0,"comment_status":"open","ping_status":"closed","template":"","meta":{"ub_ctt_via":"","footnotes":""},"class_list":["post-242","page","type-page","status-publish","hentry"],"featured_image_src":null,"yoast_head":"<!-- This site is optimized with the Yoast SEO plugin v25.4 - https:\/\/yoast.com\/wordpress\/plugins\/seo\/ -->\n<title>\u25b7 Como integrar um arquivo ao Excel? (Guia 2023)<\/title>\n<meta name=\"description\" content=\"Neste tutorial, voc\u00ea aprender\u00e1 como incorporar um arquivo em uma planilha do Excel. Al\u00e9m disso, alguns dos pontos importantes que voc\u00ea precisa saber.\" \/>\n<meta name=\"robots\" content=\"index, follow, max-snippet:-1, max-image-preview:large, max-video-preview:-1\" \/>\n<link rel=\"canonical\" href=\"https:\/\/exceladvisor.org\/pt\/incorporar-arquivo\/\" \/>\n<meta property=\"og:locale\" content=\"pt_PT\" \/>\n<meta property=\"og:type\" content=\"article\" \/>\n<meta property=\"og:title\" content=\"\u25b7 Como integrar um arquivo ao Excel? (Guia 2023)\" \/>\n<meta property=\"og:description\" content=\"Neste tutorial, voc\u00ea aprender\u00e1 como incorporar um arquivo em uma planilha do Excel. Al\u00e9m disso, alguns dos pontos importantes que voc\u00ea precisa saber.\" \/>\n<meta property=\"og:url\" content=\"https:\/\/exceladvisor.org\/pt\/incorporar-arquivo\/\" \/>\n<meta property=\"og:site_name\" content=\"Excel Advisor\" \/>\n<meta property=\"article:modified_time\" content=\"2023-12-06T11:38:02+00:00\" \/>\n<meta property=\"og:image\" content=\"https:\/\/exceladvisor.org\/wp-content\/uploads\/2023\/08\/1-options-dicone-de-texte.png\" \/>\n<meta name=\"twitter:card\" content=\"summary_large_image\" \/>\n<meta name=\"twitter:label1\" content=\"Tempo estimado de leitura\" \/>\n\t<meta name=\"twitter:data1\" content=\"3 minutos\" \/>\n<script type=\"application\/ld+json\" class=\"yoast-schema-graph\">{\"@context\":\"https:\/\/schema.org\",\"@graph\":[{\"@type\":\"WebPage\",\"@id\":\"https:\/\/exceladvisor.org\/pt\/incorporar-arquivo\/\",\"url\":\"https:\/\/exceladvisor.org\/pt\/incorporar-arquivo\/\",\"name\":\"\u25b7 Como integrar um arquivo ao Excel? (Guia 2023)\",\"isPartOf\":{\"@id\":\"https:\/\/exceladvisor.org\/pt\/#website\"},\"primaryImageOfPage\":{\"@id\":\"https:\/\/exceladvisor.org\/pt\/incorporar-arquivo\/#primaryimage\"},\"image\":{\"@id\":\"https:\/\/exceladvisor.org\/pt\/incorporar-arquivo\/#primaryimage\"},\"thumbnailUrl\":\"https:\/\/exceladvisor.org\/wp-content\/uploads\/2023\/08\/1-options-dicone-de-texte.png\",\"datePublished\":\"2023-11-09T23:32:00+00:00\",\"dateModified\":\"2023-12-06T11:38:02+00:00\",\"description\":\"Neste tutorial, voc\u00ea aprender\u00e1 como incorporar um arquivo em uma planilha do Excel. Al\u00e9m disso, alguns dos pontos importantes que voc\u00ea precisa saber.\",\"breadcrumb\":{\"@id\":\"https:\/\/exceladvisor.org\/pt\/incorporar-arquivo\/#breadcrumb\"},\"inLanguage\":\"pt-PT\",\"potentialAction\":[{\"@type\":\"ReadAction\",\"target\":[\"https:\/\/exceladvisor.org\/pt\/incorporar-arquivo\/\"]}]},{\"@type\":\"ImageObject\",\"inLanguage\":\"pt-PT\",\"@id\":\"https:\/\/exceladvisor.org\/pt\/incorporar-arquivo\/#primaryimage\",\"url\":\"https:\/\/exceladvisor.org\/wp-content\/uploads\/2023\/08\/1-options-dicone-de-texte.png\",\"contentUrl\":\"https:\/\/exceladvisor.org\/wp-content\/uploads\/2023\/08\/1-options-dicone-de-texte.png\"},{\"@type\":\"BreadcrumbList\",\"@id\":\"https:\/\/exceladvisor.org\/pt\/incorporar-arquivo\/#breadcrumb\",\"itemListElement\":[{\"@type\":\"ListItem\",\"position\":1,\"name\":\"Lar\",\"item\":\"https:\/\/exceladvisor.org\/pt\/\"},{\"@type\":\"ListItem\",\"position\":2,\"name\":\"Como incorporar um arquivo no excel?\"}]},{\"@type\":\"WebSite\",\"@id\":\"https:\/\/exceladvisor.org\/pt\/#website\",\"url\":\"https:\/\/exceladvisor.org\/pt\/\",\"name\":\"Excel Advisor\",\"description\":\"O seu guia definitivo para dominar os dados!\",\"publisher\":{\"@id\":\"https:\/\/exceladvisor.org\/pt\/#organization\"},\"potentialAction\":[{\"@type\":\"SearchAction\",\"target\":{\"@type\":\"EntryPoint\",\"urlTemplate\":\"https:\/\/exceladvisor.org\/pt\/?s={search_term_string}\"},\"query-input\":{\"@type\":\"PropertyValueSpecification\",\"valueRequired\":true,\"valueName\":\"search_term_string\"}}],\"inLanguage\":\"pt-PT\"},{\"@type\":\"Organization\",\"@id\":\"https:\/\/exceladvisor.org\/pt\/#organization\",\"name\":\"Excel Advisor\",\"url\":\"https:\/\/exceladvisor.org\/pt\/\",\"logo\":{\"@type\":\"ImageObject\",\"inLanguage\":\"pt-PT\",\"@id\":\"https:\/\/exceladvisor.org\/pt\/#\/schema\/logo\/image\/\",\"url\":\"https:\/\/exceladvisor.org\/pt\/wp-content\/uploads\/2023\/12\/exceladvisor.org_.png\",\"contentUrl\":\"https:\/\/exceladvisor.org\/pt\/wp-content\/uploads\/2023\/12\/exceladvisor.org_.png\",\"width\":105,\"height\":36,\"caption\":\"Excel Advisor\"},\"image\":{\"@id\":\"https:\/\/exceladvisor.org\/pt\/#\/schema\/logo\/image\/\"}}]}<\/script>\n<!-- \/ Yoast SEO plugin. -->","yoast_head_json":{"title":"\u25b7 Como integrar um arquivo ao Excel? (Guia 2023)","description":"Neste tutorial, voc\u00ea aprender\u00e1 como incorporar um arquivo em uma planilha do Excel. Al\u00e9m disso, alguns dos pontos importantes que voc\u00ea precisa saber.","robots":{"index":"index","follow":"follow","max-snippet":"max-snippet:-1","max-image-preview":"max-image-preview:large","max-video-preview":"max-video-preview:-1"},"canonical":"https:\/\/exceladvisor.org\/pt\/incorporar-arquivo\/","og_locale":"pt_PT","og_type":"article","og_title":"\u25b7 Como integrar um arquivo ao Excel? (Guia 2023)","og_description":"Neste tutorial, voc\u00ea aprender\u00e1 como incorporar um arquivo em uma planilha do Excel. Al\u00e9m disso, alguns dos pontos importantes que voc\u00ea precisa saber.","og_url":"https:\/\/exceladvisor.org\/pt\/incorporar-arquivo\/","og_site_name":"Excel Advisor","article_modified_time":"2023-12-06T11:38:02+00:00","og_image":[{"url":"https:\/\/exceladvisor.org\/wp-content\/uploads\/2023\/08\/1-options-dicone-de-texte.png","type":"","width":"","height":""}],"twitter_card":"summary_large_image","twitter_misc":{"Tempo estimado de leitura":"3 minutos"},"schema":{"@context":"https:\/\/schema.org","@graph":[{"@type":"WebPage","@id":"https:\/\/exceladvisor.org\/pt\/incorporar-arquivo\/","url":"https:\/\/exceladvisor.org\/pt\/incorporar-arquivo\/","name":"\u25b7 Como integrar um arquivo ao Excel? (Guia 2023)","isPartOf":{"@id":"https:\/\/exceladvisor.org\/pt\/#website"},"primaryImageOfPage":{"@id":"https:\/\/exceladvisor.org\/pt\/incorporar-arquivo\/#primaryimage"},"image":{"@id":"https:\/\/exceladvisor.org\/pt\/incorporar-arquivo\/#primaryimage"},"thumbnailUrl":"https:\/\/exceladvisor.org\/wp-content\/uploads\/2023\/08\/1-options-dicone-de-texte.png","datePublished":"2023-11-09T23:32:00+00:00","dateModified":"2023-12-06T11:38:02+00:00","description":"Neste tutorial, voc\u00ea aprender\u00e1 como incorporar um arquivo em uma planilha do Excel. Al\u00e9m disso, alguns dos pontos importantes que voc\u00ea precisa saber.","breadcrumb":{"@id":"https:\/\/exceladvisor.org\/pt\/incorporar-arquivo\/#breadcrumb"},"inLanguage":"pt-PT","potentialAction":[{"@type":"ReadAction","target":["https:\/\/exceladvisor.org\/pt\/incorporar-arquivo\/"]}]},{"@type":"ImageObject","inLanguage":"pt-PT","@id":"https:\/\/exceladvisor.org\/pt\/incorporar-arquivo\/#primaryimage","url":"https:\/\/exceladvisor.org\/wp-content\/uploads\/2023\/08\/1-options-dicone-de-texte.png","contentUrl":"https:\/\/exceladvisor.org\/wp-content\/uploads\/2023\/08\/1-options-dicone-de-texte.png"},{"@type":"BreadcrumbList","@id":"https:\/\/exceladvisor.org\/pt\/incorporar-arquivo\/#breadcrumb","itemListElement":[{"@type":"ListItem","position":1,"name":"Lar","item":"https:\/\/exceladvisor.org\/pt\/"},{"@type":"ListItem","position":2,"name":"Como incorporar um arquivo no excel?"}]},{"@type":"WebSite","@id":"https:\/\/exceladvisor.org\/pt\/#website","url":"https:\/\/exceladvisor.org\/pt\/","name":"Excel Advisor","description":"O seu guia definitivo para dominar os dados!","publisher":{"@id":"https:\/\/exceladvisor.org\/pt\/#organization"},"potentialAction":[{"@type":"SearchAction","target":{"@type":"EntryPoint","urlTemplate":"https:\/\/exceladvisor.org\/pt\/?s={search_term_string}"},"query-input":{"@type":"PropertyValueSpecification","valueRequired":true,"valueName":"search_term_string"}}],"inLanguage":"pt-PT"},{"@type":"Organization","@id":"https:\/\/exceladvisor.org\/pt\/#organization","name":"Excel Advisor","url":"https:\/\/exceladvisor.org\/pt\/","logo":{"@type":"ImageObject","inLanguage":"pt-PT","@id":"https:\/\/exceladvisor.org\/pt\/#\/schema\/logo\/image\/","url":"https:\/\/exceladvisor.org\/pt\/wp-content\/uploads\/2023\/12\/exceladvisor.org_.png","contentUrl":"https:\/\/exceladvisor.org\/pt\/wp-content\/uploads\/2023\/12\/exceladvisor.org_.png","width":105,"height":36,"caption":"Excel Advisor"},"image":{"@id":"https:\/\/exceladvisor.org\/pt\/#\/schema\/logo\/image\/"}}]}},"yoast_meta":{"yoast_wpseo_title":"","yoast_wpseo_metadesc":"","yoast_wpseo_canonical":""},"_links":{"self":[{"href":"https:\/\/exceladvisor.org\/pt\/wp-json\/wp\/v2\/pages\/242","targetHints":{"allow":["GET"]}}],"collection":[{"href":"https:\/\/exceladvisor.org\/pt\/wp-json\/wp\/v2\/pages"}],"about":[{"href":"https:\/\/exceladvisor.org\/pt\/wp-json\/wp\/v2\/types\/page"}],"author":[{"embeddable":true,"href":"https:\/\/exceladvisor.org\/pt\/wp-json\/wp\/v2\/users\/1"}],"replies":[{"embeddable":true,"href":"https:\/\/exceladvisor.org\/pt\/wp-json\/wp\/v2\/comments?post=242"}],"version-history":[{"count":1,"href":"https:\/\/exceladvisor.org\/pt\/wp-json\/wp\/v2\/pages\/242\/revisions"}],"predecessor-version":[{"id":1091,"href":"https:\/\/exceladvisor.org\/pt\/wp-json\/wp\/v2\/pages\/242\/revisions\/1091"}],"wp:attachment":[{"href":"https:\/\/exceladvisor.org\/pt\/wp-json\/wp\/v2\/media?parent=242"}],"curies":[{"name":"wp","href":"https:\/\/api.w.org\/{rel}","templated":true}]}}