{"id":243,"date":"2023-11-09T23:20:25","date_gmt":"2023-11-09T23:20:25","guid":{"rendered":"https:\/\/exceladvisor.org\/pt\/remova-as-virgulas-2\/"},"modified":"2023-12-06T11:42:03","modified_gmt":"2023-12-06T11:42:03","slug":"remova-as-virgulas-2","status":"publish","type":"page","link":"https:\/\/exceladvisor.org\/pt\/remova-as-virgulas-2\/","title":{"rendered":"Como remover v\u00edrgulas no excel?"},"content":{"rendered":"<div class=\"excel-before-content-2\" id=\"excel-1671080718\"><script type=\"text\/javascript\">\r\n\tatOptions = {\r\n\t\t'key' : 'c1158f160081d6540a8409e6925dab94',\r\n\t\t'format' : 'iframe',\r\n\t\t'height' : 250,\r\n\t\t'width' : 300,\r\n\t\t'params' : {}\r\n\t};\r\n<\/script>\r\n<script type=\"text\/javascript\" src=\"\/\/www.highperformanceformat.com\/c1158f160081d6540a8409e6925dab94\/invoke.js\"><\/script><\/div><div class=\"excel-before-content\" id=\"excel-2594602401\"><script type=\"text\/javascript\">\r\n\tatOptions = {\r\n\t\t'key' : 'c1158f160081d6540a8409e6925dab94',\r\n\t\t'format' : 'iframe',\r\n\t\t'height' : 250,\r\n\t\t'width' : 300,\r\n\t\t'params' : {}\r\n\t};\r\n<\/script>\r\n<script type=\"text\/javascript\" src=\"\/\/www.highperformanceformat.com\/c1158f160081d6540a8409e6925dab94\/invoke.js\"><\/script><\/div> <p>No Excel, uma maneira simples e eficaz de remover uma ou mais v\u00edrgulas de um valor \u00e9 usar SUBSTITUTE\/NUMBERVALUE. Com essas fun\u00e7\u00f5es, voc\u00ea pode escrever f\u00f3rmulas para se livrar das v\u00edrgulas. <\/p><div class=\"wp-block-image\"><figure class=\"aligncenter size-full is-resized\"><img loading=\"lazy\" decoding=\"async\" class=\"wp-image-85914\" src=\"https:\/\/exceladvisor.org\/wp-content\/uploads\/2023\/08\/1-supprimer-les-virgules.png\" sizes=\"auto, \" srcset=\"\" alt=\"remover v\u00edrgulas\" width=\"580\" height=\"123\"><\/figure><\/div><h2 class=\"wp-block-heading\"> F\u00f3rmulas para remover v\u00edrgulas de um valor<\/h2><p> Voc\u00ea pode usar as etapas abaixo para escrever esta f\u00f3rmula:<\/p><ol type=\"1\"><li> Insira SUBSTITUTO em uma c\u00e9lula.<\/li><li> Consulte a c\u00e9lula com o valor da qual voc\u00ea deseja remover v\u00edrgulas.<\/li><li> Especifique um comando usando aspas duplas.<\/li><li> Novamente, especifique o espa\u00e7o em branco usando aspas duplas.<\/li><li> No final, pressione Enter para obter o resultado. <\/li><\/ol><div class=\"wp-block-image\"><figure class=\"aligncenter size-full is-resized\"><img loading=\"lazy\" decoding=\"async\" class=\"wp-image-85915\" src=\"https:\/\/exceladvisor.org\/wp-content\/uploads\/2023\/08\/2-substitut-pour-supprimer-les-virgules.png\" sizes=\"auto, \" srcset=\"\" alt=\"substituir para remover v\u00edrgulas\" width=\"518\" height=\"266\"><\/figure><\/div><p> Como voc\u00ea pode ver no exemplo acima, havia uma v\u00edrgula ap\u00f3s cada n\u00famero na c\u00e9lula A1. Mas com o substituto, o resultado obtido s\u00f3 cont\u00e9m d\u00edgitos sem v\u00edrgulas.<\/p><pre class=\"wp-block-code\"> <code class=\"language-excel-formula\" lang=\"excel-formula\">=SUBSTITUTE(A1,\",\",\"\")<\/code><\/pre><p> Este m\u00e9todo \u00e9 perfeito ao lidar com n\u00fameros e strings. E se voc\u00ea tiver apenas um n\u00famero, nesse caso poder\u00e1 usar a fun\u00e7\u00e3o NUMERICVALUE.<\/p><ol type=\"1\"><li> Insira a fun\u00e7\u00e3o.<\/li><li> Consulte a c\u00e9lula com o valor.<\/li><li> Pressione Enter para obter o resultado. <\/li><\/ol><div class=\"wp-block-image\"><figure class=\"aligncenter size-full is-resized\"><img loading=\"lazy\" decoding=\"async\" class=\"wp-image-85916\" src=\"https:\/\/exceladvisor.org\/wp-content\/uploads\/2023\/08\/3-valeurs-numeriques-pour-supprimer-les-virgules.png\" sizes=\"auto, \" srcset=\"\" alt=\"n\u00famerovalor-para-remover-v\u00edrgulas\" width=\"536\" height=\"277\"><\/figure><\/div><pre class=\"wp-block-code\"> <code class=\"language-excel-formula\" lang=\"excel-formula\">=NUMBERVALUE(A1)<\/code><\/pre><p> Esta fun\u00e7\u00e3o converte o valor em um n\u00famero e remove v\u00edrgulas e outros caracteres indesejados.<\/p><h2 class=\"wp-block-heading\"> Remova v\u00edrgulas sem f\u00f3rmula<\/h2><p> E se n\u00e3o quiser usar uma f\u00f3rmula, voc\u00ea pode usar a op\u00e7\u00e3o Localizar e Substituir. <\/p><div class=\"wp-block-image\"><figure class=\"aligncenter size-full is-resized\"><img loading=\"lazy\" decoding=\"async\" class=\"wp-image-85917\" src=\"https:\/\/exceladvisor.org\/wp-content\/uploads\/2023\/08\/4-rechercher-et-remplacer-pour-supprimer-les-virgules.png\" sizes=\"auto, \" srcset=\"\" alt=\"localizar e substituir para remover v\u00edrgulas\" width=\"628\" height=\"265\"><\/figure><\/div><ol type=\"1\"><li> Selecione o intervalo de c\u00e9lulas onde voc\u00ea tem os valores com v\u00edrgulas e abra Localizar e Substituir usando Ctrl + H.<\/li><li> Em \u201cEncontrar o qu\u00ea\u201d, insira um comando.<\/li><li> Mas deixe o campo \u201cSubstituir por\u201d vazio.<\/li><li> Ao final, clique em \u201cSubstituir tudo\u201d. <\/li><\/ol><div class=\"wp-block-image\"><figure class=\"aligncenter size-full is-resized\"><img loading=\"lazy\" decoding=\"async\" class=\"wp-image-85918\" src=\"https:\/\/exceladvisor.org\/wp-content\/uploads\/2023\/08\/5-remplacer-les-virgules-par-un-blanc.png\" sizes=\"auto, \" srcset=\"\" alt=\"substitua-v\u00edrgulas por um espa\u00e7o\" width=\"652\" height=\"249\"><\/figure><\/div><p> No momento em que voc\u00ea clica em &#8220;Substituir tudo&#8221;, todas as v\u00edrgulas nas c\u00e9lulas selecionadas s\u00e3o substitu\u00eddas por um valor vazio (ou seja, nada) e voc\u00ea remove todas as v\u00edrgulas. Este m\u00e9todo \u00e9 \u00fatil quando voc\u00ea n\u00e3o precisa fazer isso apenas uma vez. <\/p><div class=\"gb-container gb-container-52dfcee1 gb-container-sample-file\"><h2 class=\"gb-headline gb-headline-e289c143 gb-headline-text gb-headline-4f7959c2\"> Obtenha o arquivo Excel<\/h2><p> <a class=\"gb-button gb-button-e88d6bee gb-button-text gb-button-button1\" href=\"https:\/\/exceladvisor.org\/wp-content\/uploads\/2023\/08\/supprimer-les-virgules.xlsx\" rel=\"nofollow\">Download<\/a><\/p><\/div><div class=\"gb-container gb-container-4db6181c gb-container-mt\"> <a class=\"gb-button gb-button-c5897111 gb-button-text gb-button-mt-button\" href=\"https:\/\/exceladvisor.org\/pt\/vba\/\">O que \u00e9 VBA<\/a><h2 class=\"gb-headline gb-headline-665e5f6b gb-headline-text gb-headline-mt-heading\"> Tutoriais relacionados <\/h2><div class=\"gb-grid-wrapper gb-grid-wrapper-a20baf7c gb-grid-wrapper-mt-grid\"><div class=\"gb-grid-column gb-grid-column-65ddf67e\"><div class=\"gb-container gb-container-65ddf67e\"><ul><li> Remova o primeiro caractere de uma c\u00e9lula no Excel<\/li><li> <a href=\"https:\/\/exceladvisor.org\/pt\/remover-espacos-extras\/\">Remova espa\u00e7os extras no Excel<\/a><\/li><li> <a href=\"https:\/\/exceladvisor.org\/pt\/obter-a-primeira-ultima-palavra\/\">Nomes separados no Excel \u2013 (nome e sobrenome)<\/a><\/li><li> <a href=\"https:\/\/exceladvisor.org\/pt\/extrair-a-ultima-palavra-2\/\">Extraia a \u00faltima palavra de uma c\u00e9lula<\/a><\/li><li> <a href=\"https:\/\/exceladvisor.org\/pt\/remover-quebra-de-linha-2\/\">Remover quebra de linha de uma c\u00e9lula<\/a><\/li><\/ul><\/div><\/div><\/div><\/div>","protected":false},"excerpt":{"rendered":"","protected":false},"author":1,"featured_media":0,"parent":0,"menu_order":0,"comment_status":"open","ping_status":"closed","template":"","meta":{"ub_ctt_via":"","footnotes":""},"class_list":["post-243","page","type-page","status-publish","hentry"],"featured_image_src":null,"yoast_head":"<!-- This site is optimized with the Yoast SEO plugin v25.4 - https:\/\/yoast.com\/wordpress\/plugins\/seo\/ -->\n<title>\u25b7 Como remover v\u00edrgulas rapidamente no Excel?<\/title>\n<meta name=\"description\" content=\"Este tutorial ensinar\u00e1 como remover uma ou mais v\u00edrgulas de um valor em f\u00f3rmulas do Excel. Ent\u00e3o, vamos verificar isso.\" \/>\n<meta name=\"robots\" content=\"index, follow, max-snippet:-1, max-image-preview:large, max-video-preview:-1\" \/>\n<link rel=\"canonical\" href=\"https:\/\/exceladvisor.org\/pt\/remova-as-virgulas-2\/\" \/>\n<meta property=\"og:locale\" content=\"pt_PT\" \/>\n<meta property=\"og:type\" content=\"article\" \/>\n<meta property=\"og:title\" content=\"\u25b7 Como remover v\u00edrgulas rapidamente no Excel?\" \/>\n<meta property=\"og:description\" content=\"Este tutorial ensinar\u00e1 como remover uma ou mais v\u00edrgulas de um valor em f\u00f3rmulas do Excel. Ent\u00e3o, vamos verificar isso.\" \/>\n<meta property=\"og:url\" content=\"https:\/\/exceladvisor.org\/pt\/remova-as-virgulas-2\/\" \/>\n<meta property=\"og:site_name\" content=\"Excel Advisor\" \/>\n<meta property=\"article:modified_time\" content=\"2023-12-06T11:42:03+00:00\" \/>\n<meta property=\"og:image\" content=\"https:\/\/exceladvisor.org\/wp-content\/uploads\/2023\/08\/1-supprimer-les-virgules.png\" \/>\n<meta name=\"twitter:card\" content=\"summary_large_image\" \/>\n<meta name=\"twitter:label1\" content=\"Tempo estimado de leitura\" \/>\n\t<meta name=\"twitter:data1\" content=\"2 minutos\" \/>\n<script type=\"application\/ld+json\" class=\"yoast-schema-graph\">{\"@context\":\"https:\/\/schema.org\",\"@graph\":[{\"@type\":\"WebPage\",\"@id\":\"https:\/\/exceladvisor.org\/pt\/remova-as-virgulas-2\/\",\"url\":\"https:\/\/exceladvisor.org\/pt\/remova-as-virgulas-2\/\",\"name\":\"\u25b7 Como remover v\u00edrgulas rapidamente no Excel?\",\"isPartOf\":{\"@id\":\"https:\/\/exceladvisor.org\/pt\/#website\"},\"primaryImageOfPage\":{\"@id\":\"https:\/\/exceladvisor.org\/pt\/remova-as-virgulas-2\/#primaryimage\"},\"image\":{\"@id\":\"https:\/\/exceladvisor.org\/pt\/remova-as-virgulas-2\/#primaryimage\"},\"thumbnailUrl\":\"https:\/\/exceladvisor.org\/wp-content\/uploads\/2023\/08\/1-supprimer-les-virgules.png\",\"datePublished\":\"2023-11-09T23:20:25+00:00\",\"dateModified\":\"2023-12-06T11:42:03+00:00\",\"description\":\"Este tutorial ensinar\u00e1 como remover uma ou mais v\u00edrgulas de um valor em f\u00f3rmulas do Excel. Ent\u00e3o, vamos verificar isso.\",\"breadcrumb\":{\"@id\":\"https:\/\/exceladvisor.org\/pt\/remova-as-virgulas-2\/#breadcrumb\"},\"inLanguage\":\"pt-PT\",\"potentialAction\":[{\"@type\":\"ReadAction\",\"target\":[\"https:\/\/exceladvisor.org\/pt\/remova-as-virgulas-2\/\"]}]},{\"@type\":\"ImageObject\",\"inLanguage\":\"pt-PT\",\"@id\":\"https:\/\/exceladvisor.org\/pt\/remova-as-virgulas-2\/#primaryimage\",\"url\":\"https:\/\/exceladvisor.org\/wp-content\/uploads\/2023\/08\/1-supprimer-les-virgules.png\",\"contentUrl\":\"https:\/\/exceladvisor.org\/wp-content\/uploads\/2023\/08\/1-supprimer-les-virgules.png\"},{\"@type\":\"BreadcrumbList\",\"@id\":\"https:\/\/exceladvisor.org\/pt\/remova-as-virgulas-2\/#breadcrumb\",\"itemListElement\":[{\"@type\":\"ListItem\",\"position\":1,\"name\":\"Lar\",\"item\":\"https:\/\/exceladvisor.org\/pt\/\"},{\"@type\":\"ListItem\",\"position\":2,\"name\":\"Como remover v\u00edrgulas no excel?\"}]},{\"@type\":\"WebSite\",\"@id\":\"https:\/\/exceladvisor.org\/pt\/#website\",\"url\":\"https:\/\/exceladvisor.org\/pt\/\",\"name\":\"Excel Advisor\",\"description\":\"O seu guia definitivo para dominar os dados!\",\"publisher\":{\"@id\":\"https:\/\/exceladvisor.org\/pt\/#organization\"},\"potentialAction\":[{\"@type\":\"SearchAction\",\"target\":{\"@type\":\"EntryPoint\",\"urlTemplate\":\"https:\/\/exceladvisor.org\/pt\/?s={search_term_string}\"},\"query-input\":{\"@type\":\"PropertyValueSpecification\",\"valueRequired\":true,\"valueName\":\"search_term_string\"}}],\"inLanguage\":\"pt-PT\"},{\"@type\":\"Organization\",\"@id\":\"https:\/\/exceladvisor.org\/pt\/#organization\",\"name\":\"Excel Advisor\",\"url\":\"https:\/\/exceladvisor.org\/pt\/\",\"logo\":{\"@type\":\"ImageObject\",\"inLanguage\":\"pt-PT\",\"@id\":\"https:\/\/exceladvisor.org\/pt\/#\/schema\/logo\/image\/\",\"url\":\"https:\/\/exceladvisor.org\/pt\/wp-content\/uploads\/2023\/12\/exceladvisor.org_.png\",\"contentUrl\":\"https:\/\/exceladvisor.org\/pt\/wp-content\/uploads\/2023\/12\/exceladvisor.org_.png\",\"width\":105,\"height\":36,\"caption\":\"Excel Advisor\"},\"image\":{\"@id\":\"https:\/\/exceladvisor.org\/pt\/#\/schema\/logo\/image\/\"}}]}<\/script>\n<!-- \/ Yoast SEO plugin. -->","yoast_head_json":{"title":"\u25b7 Como remover v\u00edrgulas rapidamente no Excel?","description":"Este tutorial ensinar\u00e1 como remover uma ou mais v\u00edrgulas de um valor em f\u00f3rmulas do Excel. Ent\u00e3o, vamos verificar isso.","robots":{"index":"index","follow":"follow","max-snippet":"max-snippet:-1","max-image-preview":"max-image-preview:large","max-video-preview":"max-video-preview:-1"},"canonical":"https:\/\/exceladvisor.org\/pt\/remova-as-virgulas-2\/","og_locale":"pt_PT","og_type":"article","og_title":"\u25b7 Como remover v\u00edrgulas rapidamente no Excel?","og_description":"Este tutorial ensinar\u00e1 como remover uma ou mais v\u00edrgulas de um valor em f\u00f3rmulas do Excel. Ent\u00e3o, vamos verificar isso.","og_url":"https:\/\/exceladvisor.org\/pt\/remova-as-virgulas-2\/","og_site_name":"Excel Advisor","article_modified_time":"2023-12-06T11:42:03+00:00","og_image":[{"url":"https:\/\/exceladvisor.org\/wp-content\/uploads\/2023\/08\/1-supprimer-les-virgules.png","type":"","width":"","height":""}],"twitter_card":"summary_large_image","twitter_misc":{"Tempo estimado de leitura":"2 minutos"},"schema":{"@context":"https:\/\/schema.org","@graph":[{"@type":"WebPage","@id":"https:\/\/exceladvisor.org\/pt\/remova-as-virgulas-2\/","url":"https:\/\/exceladvisor.org\/pt\/remova-as-virgulas-2\/","name":"\u25b7 Como remover v\u00edrgulas rapidamente no Excel?","isPartOf":{"@id":"https:\/\/exceladvisor.org\/pt\/#website"},"primaryImageOfPage":{"@id":"https:\/\/exceladvisor.org\/pt\/remova-as-virgulas-2\/#primaryimage"},"image":{"@id":"https:\/\/exceladvisor.org\/pt\/remova-as-virgulas-2\/#primaryimage"},"thumbnailUrl":"https:\/\/exceladvisor.org\/wp-content\/uploads\/2023\/08\/1-supprimer-les-virgules.png","datePublished":"2023-11-09T23:20:25+00:00","dateModified":"2023-12-06T11:42:03+00:00","description":"Este tutorial ensinar\u00e1 como remover uma ou mais v\u00edrgulas de um valor em f\u00f3rmulas do Excel. Ent\u00e3o, vamos verificar isso.","breadcrumb":{"@id":"https:\/\/exceladvisor.org\/pt\/remova-as-virgulas-2\/#breadcrumb"},"inLanguage":"pt-PT","potentialAction":[{"@type":"ReadAction","target":["https:\/\/exceladvisor.org\/pt\/remova-as-virgulas-2\/"]}]},{"@type":"ImageObject","inLanguage":"pt-PT","@id":"https:\/\/exceladvisor.org\/pt\/remova-as-virgulas-2\/#primaryimage","url":"https:\/\/exceladvisor.org\/wp-content\/uploads\/2023\/08\/1-supprimer-les-virgules.png","contentUrl":"https:\/\/exceladvisor.org\/wp-content\/uploads\/2023\/08\/1-supprimer-les-virgules.png"},{"@type":"BreadcrumbList","@id":"https:\/\/exceladvisor.org\/pt\/remova-as-virgulas-2\/#breadcrumb","itemListElement":[{"@type":"ListItem","position":1,"name":"Lar","item":"https:\/\/exceladvisor.org\/pt\/"},{"@type":"ListItem","position":2,"name":"Como remover v\u00edrgulas no excel?"}]},{"@type":"WebSite","@id":"https:\/\/exceladvisor.org\/pt\/#website","url":"https:\/\/exceladvisor.org\/pt\/","name":"Excel Advisor","description":"O seu guia definitivo para dominar os dados!","publisher":{"@id":"https:\/\/exceladvisor.org\/pt\/#organization"},"potentialAction":[{"@type":"SearchAction","target":{"@type":"EntryPoint","urlTemplate":"https:\/\/exceladvisor.org\/pt\/?s={search_term_string}"},"query-input":{"@type":"PropertyValueSpecification","valueRequired":true,"valueName":"search_term_string"}}],"inLanguage":"pt-PT"},{"@type":"Organization","@id":"https:\/\/exceladvisor.org\/pt\/#organization","name":"Excel Advisor","url":"https:\/\/exceladvisor.org\/pt\/","logo":{"@type":"ImageObject","inLanguage":"pt-PT","@id":"https:\/\/exceladvisor.org\/pt\/#\/schema\/logo\/image\/","url":"https:\/\/exceladvisor.org\/pt\/wp-content\/uploads\/2023\/12\/exceladvisor.org_.png","contentUrl":"https:\/\/exceladvisor.org\/pt\/wp-content\/uploads\/2023\/12\/exceladvisor.org_.png","width":105,"height":36,"caption":"Excel Advisor"},"image":{"@id":"https:\/\/exceladvisor.org\/pt\/#\/schema\/logo\/image\/"}}]}},"yoast_meta":{"yoast_wpseo_title":"","yoast_wpseo_metadesc":"","yoast_wpseo_canonical":""},"_links":{"self":[{"href":"https:\/\/exceladvisor.org\/pt\/wp-json\/wp\/v2\/pages\/243","targetHints":{"allow":["GET"]}}],"collection":[{"href":"https:\/\/exceladvisor.org\/pt\/wp-json\/wp\/v2\/pages"}],"about":[{"href":"https:\/\/exceladvisor.org\/pt\/wp-json\/wp\/v2\/types\/page"}],"author":[{"embeddable":true,"href":"https:\/\/exceladvisor.org\/pt\/wp-json\/wp\/v2\/users\/1"}],"replies":[{"embeddable":true,"href":"https:\/\/exceladvisor.org\/pt\/wp-json\/wp\/v2\/comments?post=243"}],"version-history":[{"count":1,"href":"https:\/\/exceladvisor.org\/pt\/wp-json\/wp\/v2\/pages\/243\/revisions"}],"predecessor-version":[{"id":1178,"href":"https:\/\/exceladvisor.org\/pt\/wp-json\/wp\/v2\/pages\/243\/revisions\/1178"}],"wp:attachment":[{"href":"https:\/\/exceladvisor.org\/pt\/wp-json\/wp\/v2\/media?parent=243"}],"curies":[{"name":"wp","href":"https:\/\/api.w.org\/{rel}","templated":true}]}}