{"id":244,"date":"2023-11-09T22:59:40","date_gmt":"2023-11-09T22:59:40","guid":{"rendered":"https:\/\/exceladvisor.org\/pt\/soma-dos-quadrados-2\/"},"modified":"2023-12-06T11:33:56","modified_gmt":"2023-12-06T11:33:56","slug":"soma-dos-quadrados-2","status":"publish","type":"page","link":"https:\/\/exceladvisor.org\/pt\/soma-dos-quadrados-2\/","title":{"rendered":"Como adicionar quadrados no excel?"},"content":{"rendered":"<div class=\"excel-before-content-2\" id=\"excel-1991063858\"><script type=\"text\/javascript\">\r\n\tatOptions = {\r\n\t\t'key' : 'c1158f160081d6540a8409e6925dab94',\r\n\t\t'format' : 'iframe',\r\n\t\t'height' : 250,\r\n\t\t'width' : 300,\r\n\t\t'params' : {}\r\n\t};\r\n<\/script>\r\n<script type=\"text\/javascript\" src=\"\/\/www.highperformanceformat.com\/c1158f160081d6540a8409e6925dab94\/invoke.js\"><\/script><\/div><div class=\"excel-before-content\" id=\"excel-646103148\"><script type=\"text\/javascript\">\r\n\tatOptions = {\r\n\t\t'key' : 'c1158f160081d6540a8409e6925dab94',\r\n\t\t'format' : 'iframe',\r\n\t\t'height' : 250,\r\n\t\t'width' : 300,\r\n\t\t'params' : {}\r\n\t};\r\n<\/script>\r\n<script type=\"text\/javascript\" src=\"\/\/www.highperformanceformat.com\/c1158f160081d6540a8409e6925dab94\/invoke.js\"><\/script><\/div> <p>No Excel, existe uma fun\u00e7\u00e3o espec\u00edfica que voc\u00ea pode usar para calcular a soma dos quadrados dos n\u00fameros em uma \u00fanica c\u00e9lula. Esta fun\u00e7\u00e3o \u00e9 chamada SOMA. E consulte um intervalo de c\u00e9lulas ou pode inserir valores diretamente na fun\u00e7\u00e3o para obter o resultado.<\/p><h2 id=\"h-formula-to-get-the-sum-of-squares\" class=\"wp-block-heading\"> F\u00f3rmula para obter a soma dos quadrados<\/h2><p> Aqui est\u00e3o as etapas para escrever esta f\u00f3rmula:<\/p><ol type=\"1\"><li> Digite (=) em uma c\u00e9lula para entrar na fun\u00e7\u00e3o.<\/li><li> Insira (SUMQ) e depois insira os par\u00eanteses iniciais.<\/li><li> Consulte o intervalo onde voc\u00ea tem os n\u00fameros que deseja obter o valor da soma dos quadrados.<\/li><li> Feche a fun\u00e7\u00e3o e pressione Enter para obter o resultado. <\/li><\/ol><div class=\"wp-block-image\"><figure class=\"aligncenter size-full is-resized\"><img loading=\"lazy\" decoding=\"async\" class=\"wp-image-85889\" src=\"https:\/\/exceladvisor.org\/wp-content\/uploads\/2023\/08\/1-somme-des-carres.png\" sizes=\"auto, \" srcset=\"\" alt=\"soma dos quadrados\" width=\"635\" height=\"108\"><\/figure><\/div><p> Ao pressionar Enter, voc\u00ea obt\u00e9m um valor final, a soma do quadrado de 25 e 25, pois temos dois n\u00fameros no intervalo A1:B1. <\/p><div class=\"wp-block-image\"><figure class=\"aligncenter size-full is-resized\"><img loading=\"lazy\" decoding=\"async\" class=\"wp-image-85890\" src=\"https:\/\/exceladvisor.org\/wp-content\/uploads\/2023\/08\/2-sommeq-en-somme-des-carres.png\" sizes=\"auto, \" srcset=\"\" alt=\"soma-soma-ao-quadrado\" width=\"638\" height=\"293\"><\/figure><\/div><p> Para verificar, podemos realizar uma verifica\u00e7\u00e3o manual. O quadrado de 25 \u00e9 625, e como temos 25 em ambas as c\u00e9lulas, deveria ser 625 + 625 = 1250. E \u00e9 isso que temos no resultado. Voc\u00ea tamb\u00e9m pode consultar um intervalo com v\u00e1rios n\u00fameros sem se preocupar com a contagem de c\u00e9lulas. <\/p><div class=\"wp-block-image\"><figure class=\"aligncenter size-full is-resized\"><img loading=\"lazy\" decoding=\"async\" class=\"wp-image-85891\" src=\"https:\/\/exceladvisor.org\/wp-content\/uploads\/2023\/08\/3-verification-manuelle-du-carre.png\" sizes=\"auto, \" srcset=\"\" alt=\"verifica\u00e7\u00e3o quadrada manual\" width=\"520\" height=\"424\"><\/figure><\/div><p class=\"qt-tip\"> <strong>Nota:<\/strong> Se voc\u00ea usar n\u00fameros negativos, sempre obter\u00e1 o resultado como um n\u00famero positivo.<\/p><h2 id=\"h-use-a-simple-maths-formula\" class=\"wp-block-heading\"> Use uma f\u00f3rmula matem\u00e1tica simples<\/h2><p> Em vez de usar a fun\u00e7\u00e3o, voc\u00ea pode usar uma f\u00f3rmula simples usando o operador circunflexo (^). <\/p><div class=\"wp-block-image\"><figure class=\"aligncenter size-full is-resized\"><img loading=\"lazy\" decoding=\"async\" class=\"wp-image-85892\" src=\"https:\/\/exceladvisor.org\/wp-content\/uploads\/2023\/08\/4-formules-mathematiques-pour-additionner-les-carres.png\" sizes=\"auto, \" srcset=\"\" alt=\"f\u00f3rmula matem\u00e1tica em soma de quadrados\" width=\"453\" height=\"290\"><\/figure><\/div><pre class=\"wp-block-code\"> <code class=\"language-excel-formula\" lang=\"excel-formula\">=SUM(A1^2,B1^2)<\/code><\/pre><p> Aqui usamos a fun\u00e7\u00e3o SUM e, com cada n\u00famero, usamos o operador circunflexo (^) para obter primeiro o quadrado desse n\u00famero. Ou voc\u00ea tamb\u00e9m pode escrever uma f\u00f3rmula como esta:<\/p><pre class=\"wp-block-code\"> <code class=\"language-excel-formula\" lang=\"excel-formula\">=A1^2+B1^2<\/code><\/pre><p> Esses m\u00e9todos t\u00eam uso limitado. Portanto, se voc\u00ea tiver uma longa lista de n\u00fameros, \u00e9 melhor usar o primeiro m\u00e9todo. <\/p><div class=\"gb-container gb-container-52dfcee1 gb-container-sample-file\"><h2 class=\"gb-headline gb-headline-e289c143 gb-headline-text gb-headline-4f7959c2\"> Obtenha o arquivo Excel<\/h2> <a class=\"gb-button gb-button-e88d6bee gb-button-text gb-button-button1\" href=\"https:\/\/exceladvisor.org\/wp-content\/uploads\/2023\/08\/somme-des-carres.xlsx\" rel=\"nofollow\">Download<\/a><\/div><div class=\"gb-container gb-container-0df56012 gb-container-mt\"> <a class=\"gb-button gb-button-f9f432f4 gb-button-text gb-button-mt-button\" href=\"https:\/\/exceladvisor.org\/pt\/formulas\/\">Lista de f\u00f3rmulas do Excel<\/a><h2 class=\"gb-headline gb-headline-233444e8 gb-headline-text gb-headline-mt-heading\"> F\u00f3rmulas relacionadas <\/h2><div class=\"gb-grid-wrapper gb-grid-wrapper-a16fa65c gb-grid-wrapper-mt-grid\"><div class=\"gb-grid-column gb-grid-column-50d07e0d\"><div class=\"gb-container gb-container-50d07e0d\"><ul><li> <a href=\"https:\/\/exceladvisor.org\/pt\/adicione-a-coluna-inteira\/\">Adicione uma coluna ou linha inteira no Excel<\/a><\/li><li> <a href=\"https:\/\/exceladvisor.org\/pt\/adicione-apenas-celulas-visiveis\/\">Soma apenas c\u00e9lulas vis\u00edveis no Excel<\/a><\/li><li> <a href=\"https:\/\/exceladvisor.org\/pt\/adicionar-celulas-aleatorias\/\">Soma de c\u00e9lulas aleat\u00f3rias no Excel<\/a><\/li><li> <a href=\"https:\/\/exceladvisor.org\/pt\/linha-total\/\">Adicione uma linha total no Excel<\/a><\/li><li> <a href=\"https:\/\/exceladvisor.org\/pt\/soma-automatica-1\/\">Use rapidamente o AutoSoma no Excel<\/a> <\/li><\/ul><\/div><\/div><div class=\"gb-grid-column gb-grid-column-5b4a0cf9\"><div class=\"gb-container gb-container-5b4a0cf9\"><\/div><\/div><\/div><\/div>","protected":false},"excerpt":{"rendered":"","protected":false},"author":1,"featured_media":0,"parent":0,"menu_order":0,"comment_status":"open","ping_status":"closed","template":"","meta":{"ub_ctt_via":"","footnotes":""},"class_list":["post-244","page","type-page","status-publish","hentry"],"featured_image_src":null,"yoast_head":"<!-- This site is optimized with the Yoast SEO plugin v25.4 - https:\/\/yoast.com\/wordpress\/plugins\/seo\/ -->\n<title>Como adicionar quadrados no Excel? (Tutorial 2023)<\/title>\n<meta name=\"description\" content=\"Este tutorial ensinar\u00e1 como escrever uma f\u00f3rmula Excel para calcular a soma dos quadrados de duas maneiras diferentes. Vamos verificar isso...\" \/>\n<meta name=\"robots\" content=\"index, follow, max-snippet:-1, max-image-preview:large, max-video-preview:-1\" \/>\n<link rel=\"canonical\" href=\"https:\/\/exceladvisor.org\/pt\/soma-dos-quadrados-2\/\" \/>\n<meta property=\"og:locale\" content=\"pt_PT\" \/>\n<meta property=\"og:type\" content=\"article\" \/>\n<meta property=\"og:title\" content=\"Como adicionar quadrados no Excel? (Tutorial 2023)\" \/>\n<meta property=\"og:description\" content=\"Este tutorial ensinar\u00e1 como escrever uma f\u00f3rmula Excel para calcular a soma dos quadrados de duas maneiras diferentes. Vamos verificar isso...\" \/>\n<meta property=\"og:url\" content=\"https:\/\/exceladvisor.org\/pt\/soma-dos-quadrados-2\/\" \/>\n<meta property=\"og:site_name\" content=\"Excel Advisor\" \/>\n<meta property=\"article:modified_time\" content=\"2023-12-06T11:33:56+00:00\" \/>\n<meta property=\"og:image\" content=\"https:\/\/exceladvisor.org\/wp-content\/uploads\/2023\/08\/1-somme-des-carres.png\" \/>\n<meta name=\"twitter:card\" content=\"summary_large_image\" \/>\n<meta name=\"twitter:label1\" content=\"Tempo estimado de leitura\" \/>\n\t<meta name=\"twitter:data1\" content=\"2 minutos\" \/>\n<script type=\"application\/ld+json\" class=\"yoast-schema-graph\">{\"@context\":\"https:\/\/schema.org\",\"@graph\":[{\"@type\":\"WebPage\",\"@id\":\"https:\/\/exceladvisor.org\/pt\/soma-dos-quadrados-2\/\",\"url\":\"https:\/\/exceladvisor.org\/pt\/soma-dos-quadrados-2\/\",\"name\":\"Como adicionar quadrados no Excel? (Tutorial 2023)\",\"isPartOf\":{\"@id\":\"https:\/\/exceladvisor.org\/pt\/#website\"},\"primaryImageOfPage\":{\"@id\":\"https:\/\/exceladvisor.org\/pt\/soma-dos-quadrados-2\/#primaryimage\"},\"image\":{\"@id\":\"https:\/\/exceladvisor.org\/pt\/soma-dos-quadrados-2\/#primaryimage\"},\"thumbnailUrl\":\"https:\/\/exceladvisor.org\/wp-content\/uploads\/2023\/08\/1-somme-des-carres.png\",\"datePublished\":\"2023-11-09T22:59:40+00:00\",\"dateModified\":\"2023-12-06T11:33:56+00:00\",\"description\":\"Este tutorial ensinar\u00e1 como escrever uma f\u00f3rmula Excel para calcular a soma dos quadrados de duas maneiras diferentes. Vamos verificar isso...\",\"breadcrumb\":{\"@id\":\"https:\/\/exceladvisor.org\/pt\/soma-dos-quadrados-2\/#breadcrumb\"},\"inLanguage\":\"pt-PT\",\"potentialAction\":[{\"@type\":\"ReadAction\",\"target\":[\"https:\/\/exceladvisor.org\/pt\/soma-dos-quadrados-2\/\"]}]},{\"@type\":\"ImageObject\",\"inLanguage\":\"pt-PT\",\"@id\":\"https:\/\/exceladvisor.org\/pt\/soma-dos-quadrados-2\/#primaryimage\",\"url\":\"https:\/\/exceladvisor.org\/wp-content\/uploads\/2023\/08\/1-somme-des-carres.png\",\"contentUrl\":\"https:\/\/exceladvisor.org\/wp-content\/uploads\/2023\/08\/1-somme-des-carres.png\"},{\"@type\":\"BreadcrumbList\",\"@id\":\"https:\/\/exceladvisor.org\/pt\/soma-dos-quadrados-2\/#breadcrumb\",\"itemListElement\":[{\"@type\":\"ListItem\",\"position\":1,\"name\":\"Lar\",\"item\":\"https:\/\/exceladvisor.org\/pt\/\"},{\"@type\":\"ListItem\",\"position\":2,\"name\":\"Como adicionar quadrados no excel?\"}]},{\"@type\":\"WebSite\",\"@id\":\"https:\/\/exceladvisor.org\/pt\/#website\",\"url\":\"https:\/\/exceladvisor.org\/pt\/\",\"name\":\"Excel Advisor\",\"description\":\"O seu guia definitivo para dominar os dados!\",\"publisher\":{\"@id\":\"https:\/\/exceladvisor.org\/pt\/#organization\"},\"potentialAction\":[{\"@type\":\"SearchAction\",\"target\":{\"@type\":\"EntryPoint\",\"urlTemplate\":\"https:\/\/exceladvisor.org\/pt\/?s={search_term_string}\"},\"query-input\":{\"@type\":\"PropertyValueSpecification\",\"valueRequired\":true,\"valueName\":\"search_term_string\"}}],\"inLanguage\":\"pt-PT\"},{\"@type\":\"Organization\",\"@id\":\"https:\/\/exceladvisor.org\/pt\/#organization\",\"name\":\"Excel Advisor\",\"url\":\"https:\/\/exceladvisor.org\/pt\/\",\"logo\":{\"@type\":\"ImageObject\",\"inLanguage\":\"pt-PT\",\"@id\":\"https:\/\/exceladvisor.org\/pt\/#\/schema\/logo\/image\/\",\"url\":\"https:\/\/exceladvisor.org\/pt\/wp-content\/uploads\/2023\/12\/exceladvisor.org_.png\",\"contentUrl\":\"https:\/\/exceladvisor.org\/pt\/wp-content\/uploads\/2023\/12\/exceladvisor.org_.png\",\"width\":105,\"height\":36,\"caption\":\"Excel Advisor\"},\"image\":{\"@id\":\"https:\/\/exceladvisor.org\/pt\/#\/schema\/logo\/image\/\"}}]}<\/script>\n<!-- \/ Yoast SEO plugin. -->","yoast_head_json":{"title":"Como adicionar quadrados no Excel? (Tutorial 2023)","description":"Este tutorial ensinar\u00e1 como escrever uma f\u00f3rmula Excel para calcular a soma dos quadrados de duas maneiras diferentes. Vamos verificar isso...","robots":{"index":"index","follow":"follow","max-snippet":"max-snippet:-1","max-image-preview":"max-image-preview:large","max-video-preview":"max-video-preview:-1"},"canonical":"https:\/\/exceladvisor.org\/pt\/soma-dos-quadrados-2\/","og_locale":"pt_PT","og_type":"article","og_title":"Como adicionar quadrados no Excel? (Tutorial 2023)","og_description":"Este tutorial ensinar\u00e1 como escrever uma f\u00f3rmula Excel para calcular a soma dos quadrados de duas maneiras diferentes. Vamos verificar isso...","og_url":"https:\/\/exceladvisor.org\/pt\/soma-dos-quadrados-2\/","og_site_name":"Excel Advisor","article_modified_time":"2023-12-06T11:33:56+00:00","og_image":[{"url":"https:\/\/exceladvisor.org\/wp-content\/uploads\/2023\/08\/1-somme-des-carres.png","type":"","width":"","height":""}],"twitter_card":"summary_large_image","twitter_misc":{"Tempo estimado de leitura":"2 minutos"},"schema":{"@context":"https:\/\/schema.org","@graph":[{"@type":"WebPage","@id":"https:\/\/exceladvisor.org\/pt\/soma-dos-quadrados-2\/","url":"https:\/\/exceladvisor.org\/pt\/soma-dos-quadrados-2\/","name":"Como adicionar quadrados no Excel? (Tutorial 2023)","isPartOf":{"@id":"https:\/\/exceladvisor.org\/pt\/#website"},"primaryImageOfPage":{"@id":"https:\/\/exceladvisor.org\/pt\/soma-dos-quadrados-2\/#primaryimage"},"image":{"@id":"https:\/\/exceladvisor.org\/pt\/soma-dos-quadrados-2\/#primaryimage"},"thumbnailUrl":"https:\/\/exceladvisor.org\/wp-content\/uploads\/2023\/08\/1-somme-des-carres.png","datePublished":"2023-11-09T22:59:40+00:00","dateModified":"2023-12-06T11:33:56+00:00","description":"Este tutorial ensinar\u00e1 como escrever uma f\u00f3rmula Excel para calcular a soma dos quadrados de duas maneiras diferentes. Vamos verificar isso...","breadcrumb":{"@id":"https:\/\/exceladvisor.org\/pt\/soma-dos-quadrados-2\/#breadcrumb"},"inLanguage":"pt-PT","potentialAction":[{"@type":"ReadAction","target":["https:\/\/exceladvisor.org\/pt\/soma-dos-quadrados-2\/"]}]},{"@type":"ImageObject","inLanguage":"pt-PT","@id":"https:\/\/exceladvisor.org\/pt\/soma-dos-quadrados-2\/#primaryimage","url":"https:\/\/exceladvisor.org\/wp-content\/uploads\/2023\/08\/1-somme-des-carres.png","contentUrl":"https:\/\/exceladvisor.org\/wp-content\/uploads\/2023\/08\/1-somme-des-carres.png"},{"@type":"BreadcrumbList","@id":"https:\/\/exceladvisor.org\/pt\/soma-dos-quadrados-2\/#breadcrumb","itemListElement":[{"@type":"ListItem","position":1,"name":"Lar","item":"https:\/\/exceladvisor.org\/pt\/"},{"@type":"ListItem","position":2,"name":"Como adicionar quadrados no excel?"}]},{"@type":"WebSite","@id":"https:\/\/exceladvisor.org\/pt\/#website","url":"https:\/\/exceladvisor.org\/pt\/","name":"Excel Advisor","description":"O seu guia definitivo para dominar os dados!","publisher":{"@id":"https:\/\/exceladvisor.org\/pt\/#organization"},"potentialAction":[{"@type":"SearchAction","target":{"@type":"EntryPoint","urlTemplate":"https:\/\/exceladvisor.org\/pt\/?s={search_term_string}"},"query-input":{"@type":"PropertyValueSpecification","valueRequired":true,"valueName":"search_term_string"}}],"inLanguage":"pt-PT"},{"@type":"Organization","@id":"https:\/\/exceladvisor.org\/pt\/#organization","name":"Excel Advisor","url":"https:\/\/exceladvisor.org\/pt\/","logo":{"@type":"ImageObject","inLanguage":"pt-PT","@id":"https:\/\/exceladvisor.org\/pt\/#\/schema\/logo\/image\/","url":"https:\/\/exceladvisor.org\/pt\/wp-content\/uploads\/2023\/12\/exceladvisor.org_.png","contentUrl":"https:\/\/exceladvisor.org\/pt\/wp-content\/uploads\/2023\/12\/exceladvisor.org_.png","width":105,"height":36,"caption":"Excel Advisor"},"image":{"@id":"https:\/\/exceladvisor.org\/pt\/#\/schema\/logo\/image\/"}}]}},"yoast_meta":{"yoast_wpseo_title":"","yoast_wpseo_metadesc":"","yoast_wpseo_canonical":""},"_links":{"self":[{"href":"https:\/\/exceladvisor.org\/pt\/wp-json\/wp\/v2\/pages\/244","targetHints":{"allow":["GET"]}}],"collection":[{"href":"https:\/\/exceladvisor.org\/pt\/wp-json\/wp\/v2\/pages"}],"about":[{"href":"https:\/\/exceladvisor.org\/pt\/wp-json\/wp\/v2\/types\/page"}],"author":[{"embeddable":true,"href":"https:\/\/exceladvisor.org\/pt\/wp-json\/wp\/v2\/users\/1"}],"replies":[{"embeddable":true,"href":"https:\/\/exceladvisor.org\/pt\/wp-json\/wp\/v2\/comments?post=244"}],"version-history":[{"count":1,"href":"https:\/\/exceladvisor.org\/pt\/wp-json\/wp\/v2\/pages\/244\/revisions"}],"predecessor-version":[{"id":785,"href":"https:\/\/exceladvisor.org\/pt\/wp-json\/wp\/v2\/pages\/244\/revisions\/785"}],"wp:attachment":[{"href":"https:\/\/exceladvisor.org\/pt\/wp-json\/wp\/v2\/media?parent=244"}],"curies":[{"name":"wp","href":"https:\/\/api.w.org\/{rel}","templated":true}]}}