{"id":247,"date":"2023-11-09T19:39:46","date_gmt":"2023-11-09T19:39:46","guid":{"rendered":"https:\/\/exceladvisor.org\/pt\/mapa-de-calor\/"},"modified":"2023-12-06T11:36:55","modified_gmt":"2023-12-06T11:36:55","slug":"mapa-de-calor","status":"publish","type":"page","link":"https:\/\/exceladvisor.org\/pt\/mapa-de-calor\/","title":{"rendered":"Como criar um mapa de calor no excel?"},"content":{"rendered":"<div class=\"excel-before-content-2\" id=\"excel-3229051713\"><script type=\"text\/javascript\">\r\n\tatOptions = {\r\n\t\t'key' : 'c1158f160081d6540a8409e6925dab94',\r\n\t\t'format' : 'iframe',\r\n\t\t'height' : 250,\r\n\t\t'width' : 300,\r\n\t\t'params' : {}\r\n\t};\r\n<\/script>\r\n<script type=\"text\/javascript\" src=\"\/\/www.highperformanceformat.com\/c1158f160081d6540a8409e6925dab94\/invoke.js\"><\/script><\/div><div class=\"excel-before-content\" id=\"excel-1880439799\"><script type=\"text\/javascript\">\r\n\tatOptions = {\r\n\t\t'key' : 'c1158f160081d6540a8409e6925dab94',\r\n\t\t'format' : 'iframe',\r\n\t\t'height' : 250,\r\n\t\t'width' : 300,\r\n\t\t'params' : {}\r\n\t};\r\n<\/script>\r\n<script type=\"text\/javascript\" src=\"\/\/www.highperformanceformat.com\/c1158f160081d6540a8409e6925dab94\/invoke.js\"><\/script><\/div> <p>Os visuais s\u00e3o sempre facilmente compreens\u00edveis em rela\u00e7\u00e3o aos valores. Mesmo no Excel, quando voc\u00ea <a style=\"outline: none;\" href=\"https:\/\/exceladvisor.org\/pt\/graficos-avancados\/\">usa um gr\u00e1fico (avan\u00e7ado ou b\u00e1sico)<\/a> \u00e9 de f\u00e1cil compreens\u00e3o para o usu\u00e1rio.<\/p><p> Mas nem sempre conseguimos seguir esse caminho, pois na maioria das vezes precisamos apresentar nossos dados em tabelas ou outros formatos de relat\u00f3rio.<\/p><p> <span style=\"font-size: 1em;\">Para lidar com esse tipo de situa\u00e7\u00e3o no Excel, descobri que um mapa de calor \u00e9 a melhor solu\u00e7\u00e3o. Isso nos ajuda a apresentar os dados com efeito visual e sem alterar a estrutura real dos dados.<\/span><\/p><h2 class=\"wp-block-heading\"> O que \u00e9 um MAPA DE CALOR no Excel?<\/h2><p> No Excel, um mapa de calor \u00e9 uma apresenta\u00e7\u00e3o de dados usando uma tonalidade de cor em cada c\u00e9lula do intervalo de forma comparativa para que o usu\u00e1rio possa entend\u00ea-los facilmente. Parece um mapa com cores diferentes do escuro ao claro para representar a pondera\u00e7\u00e3o do valor na c\u00e9lula.<\/p><p> Abaixo est\u00e1 um exemplo de mapa de calor simples onde temos dados por \u00e1rea e m\u00eas e para cada c\u00e9lula onde temos um valor de venda, uma amostra de cor \u00e9 aplicada na c\u00e9lula. <\/p><div class=\"wp-block-image\"><figure class=\"aligncenter\"><img decoding=\"async\" src=\"https:\/\/exceladvisor.org\/wp-content\/uploads\/2023\/08\/une-carte-de-chaleur-simple-dans-excel-1.png\" sizes=\"\" srcset=\"\" alt=\"um mapa de calor simples no Excel\"><\/figure><\/div><p> E essa tonalidade de cor nos ajuda a comparar rapidamente os valores das c\u00e9lulas entre si. A c\u00e9lula com o valor mais alto tem o verde como cor da c\u00e9lula e a c\u00e9lula com o valor mais baixo tem o vermelho, e todas as c\u00e9lulas do meio t\u00eam a cor amarela.<\/p><p> Todos os valores entre os valores mais altos e mais baixos t\u00eam uma tonalidade de cor baseada em sua classifica\u00e7\u00e3o. Mas voc\u00ea pode criar manualmente um mapa de calor como este porque aplicar cor a uma c\u00e9lula com base em seus valores pode ser sempre poss\u00edvel.<\/p><p> Agora voc\u00ea sabe quais s\u00e3o as formas poss\u00edveis de criar um mapa de calor no Excel. E, se voc\u00ea me perguntar, s\u00e3o mais de tr\u00eas. Portanto, neste artigo, compartilharei todas as formas poss\u00edveis de criar um mapa de calor no Excel.<\/p><blockquote class=\"wp-block-quote\"><p> <strong>Quando voc\u00ea imprime um mapa de calor em papel, fica realmente desagrad\u00e1vel, especialmente quando voc\u00ea usa uma impressora preto e branco. Todas as tonalidades possuem apenas preto e branco, o que n\u00e3o \u00e9 f\u00e1cil de entender para ningu\u00e9m.<\/strong><\/p><\/blockquote><h2 class=\"wp-block-heading\"> Crie um mapa de calor no Excel usando formata\u00e7\u00e3o condicional<\/h2><p> Se n\u00e3o quiser fazer um esfor\u00e7o extra e economizar tempo, voc\u00ea pode criar um mapa de calor simples usando formata\u00e7\u00e3o condicional. Estou usando os mesmos dados de uma amostra ( <a href=\"https:\/\/exceladvisor.org\/wp-content\/uploads\/2023\/11\/carte-thermique-des-donnees-excel.xlsx\" rel=\"nofollow\">LINK PARA DOWNLOAD<\/a> ) aqui que mostrei para voc\u00eas no in\u00edcio deste post. <\/p><div class=\"wp-block-image\"><figure class=\"aligncenter\"><img decoding=\"async\" src=\"https:\/\/exceladvisor.org\/wp-content\/uploads\/2023\/08\/Tableau-de-donnees-pour-creer-un-modele-de-carte-thermique-Excel-a-laide-dechelles-de-couleurs-de-mise-en-forme-conditionnelle-1.png\" sizes=\"\" srcset=\"\" alt=\"Tabela de dados para criar um modelo de mapa de calor do Excel usando escalas de cores de formata\u00e7\u00e3o condicional\"><\/figure><\/div><p> Para criar um mapa de calor no Excel, voc\u00ea precisa seguir as etapas abaixo:<\/p><ol><li> Primeiro, selecione os dados aos quais deseja aplicar o mapa de calor (aqui voc\u00ea precisa selecionar todas as c\u00e9lulas onde possui valores de vendas)<\/li><li> Depois disso, v\u00e1 para a guia Home \u279c Styles \u279c Conditional Formatting.<\/li><li> Nas op\u00e7\u00f5es de Formata\u00e7\u00e3o Condicional, selecione escalas de cores. (Existem seis tipos diferentes de escalas de cores para voc\u00ea escolher). <br><img decoding=\"async\" title=\"Seis escalas de cores de formata\u00e7\u00e3o condicional para criar um modelo de mapa de calor do Excel\" src=\"https:\/\/exceladvisor.org\/wp-content\/uploads\/2023\/08\/Six-echelles-de-couleurs-de-mise-en-forme-conditionnelle-pour-creer-un-modele-de-carte-thermique-Excel-1.png\" sizes=\"\" srcset=\"\" alt=\"Six Conditional Formatting Color Scales To Create A Excel Heat Map Template\"><\/li><li> Depois de selecionar uma op\u00e7\u00e3o, todas as c\u00e9lulas receber\u00e3o uma tonalidade de cor com base no valor que possuem e voc\u00ea obter\u00e1 um mapa de calor como abaixo. <br><img decoding=\"async\" title=\"um mapa de calor simples no Excel\" src=\"https:\/\/exceladvisor.org\/wp-content\/uploads\/2023\/08\/une-carte-de-chaleur-simple-dans-excel-1.png\" sizes=\"\" srcset=\"\" alt=\"a simple heat map in excel\"><\/li><li> E, se quiser ocultar o valor e mostrar apenas a cor compartilhada, voc\u00ea pode usar uma formata\u00e7\u00e3o personalizada para isso.<\/li><li> Para fazer isso, primeiro selecione os dados do mapa de calor e abra as op\u00e7\u00f5es de formata\u00e7\u00e3o (Ctrl + 1).<\/li><li> Agora na aba de n\u00fameros v\u00e1 em custom e digite ;;; e no final clique em OK. <br><img decoding=\"async\" title=\"Formata\u00e7\u00e3o personalizada para criar um modelo de mapa de calor do Excel usando escalas de cores\" src=\"https:\/\/exceladvisor.org\/wp-content\/uploads\/2023\/08\/Formatage-personnalise-pour-creer-un-modele-de-carte-thermique-Excel-a-laide-dechelles-de-couleurs.png\" sizes=\"\" srcset=\"\" alt=\"Custom Formatting To Create A Excel Heat Map Template Using Color Scales\"><\/li><li> Depois de clicar em OK, todos os n\u00fameros ficar\u00e3o ocultos nas c\u00e9lulas. Bem, eles est\u00e3o nas celas, mas apenas escondidos. <br><img decoding=\"async\" title=\"A-Simple-Excel-Heat-Map-Template-Usando-Escalas de Cores\" src=\"https:\/\/exceladvisor.org\/wp-content\/uploads\/2023\/08\/Un-modele-de-carte-thermique-Excel-simple-utilisant-des-echelles-de-couleurs.png\" sizes=\"\" srcset=\"\" alt=\"A Simple Excel Heat Map Template Using Color Scales\"><\/li><\/ol><h2 id=\"tab-con-2\" class=\"wp-block-heading\"> Etapas para adicionar um mapa de calor a uma tabela din\u00e2mica<\/h2><p> Voc\u00ea tamb\u00e9m pode usar calor em uma tabela din\u00e2mica <a href=\"https:\/\/exceladvisor.org\/pt\/aplicar-formatacao-condicional\/\">aplicando formata\u00e7\u00e3o condicional<\/a> . Aqui est\u00e3o as etapas a seguir:<\/p><ul><li> Selecione uma das c\u00e9lulas da tabela din\u00e2mica.<\/li><li> V\u00e1 para a guia In\u00edcio \u279c Estilos \u279c Formata\u00e7\u00e3o Condicional.<\/li><li> Nas op\u00e7\u00f5es de Formata\u00e7\u00e3o Condicional, selecione escalas de cores. <\/li><\/ul><div class=\"wp-block-image\"><figure class=\"aligncenter\"><img decoding=\"async\" src=\"https:\/\/exceladvisor.org\/wp-content\/uploads\/2023\/08\/Tableau-croise-dynamique-pour-creer-un-modele-de-carte-thermique-Excel-1.png\" sizes=\"\" srcset=\"\" alt=\"Tabela din\u00e2mica para criar um modelo de mapa de calor do Excel\"><\/figure><\/div><p> Al\u00e9m disso, se voc\u00ea quiser ocultar n\u00fameros (o que n\u00e3o recomendo), siga estas etapas simples.<\/p><ol><li> Selecione uma das c\u00e9lulas da tabela din\u00e2mica.<\/li><li> V\u00e1 para a guia Analisar \u279c Campo Ativo \u279c Configura\u00e7\u00f5es de Campo. <br><img decoding=\"async\" title=\"Alterar-tabela din\u00e2mica-formato-de-n\u00famero-para-criar-um-modelo-mapa-de-calor-Excel\" src=\"https:\/\/exceladvisor.org\/wp-content\/uploads\/2023\/08\/Changer-le-format-du-tableau-croise-dynamique-pour-creer-un-modele-de-carte-thermique-Excel.png\" sizes=\"\" srcset=\"\" alt=\"Change Pivot Table Number Format To Create A Excel Heat Map Template\"><\/li><li> Clique no formato do n\u00famero.<\/li><li> Na aba de n\u00fameros, v\u00e1 para personalizado e digite ;;; em esp\u00e9cie.<\/li><li> Clique OK.<\/li><\/ol><p> Voc\u00ea pode baixar este arquivo de amostra aqui para saber como podemos <a href=\"https:\/\/exceladvisor.org\/pt\/vincular-o-slicer-a-varias-tabelas-dinamicas\/\">usar um slicer<\/a> com um piv\u00f4 de mapa de calor.<\/p><h2 id=\"tab-con-3\" class=\"wp-block-heading\"> Etapas para criar um mapa de calor din\u00e2mico no Excel<\/h2><p> Voc\u00ea pode criar um mapa de calor din\u00e2mico se quiser ocult\u00e1-lo\/mostr\u00e1-lo de acordo com suas necessidades. <\/p><div class=\"wp-block-image\"><figure class=\"aligncenter\"><img decoding=\"async\" src=\"https:\/\/exceladvisor.org\/wp-content\/uploads\/2023\/08\/un-modele-de-carte-thermique-dynamique-dans-excel.gif\" sizes=\"\" srcset=\"\" alt=\"um modelo de mapa de calor din\u00e2mico no Excel\"><\/figure><\/div><p> Abaixo est\u00e1 a tabela que usamos para criar um mapa de calor din\u00e2mico. <\/p><div class=\"wp-block-image\"><figure class=\"aligncenter\"><img decoding=\"async\" src=\"https:\/\/exceladvisor.org\/wp-content\/uploads\/2023\/08\/Tableau-pour-creer-un-modele-de-carte-thermique-Excel-1.png\" sizes=\"\" srcset=\"\" alt=\"Tabela para criar um modelo de mapa de calor do Excel\"><\/figure><\/div><p> E as seguintes coisas que precisamos incorporar.<\/p><ol><li> Op\u00e7\u00e3o para alternar entre mapa de calor e n\u00fameros.<\/li><li> Tabela de atualiza\u00e7\u00e3o autom\u00e1tica com mapa de calor ao adicionar novos dados.<\/li><\/ol><p> Veja como fazer isso: <\/p><div class=\"wp-block-image\"><figure class=\"aligncenter\"><img decoding=\"async\" src=\"https:\/\/exceladvisor.org\/wp-content\/uploads\/2023\/08\/Inserer-une-case-a-cocher-pour-creer-un-modele-de-carte-thermique-Excel-dynamique-e1463472556186.png\" sizes=\"\" srcset=\"\" alt=\"Insira uma caixa de sele\u00e7\u00e3o para criar um modelo de mapa de calor din\u00e2mico do Excel\"><\/figure><\/div><p> Agora voc\u00ea tem um mapa de calor din\u00e2mico que pode controlar com uma caixa de sele\u00e7\u00e3o. <\/p><div class=\"wp-block-image\"><figure class=\"aligncenter\"><img decoding=\"async\" src=\"https:\/\/exceladvisor.org\/wp-content\/uploads\/2023\/08\/carte-thermique-dynamique-finale-dans-Excel-a-laide-dune-case-a-cocher-1.gif\" sizes=\"\" srcset=\"\" alt=\"mapa de calor din\u00e2mico final no Excel usando uma caixa de sele\u00e7\u00e3o\"><\/figure><\/div><p> E se quiser ocultar os n\u00fameros ao marcar a caixa marcada, voc\u00ea precisar\u00e1 criar uma regra de formata\u00e7\u00e3o condicional separada. Veja como fazer isso:<\/p><ol><li> Abra a caixa de di\u00e1logo Nova regra de formata\u00e7\u00e3o condicional.<\/li><li> Selecione \u201cUsar uma f\u00f3rmula para selecionar a c\u00e9lula a ser formatada\u201d e insira a f\u00f3rmula abaixo. <img decoding=\"async\" style=\"display: block; margin-left: auto; margin-right: auto;\" title=\"Formata\u00e7\u00e3o personalizada para criar um modelo din\u00e2mico do Excel-Heat-Map\" src=\"https:\/\/exceladvisor.org\/wp-content\/uploads\/2023\/08\/Formatage-personnalise-pour-creer-un-modele-de-carte-thermique-Excel-dynamique.png\" sizes=\"\" srcset=\"\" alt=\"Use Conditional Formatting Pop Up Box To Create Excel Heat Map Template\"><ul><li> = <a href=\"https:\/\/exceladvisor.org\/pt\/a\/\" target=\"_blank\" rel=\"noopener noreferrer\">SE<\/a> ($K$1=VERDADEIRO,VERDADEIRO,FALSO)<\/li><\/ul><\/li><li> Agora especifique a formata\u00e7\u00e3o de n\u00famero personalizada. <br><img decoding=\"async\" title=\"Formata\u00e7\u00e3o personalizada para criar um modelo de mapa de calor do Excel usando escalas de cores\" src=\"https:\/\/exceladvisor.org\/wp-content\/uploads\/2023\/08\/Formatage-personnalise-pour-creer-un-modele-de-carte-thermique-Excel-a-laide-dechelles-de-couleurs.png\" sizes=\"\" srcset=\"\" alt=\"Custom Formatting To Create A Excel Heat Map Template Using Color Scales\"><\/li><\/ol><p> Depois de aplicar todas as personaliza\u00e7\u00f5es acima, voc\u00ea obter\u00e1 um mapa de calor din\u00e2mico.<\/p><h2 class=\"wp-block-heading\"> Mais Informa\u00e7\u00f5es<\/h2><p> Aqui est\u00e3o alguns links para ajud\u00e1-lo a escolher sua paleta de cores favorita.<\/p><ol><li> <a style=\"outline: none;\" href=\"http:\/\/hex.colorrrs.com\/\" target=\"_blank\" rel=\"nofollow noopener noreferrer\">Cores hexagonais<\/a><\/li><li> <a style=\"outline: none;\" href=\"http:\/\/colorbrewer2.org\/\" target=\"_blank\" rel=\"nofollow noopener noreferrer\">Cervejeiro colorido<\/a><\/li><\/ol><h2 class=\"wp-block-heading\"> Arquivo de exemplo<\/h2><p> <a style=\"outline: none;\" href=\"https:\/\/exceladvisor.org\/wp-content\/uploads\/2023\/11\/modele-de-carte-thermique-excel.xlsx\" rel=\"nofollow\">Baixe este exemplo aqui<\/a> para saber mais.<\/p><h2 class=\"wp-block-heading\"> Conclus\u00e3o<\/h2><p> Imagine que se voc\u00ea olhar para um grande conjunto de dados, \u00e9 realmente dif\u00edcil identificar os valores mais baixos ou os valores mais altos, mas se voc\u00ea tiver um mapa de calor, \u00e9 f\u00e1cil identific\u00e1-los.<\/p><p> Voc\u00ea pode usar diferentes esquemas de cores para ilustrar um mapa de calor. E, se voc\u00ea puder ir al\u00e9m, um mapa de calor din\u00e2mico \u00e9 a melhor solu\u00e7\u00e3o. Espero que essas dicas ajudem voc\u00ea a melhorar no Excel e agora digo uma coisa.<\/p><p> <strong>Voc\u00ea acha que um mapa de calor pode ser \u00fatil em seu trabalho?<\/strong><\/p><p> Compartilhe suas id\u00e9ias comigo na se\u00e7\u00e3o de coment\u00e1rios, eu adoraria ouvir de voc\u00ea. E n\u00e3o esque\u00e7a de compartilhar essa dica com seus amigos.<\/p><div class=\"gb-container gb-container-a61970aa gb-container-mt\"> <a class=\"gb-button gb-button-b4293c6c gb-button-text gb-button-mt-button\" href=\"https:\/\/exceladvisor.org\/pt\/graficos-do-excel\/\">Tipos de gr\u00e1ficos do Excel<\/a><h2 class=\"gb-headline gb-headline-5bf2e581 gb-headline-text gb-headline-mt-heading\"> Tutoriais relacionados <\/h2><div class=\"gb-grid-wrapper gb-grid-wrapper-9b70abf1 gb-grid-wrapper-mt-grid\"><div class=\"gb-grid-column gb-grid-column-97a95c29\"><div class=\"gb-container gb-container-97a95c29\"><ul><li> <a href=\"https:\/\/exceladvisor.org\/pt\/grafico-de-waffle\/\">PLACA GRAVADA<\/a><\/li><li> <a href=\"https:\/\/exceladvisor.org\/pt\/grafico-de-funil\/\">Gr\u00e1fico de funil<\/a><\/li><li> <a href=\"https:\/\/exceladvisor.org\/pt\/grafico-de-gantt\/\">gr\u00e1fico de Gantt<\/a><\/li><li> <a href=\"https:\/\/exceladvisor.org\/pt\/grafico-de-tornado\/\">Gr\u00e1fico de tornado<\/a><\/li><li> <a href=\"https:\/\/exceladvisor.org\/pt\/graficos-avancados\/\">Gr\u00e1ficos avan\u00e7ados do Excel<\/a> <\/li><\/ul><\/div><\/div><div class=\"gb-grid-column gb-grid-column-0636840f\"><div class=\"gb-container gb-container-0636840f\"><\/div><\/div><\/div><\/div>","protected":false},"excerpt":{"rendered":"","protected":false},"author":1,"featured_media":0,"parent":0,"menu_order":0,"comment_status":"open","ping_status":"closed","template":"","meta":{"ub_ctt_via":"","footnotes":""},"class_list":["post-247","page","type-page","status-publish","hentry"],"featured_image_src":null,"yoast_head":"<!-- This site is optimized with the Yoast SEO plugin v25.4 - https:\/\/yoast.com\/wordpress\/plugins\/seo\/ -->\n<title>Como criar um mapa de calor no Excel? (modelo 2023)<\/title>\n<meta name=\"description\" content=\"Basicamente, um mapa de calor \u00e9 uma apresenta\u00e7\u00e3o de dados com cores baseadas em valores. E, em rela\u00e7\u00e3o\" \/>\n<meta name=\"robots\" content=\"index, follow, max-snippet:-1, max-image-preview:large, max-video-preview:-1\" \/>\n<link rel=\"canonical\" href=\"https:\/\/exceladvisor.org\/pt\/mapa-de-calor\/\" \/>\n<meta property=\"og:locale\" content=\"pt_PT\" \/>\n<meta property=\"og:type\" content=\"article\" \/>\n<meta property=\"og:title\" content=\"Como criar um mapa de calor no Excel? (modelo 2023)\" \/>\n<meta property=\"og:description\" content=\"Basicamente, um mapa de calor \u00e9 uma apresenta\u00e7\u00e3o de dados com cores baseadas em valores. E, em rela\u00e7\u00e3o\" \/>\n<meta property=\"og:url\" content=\"https:\/\/exceladvisor.org\/pt\/mapa-de-calor\/\" \/>\n<meta property=\"og:site_name\" content=\"Excel Advisor\" \/>\n<meta property=\"article:modified_time\" content=\"2023-12-06T11:36:55+00:00\" \/>\n<meta property=\"og:image\" content=\"https:\/\/exceladvisor.org\/wp-content\/uploads\/2023\/08\/une-carte-de-chaleur-simple-dans-excel-1.png\" \/>\n<meta name=\"twitter:card\" content=\"summary_large_image\" \/>\n<meta name=\"twitter:label1\" content=\"Tempo estimado de leitura\" \/>\n\t<meta name=\"twitter:data1\" content=\"6 minutos\" \/>\n<script type=\"application\/ld+json\" class=\"yoast-schema-graph\">{\"@context\":\"https:\/\/schema.org\",\"@graph\":[{\"@type\":\"WebPage\",\"@id\":\"https:\/\/exceladvisor.org\/pt\/mapa-de-calor\/\",\"url\":\"https:\/\/exceladvisor.org\/pt\/mapa-de-calor\/\",\"name\":\"Como criar um mapa de calor no Excel? (modelo 2023)\",\"isPartOf\":{\"@id\":\"https:\/\/exceladvisor.org\/pt\/#website\"},\"primaryImageOfPage\":{\"@id\":\"https:\/\/exceladvisor.org\/pt\/mapa-de-calor\/#primaryimage\"},\"image\":{\"@id\":\"https:\/\/exceladvisor.org\/pt\/mapa-de-calor\/#primaryimage\"},\"thumbnailUrl\":\"https:\/\/exceladvisor.org\/wp-content\/uploads\/2023\/08\/une-carte-de-chaleur-simple-dans-excel-1.png\",\"datePublished\":\"2023-11-09T19:39:46+00:00\",\"dateModified\":\"2023-12-06T11:36:55+00:00\",\"description\":\"Basicamente, um mapa de calor \u00e9 uma apresenta\u00e7\u00e3o de dados com cores baseadas em valores. E, em rela\u00e7\u00e3o\",\"breadcrumb\":{\"@id\":\"https:\/\/exceladvisor.org\/pt\/mapa-de-calor\/#breadcrumb\"},\"inLanguage\":\"pt-PT\",\"potentialAction\":[{\"@type\":\"ReadAction\",\"target\":[\"https:\/\/exceladvisor.org\/pt\/mapa-de-calor\/\"]}]},{\"@type\":\"ImageObject\",\"inLanguage\":\"pt-PT\",\"@id\":\"https:\/\/exceladvisor.org\/pt\/mapa-de-calor\/#primaryimage\",\"url\":\"https:\/\/exceladvisor.org\/wp-content\/uploads\/2023\/08\/une-carte-de-chaleur-simple-dans-excel-1.png\",\"contentUrl\":\"https:\/\/exceladvisor.org\/wp-content\/uploads\/2023\/08\/une-carte-de-chaleur-simple-dans-excel-1.png\"},{\"@type\":\"BreadcrumbList\",\"@id\":\"https:\/\/exceladvisor.org\/pt\/mapa-de-calor\/#breadcrumb\",\"itemListElement\":[{\"@type\":\"ListItem\",\"position\":1,\"name\":\"Lar\",\"item\":\"https:\/\/exceladvisor.org\/pt\/\"},{\"@type\":\"ListItem\",\"position\":2,\"name\":\"Como criar um mapa de calor no excel?\"}]},{\"@type\":\"WebSite\",\"@id\":\"https:\/\/exceladvisor.org\/pt\/#website\",\"url\":\"https:\/\/exceladvisor.org\/pt\/\",\"name\":\"Excel Advisor\",\"description\":\"O seu guia definitivo para dominar os dados!\",\"publisher\":{\"@id\":\"https:\/\/exceladvisor.org\/pt\/#organization\"},\"potentialAction\":[{\"@type\":\"SearchAction\",\"target\":{\"@type\":\"EntryPoint\",\"urlTemplate\":\"https:\/\/exceladvisor.org\/pt\/?s={search_term_string}\"},\"query-input\":{\"@type\":\"PropertyValueSpecification\",\"valueRequired\":true,\"valueName\":\"search_term_string\"}}],\"inLanguage\":\"pt-PT\"},{\"@type\":\"Organization\",\"@id\":\"https:\/\/exceladvisor.org\/pt\/#organization\",\"name\":\"Excel Advisor\",\"url\":\"https:\/\/exceladvisor.org\/pt\/\",\"logo\":{\"@type\":\"ImageObject\",\"inLanguage\":\"pt-PT\",\"@id\":\"https:\/\/exceladvisor.org\/pt\/#\/schema\/logo\/image\/\",\"url\":\"https:\/\/exceladvisor.org\/pt\/wp-content\/uploads\/2023\/12\/exceladvisor.org_.png\",\"contentUrl\":\"https:\/\/exceladvisor.org\/pt\/wp-content\/uploads\/2023\/12\/exceladvisor.org_.png\",\"width\":105,\"height\":36,\"caption\":\"Excel Advisor\"},\"image\":{\"@id\":\"https:\/\/exceladvisor.org\/pt\/#\/schema\/logo\/image\/\"}}]}<\/script>\n<!-- \/ Yoast SEO plugin. -->","yoast_head_json":{"title":"Como criar um mapa de calor no Excel? (modelo 2023)","description":"Basicamente, um mapa de calor \u00e9 uma apresenta\u00e7\u00e3o de dados com cores baseadas em valores. E, em rela\u00e7\u00e3o","robots":{"index":"index","follow":"follow","max-snippet":"max-snippet:-1","max-image-preview":"max-image-preview:large","max-video-preview":"max-video-preview:-1"},"canonical":"https:\/\/exceladvisor.org\/pt\/mapa-de-calor\/","og_locale":"pt_PT","og_type":"article","og_title":"Como criar um mapa de calor no Excel? (modelo 2023)","og_description":"Basicamente, um mapa de calor \u00e9 uma apresenta\u00e7\u00e3o de dados com cores baseadas em valores. E, em rela\u00e7\u00e3o","og_url":"https:\/\/exceladvisor.org\/pt\/mapa-de-calor\/","og_site_name":"Excel Advisor","article_modified_time":"2023-12-06T11:36:55+00:00","og_image":[{"url":"https:\/\/exceladvisor.org\/wp-content\/uploads\/2023\/08\/une-carte-de-chaleur-simple-dans-excel-1.png","type":"","width":"","height":""}],"twitter_card":"summary_large_image","twitter_misc":{"Tempo estimado de leitura":"6 minutos"},"schema":{"@context":"https:\/\/schema.org","@graph":[{"@type":"WebPage","@id":"https:\/\/exceladvisor.org\/pt\/mapa-de-calor\/","url":"https:\/\/exceladvisor.org\/pt\/mapa-de-calor\/","name":"Como criar um mapa de calor no Excel? (modelo 2023)","isPartOf":{"@id":"https:\/\/exceladvisor.org\/pt\/#website"},"primaryImageOfPage":{"@id":"https:\/\/exceladvisor.org\/pt\/mapa-de-calor\/#primaryimage"},"image":{"@id":"https:\/\/exceladvisor.org\/pt\/mapa-de-calor\/#primaryimage"},"thumbnailUrl":"https:\/\/exceladvisor.org\/wp-content\/uploads\/2023\/08\/une-carte-de-chaleur-simple-dans-excel-1.png","datePublished":"2023-11-09T19:39:46+00:00","dateModified":"2023-12-06T11:36:55+00:00","description":"Basicamente, um mapa de calor \u00e9 uma apresenta\u00e7\u00e3o de dados com cores baseadas em valores. E, em rela\u00e7\u00e3o","breadcrumb":{"@id":"https:\/\/exceladvisor.org\/pt\/mapa-de-calor\/#breadcrumb"},"inLanguage":"pt-PT","potentialAction":[{"@type":"ReadAction","target":["https:\/\/exceladvisor.org\/pt\/mapa-de-calor\/"]}]},{"@type":"ImageObject","inLanguage":"pt-PT","@id":"https:\/\/exceladvisor.org\/pt\/mapa-de-calor\/#primaryimage","url":"https:\/\/exceladvisor.org\/wp-content\/uploads\/2023\/08\/une-carte-de-chaleur-simple-dans-excel-1.png","contentUrl":"https:\/\/exceladvisor.org\/wp-content\/uploads\/2023\/08\/une-carte-de-chaleur-simple-dans-excel-1.png"},{"@type":"BreadcrumbList","@id":"https:\/\/exceladvisor.org\/pt\/mapa-de-calor\/#breadcrumb","itemListElement":[{"@type":"ListItem","position":1,"name":"Lar","item":"https:\/\/exceladvisor.org\/pt\/"},{"@type":"ListItem","position":2,"name":"Como criar um mapa de calor no excel?"}]},{"@type":"WebSite","@id":"https:\/\/exceladvisor.org\/pt\/#website","url":"https:\/\/exceladvisor.org\/pt\/","name":"Excel Advisor","description":"O seu guia definitivo para dominar os dados!","publisher":{"@id":"https:\/\/exceladvisor.org\/pt\/#organization"},"potentialAction":[{"@type":"SearchAction","target":{"@type":"EntryPoint","urlTemplate":"https:\/\/exceladvisor.org\/pt\/?s={search_term_string}"},"query-input":{"@type":"PropertyValueSpecification","valueRequired":true,"valueName":"search_term_string"}}],"inLanguage":"pt-PT"},{"@type":"Organization","@id":"https:\/\/exceladvisor.org\/pt\/#organization","name":"Excel Advisor","url":"https:\/\/exceladvisor.org\/pt\/","logo":{"@type":"ImageObject","inLanguage":"pt-PT","@id":"https:\/\/exceladvisor.org\/pt\/#\/schema\/logo\/image\/","url":"https:\/\/exceladvisor.org\/pt\/wp-content\/uploads\/2023\/12\/exceladvisor.org_.png","contentUrl":"https:\/\/exceladvisor.org\/pt\/wp-content\/uploads\/2023\/12\/exceladvisor.org_.png","width":105,"height":36,"caption":"Excel Advisor"},"image":{"@id":"https:\/\/exceladvisor.org\/pt\/#\/schema\/logo\/image\/"}}]}},"yoast_meta":{"yoast_wpseo_title":"","yoast_wpseo_metadesc":"","yoast_wpseo_canonical":""},"_links":{"self":[{"href":"https:\/\/exceladvisor.org\/pt\/wp-json\/wp\/v2\/pages\/247","targetHints":{"allow":["GET"]}}],"collection":[{"href":"https:\/\/exceladvisor.org\/pt\/wp-json\/wp\/v2\/pages"}],"about":[{"href":"https:\/\/exceladvisor.org\/pt\/wp-json\/wp\/v2\/types\/page"}],"author":[{"embeddable":true,"href":"https:\/\/exceladvisor.org\/pt\/wp-json\/wp\/v2\/users\/1"}],"replies":[{"embeddable":true,"href":"https:\/\/exceladvisor.org\/pt\/wp-json\/wp\/v2\/comments?post=247"}],"version-history":[{"count":1,"href":"https:\/\/exceladvisor.org\/pt\/wp-json\/wp\/v2\/pages\/247\/revisions"}],"predecessor-version":[{"id":996,"href":"https:\/\/exceladvisor.org\/pt\/wp-json\/wp\/v2\/pages\/247\/revisions\/996"}],"wp:attachment":[{"href":"https:\/\/exceladvisor.org\/pt\/wp-json\/wp\/v2\/media?parent=247"}],"curies":[{"name":"wp","href":"https:\/\/api.w.org\/{rel}","templated":true}]}}