{"id":248,"date":"2023-11-09T19:39:01","date_gmt":"2023-11-09T19:39:01","guid":{"rendered":"https:\/\/exceladvisor.org\/pt\/contar-linhas-filtradas\/"},"modified":"2023-12-06T11:35:37","modified_gmt":"2023-12-06T11:35:37","slug":"contar-linhas-filtradas","status":"publish","type":"page","link":"https:\/\/exceladvisor.org\/pt\/contar-linhas-filtradas\/","title":{"rendered":"Como contar linhas filtradas no excel?"},"content":{"rendered":"<div class=\"excel-before-content-2\" id=\"excel-1178491730\"><script type=\"text\/javascript\">\r\n\tatOptions = {\r\n\t\t'key' : 'c1158f160081d6540a8409e6925dab94',\r\n\t\t'format' : 'iframe',\r\n\t\t'height' : 250,\r\n\t\t'width' : 300,\r\n\t\t'params' : {}\r\n\t};\r\n<\/script>\r\n<script type=\"text\/javascript\" src=\"\/\/www.highperformanceformat.com\/c1158f160081d6540a8409e6925dab94\/invoke.js\"><\/script><\/div><div class=\"excel-before-content\" id=\"excel-4165931117\"><script type=\"text\/javascript\">\r\n\tatOptions = {\r\n\t\t'key' : 'c1158f160081d6540a8409e6925dab94',\r\n\t\t'format' : 'iframe',\r\n\t\t'height' : 250,\r\n\t\t'width' : 300,\r\n\t\t'params' : {}\r\n\t};\r\n<\/script>\r\n<script type=\"text\/javascript\" src=\"\/\/www.highperformanceformat.com\/c1158f160081d6540a8409e6925dab94\/invoke.js\"><\/script><\/div> <p>Para contar as linhas filtradas no Excel, voc\u00ea pode usar a fun\u00e7\u00e3o SUBTOTAL que permite selecionar sua fun\u00e7\u00e3o de contagem no primeiro argumento e o intervalo a partir do qual deseja contar as linhas filtradas. Depois de usar esta f\u00f3rmula, ao aplicar um filtro neste intervalo e filtrar as c\u00e9lulas, apenas as linhas vis\u00edveis ser\u00e3o contadas.<\/p><pre class=\"wp-block-code\"> <code class=\"language-excel-formula\" lang=\"excel-formula\">=SUBTOTAL(3,A2:A101) =SUBTOTAL(103,A2:A101)<\/code><\/pre><p> No exemplo acima, temos 100 c\u00e9lulas com valores na coluna A. Agora voc\u00ea precisa contar as linhas depois de aplicar as c\u00e9lulas do filtro. <\/p><div class=\"wp-block-image\"><figure class=\"aligncenter size-full is-resized\"><img loading=\"lazy\" decoding=\"async\" class=\"wp-image-77694\" src=\"https:\/\/exceladvisor.org\/wp-content\/uploads\/2023\/08\/1-nombre-de-lignes-filtrees.png\" sizes=\"auto, \" srcset=\"\" alt=\"n\u00famero de linhas filtradas\" width=\"384\" height=\"319\"><\/figure><\/div><h2 id=\"h-steps-to-count-filtered-rows\" class=\"wp-block-heading\"> Etapas para contar linhas filtradas<\/h2><ol type=\"1\"><li> Primeiro, na c\u00e9lula B2, insira a fun\u00e7\u00e3o SUBTOTAL.<\/li><li> Agora, no primeiro argumento, selecione function_num COUNTA ou digite 3.<\/li><li> Depois disso, no segundo argumento, consulte o intervalo A1:A101.<\/li><li> Em seguida, insira os par\u00eanteses de fechamento para fechar a fun\u00e7\u00e3o e entrar.<\/li><li> No final, filtre a coluna A para ver se sua f\u00f3rmula mostra o n\u00famero de linhas filtradas no resultado. <\/li><\/ol><div class=\"wp-block-image\"><figure class=\"aligncenter size-full is-resized\"><img loading=\"lazy\" decoding=\"async\" class=\"wp-image-77695\" src=\"https:\/\/exceladvisor.org\/wp-content\/uploads\/2023\/08\/2-utiliser-la-fonction-de-sous-total.png\" sizes=\"auto, \" srcset=\"\" alt=\"use a fun\u00e7\u00e3o subtotal\" width=\"568\" height=\"235\"><\/figure><\/div><pre class=\"wp-block-code\"> <code class=\"language-excel-formula\" lang=\"excel-formula\">=SUBTOTAL(3,A2:A101)<\/code><\/pre><p> Usar esta fun\u00e7\u00e3o SUBTOTAL tamb\u00e9m ajuda voc\u00ea de outras maneiras. Digamos que voc\u00ea tenha algumas linhas ocultas, neste caso tamb\u00e9m lhe dar\u00e1 uma contagem sem essas linhas ocultas. <\/p><div class=\"wp-block-image\"><figure class=\"aligncenter size-full is-resized\"><img loading=\"lazy\" decoding=\"async\" class=\"wp-image-77697\" src=\"https:\/\/exceladvisor.org\/wp-content\/uploads\/2023\/08\/3-comptes-sans-lignes-cachees.png\" sizes=\"auto, \" srcset=\"\" alt=\"contar sem linhas ocultas\" width=\"510\" height=\"360\"><\/figure><\/div><p> No exemplo acima temos quatro linhas ocultas e retornou 96 no resultado.<\/p><pre class=\"wp-block-code\"> <code class=\"language-excel-formula\" lang=\"excel-formula\">=SUBTOTAL(103,A2:A101)<\/code><\/pre><p> Lembre-se de que existem duas maneiras diferentes de contar linhas depois de aplicar o filtro.<\/p><ul><li> Contando com linhas ocultas<\/li><li> Conte sem linhas ocultas <\/li><\/ul><div class=\"wp-block-image\"><figure class=\"aligncenter size-full is-resized\"><img loading=\"lazy\" decoding=\"async\" class=\"wp-image-77698\" src=\"https:\/\/exceladvisor.org\/wp-content\/uploads\/2023\/08\/4-sous-total-avec-lignes-masquees-et-non-masquees.png\" sizes=\"auto, \" srcset=\"\" alt=\"subtotal com linhas ocultas e desmascaradas\" width=\"328\" height=\"344\"><\/figure><\/div><div class=\"gb-container gb-container-52dfcee1 gb-container-sample-file\"><h2 class=\"gb-headline gb-headline-e289c143 gb-headline-text gb-headline-4f7959c2\"> Obtenha o arquivo Excel<\/h2> <a class=\"gb-button gb-button-e88d6bee gb-button-text gb-button-button1\" href=\"https:\/\/exceladvisor.org\/wp-content\/uploads\/2023\/11\/compter-les-lignes-filtrees-2.xlsx\" rel=\"nofollow\">Download<\/a><\/div><div class=\"gb-container gb-container-0df56012 gb-container-mt\"> <a class=\"gb-button gb-button-f9f432f4 gb-button-text gb-button-mt-button\" href=\"https:\/\/exceladvisor.org\/pt\/formulas\/\">Lista de f\u00f3rmulas do Excel<\/a><h2 class=\"gb-headline gb-headline-233444e8 gb-headline-text gb-headline-mt-heading\"> F\u00f3rmulas relacionadas <\/h2><div class=\"gb-grid-wrapper gb-grid-wrapper-a16fa65c gb-grid-wrapper-mt-grid\"><div class=\"gb-grid-column gb-grid-column-50d07e0d\"><div class=\"gb-container gb-container-50d07e0d\"><ul><li> <a href=\"https:\/\/exceladvisor.org\/pt\/contar-celulas-com-texto\/\">Conte c\u00e9lulas com texto no Excel<\/a><\/li><li> <a href=\"https:\/\/exceladvisor.org\/pt\/contar-caracteres-especificos\/\">Conte caracteres espec\u00edficos no Excel<\/a><\/li><li> <a href=\"https:\/\/exceladvisor.org\/pt\/contar-o-numero-total-de-celulas\/\">Conte o n\u00famero total de c\u00e9lulas em um intervalo no Excel<\/a><\/li><li> <a href=\"https:\/\/exceladvisor.org\/pt\/contar-valores-unicos-1\/\">Conte valores \u00fanicos no Excel<\/a><\/li><li> <a href=\"https:\/\/exceladvisor.org\/pt\/contar-contra-contar\/\">CONTAGEM versus CONTAGEM<\/a> <\/li><\/ul><\/div><\/div><div class=\"gb-grid-column gb-grid-column-5b4a0cf9\"><div class=\"gb-container gb-container-5b4a0cf9\"><\/div><\/div><\/div><\/div>","protected":false},"excerpt":{"rendered":"","protected":false},"author":1,"featured_media":0,"parent":0,"menu_order":0,"comment_status":"open","ping_status":"closed","template":"","meta":{"ub_ctt_via":"","footnotes":""},"class_list":["post-248","page","type-page","status-publish","hentry"],"featured_image_src":null,"yoast_head":"<!-- This site is optimized with the Yoast SEO plugin v25.4 - https:\/\/yoast.com\/wordpress\/plugins\/seo\/ -->\n<title>Como contar linhas filtradas no Excel? (Guia 2023)<\/title>\n<meta name=\"description\" content=\"Neste tutorial, aprenderemos como escrever uma f\u00f3rmula para contar linhas filtradas no Excel. Voc\u00ea pode usar a fun\u00e7\u00e3o\" \/>\n<meta name=\"robots\" content=\"index, follow, max-snippet:-1, max-image-preview:large, max-video-preview:-1\" \/>\n<link rel=\"canonical\" href=\"https:\/\/exceladvisor.org\/pt\/contar-linhas-filtradas\/\" \/>\n<meta property=\"og:locale\" content=\"pt_PT\" \/>\n<meta property=\"og:type\" content=\"article\" \/>\n<meta property=\"og:title\" content=\"Como contar linhas filtradas no Excel? (Guia 2023)\" \/>\n<meta property=\"og:description\" content=\"Neste tutorial, aprenderemos como escrever uma f\u00f3rmula para contar linhas filtradas no Excel. Voc\u00ea pode usar a fun\u00e7\u00e3o\" \/>\n<meta property=\"og:url\" content=\"https:\/\/exceladvisor.org\/pt\/contar-linhas-filtradas\/\" \/>\n<meta property=\"og:site_name\" content=\"Excel Advisor\" \/>\n<meta property=\"article:modified_time\" content=\"2023-12-06T11:35:37+00:00\" \/>\n<meta property=\"og:image\" content=\"https:\/\/exceladvisor.org\/wp-content\/uploads\/2023\/08\/1-nombre-de-lignes-filtrees.png\" \/>\n<meta name=\"twitter:card\" content=\"summary_large_image\" \/>\n<meta name=\"twitter:label1\" content=\"Tempo estimado de leitura\" \/>\n\t<meta name=\"twitter:data1\" content=\"1 minuto\" \/>\n<script type=\"application\/ld+json\" class=\"yoast-schema-graph\">{\"@context\":\"https:\/\/schema.org\",\"@graph\":[{\"@type\":\"WebPage\",\"@id\":\"https:\/\/exceladvisor.org\/pt\/contar-linhas-filtradas\/\",\"url\":\"https:\/\/exceladvisor.org\/pt\/contar-linhas-filtradas\/\",\"name\":\"Como contar linhas filtradas no Excel? (Guia 2023)\",\"isPartOf\":{\"@id\":\"https:\/\/exceladvisor.org\/pt\/#website\"},\"primaryImageOfPage\":{\"@id\":\"https:\/\/exceladvisor.org\/pt\/contar-linhas-filtradas\/#primaryimage\"},\"image\":{\"@id\":\"https:\/\/exceladvisor.org\/pt\/contar-linhas-filtradas\/#primaryimage\"},\"thumbnailUrl\":\"https:\/\/exceladvisor.org\/wp-content\/uploads\/2023\/08\/1-nombre-de-lignes-filtrees.png\",\"datePublished\":\"2023-11-09T19:39:01+00:00\",\"dateModified\":\"2023-12-06T11:35:37+00:00\",\"description\":\"Neste tutorial, aprenderemos como escrever uma f\u00f3rmula para contar linhas filtradas no Excel. Voc\u00ea pode usar a fun\u00e7\u00e3o\",\"breadcrumb\":{\"@id\":\"https:\/\/exceladvisor.org\/pt\/contar-linhas-filtradas\/#breadcrumb\"},\"inLanguage\":\"pt-PT\",\"potentialAction\":[{\"@type\":\"ReadAction\",\"target\":[\"https:\/\/exceladvisor.org\/pt\/contar-linhas-filtradas\/\"]}]},{\"@type\":\"ImageObject\",\"inLanguage\":\"pt-PT\",\"@id\":\"https:\/\/exceladvisor.org\/pt\/contar-linhas-filtradas\/#primaryimage\",\"url\":\"https:\/\/exceladvisor.org\/wp-content\/uploads\/2023\/08\/1-nombre-de-lignes-filtrees.png\",\"contentUrl\":\"https:\/\/exceladvisor.org\/wp-content\/uploads\/2023\/08\/1-nombre-de-lignes-filtrees.png\"},{\"@type\":\"BreadcrumbList\",\"@id\":\"https:\/\/exceladvisor.org\/pt\/contar-linhas-filtradas\/#breadcrumb\",\"itemListElement\":[{\"@type\":\"ListItem\",\"position\":1,\"name\":\"Lar\",\"item\":\"https:\/\/exceladvisor.org\/pt\/\"},{\"@type\":\"ListItem\",\"position\":2,\"name\":\"Como contar linhas filtradas no excel?\"}]},{\"@type\":\"WebSite\",\"@id\":\"https:\/\/exceladvisor.org\/pt\/#website\",\"url\":\"https:\/\/exceladvisor.org\/pt\/\",\"name\":\"Excel Advisor\",\"description\":\"O seu guia definitivo para dominar os dados!\",\"publisher\":{\"@id\":\"https:\/\/exceladvisor.org\/pt\/#organization\"},\"potentialAction\":[{\"@type\":\"SearchAction\",\"target\":{\"@type\":\"EntryPoint\",\"urlTemplate\":\"https:\/\/exceladvisor.org\/pt\/?s={search_term_string}\"},\"query-input\":{\"@type\":\"PropertyValueSpecification\",\"valueRequired\":true,\"valueName\":\"search_term_string\"}}],\"inLanguage\":\"pt-PT\"},{\"@type\":\"Organization\",\"@id\":\"https:\/\/exceladvisor.org\/pt\/#organization\",\"name\":\"Excel Advisor\",\"url\":\"https:\/\/exceladvisor.org\/pt\/\",\"logo\":{\"@type\":\"ImageObject\",\"inLanguage\":\"pt-PT\",\"@id\":\"https:\/\/exceladvisor.org\/pt\/#\/schema\/logo\/image\/\",\"url\":\"https:\/\/exceladvisor.org\/pt\/wp-content\/uploads\/2023\/12\/exceladvisor.org_.png\",\"contentUrl\":\"https:\/\/exceladvisor.org\/pt\/wp-content\/uploads\/2023\/12\/exceladvisor.org_.png\",\"width\":105,\"height\":36,\"caption\":\"Excel Advisor\"},\"image\":{\"@id\":\"https:\/\/exceladvisor.org\/pt\/#\/schema\/logo\/image\/\"}}]}<\/script>\n<!-- \/ Yoast SEO plugin. -->","yoast_head_json":{"title":"Como contar linhas filtradas no Excel? (Guia 2023)","description":"Neste tutorial, aprenderemos como escrever uma f\u00f3rmula para contar linhas filtradas no Excel. Voc\u00ea pode usar a fun\u00e7\u00e3o","robots":{"index":"index","follow":"follow","max-snippet":"max-snippet:-1","max-image-preview":"max-image-preview:large","max-video-preview":"max-video-preview:-1"},"canonical":"https:\/\/exceladvisor.org\/pt\/contar-linhas-filtradas\/","og_locale":"pt_PT","og_type":"article","og_title":"Como contar linhas filtradas no Excel? (Guia 2023)","og_description":"Neste tutorial, aprenderemos como escrever uma f\u00f3rmula para contar linhas filtradas no Excel. Voc\u00ea pode usar a fun\u00e7\u00e3o","og_url":"https:\/\/exceladvisor.org\/pt\/contar-linhas-filtradas\/","og_site_name":"Excel Advisor","article_modified_time":"2023-12-06T11:35:37+00:00","og_image":[{"url":"https:\/\/exceladvisor.org\/wp-content\/uploads\/2023\/08\/1-nombre-de-lignes-filtrees.png","type":"","width":"","height":""}],"twitter_card":"summary_large_image","twitter_misc":{"Tempo estimado de leitura":"1 minuto"},"schema":{"@context":"https:\/\/schema.org","@graph":[{"@type":"WebPage","@id":"https:\/\/exceladvisor.org\/pt\/contar-linhas-filtradas\/","url":"https:\/\/exceladvisor.org\/pt\/contar-linhas-filtradas\/","name":"Como contar linhas filtradas no Excel? (Guia 2023)","isPartOf":{"@id":"https:\/\/exceladvisor.org\/pt\/#website"},"primaryImageOfPage":{"@id":"https:\/\/exceladvisor.org\/pt\/contar-linhas-filtradas\/#primaryimage"},"image":{"@id":"https:\/\/exceladvisor.org\/pt\/contar-linhas-filtradas\/#primaryimage"},"thumbnailUrl":"https:\/\/exceladvisor.org\/wp-content\/uploads\/2023\/08\/1-nombre-de-lignes-filtrees.png","datePublished":"2023-11-09T19:39:01+00:00","dateModified":"2023-12-06T11:35:37+00:00","description":"Neste tutorial, aprenderemos como escrever uma f\u00f3rmula para contar linhas filtradas no Excel. Voc\u00ea pode usar a fun\u00e7\u00e3o","breadcrumb":{"@id":"https:\/\/exceladvisor.org\/pt\/contar-linhas-filtradas\/#breadcrumb"},"inLanguage":"pt-PT","potentialAction":[{"@type":"ReadAction","target":["https:\/\/exceladvisor.org\/pt\/contar-linhas-filtradas\/"]}]},{"@type":"ImageObject","inLanguage":"pt-PT","@id":"https:\/\/exceladvisor.org\/pt\/contar-linhas-filtradas\/#primaryimage","url":"https:\/\/exceladvisor.org\/wp-content\/uploads\/2023\/08\/1-nombre-de-lignes-filtrees.png","contentUrl":"https:\/\/exceladvisor.org\/wp-content\/uploads\/2023\/08\/1-nombre-de-lignes-filtrees.png"},{"@type":"BreadcrumbList","@id":"https:\/\/exceladvisor.org\/pt\/contar-linhas-filtradas\/#breadcrumb","itemListElement":[{"@type":"ListItem","position":1,"name":"Lar","item":"https:\/\/exceladvisor.org\/pt\/"},{"@type":"ListItem","position":2,"name":"Como contar linhas filtradas no excel?"}]},{"@type":"WebSite","@id":"https:\/\/exceladvisor.org\/pt\/#website","url":"https:\/\/exceladvisor.org\/pt\/","name":"Excel Advisor","description":"O seu guia definitivo para dominar os dados!","publisher":{"@id":"https:\/\/exceladvisor.org\/pt\/#organization"},"potentialAction":[{"@type":"SearchAction","target":{"@type":"EntryPoint","urlTemplate":"https:\/\/exceladvisor.org\/pt\/?s={search_term_string}"},"query-input":{"@type":"PropertyValueSpecification","valueRequired":true,"valueName":"search_term_string"}}],"inLanguage":"pt-PT"},{"@type":"Organization","@id":"https:\/\/exceladvisor.org\/pt\/#organization","name":"Excel Advisor","url":"https:\/\/exceladvisor.org\/pt\/","logo":{"@type":"ImageObject","inLanguage":"pt-PT","@id":"https:\/\/exceladvisor.org\/pt\/#\/schema\/logo\/image\/","url":"https:\/\/exceladvisor.org\/pt\/wp-content\/uploads\/2023\/12\/exceladvisor.org_.png","contentUrl":"https:\/\/exceladvisor.org\/pt\/wp-content\/uploads\/2023\/12\/exceladvisor.org_.png","width":105,"height":36,"caption":"Excel Advisor"},"image":{"@id":"https:\/\/exceladvisor.org\/pt\/#\/schema\/logo\/image\/"}}]}},"yoast_meta":{"yoast_wpseo_title":"","yoast_wpseo_metadesc":"","yoast_wpseo_canonical":""},"_links":{"self":[{"href":"https:\/\/exceladvisor.org\/pt\/wp-json\/wp\/v2\/pages\/248","targetHints":{"allow":["GET"]}}],"collection":[{"href":"https:\/\/exceladvisor.org\/pt\/wp-json\/wp\/v2\/pages"}],"about":[{"href":"https:\/\/exceladvisor.org\/pt\/wp-json\/wp\/v2\/types\/page"}],"author":[{"embeddable":true,"href":"https:\/\/exceladvisor.org\/pt\/wp-json\/wp\/v2\/users\/1"}],"replies":[{"embeddable":true,"href":"https:\/\/exceladvisor.org\/pt\/wp-json\/wp\/v2\/comments?post=248"}],"version-history":[{"count":1,"href":"https:\/\/exceladvisor.org\/pt\/wp-json\/wp\/v2\/pages\/248\/revisions"}],"predecessor-version":[{"id":923,"href":"https:\/\/exceladvisor.org\/pt\/wp-json\/wp\/v2\/pages\/248\/revisions\/923"}],"wp:attachment":[{"href":"https:\/\/exceladvisor.org\/pt\/wp-json\/wp\/v2\/media?parent=248"}],"curies":[{"name":"wp","href":"https:\/\/api.w.org\/{rel}","templated":true}]}}