{"id":249,"date":"2023-11-09T19:18:18","date_gmt":"2023-11-09T19:18:18","guid":{"rendered":"https:\/\/exceladvisor.org\/pt\/sumif-ano-2\/"},"modified":"2023-12-06T11:42:19","modified_gmt":"2023-12-06T11:42:19","slug":"sumif-ano-2","status":"publish","type":"page","link":"https:\/\/exceladvisor.org\/pt\/sumif-ano-2\/","title":{"rendered":"Como somar os valores de acordo com o ano?"},"content":{"rendered":"<div class=\"excel-before-content-2\" id=\"excel-3753171430\"><script type=\"text\/javascript\">\r\n\tatOptions = {\r\n\t\t'key' : 'c1158f160081d6540a8409e6925dab94',\r\n\t\t'format' : 'iframe',\r\n\t\t'height' : 250,\r\n\t\t'width' : 300,\r\n\t\t'params' : {}\r\n\t};\r\n<\/script>\r\n<script type=\"text\/javascript\" src=\"\/\/www.highperformanceformat.com\/c1158f160081d6540a8409e6925dab94\/invoke.js\"><\/script><\/div><div class=\"excel-before-content\" id=\"excel-1791702236\"><script type=\"text\/javascript\">\r\n\tatOptions = {\r\n\t\t'key' : 'c1158f160081d6540a8409e6925dab94',\r\n\t\t'format' : 'iframe',\r\n\t\t'height' : 250,\r\n\t\t'width' : 300,\r\n\t\t'params' : {}\r\n\t};\r\n<\/script>\r\n<script type=\"text\/javascript\" src=\"\/\/www.highperformanceformat.com\/c1158f160081d6540a8409e6925dab94\/invoke.js\"><\/script><\/div> <p>Para somar valores, com base em um ano espec\u00edfico, no Excel, fornecemos dois m\u00e9todos a seguir. O primeiro m\u00e9todo usa uma coluna auxiliar onde voc\u00ea precisa adicionar uma coluna com o n\u00famero do ano e somar os valores com base no m\u00eas dessa coluna.<\/p><p> O segundo m\u00e9todo usa uma abordagem diferente. Para criar uma tabela extraindo os meses da coluna de data, some os valores baseados no ano dessa tabela.<\/p><p> Neste tutorial, aprenderemos os dois m\u00e9todos para somar valores com base em um ano.<\/p><h2 class=\"wp-block-heading\"> Ano SUMIF com uma coluna auxiliar<\/h2><ol><li> Primeiro, adicione uma nova coluna e insira a fun\u00e7\u00e3o ANO para obter o n\u00famero do ano das datas. <br><img loading=\"lazy\" decoding=\"async\" title=\"1 ano no cargo\" src=\"https:\/\/exceladvisor.org\/wp-content\/uploads\/2023\/08\/1-an-de-fonction.png\" sizes=\"auto, \" srcset=\"\" alt=\"year-function\" width=\"436\" height=\"327\"><\/li><li> Agora v\u00e1 para a pr\u00f3xima coluna e insira a fun\u00e7\u00e3o SUMIFS l\u00e1.<\/li><li> Na fun\u00e7\u00e3o SUMIF, consulte a coluna do ano para o argumento de intervalo. <br><img loading=\"lazy\" decoding=\"async\" title=\"Coluna de 2 anos de refer\u00eancia no sumif\" src=\"https:\/\/exceladvisor.org\/wp-content\/uploads\/2023\/08\/2-referez-vous-a-la-colonne-de-lannee-dans-sumif.png\" sizes=\"auto, \" srcset=\"\" alt=\"refer-year-column-in-sumif\" width=\"546\" height=\"256\"><\/li><li> Em seguida, no argumento crit\u00e9rios, insira o ano que deseja usar para somar os valores. <br><img loading=\"lazy\" decoding=\"async\" title=\"3-insira o ano em discuss\u00e3o\" src=\"https:\/\/exceladvisor.org\/wp-content\/uploads\/2023\/08\/3-entrer-lannee-en-argument.png\" sizes=\"auto, \" srcset=\"\" alt=\"enter-year-in-argument\" width=\"544\" height=\"260\"><\/li><li> No final, consulte a coluna de quantidade para sum_range, insira os par\u00eanteses de fechamento e pressione Enter para obter o resultado. <br><img loading=\"lazy\" decoding=\"async\" title=\"Coluna de 4 quantidades de refer\u00eancia\" src=\"https:\/\/exceladvisor.org\/wp-content\/uploads\/2023\/08\/4-colonne-de-quantite-de-reference.png\" sizes=\"auto, \" srcset=\"\" alt=\"refer-quantity-column\" width=\"549\" height=\"263\"><\/li><\/ol><p> Ao apertar enter, aparece a soma dos valores do ano de 2021, conforme voc\u00ea mencionou nos crit\u00e9rios. <\/p><div class=\"wp-block-image\"><figure class=\"aligncenter size-full is-resized\"><img loading=\"lazy\" decoding=\"async\" class=\"wp-image-77859\" src=\"https:\/\/exceladvisor.org\/wp-content\/uploads\/2023\/08\/5-valeurs-de-somme-pour-lannee-en-argument.png\" sizes=\"auto, \" srcset=\"\" alt=\"soma-valores-para-ano-em-argumento\" width=\"509\" height=\"432\"><\/figure><\/div><p class=\"formula\"> =SOMASE(C1:C16,2021,B1:B16)<\/p><h2 class=\"wp-block-heading\"> Use SUMPRODUCT para adicionar valores com base no ano<\/h2><p> Criar uma f\u00f3rmula usando SUMPRODUCT \u00e9 muito mais poderoso. Com esta f\u00f3rmula, voc\u00ea n\u00e3o precisa adicionar uma coluna auxiliar.<\/p><ol><li> Primeiro entre na fun\u00e7\u00e3o SUMPRODUCT e insira o sinal de menos duplo \u201c-\u201c.<\/li><li> Depois disso, entre na fun\u00e7\u00e3o ano e consulte todo o intervalo onde voc\u00ea tem datas.<\/li><li> Em seguida, use um sinal de igual e insira o valor do ano que deseja usar para a soma.<\/li><li> A partir daqui em anexo est\u00e1 o ano entre par\u00eanteses.<\/li><li> Agora, no segundo argumento de SUMPRODUCT, fa\u00e7a refer\u00eancia ao intervalo onde voc\u00ea tem os valores que deseja somar.<\/li><li> No final, pressione Enter para obter o resultado. <\/li><\/ol><div class=\"wp-block-image\"><figure class=\"aligncenter size-full is-resized\"><img loading=\"lazy\" decoding=\"async\" class=\"wp-image-77860\" src=\"https:\/\/exceladvisor.org\/wp-content\/uploads\/2023\/08\/6-sommeproduit-a-somme-basee-sur-lannee.png\" sizes=\"auto, \" srcset=\"\" alt=\"soma produzido para soma com base no ano\" width=\"539\" height=\"430\"><\/figure><\/div><pre class=\"wp-block-code\"> <code class=\"language-excel-formula\" lang=\"excel-formula\">=SUMPRODUCT(--(YEAR(A2:A16)=2021),B2:B16)<\/code><\/pre><p> Para entender esta f\u00f3rmula, voc\u00ea precisa dividi-la em tr\u00eas partes. <\/p><div class=\"wp-block-image\"><figure class=\"aligncenter size-full is-resized\"><img loading=\"lazy\" decoding=\"async\" class=\"wp-image-77861\" src=\"https:\/\/exceladvisor.org\/wp-content\/uploads\/2023\/08\/7-comprendre-la-formule-du-produit-somme.png\" sizes=\"auto, \" srcset=\"\" alt=\"entenda a f\u00f3rmula do produto da soma\" width=\"558\" height=\"279\"><\/figure><\/div><p> Na primeira parte voc\u00ea tem a fun\u00e7\u00e3o ano com condi\u00e7\u00e3o de verificar o ano de 2021 na fun\u00e7\u00e3o data. Esta condi\u00e7\u00e3o retorna uma matriz de TRUE e FALSE dependendo do ano que voc\u00ea tem na data. Se uma data tiver o ano 2021, ela retornar\u00e1 VERDADEIRO, caso contr\u00e1rio, FALSO. <\/p><div class=\"wp-block-image\"><figure class=\"aligncenter size-full is-resized\"><img loading=\"lazy\" decoding=\"async\" class=\"wp-image-77862\" src=\"https:\/\/exceladvisor.org\/wp-content\/uploads\/2023\/08\/Condition-de-fonctionnement-de-8-ans-en-premiere-partie.png\" sizes=\"auto, \" srcset=\"\" alt=\"ano-fun\u00e7\u00e3o-condi\u00e7\u00e3o-na-primeira parte\" width=\"576\" height=\"355\"><\/figure><\/div><p> Na segunda parte, voc\u00ea tem dois sinais de menos (-) que convertem os valores VERDADEIRO e FALSO em 1 e 0, respectivamente. <\/p><div class=\"wp-block-image\"><figure class=\"aligncenter size-full is-resized\"><img loading=\"lazy\" decoding=\"async\" class=\"wp-image-77863\" src=\"https:\/\/exceladvisor.org\/wp-content\/uploads\/2023\/08\/9-deuxieme-partie-a-deux-signes-moins.png\" sizes=\"auto, \" srcset=\"\" alt=\"a segunda parte tem dois sinais de menos\" width=\"602\" height=\"344\"><\/figure><\/div><p> Na terceira parte voc\u00ea tem as duas tabelas, uma com os valores 0 (para o ano de 2021) e 1 (para anos diferentes de 2021), e a segunda tabela com a soma dos valores do intervalo. SUMPRODUCT multiplica as duas matrizes entre si e adiciona esses valores.<\/p><p> Agora aqui vai uma coisa que voc\u00ea precisa entender: quando voc\u00ea multiplica zero por qualquer valor, ele retorna 0. Ent\u00e3o voc\u00ea fica apenas com os valores onde voc\u00ea tem 1 no primeiro array. <\/p><div class=\"wp-block-image\"><figure class=\"aligncenter size-full is-resized\"><img loading=\"lazy\" decoding=\"async\" class=\"wp-image-77864\" src=\"https:\/\/exceladvisor.org\/wp-content\/uploads\/2023\/08\/10-troisieme-partie-a-deux-fleches.png\" sizes=\"auto, \" srcset=\"\" alt=\"terceira parte com duas setas\" width=\"474\" height=\"182\"><\/figure><\/div><div class=\"gb-container gb-container-52dfcee1 gb-container-sample-file\"><h2 class=\"gb-headline gb-headline-e289c143 gb-headline-text gb-headline-4f7959c2\"> Obtenha o arquivo Excel<\/h2><p> <a class=\"gb-button gb-button-e88d6bee gb-button-text gb-button-button1\" href=\"https:\/\/exceladvisor.org\/wp-content\/uploads\/2023\/08\/annee-sumif.xlsx\" rel=\"nofollow\">Download<\/a><\/p><\/div><div class=\"gb-container gb-container-0df56012 gb-container-mt\"> <a class=\"gb-button gb-button-f9f432f4 gb-button-text gb-button-mt-button\" href=\"https:\/\/exceladvisor.org\/pt\/formulas\/\">Lista de f\u00f3rmulas do Excel<\/a><h2 class=\"gb-headline gb-headline-233444e8 gb-headline-text gb-headline-mt-heading\"> F\u00f3rmulas relacionadas <\/h2><div class=\"gb-grid-wrapper gb-grid-wrapper-a16fa65c gb-grid-wrapper-mt-grid\"><div class=\"gb-grid-column gb-grid-column-50d07e0d\"><div class=\"gb-container gb-container-50d07e0d\"><ul><li> <a href=\"https:\/\/exceladvisor.org\/pt\/soma-se-for-maior-que\/\">Soma maior que valores usando SUMIF<\/a><\/li><li> <a href=\"https:\/\/exceladvisor.org\/pt\/sumivos-nao-sao-iguais\/\">Soma de valores diferentes (SUMIFS) no Excel<\/a><\/li><li> <a href=\"https:\/\/exceladvisor.org\/pt\/sumif-sumifs-ou-logica\/\">SUMIF\/SUMIFS com l\u00f3gica OR no Excel<\/a><\/li><li> <a href=\"https:\/\/exceladvisor.org\/pt\/sumif-com-curingas\/\">SUMIF com curingas no Excel<\/a><\/li><li> <a href=\"https:\/\/exceladvisor.org\/pt\/soma-dos-valores-entre-duas-datas\/\">Intervalo de datas SUMIFS (soma dos valores entre duas matrizes de datas)<\/a><\/li><li> <a href=\"https:\/\/exceladvisor.org\/pt\/sumif-vlookup\/\">Combine PROCV com SUMIF<\/a><\/li><li> <a href=\"https:\/\/exceladvisor.org\/pt\/soma-se-contem\/\">Soma SE a c\u00e9lula cont\u00e9m texto espec\u00edfico (texto parcial SUMIF)<\/a><\/li><li> <a href=\"https:\/\/exceladvisor.org\/pt\/soma-por-data\/\">SUMIF por data (soma dos valores com base em uma data)<\/a> <\/li><\/ul><\/div><\/div><div class=\"gb-grid-column gb-grid-column-5b4a0cf9\"><div class=\"gb-container gb-container-5b4a0cf9\"><ul><li> <a href=\"https:\/\/exceladvisor.org\/pt\/soma-se-nao-estiver-vazio-2\/\">SUMIF n\u00e3o vazio (soma de valores para c\u00e9lulas n\u00e3o vazias)<\/a><\/li><li> <a href=\"https:\/\/exceladvisor.org\/pt\/soma-se-estiver-vazio-2\/\">Use SUMIF para somar valores vazios ou c\u00e9lulas vazias<\/a><\/li><li> <a href=\"https:\/\/exceladvisor.org\/pt\/soma-se-for-menor-que\/\">Soma dos valores menores que um determinado valor (SUMIF menor que)<\/a><\/li><li> <a href=\"https:\/\/exceladvisor.org\/pt\/soma-se-for-maior-que-zero-2\/\">Soma dos valores maiores que zero (SUMIF)<\/a><\/li><li> <a href=\"https:\/\/exceladvisor.org\/pt\/valor-por-mes\/\">Soma dos valores com base no m\u00eas (SUMIF)<\/a><\/li><li> <a href=\"https:\/\/exceladvisor.org\/pt\/soma-por-grupo-2\/\">Soma dos valores por grupo<\/a><\/li><\/ul><\/div><\/div><\/div><\/div>","protected":false},"excerpt":{"rendered":"","protected":false},"author":1,"featured_media":0,"parent":0,"menu_order":0,"comment_status":"open","ping_status":"closed","template":"","meta":{"ub_ctt_via":"","footnotes":""},"class_list":["post-249","page","type-page","status-publish","hentry"],"featured_image_src":null,"yoast_head":"<!-- This site is optimized with the Yoast SEO plugin v25.4 - https:\/\/yoast.com\/wordpress\/plugins\/seo\/ -->\n<title>Como somar os valores de acordo com o ano? (Guia 2023)<\/title>\n<meta name=\"description\" content=\"Neste tutorial aprenderemos como escrever uma f\u00f3rmula para somar valores com base no ano. Para isso, n\u00f3s\" \/>\n<meta name=\"robots\" content=\"index, follow, max-snippet:-1, max-image-preview:large, max-video-preview:-1\" \/>\n<link rel=\"canonical\" href=\"https:\/\/exceladvisor.org\/pt\/sumif-ano-2\/\" \/>\n<meta property=\"og:locale\" content=\"pt_PT\" \/>\n<meta property=\"og:type\" content=\"article\" \/>\n<meta property=\"og:title\" content=\"Como somar os valores de acordo com o ano? (Guia 2023)\" \/>\n<meta property=\"og:description\" content=\"Neste tutorial aprenderemos como escrever uma f\u00f3rmula para somar valores com base no ano. Para isso, n\u00f3s\" \/>\n<meta property=\"og:url\" content=\"https:\/\/exceladvisor.org\/pt\/sumif-ano-2\/\" \/>\n<meta property=\"og:site_name\" content=\"Excel Advisor\" \/>\n<meta property=\"article:modified_time\" content=\"2023-12-06T11:42:19+00:00\" \/>\n<meta property=\"og:image\" content=\"https:\/\/exceladvisor.org\/wp-content\/uploads\/2023\/08\/1-an-de-fonction.png\" \/>\n<meta name=\"twitter:card\" content=\"summary_large_image\" \/>\n<meta name=\"twitter:label1\" content=\"Tempo estimado de leitura\" \/>\n\t<meta name=\"twitter:data1\" content=\"3 minutos\" \/>\n<script type=\"application\/ld+json\" class=\"yoast-schema-graph\">{\"@context\":\"https:\/\/schema.org\",\"@graph\":[{\"@type\":\"WebPage\",\"@id\":\"https:\/\/exceladvisor.org\/pt\/sumif-ano-2\/\",\"url\":\"https:\/\/exceladvisor.org\/pt\/sumif-ano-2\/\",\"name\":\"Como somar os valores de acordo com o ano? (Guia 2023)\",\"isPartOf\":{\"@id\":\"https:\/\/exceladvisor.org\/pt\/#website\"},\"primaryImageOfPage\":{\"@id\":\"https:\/\/exceladvisor.org\/pt\/sumif-ano-2\/#primaryimage\"},\"image\":{\"@id\":\"https:\/\/exceladvisor.org\/pt\/sumif-ano-2\/#primaryimage\"},\"thumbnailUrl\":\"https:\/\/exceladvisor.org\/wp-content\/uploads\/2023\/08\/1-an-de-fonction.png\",\"datePublished\":\"2023-11-09T19:18:18+00:00\",\"dateModified\":\"2023-12-06T11:42:19+00:00\",\"description\":\"Neste tutorial aprenderemos como escrever uma f\u00f3rmula para somar valores com base no ano. Para isso, n\u00f3s\",\"breadcrumb\":{\"@id\":\"https:\/\/exceladvisor.org\/pt\/sumif-ano-2\/#breadcrumb\"},\"inLanguage\":\"pt-PT\",\"potentialAction\":[{\"@type\":\"ReadAction\",\"target\":[\"https:\/\/exceladvisor.org\/pt\/sumif-ano-2\/\"]}]},{\"@type\":\"ImageObject\",\"inLanguage\":\"pt-PT\",\"@id\":\"https:\/\/exceladvisor.org\/pt\/sumif-ano-2\/#primaryimage\",\"url\":\"https:\/\/exceladvisor.org\/wp-content\/uploads\/2023\/08\/1-an-de-fonction.png\",\"contentUrl\":\"https:\/\/exceladvisor.org\/wp-content\/uploads\/2023\/08\/1-an-de-fonction.png\"},{\"@type\":\"BreadcrumbList\",\"@id\":\"https:\/\/exceladvisor.org\/pt\/sumif-ano-2\/#breadcrumb\",\"itemListElement\":[{\"@type\":\"ListItem\",\"position\":1,\"name\":\"Lar\",\"item\":\"https:\/\/exceladvisor.org\/pt\/\"},{\"@type\":\"ListItem\",\"position\":2,\"name\":\"Como somar os valores de acordo com o ano?\"}]},{\"@type\":\"WebSite\",\"@id\":\"https:\/\/exceladvisor.org\/pt\/#website\",\"url\":\"https:\/\/exceladvisor.org\/pt\/\",\"name\":\"Excel Advisor\",\"description\":\"O seu guia definitivo para dominar os dados!\",\"publisher\":{\"@id\":\"https:\/\/exceladvisor.org\/pt\/#organization\"},\"potentialAction\":[{\"@type\":\"SearchAction\",\"target\":{\"@type\":\"EntryPoint\",\"urlTemplate\":\"https:\/\/exceladvisor.org\/pt\/?s={search_term_string}\"},\"query-input\":{\"@type\":\"PropertyValueSpecification\",\"valueRequired\":true,\"valueName\":\"search_term_string\"}}],\"inLanguage\":\"pt-PT\"},{\"@type\":\"Organization\",\"@id\":\"https:\/\/exceladvisor.org\/pt\/#organization\",\"name\":\"Excel Advisor\",\"url\":\"https:\/\/exceladvisor.org\/pt\/\",\"logo\":{\"@type\":\"ImageObject\",\"inLanguage\":\"pt-PT\",\"@id\":\"https:\/\/exceladvisor.org\/pt\/#\/schema\/logo\/image\/\",\"url\":\"https:\/\/exceladvisor.org\/pt\/wp-content\/uploads\/2023\/12\/exceladvisor.org_.png\",\"contentUrl\":\"https:\/\/exceladvisor.org\/pt\/wp-content\/uploads\/2023\/12\/exceladvisor.org_.png\",\"width\":105,\"height\":36,\"caption\":\"Excel Advisor\"},\"image\":{\"@id\":\"https:\/\/exceladvisor.org\/pt\/#\/schema\/logo\/image\/\"}}]}<\/script>\n<!-- \/ Yoast SEO plugin. -->","yoast_head_json":{"title":"Como somar os valores de acordo com o ano? (Guia 2023)","description":"Neste tutorial aprenderemos como escrever uma f\u00f3rmula para somar valores com base no ano. Para isso, n\u00f3s","robots":{"index":"index","follow":"follow","max-snippet":"max-snippet:-1","max-image-preview":"max-image-preview:large","max-video-preview":"max-video-preview:-1"},"canonical":"https:\/\/exceladvisor.org\/pt\/sumif-ano-2\/","og_locale":"pt_PT","og_type":"article","og_title":"Como somar os valores de acordo com o ano? (Guia 2023)","og_description":"Neste tutorial aprenderemos como escrever uma f\u00f3rmula para somar valores com base no ano. Para isso, n\u00f3s","og_url":"https:\/\/exceladvisor.org\/pt\/sumif-ano-2\/","og_site_name":"Excel Advisor","article_modified_time":"2023-12-06T11:42:19+00:00","og_image":[{"url":"https:\/\/exceladvisor.org\/wp-content\/uploads\/2023\/08\/1-an-de-fonction.png","type":"","width":"","height":""}],"twitter_card":"summary_large_image","twitter_misc":{"Tempo estimado de leitura":"3 minutos"},"schema":{"@context":"https:\/\/schema.org","@graph":[{"@type":"WebPage","@id":"https:\/\/exceladvisor.org\/pt\/sumif-ano-2\/","url":"https:\/\/exceladvisor.org\/pt\/sumif-ano-2\/","name":"Como somar os valores de acordo com o ano? (Guia 2023)","isPartOf":{"@id":"https:\/\/exceladvisor.org\/pt\/#website"},"primaryImageOfPage":{"@id":"https:\/\/exceladvisor.org\/pt\/sumif-ano-2\/#primaryimage"},"image":{"@id":"https:\/\/exceladvisor.org\/pt\/sumif-ano-2\/#primaryimage"},"thumbnailUrl":"https:\/\/exceladvisor.org\/wp-content\/uploads\/2023\/08\/1-an-de-fonction.png","datePublished":"2023-11-09T19:18:18+00:00","dateModified":"2023-12-06T11:42:19+00:00","description":"Neste tutorial aprenderemos como escrever uma f\u00f3rmula para somar valores com base no ano. Para isso, n\u00f3s","breadcrumb":{"@id":"https:\/\/exceladvisor.org\/pt\/sumif-ano-2\/#breadcrumb"},"inLanguage":"pt-PT","potentialAction":[{"@type":"ReadAction","target":["https:\/\/exceladvisor.org\/pt\/sumif-ano-2\/"]}]},{"@type":"ImageObject","inLanguage":"pt-PT","@id":"https:\/\/exceladvisor.org\/pt\/sumif-ano-2\/#primaryimage","url":"https:\/\/exceladvisor.org\/wp-content\/uploads\/2023\/08\/1-an-de-fonction.png","contentUrl":"https:\/\/exceladvisor.org\/wp-content\/uploads\/2023\/08\/1-an-de-fonction.png"},{"@type":"BreadcrumbList","@id":"https:\/\/exceladvisor.org\/pt\/sumif-ano-2\/#breadcrumb","itemListElement":[{"@type":"ListItem","position":1,"name":"Lar","item":"https:\/\/exceladvisor.org\/pt\/"},{"@type":"ListItem","position":2,"name":"Como somar os valores de acordo com o ano?"}]},{"@type":"WebSite","@id":"https:\/\/exceladvisor.org\/pt\/#website","url":"https:\/\/exceladvisor.org\/pt\/","name":"Excel Advisor","description":"O seu guia definitivo para dominar os dados!","publisher":{"@id":"https:\/\/exceladvisor.org\/pt\/#organization"},"potentialAction":[{"@type":"SearchAction","target":{"@type":"EntryPoint","urlTemplate":"https:\/\/exceladvisor.org\/pt\/?s={search_term_string}"},"query-input":{"@type":"PropertyValueSpecification","valueRequired":true,"valueName":"search_term_string"}}],"inLanguage":"pt-PT"},{"@type":"Organization","@id":"https:\/\/exceladvisor.org\/pt\/#organization","name":"Excel Advisor","url":"https:\/\/exceladvisor.org\/pt\/","logo":{"@type":"ImageObject","inLanguage":"pt-PT","@id":"https:\/\/exceladvisor.org\/pt\/#\/schema\/logo\/image\/","url":"https:\/\/exceladvisor.org\/pt\/wp-content\/uploads\/2023\/12\/exceladvisor.org_.png","contentUrl":"https:\/\/exceladvisor.org\/pt\/wp-content\/uploads\/2023\/12\/exceladvisor.org_.png","width":105,"height":36,"caption":"Excel Advisor"},"image":{"@id":"https:\/\/exceladvisor.org\/pt\/#\/schema\/logo\/image\/"}}]}},"yoast_meta":{"yoast_wpseo_title":"","yoast_wpseo_metadesc":"","yoast_wpseo_canonical":""},"_links":{"self":[{"href":"https:\/\/exceladvisor.org\/pt\/wp-json\/wp\/v2\/pages\/249","targetHints":{"allow":["GET"]}}],"collection":[{"href":"https:\/\/exceladvisor.org\/pt\/wp-json\/wp\/v2\/pages"}],"about":[{"href":"https:\/\/exceladvisor.org\/pt\/wp-json\/wp\/v2\/types\/page"}],"author":[{"embeddable":true,"href":"https:\/\/exceladvisor.org\/pt\/wp-json\/wp\/v2\/users\/1"}],"replies":[{"embeddable":true,"href":"https:\/\/exceladvisor.org\/pt\/wp-json\/wp\/v2\/comments?post=249"}],"version-history":[{"count":1,"href":"https:\/\/exceladvisor.org\/pt\/wp-json\/wp\/v2\/pages\/249\/revisions"}],"predecessor-version":[{"id":1199,"href":"https:\/\/exceladvisor.org\/pt\/wp-json\/wp\/v2\/pages\/249\/revisions\/1199"}],"wp:attachment":[{"href":"https:\/\/exceladvisor.org\/pt\/wp-json\/wp\/v2\/media?parent=249"}],"curies":[{"name":"wp","href":"https:\/\/api.w.org\/{rel}","templated":true}]}}