{"id":250,"date":"2023-11-09T19:08:31","date_gmt":"2023-11-09T19:08:31","guid":{"rendered":"https:\/\/exceladvisor.org\/pt\/correspondencia-vsearch\/"},"modified":"2023-12-06T11:42:33","modified_gmt":"2023-12-06T11:42:33","slug":"correspondencia-vsearch","status":"publish","type":"page","link":"https:\/\/exceladvisor.org\/pt\/correspondencia-vsearch\/","title":{"rendered":"Como usar a combina\u00e7\u00e3o vlookup match?"},"content":{"rendered":"<div class=\"excel-before-content-2\" id=\"excel-161892566\"><script type=\"text\/javascript\">\r\n\tatOptions = {\r\n\t\t'key' : 'c1158f160081d6540a8409e6925dab94',\r\n\t\t'format' : 'iframe',\r\n\t\t'height' : 250,\r\n\t\t'width' : 300,\r\n\t\t'params' : {}\r\n\t};\r\n<\/script>\r\n<script type=\"text\/javascript\" src=\"\/\/www.highperformanceformat.com\/c1158f160081d6540a8409e6925dab94\/invoke.js\"><\/script><\/div><div class=\"excel-before-content\" id=\"excel-3492782114\"><script type=\"text\/javascript\">\r\n\tatOptions = {\r\n\t\t'key' : 'c1158f160081d6540a8409e6925dab94',\r\n\t\t'format' : 'iframe',\r\n\t\t'height' : 250,\r\n\t\t'width' : 300,\r\n\t\t'params' : {}\r\n\t};\r\n<\/script>\r\n<script type=\"text\/javascript\" src=\"\/\/www.highperformanceformat.com\/c1158f160081d6540a8409e6925dab94\/invoke.js\"><\/script><\/div> <p>A combina\u00e7\u00e3o de VLOOKUP e MATCH \u00e9 como um superpoder. Bem, como todos sabemos, VLOOKUP \u00e9 uma das <a href=\"https:\/\/exceladvisor.org\/pt\/funcoes-do-excel\/\">fun\u00e7\u00f5es mais populares<\/a> .<\/p><p> CERTO?<\/p><p> Isso pode ajud\u00e1-lo a encontrar rapidamente um valor em uma coluna. Mas ao us\u00e1-lo cada vez mais, voc\u00ea perceber\u00e1 alguns problemas. E o <span style=\"color: #000000;\">maior problema \u00e9<\/span> que n\u00e3o \u00e9 din\u00e2mico.<\/p><p> Em VLOOKUP, col_index_no \u00e9 um valor est\u00e1tico, raz\u00e3o pela qual VLOOKUP <strong><span style=\"color: #ff0000;\">n\u00e3o funciona como uma fun\u00e7\u00e3o din\u00e2mica<\/span><\/strong> . E \u00e9 aqui que voc\u00ea precisa combinar VLOOKUP com MATCH.<\/p><p> Se voc\u00ea estiver trabalhando com dados <a href=\"https:\/\/exceladvisor.org\/pt\/pesquisa-bidirecional\/\">de v\u00e1rias colunas<\/a> , \u00e9 dif\u00edcil alterar sua refer\u00eancia, voc\u00ea tem que fazer isso (alterar o n\u00famero da coluna) manualmente.<\/p><p> A melhor maneira de resolver esse problema \u00e9 usar a fun\u00e7\u00e3o MATCH em VLOOKUP para col_index_number. Hoje neste artigo vou contar tudo o que voc\u00ea precisa saber para usar esta f\u00f3rmula combinada.<\/p><h2 id=\"h-problems-with-vlookup\" class=\"wp-block-heading\"> Problemas com PROCV<\/h2><p> Encontrei os dois principais motivos para criar uma combina\u00e7\u00e3o dessas duas fun\u00e7\u00f5es.<\/p><h3 id=\"h-1-static-reference\" class=\"wp-block-heading\"> 1. Refer\u00eancia est\u00e1tica<\/h3><p> Basta olhar a tabela de dados abaixo, onde voc\u00ea tem vendas de 12 meses para quatro funcion\u00e1rios diferentes. <\/p><div class=\"wp-block-image\"><figure class=\"aligncenter\"><img decoding=\"async\" src=\"https:\/\/exceladvisor.org\/wp-content\/uploads\/2023\/08\/table-de-donnees-pour-utiliser-vlookup-et-faire-correspondre-min-1.png\" sizes=\"\" srcset=\"\" alt=\"tabela de dados para usar vlookup e combinar\"><\/figure><\/div><p> Agora, digamos que voc\u00ea queira pesquisar a promo\u00e7\u00e3o &#8220;John&#8217;s&#8221; do m\u00eas de fevereiro. A f\u00f3rmula deveria ser assim.<\/p><pre class=\"wp-block-code\"> <code class=\"language-excel-formula\" lang=\"excel-formula\">=VLOOKUP(\"May\",A1:E13,2,0)<\/code><\/pre><p> E nesta f\u00f3rmula voc\u00ea mencionou 2 como col_index_num porque a venda de John est\u00e1 na segunda coluna. <strong><span style=\"color: #000000;\">Mas o que voc\u00ea far\u00e1 se seu chefe lhe disser<\/span><\/strong> para obter o valor de venda de \u201cPeter\u201d?<\/p><p> Voc\u00ea precisa alterar o valor em col_index_num porque n\u00e3o \u00e9 din\u00e2mico.<\/p><h3 id=\"h-2-add-or-delete-columns\" class=\"wp-block-heading\"> 2. Adicione ou remova colunas<\/h3><p> Agora pense de uma maneira diferente. Voc\u00ea precisa adicionar uma nova coluna para um novo funcion\u00e1rio antes da coluna de John.<\/p><p> E aqui o n\u00famero da coluna de John \u00e9 3 e o resultado da f\u00f3rmula est\u00e1 incorreto. <\/p><div class=\"wp-block-image\"><figure class=\"aligncenter\"><img decoding=\"async\" src=\"https:\/\/exceladvisor.org\/wp-content\/uploads\/2023\/08\/vlookup-et-match-static-col-index-num-min-1.png\" sizes=\"\" srcset=\"\" alt=\"vlookup e corresponder ao \u00edndice de coluna est\u00e1tica num\"><\/figure><\/div><p> Novamente aqui, como col_index_num \u00e9 um valor est\u00e1tico, voc\u00ea deve alter\u00e1-lo manualmente de 2 para 3 e novamente se precisar de algo mais.<\/p><p> Neste ponto, voc\u00ea sabe claramente uma coisa que precisa para tornar col_index_num din\u00e2mico. E para isso o melhor \u00e9 substitu\u00ed-lo pela fun\u00e7\u00e3o MATCH.<\/p><h2 id=\"h-why-match-function\" class=\"wp-block-heading\"> Por que combinar fun\u00e7\u00e3o<\/h2><p> Antes de combinar VLOOKUP e MATCH, voc\u00ea precisa entender a fun\u00e7\u00e3o de correspond\u00eancia e como ela funciona. O uso b\u00e1sico de MATCH \u00e9 encontrar o n\u00famero da c\u00e9lula do valor de pesquisa em um intervalo.<\/p><p> Sintaxe: MATCH(valor_procurado,matriz_procurada,[tipo_correspond\u00eancia])<\/p><p> Ele possui principalmente tr\u00eas argumentos, o valor de pesquisa, um intervalo para pesquisar o valor e o tipo de correspond\u00eancia para especificar uma correspond\u00eancia exata ou difusa.<\/p><p> Por exemplo, nos dados abaixo, estou procurando o nome &#8220;John&#8221; com a fun\u00e7\u00e3o de correspond\u00eancia em uma linha de cabe\u00e7alho. <\/p><div class=\"wp-block-image\"><figure class=\"aligncenter\"><img decoding=\"async\" src=\"https:\/\/exceladvisor.org\/wp-content\/uploads\/2023\/08\/comment-la-fonction-de-correspondance-fonctionne-dans-vlookup-et-la-fonction-de-correspondance-min-1.png\" sizes=\"\" srcset=\"\" alt=\"\"><\/figure><\/div><p> E retornou 2 no resultado porque o nome est\u00e1 na 2\u00aa c\u00e9lula da linha.<\/p><h2 id=\"h-vlookup-and-match-together\" class=\"wp-block-heading\"> VLOOKUP e MATCH juntos<\/h2><p> Agora \u00e9 hora de juntar VLOOKUP e MATCH. Ent\u00e3o, vamos continuar com nosso exemplo anterior.<\/p><p> Primeiro, vamos criar uma f\u00f3rmula usando as duas fun\u00e7\u00f5es, depois entenderemos como essas duas funcionam juntas.<\/p><p> Etapas para criar esta f\u00f3rmula combinada:<\/p><ul><li> Primeiro, em uma c\u00e9lula insira o nome do m\u00eas e em outra c\u00e9lula insira o nome do funcion\u00e1rio.<\/li><li> Depois disso, insira a f\u00f3rmula abaixo na terceira c\u00e9lula. <\/li><\/ul><pre class=\"wp-block-code\"> <code class=\"language-excel-formula\" lang=\"excel-formula\">=VLOOKUP(C15,A1:E13,MATCH(C16,A1:E1,0),0)<\/code><\/pre><div class=\"wp-block-image\"><figure class=\"aligncenter\"><img decoding=\"async\" src=\"https:\/\/exceladvisor.org\/wp-content\/uploads\/2023\/08\/entrez-la-formule-vlookup-et-faites-correspondre-min-1.png\" sizes=\"\" srcset=\"\" alt=\"\"><\/figure><\/div><p> Na f\u00f3rmula acima, voc\u00ea usou VLOOKUP para encontrar o m\u00eas MAIO e, para o argumento col_index_num, usou a fun\u00e7\u00e3o de correspond\u00eancia em vez de um valor est\u00e1tico.<\/p><p> E na fun\u00e7\u00e3o de correspond\u00eancia, voc\u00ea usou \u201cJohn\u201d (nome do funcion\u00e1rio) para o valor de pesquisa. <\/p><div class=\"wp-block-image\"><figure class=\"aligncenter\"><img decoding=\"async\" src=\"https:\/\/exceladvisor.org\/wp-content\/uploads\/2023\/08\/reference-au-nom-de-lemploye-dans-vlookup-et-correspondance-min-1.png\" sizes=\"\" srcset=\"\" alt=\"refer\u00eancia ao nome do funcion\u00e1rio no vlookup e na correspond\u00eancia\"><\/figure><\/div><p> Aqui, a fun\u00e7\u00e3o de correspond\u00eancia retornou o n\u00famero da c\u00e9lula do \u201cJohn\u201d na linha acima. Depois disso, VLOOKUP usou esse n\u00famero de c\u00e9lula para retornar o valor. <\/p><div class=\"wp-block-image\"><figure class=\"aligncenter\"><img decoding=\"async\" src=\"https:\/\/exceladvisor.org\/wp-content\/uploads\/2023\/08\/numero-dindex-de-colonne-dynamique-avec-fonction-de-correspondance-1.gif\" sizes=\"\" srcset=\"\" alt=\"n\u00famero de \u00edndice de coluna din\u00e2mica com fun\u00e7\u00e3o de correspond\u00eancia\"><\/figure><\/div><p> Em termos simples, a fun\u00e7\u00e3o MATCH informa ao VLOOKUP o n\u00famero da coluna para obter o valor.<\/p><h2 id=\"h-problems-solved\" class=\"wp-block-heading\"> Problemas resolvidos?<\/h2><p> Acima voc\u00ea aprendeu sobre dois problemas diferentes causados por <strong>static col_index_num<\/strong> .<\/p><p> E, para isso, voc\u00ea combinou VLOOKUP e MATCH. Agora precisamos verificar se esses problemas foram resolvidos ou n\u00e3o.<\/p><h3 id=\"h-1-static-reference-0\" class=\"wp-block-heading\"> 1. Refer\u00eancia est\u00e1tica<\/h3><p> Voc\u00ea referenciou o nome do funcion\u00e1rio na fun\u00e7\u00e3o de correspond\u00eancia para obter o n\u00famero da coluna VLOOKUP.<\/p><p> Quando voc\u00ea altera o nome do funcion\u00e1rio na c\u00e9lula, a fun\u00e7\u00e3o de correspond\u00eancia altera o n\u00famero da coluna. E quando precisar pegar o valor de outro funcion\u00e1rio, \u00e9 preciso alterar o nome do funcion\u00e1rio na c\u00e9lula.<\/p><p> Desta forma voc\u00ea tem um col_index_number din\u00e2mico. <\/p><div class=\"wp-block-image\"><figure class=\"aligncenter\"><img decoding=\"async\" src=\"https:\/\/exceladvisor.org\/wp-content\/uploads\/2023\/08\/reference-dynamique-pour-le-numero-de-colonne-en-combinant-vlookup-et-match-1.gif\" sizes=\"\" srcset=\"\" alt=\"\"><\/figure><\/div><p> Finalmente, voc\u00ea n\u00e3o precisa alterar a f\u00f3rmula repetidamente.<\/p><h3 id=\"h-2-add-or-delete-columns-0\" class=\"wp-block-heading\"> 2. Adicione ou remova colunas<\/h3><p> Antes de adicionar uma nova coluna, os dados de John estavam na 2\u00aa coluna e a fun\u00e7\u00e3o de correspond\u00eancia retornava 2. E ap\u00f3s inserir uma nova coluna, os dados de John estavam na 3\u00aa coluna e a correspond\u00eancia retornava 3.<\/p><p> Quando voc\u00ea adiciona uma nova coluna para um novo funcion\u00e1rio, o valor da f\u00f3rmula n\u00e3o \u00e9 alterado porque a fun\u00e7\u00e3o de correspond\u00eancia atualiza seu valor. <\/p><div class=\"wp-block-image\"><figure class=\"aligncenter\"><img decoding=\"async\" src=\"https:\/\/exceladvisor.org\/wp-content\/uploads\/2023\/08\/pas-de-changement-de-valeur-avec-vlookup-et-correspondance-lors-de-la-saisie-dune-nouvelle-colonne-1.gif\" sizes=\"\" srcset=\"\" alt=\"\"><\/figure><\/div><p> Dessa forma, voc\u00ea sempre obter\u00e1 o n\u00famero correto da coluna, mesmo ao inserir\/excluir uma coluna. A fun\u00e7\u00e3o MATCH retornar\u00e1 o n\u00famero correto da coluna. <\/p><div class=\"gb-container gb-container-bafb25cc gb-container-download-2\"><div class=\"gb-grid-wrapper gb-grid-wrapper-91201309\"><div class=\"gb-grid-column gb-grid-column-15a917ef\"><div class=\"gb-container gb-container-15a917ef\"><h2 class=\"gb-headline gb-headline-f2deb261 gb-headline-text gb-headline-download-2\"> Obtenha o arquivo Excel <\/h2><\/div><\/div><div class=\"gb-grid-column gb-grid-column-18357188\"><div class=\"gb-container gb-container-18357188\"><div class=\"gb-container gb-container-76cbe15e\"> <a class=\"gb-button gb-button-cb63d00a gb-button-text gb-button-download-2\" href=\"https:\/\/exceladvisor.org\/wp-content\/uploads\/2023\/08\/vlookup-et-correspondance.xlsx\" rel=\"nofollow\">Download<\/a><\/div><\/div><\/div><\/div><\/div><div class=\"gb-container gb-container-0df56012 gb-container-mt\"> <a class=\"gb-button gb-button-f9f432f4 gb-button-text gb-button-mt-button\" href=\"https:\/\/exceladvisor.org\/pt\/formulas\/\">Lista de f\u00f3rmulas do Excel<\/a><h2 class=\"gb-headline gb-headline-233444e8 gb-headline-text gb-headline-mt-heading\"> F\u00f3rmulas relacionadas <\/h2><div class=\"gb-grid-wrapper gb-grid-wrapper-a16fa65c gb-grid-wrapper-mt-grid\"><div class=\"gb-grid-column gb-grid-column-50d07e0d\"><div class=\"gb-container gb-container-50d07e0d\"><ul><li> <a href=\"https:\/\/exceladvisor.org\/pt\/iferror-vlookup\/\">IFERROR com VLOOKUP no Excel para substituir #N\/A no Excel<\/a><\/li><li> <a href=\"https:\/\/exceladvisor.org\/pt\/pesquisa-bidirecional\/\">Execute uma pesquisa bidirecional no Excel<\/a><\/li><li> <a href=\"https:\/\/exceladvisor.org\/pt\/pesquisa-reversa\/\">PROCV invertido (para tr\u00e1s: da direita para a esquerda) no Excel<\/a><\/li><li> <a href=\"https:\/\/exceladvisor.org\/pt\/vlookup-varios-criterios\/\">VLOOKUP com v\u00e1rios crit\u00e9rios no Excel<\/a><\/li><li> <a href=\"https:\/\/exceladvisor.org\/pt\/curingas-com-vlookup\/\">Curingas com VLOOKUP no Excel<\/a><\/li><\/ul><\/div><\/div><\/div><\/div>","protected":false},"excerpt":{"rendered":"","protected":false},"author":1,"featured_media":0,"parent":0,"menu_order":0,"comment_status":"open","ping_status":"closed","template":"","meta":{"ub_ctt_via":"","footnotes":""},"class_list":["post-250","page","type-page","status-publish","hentry"],"featured_image_src":null,"yoast_head":"<!-- This site is optimized with the Yoast SEO plugin v25.4 - https:\/\/yoast.com\/wordpress\/plugins\/seo\/ -->\n<title>Como usar a combina\u00e7\u00e3o VLOOKUP MATCH no Excel?<\/title>\n<meta name=\"description\" content=\"Em VLOOKUP, col_index_no \u00e9 um valor est\u00e1tico, raz\u00e3o pela qual VLOOKUP n\u00e3o funciona como uma fun\u00e7\u00e3o din\u00e2mica.\" \/>\n<meta name=\"robots\" content=\"index, follow, max-snippet:-1, max-image-preview:large, max-video-preview:-1\" \/>\n<link rel=\"canonical\" href=\"https:\/\/exceladvisor.org\/pt\/correspondencia-vsearch\/\" \/>\n<meta property=\"og:locale\" content=\"pt_PT\" \/>\n<meta property=\"og:type\" content=\"article\" \/>\n<meta property=\"og:title\" content=\"Como usar a combina\u00e7\u00e3o VLOOKUP MATCH no Excel?\" \/>\n<meta property=\"og:description\" content=\"Em VLOOKUP, col_index_no \u00e9 um valor est\u00e1tico, raz\u00e3o pela qual VLOOKUP n\u00e3o funciona como uma fun\u00e7\u00e3o din\u00e2mica.\" \/>\n<meta property=\"og:url\" content=\"https:\/\/exceladvisor.org\/pt\/correspondencia-vsearch\/\" \/>\n<meta property=\"og:site_name\" content=\"Excel Advisor\" \/>\n<meta property=\"article:modified_time\" content=\"2023-12-06T11:42:33+00:00\" \/>\n<meta property=\"og:image\" content=\"https:\/\/exceladvisor.org\/wp-content\/uploads\/2023\/08\/table-de-donnees-pour-utiliser-vlookup-et-faire-correspondre-min-1.png\" \/>\n<meta name=\"twitter:card\" content=\"summary_large_image\" \/>\n<meta name=\"twitter:label1\" content=\"Tempo estimado de leitura\" \/>\n\t<meta name=\"twitter:data1\" content=\"5 minutos\" \/>\n<script type=\"application\/ld+json\" class=\"yoast-schema-graph\">{\"@context\":\"https:\/\/schema.org\",\"@graph\":[{\"@type\":\"WebPage\",\"@id\":\"https:\/\/exceladvisor.org\/pt\/correspondencia-vsearch\/\",\"url\":\"https:\/\/exceladvisor.org\/pt\/correspondencia-vsearch\/\",\"name\":\"Como usar a combina\u00e7\u00e3o VLOOKUP MATCH no Excel?\",\"isPartOf\":{\"@id\":\"https:\/\/exceladvisor.org\/pt\/#website\"},\"primaryImageOfPage\":{\"@id\":\"https:\/\/exceladvisor.org\/pt\/correspondencia-vsearch\/#primaryimage\"},\"image\":{\"@id\":\"https:\/\/exceladvisor.org\/pt\/correspondencia-vsearch\/#primaryimage\"},\"thumbnailUrl\":\"https:\/\/exceladvisor.org\/wp-content\/uploads\/2023\/08\/table-de-donnees-pour-utiliser-vlookup-et-faire-correspondre-min-1.png\",\"datePublished\":\"2023-11-09T19:08:31+00:00\",\"dateModified\":\"2023-12-06T11:42:33+00:00\",\"description\":\"Em VLOOKUP, col_index_no \u00e9 um valor est\u00e1tico, raz\u00e3o pela qual VLOOKUP n\u00e3o funciona como uma fun\u00e7\u00e3o din\u00e2mica.\",\"breadcrumb\":{\"@id\":\"https:\/\/exceladvisor.org\/pt\/correspondencia-vsearch\/#breadcrumb\"},\"inLanguage\":\"pt-PT\",\"potentialAction\":[{\"@type\":\"ReadAction\",\"target\":[\"https:\/\/exceladvisor.org\/pt\/correspondencia-vsearch\/\"]}]},{\"@type\":\"ImageObject\",\"inLanguage\":\"pt-PT\",\"@id\":\"https:\/\/exceladvisor.org\/pt\/correspondencia-vsearch\/#primaryimage\",\"url\":\"https:\/\/exceladvisor.org\/wp-content\/uploads\/2023\/08\/table-de-donnees-pour-utiliser-vlookup-et-faire-correspondre-min-1.png\",\"contentUrl\":\"https:\/\/exceladvisor.org\/wp-content\/uploads\/2023\/08\/table-de-donnees-pour-utiliser-vlookup-et-faire-correspondre-min-1.png\"},{\"@type\":\"BreadcrumbList\",\"@id\":\"https:\/\/exceladvisor.org\/pt\/correspondencia-vsearch\/#breadcrumb\",\"itemListElement\":[{\"@type\":\"ListItem\",\"position\":1,\"name\":\"Lar\",\"item\":\"https:\/\/exceladvisor.org\/pt\/\"},{\"@type\":\"ListItem\",\"position\":2,\"name\":\"Como usar a combina\u00e7\u00e3o vlookup match?\"}]},{\"@type\":\"WebSite\",\"@id\":\"https:\/\/exceladvisor.org\/pt\/#website\",\"url\":\"https:\/\/exceladvisor.org\/pt\/\",\"name\":\"Excel Advisor\",\"description\":\"O seu guia definitivo para dominar os dados!\",\"publisher\":{\"@id\":\"https:\/\/exceladvisor.org\/pt\/#organization\"},\"potentialAction\":[{\"@type\":\"SearchAction\",\"target\":{\"@type\":\"EntryPoint\",\"urlTemplate\":\"https:\/\/exceladvisor.org\/pt\/?s={search_term_string}\"},\"query-input\":{\"@type\":\"PropertyValueSpecification\",\"valueRequired\":true,\"valueName\":\"search_term_string\"}}],\"inLanguage\":\"pt-PT\"},{\"@type\":\"Organization\",\"@id\":\"https:\/\/exceladvisor.org\/pt\/#organization\",\"name\":\"Excel Advisor\",\"url\":\"https:\/\/exceladvisor.org\/pt\/\",\"logo\":{\"@type\":\"ImageObject\",\"inLanguage\":\"pt-PT\",\"@id\":\"https:\/\/exceladvisor.org\/pt\/#\/schema\/logo\/image\/\",\"url\":\"https:\/\/exceladvisor.org\/pt\/wp-content\/uploads\/2023\/12\/exceladvisor.org_.png\",\"contentUrl\":\"https:\/\/exceladvisor.org\/pt\/wp-content\/uploads\/2023\/12\/exceladvisor.org_.png\",\"width\":105,\"height\":36,\"caption\":\"Excel Advisor\"},\"image\":{\"@id\":\"https:\/\/exceladvisor.org\/pt\/#\/schema\/logo\/image\/\"}}]}<\/script>\n<!-- \/ Yoast SEO plugin. -->","yoast_head_json":{"title":"Como usar a combina\u00e7\u00e3o VLOOKUP MATCH no Excel?","description":"Em VLOOKUP, col_index_no \u00e9 um valor est\u00e1tico, raz\u00e3o pela qual VLOOKUP n\u00e3o funciona como uma fun\u00e7\u00e3o din\u00e2mica.","robots":{"index":"index","follow":"follow","max-snippet":"max-snippet:-1","max-image-preview":"max-image-preview:large","max-video-preview":"max-video-preview:-1"},"canonical":"https:\/\/exceladvisor.org\/pt\/correspondencia-vsearch\/","og_locale":"pt_PT","og_type":"article","og_title":"Como usar a combina\u00e7\u00e3o VLOOKUP MATCH no Excel?","og_description":"Em VLOOKUP, col_index_no \u00e9 um valor est\u00e1tico, raz\u00e3o pela qual VLOOKUP n\u00e3o funciona como uma fun\u00e7\u00e3o din\u00e2mica.","og_url":"https:\/\/exceladvisor.org\/pt\/correspondencia-vsearch\/","og_site_name":"Excel Advisor","article_modified_time":"2023-12-06T11:42:33+00:00","og_image":[{"url":"https:\/\/exceladvisor.org\/wp-content\/uploads\/2023\/08\/table-de-donnees-pour-utiliser-vlookup-et-faire-correspondre-min-1.png","type":"","width":"","height":""}],"twitter_card":"summary_large_image","twitter_misc":{"Tempo estimado de leitura":"5 minutos"},"schema":{"@context":"https:\/\/schema.org","@graph":[{"@type":"WebPage","@id":"https:\/\/exceladvisor.org\/pt\/correspondencia-vsearch\/","url":"https:\/\/exceladvisor.org\/pt\/correspondencia-vsearch\/","name":"Como usar a combina\u00e7\u00e3o VLOOKUP MATCH no Excel?","isPartOf":{"@id":"https:\/\/exceladvisor.org\/pt\/#website"},"primaryImageOfPage":{"@id":"https:\/\/exceladvisor.org\/pt\/correspondencia-vsearch\/#primaryimage"},"image":{"@id":"https:\/\/exceladvisor.org\/pt\/correspondencia-vsearch\/#primaryimage"},"thumbnailUrl":"https:\/\/exceladvisor.org\/wp-content\/uploads\/2023\/08\/table-de-donnees-pour-utiliser-vlookup-et-faire-correspondre-min-1.png","datePublished":"2023-11-09T19:08:31+00:00","dateModified":"2023-12-06T11:42:33+00:00","description":"Em VLOOKUP, col_index_no \u00e9 um valor est\u00e1tico, raz\u00e3o pela qual VLOOKUP n\u00e3o funciona como uma fun\u00e7\u00e3o din\u00e2mica.","breadcrumb":{"@id":"https:\/\/exceladvisor.org\/pt\/correspondencia-vsearch\/#breadcrumb"},"inLanguage":"pt-PT","potentialAction":[{"@type":"ReadAction","target":["https:\/\/exceladvisor.org\/pt\/correspondencia-vsearch\/"]}]},{"@type":"ImageObject","inLanguage":"pt-PT","@id":"https:\/\/exceladvisor.org\/pt\/correspondencia-vsearch\/#primaryimage","url":"https:\/\/exceladvisor.org\/wp-content\/uploads\/2023\/08\/table-de-donnees-pour-utiliser-vlookup-et-faire-correspondre-min-1.png","contentUrl":"https:\/\/exceladvisor.org\/wp-content\/uploads\/2023\/08\/table-de-donnees-pour-utiliser-vlookup-et-faire-correspondre-min-1.png"},{"@type":"BreadcrumbList","@id":"https:\/\/exceladvisor.org\/pt\/correspondencia-vsearch\/#breadcrumb","itemListElement":[{"@type":"ListItem","position":1,"name":"Lar","item":"https:\/\/exceladvisor.org\/pt\/"},{"@type":"ListItem","position":2,"name":"Como usar a combina\u00e7\u00e3o vlookup match?"}]},{"@type":"WebSite","@id":"https:\/\/exceladvisor.org\/pt\/#website","url":"https:\/\/exceladvisor.org\/pt\/","name":"Excel Advisor","description":"O seu guia definitivo para dominar os dados!","publisher":{"@id":"https:\/\/exceladvisor.org\/pt\/#organization"},"potentialAction":[{"@type":"SearchAction","target":{"@type":"EntryPoint","urlTemplate":"https:\/\/exceladvisor.org\/pt\/?s={search_term_string}"},"query-input":{"@type":"PropertyValueSpecification","valueRequired":true,"valueName":"search_term_string"}}],"inLanguage":"pt-PT"},{"@type":"Organization","@id":"https:\/\/exceladvisor.org\/pt\/#organization","name":"Excel Advisor","url":"https:\/\/exceladvisor.org\/pt\/","logo":{"@type":"ImageObject","inLanguage":"pt-PT","@id":"https:\/\/exceladvisor.org\/pt\/#\/schema\/logo\/image\/","url":"https:\/\/exceladvisor.org\/pt\/wp-content\/uploads\/2023\/12\/exceladvisor.org_.png","contentUrl":"https:\/\/exceladvisor.org\/pt\/wp-content\/uploads\/2023\/12\/exceladvisor.org_.png","width":105,"height":36,"caption":"Excel Advisor"},"image":{"@id":"https:\/\/exceladvisor.org\/pt\/#\/schema\/logo\/image\/"}}]}},"yoast_meta":{"yoast_wpseo_title":"","yoast_wpseo_metadesc":"","yoast_wpseo_canonical":""},"_links":{"self":[{"href":"https:\/\/exceladvisor.org\/pt\/wp-json\/wp\/v2\/pages\/250","targetHints":{"allow":["GET"]}}],"collection":[{"href":"https:\/\/exceladvisor.org\/pt\/wp-json\/wp\/v2\/pages"}],"about":[{"href":"https:\/\/exceladvisor.org\/pt\/wp-json\/wp\/v2\/types\/page"}],"author":[{"embeddable":true,"href":"https:\/\/exceladvisor.org\/pt\/wp-json\/wp\/v2\/users\/1"}],"replies":[{"embeddable":true,"href":"https:\/\/exceladvisor.org\/pt\/wp-json\/wp\/v2\/comments?post=250"}],"version-history":[{"count":1,"href":"https:\/\/exceladvisor.org\/pt\/wp-json\/wp\/v2\/pages\/250\/revisions"}],"predecessor-version":[{"id":1219,"href":"https:\/\/exceladvisor.org\/pt\/wp-json\/wp\/v2\/pages\/250\/revisions\/1219"}],"wp:attachment":[{"href":"https:\/\/exceladvisor.org\/pt\/wp-json\/wp\/v2\/media?parent=250"}],"curies":[{"name":"wp","href":"https:\/\/api.w.org\/{rel}","templated":true}]}}