{"id":251,"date":"2023-11-09T17:38:58","date_gmt":"2023-11-09T17:38:58","guid":{"rendered":"https:\/\/exceladvisor.org\/pt\/remover-espacos-extras\/"},"modified":"2023-12-06T11:41:57","modified_gmt":"2023-12-06T11:41:57","slug":"remover-espacos-extras","status":"publish","type":"page","link":"https:\/\/exceladvisor.org\/pt\/remover-espacos-extras\/","title":{"rendered":"Como remover espa\u00e7os extras no excel?"},"content":{"rendered":"<div class=\"excel-before-content-2\" id=\"excel-4187297012\"><script type=\"text\/javascript\">\r\n\tatOptions = {\r\n\t\t'key' : 'c1158f160081d6540a8409e6925dab94',\r\n\t\t'format' : 'iframe',\r\n\t\t'height' : 250,\r\n\t\t'width' : 300,\r\n\t\t'params' : {}\r\n\t};\r\n<\/script>\r\n<script type=\"text\/javascript\" src=\"\/\/www.highperformanceformat.com\/c1158f160081d6540a8409e6925dab94\/invoke.js\"><\/script><\/div><div class=\"excel-before-content\" id=\"excel-3954809176\"><script type=\"text\/javascript\">\r\n\tatOptions = {\r\n\t\t'key' : 'c1158f160081d6540a8409e6925dab94',\r\n\t\t'format' : 'iframe',\r\n\t\t'height' : 250,\r\n\t\t'width' : 300,\r\n\t\t'params' : {}\r\n\t};\r\n<\/script>\r\n<script type=\"text\/javascript\" src=\"\/\/www.highperformanceformat.com\/c1158f160081d6540a8409e6925dab94\/invoke.js\"><\/script><\/div> <p>Dados limpos s\u00e3o nosso direito inato, mas \u00e0s vezes n\u00e3o conseguimos acess\u00e1-los.<\/p><p> \u00c0s vezes n\u00e3o conseguimos usar nossos dados da maneira que desejamos. E um dos principais motivos que tornam nossos dados inutiliz\u00e1veis \u00e9\u2026<\/p><p> Ent\u00e3o, se voc\u00ea quiser us\u00e1-lo, teremos que deletar todos eles. Quando voc\u00ea pensa sobre isso, muitas vezes quando voc\u00ea obt\u00e9m dados de sistemas ERP ou tem f\u00f3rmulas que n\u00e3o est\u00e3o escritas corretamente, voc\u00ea obt\u00e9m esses espa\u00e7os em branco indesejados.<\/p><p> Portanto, sempre que voc\u00ea trabalhar em seus dados, primeiro ser\u00e1 necess\u00e1rio verific\u00e1-los.<\/p><p> E no post de hoje, vou mostrar exatamente 4 m\u00e9todos para remover todos esses espa\u00e7os extras e indesejados.<\/p><p> Certifique-se de <a href=\"https:\/\/exceladvisor.org\/wp-content\/uploads\/2023\/11\/supprimer-les-donnees-des-espaces.xlsx\" rel=\"nofollow\">BAIXAR este ARQUIVO DE EXEMPLO<\/a> aqui para acompanhar. Vamos come\u00e7ar agora. <\/p><h2 id=\"1-remove-extra-spaces-using-trim-function-trailing-and-leading\" class=\"wp-block-heading\"> 1. Remova espa\u00e7os extras usando a fun\u00e7\u00e3o TRIM [Trailing and Leading]<\/h2><p> \u00c0s vezes voc\u00ea obt\u00e9m espa\u00e7os \u00e0 direita e \u00e0 esquerda em seus dados e isso parece muito desagrad\u00e1vel.<\/p><p> Mas temos um m\u00e9todo muito simples e f\u00e1cil de remover esse lixo e voc\u00ea s\u00f3 precisa de uma fun\u00e7\u00e3o para lidar com isso.<\/p><p> \u00c9 TRIM.<\/p><p> Ele remove todos os espa\u00e7os indesejados de uma string de texto, exceto espa\u00e7os entre duas palavras, veja o exemplo abaixo. <\/p><div class=\"wp-block-image\"><figure class=\"aligncenter\"><img decoding=\"async\" src=\"https:\/\/exceladvisor.org\/wp-content\/uploads\/2023\/08\/supprimer-les-espaces-supplementaires-dune-cellule-dans-Excel-a-laide-de-la-fonction-trim.png\" sizes=\"\" srcset=\"\" alt=\"remova espa\u00e7os extras de uma c\u00e9lula no Excel usando a fun\u00e7\u00e3o trim\"><\/figure><\/div><p> Como voc\u00ea pode ver, usamos TRIM para remover todos os espa\u00e7os indesejados \u00e0 direita e \u00e0 esquerda da c\u00e9lula.<\/p><p> Existem 70 caracteres na c\u00e9lula e quando voc\u00ea usou TRIM, o n\u00famero de caracteres foi reduzido para 41, o que significa que todos os 29 espa\u00e7os da c\u00e9lula foram removidos.<\/p><h2 id=\"2-combine-clean-and-trim-to-remove-extra-space-of-line-break\" class=\"wp-block-heading\"> 2. Combine Clean e Trim para remover espa\u00e7o extra da quebra de linha<\/h2><p> H\u00e1 tamb\u00e9m outra possibilidade de voc\u00ea obter uma quebra de linha em uma sequ\u00eancia de texto. Nesta situa\u00e7\u00e3o, voc\u00ea precisa usar a combina\u00e7\u00e3o CLEAN e TRIM, onde a fun\u00e7\u00e3o CLEAN pode remover todos os caracteres n\u00e3o imprim\u00edveis, que tamb\u00e9m incluem quebra de linha. <\/p><div class=\"wp-block-image\"><figure class=\"aligncenter\"><img decoding=\"async\" src=\"https:\/\/exceladvisor.org\/wp-content\/uploads\/2023\/08\/supprimer-les-espaces-supplementaires-dune-cellule-dans-Excel-en-utilisant-la-fonction-propre.png\" sizes=\"\" srcset=\"\" alt=\"remova espa\u00e7os extras de uma c\u00e9lula no Excel usando a fun\u00e7\u00e3o clean\"><\/figure><\/div><h3 id=\"how-it-works\" class=\"wp-block-heading\"> Como funciona<\/h3><p> Primeiro, CLEAN remove todos os caracteres n\u00e3o imprim\u00edveis da sequ\u00eancia de texto e, em seguida, TRIM remove todos os espa\u00e7os indesejados da sequ\u00eancia de texto, exceto o espa\u00e7o entre duas palavras. <\/p><h2 id=\"3-using-clean-trim-and-substitute-to-remove-all-the-spaces-from-a-cell\" class=\"wp-block-heading\"> 3. Usando Clean, Trim e Substitute para remover todos os espa\u00e7os de uma c\u00e9lula<\/h2><p> Aqui temos um tipo diferente de problema com esses espa\u00e7os em branco.<\/p><p> \u00c0s vezes voc\u00ea deseja remover todos os tipos de espa\u00e7os de uma c\u00e9lula. Mas limpar e aparar n\u00e3o consegue remover todos os tipos de espa\u00e7os.<\/p><p> Por exemplo, se voc\u00ea tiver um espa\u00e7o ininterrupto em uma c\u00e9lula, n\u00e3o ser\u00e1 capaz de manipul\u00e1-lo usando essas duas fun\u00e7\u00f5es. E para este problema voc\u00ea precisa combinar CLEAN e TRIM com SUBSTITUTE.<\/p><p> Deixe-me mostrar-lhe um exemplo. No exemplo abaixo, temos uma lista de n\u00fameros de celulares em uma planilha e esses n\u00fameros est\u00e3o cercados por espa\u00e7os em branco indesejados.<\/p><p> Precisamos apenas de um n\u00famero de celular de 10 d\u00edgitos. <\/p><div class=\"wp-block-image\"><figure class=\"aligncenter\"><img decoding=\"async\" src=\"https:\/\/exceladvisor.org\/wp-content\/uploads\/2023\/08\/supprimer-les-espaces-supplementaires-dune-cellule-dans-Excel-a-laide-de-trim-clean-substitut.png\" sizes=\"\" srcset=\"\" alt=\"remova espa\u00e7os extras de uma c\u00e9lula no Excel usando substituto limpo\"><\/figure><\/div><h3 id=\"how-it-works-1\" class=\"wp-block-heading\"> Como funciona<\/h3><p> SUBSTITUTE ajuda voc\u00ea a encontrar um caractere espec\u00edfico ou conjunto de caracteres em uma sequ\u00eancia de texto e substitu\u00ed-lo por outros caracteres ou por um \u00fanico caractere.<\/p><h2 id=\"4-using-find-and-replace-option-to-remove-all-the-spaces\" class=\"wp-block-heading\"> 4. Use a op\u00e7\u00e3o Localizar e Substituir para remover todos os espa\u00e7os<\/h2><p> Tenho outra op\u00e7\u00e3o para resolver o problema mencionado acima e n\u00e3o \u00e9 necess\u00e1rio usar f\u00f3rmula para isso. Voc\u00ea pode usar <a href=\"https:\/\/exceladvisor.org\/pt\/encontrar-substituir\/\" data-wpil=\"url\">FIND e REPLACE<\/a> para substituir espa\u00e7os em branco em uma c\u00e9lula. Aqui est\u00e3o as etapas: <\/p><div class=\"wp-block-image\"><figure class=\"aligncenter\"><img decoding=\"async\" src=\"https:\/\/exceladvisor.org\/wp-content\/uploads\/2023\/08\/supprimer-les-espaces-supplementaires-dune-cellule-dans-Excel-a-laide-de-loption-de-remplacement-de-recherche.gif\" sizes=\"\" srcset=\"\" alt=\"remova espa\u00e7os extras de uma c\u00e9lula no Excel usando a op\u00e7\u00e3o de substitui\u00e7\u00e3o de pesquisa\"><\/figure><\/div><ol><li> Selecione a c\u00e9lula ou intervalo de c\u00e9lulas do qual deseja remover os espa\u00e7os em branco.<\/li><li> Use a tecla de atalho: <strong>Ctrl + H<\/strong> para ativar a op\u00e7\u00e3o Localizar e Substituir.<\/li><li> Na barra de entrada \u201cencontrar o que\u201d, insira um espa\u00e7o em branco usando a barra de espa\u00e7o e \u201cSubstituir por\u201d deve permanecer em branco.<\/li><li> Clique no bot\u00e3o Substituir tudo e voc\u00ea receber\u00e1 uma mensagem pop-up sobre o n\u00famero de espa\u00e7os vazios substitu\u00eddos.<\/li><\/ol><p class=\"qt-tip\"> <strong><span style=\"color: #ff0000;\">Alerta:<\/span><\/strong> Use este m\u00e9todo somente quando for confirmado que voc\u00ea remove todos os tipos de espa\u00e7os das c\u00e9lulas selecionadas. <\/p><div class=\"gb-container gb-container-bafb25cc gb-container-download-2\"><div class=\"gb-grid-wrapper gb-grid-wrapper-91201309\"><div class=\"gb-grid-column gb-grid-column-15a917ef\"><div class=\"gb-container gb-container-15a917ef\"><h2 class=\"gb-headline gb-headline-f2deb261 gb-headline-text gb-headline-download-2\"> Obtenha o arquivo Excel <\/h2><\/div><\/div><div class=\"gb-grid-column gb-grid-column-18357188\"><div class=\"gb-container gb-container-18357188\"><div class=\"gb-container gb-container-76cbe15e\"> <a class=\"gb-button gb-button-cb63d00a gb-button-text gb-button-download-2\" href=\"https:\/\/exceladvisor.org\/wp-content\/uploads\/2023\/11\/suppression-des-espaces-supplementaires.xlsx\" rel=\"nofollow\">Download<\/a><\/div><\/div><\/div><\/div><\/div><h2 id=\"conclusion\" class=\"wp-block-heading\"> Conclus\u00e3o<\/h2><p> Espa\u00e7os extras s\u00e3o sempre irritantes. Mas agora voc\u00ea tem 4 m\u00e9todos diferentes para remov\u00ea-los e pode escolher qualquer um desses m\u00e9todos que achar perfeito para voc\u00ea.<\/p><p> Espero que isso ajude voc\u00ea a lidar bem com seus dados e agora voc\u00ea precisa me dizer uma coisa.<\/p><p> <em>Voc\u00ea conhece outra maneira de lidar com esse problema?<\/em><\/p><p> Por favor, compartilhe comigo na caixa de coment\u00e1rios, adoraria ouvir de voc\u00ea e n\u00e3o se esque\u00e7a de compartilhar essa dica com seus amigos.<\/p><div class=\"gb-container gb-container-4db6181c gb-container-mt\"> <a class=\"gb-button gb-button-c5897111 gb-button-text gb-button-mt-button\" href=\"https:\/\/exceladvisor.org\/pt\/vba\/\">O que \u00e9 VBA<\/a><\/div>","protected":false},"excerpt":{"rendered":"","protected":false},"author":1,"featured_media":0,"parent":0,"menu_order":0,"comment_status":"open","ping_status":"closed","template":"","meta":{"ub_ctt_via":"","footnotes":""},"class_list":["post-251","page","type-page","status-publish","hentry"],"featured_image_src":null,"yoast_head":"<!-- This site is optimized with the Yoast SEO plugin v25.4 - https:\/\/yoast.com\/wordpress\/plugins\/seo\/ -->\n<title>Como remover espa\u00e7os extras no Excel?<\/title>\n<meta name=\"description\" content=\"Voc\u00ea obt\u00e9m esses espa\u00e7os em branco indesejados. E no post de hoje vou mostrar 4 m\u00e9todos para remover espa\u00e7os...\" \/>\n<meta name=\"robots\" content=\"index, follow, max-snippet:-1, max-image-preview:large, max-video-preview:-1\" \/>\n<link rel=\"canonical\" href=\"https:\/\/exceladvisor.org\/pt\/remover-espacos-extras\/\" \/>\n<meta property=\"og:locale\" content=\"pt_PT\" \/>\n<meta property=\"og:type\" content=\"article\" \/>\n<meta property=\"og:title\" content=\"Como remover espa\u00e7os extras no Excel?\" \/>\n<meta property=\"og:description\" content=\"Voc\u00ea obt\u00e9m esses espa\u00e7os em branco indesejados. E no post de hoje vou mostrar 4 m\u00e9todos para remover espa\u00e7os...\" \/>\n<meta property=\"og:url\" content=\"https:\/\/exceladvisor.org\/pt\/remover-espacos-extras\/\" \/>\n<meta property=\"og:site_name\" content=\"Excel Advisor\" \/>\n<meta property=\"article:modified_time\" content=\"2023-12-06T11:41:57+00:00\" \/>\n<meta property=\"og:image\" content=\"https:\/\/exceladvisor.org\/wp-content\/uploads\/2023\/08\/supprimer-les-espaces-supplementaires-dune-cellule-dans-Excel-a-laide-de-la-fonction-trim.png\" \/>\n<meta name=\"twitter:card\" content=\"summary_large_image\" \/>\n<meta name=\"twitter:label1\" content=\"Tempo estimado de leitura\" \/>\n\t<meta name=\"twitter:data1\" content=\"4 minutos\" \/>\n<script type=\"application\/ld+json\" class=\"yoast-schema-graph\">{\"@context\":\"https:\/\/schema.org\",\"@graph\":[{\"@type\":\"WebPage\",\"@id\":\"https:\/\/exceladvisor.org\/pt\/remover-espacos-extras\/\",\"url\":\"https:\/\/exceladvisor.org\/pt\/remover-espacos-extras\/\",\"name\":\"Como remover espa\u00e7os extras no Excel?\",\"isPartOf\":{\"@id\":\"https:\/\/exceladvisor.org\/pt\/#website\"},\"primaryImageOfPage\":{\"@id\":\"https:\/\/exceladvisor.org\/pt\/remover-espacos-extras\/#primaryimage\"},\"image\":{\"@id\":\"https:\/\/exceladvisor.org\/pt\/remover-espacos-extras\/#primaryimage\"},\"thumbnailUrl\":\"https:\/\/exceladvisor.org\/wp-content\/uploads\/2023\/08\/supprimer-les-espaces-supplementaires-dune-cellule-dans-Excel-a-laide-de-la-fonction-trim.png\",\"datePublished\":\"2023-11-09T17:38:58+00:00\",\"dateModified\":\"2023-12-06T11:41:57+00:00\",\"description\":\"Voc\u00ea obt\u00e9m esses espa\u00e7os em branco indesejados. E no post de hoje vou mostrar 4 m\u00e9todos para remover espa\u00e7os...\",\"breadcrumb\":{\"@id\":\"https:\/\/exceladvisor.org\/pt\/remover-espacos-extras\/#breadcrumb\"},\"inLanguage\":\"pt-PT\",\"potentialAction\":[{\"@type\":\"ReadAction\",\"target\":[\"https:\/\/exceladvisor.org\/pt\/remover-espacos-extras\/\"]}]},{\"@type\":\"ImageObject\",\"inLanguage\":\"pt-PT\",\"@id\":\"https:\/\/exceladvisor.org\/pt\/remover-espacos-extras\/#primaryimage\",\"url\":\"https:\/\/exceladvisor.org\/wp-content\/uploads\/2023\/08\/supprimer-les-espaces-supplementaires-dune-cellule-dans-Excel-a-laide-de-la-fonction-trim.png\",\"contentUrl\":\"https:\/\/exceladvisor.org\/wp-content\/uploads\/2023\/08\/supprimer-les-espaces-supplementaires-dune-cellule-dans-Excel-a-laide-de-la-fonction-trim.png\"},{\"@type\":\"BreadcrumbList\",\"@id\":\"https:\/\/exceladvisor.org\/pt\/remover-espacos-extras\/#breadcrumb\",\"itemListElement\":[{\"@type\":\"ListItem\",\"position\":1,\"name\":\"Lar\",\"item\":\"https:\/\/exceladvisor.org\/pt\/\"},{\"@type\":\"ListItem\",\"position\":2,\"name\":\"Como remover espa\u00e7os extras no excel?\"}]},{\"@type\":\"WebSite\",\"@id\":\"https:\/\/exceladvisor.org\/pt\/#website\",\"url\":\"https:\/\/exceladvisor.org\/pt\/\",\"name\":\"Excel Advisor\",\"description\":\"O seu guia definitivo para dominar os dados!\",\"publisher\":{\"@id\":\"https:\/\/exceladvisor.org\/pt\/#organization\"},\"potentialAction\":[{\"@type\":\"SearchAction\",\"target\":{\"@type\":\"EntryPoint\",\"urlTemplate\":\"https:\/\/exceladvisor.org\/pt\/?s={search_term_string}\"},\"query-input\":{\"@type\":\"PropertyValueSpecification\",\"valueRequired\":true,\"valueName\":\"search_term_string\"}}],\"inLanguage\":\"pt-PT\"},{\"@type\":\"Organization\",\"@id\":\"https:\/\/exceladvisor.org\/pt\/#organization\",\"name\":\"Excel Advisor\",\"url\":\"https:\/\/exceladvisor.org\/pt\/\",\"logo\":{\"@type\":\"ImageObject\",\"inLanguage\":\"pt-PT\",\"@id\":\"https:\/\/exceladvisor.org\/pt\/#\/schema\/logo\/image\/\",\"url\":\"https:\/\/exceladvisor.org\/pt\/wp-content\/uploads\/2023\/12\/exceladvisor.org_.png\",\"contentUrl\":\"https:\/\/exceladvisor.org\/pt\/wp-content\/uploads\/2023\/12\/exceladvisor.org_.png\",\"width\":105,\"height\":36,\"caption\":\"Excel Advisor\"},\"image\":{\"@id\":\"https:\/\/exceladvisor.org\/pt\/#\/schema\/logo\/image\/\"}}]}<\/script>\n<!-- \/ Yoast SEO plugin. -->","yoast_head_json":{"title":"Como remover espa\u00e7os extras no Excel?","description":"Voc\u00ea obt\u00e9m esses espa\u00e7os em branco indesejados. E no post de hoje vou mostrar 4 m\u00e9todos para remover espa\u00e7os...","robots":{"index":"index","follow":"follow","max-snippet":"max-snippet:-1","max-image-preview":"max-image-preview:large","max-video-preview":"max-video-preview:-1"},"canonical":"https:\/\/exceladvisor.org\/pt\/remover-espacos-extras\/","og_locale":"pt_PT","og_type":"article","og_title":"Como remover espa\u00e7os extras no Excel?","og_description":"Voc\u00ea obt\u00e9m esses espa\u00e7os em branco indesejados. E no post de hoje vou mostrar 4 m\u00e9todos para remover espa\u00e7os...","og_url":"https:\/\/exceladvisor.org\/pt\/remover-espacos-extras\/","og_site_name":"Excel Advisor","article_modified_time":"2023-12-06T11:41:57+00:00","og_image":[{"url":"https:\/\/exceladvisor.org\/wp-content\/uploads\/2023\/08\/supprimer-les-espaces-supplementaires-dune-cellule-dans-Excel-a-laide-de-la-fonction-trim.png","type":"","width":"","height":""}],"twitter_card":"summary_large_image","twitter_misc":{"Tempo estimado de leitura":"4 minutos"},"schema":{"@context":"https:\/\/schema.org","@graph":[{"@type":"WebPage","@id":"https:\/\/exceladvisor.org\/pt\/remover-espacos-extras\/","url":"https:\/\/exceladvisor.org\/pt\/remover-espacos-extras\/","name":"Como remover espa\u00e7os extras no Excel?","isPartOf":{"@id":"https:\/\/exceladvisor.org\/pt\/#website"},"primaryImageOfPage":{"@id":"https:\/\/exceladvisor.org\/pt\/remover-espacos-extras\/#primaryimage"},"image":{"@id":"https:\/\/exceladvisor.org\/pt\/remover-espacos-extras\/#primaryimage"},"thumbnailUrl":"https:\/\/exceladvisor.org\/wp-content\/uploads\/2023\/08\/supprimer-les-espaces-supplementaires-dune-cellule-dans-Excel-a-laide-de-la-fonction-trim.png","datePublished":"2023-11-09T17:38:58+00:00","dateModified":"2023-12-06T11:41:57+00:00","description":"Voc\u00ea obt\u00e9m esses espa\u00e7os em branco indesejados. E no post de hoje vou mostrar 4 m\u00e9todos para remover espa\u00e7os...","breadcrumb":{"@id":"https:\/\/exceladvisor.org\/pt\/remover-espacos-extras\/#breadcrumb"},"inLanguage":"pt-PT","potentialAction":[{"@type":"ReadAction","target":["https:\/\/exceladvisor.org\/pt\/remover-espacos-extras\/"]}]},{"@type":"ImageObject","inLanguage":"pt-PT","@id":"https:\/\/exceladvisor.org\/pt\/remover-espacos-extras\/#primaryimage","url":"https:\/\/exceladvisor.org\/wp-content\/uploads\/2023\/08\/supprimer-les-espaces-supplementaires-dune-cellule-dans-Excel-a-laide-de-la-fonction-trim.png","contentUrl":"https:\/\/exceladvisor.org\/wp-content\/uploads\/2023\/08\/supprimer-les-espaces-supplementaires-dune-cellule-dans-Excel-a-laide-de-la-fonction-trim.png"},{"@type":"BreadcrumbList","@id":"https:\/\/exceladvisor.org\/pt\/remover-espacos-extras\/#breadcrumb","itemListElement":[{"@type":"ListItem","position":1,"name":"Lar","item":"https:\/\/exceladvisor.org\/pt\/"},{"@type":"ListItem","position":2,"name":"Como remover espa\u00e7os extras no excel?"}]},{"@type":"WebSite","@id":"https:\/\/exceladvisor.org\/pt\/#website","url":"https:\/\/exceladvisor.org\/pt\/","name":"Excel Advisor","description":"O seu guia definitivo para dominar os dados!","publisher":{"@id":"https:\/\/exceladvisor.org\/pt\/#organization"},"potentialAction":[{"@type":"SearchAction","target":{"@type":"EntryPoint","urlTemplate":"https:\/\/exceladvisor.org\/pt\/?s={search_term_string}"},"query-input":{"@type":"PropertyValueSpecification","valueRequired":true,"valueName":"search_term_string"}}],"inLanguage":"pt-PT"},{"@type":"Organization","@id":"https:\/\/exceladvisor.org\/pt\/#organization","name":"Excel Advisor","url":"https:\/\/exceladvisor.org\/pt\/","logo":{"@type":"ImageObject","inLanguage":"pt-PT","@id":"https:\/\/exceladvisor.org\/pt\/#\/schema\/logo\/image\/","url":"https:\/\/exceladvisor.org\/pt\/wp-content\/uploads\/2023\/12\/exceladvisor.org_.png","contentUrl":"https:\/\/exceladvisor.org\/pt\/wp-content\/uploads\/2023\/12\/exceladvisor.org_.png","width":105,"height":36,"caption":"Excel Advisor"},"image":{"@id":"https:\/\/exceladvisor.org\/pt\/#\/schema\/logo\/image\/"}}]}},"yoast_meta":{"yoast_wpseo_title":"","yoast_wpseo_metadesc":"","yoast_wpseo_canonical":""},"_links":{"self":[{"href":"https:\/\/exceladvisor.org\/pt\/wp-json\/wp\/v2\/pages\/251","targetHints":{"allow":["GET"]}}],"collection":[{"href":"https:\/\/exceladvisor.org\/pt\/wp-json\/wp\/v2\/pages"}],"about":[{"href":"https:\/\/exceladvisor.org\/pt\/wp-json\/wp\/v2\/types\/page"}],"author":[{"embeddable":true,"href":"https:\/\/exceladvisor.org\/pt\/wp-json\/wp\/v2\/users\/1"}],"replies":[{"embeddable":true,"href":"https:\/\/exceladvisor.org\/pt\/wp-json\/wp\/v2\/comments?post=251"}],"version-history":[{"count":1,"href":"https:\/\/exceladvisor.org\/pt\/wp-json\/wp\/v2\/pages\/251\/revisions"}],"predecessor-version":[{"id":1171,"href":"https:\/\/exceladvisor.org\/pt\/wp-json\/wp\/v2\/pages\/251\/revisions\/1171"}],"wp:attachment":[{"href":"https:\/\/exceladvisor.org\/pt\/wp-json\/wp\/v2\/media?parent=251"}],"curies":[{"name":"wp","href":"https:\/\/api.w.org\/{rel}","templated":true}]}}