{"id":252,"date":"2023-11-09T17:04:53","date_gmt":"2023-11-09T17:04:53","guid":{"rendered":"https:\/\/exceladvisor.org\/pt\/hora-da-soneca-2\/"},"modified":"2023-12-06T11:33:58","modified_gmt":"2023-12-06T11:33:58","slug":"hora-da-soneca-2","status":"publish","type":"page","link":"https:\/\/exceladvisor.org\/pt\/hora-da-soneca-2\/","title":{"rendered":"Como adicionar tempo no excel?"},"content":{"rendered":"<div class=\"excel-before-content-2\" id=\"excel-4264373113\"><script type=\"text\/javascript\">\r\n\tatOptions = {\r\n\t\t'key' : 'c1158f160081d6540a8409e6925dab94',\r\n\t\t'format' : 'iframe',\r\n\t\t'height' : 250,\r\n\t\t'width' : 300,\r\n\t\t'params' : {}\r\n\t};\r\n<\/script>\r\n<script type=\"text\/javascript\" src=\"\/\/www.highperformanceformat.com\/c1158f160081d6540a8409e6925dab94\/invoke.js\"><\/script><\/div><div class=\"excel-before-content\" id=\"excel-151144081\"><script type=\"text\/javascript\">\r\n\tatOptions = {\r\n\t\t'key' : 'c1158f160081d6540a8409e6925dab94',\r\n\t\t'format' : 'iframe',\r\n\t\t'height' : 250,\r\n\t\t'width' : 300,\r\n\t\t'params' : {}\r\n\t};\r\n<\/script>\r\n<script type=\"text\/javascript\" src=\"\/\/www.highperformanceformat.com\/c1158f160081d6540a8409e6925dab94\/invoke.js\"><\/script><\/div> <p>No Excel, se voc\u00ea deseja somar valores de tempo, voc\u00ea precisa usar a fun\u00e7\u00e3o de soma para somar os valores e, em seguida, alterar o formato para mostrar o n\u00famero total de horas e minutos. Abaixo est\u00e1 uma lista de valores de tempo que adicionamos na c\u00e9lula C2. <\/p><div class=\"wp-block-image\"><figure class=\"aligncenter size-full is-resized\"><img loading=\"lazy\" decoding=\"async\" class=\"wp-image-79498\" src=\"https:\/\/exceladvisor.org\/wp-content\/uploads\/2023\/08\/1-temps-de-somme-dans-excel.png\" sizes=\"auto, \" srcset=\"\" alt=\"soma-hora-em-excel\" width=\"573\" height=\"347\"><\/figure><\/div><p> Neste tutorial, aprendemos como escrever esta f\u00f3rmula e aplicar a formata\u00e7\u00e3o correta a ela.<\/p><h2 class=\"wp-block-heading\"> Escreva uma f\u00f3rmula para adicionar tempo no Excel<\/h2><ol type=\"1\"><li> Primeiro, na c\u00e9lula C2, insira a fun\u00e7\u00e3o de soma.<\/li><li> Agora insira os par\u00eanteses iniciais.<\/li><li> Depois disso, consulte o intervalo de c\u00e9lulas onde voc\u00ea tem os valores de tempo.<\/li><li> No final, insira os par\u00eanteses de fechamento e pressione Enter para obter o resultado.<\/li><\/ol><p> Isso lhe dar\u00e1 uma soma de valores, mas esse formato n\u00e3o est\u00e1 correto e precisamos alter\u00e1-lo usando uma formata\u00e7\u00e3o personalizada. <\/p><div class=\"wp-block-image\"><figure class=\"aligncenter size-full is-resized\"><img loading=\"lazy\" decoding=\"async\" class=\"wp-image-79499\" src=\"https:\/\/exceladvisor.org\/wp-content\/uploads\/2023\/08\/2-formule-pour-additionner-le-temps.png\" sizes=\"auto, \" srcset=\"\" alt=\"f\u00f3rmula para somar o tempo\" width=\"571\" height=\"346\"><\/figure><\/div><ol type=\"1\"><li> Ao selecionar a c\u00e9lula, abra a op\u00e7\u00e3o de formata\u00e7\u00e3o com o atalho de teclado (Ctrl+1).<\/li><li> Agora clique na op\u00e7\u00e3o Personalizar.<\/li><li> Depois disso, clique na barra de entrada de formato.<\/li><li> Em seguida, insira [h]:mm na barra de entrada.<\/li><li> Ao final, clique em OK para aplicar a formata\u00e7\u00e3o. <\/li><\/ol><div class=\"wp-block-image\"><figure class=\"aligncenter size-full is-resized\"><img loading=\"lazy\" decoding=\"async\" class=\"wp-image-79500\" src=\"https:\/\/exceladvisor.org\/wp-content\/uploads\/2023\/08\/3-changer-le-format-de-la-cellule.png\" sizes=\"auto, \" srcset=\"\" alt=\"alterar formato de c\u00e9lula\" width=\"570\" height=\"562\"><\/figure><\/div><p> No momento em que voc\u00ea clicar em OK, ser\u00e1 mostrado o total de horas e minutos. <\/p><div class=\"wp-block-image\"><figure class=\"aligncenter size-full is-resized\"><img loading=\"lazy\" decoding=\"async\" class=\"wp-image-79501\" src=\"https:\/\/exceladvisor.org\/wp-content\/uploads\/2023\/08\/4-nombre-total-dheures-et-de-minutes.png\" sizes=\"auto, \" srcset=\"\" alt=\"n\u00famero total de horas e minutos\" width=\"577\" height=\"349\"><\/figure><\/div><h2 class=\"wp-block-heading\"> Voc\u00ea deve entender isso<\/h2><p> O Excel armazena a data e a hora como um n\u00famero no backend e voc\u00ea tem o formato na c\u00e9lula. Portanto, se voc\u00ea converter seus valores de tempo em valores, eles ter\u00e3o a seguinte apar\u00eancia. <\/p><div class=\"wp-block-image\"><figure class=\"aligncenter size-full is-resized\"><img loading=\"lazy\" decoding=\"async\" class=\"wp-image-79502\" src=\"https:\/\/exceladvisor.org\/wp-content\/uploads\/2023\/08\/5-comprendre-les-valeurs-temporelles.png\" sizes=\"auto, \" srcset=\"\" alt=\"entender os valores do tempo\" width=\"306\" height=\"325\"><\/figure><\/div><p> <strong>Os valores de tempo s\u00e3o sempre expressos em decimais.<\/strong><\/p><p> Agora quando voc\u00ea soma esses valores ele retorna 1,4375 no resultado.<\/p><p> Como eu disse, os valores de hora s\u00e3o sempre em decimais, quando voc\u00ea aplica o formato de hora (formato de hora normal HH:MM AM\/PM), o Excel mostra a hora com base no valor decimal restante que \u00e9 0,4375, e considera o n\u00famero inteiro que \u00e9 1 como um dia inteiro. <\/p><div class=\"wp-block-image\"><figure class=\"aligncenter size-full is-resized\"><img loading=\"lazy\" decoding=\"async\" class=\"wp-image-79503\" src=\"https:\/\/exceladvisor.org\/wp-content\/uploads\/2023\/08\/6-valeurs-de-temps-toujours-en-decimal.png\" sizes=\"auto, \" srcset=\"\" alt=\"valores de tempo sempre em decimal\" width=\"343\" height=\"395\"><\/figure><\/div><p> Para superar esse problema, voc\u00ea precisa usar um formato personalizado que usamos em nosso m\u00e9todo. Quando voc\u00ea adiciona colchetes ao formato, ele exibe o total de horas no resultado. <\/p><pre class=\"wp-block-code\"> <code class=\"language-excel-formula\" lang=\"excel-formula\">[h]:mm<\/code><\/pre><div class=\"wp-block-image\"><figure class=\"aligncenter size-full is-resized\"><img loading=\"lazy\" decoding=\"async\" class=\"wp-image-79504\" src=\"https:\/\/exceladvisor.org\/wp-content\/uploads\/2023\/08\/7-format-personnalise-pour-le-nombre-total-dheures.png\" sizes=\"auto, \" srcset=\"\" alt=\"formato personalizado para total de horas\" width=\"473\" height=\"299\"><\/figure><\/div><div class=\"gb-container gb-container-52dfcee1 gb-container-sample-file\"><h2 class=\"gb-headline gb-headline-e289c143 gb-headline-text gb-headline-4f7959c2\"> Obtenha o arquivo Excel<\/h2> <a class=\"gb-button gb-button-e88d6bee gb-button-text gb-button-button1\" href=\"https:\/\/exceladvisor.org\/wp-content\/uploads\/2023\/11\/temps-de-somme.xlsx\" rel=\"nofollow\">Download<\/a> <\/div><div class=\"wp-block-group more-tutorials is-layout-flow\"><div class=\"wp-block-group__inner-container\"><h2 class=\"wp-block-heading\"> Mais f\u00f3rmulas<\/h2><ul><li> <a href=\"https:\/\/exceladvisor.org\/pt\/adicione-horas-no-tempo\/\">Adicione horas ao tempo no Excel<\/a><\/li><li> <a href=\"https:\/\/exceladvisor.org\/pt\/adicione-minutos-ao-tempo\/\">Adicione minutos ao tempo no Excel<\/a><\/li><li> <a href=\"https:\/\/exceladvisor.org\/pt\/calcular-diferenca-horaria\/\">Calcule a diferen\u00e7a de tempo entre duas horas no Excel<\/a><\/li><li> <a href=\"https:\/\/exceladvisor.org\/pt\/alterar-formato-de-hora\/\">Alterar o formato da hora no Excel<\/a><\/li><li> <a href=\"https:\/\/exceladvisor.org\/pt\/tempo-militar\/\">Hor\u00e1rio militar (obter e subtrair) no Excel<\/a><\/li><\/ul><\/div><\/div>","protected":false},"excerpt":{"rendered":"","protected":false},"author":1,"featured_media":0,"parent":0,"menu_order":0,"comment_status":"open","ping_status":"closed","template":"","meta":{"ub_ctt_via":"","footnotes":""},"class_list":["post-252","page","type-page","status-publish","hentry"],"featured_image_src":null,"yoast_head":"<!-- This site is optimized with the Yoast SEO plugin v25.4 - https:\/\/yoast.com\/wordpress\/plugins\/seo\/ -->\n<title>Como adicionar tempo no Excel? (Tutorial 2023)<\/title>\n<meta name=\"description\" content=\"Neste tutorial, aprenderemos como escrever uma f\u00f3rmula para somar os valores de tempo de um intervalo de c\u00e9lulas no Excel.\" \/>\n<meta name=\"robots\" content=\"index, follow, max-snippet:-1, max-image-preview:large, max-video-preview:-1\" \/>\n<link rel=\"canonical\" href=\"https:\/\/exceladvisor.org\/pt\/hora-da-soneca-2\/\" \/>\n<meta property=\"og:locale\" content=\"pt_PT\" \/>\n<meta property=\"og:type\" content=\"article\" \/>\n<meta property=\"og:title\" content=\"Como adicionar tempo no Excel? (Tutorial 2023)\" \/>\n<meta property=\"og:description\" content=\"Neste tutorial, aprenderemos como escrever uma f\u00f3rmula para somar os valores de tempo de um intervalo de c\u00e9lulas no Excel.\" \/>\n<meta property=\"og:url\" content=\"https:\/\/exceladvisor.org\/pt\/hora-da-soneca-2\/\" \/>\n<meta property=\"og:site_name\" content=\"Excel Advisor\" \/>\n<meta property=\"article:modified_time\" content=\"2023-12-06T11:33:58+00:00\" \/>\n<meta property=\"og:image\" content=\"https:\/\/exceladvisor.org\/wp-content\/uploads\/2023\/08\/1-temps-de-somme-dans-excel.png\" \/>\n<meta name=\"twitter:card\" content=\"summary_large_image\" \/>\n<meta name=\"twitter:label1\" content=\"Tempo estimado de leitura\" \/>\n\t<meta name=\"twitter:data1\" content=\"2 minutos\" \/>\n<script type=\"application\/ld+json\" class=\"yoast-schema-graph\">{\"@context\":\"https:\/\/schema.org\",\"@graph\":[{\"@type\":\"WebPage\",\"@id\":\"https:\/\/exceladvisor.org\/pt\/hora-da-soneca-2\/\",\"url\":\"https:\/\/exceladvisor.org\/pt\/hora-da-soneca-2\/\",\"name\":\"Como adicionar tempo no Excel? (Tutorial 2023)\",\"isPartOf\":{\"@id\":\"https:\/\/exceladvisor.org\/pt\/#website\"},\"primaryImageOfPage\":{\"@id\":\"https:\/\/exceladvisor.org\/pt\/hora-da-soneca-2\/#primaryimage\"},\"image\":{\"@id\":\"https:\/\/exceladvisor.org\/pt\/hora-da-soneca-2\/#primaryimage\"},\"thumbnailUrl\":\"https:\/\/exceladvisor.org\/wp-content\/uploads\/2023\/08\/1-temps-de-somme-dans-excel.png\",\"datePublished\":\"2023-11-09T17:04:53+00:00\",\"dateModified\":\"2023-12-06T11:33:58+00:00\",\"description\":\"Neste tutorial, aprenderemos como escrever uma f\u00f3rmula para somar os valores de tempo de um intervalo de c\u00e9lulas no Excel.\",\"breadcrumb\":{\"@id\":\"https:\/\/exceladvisor.org\/pt\/hora-da-soneca-2\/#breadcrumb\"},\"inLanguage\":\"pt-PT\",\"potentialAction\":[{\"@type\":\"ReadAction\",\"target\":[\"https:\/\/exceladvisor.org\/pt\/hora-da-soneca-2\/\"]}]},{\"@type\":\"ImageObject\",\"inLanguage\":\"pt-PT\",\"@id\":\"https:\/\/exceladvisor.org\/pt\/hora-da-soneca-2\/#primaryimage\",\"url\":\"https:\/\/exceladvisor.org\/wp-content\/uploads\/2023\/08\/1-temps-de-somme-dans-excel.png\",\"contentUrl\":\"https:\/\/exceladvisor.org\/wp-content\/uploads\/2023\/08\/1-temps-de-somme-dans-excel.png\"},{\"@type\":\"BreadcrumbList\",\"@id\":\"https:\/\/exceladvisor.org\/pt\/hora-da-soneca-2\/#breadcrumb\",\"itemListElement\":[{\"@type\":\"ListItem\",\"position\":1,\"name\":\"Lar\",\"item\":\"https:\/\/exceladvisor.org\/pt\/\"},{\"@type\":\"ListItem\",\"position\":2,\"name\":\"Como adicionar tempo no excel?\"}]},{\"@type\":\"WebSite\",\"@id\":\"https:\/\/exceladvisor.org\/pt\/#website\",\"url\":\"https:\/\/exceladvisor.org\/pt\/\",\"name\":\"Excel Advisor\",\"description\":\"O seu guia definitivo para dominar os dados!\",\"publisher\":{\"@id\":\"https:\/\/exceladvisor.org\/pt\/#organization\"},\"potentialAction\":[{\"@type\":\"SearchAction\",\"target\":{\"@type\":\"EntryPoint\",\"urlTemplate\":\"https:\/\/exceladvisor.org\/pt\/?s={search_term_string}\"},\"query-input\":{\"@type\":\"PropertyValueSpecification\",\"valueRequired\":true,\"valueName\":\"search_term_string\"}}],\"inLanguage\":\"pt-PT\"},{\"@type\":\"Organization\",\"@id\":\"https:\/\/exceladvisor.org\/pt\/#organization\",\"name\":\"Excel Advisor\",\"url\":\"https:\/\/exceladvisor.org\/pt\/\",\"logo\":{\"@type\":\"ImageObject\",\"inLanguage\":\"pt-PT\",\"@id\":\"https:\/\/exceladvisor.org\/pt\/#\/schema\/logo\/image\/\",\"url\":\"https:\/\/exceladvisor.org\/pt\/wp-content\/uploads\/2023\/12\/exceladvisor.org_.png\",\"contentUrl\":\"https:\/\/exceladvisor.org\/pt\/wp-content\/uploads\/2023\/12\/exceladvisor.org_.png\",\"width\":105,\"height\":36,\"caption\":\"Excel Advisor\"},\"image\":{\"@id\":\"https:\/\/exceladvisor.org\/pt\/#\/schema\/logo\/image\/\"}}]}<\/script>\n<!-- \/ Yoast SEO plugin. -->","yoast_head_json":{"title":"Como adicionar tempo no Excel? (Tutorial 2023)","description":"Neste tutorial, aprenderemos como escrever uma f\u00f3rmula para somar os valores de tempo de um intervalo de c\u00e9lulas no Excel.","robots":{"index":"index","follow":"follow","max-snippet":"max-snippet:-1","max-image-preview":"max-image-preview:large","max-video-preview":"max-video-preview:-1"},"canonical":"https:\/\/exceladvisor.org\/pt\/hora-da-soneca-2\/","og_locale":"pt_PT","og_type":"article","og_title":"Como adicionar tempo no Excel? (Tutorial 2023)","og_description":"Neste tutorial, aprenderemos como escrever uma f\u00f3rmula para somar os valores de tempo de um intervalo de c\u00e9lulas no Excel.","og_url":"https:\/\/exceladvisor.org\/pt\/hora-da-soneca-2\/","og_site_name":"Excel Advisor","article_modified_time":"2023-12-06T11:33:58+00:00","og_image":[{"url":"https:\/\/exceladvisor.org\/wp-content\/uploads\/2023\/08\/1-temps-de-somme-dans-excel.png","type":"","width":"","height":""}],"twitter_card":"summary_large_image","twitter_misc":{"Tempo estimado de leitura":"2 minutos"},"schema":{"@context":"https:\/\/schema.org","@graph":[{"@type":"WebPage","@id":"https:\/\/exceladvisor.org\/pt\/hora-da-soneca-2\/","url":"https:\/\/exceladvisor.org\/pt\/hora-da-soneca-2\/","name":"Como adicionar tempo no Excel? (Tutorial 2023)","isPartOf":{"@id":"https:\/\/exceladvisor.org\/pt\/#website"},"primaryImageOfPage":{"@id":"https:\/\/exceladvisor.org\/pt\/hora-da-soneca-2\/#primaryimage"},"image":{"@id":"https:\/\/exceladvisor.org\/pt\/hora-da-soneca-2\/#primaryimage"},"thumbnailUrl":"https:\/\/exceladvisor.org\/wp-content\/uploads\/2023\/08\/1-temps-de-somme-dans-excel.png","datePublished":"2023-11-09T17:04:53+00:00","dateModified":"2023-12-06T11:33:58+00:00","description":"Neste tutorial, aprenderemos como escrever uma f\u00f3rmula para somar os valores de tempo de um intervalo de c\u00e9lulas no Excel.","breadcrumb":{"@id":"https:\/\/exceladvisor.org\/pt\/hora-da-soneca-2\/#breadcrumb"},"inLanguage":"pt-PT","potentialAction":[{"@type":"ReadAction","target":["https:\/\/exceladvisor.org\/pt\/hora-da-soneca-2\/"]}]},{"@type":"ImageObject","inLanguage":"pt-PT","@id":"https:\/\/exceladvisor.org\/pt\/hora-da-soneca-2\/#primaryimage","url":"https:\/\/exceladvisor.org\/wp-content\/uploads\/2023\/08\/1-temps-de-somme-dans-excel.png","contentUrl":"https:\/\/exceladvisor.org\/wp-content\/uploads\/2023\/08\/1-temps-de-somme-dans-excel.png"},{"@type":"BreadcrumbList","@id":"https:\/\/exceladvisor.org\/pt\/hora-da-soneca-2\/#breadcrumb","itemListElement":[{"@type":"ListItem","position":1,"name":"Lar","item":"https:\/\/exceladvisor.org\/pt\/"},{"@type":"ListItem","position":2,"name":"Como adicionar tempo no excel?"}]},{"@type":"WebSite","@id":"https:\/\/exceladvisor.org\/pt\/#website","url":"https:\/\/exceladvisor.org\/pt\/","name":"Excel Advisor","description":"O seu guia definitivo para dominar os dados!","publisher":{"@id":"https:\/\/exceladvisor.org\/pt\/#organization"},"potentialAction":[{"@type":"SearchAction","target":{"@type":"EntryPoint","urlTemplate":"https:\/\/exceladvisor.org\/pt\/?s={search_term_string}"},"query-input":{"@type":"PropertyValueSpecification","valueRequired":true,"valueName":"search_term_string"}}],"inLanguage":"pt-PT"},{"@type":"Organization","@id":"https:\/\/exceladvisor.org\/pt\/#organization","name":"Excel Advisor","url":"https:\/\/exceladvisor.org\/pt\/","logo":{"@type":"ImageObject","inLanguage":"pt-PT","@id":"https:\/\/exceladvisor.org\/pt\/#\/schema\/logo\/image\/","url":"https:\/\/exceladvisor.org\/pt\/wp-content\/uploads\/2023\/12\/exceladvisor.org_.png","contentUrl":"https:\/\/exceladvisor.org\/pt\/wp-content\/uploads\/2023\/12\/exceladvisor.org_.png","width":105,"height":36,"caption":"Excel Advisor"},"image":{"@id":"https:\/\/exceladvisor.org\/pt\/#\/schema\/logo\/image\/"}}]}},"yoast_meta":{"yoast_wpseo_title":"","yoast_wpseo_metadesc":"","yoast_wpseo_canonical":""},"_links":{"self":[{"href":"https:\/\/exceladvisor.org\/pt\/wp-json\/wp\/v2\/pages\/252","targetHints":{"allow":["GET"]}}],"collection":[{"href":"https:\/\/exceladvisor.org\/pt\/wp-json\/wp\/v2\/pages"}],"about":[{"href":"https:\/\/exceladvisor.org\/pt\/wp-json\/wp\/v2\/types\/page"}],"author":[{"embeddable":true,"href":"https:\/\/exceladvisor.org\/pt\/wp-json\/wp\/v2\/users\/1"}],"replies":[{"embeddable":true,"href":"https:\/\/exceladvisor.org\/pt\/wp-json\/wp\/v2\/comments?post=252"}],"version-history":[{"count":1,"href":"https:\/\/exceladvisor.org\/pt\/wp-json\/wp\/v2\/pages\/252\/revisions"}],"predecessor-version":[{"id":787,"href":"https:\/\/exceladvisor.org\/pt\/wp-json\/wp\/v2\/pages\/252\/revisions\/787"}],"wp:attachment":[{"href":"https:\/\/exceladvisor.org\/pt\/wp-json\/wp\/v2\/media?parent=252"}],"curies":[{"name":"wp","href":"https:\/\/api.w.org\/{rel}","templated":true}]}}