{"id":253,"date":"2023-11-08T22:51:33","date_gmt":"2023-11-08T22:51:33","guid":{"rendered":"https:\/\/exceladvisor.org\/pt\/xlookup-com-varios-criterios\/"},"modified":"2023-12-06T11:51:44","modified_gmt":"2023-12-06T11:51:44","slug":"xlookup-com-varios-criterios","status":"publish","type":"page","link":"https:\/\/exceladvisor.org\/pt\/xlookup-com-varios-criterios\/","title":{"rendered":"Xlookup com m\u00faltiplos crit\u00e9rios no excel"},"content":{"rendered":"<div class=\"excel-before-content-2\" id=\"excel-297806959\"><script type=\"text\/javascript\">\r\n\tatOptions = {\r\n\t\t'key' : 'c1158f160081d6540a8409e6925dab94',\r\n\t\t'format' : 'iframe',\r\n\t\t'height' : 250,\r\n\t\t'width' : 300,\r\n\t\t'params' : {}\r\n\t};\r\n<\/script>\r\n<script type=\"text\/javascript\" src=\"\/\/www.highperformanceformat.com\/c1158f160081d6540a8409e6925dab94\/invoke.js\"><\/script><\/div><div class=\"excel-before-content\" id=\"excel-716429022\"><script type=\"text\/javascript\">\r\n\tatOptions = {\r\n\t\t'key' : 'c1158f160081d6540a8409e6925dab94',\r\n\t\t'format' : 'iframe',\r\n\t\t'height' : 250,\r\n\t\t'width' : 300,\r\n\t\t'params' : {}\r\n\t};\r\n<\/script>\r\n<script type=\"text\/javascript\" src=\"\/\/www.highperformanceformat.com\/c1158f160081d6540a8409e6925dab94\/invoke.js\"><\/script><\/div> <p>Se quiser pesquisar usando v\u00e1rios crit\u00e9rios, voc\u00ea pode usar XLOOKUP. E no XLOOKUP existem duas maneiras de fazer isso. Neste tutorial, veremos e compreenderemos ambos os m\u00e9todos em detalhes.<\/p><p> No exemplo abaixo temos uma lista de alunos com n\u00fameros de rolos, nomes e pontua\u00e7\u00f5es. <\/p><div class=\"wp-block-image\"><figure class=\"aligncenter size-full is-resized\"><img loading=\"lazy\" decoding=\"async\" class=\"wp-image-85860\" src=\"https:\/\/exceladvisor.org\/wp-content\/uploads\/2023\/08\/1-xlookup-avec-plusieurs-criteres.png\" sizes=\"auto, \" srcset=\"\" alt=\"xlookup-com-m\u00faltiplos-crit\u00e9rios\" width=\"383\" height=\"407\"><\/figure><\/div><h2 class=\"wp-block-heading\"> V\u00e1rios crit\u00e9rios com XLOOKUP (m\u00e9todo de coluna auxiliar)<\/h2><ol><li> Primeiro, adicione uma nova coluna para usar como coluna auxiliar. <br><img loading=\"lazy\" decoding=\"async\" title=\"2-adicionar nova coluna\" src=\"https:\/\/exceladvisor.org\/wp-content\/uploads\/2023\/08\/2-ajouter-une-nouvelle-colonne.png\" sizes=\"auto, \" srcset=\"\" alt=\"add-new-column\" width=\"524\" height=\"238\"><\/li><li> Agora, na coluna do assistente, voc\u00ea precisa combinar o n\u00famero e o nome da matr\u00edcula do aluno. <br><img loading=\"lazy\" decoding=\"async\" title=\"3-combinar dados em uma nova coluna\" src=\"https:\/\/exceladvisor.org\/wp-content\/uploads\/2023\/08\/3-combiner-les-donnees-dans-une-nouvelle-colonne.png\" sizes=\"auto, \" srcset=\"\" alt=\"combine-data-in-new-column\" width=\"523\" height=\"221\"><\/li><li> Depois disso, crie o valor concatenado a ser pesquisado. Em seguida, em duas c\u00e9lulas, escreva o n\u00famero e o nome da matr\u00edcula do aluno. <br><img loading=\"lazy\" decoding=\"async\" title=\"4-criar valor concatenado\" src=\"https:\/\/exceladvisor.org\/wp-content\/uploads\/2023\/08\/4-creer-une-valeur-concatenee.png\" sizes=\"auto, \" srcset=\"\" alt=\"create-concatenated-value\" width=\"665\" height=\"183\"><\/li><li> Em seguida, insira XLOOKUP e combine os valores da chamada F2 e G2 para usar como valor de pesquisa na fun\u00e7\u00e3o. <br><img loading=\"lazy\" decoding=\"async\" title=\"5-xlookup-com-valores combinados\" src=\"https:\/\/exceladvisor.org\/wp-content\/uploads\/2023\/08\/5-xlookup-avec-des-valeurs-combinees.png\" sizes=\"auto, \" srcset=\"\" alt=\"xlookup-with-combined-values\" width=\"428\" height=\"97\"><\/li><li> A partir da\u00ed, consulte a coluna de assist\u00eancia como lookup_array e a coluna de pontua\u00e7\u00e3o como return_array. <br><img loading=\"lazy\" decoding=\"async\" title=\"6-consulte-a-coluna-de-ajuda-como-tabela-de-pesquisa\" src=\"https:\/\/exceladvisor.org\/wp-content\/uploads\/2023\/08\/6-se-referer-a-la-colonne-dassistance-en-tant-que-tableau-de-recherche.png\" sizes=\"auto, \" srcset=\"\" alt=\"refer-to-helper-column-as-lookup-array\" width=\"693\" height=\"353\"><\/li><li> No final, pressione Enter para obter o resultado. <br><img loading=\"lazy\" decoding=\"async\" title=\"7-xlookup-resultado-com-m\u00faltiplos-crit\u00e9rios\" src=\"https:\/\/exceladvisor.org\/wp-content\/uploads\/2023\/08\/7-resultat-xlookup-avec-plusieurs-criteres.png\" sizes=\"auto, \" srcset=\"\" alt=\"xlookup-result-with-multiple-criteria\" width=\"673\" height=\"266\"><\/li><\/ol><p> Voc\u00ea pode usar os outros argumentos opcionais em XLOOKUP, se desejar.<\/p><h2 class=\"wp-block-heading\"> V\u00e1rios crit\u00e9rios com XLOOKUP (m\u00e9todo array)<\/h2><p> Voc\u00ea pode usar uma tabela se n\u00e3o quiser usar a coluna auxiliar. Vamos come\u00e7ar escrevendo esta f\u00f3rmula e depois aprender como ela funciona.<\/p><ol><li> Insira XLOOKUP em uma c\u00e9lula e em valor_procurado insira 1. <br><img loading=\"lazy\" decoding=\"async\" title=\"M\u00e9todo 8-xlookup-array\" src=\"https:\/\/exceladvisor.org\/wp-content\/uploads\/2023\/08\/8-methode-de-tableau-xlookup.png\" sizes=\"auto, \" srcset=\"\" alt=\"xlookup-array-method\" width=\"673\" height=\"258\"><\/li><li> Agora precisamos criar uma tabela para encontrar o n\u00famero do rolo na coluna do n\u00famero do rolo e o nome na coluna do nome. Portanto, insira (A2:A20=E2)*(B2:B20=F2) na tabela de pesquisa. <br><img loading=\"lazy\" decoding=\"async\" title=\"9-crie um quadro\" src=\"https:\/\/exceladvisor.org\/wp-content\/uploads\/2023\/08\/9-creer-un-tableau.png\" sizes=\"auto, \" srcset=\"\" alt=\"create-an-array\" width=\"630\" height=\"119\"><\/li><li> Depois disso, no return_array, consulte a coluna de pontua\u00e7\u00e3o. <br><img loading=\"lazy\" decoding=\"async\" title=\"10-em-return-array-refer-outra-coluna\" src=\"https:\/\/exceladvisor.org\/wp-content\/uploads\/2023\/08\/10-dans-le-tableau-de-retour-renvoient-a-une-autre-colonne.png\" sizes=\"auto, \" srcset=\"\" alt=\"in-return-array-refer-another-column\" width=\"694\" height=\"91\"><\/li><li> Ao final, feche a fun\u00e7\u00e3o e pressione Enter para obter o resultado. <br><img loading=\"lazy\" decoding=\"async\" title=\"11-obtenha o resultado\" src=\"https:\/\/exceladvisor.org\/wp-content\/uploads\/2023\/08\/11-obtenir-le-resultat.png\" sizes=\"auto, \" srcset=\"\" alt=\"get-the-result\" width=\"632\" height=\"383\"><\/li><\/ol><p> As tabelas s\u00e3o o que tornam esta f\u00f3rmula poderosa. <\/p><div class=\"wp-block-image\"><figure class=\"aligncenter size-full is-resized\"><img loading=\"lazy\" decoding=\"async\" class=\"wp-image-85871\" src=\"https:\/\/exceladvisor.org\/wp-content\/uploads\/2023\/08\/12-tableaux-rendent-la-formule-puissante.png\" sizes=\"auto, \" srcset=\"\" alt=\"tabelas-fazem-f\u00f3rmula-poderosas\" width=\"643\" height=\"71\"><\/figure><\/div><p> Vamos entender isso em detalhes.<\/p><p> Na primeira parte da tabela testamos o nome na coluna nome e ele retornou um array com TRUE e FALSE. <\/p><div class=\"wp-block-image\"><figure class=\"aligncenter size-full is-resized\"><img loading=\"lazy\" decoding=\"async\" class=\"wp-image-85872\" src=\"https:\/\/exceladvisor.org\/wp-content\/uploads\/2023\/08\/13-tableau-renvoie-vrai-ou-faux.png\" sizes=\"auto, \" srcset=\"\" alt=\"matriz-retorna-verdadeiro-ou-falso\" width=\"565\" height=\"227\"><\/figure><\/div><p> Voc\u00ea pode ver que temos TRUE na sexta posi\u00e7\u00e3o da tabela, que \u00e9 a posi\u00e7\u00e3o do nome que procuramos na coluna do nome. <\/p><div class=\"wp-block-image\"><figure class=\"aligncenter size-full is-resized\"><img loading=\"lazy\" decoding=\"async\" class=\"wp-image-85873\" src=\"https:\/\/exceladvisor.org\/wp-content\/uploads\/2023\/08\/14-vrai-fait-reference-a-la-position-de-la-valeur-referencee.png\" sizes=\"auto, \" srcset=\"\" alt=\"verdadeiro-refere-se-\u00e0-posi\u00e7\u00e3o-do-valor-referido\" width=\"684\" height=\"355\"><\/figure><\/div><p> O mesmo acontece na segunda tabela, onde temos TRUE para o n\u00famero da fun\u00e7\u00e3o que procuramos. <\/p><div class=\"wp-block-image\"><figure class=\"aligncenter size-full is-resized\"><img loading=\"lazy\" decoding=\"async\" class=\"wp-image-85874\" src=\"https:\/\/exceladvisor.org\/wp-content\/uploads\/2023\/08\/15-vrai-pour-une-autre-valeur-de-recherche.png\" sizes=\"auto, \" srcset=\"\" alt=\"valor verdadeiro para outro valor de pesquisa\" width=\"642\" height=\"375\"><\/figure><\/div><p> Al\u00e9m disso, ao multiplicar as duas matrizes, voc\u00ea obt\u00e9m uma nova matriz com 0 e 1. Nessa matriz, 1 est\u00e1 na sexta posi\u00e7\u00e3o. <\/p><div class=\"wp-block-image\"><figure class=\"aligncenter size-full is-resized\"><img loading=\"lazy\" decoding=\"async\" class=\"wp-image-85875\" src=\"https:\/\/exceladvisor.org\/wp-content\/uploads\/2023\/08\/16-multiplier-les-deux-tableaux.png\" sizes=\"auto, \" srcset=\"\" alt=\"multiplicar ambas as matrizes\" width=\"700\" height=\"63\"><\/figure><\/div><p> Temos lookup_value 1 na fun\u00e7\u00e3o e o array em lookup_array 1 est\u00e1 na sexta posi\u00e7\u00e3o. \u00c9 por isso que XLOOKUP retorna a pontua\u00e7\u00e3o da sexta posi\u00e7\u00e3o. <\/p><div class=\"gb-container gb-container-52dfcee1 gb-container-sample-file\"><h2 class=\"gb-headline gb-headline-e289c143 gb-headline-text gb-headline-4f7959c2\"> Obtenha o arquivo Excel<\/h2> <a class=\"gb-button gb-button-e88d6bee gb-button-text gb-button-button1\" href=\"https:\/\/exceladvisor.org\/wp-content\/uploads\/2023\/08\/xlookup-plusieurs-criteres-2.xlsx\" rel=\"nofollow\">Download<\/a><\/div>","protected":false},"excerpt":{"rendered":"","protected":false},"author":1,"featured_media":0,"parent":0,"menu_order":0,"comment_status":"open","ping_status":"closed","template":"","meta":{"ub_ctt_via":"","footnotes":""},"class_list":["post-253","page","type-page","status-publish","hentry"],"featured_image_src":null,"yoast_head":"<!-- This site is optimized with the Yoast SEO plugin v25.4 - https:\/\/yoast.com\/wordpress\/plugins\/seo\/ -->\n<title>XLOOKUP com m\u00faltiplos crit\u00e9rios no Excel \u2013 Excel Advisor<\/title>\n<meta name=\"description\" content=\"Este tutorial vai te ensinar como escrever uma f\u00f3rmula Excel para usar XLOOKUP com diversos crit\u00e9rios. Vamos verificar isso...\" \/>\n<meta name=\"robots\" content=\"index, follow, max-snippet:-1, max-image-preview:large, max-video-preview:-1\" \/>\n<link rel=\"canonical\" href=\"https:\/\/exceladvisor.org\/pt\/xlookup-com-varios-criterios\/\" \/>\n<meta property=\"og:locale\" content=\"pt_PT\" \/>\n<meta property=\"og:type\" content=\"article\" \/>\n<meta property=\"og:title\" content=\"XLOOKUP com m\u00faltiplos crit\u00e9rios no Excel \u2013 Excel Advisor\" \/>\n<meta property=\"og:description\" content=\"Este tutorial vai te ensinar como escrever uma f\u00f3rmula Excel para usar XLOOKUP com diversos crit\u00e9rios. Vamos verificar isso...\" \/>\n<meta property=\"og:url\" content=\"https:\/\/exceladvisor.org\/pt\/xlookup-com-varios-criterios\/\" \/>\n<meta property=\"og:site_name\" content=\"Excel Advisor\" \/>\n<meta property=\"article:modified_time\" content=\"2023-12-06T11:51:44+00:00\" \/>\n<meta property=\"og:image\" content=\"https:\/\/exceladvisor.org\/wp-content\/uploads\/2023\/08\/1-xlookup-avec-plusieurs-criteres.png\" \/>\n<meta name=\"twitter:card\" content=\"summary_large_image\" \/>\n<meta name=\"twitter:label1\" content=\"Tempo estimado de leitura\" \/>\n\t<meta name=\"twitter:data1\" content=\"2 minutos\" \/>\n<script type=\"application\/ld+json\" class=\"yoast-schema-graph\">{\"@context\":\"https:\/\/schema.org\",\"@graph\":[{\"@type\":\"WebPage\",\"@id\":\"https:\/\/exceladvisor.org\/pt\/xlookup-com-varios-criterios\/\",\"url\":\"https:\/\/exceladvisor.org\/pt\/xlookup-com-varios-criterios\/\",\"name\":\"XLOOKUP com m\u00faltiplos crit\u00e9rios no Excel \u2013 Excel Advisor\",\"isPartOf\":{\"@id\":\"https:\/\/exceladvisor.org\/pt\/#website\"},\"primaryImageOfPage\":{\"@id\":\"https:\/\/exceladvisor.org\/pt\/xlookup-com-varios-criterios\/#primaryimage\"},\"image\":{\"@id\":\"https:\/\/exceladvisor.org\/pt\/xlookup-com-varios-criterios\/#primaryimage\"},\"thumbnailUrl\":\"https:\/\/exceladvisor.org\/wp-content\/uploads\/2023\/08\/1-xlookup-avec-plusieurs-criteres.png\",\"datePublished\":\"2023-11-08T22:51:33+00:00\",\"dateModified\":\"2023-12-06T11:51:44+00:00\",\"description\":\"Este tutorial vai te ensinar como escrever uma f\u00f3rmula Excel para usar XLOOKUP com diversos crit\u00e9rios. Vamos verificar isso...\",\"breadcrumb\":{\"@id\":\"https:\/\/exceladvisor.org\/pt\/xlookup-com-varios-criterios\/#breadcrumb\"},\"inLanguage\":\"pt-PT\",\"potentialAction\":[{\"@type\":\"ReadAction\",\"target\":[\"https:\/\/exceladvisor.org\/pt\/xlookup-com-varios-criterios\/\"]}]},{\"@type\":\"ImageObject\",\"inLanguage\":\"pt-PT\",\"@id\":\"https:\/\/exceladvisor.org\/pt\/xlookup-com-varios-criterios\/#primaryimage\",\"url\":\"https:\/\/exceladvisor.org\/wp-content\/uploads\/2023\/08\/1-xlookup-avec-plusieurs-criteres.png\",\"contentUrl\":\"https:\/\/exceladvisor.org\/wp-content\/uploads\/2023\/08\/1-xlookup-avec-plusieurs-criteres.png\"},{\"@type\":\"BreadcrumbList\",\"@id\":\"https:\/\/exceladvisor.org\/pt\/xlookup-com-varios-criterios\/#breadcrumb\",\"itemListElement\":[{\"@type\":\"ListItem\",\"position\":1,\"name\":\"Lar\",\"item\":\"https:\/\/exceladvisor.org\/pt\/\"},{\"@type\":\"ListItem\",\"position\":2,\"name\":\"Xlookup com m\u00faltiplos crit\u00e9rios no excel\"}]},{\"@type\":\"WebSite\",\"@id\":\"https:\/\/exceladvisor.org\/pt\/#website\",\"url\":\"https:\/\/exceladvisor.org\/pt\/\",\"name\":\"Excel Advisor\",\"description\":\"O seu guia definitivo para dominar os dados!\",\"publisher\":{\"@id\":\"https:\/\/exceladvisor.org\/pt\/#organization\"},\"potentialAction\":[{\"@type\":\"SearchAction\",\"target\":{\"@type\":\"EntryPoint\",\"urlTemplate\":\"https:\/\/exceladvisor.org\/pt\/?s={search_term_string}\"},\"query-input\":{\"@type\":\"PropertyValueSpecification\",\"valueRequired\":true,\"valueName\":\"search_term_string\"}}],\"inLanguage\":\"pt-PT\"},{\"@type\":\"Organization\",\"@id\":\"https:\/\/exceladvisor.org\/pt\/#organization\",\"name\":\"Excel Advisor\",\"url\":\"https:\/\/exceladvisor.org\/pt\/\",\"logo\":{\"@type\":\"ImageObject\",\"inLanguage\":\"pt-PT\",\"@id\":\"https:\/\/exceladvisor.org\/pt\/#\/schema\/logo\/image\/\",\"url\":\"https:\/\/exceladvisor.org\/pt\/wp-content\/uploads\/2023\/12\/exceladvisor.org_.png\",\"contentUrl\":\"https:\/\/exceladvisor.org\/pt\/wp-content\/uploads\/2023\/12\/exceladvisor.org_.png\",\"width\":105,\"height\":36,\"caption\":\"Excel Advisor\"},\"image\":{\"@id\":\"https:\/\/exceladvisor.org\/pt\/#\/schema\/logo\/image\/\"}}]}<\/script>\n<!-- \/ Yoast SEO plugin. -->","yoast_head_json":{"title":"XLOOKUP com m\u00faltiplos crit\u00e9rios no Excel \u2013 Excel Advisor","description":"Este tutorial vai te ensinar como escrever uma f\u00f3rmula Excel para usar XLOOKUP com diversos crit\u00e9rios. Vamos verificar isso...","robots":{"index":"index","follow":"follow","max-snippet":"max-snippet:-1","max-image-preview":"max-image-preview:large","max-video-preview":"max-video-preview:-1"},"canonical":"https:\/\/exceladvisor.org\/pt\/xlookup-com-varios-criterios\/","og_locale":"pt_PT","og_type":"article","og_title":"XLOOKUP com m\u00faltiplos crit\u00e9rios no Excel \u2013 Excel Advisor","og_description":"Este tutorial vai te ensinar como escrever uma f\u00f3rmula Excel para usar XLOOKUP com diversos crit\u00e9rios. Vamos verificar isso...","og_url":"https:\/\/exceladvisor.org\/pt\/xlookup-com-varios-criterios\/","og_site_name":"Excel Advisor","article_modified_time":"2023-12-06T11:51:44+00:00","og_image":[{"url":"https:\/\/exceladvisor.org\/wp-content\/uploads\/2023\/08\/1-xlookup-avec-plusieurs-criteres.png","type":"","width":"","height":""}],"twitter_card":"summary_large_image","twitter_misc":{"Tempo estimado de leitura":"2 minutos"},"schema":{"@context":"https:\/\/schema.org","@graph":[{"@type":"WebPage","@id":"https:\/\/exceladvisor.org\/pt\/xlookup-com-varios-criterios\/","url":"https:\/\/exceladvisor.org\/pt\/xlookup-com-varios-criterios\/","name":"XLOOKUP com m\u00faltiplos crit\u00e9rios no Excel \u2013 Excel Advisor","isPartOf":{"@id":"https:\/\/exceladvisor.org\/pt\/#website"},"primaryImageOfPage":{"@id":"https:\/\/exceladvisor.org\/pt\/xlookup-com-varios-criterios\/#primaryimage"},"image":{"@id":"https:\/\/exceladvisor.org\/pt\/xlookup-com-varios-criterios\/#primaryimage"},"thumbnailUrl":"https:\/\/exceladvisor.org\/wp-content\/uploads\/2023\/08\/1-xlookup-avec-plusieurs-criteres.png","datePublished":"2023-11-08T22:51:33+00:00","dateModified":"2023-12-06T11:51:44+00:00","description":"Este tutorial vai te ensinar como escrever uma f\u00f3rmula Excel para usar XLOOKUP com diversos crit\u00e9rios. Vamos verificar isso...","breadcrumb":{"@id":"https:\/\/exceladvisor.org\/pt\/xlookup-com-varios-criterios\/#breadcrumb"},"inLanguage":"pt-PT","potentialAction":[{"@type":"ReadAction","target":["https:\/\/exceladvisor.org\/pt\/xlookup-com-varios-criterios\/"]}]},{"@type":"ImageObject","inLanguage":"pt-PT","@id":"https:\/\/exceladvisor.org\/pt\/xlookup-com-varios-criterios\/#primaryimage","url":"https:\/\/exceladvisor.org\/wp-content\/uploads\/2023\/08\/1-xlookup-avec-plusieurs-criteres.png","contentUrl":"https:\/\/exceladvisor.org\/wp-content\/uploads\/2023\/08\/1-xlookup-avec-plusieurs-criteres.png"},{"@type":"BreadcrumbList","@id":"https:\/\/exceladvisor.org\/pt\/xlookup-com-varios-criterios\/#breadcrumb","itemListElement":[{"@type":"ListItem","position":1,"name":"Lar","item":"https:\/\/exceladvisor.org\/pt\/"},{"@type":"ListItem","position":2,"name":"Xlookup com m\u00faltiplos crit\u00e9rios no excel"}]},{"@type":"WebSite","@id":"https:\/\/exceladvisor.org\/pt\/#website","url":"https:\/\/exceladvisor.org\/pt\/","name":"Excel Advisor","description":"O seu guia definitivo para dominar os dados!","publisher":{"@id":"https:\/\/exceladvisor.org\/pt\/#organization"},"potentialAction":[{"@type":"SearchAction","target":{"@type":"EntryPoint","urlTemplate":"https:\/\/exceladvisor.org\/pt\/?s={search_term_string}"},"query-input":{"@type":"PropertyValueSpecification","valueRequired":true,"valueName":"search_term_string"}}],"inLanguage":"pt-PT"},{"@type":"Organization","@id":"https:\/\/exceladvisor.org\/pt\/#organization","name":"Excel Advisor","url":"https:\/\/exceladvisor.org\/pt\/","logo":{"@type":"ImageObject","inLanguage":"pt-PT","@id":"https:\/\/exceladvisor.org\/pt\/#\/schema\/logo\/image\/","url":"https:\/\/exceladvisor.org\/pt\/wp-content\/uploads\/2023\/12\/exceladvisor.org_.png","contentUrl":"https:\/\/exceladvisor.org\/pt\/wp-content\/uploads\/2023\/12\/exceladvisor.org_.png","width":105,"height":36,"caption":"Excel Advisor"},"image":{"@id":"https:\/\/exceladvisor.org\/pt\/#\/schema\/logo\/image\/"}}]}},"yoast_meta":{"yoast_wpseo_title":"","yoast_wpseo_metadesc":"","yoast_wpseo_canonical":""},"_links":{"self":[{"href":"https:\/\/exceladvisor.org\/pt\/wp-json\/wp\/v2\/pages\/253","targetHints":{"allow":["GET"]}}],"collection":[{"href":"https:\/\/exceladvisor.org\/pt\/wp-json\/wp\/v2\/pages"}],"about":[{"href":"https:\/\/exceladvisor.org\/pt\/wp-json\/wp\/v2\/types\/page"}],"author":[{"embeddable":true,"href":"https:\/\/exceladvisor.org\/pt\/wp-json\/wp\/v2\/users\/1"}],"replies":[{"embeddable":true,"href":"https:\/\/exceladvisor.org\/pt\/wp-json\/wp\/v2\/comments?post=253"}],"version-history":[{"count":1,"href":"https:\/\/exceladvisor.org\/pt\/wp-json\/wp\/v2\/pages\/253\/revisions"}],"predecessor-version":[{"id":1499,"href":"https:\/\/exceladvisor.org\/pt\/wp-json\/wp\/v2\/pages\/253\/revisions\/1499"}],"wp:attachment":[{"href":"https:\/\/exceladvisor.org\/pt\/wp-json\/wp\/v2\/media?parent=253"}],"curies":[{"name":"wp","href":"https:\/\/api.w.org\/{rel}","templated":true}]}}