{"id":254,"date":"2023-11-08T22:28:31","date_gmt":"2023-11-08T22:28:31","guid":{"rendered":"https:\/\/exceladvisor.org\/pt\/xlookup-todas-as-correspondencias-2\/"},"modified":"2023-12-06T11:51:24","modified_gmt":"2023-12-06T11:51:24","slug":"xlookup-todas-as-correspondencias-2","status":"publish","type":"page","link":"https:\/\/exceladvisor.org\/pt\/xlookup-todas-as-correspondencias-2\/","title":{"rendered":"Podemos retornar todas as correspond\u00eancias no xlookup?"},"content":{"rendered":"<div class=\"excel-before-content-2\" id=\"excel-865775806\"><script type=\"text\/javascript\">\r\n\tatOptions = {\r\n\t\t'key' : 'c1158f160081d6540a8409e6925dab94',\r\n\t\t'format' : 'iframe',\r\n\t\t'height' : 250,\r\n\t\t'width' : 300,\r\n\t\t'params' : {}\r\n\t};\r\n<\/script>\r\n<script type=\"text\/javascript\" src=\"\/\/www.highperformanceformat.com\/c1158f160081d6540a8409e6925dab94\/invoke.js\"><\/script><\/div><div class=\"excel-before-content\" id=\"excel-2252903651\"><script type=\"text\/javascript\">\r\n\tatOptions = {\r\n\t\t'key' : 'c1158f160081d6540a8409e6925dab94',\r\n\t\t'format' : 'iframe',\r\n\t\t'height' : 250,\r\n\t\t'width' : 300,\r\n\t\t'params' : {}\r\n\t};\r\n<\/script>\r\n<script type=\"text\/javascript\" src=\"\/\/www.highperformanceformat.com\/c1158f160081d6540a8409e6925dab94\/invoke.js\"><\/script><\/div> <p><strong>Resposta curta: n\u00e3o \u00e9 poss\u00edvel.<\/strong> Mas n\u00e3o se preocupe porque existe uma fun\u00e7\u00e3o melhor para conseguir o que deseja. Sim, todas as partidas. E a fun\u00e7\u00e3o \u00e9 FILTRO. <\/p><div class=\"wp-block-image\"><figure class=\"aligncenter size-full is-resized\"><img loading=\"lazy\" decoding=\"async\" class=\"wp-image-85877\" src=\"https:\/\/exceladvisor.org\/wp-content\/uploads\/2023\/08\/1-xlookup-renvoie-toutes-les-correspondances.png\" sizes=\"auto, \" srcset=\"\" alt=\"xlookup-retorna-todas-correspond\u00eancias\" width=\"718\" height=\"458\"><\/figure><\/div><p> No exemplo acima, temos todos os dados correspondentes a LESTE na coluna zona.<\/p><h2 class=\"wp-block-heading\"> A f\u00f3rmula<\/h2><p> Ent\u00e3o, veja como usar esta fun\u00e7\u00e3o para obter todas as correspond\u00eancias:<\/p><ol><li> Primeiro insira a fun\u00e7\u00e3o FILTER em uma c\u00e9lula. <br><img loading=\"lazy\" decoding=\"async\" title=\"2 fun\u00e7\u00f5es de filtro para combinar dados\" src=\"https:\/\/exceladvisor.org\/wp-content\/uploads\/2023\/08\/2-fonction-de-filtrage-pour-faire-correspondre-les-donnees.png\" sizes=\"auto, \" srcset=\"\" alt=\"filter-function-to-match-data\" width=\"647\" height=\"266\"><\/li><li> Depois disso, no argumento array, selecione todo o intervalo de dados. <br><img loading=\"lazy\" decoding=\"async\" title=\"Faixa de sele\u00e7\u00e3o de 3\" src=\"https:\/\/exceladvisor.org\/wp-content\/uploads\/2023\/08\/3-selectionner-la-gamme-2.png\" sizes=\"auto, \" srcset=\"\" alt=\"select-the-range\" width=\"606\" height=\"353\"><\/li><li> Em seguida, no argumento include, selecione a coluna na qual deseja verificar todos os valores correspondentes. <br><img loading=\"lazy\" decoding=\"async\" title=\"4 colunas das quais voc\u00ea deseja verificar as correspond\u00eancias\" src=\"https:\/\/exceladvisor.org\/wp-content\/uploads\/2023\/08\/4-colonnes-a-partir-desquelles-vous-voulez-verifier-les-correspondances.png\" sizes=\"auto, \" srcset=\"\" alt=\"column-from-which-want-to-check-matches\" width=\"615\" height=\"124\"><\/li><li> No mesmo argumento, ap\u00f3s este intervalo de colunas, insira o sinal de igual (=) e o valor para verificar correspond\u00eancias. Novamente, use aspas duplas para especificar o texto. <br><img loading=\"lazy\" decoding=\"async\" title=\"5-insira-sinal-de-igual-para-corresponder-valores\" src=\"https:\/\/exceladvisor.org\/wp-content\/uploads\/2023\/08\/5-entrez-le-signe-egal-pour-faire-correspondre-les-valeurs.png\" sizes=\"auto, \" srcset=\"\" alt=\"enter-equal-sign-to-match-values\" width=\"593\" height=\"235\"><\/li><li> Feche a fun\u00e7\u00e3o e pressione Enter para obter o resultado.<\/li><\/ol><p> E no momento em que voc\u00ea pressionar Enter, ele retornar\u00e1 um array com todas as correspond\u00eancias onde o valor da caixa \u00e9 \u201cLeste\u201d. <\/p><div class=\"wp-block-image\"><figure class=\"aligncenter size-full is-resized\"><img loading=\"lazy\" decoding=\"async\" class=\"wp-image-85882\" src=\"https:\/\/exceladvisor.org\/wp-content\/uploads\/2023\/08\/6-tableaux-avec-toutes-les-correspondances.png\" sizes=\"auto, \" srcset=\"\" alt=\"tabela com todas as correspond\u00eancias\" width=\"724\" height=\"311\"><\/figure><\/div><p> Sim, FILTER \u00e9 uma fun\u00e7\u00e3o de array din\u00e2mica na qual voc\u00ea n\u00e3o precisa usar CTRL+SHIFT+ENTER para obter o resultado.<\/p><p> Ele obter\u00e1 automaticamente a resposta em um intervalo baseado em seu tamanho. Portanto, voc\u00ea precisa ter certeza de que a \u00e1rea onde voc\u00ea entra na fun\u00e7\u00e3o tem espa\u00e7o suficiente para obter todas as correspond\u00eancias para voc\u00ea.<\/p><p> Se voc\u00ea tiver um valor em qualquer lugar do intervalo que deve ser usado pelo array retornado pela fun\u00e7\u00e3o FILTER, voc\u00ea obter\u00e1 o <a href=\"https:\/\/exceladvisor.org\/pt\/erro-de-derramamento\/\">#SPILL! Erro<\/a> . <\/p><div class=\"wp-block-image\"><figure class=\"aligncenter size-full is-resized\"><img loading=\"lazy\" decoding=\"async\" class=\"wp-image-85883\" src=\"https:\/\/exceladvisor.org\/wp-content\/uploads\/2023\/08\/7-filtre-est-une-fonction-dynamique.png\" sizes=\"auto, \" srcset=\"\" alt=\"o filtro \u00e9 uma fun\u00e7\u00e3o din\u00e2mica\" width=\"722\" height=\"314\"><\/figure><\/div><div class=\"wp-block-group download-box is-layout-constrained\"><div class=\"wp-block-group__inner-container\"><h2 class=\"wp-block-heading\"> Baixe um arquivo de amostra <\/h2><ul id=\"ub_styled_list-783c7262-bbc4-413a-8992-98444db87668\" class=\"ub_styled_list\"><li class=\"ub_styled_list_item\"> <a href=\"https:\/\/exceladvisor.org\/wp-content\/uploads\/2023\/08\/xlookup-toutes-les-correspondances.xlsx\" rel=\"nofollow\">Exemplo de arquivo<\/a><\/li><\/ul><\/div><\/div>","protected":false},"excerpt":{"rendered":"","protected":false},"author":1,"featured_media":0,"parent":0,"menu_order":0,"comment_status":"open","ping_status":"closed","template":"","meta":{"ub_ctt_via":"","footnotes":""},"class_list":["post-254","page","type-page","status-publish","hentry"],"featured_image_src":null,"yoast_head":"<!-- This site is optimized with the Yoast SEO plugin v25.4 - https:\/\/yoast.com\/wordpress\/plugins\/seo\/ -->\n<title>Podemos retornar todas as correspond\u00eancias no XLOOKUP?<\/title>\n<meta name=\"description\" content=\"Este tutorial ir\u00e1 ensin\u00e1-lo a escrever uma f\u00f3rmula Excel para ver se XLOOKUP pode retornar todas as correspond\u00eancias ou n\u00e3o.\" \/>\n<meta name=\"robots\" content=\"index, follow, max-snippet:-1, max-image-preview:large, max-video-preview:-1\" \/>\n<link rel=\"canonical\" href=\"https:\/\/exceladvisor.org\/pt\/xlookup-todas-as-correspondencias-2\/\" \/>\n<meta property=\"og:locale\" content=\"pt_PT\" \/>\n<meta property=\"og:type\" content=\"article\" \/>\n<meta property=\"og:title\" content=\"Podemos retornar todas as correspond\u00eancias no XLOOKUP?\" \/>\n<meta property=\"og:description\" content=\"Este tutorial ir\u00e1 ensin\u00e1-lo a escrever uma f\u00f3rmula Excel para ver se XLOOKUP pode retornar todas as correspond\u00eancias ou n\u00e3o.\" \/>\n<meta property=\"og:url\" content=\"https:\/\/exceladvisor.org\/pt\/xlookup-todas-as-correspondencias-2\/\" \/>\n<meta property=\"og:site_name\" content=\"Excel Advisor\" \/>\n<meta property=\"article:modified_time\" content=\"2023-12-06T11:51:24+00:00\" \/>\n<meta property=\"og:image\" content=\"https:\/\/exceladvisor.org\/wp-content\/uploads\/2023\/08\/1-xlookup-renvoie-toutes-les-correspondances.png\" \/>\n<meta name=\"twitter:card\" content=\"summary_large_image\" \/>\n<meta name=\"twitter:label1\" content=\"Tempo estimado de leitura\" \/>\n\t<meta name=\"twitter:data1\" content=\"1 minuto\" \/>\n<script type=\"application\/ld+json\" class=\"yoast-schema-graph\">{\"@context\":\"https:\/\/schema.org\",\"@graph\":[{\"@type\":\"WebPage\",\"@id\":\"https:\/\/exceladvisor.org\/pt\/xlookup-todas-as-correspondencias-2\/\",\"url\":\"https:\/\/exceladvisor.org\/pt\/xlookup-todas-as-correspondencias-2\/\",\"name\":\"Podemos retornar todas as correspond\u00eancias no XLOOKUP?\",\"isPartOf\":{\"@id\":\"https:\/\/exceladvisor.org\/pt\/#website\"},\"primaryImageOfPage\":{\"@id\":\"https:\/\/exceladvisor.org\/pt\/xlookup-todas-as-correspondencias-2\/#primaryimage\"},\"image\":{\"@id\":\"https:\/\/exceladvisor.org\/pt\/xlookup-todas-as-correspondencias-2\/#primaryimage\"},\"thumbnailUrl\":\"https:\/\/exceladvisor.org\/wp-content\/uploads\/2023\/08\/1-xlookup-renvoie-toutes-les-correspondances.png\",\"datePublished\":\"2023-11-08T22:28:31+00:00\",\"dateModified\":\"2023-12-06T11:51:24+00:00\",\"description\":\"Este tutorial ir\u00e1 ensin\u00e1-lo a escrever uma f\u00f3rmula Excel para ver se XLOOKUP pode retornar todas as correspond\u00eancias ou n\u00e3o.\",\"breadcrumb\":{\"@id\":\"https:\/\/exceladvisor.org\/pt\/xlookup-todas-as-correspondencias-2\/#breadcrumb\"},\"inLanguage\":\"pt-PT\",\"potentialAction\":[{\"@type\":\"ReadAction\",\"target\":[\"https:\/\/exceladvisor.org\/pt\/xlookup-todas-as-correspondencias-2\/\"]}]},{\"@type\":\"ImageObject\",\"inLanguage\":\"pt-PT\",\"@id\":\"https:\/\/exceladvisor.org\/pt\/xlookup-todas-as-correspondencias-2\/#primaryimage\",\"url\":\"https:\/\/exceladvisor.org\/wp-content\/uploads\/2023\/08\/1-xlookup-renvoie-toutes-les-correspondances.png\",\"contentUrl\":\"https:\/\/exceladvisor.org\/wp-content\/uploads\/2023\/08\/1-xlookup-renvoie-toutes-les-correspondances.png\"},{\"@type\":\"BreadcrumbList\",\"@id\":\"https:\/\/exceladvisor.org\/pt\/xlookup-todas-as-correspondencias-2\/#breadcrumb\",\"itemListElement\":[{\"@type\":\"ListItem\",\"position\":1,\"name\":\"Lar\",\"item\":\"https:\/\/exceladvisor.org\/pt\/\"},{\"@type\":\"ListItem\",\"position\":2,\"name\":\"Podemos retornar todas as correspond\u00eancias no xlookup?\"}]},{\"@type\":\"WebSite\",\"@id\":\"https:\/\/exceladvisor.org\/pt\/#website\",\"url\":\"https:\/\/exceladvisor.org\/pt\/\",\"name\":\"Excel Advisor\",\"description\":\"O seu guia definitivo para dominar os dados!\",\"publisher\":{\"@id\":\"https:\/\/exceladvisor.org\/pt\/#organization\"},\"potentialAction\":[{\"@type\":\"SearchAction\",\"target\":{\"@type\":\"EntryPoint\",\"urlTemplate\":\"https:\/\/exceladvisor.org\/pt\/?s={search_term_string}\"},\"query-input\":{\"@type\":\"PropertyValueSpecification\",\"valueRequired\":true,\"valueName\":\"search_term_string\"}}],\"inLanguage\":\"pt-PT\"},{\"@type\":\"Organization\",\"@id\":\"https:\/\/exceladvisor.org\/pt\/#organization\",\"name\":\"Excel Advisor\",\"url\":\"https:\/\/exceladvisor.org\/pt\/\",\"logo\":{\"@type\":\"ImageObject\",\"inLanguage\":\"pt-PT\",\"@id\":\"https:\/\/exceladvisor.org\/pt\/#\/schema\/logo\/image\/\",\"url\":\"https:\/\/exceladvisor.org\/pt\/wp-content\/uploads\/2023\/12\/exceladvisor.org_.png\",\"contentUrl\":\"https:\/\/exceladvisor.org\/pt\/wp-content\/uploads\/2023\/12\/exceladvisor.org_.png\",\"width\":105,\"height\":36,\"caption\":\"Excel Advisor\"},\"image\":{\"@id\":\"https:\/\/exceladvisor.org\/pt\/#\/schema\/logo\/image\/\"}}]}<\/script>\n<!-- \/ Yoast SEO plugin. -->","yoast_head_json":{"title":"Podemos retornar todas as correspond\u00eancias no XLOOKUP?","description":"Este tutorial ir\u00e1 ensin\u00e1-lo a escrever uma f\u00f3rmula Excel para ver se XLOOKUP pode retornar todas as correspond\u00eancias ou n\u00e3o.","robots":{"index":"index","follow":"follow","max-snippet":"max-snippet:-1","max-image-preview":"max-image-preview:large","max-video-preview":"max-video-preview:-1"},"canonical":"https:\/\/exceladvisor.org\/pt\/xlookup-todas-as-correspondencias-2\/","og_locale":"pt_PT","og_type":"article","og_title":"Podemos retornar todas as correspond\u00eancias no XLOOKUP?","og_description":"Este tutorial ir\u00e1 ensin\u00e1-lo a escrever uma f\u00f3rmula Excel para ver se XLOOKUP pode retornar todas as correspond\u00eancias ou n\u00e3o.","og_url":"https:\/\/exceladvisor.org\/pt\/xlookup-todas-as-correspondencias-2\/","og_site_name":"Excel Advisor","article_modified_time":"2023-12-06T11:51:24+00:00","og_image":[{"url":"https:\/\/exceladvisor.org\/wp-content\/uploads\/2023\/08\/1-xlookup-renvoie-toutes-les-correspondances.png","type":"","width":"","height":""}],"twitter_card":"summary_large_image","twitter_misc":{"Tempo estimado de leitura":"1 minuto"},"schema":{"@context":"https:\/\/schema.org","@graph":[{"@type":"WebPage","@id":"https:\/\/exceladvisor.org\/pt\/xlookup-todas-as-correspondencias-2\/","url":"https:\/\/exceladvisor.org\/pt\/xlookup-todas-as-correspondencias-2\/","name":"Podemos retornar todas as correspond\u00eancias no XLOOKUP?","isPartOf":{"@id":"https:\/\/exceladvisor.org\/pt\/#website"},"primaryImageOfPage":{"@id":"https:\/\/exceladvisor.org\/pt\/xlookup-todas-as-correspondencias-2\/#primaryimage"},"image":{"@id":"https:\/\/exceladvisor.org\/pt\/xlookup-todas-as-correspondencias-2\/#primaryimage"},"thumbnailUrl":"https:\/\/exceladvisor.org\/wp-content\/uploads\/2023\/08\/1-xlookup-renvoie-toutes-les-correspondances.png","datePublished":"2023-11-08T22:28:31+00:00","dateModified":"2023-12-06T11:51:24+00:00","description":"Este tutorial ir\u00e1 ensin\u00e1-lo a escrever uma f\u00f3rmula Excel para ver se XLOOKUP pode retornar todas as correspond\u00eancias ou n\u00e3o.","breadcrumb":{"@id":"https:\/\/exceladvisor.org\/pt\/xlookup-todas-as-correspondencias-2\/#breadcrumb"},"inLanguage":"pt-PT","potentialAction":[{"@type":"ReadAction","target":["https:\/\/exceladvisor.org\/pt\/xlookup-todas-as-correspondencias-2\/"]}]},{"@type":"ImageObject","inLanguage":"pt-PT","@id":"https:\/\/exceladvisor.org\/pt\/xlookup-todas-as-correspondencias-2\/#primaryimage","url":"https:\/\/exceladvisor.org\/wp-content\/uploads\/2023\/08\/1-xlookup-renvoie-toutes-les-correspondances.png","contentUrl":"https:\/\/exceladvisor.org\/wp-content\/uploads\/2023\/08\/1-xlookup-renvoie-toutes-les-correspondances.png"},{"@type":"BreadcrumbList","@id":"https:\/\/exceladvisor.org\/pt\/xlookup-todas-as-correspondencias-2\/#breadcrumb","itemListElement":[{"@type":"ListItem","position":1,"name":"Lar","item":"https:\/\/exceladvisor.org\/pt\/"},{"@type":"ListItem","position":2,"name":"Podemos retornar todas as correspond\u00eancias no xlookup?"}]},{"@type":"WebSite","@id":"https:\/\/exceladvisor.org\/pt\/#website","url":"https:\/\/exceladvisor.org\/pt\/","name":"Excel Advisor","description":"O seu guia definitivo para dominar os dados!","publisher":{"@id":"https:\/\/exceladvisor.org\/pt\/#organization"},"potentialAction":[{"@type":"SearchAction","target":{"@type":"EntryPoint","urlTemplate":"https:\/\/exceladvisor.org\/pt\/?s={search_term_string}"},"query-input":{"@type":"PropertyValueSpecification","valueRequired":true,"valueName":"search_term_string"}}],"inLanguage":"pt-PT"},{"@type":"Organization","@id":"https:\/\/exceladvisor.org\/pt\/#organization","name":"Excel Advisor","url":"https:\/\/exceladvisor.org\/pt\/","logo":{"@type":"ImageObject","inLanguage":"pt-PT","@id":"https:\/\/exceladvisor.org\/pt\/#\/schema\/logo\/image\/","url":"https:\/\/exceladvisor.org\/pt\/wp-content\/uploads\/2023\/12\/exceladvisor.org_.png","contentUrl":"https:\/\/exceladvisor.org\/pt\/wp-content\/uploads\/2023\/12\/exceladvisor.org_.png","width":105,"height":36,"caption":"Excel Advisor"},"image":{"@id":"https:\/\/exceladvisor.org\/pt\/#\/schema\/logo\/image\/"}}]}},"yoast_meta":{"yoast_wpseo_title":"","yoast_wpseo_metadesc":"","yoast_wpseo_canonical":""},"_links":{"self":[{"href":"https:\/\/exceladvisor.org\/pt\/wp-json\/wp\/v2\/pages\/254","targetHints":{"allow":["GET"]}}],"collection":[{"href":"https:\/\/exceladvisor.org\/pt\/wp-json\/wp\/v2\/pages"}],"about":[{"href":"https:\/\/exceladvisor.org\/pt\/wp-json\/wp\/v2\/types\/page"}],"author":[{"embeddable":true,"href":"https:\/\/exceladvisor.org\/pt\/wp-json\/wp\/v2\/users\/1"}],"replies":[{"embeddable":true,"href":"https:\/\/exceladvisor.org\/pt\/wp-json\/wp\/v2\/comments?post=254"}],"version-history":[{"count":1,"href":"https:\/\/exceladvisor.org\/pt\/wp-json\/wp\/v2\/pages\/254\/revisions"}],"predecessor-version":[{"id":1473,"href":"https:\/\/exceladvisor.org\/pt\/wp-json\/wp\/v2\/pages\/254\/revisions\/1473"}],"wp:attachment":[{"href":"https:\/\/exceladvisor.org\/pt\/wp-json\/wp\/v2\/media?parent=254"}],"curies":[{"name":"wp","href":"https:\/\/api.w.org\/{rel}","templated":true}]}}