{"id":255,"date":"2023-11-08T21:51:25","date_gmt":"2023-11-08T21:51:25","guid":{"rendered":"https:\/\/exceladvisor.org\/pt\/erro-de-divisao\/"},"modified":"2023-12-06T11:36:32","modified_gmt":"2023-12-06T11:36:32","slug":"erro-de-divisao","status":"publish","type":"page","link":"https:\/\/exceladvisor.org\/pt\/erro-de-divisao\/","title":{"rendered":"Como corrigir o erro #div\/0 no excel?"},"content":{"rendered":"<div class=\"excel-before-content-2\" id=\"excel-3731672494\"><script type=\"text\/javascript\">\r\n\tatOptions = {\r\n\t\t'key' : 'c1158f160081d6540a8409e6925dab94',\r\n\t\t'format' : 'iframe',\r\n\t\t'height' : 250,\r\n\t\t'width' : 300,\r\n\t\t'params' : {}\r\n\t};\r\n<\/script>\r\n<script type=\"text\/javascript\" src=\"\/\/www.highperformanceformat.com\/c1158f160081d6540a8409e6925dab94\/invoke.js\"><\/script><\/div><div class=\"excel-before-content\" id=\"excel-2913894479\"><script type=\"text\/javascript\">\r\n\tatOptions = {\r\n\t\t'key' : 'c1158f160081d6540a8409e6925dab94',\r\n\t\t'format' : 'iframe',\r\n\t\t'height' : 250,\r\n\t\t'width' : 300,\r\n\t\t'params' : {}\r\n\t};\r\n<\/script>\r\n<script type=\"text\/javascript\" src=\"\/\/www.highperformanceformat.com\/c1158f160081d6540a8409e6925dab94\/invoke.js\"><\/script><\/div> <p>No Excel, o #DIV\/0! Ocorre um erro quando voc\u00ea tenta dividir um n\u00famero por zero ou tem um valor equivalente a zero, que pode ser um valor em branco. \u00c9 por isso que voc\u00ea recebe o sinal de #DVI\/0! o que indica que voc\u00ea est\u00e1 tentando dividir um valor por zero.<\/p><p> No exemplo a seguir, voc\u00ea v\u00ea que temos um valor num\u00e9rico na c\u00e9lula A1 e, a seguir, temos um zero na c\u00e9lula B1. Agora, quando voc\u00ea insere uma f\u00f3rmula na c\u00e9lula C1. Voc\u00ea recebe este erro. <\/p><div class=\"wp-block-image\"><figure class=\"aligncenter size-full is-resized\"><img loading=\"lazy\" decoding=\"async\" class=\"wp-image-70613\" src=\"https:\/\/exceladvisor.org\/wp-content\/uploads\/2023\/08\/1-diviser-les-cellules.png\" sizes=\"auto, \" srcset=\"\" alt=\"c\u00e9lulas divididas\" width=\"413\" height=\"307\"><\/figure><\/div><h2 id=\"h-div-0-with-a-blank-cell\" class=\"wp-block-heading\"> #DIV\/0! Com uma cela vazia<\/h2><p> Al\u00e9m disso, se voc\u00ea usar uma refer\u00eancia de c\u00e9lula na f\u00f3rmula e uma das c\u00e9lulas j\u00e1 tiver #DIV\/0! voc\u00ea receber\u00e1 esse erro novamente no resultado. <\/p><div class=\"wp-block-image\"><figure class=\"aligncenter size-full is-resized\"><img loading=\"lazy\" decoding=\"async\" class=\"wp-image-70614\" src=\"https:\/\/exceladvisor.org\/wp-content\/uploads\/2023\/08\/erreur-2-div0.png\" sizes=\"auto, \" srcset=\"\" alt=\"#div0-erro\" width=\"402\" height=\"319\"><\/figure><\/div><h2 id=\"h-div-0-error-with-an-average\" class=\"wp-block-heading\"> #DIV\/0! Erro com uma m\u00e9dia<\/h2><p> Se voc\u00ea usar uma fun\u00e7\u00e3o de m\u00e9dia para calcular a m\u00e9dia de um valor num\u00e9rico e um desses valores for #DIV\/0! Erro, voc\u00ea receber\u00e1 o erro novamente no resultado. Mesmo com outras fun\u00e7\u00f5es m\u00e9dias como AVERAGEA, AVERAGEIF e AVERAGEIFS voc\u00ea encontrar\u00e1 o mesmo problema. <\/p><div class=\"wp-block-image\"><figure class=\"aligncenter size-full is-resized\"><img loading=\"lazy\" decoding=\"async\" class=\"wp-image-70615\" src=\"https:\/\/exceladvisor.org\/wp-content\/uploads\/2023\/08\/erreur-3-div0-avec-moyenne.png\" sizes=\"auto, \" srcset=\"\" alt=\"#div0-erro-com-m\u00e9dia\" width=\"401\" height=\"366\"><\/figure><\/div><h2 id=\"h-how-to-fix-div-0-divide-by-zero-error\" class=\"wp-block-heading\"> Como corrigir #DIV\/0! (Dividido por zero) Erro<\/h2><p> A melhor maneira de corrigir esse erro \u00e9 agrupar a f\u00f3rmula original com a fun\u00e7\u00e3o IFERROR para criar uma condi\u00e7\u00e3o caso ocorra um erro.<\/p><ol type=\"1\"><li> Primeiro, se todos, insira IFERROR na c\u00e9lula C1 e insira os par\u00eanteses iniciais.<\/li><li> Depois disso, no argumento do valor, use a f\u00f3rmula de divis\u00e3o.<\/li><li> Agora insira uma v\u00edrgula e em valor_if_error insira o valor que deseja obter se #DIV\/0! Erro ou qualquer outro erro.<\/li><li> No final, adicione os par\u00eanteses de fechamento e pressione Enter. <\/li><\/ol><div class=\"wp-block-image\"><figure class=\"aligncenter size-full is-resized\"><img loading=\"lazy\" decoding=\"async\" class=\"wp-image-70616\" src=\"https:\/\/exceladvisor.org\/wp-content\/uploads\/2023\/08\/4-corriger-lerreur.png\" sizes=\"auto, \" srcset=\"\" alt=\"corrigir o erro\" width=\"537\" height=\"280\"><\/figure><\/div><pre class=\"wp-block-code\"> <code class=\"language-excel-formula\" lang=\"excel-formula\">=IFERROR(A1\/B1,\"There's an Error\")<\/code><\/pre><p> Esta \u00e9 uma das solu\u00e7\u00f5es para garantir um resultado mais leg\u00edvel ao tentar dividir um n\u00famero por zero (#DIV\/0!).<\/p><h2 id=\"h-using-if-to-fix-div-0-error\" class=\"wp-block-heading\"> Use IF para corrigir #DIV\/0! Erro<\/h2><p> Mas, al\u00e9m disso, voc\u00ea tamb\u00e9m pode usar a condi\u00e7\u00e3o IF para criar um teste se houver um erro e ent\u00e3o substituir esse valor de erro por outra coisa. <\/p><div class=\"wp-block-image\"><figure class=\"aligncenter size-full is-resized\"><img loading=\"lazy\" decoding=\"async\" class=\"wp-image-70617\" src=\"https:\/\/exceladvisor.org\/wp-content\/uploads\/2023\/08\/5-utiliser-if-pour-corriger-lerreur.png\" sizes=\"auto, \" srcset=\"\" alt=\"use-se-para-corrigir-erro\" width=\"598\" height=\"244\"><\/figure><\/div><p> No exemplo acima, usamos as fun\u00e7\u00f5es IF e ISERROR para criar a condi\u00e7\u00e3o. Na f\u00f3rmula, primeiro utilizamos a fun\u00e7\u00e3o SE, e no primeiro argumento de SE utilizamos \u00c9ERRO para testar se h\u00e1 algum erro no c\u00e1lculo.<\/p><p> E se houver erro ele retornar\u00e1 o valor que especificamos e se n\u00e3o houver erro dividir\u00e1 novamente o valor de A1 pelos valores da c\u00e9lula B1. <\/p><div class=\"gb-container gb-container-bafb25cc gb-container-download-2\"><div class=\"gb-grid-wrapper gb-grid-wrapper-91201309 gb-grid-wrapper-download-2\"><div class=\"gb-grid-column gb-grid-column-15a917ef\"><div class=\"gb-container gb-container-15a917ef\"><h2 class=\"gb-headline gb-headline-f2deb261 gb-headline-text\"> Obtenha o arquivo Excel <\/h2><\/div><\/div><div class=\"gb-grid-column gb-grid-column-18357188\"><div class=\"gb-container gb-container-18357188\"><div class=\"gb-container gb-container-76cbe15e\"> <a class=\"gb-button gb-button-509e8e50 gb-button-text gb-button-download-2\" href=\"https:\/\/exceladvisor.org\/wp-content\/uploads\/2023\/08\/erreur-div0.xlsx\" rel=\"nofollow\">Download<\/a><\/div><\/div><\/div><\/div><\/div><div class=\"gb-container gb-container-0df56012 gb-container-mt\"> <a class=\"gb-button gb-button-f9f432f4 gb-button-text gb-button-mt-button\" href=\"https:\/\/exceladvisor.org\/pt\/formulas\/\">Lista de f\u00f3rmulas do Excel<\/a><h2 class=\"gb-headline gb-headline-233444e8 gb-headline-text gb-headline-mt-heading\"> F\u00f3rmulas relacionadas <\/h2><div class=\"gb-grid-wrapper gb-grid-wrapper-a16fa65c gb-grid-wrapper-mt-grid\"><div class=\"gb-grid-column gb-grid-column-50d07e0d\"><div class=\"gb-container gb-container-50d07e0d\"><ul><li> <a href=\"https:\/\/exceladvisor.org\/pt\/erro-de-derramamento\/\">#ESPALHAR! Erro<\/a><\/li><li> <a href=\"https:\/\/exceladvisor.org\/pt\/erro-de-valor\/\">#VALUE Erro<\/a><\/li><li> <a href=\"https:\/\/exceladvisor.org\/pt\/ignorar-erros\/\">Ignore todos os erros no Excel<\/a> <\/li><\/ul><\/div><\/div><div class=\"gb-grid-column gb-grid-column-5b4a0cf9\"><div class=\"gb-container gb-container-5b4a0cf9\"><ul><li> <a href=\"https:\/\/exceladvisor.org\/pt\/nao-ha-erro\/\">#N\/D Erro no Excel<\/a><\/li><li> <a href=\"https:\/\/exceladvisor.org\/pt\/erro-de-referencia\/\">#REF! Erro no Excel<\/a><\/li><\/ul><\/div><\/div><\/div><\/div>","protected":false},"excerpt":{"rendered":"","protected":false},"author":1,"featured_media":0,"parent":0,"menu_order":0,"comment_status":"open","ping_status":"closed","template":"","meta":{"ub_ctt_via":"","footnotes":""},"class_list":["post-255","page","type-page","status-publish","hentry"],"featured_image_src":null,"yoast_head":"<!-- This site is optimized with the Yoast SEO plugin v25.4 - https:\/\/yoast.com\/wordpress\/plugins\/seo\/ -->\n<title>Como corrigir o erro #DIV\/0 no Excel? (Tutorial 2023)<\/title>\n<meta name=\"description\" content=\"Neste tutorial de f\u00f3rmula, aprenderemos detalhadamente como corrigir o erro #DIV\/0 no Excel usando um m\u00e9todo f\u00e1cil de seguir.\" \/>\n<meta name=\"robots\" content=\"index, follow, max-snippet:-1, max-image-preview:large, max-video-preview:-1\" \/>\n<link rel=\"canonical\" href=\"https:\/\/exceladvisor.org\/pt\/erro-de-divisao\/\" \/>\n<meta property=\"og:locale\" content=\"pt_PT\" \/>\n<meta property=\"og:type\" content=\"article\" \/>\n<meta property=\"og:title\" content=\"Como corrigir o erro #DIV\/0 no Excel? (Tutorial 2023)\" \/>\n<meta property=\"og:description\" content=\"Neste tutorial de f\u00f3rmula, aprenderemos detalhadamente como corrigir o erro #DIV\/0 no Excel usando um m\u00e9todo f\u00e1cil de seguir.\" \/>\n<meta property=\"og:url\" content=\"https:\/\/exceladvisor.org\/pt\/erro-de-divisao\/\" \/>\n<meta property=\"og:site_name\" content=\"Excel Advisor\" \/>\n<meta property=\"article:modified_time\" content=\"2023-12-06T11:36:32+00:00\" \/>\n<meta property=\"og:image\" content=\"https:\/\/exceladvisor.org\/wp-content\/uploads\/2023\/08\/1-diviser-les-cellules.png\" \/>\n<meta name=\"twitter:card\" content=\"summary_large_image\" \/>\n<meta name=\"twitter:label1\" content=\"Tempo estimado de leitura\" \/>\n\t<meta name=\"twitter:data1\" content=\"2 minutos\" \/>\n<script type=\"application\/ld+json\" class=\"yoast-schema-graph\">{\"@context\":\"https:\/\/schema.org\",\"@graph\":[{\"@type\":\"WebPage\",\"@id\":\"https:\/\/exceladvisor.org\/pt\/erro-de-divisao\/\",\"url\":\"https:\/\/exceladvisor.org\/pt\/erro-de-divisao\/\",\"name\":\"Como corrigir o erro #DIV\/0 no Excel? (Tutorial 2023)\",\"isPartOf\":{\"@id\":\"https:\/\/exceladvisor.org\/pt\/#website\"},\"primaryImageOfPage\":{\"@id\":\"https:\/\/exceladvisor.org\/pt\/erro-de-divisao\/#primaryimage\"},\"image\":{\"@id\":\"https:\/\/exceladvisor.org\/pt\/erro-de-divisao\/#primaryimage\"},\"thumbnailUrl\":\"https:\/\/exceladvisor.org\/wp-content\/uploads\/2023\/08\/1-diviser-les-cellules.png\",\"datePublished\":\"2023-11-08T21:51:25+00:00\",\"dateModified\":\"2023-12-06T11:36:32+00:00\",\"description\":\"Neste tutorial de f\u00f3rmula, aprenderemos detalhadamente como corrigir o erro #DIV\/0 no Excel usando um m\u00e9todo f\u00e1cil de seguir.\",\"breadcrumb\":{\"@id\":\"https:\/\/exceladvisor.org\/pt\/erro-de-divisao\/#breadcrumb\"},\"inLanguage\":\"pt-PT\",\"potentialAction\":[{\"@type\":\"ReadAction\",\"target\":[\"https:\/\/exceladvisor.org\/pt\/erro-de-divisao\/\"]}]},{\"@type\":\"ImageObject\",\"inLanguage\":\"pt-PT\",\"@id\":\"https:\/\/exceladvisor.org\/pt\/erro-de-divisao\/#primaryimage\",\"url\":\"https:\/\/exceladvisor.org\/wp-content\/uploads\/2023\/08\/1-diviser-les-cellules.png\",\"contentUrl\":\"https:\/\/exceladvisor.org\/wp-content\/uploads\/2023\/08\/1-diviser-les-cellules.png\"},{\"@type\":\"BreadcrumbList\",\"@id\":\"https:\/\/exceladvisor.org\/pt\/erro-de-divisao\/#breadcrumb\",\"itemListElement\":[{\"@type\":\"ListItem\",\"position\":1,\"name\":\"Lar\",\"item\":\"https:\/\/exceladvisor.org\/pt\/\"},{\"@type\":\"ListItem\",\"position\":2,\"name\":\"Como corrigir o erro #div\/0 no excel?\"}]},{\"@type\":\"WebSite\",\"@id\":\"https:\/\/exceladvisor.org\/pt\/#website\",\"url\":\"https:\/\/exceladvisor.org\/pt\/\",\"name\":\"Excel Advisor\",\"description\":\"O seu guia definitivo para dominar os dados!\",\"publisher\":{\"@id\":\"https:\/\/exceladvisor.org\/pt\/#organization\"},\"potentialAction\":[{\"@type\":\"SearchAction\",\"target\":{\"@type\":\"EntryPoint\",\"urlTemplate\":\"https:\/\/exceladvisor.org\/pt\/?s={search_term_string}\"},\"query-input\":{\"@type\":\"PropertyValueSpecification\",\"valueRequired\":true,\"valueName\":\"search_term_string\"}}],\"inLanguage\":\"pt-PT\"},{\"@type\":\"Organization\",\"@id\":\"https:\/\/exceladvisor.org\/pt\/#organization\",\"name\":\"Excel Advisor\",\"url\":\"https:\/\/exceladvisor.org\/pt\/\",\"logo\":{\"@type\":\"ImageObject\",\"inLanguage\":\"pt-PT\",\"@id\":\"https:\/\/exceladvisor.org\/pt\/#\/schema\/logo\/image\/\",\"url\":\"https:\/\/exceladvisor.org\/pt\/wp-content\/uploads\/2023\/12\/exceladvisor.org_.png\",\"contentUrl\":\"https:\/\/exceladvisor.org\/pt\/wp-content\/uploads\/2023\/12\/exceladvisor.org_.png\",\"width\":105,\"height\":36,\"caption\":\"Excel Advisor\"},\"image\":{\"@id\":\"https:\/\/exceladvisor.org\/pt\/#\/schema\/logo\/image\/\"}}]}<\/script>\n<!-- \/ Yoast SEO plugin. -->","yoast_head_json":{"title":"Como corrigir o erro #DIV\/0 no Excel? (Tutorial 2023)","description":"Neste tutorial de f\u00f3rmula, aprenderemos detalhadamente como corrigir o erro #DIV\/0 no Excel usando um m\u00e9todo f\u00e1cil de seguir.","robots":{"index":"index","follow":"follow","max-snippet":"max-snippet:-1","max-image-preview":"max-image-preview:large","max-video-preview":"max-video-preview:-1"},"canonical":"https:\/\/exceladvisor.org\/pt\/erro-de-divisao\/","og_locale":"pt_PT","og_type":"article","og_title":"Como corrigir o erro #DIV\/0 no Excel? (Tutorial 2023)","og_description":"Neste tutorial de f\u00f3rmula, aprenderemos detalhadamente como corrigir o erro #DIV\/0 no Excel usando um m\u00e9todo f\u00e1cil de seguir.","og_url":"https:\/\/exceladvisor.org\/pt\/erro-de-divisao\/","og_site_name":"Excel Advisor","article_modified_time":"2023-12-06T11:36:32+00:00","og_image":[{"url":"https:\/\/exceladvisor.org\/wp-content\/uploads\/2023\/08\/1-diviser-les-cellules.png","type":"","width":"","height":""}],"twitter_card":"summary_large_image","twitter_misc":{"Tempo estimado de leitura":"2 minutos"},"schema":{"@context":"https:\/\/schema.org","@graph":[{"@type":"WebPage","@id":"https:\/\/exceladvisor.org\/pt\/erro-de-divisao\/","url":"https:\/\/exceladvisor.org\/pt\/erro-de-divisao\/","name":"Como corrigir o erro #DIV\/0 no Excel? (Tutorial 2023)","isPartOf":{"@id":"https:\/\/exceladvisor.org\/pt\/#website"},"primaryImageOfPage":{"@id":"https:\/\/exceladvisor.org\/pt\/erro-de-divisao\/#primaryimage"},"image":{"@id":"https:\/\/exceladvisor.org\/pt\/erro-de-divisao\/#primaryimage"},"thumbnailUrl":"https:\/\/exceladvisor.org\/wp-content\/uploads\/2023\/08\/1-diviser-les-cellules.png","datePublished":"2023-11-08T21:51:25+00:00","dateModified":"2023-12-06T11:36:32+00:00","description":"Neste tutorial de f\u00f3rmula, aprenderemos detalhadamente como corrigir o erro #DIV\/0 no Excel usando um m\u00e9todo f\u00e1cil de seguir.","breadcrumb":{"@id":"https:\/\/exceladvisor.org\/pt\/erro-de-divisao\/#breadcrumb"},"inLanguage":"pt-PT","potentialAction":[{"@type":"ReadAction","target":["https:\/\/exceladvisor.org\/pt\/erro-de-divisao\/"]}]},{"@type":"ImageObject","inLanguage":"pt-PT","@id":"https:\/\/exceladvisor.org\/pt\/erro-de-divisao\/#primaryimage","url":"https:\/\/exceladvisor.org\/wp-content\/uploads\/2023\/08\/1-diviser-les-cellules.png","contentUrl":"https:\/\/exceladvisor.org\/wp-content\/uploads\/2023\/08\/1-diviser-les-cellules.png"},{"@type":"BreadcrumbList","@id":"https:\/\/exceladvisor.org\/pt\/erro-de-divisao\/#breadcrumb","itemListElement":[{"@type":"ListItem","position":1,"name":"Lar","item":"https:\/\/exceladvisor.org\/pt\/"},{"@type":"ListItem","position":2,"name":"Como corrigir o erro #div\/0 no excel?"}]},{"@type":"WebSite","@id":"https:\/\/exceladvisor.org\/pt\/#website","url":"https:\/\/exceladvisor.org\/pt\/","name":"Excel Advisor","description":"O seu guia definitivo para dominar os dados!","publisher":{"@id":"https:\/\/exceladvisor.org\/pt\/#organization"},"potentialAction":[{"@type":"SearchAction","target":{"@type":"EntryPoint","urlTemplate":"https:\/\/exceladvisor.org\/pt\/?s={search_term_string}"},"query-input":{"@type":"PropertyValueSpecification","valueRequired":true,"valueName":"search_term_string"}}],"inLanguage":"pt-PT"},{"@type":"Organization","@id":"https:\/\/exceladvisor.org\/pt\/#organization","name":"Excel Advisor","url":"https:\/\/exceladvisor.org\/pt\/","logo":{"@type":"ImageObject","inLanguage":"pt-PT","@id":"https:\/\/exceladvisor.org\/pt\/#\/schema\/logo\/image\/","url":"https:\/\/exceladvisor.org\/pt\/wp-content\/uploads\/2023\/12\/exceladvisor.org_.png","contentUrl":"https:\/\/exceladvisor.org\/pt\/wp-content\/uploads\/2023\/12\/exceladvisor.org_.png","width":105,"height":36,"caption":"Excel Advisor"},"image":{"@id":"https:\/\/exceladvisor.org\/pt\/#\/schema\/logo\/image\/"}}]}},"yoast_meta":{"yoast_wpseo_title":"","yoast_wpseo_metadesc":"","yoast_wpseo_canonical":""},"_links":{"self":[{"href":"https:\/\/exceladvisor.org\/pt\/wp-json\/wp\/v2\/pages\/255","targetHints":{"allow":["GET"]}}],"collection":[{"href":"https:\/\/exceladvisor.org\/pt\/wp-json\/wp\/v2\/pages"}],"about":[{"href":"https:\/\/exceladvisor.org\/pt\/wp-json\/wp\/v2\/types\/page"}],"author":[{"embeddable":true,"href":"https:\/\/exceladvisor.org\/pt\/wp-json\/wp\/v2\/users\/1"}],"replies":[{"embeddable":true,"href":"https:\/\/exceladvisor.org\/pt\/wp-json\/wp\/v2\/comments?post=255"}],"version-history":[{"count":1,"href":"https:\/\/exceladvisor.org\/pt\/wp-json\/wp\/v2\/pages\/255\/revisions"}],"predecessor-version":[{"id":965,"href":"https:\/\/exceladvisor.org\/pt\/wp-json\/wp\/v2\/pages\/255\/revisions\/965"}],"wp:attachment":[{"href":"https:\/\/exceladvisor.org\/pt\/wp-json\/wp\/v2\/media?parent=255"}],"curies":[{"name":"wp","href":"https:\/\/api.w.org\/{rel}","templated":true}]}}