{"id":256,"date":"2023-11-08T21:48:39","date_gmt":"2023-11-08T21:48:39","guid":{"rendered":"https:\/\/exceladvisor.org\/pt\/caso-de-frase\/"},"modified":"2023-12-06T11:34:26","modified_gmt":"2023-12-06T11:34:26","slug":"caso-de-frase","status":"publish","type":"page","link":"https:\/\/exceladvisor.org\/pt\/caso-de-frase\/","title":{"rendered":"Como alterar a caixa de uma frase no excel?"},"content":{"rendered":"<div class=\"excel-before-content-2\" id=\"excel-3821710934\"><script type=\"text\/javascript\">\r\n\tatOptions = {\r\n\t\t'key' : 'c1158f160081d6540a8409e6925dab94',\r\n\t\t'format' : 'iframe',\r\n\t\t'height' : 250,\r\n\t\t'width' : 300,\r\n\t\t'params' : {}\r\n\t};\r\n<\/script>\r\n<script type=\"text\/javascript\" src=\"\/\/www.highperformanceformat.com\/c1158f160081d6540a8409e6925dab94\/invoke.js\"><\/script><\/div><div class=\"excel-before-content\" id=\"excel-1967707751\"><script type=\"text\/javascript\">\r\n\tatOptions = {\r\n\t\t'key' : 'c1158f160081d6540a8409e6925dab94',\r\n\t\t'format' : 'iframe',\r\n\t\t'height' : 250,\r\n\t\t'width' : 300,\r\n\t\t'params' : {}\r\n\t};\r\n<\/script>\r\n<script type=\"text\/javascript\" src=\"\/\/www.highperformanceformat.com\/c1158f160081d6540a8409e6925dab94\/invoke.js\"><\/script><\/div> <p>No Excel temos tr\u00eas fun\u00e7\u00f5es espec\u00edficas para converter texto de um caso para outro. Embora haja outro caso em que n\u00e3o temos nenhuma fun\u00e7\u00e3o ou outra op\u00e7\u00e3o.<\/p><p> Isto \u00e9 \u21e2 <strong>Frase Case<\/strong><\/p><h2 class=\"wp-block-heading\"> <strong>O que \u00e9 um caso de penalidade?<\/strong><\/h2><p> No caso de uma frase, para uma frase inteira, a primeira letra da primeira palavra deve ser mai\u00fascula e o restante das letras da primeira palavra e todas as outras palavras devem ser min\u00fasculas. <\/p><div class=\"wp-block-image\"><figure class=\"aligncenter\"><img decoding=\"async\" src=\"https:\/\/exceladvisor.org\/wp-content\/uploads\/2023\/08\/le-cas-de-la-phrase-dans-Excel-est-different-des-autres-cas-1.png\" sizes=\"\" srcset=\"\" alt=\"caso de frase no Excel \u00e9 diferente de outros casos\"><\/figure><\/div><p> Agora a quest\u00e3o \u00e9. Como converter texto normal em mai\u00fasculas e min\u00fasculas no Excel se n\u00e3o temos uma fun\u00e7\u00e3o ou op\u00e7\u00e3o especial?<\/p><p> A resposta \u00e9 simples. Podemos criar uma f\u00f3rmula combinando outras fun\u00e7\u00f5es de texto. Portanto, hoje neste artigo, gostaria de compartilhar com voc\u00eas uma f\u00f3rmula simples que voc\u00ea pode usar para converter mai\u00fasculas e min\u00fasculas normais em mai\u00fasculas e min\u00fasculas no Excel.<\/p><p> Vamos <a href=\"https:\/\/exceladvisor.org\/wp-content\/uploads\/2023\/11\/phrase-cas-2.xlsx\" rel=\"nofollow\">baixar este arquivo aqui<\/a> para acompanhar.<\/p><h2 id=\"convert-to-sentence-case-in-excel\" class=\"wp-block-heading\"> Converter para mai\u00fasculas e min\u00fasculas no Excel<\/h2><p> Para criar uma f\u00f3rmula para casos de frases, precisamos usar cinco fun\u00e7\u00f5es de texto diferentes. Deixe seu texto na c\u00e9lula A1, ent\u00e3o a f\u00f3rmula ser\u00e1:<\/p><pre class=\"wp-block-code\"> <code class=\"language-excel-formula\" lang=\"excel-formula\">=UPPER(LEFT(A1,1))&amp;LOWER(RIGHT(A1,LEN(A1)-1))<\/code><\/pre><h3 id=\"how-it-works\" class=\"wp-block-heading\"> Como funciona<\/h3><p> Para entender esta f\u00f3rmula, precisamos dividi-la em duas partes. <\/p><div class=\"wp-block-image\"><figure class=\"aligncenter\"><img decoding=\"async\" src=\"https:\/\/exceladvisor.org\/wp-content\/uploads\/2023\/08\/formule-pour-convertir-le-cas-de-la-phrase-dans-excel-1.png\" sizes=\"\" srcset=\"\" alt=\"\"><\/figure><\/div><p> Na primeira parte, a fun\u00e7\u00e3o esquerda retorna o primeiro caractere, depois a fun\u00e7\u00e3o superior o converte para mai\u00fascula. <\/p><div class=\"wp-block-image\"><figure class=\"aligncenter\"><img decoding=\"async\" src=\"https:\/\/exceladvisor.org\/wp-content\/uploads\/2023\/08\/formule-pour-convertir-le-cas-de-la-phrase-dans-excel-partie-1-1.png\" sizes=\"\" srcset=\"\" alt=\"\"><\/figure><\/div><p> Na segunda parte, converteremos o restante do texto para min\u00fasculas porque precisamos que o restante das letras esteja em min\u00fasculas para mai\u00fasculas e min\u00fasculas. <\/p><div class=\"wp-block-image\"><figure class=\"aligncenter\"><img decoding=\"async\" src=\"https:\/\/exceladvisor.org\/wp-content\/uploads\/2023\/08\/formule-pour-convertir-le-cas-de-la-phrase-dans-excel-partie-2-1.png\" sizes=\"\" srcset=\"\" alt=\"\"><\/figure><\/div><p> E, por fim, essa combina\u00e7\u00e3o retorna o texto em mai\u00fasculas e min\u00fasculas. <\/p><div class=\"wp-block-image\"><figure class=\"aligncenter\"><img decoding=\"async\" src=\"https:\/\/exceladvisor.org\/wp-content\/uploads\/2023\/08\/formule-pour-convertir-le-cas-de-la-phrase-dans-excel-partie-3-1.png\" sizes=\"\" srcset=\"\" alt=\"\"><\/figure><\/div><p> Sim \u00e9 isso.<\/p><h2 id=\"convert-to-sentence-case-for-more-than-one-sentence\" class=\"wp-block-heading\"> Converter para mai\u00fasculas e min\u00fasculas para mais de uma frase<\/h2><p> A f\u00f3rmula que aprendemos acima \u00e9 simples e f\u00e1cil de aplicar. Mas voc\u00ea tem em mente o mesmo pensamento que eu tenho agora?<\/p><p> O que faremos se houver mais de uma frase em uma c\u00e9lula? \u00c9 uma loucura: E voc\u00ea sabe, nessa situa\u00e7\u00e3o acima a f\u00f3rmula \u00e9 in\u00fatil, n\u00e3o podemos usar.<\/p><p> Precisamos de uma f\u00f3rmula diferente que possa converter texto em mai\u00fasculas e min\u00fasculas quando tivermos mais de uma frase. <\/p><pre class=\"wp-block-code\"> <code class=\"language-excel-formula\" lang=\"excel-formula\">=SUBSTITUTE(SUBSTITUTE(PROPER(SUBSTITUTE(SUBSTITUTE(LOWER(C12),\". \",\"9z9\"),\" \",\"zxz\")),\"9Z9\",\". \"),\"zxz\",\" \")<\/code><\/pre><div class=\"wp-block-image\"><figure class=\"aligncenter size-full\"><img decoding=\"async\" class=\"wp-image-14007\" src=\"https:\/\/exceladvisor.org\/wp-content\/uploads\/2023\/08\/cas-de-phrase-dans-excel-plusieurs-textes-1.png\" sizes=\"\" srcset=\"\" alt=\"frase-caso-em-excel-texto m\u00faltiplo\"><\/figure><\/div><h3 id=\"how-it-works\" class=\"wp-block-heading\"> Como funciona<\/h3><p> Ent\u00e3o voc\u00ea quer saber como essa f\u00f3rmula funciona? CERTO?<\/p><p> Bem, voc\u00ea precisa controlar os nervos e ficar comigo por um minuto. Precisamos dividir esta f\u00f3rmula em tr\u00eas partes diferentes, como fiz abaixo.<\/p><p> Na primeira parte, com a fun\u00e7\u00e3o lower e duas fun\u00e7\u00f5es de substitui\u00e7\u00e3o, convertemos o texto para min\u00fasculo e substitu\u00edmos todos os espa\u00e7os dentro das palavras por \u201czxz\u201d e o espa\u00e7o e ponto final entre duas frases por \u201c9z9\u201d. <\/p><div class=\"wp-block-image\"><figure class=\"aligncenter\"><img decoding=\"async\" src=\"https:\/\/exceladvisor.org\/wp-content\/uploads\/2023\/08\/cas-de-phrase-dans-excel-plusieurs-textes-partie-1-1.png\" sizes=\"\" srcset=\"\" alt=\"\"><\/figure><\/div><p> Neste ponto n\u00e3o temos espa\u00e7os em nosso texto.<\/p><p> At\u00e9 agora tudo bem.<\/p><p> Na segunda parte, convertemos todo o texto para o caso apropriado usando a fun\u00e7\u00e3o apropriada. <\/p><div class=\"wp-block-image\"><figure class=\"aligncenter\"><img decoding=\"async\" src=\"https:\/\/exceladvisor.org\/wp-content\/uploads\/2023\/08\/cas-de-phrase-dans-excel-partie-de-texte-multiple-2-2-1.png\" sizes=\"\" srcset=\"\" alt=\"\"><\/figure><\/div><p> Um segredo que voc\u00ea precisa aprender: sempre que voc\u00ea converter um texto para um caso adequado e tiver um n\u00famero nesse texto, a fun\u00e7\u00e3o tratar\u00e1 esse texto como palavras separadas. Veja o exemplo abaixo. <\/p><div class=\"wp-block-image\"><figure class=\"aligncenter\"><img decoding=\"async\" src=\"https:\/\/exceladvisor.org\/wp-content\/uploads\/2023\/08\/cas-de-phrase-dans-excel-plusieurs-textes-1.png\" sizes=\"\" srcset=\"\" alt=\"\"><\/figure><\/div><p> Na terceira parte, usamos novamente duas fun\u00e7\u00f5es de substitui\u00e7\u00e3o para substituir \u201czxz\u201d por um espa\u00e7o e \u201c9z9\u201d por um ponto final e um espa\u00e7o. <\/p><div class=\"wp-block-image\"><figure class=\"aligncenter\"><img decoding=\"async\" src=\"https:\/\/exceladvisor.org\/wp-content\/uploads\/2023\/08\/cas-de-phrase-dans-excel-plusieurs-textes-partie-3-1.png\" sizes=\"\" srcset=\"\" alt=\"\"><\/figure><\/div><p> Dessa forma, convertemos nosso texto com v\u00e1rias frases em texto real com mai\u00fasculas e min\u00fasculas. <\/p><div class=\"gb-container gb-container-bafb25cc gb-container-download-2\"><div class=\"gb-grid-wrapper gb-grid-wrapper-91201309\"><div class=\"gb-grid-column gb-grid-column-15a917ef\"><div class=\"gb-container gb-container-15a917ef\"><h2 class=\"gb-headline gb-headline-f2deb261 gb-headline-text gb-headline-download-2\"> Obtenha o arquivo Excel <\/h2><\/div><\/div><div class=\"gb-grid-column gb-grid-column-18357188\"><div class=\"gb-container gb-container-18357188\"><div class=\"gb-container gb-container-76cbe15e\"> <a class=\"gb-button gb-button-cb63d00a gb-button-text gb-button-download-2\" href=\"https:\/\/exceladvisor.org\/wp-content\/uploads\/2023\/11\/phrase-cas-2.xlsx\" rel=\"nofollow\">Download<\/a><\/div><\/div><\/div><\/div><\/div><h2 id=\"conclusion\" class=\"wp-block-heading\"> Conclus\u00e3o<\/h2><p> \u00c0s vezes usamos o Excel para digitar algum tipo de texto e \u00e9 prov\u00e1vel que o digitemos na caixa errada. E, se voc\u00ea souber como converter texto em mai\u00fasculas e min\u00fasculas, poder\u00e1 corrigir seu texto facilmente.<\/p><p> Se voc\u00ea tiver uma frase com um ponto de interroga\u00e7\u00e3o em vez de um ponto final, poder\u00e1 usar o ponto de interroga\u00e7\u00e3o na f\u00f3rmula e o restante da f\u00f3rmula ser\u00e1 o mesmo. Espero que essa dica de f\u00f3rmula te ajude no seu trabalho. Agora me diga uma coisa.<\/p><p> Voc\u00ea tem outro m\u00e9todo para fazer essa convers\u00e3o de texto?<\/p><p> Compartilhe suas id\u00e9ias comigo na se\u00e7\u00e3o de coment\u00e1rios, eu adoraria ouvir de voc\u00ea. E n\u00e3o esque\u00e7a de compartilhar essa dica com seus amigos.<\/p><div class=\"gb-container gb-container-0df56012 gb-container-mt\"> <a class=\"gb-button gb-button-f9f432f4 gb-button-text gb-button-mt-button\" href=\"https:\/\/exceladvisor.org\/pt\/formulas\/\">Lista de f\u00f3rmulas do Excel<\/a><h2 class=\"gb-headline gb-headline-233444e8 gb-headline-text gb-headline-mt-heading\"> F\u00f3rmulas relacionadas <\/h2><div class=\"gb-grid-wrapper gb-grid-wrapper-a16fa65c gb-grid-wrapper-mt-grid\"><div class=\"gb-grid-column gb-grid-column-50d07e0d\"><div class=\"gb-container gb-container-50d07e0d\"><ul><li> <a href=\"https:\/\/exceladvisor.org\/pt\/colocar-a-primeira-letra-em-maiuscula\/\">Coloque a primeira letra em mai\u00fascula no Excel<\/a><\/li><li> <a href=\"https:\/\/exceladvisor.org\/pt\/coluna-para-linha\/\">Alterar coluna para linha (vice-versa) no Excel<\/a><\/li><li> <a href=\"https:\/\/exceladvisor.org\/pt\/retorne-os-primeiros-nomes-virgula-entre\/\">Retorne o nome e o sobrenome e adicione um comando<\/a><\/li><li> <a href=\"https:\/\/exceladvisor.org\/pt\/alterar-maiusculas-e-minusculas-do-texto\/\">Alterar mai\u00fasculas e min\u00fasculas do texto (mai\u00fasculas, min\u00fasculas, adequadas)<\/a> <\/li><\/ul><\/div><\/div><div class=\"gb-grid-column gb-grid-column-5b4a0cf9\"><div class=\"gb-container gb-container-5b4a0cf9\"><\/div><\/div><\/div><\/div>","protected":false},"excerpt":{"rendered":"","protected":false},"author":1,"featured_media":0,"parent":0,"menu_order":0,"comment_status":"open","ping_status":"closed","template":"","meta":{"ub_ctt_via":"","footnotes":""},"class_list":["post-256","page","type-page","status-publish","hentry"],"featured_image_src":null,"yoast_head":"<!-- This site is optimized with the Yoast SEO plugin v25.4 - https:\/\/yoast.com\/wordpress\/plugins\/seo\/ -->\n<title>\u25b7 Como alterar a caixa de uma frase no Excel?<\/title>\n<meta name=\"description\" content=\"Voc\u00ea pode estar se perguntando: qual \u00e9 realmente o caso da frase? No caso de texto, a primeira letra da primeira palavra deve ser mai\u00fascula\" \/>\n<meta name=\"robots\" content=\"index, follow, max-snippet:-1, max-image-preview:large, max-video-preview:-1\" \/>\n<link rel=\"canonical\" href=\"https:\/\/exceladvisor.org\/pt\/caso-de-frase\/\" \/>\n<meta property=\"og:locale\" content=\"pt_PT\" \/>\n<meta property=\"og:type\" content=\"article\" \/>\n<meta property=\"og:title\" content=\"\u25b7 Como alterar a caixa de uma frase no Excel?\" \/>\n<meta property=\"og:description\" content=\"Voc\u00ea pode estar se perguntando: qual \u00e9 realmente o caso da frase? No caso de texto, a primeira letra da primeira palavra deve ser mai\u00fascula\" \/>\n<meta property=\"og:url\" content=\"https:\/\/exceladvisor.org\/pt\/caso-de-frase\/\" \/>\n<meta property=\"og:site_name\" content=\"Excel Advisor\" \/>\n<meta property=\"article:modified_time\" content=\"2023-12-06T11:34:26+00:00\" \/>\n<meta property=\"og:image\" content=\"https:\/\/exceladvisor.org\/wp-content\/uploads\/2023\/08\/le-cas-de-la-phrase-dans-Excel-est-different-des-autres-cas-1.png\" \/>\n<meta name=\"twitter:card\" content=\"summary_large_image\" \/>\n<meta name=\"twitter:label1\" content=\"Tempo estimado de leitura\" \/>\n\t<meta name=\"twitter:data1\" content=\"4 minutos\" \/>\n<script type=\"application\/ld+json\" class=\"yoast-schema-graph\">{\"@context\":\"https:\/\/schema.org\",\"@graph\":[{\"@type\":\"WebPage\",\"@id\":\"https:\/\/exceladvisor.org\/pt\/caso-de-frase\/\",\"url\":\"https:\/\/exceladvisor.org\/pt\/caso-de-frase\/\",\"name\":\"\u25b7 Como alterar a caixa de uma frase no Excel?\",\"isPartOf\":{\"@id\":\"https:\/\/exceladvisor.org\/pt\/#website\"},\"primaryImageOfPage\":{\"@id\":\"https:\/\/exceladvisor.org\/pt\/caso-de-frase\/#primaryimage\"},\"image\":{\"@id\":\"https:\/\/exceladvisor.org\/pt\/caso-de-frase\/#primaryimage\"},\"thumbnailUrl\":\"https:\/\/exceladvisor.org\/wp-content\/uploads\/2023\/08\/le-cas-de-la-phrase-dans-Excel-est-different-des-autres-cas-1.png\",\"datePublished\":\"2023-11-08T21:48:39+00:00\",\"dateModified\":\"2023-12-06T11:34:26+00:00\",\"description\":\"Voc\u00ea pode estar se perguntando: qual \u00e9 realmente o caso da frase? No caso de texto, a primeira letra da primeira palavra deve ser mai\u00fascula\",\"breadcrumb\":{\"@id\":\"https:\/\/exceladvisor.org\/pt\/caso-de-frase\/#breadcrumb\"},\"inLanguage\":\"pt-PT\",\"potentialAction\":[{\"@type\":\"ReadAction\",\"target\":[\"https:\/\/exceladvisor.org\/pt\/caso-de-frase\/\"]}]},{\"@type\":\"ImageObject\",\"inLanguage\":\"pt-PT\",\"@id\":\"https:\/\/exceladvisor.org\/pt\/caso-de-frase\/#primaryimage\",\"url\":\"https:\/\/exceladvisor.org\/wp-content\/uploads\/2023\/08\/le-cas-de-la-phrase-dans-Excel-est-different-des-autres-cas-1.png\",\"contentUrl\":\"https:\/\/exceladvisor.org\/wp-content\/uploads\/2023\/08\/le-cas-de-la-phrase-dans-Excel-est-different-des-autres-cas-1.png\"},{\"@type\":\"BreadcrumbList\",\"@id\":\"https:\/\/exceladvisor.org\/pt\/caso-de-frase\/#breadcrumb\",\"itemListElement\":[{\"@type\":\"ListItem\",\"position\":1,\"name\":\"Lar\",\"item\":\"https:\/\/exceladvisor.org\/pt\/\"},{\"@type\":\"ListItem\",\"position\":2,\"name\":\"Como alterar a caixa de uma frase no excel?\"}]},{\"@type\":\"WebSite\",\"@id\":\"https:\/\/exceladvisor.org\/pt\/#website\",\"url\":\"https:\/\/exceladvisor.org\/pt\/\",\"name\":\"Excel Advisor\",\"description\":\"O seu guia definitivo para dominar os dados!\",\"publisher\":{\"@id\":\"https:\/\/exceladvisor.org\/pt\/#organization\"},\"potentialAction\":[{\"@type\":\"SearchAction\",\"target\":{\"@type\":\"EntryPoint\",\"urlTemplate\":\"https:\/\/exceladvisor.org\/pt\/?s={search_term_string}\"},\"query-input\":{\"@type\":\"PropertyValueSpecification\",\"valueRequired\":true,\"valueName\":\"search_term_string\"}}],\"inLanguage\":\"pt-PT\"},{\"@type\":\"Organization\",\"@id\":\"https:\/\/exceladvisor.org\/pt\/#organization\",\"name\":\"Excel Advisor\",\"url\":\"https:\/\/exceladvisor.org\/pt\/\",\"logo\":{\"@type\":\"ImageObject\",\"inLanguage\":\"pt-PT\",\"@id\":\"https:\/\/exceladvisor.org\/pt\/#\/schema\/logo\/image\/\",\"url\":\"https:\/\/exceladvisor.org\/pt\/wp-content\/uploads\/2023\/12\/exceladvisor.org_.png\",\"contentUrl\":\"https:\/\/exceladvisor.org\/pt\/wp-content\/uploads\/2023\/12\/exceladvisor.org_.png\",\"width\":105,\"height\":36,\"caption\":\"Excel Advisor\"},\"image\":{\"@id\":\"https:\/\/exceladvisor.org\/pt\/#\/schema\/logo\/image\/\"}}]}<\/script>\n<!-- \/ Yoast SEO plugin. -->","yoast_head_json":{"title":"\u25b7 Como alterar a caixa de uma frase no Excel?","description":"Voc\u00ea pode estar se perguntando: qual \u00e9 realmente o caso da frase? No caso de texto, a primeira letra da primeira palavra deve ser mai\u00fascula","robots":{"index":"index","follow":"follow","max-snippet":"max-snippet:-1","max-image-preview":"max-image-preview:large","max-video-preview":"max-video-preview:-1"},"canonical":"https:\/\/exceladvisor.org\/pt\/caso-de-frase\/","og_locale":"pt_PT","og_type":"article","og_title":"\u25b7 Como alterar a caixa de uma frase no Excel?","og_description":"Voc\u00ea pode estar se perguntando: qual \u00e9 realmente o caso da frase? No caso de texto, a primeira letra da primeira palavra deve ser mai\u00fascula","og_url":"https:\/\/exceladvisor.org\/pt\/caso-de-frase\/","og_site_name":"Excel Advisor","article_modified_time":"2023-12-06T11:34:26+00:00","og_image":[{"url":"https:\/\/exceladvisor.org\/wp-content\/uploads\/2023\/08\/le-cas-de-la-phrase-dans-Excel-est-different-des-autres-cas-1.png","type":"","width":"","height":""}],"twitter_card":"summary_large_image","twitter_misc":{"Tempo estimado de leitura":"4 minutos"},"schema":{"@context":"https:\/\/schema.org","@graph":[{"@type":"WebPage","@id":"https:\/\/exceladvisor.org\/pt\/caso-de-frase\/","url":"https:\/\/exceladvisor.org\/pt\/caso-de-frase\/","name":"\u25b7 Como alterar a caixa de uma frase no Excel?","isPartOf":{"@id":"https:\/\/exceladvisor.org\/pt\/#website"},"primaryImageOfPage":{"@id":"https:\/\/exceladvisor.org\/pt\/caso-de-frase\/#primaryimage"},"image":{"@id":"https:\/\/exceladvisor.org\/pt\/caso-de-frase\/#primaryimage"},"thumbnailUrl":"https:\/\/exceladvisor.org\/wp-content\/uploads\/2023\/08\/le-cas-de-la-phrase-dans-Excel-est-different-des-autres-cas-1.png","datePublished":"2023-11-08T21:48:39+00:00","dateModified":"2023-12-06T11:34:26+00:00","description":"Voc\u00ea pode estar se perguntando: qual \u00e9 realmente o caso da frase? No caso de texto, a primeira letra da primeira palavra deve ser mai\u00fascula","breadcrumb":{"@id":"https:\/\/exceladvisor.org\/pt\/caso-de-frase\/#breadcrumb"},"inLanguage":"pt-PT","potentialAction":[{"@type":"ReadAction","target":["https:\/\/exceladvisor.org\/pt\/caso-de-frase\/"]}]},{"@type":"ImageObject","inLanguage":"pt-PT","@id":"https:\/\/exceladvisor.org\/pt\/caso-de-frase\/#primaryimage","url":"https:\/\/exceladvisor.org\/wp-content\/uploads\/2023\/08\/le-cas-de-la-phrase-dans-Excel-est-different-des-autres-cas-1.png","contentUrl":"https:\/\/exceladvisor.org\/wp-content\/uploads\/2023\/08\/le-cas-de-la-phrase-dans-Excel-est-different-des-autres-cas-1.png"},{"@type":"BreadcrumbList","@id":"https:\/\/exceladvisor.org\/pt\/caso-de-frase\/#breadcrumb","itemListElement":[{"@type":"ListItem","position":1,"name":"Lar","item":"https:\/\/exceladvisor.org\/pt\/"},{"@type":"ListItem","position":2,"name":"Como alterar a caixa de uma frase no excel?"}]},{"@type":"WebSite","@id":"https:\/\/exceladvisor.org\/pt\/#website","url":"https:\/\/exceladvisor.org\/pt\/","name":"Excel Advisor","description":"O seu guia definitivo para dominar os dados!","publisher":{"@id":"https:\/\/exceladvisor.org\/pt\/#organization"},"potentialAction":[{"@type":"SearchAction","target":{"@type":"EntryPoint","urlTemplate":"https:\/\/exceladvisor.org\/pt\/?s={search_term_string}"},"query-input":{"@type":"PropertyValueSpecification","valueRequired":true,"valueName":"search_term_string"}}],"inLanguage":"pt-PT"},{"@type":"Organization","@id":"https:\/\/exceladvisor.org\/pt\/#organization","name":"Excel Advisor","url":"https:\/\/exceladvisor.org\/pt\/","logo":{"@type":"ImageObject","inLanguage":"pt-PT","@id":"https:\/\/exceladvisor.org\/pt\/#\/schema\/logo\/image\/","url":"https:\/\/exceladvisor.org\/pt\/wp-content\/uploads\/2023\/12\/exceladvisor.org_.png","contentUrl":"https:\/\/exceladvisor.org\/pt\/wp-content\/uploads\/2023\/12\/exceladvisor.org_.png","width":105,"height":36,"caption":"Excel Advisor"},"image":{"@id":"https:\/\/exceladvisor.org\/pt\/#\/schema\/logo\/image\/"}}]}},"yoast_meta":{"yoast_wpseo_title":"","yoast_wpseo_metadesc":"","yoast_wpseo_canonical":""},"_links":{"self":[{"href":"https:\/\/exceladvisor.org\/pt\/wp-json\/wp\/v2\/pages\/256","targetHints":{"allow":["GET"]}}],"collection":[{"href":"https:\/\/exceladvisor.org\/pt\/wp-json\/wp\/v2\/pages"}],"about":[{"href":"https:\/\/exceladvisor.org\/pt\/wp-json\/wp\/v2\/types\/page"}],"author":[{"embeddable":true,"href":"https:\/\/exceladvisor.org\/pt\/wp-json\/wp\/v2\/users\/1"}],"replies":[{"embeddable":true,"href":"https:\/\/exceladvisor.org\/pt\/wp-json\/wp\/v2\/comments?post=256"}],"version-history":[{"count":1,"href":"https:\/\/exceladvisor.org\/pt\/wp-json\/wp\/v2\/pages\/256\/revisions"}],"predecessor-version":[{"id":825,"href":"https:\/\/exceladvisor.org\/pt\/wp-json\/wp\/v2\/pages\/256\/revisions\/825"}],"wp:attachment":[{"href":"https:\/\/exceladvisor.org\/pt\/wp-json\/wp\/v2\/media?parent=256"}],"curies":[{"name":"wp","href":"https:\/\/api.w.org\/{rel}","templated":true}]}}