{"id":257,"date":"2023-11-08T21:24:45","date_gmt":"2023-11-08T21:24:45","guid":{"rendered":"https:\/\/exceladvisor.org\/pt\/data-se\/"},"modified":"2023-12-06T11:42:36","modified_gmt":"2023-12-06T11:42:36","slug":"data-se","status":"publish","type":"page","link":"https:\/\/exceladvisor.org\/pt\/data-se\/","title":{"rendered":"Como usar a fun\u00e7\u00e3o datadif no excel?"},"content":{"rendered":"<div class=\"excel-before-content-2\" id=\"excel-3030214449\"><script type=\"text\/javascript\">\r\n\tatOptions = {\r\n\t\t'key' : 'c1158f160081d6540a8409e6925dab94',\r\n\t\t'format' : 'iframe',\r\n\t\t'height' : 250,\r\n\t\t'width' : 300,\r\n\t\t'params' : {}\r\n\t};\r\n<\/script>\r\n<script type=\"text\/javascript\" src=\"\/\/www.highperformanceformat.com\/c1158f160081d6540a8409e6925dab94\/invoke.js\"><\/script><\/div><div class=\"excel-before-content\" id=\"excel-1074818558\"><script type=\"text\/javascript\">\r\n\tatOptions = {\r\n\t\t'key' : 'c1158f160081d6540a8409e6925dab94',\r\n\t\t'format' : 'iframe',\r\n\t\t'height' : 250,\r\n\t\t'width' : 300,\r\n\t\t'params' : {}\r\n\t};\r\n<\/script>\r\n<script type=\"text\/javascript\" src=\"\/\/www.highperformanceformat.com\/c1158f160081d6540a8409e6925dab94\/invoke.js\"><\/script><\/div> <p>Tente digitar \u201cDATEDIF\u201d em uma c\u00e9lula da sua planilha, voc\u00ea n\u00e3o encontrar\u00e1 nada com esse nome. <\/p><div class=\"wp-block-image\"><figure class=\"aligncenter\"><img decoding=\"async\" src=\"https:\/\/exceladvisor.org\/wp-content\/uploads\/2023\/08\/essayez-de-taper-datedif-dans-une-cellule.png\" sizes=\"\" srcset=\"\" alt=\"tente digitar dateif em uma c\u00e9lula\"><\/figure><\/div><p> Mesmo se voc\u00ea olhar o sistema de ajuda, n\u00e3o h\u00e1 nada listado com esse nome. <\/p><div class=\"wp-block-image\"><figure class=\"aligncenter\"><img decoding=\"async\" src=\"https:\/\/exceladvisor.org\/wp-content\/uploads\/2023\/08\/essayez-de-rechercher-datedif-dans-la-selection-daide.png\" sizes=\"\" srcset=\"\" alt=\"tente procurar por datedif na sele\u00e7\u00e3o de ajuda\"><\/figure><\/div><p> Mas, se voc\u00ea voltar ao sistema de Ajuda do Excel 2000, encontrar\u00e1 a fun\u00e7\u00e3o DATEDIF documentada l\u00e1. Bem, \u00e9 um mist\u00e9rio por que a Microsoft tem que ocultar a fun\u00e7\u00e3o DATEDIF da <a href=\"https:\/\/exceladvisor.org\/pt\/funcoes-do-excel\/\">lista de fun\u00e7\u00f5es<\/a> .<\/p><p> Se voc\u00ea me perguntar, DATEDIF \u00e9 a melhor fun\u00e7\u00e3o para obter a diferen\u00e7a entre duas datas. E um dos seus melhores exemplos \u00e9 calculado em idade.<\/p><p> Agora a quest\u00e3o \u00e9: se esta fun\u00e7\u00e3o n\u00e3o existe, como podemos utiliz\u00e1-la em todas as novas vers\u00f5es do Excel?<\/p><p> E a resposta \u00e9: podemos us\u00e1-lo como usamos todas as fun\u00e7\u00f5es do Excel. A \u00fanica diferen\u00e7a \u00e9 que ao tentar inseri-lo, o Excel n\u00e3o exibe seus argumentos de sintaxe. Ent\u00e3o hoje, neste artigo, gostaria de compartilhar com voc\u00eas todos os detalhes sobre a fun\u00e7\u00e3o DATEDIF.<\/p><h2 id=\"tab-con-1\" class=\"wp-block-heading\"> Sintaxe<\/h2><p> DATADIF(Data1,Data2,Intervalo)<\/p><ul><li> <strong>Data1:<\/strong> A data a partir da qual voc\u00ea deseja come\u00e7ar a calcular seu intervalo. Em termos simples, esta \u00e9 a data de in\u00edcio do intervalo.<\/li><li> <strong>Data2:<\/strong> A data em que deseja calcular o intervalo. Em termos simples, esta \u00e9 a data final do seu intervalo.<\/li><li> <strong>Intervalo:<\/strong> Representa a uni\u00e3o do tempo, que retornar\u00e1 da fun\u00e7\u00e3o. Temos seis sequ\u00eancias de texto espec\u00edficas para representar diferentes unidades de tempo.<\/li><\/ul><h2 id=\"tab-con-2\" class=\"wp-block-heading\"> Use intervalos diferentes<\/h2><p> Voc\u00ea tem 6 tipos distintos de intervalos para calcular a diferen\u00e7a entre duas datas.<\/p><h3 id=\"tab-con-3\" class=\"wp-block-heading\"> 1. \u201cy\u201d por anos<\/h3><p> Ele retornar\u00e1 os anos completos entre a data de in\u00edcio e a data de t\u00e9rmino, ignorando meses e dias excedentes. <\/p><div class=\"wp-block-image\"><figure class=\"aligncenter\"><img decoding=\"async\" src=\"https:\/\/exceladvisor.org\/wp-content\/uploads\/2023\/08\/en-utilisant-lintervalle-y-dans-datedif-pour-obtenir-des-annees.png\" sizes=\"\" srcset=\"\" alt=\"usando o intervalo y em datedif para obter anos\"><\/figure><\/div><p> No exemplo acima, voc\u00ea calculou o intervalo entre duas datas usando \u201cy\u201d. Se voc\u00ea verificar a diferen\u00e7a entre essas duas datas \u00e9 maior que 25 anos (37 dias a mais). Mas ele retornou apenas os anos completos, ou seja, 25.<\/p><h3 id=\"tab-con-4\" class=\"wp-block-heading\"> 2. \u201cm\u201d para meses<\/h3><p> Ele retornar\u00e1 o n\u00famero de meses completos entre a data de in\u00edcio e a data de t\u00e9rmino, ignorando os dias excedentes. <\/p><div class=\"wp-block-image\"><figure class=\"aligncenter\"><img decoding=\"async\" src=\"https:\/\/exceladvisor.org\/wp-content\/uploads\/2023\/08\/en-utilisant-lintervalle-m-dans-datedif-pour-obtenir-les-mois-1.png\" sizes=\"\" srcset=\"\" alt=\"usando intervalo m em datedif para obter meses\"><\/figure><\/div><p> Retornou 301 meses no resultado que \u00e9 o total de meses completos ignorando o excesso de 7 dias.<\/p><h3 id=\"tab-con-5\" class=\"wp-block-heading\"> 3. \u201cd\u201d para dias<\/h3><p> Ele retornar\u00e1 o n\u00famero total de dias entre a data de in\u00edcio e a data de t\u00e9rmino. Como os dias s\u00e3o as menores unidades entre duas datas, \u00e9 por isso que voc\u00ea obter\u00e1 aqui o n\u00famero total de dias. <\/p><div class=\"wp-block-image\"><figure class=\"aligncenter\"><img decoding=\"async\" src=\"https:\/\/exceladvisor.org\/wp-content\/uploads\/2023\/08\/en-utilisant-d-intervalle-dans-datedif-pour-obtenir-des-jours.png\" sizes=\"\" srcset=\"\" alt=\"usando intervalo d em datedif para obter dias\"><\/figure><\/div><p> No exemplo acima, temos o n\u00famero total de dias entre as datas de in\u00edcio e t\u00e9rmino.<\/p><h3 id=\"tab-con-6\" class=\"wp-block-heading\"> 4. \u201cym\u201d por meses ao longo de anos<\/h3><p> Ele retornar\u00e1 n\u00fameros completos de meses em anos completos. Em termos simples, se voc\u00ea tiver um intervalo total de 25 anos, 1 m\u00eas e 7 dias entre duas datas, retornar\u00e1 1 m\u00eas no resultado. <\/p><div class=\"wp-block-image\"><figure class=\"aligncenter\"><img decoding=\"async\" src=\"https:\/\/exceladvisor.org\/wp-content\/uploads\/2023\/08\/en-utilisant-lintervalle-ym-dans-datedif-pour-obtenir-des-mois-sur-des-annees.png\" sizes=\"\" srcset=\"\" alt=\"usando o intervalo ym em datedif para obter meses ao longo de anos\"><\/figure><\/div><p> No exemplo acima, calculamos o n\u00famero de meses completos restantes ap\u00f3s anos simult\u00e2neos entre a data de in\u00edcio e a data de t\u00e9rmino.<\/p><h3 id=\"tab-con-7\" class=\"wp-block-heading\"> 5. \u201cyd\u201d para dias ao longo de anos<\/h3><p> Ele retornar\u00e1 o n\u00famero de dias ao longo dos anos completos. Em termos simples, se voc\u00ea tiver um intervalo total de 25 anos e 37 dias entre duas datas, retornar\u00e1 37 dias no resultado. <\/p><div class=\"wp-block-image\"><figure class=\"aligncenter\"><img decoding=\"async\" src=\"https:\/\/exceladvisor.org\/wp-content\/uploads\/2023\/08\/en-utilisant-lintervalle-yd-dans-datedif-pour-obtenir-des-jours-sur-des-annees.png\" sizes=\"\" srcset=\"\" alt=\"usando o intervalo yd em datedif para obter dias ao longo dos anos\"><\/figure><\/div><p> No exemplo acima, voc\u00ea calculou o n\u00famero de dias restantes ap\u00f3s os anos completos entre a data de in\u00edcio e a data de t\u00e9rmino.<\/p><h3 id=\"tab-con-8\" class=\"wp-block-heading\"> 6. \u201cmd\u201d para dias ao longo de meses<\/h3><p> Ele retornar\u00e1 o n\u00famero de dias excedentes durante o m\u00eas inteiro. Em termos simples, se voc\u00ea tiver um intervalo total de 301 meses e 7 dias entre duas datas, retornar\u00e1 7 dias no resultado. <\/p><div class=\"wp-block-image\"><figure class=\"aligncenter\"><img decoding=\"async\" src=\"https:\/\/exceladvisor.org\/wp-content\/uploads\/2023\/08\/en-utilisant-lintervalle-md-dans-datedif-pour-obtenir-des-jours-sur-des-mois.png\" sizes=\"\" srcset=\"\" alt=\"usando intervalo MD em datedif para obter dias de meses\"><\/figure><\/div><p> No exemplo acima, calculamos o n\u00famero de dias restantes ap\u00f3s os meses completos entre a data de in\u00edcio e a data de t\u00e9rmino. <\/p><div class=\"gb-container gb-container-bafb25cc gb-container-download-2\"><div class=\"gb-grid-wrapper gb-grid-wrapper-91201309\"><div class=\"gb-grid-column gb-grid-column-15a917ef\"><div class=\"gb-container gb-container-15a917ef\"><h2 class=\"gb-headline gb-headline-f2deb261 gb-headline-text gb-headline-download-2\"> Obtenha o arquivo Excel <\/h2><\/div><\/div><div class=\"gb-grid-column gb-grid-column-18357188\"><div class=\"gb-container gb-container-18357188\"><div class=\"gb-container gb-container-76cbe15e\"> <a class=\"gb-button gb-button-cb63d00a gb-button-text gb-button-download-2\" href=\"https:\/\/exceladvisor.org\/wp-content\/uploads\/2023\/11\/date-si-2.xlsx\" rel=\"nofollow\">Download<\/a> <\/div><\/div><\/div><\/div><\/div><h2 id=\"steps-to-calculate-age-in-excel-using-datedif\" class=\"wp-block-heading\"> EXEMPLO: Calcule a idade no Excel usando DATEDIF<\/h2><p> Aqui voc\u00ea precisa calcular a idade em um formato no qual possa exibir anos, meses e dias separadamente. Por exemplo, 26 anos, 8 meses e 17 dias. E para isso precisamos combinar DATEDIF tr\u00eas vezes. <\/p><div class=\"wp-block-image\"><figure class=\"aligncenter\"><img decoding=\"async\" src=\"https:\/\/exceladvisor.org\/wp-content\/uploads\/2023\/08\/calculer-lage-dans-excel-en-utilisant-la-fonction-datedif-et-la-date-de-naissance.gif\" sizes=\"\" srcset=\"\" alt=\"calcular a idade no Excel usando a fun\u00e7\u00e3o dateif e data de nascimento\"><\/figure><\/div><p> Aqui est\u00e3o as etapas.<\/p><h3 id=\"1-calculate-completed-years-of-a-person-s-age\" class=\"wp-block-heading\"> 1. Calcule os anos completos da idade de uma pessoa<\/h3><p> Primeiro, voc\u00ea precisa calcular o total de anos completados entre a data de nascimento e a data de hoje. E, para isso, a f\u00f3rmula ser\u00e1:<\/p><pre class=\"wp-block-code\"> <code class=\"language-excel-formula\" lang=\"excel-formula\">=DATEDIF(Date-of-Birth,TODAY(),\"y\")<\/code><\/pre><p> Isso retornar\u00e1 os anos completados entre duas datas. <\/p><div class=\"wp-block-image\"><figure class=\"aligncenter\"><img decoding=\"async\" src=\"https:\/\/exceladvisor.org\/wp-content\/uploads\/2023\/08\/calculer-lage-dans-Excel-en-utilisant-la-fonction-datedif-en-utilisant-la-date-de-naissance-obtenir-les-annees-revolues.png\" sizes=\"\" srcset=\"\" alt=\"calcular a idade no Excel usando a fun\u00e7\u00e3o datedif usando a data de nascimento e obter anos completos\"><\/figure><\/div><h3 id=\"2-calculate-completed-months-of-a-person-s-age-after-completed-years\" class=\"wp-block-heading\"> 2. Calcule os meses completos da idade de uma pessoa ap\u00f3s os anos completos<\/h3><p> O pr\u00f3ximo passo \u00e9 calcular os meses conclu\u00eddos. Isso significa que se sua idade for 26 anos, 5 meses e 19 dias, precisaremos receber 5 meses de volta.<\/p><p> A f\u00f3rmula abaixo pode ser usada:<\/p><pre class=\"wp-block-code\"> <code class=\"language-excel-formula\" lang=\"excel-formula\">=DATEDIF(Date-of-Birth,TODAY(),\"my\")<\/code><\/pre><p> Isso retornar\u00e1 os meses completos entre a data de nascimento e a data de hoje ap\u00f3s os anos completos. <\/p><div class=\"wp-block-image\"><figure class=\"aligncenter\"><img decoding=\"async\" src=\"https:\/\/exceladvisor.org\/wp-content\/uploads\/2023\/08\/calculer-lage-dans-excel-en-utilisant-la-fonction-datedif-en-utilisant-la-date-de-naissance-obtenir-les-mois-termines-2.png\" sizes=\"\" srcset=\"\" alt=\"calcular a idade no Excel usando a fun\u00e7\u00e3o datedif usando a data de nascimento e obter meses completos\"><\/figure><\/div><h3 id=\"3-calculate-completed-days-of-a-person-s-age-after-completed-years-and-months\" class=\"wp-block-heading\"> 3. Dias completos da idade de uma pessoa ap\u00f3s anos e meses completos<\/h3><p> No final, voc\u00ea precisa calcular os dias restantes ap\u00f3s completar anos e meses. Aqui est\u00e1 a f\u00f3rmula:<\/p><pre class=\"wp-block-code\"> <code class=\"language-excel-formula\" lang=\"excel-formula\">=DATEDIF(Date-of-Birth,TODAY(),\"md\")<\/code><\/pre><p> Isso retornar\u00e1 o restante dos dias entre a data de nascimento e a data de hoje ap\u00f3s completar os anos e meses. <\/p><div class=\"wp-block-image\"><figure class=\"aligncenter\"><img decoding=\"async\" src=\"https:\/\/exceladvisor.org\/wp-content\/uploads\/2023\/08\/calculer-lage-dans-Excel-en-utilisant-la-fonction-datedif-en-utilisant-la-date-de-naissance-obtenir-les-jours-complets.png\" sizes=\"\" srcset=\"\" alt=\"calcular a idade no Excel usando a fun\u00e7\u00e3o datedif usando a data de nascimento e obter dias completos\"><\/figure><\/div><h3 id=\"4-combine-all-three-formulas-to-get-actual-age\" class=\"wp-block-heading\"> 4. Combine as tr\u00eas f\u00f3rmulas para obter a idade real<\/h3><p> Agora \u00e9 hora de combinar tudo isso para criar uma idade precisa. Insira a f\u00f3rmula abaixo em uma c\u00e9lula da sua planilha e substitua Data de Nascimento pela sua data de nascimento real. <\/p><pre class=\"wp-block-code\"> <code class=\"language-excel-formula\" lang=\"excel-formula\">=\"You age is \"&amp; DATEDIF(Date-of-Birth,TODAY(),\"y\") &amp;\" Year(s), \"&amp; DATEDIF(Date-of-Birth,TODAY(),\"ym\")&amp; \" Month(s) &amp; \"&amp; DATEDIF(Date-of-Birth,TODAY(),\"md\")&amp; \" Day(s).\"<\/code><\/pre><div class=\"wp-block-image\"><figure class=\"aligncenter\"><img decoding=\"async\" src=\"https:\/\/exceladvisor.org\/wp-content\/uploads\/2023\/08\/calculer-lage-dans-Excel-en-utilisant-la-fonction-datedif-en-utilisant-la-formule-combinee-de-date-de-naissance.png\" sizes=\"\" srcset=\"\" alt=\"\"><\/figure><\/div><p> Isso \u00e9 tudo. <\/p><div class=\"gb-container gb-container-887766f9 gb-container-download-2\"><div class=\"gb-grid-wrapper gb-grid-wrapper-49604f3e\"><div class=\"gb-grid-column gb-grid-column-6b9b731e\"><div class=\"gb-container gb-container-6b9b731e\"><h2 class=\"gb-headline gb-headline-f2537129 gb-headline-text gb-headline-download-2\"> Obtenha o arquivo Excel <\/h2><\/div><\/div><div class=\"gb-grid-column gb-grid-column-ba062c0c\"><div class=\"gb-container gb-container-ba062c0c\"><div class=\"gb-container gb-container-863eb8a3\"> <a class=\"gb-button gb-button-d43e2cad gb-button-text gb-button-download-2\" href=\"https:\/\/exceladvisor.org\/wp-content\/uploads\/2023\/11\/calculer-lage-2.xlsx\" rel=\"nofollow\">Download<\/a><\/div><\/div><\/div><\/div><\/div><h2 class=\"wp-block-heading\"> Pontos importantes<\/h2><ul><li> Ele ir\u00e1 ignorar a hora na data.<\/li><li> A data de t\u00e9rmino (Data2) deve ser maior que a data de in\u00edcio (Data1).<\/li><\/ul><div class=\"gb-container gb-container-0df56012 gb-container-mt\"> <a class=\"gb-button gb-button-f9f432f4 gb-button-text gb-button-mt-button\" href=\"https:\/\/exceladvisor.org\/pt\/formulas\/\">Lista de f\u00f3rmulas do Excel<\/a><h2 class=\"gb-headline gb-headline-233444e8 gb-headline-text gb-headline-mt-heading\"> F\u00f3rmulas relacionadas <\/h2><div class=\"gb-grid-wrapper gb-grid-wrapper-a16fa65c gb-grid-wrapper-mt-grid\"><div class=\"gb-grid-column gb-grid-column-50d07e0d\"><div class=\"gb-container gb-container-50d07e0d\"><ul><li> <a href=\"https:\/\/exceladvisor.org\/pt\/comparar-duas-datas\/\">Compare duas datas no Excel<\/a><\/li><li> <a href=\"https:\/\/exceladvisor.org\/pt\/converter-data-em-numero\/\">Converter data em n\u00famero no Excel<\/a><\/li><li> <a href=\"https:\/\/exceladvisor.org\/pt\/texto-ate-o-momento\/\">Converter texto atualizado no Excel<\/a><\/li><li> <a href=\"https:\/\/exceladvisor.org\/pt\/intervalo-de-datas\/\">Crie um intervalo de datas no Excel<\/a><\/li><li> <a href=\"https:\/\/exceladvisor.org\/pt\/formatos-de-data-personalizados\/\">Formatos de data personalizados no Excel<\/a> <\/li><\/ul><\/div><\/div><div class=\"gb-grid-column gb-grid-column-5b4a0cf9\"><div class=\"gb-container gb-container-5b4a0cf9\"><\/div><\/div><\/div><\/div>","protected":false},"excerpt":{"rendered":"","protected":false},"author":1,"featured_media":0,"parent":0,"menu_order":0,"comment_status":"open","ping_status":"closed","template":"","meta":{"ub_ctt_via":"","footnotes":""},"class_list":["post-257","page","type-page","status-publish","hentry"],"featured_image_src":null,"yoast_head":"<!-- This site is optimized with the Yoast SEO plugin v25.4 - https:\/\/yoast.com\/wordpress\/plugins\/seo\/ -->\n<title>\u25b7 Como usar a fun\u00e7\u00e3o DATEDIF no Excel?<\/title>\n<meta name=\"description\" content=\"Usar a fun\u00e7\u00e3o DatedIF no Excel \u00e9 a melhor maneira de calcular os dias entre duas datas. Voc\u00ea tamb\u00e9m pode usar\" \/>\n<meta name=\"robots\" content=\"index, follow, max-snippet:-1, max-image-preview:large, max-video-preview:-1\" \/>\n<link rel=\"canonical\" href=\"https:\/\/exceladvisor.org\/pt\/data-se\/\" \/>\n<meta property=\"og:locale\" content=\"pt_PT\" \/>\n<meta property=\"og:type\" content=\"article\" \/>\n<meta property=\"og:title\" content=\"\u25b7 Como usar a fun\u00e7\u00e3o DATEDIF no Excel?\" \/>\n<meta property=\"og:description\" content=\"Usar a fun\u00e7\u00e3o DatedIF no Excel \u00e9 a melhor maneira de calcular os dias entre duas datas. Voc\u00ea tamb\u00e9m pode usar\" \/>\n<meta property=\"og:url\" content=\"https:\/\/exceladvisor.org\/pt\/data-se\/\" \/>\n<meta property=\"og:site_name\" content=\"Excel Advisor\" \/>\n<meta property=\"article:modified_time\" content=\"2023-12-06T11:42:36+00:00\" \/>\n<meta property=\"og:image\" content=\"https:\/\/exceladvisor.org\/wp-content\/uploads\/2023\/08\/essayez-de-taper-datedif-dans-une-cellule.png\" \/>\n<meta name=\"twitter:card\" content=\"summary_large_image\" \/>\n<meta name=\"twitter:label1\" content=\"Tempo estimado de leitura\" \/>\n\t<meta name=\"twitter:data1\" content=\"5 minutos\" \/>\n<script type=\"application\/ld+json\" class=\"yoast-schema-graph\">{\"@context\":\"https:\/\/schema.org\",\"@graph\":[{\"@type\":\"WebPage\",\"@id\":\"https:\/\/exceladvisor.org\/pt\/data-se\/\",\"url\":\"https:\/\/exceladvisor.org\/pt\/data-se\/\",\"name\":\"\u25b7 Como usar a fun\u00e7\u00e3o DATEDIF no Excel?\",\"isPartOf\":{\"@id\":\"https:\/\/exceladvisor.org\/pt\/#website\"},\"primaryImageOfPage\":{\"@id\":\"https:\/\/exceladvisor.org\/pt\/data-se\/#primaryimage\"},\"image\":{\"@id\":\"https:\/\/exceladvisor.org\/pt\/data-se\/#primaryimage\"},\"thumbnailUrl\":\"https:\/\/exceladvisor.org\/wp-content\/uploads\/2023\/08\/essayez-de-taper-datedif-dans-une-cellule.png\",\"datePublished\":\"2023-11-08T21:24:45+00:00\",\"dateModified\":\"2023-12-06T11:42:36+00:00\",\"description\":\"Usar a fun\u00e7\u00e3o DatedIF no Excel \u00e9 a melhor maneira de calcular os dias entre duas datas. Voc\u00ea tamb\u00e9m pode usar\",\"breadcrumb\":{\"@id\":\"https:\/\/exceladvisor.org\/pt\/data-se\/#breadcrumb\"},\"inLanguage\":\"pt-PT\",\"potentialAction\":[{\"@type\":\"ReadAction\",\"target\":[\"https:\/\/exceladvisor.org\/pt\/data-se\/\"]}]},{\"@type\":\"ImageObject\",\"inLanguage\":\"pt-PT\",\"@id\":\"https:\/\/exceladvisor.org\/pt\/data-se\/#primaryimage\",\"url\":\"https:\/\/exceladvisor.org\/wp-content\/uploads\/2023\/08\/essayez-de-taper-datedif-dans-une-cellule.png\",\"contentUrl\":\"https:\/\/exceladvisor.org\/wp-content\/uploads\/2023\/08\/essayez-de-taper-datedif-dans-une-cellule.png\"},{\"@type\":\"BreadcrumbList\",\"@id\":\"https:\/\/exceladvisor.org\/pt\/data-se\/#breadcrumb\",\"itemListElement\":[{\"@type\":\"ListItem\",\"position\":1,\"name\":\"Lar\",\"item\":\"https:\/\/exceladvisor.org\/pt\/\"},{\"@type\":\"ListItem\",\"position\":2,\"name\":\"Como usar a fun\u00e7\u00e3o datadif no excel?\"}]},{\"@type\":\"WebSite\",\"@id\":\"https:\/\/exceladvisor.org\/pt\/#website\",\"url\":\"https:\/\/exceladvisor.org\/pt\/\",\"name\":\"Excel Advisor\",\"description\":\"O seu guia definitivo para dominar os dados!\",\"publisher\":{\"@id\":\"https:\/\/exceladvisor.org\/pt\/#organization\"},\"potentialAction\":[{\"@type\":\"SearchAction\",\"target\":{\"@type\":\"EntryPoint\",\"urlTemplate\":\"https:\/\/exceladvisor.org\/pt\/?s={search_term_string}\"},\"query-input\":{\"@type\":\"PropertyValueSpecification\",\"valueRequired\":true,\"valueName\":\"search_term_string\"}}],\"inLanguage\":\"pt-PT\"},{\"@type\":\"Organization\",\"@id\":\"https:\/\/exceladvisor.org\/pt\/#organization\",\"name\":\"Excel Advisor\",\"url\":\"https:\/\/exceladvisor.org\/pt\/\",\"logo\":{\"@type\":\"ImageObject\",\"inLanguage\":\"pt-PT\",\"@id\":\"https:\/\/exceladvisor.org\/pt\/#\/schema\/logo\/image\/\",\"url\":\"https:\/\/exceladvisor.org\/pt\/wp-content\/uploads\/2023\/12\/exceladvisor.org_.png\",\"contentUrl\":\"https:\/\/exceladvisor.org\/pt\/wp-content\/uploads\/2023\/12\/exceladvisor.org_.png\",\"width\":105,\"height\":36,\"caption\":\"Excel Advisor\"},\"image\":{\"@id\":\"https:\/\/exceladvisor.org\/pt\/#\/schema\/logo\/image\/\"}}]}<\/script>\n<!-- \/ Yoast SEO plugin. -->","yoast_head_json":{"title":"\u25b7 Como usar a fun\u00e7\u00e3o DATEDIF no Excel?","description":"Usar a fun\u00e7\u00e3o DatedIF no Excel \u00e9 a melhor maneira de calcular os dias entre duas datas. Voc\u00ea tamb\u00e9m pode usar","robots":{"index":"index","follow":"follow","max-snippet":"max-snippet:-1","max-image-preview":"max-image-preview:large","max-video-preview":"max-video-preview:-1"},"canonical":"https:\/\/exceladvisor.org\/pt\/data-se\/","og_locale":"pt_PT","og_type":"article","og_title":"\u25b7 Como usar a fun\u00e7\u00e3o DATEDIF no Excel?","og_description":"Usar a fun\u00e7\u00e3o DatedIF no Excel \u00e9 a melhor maneira de calcular os dias entre duas datas. Voc\u00ea tamb\u00e9m pode usar","og_url":"https:\/\/exceladvisor.org\/pt\/data-se\/","og_site_name":"Excel Advisor","article_modified_time":"2023-12-06T11:42:36+00:00","og_image":[{"url":"https:\/\/exceladvisor.org\/wp-content\/uploads\/2023\/08\/essayez-de-taper-datedif-dans-une-cellule.png","type":"","width":"","height":""}],"twitter_card":"summary_large_image","twitter_misc":{"Tempo estimado de leitura":"5 minutos"},"schema":{"@context":"https:\/\/schema.org","@graph":[{"@type":"WebPage","@id":"https:\/\/exceladvisor.org\/pt\/data-se\/","url":"https:\/\/exceladvisor.org\/pt\/data-se\/","name":"\u25b7 Como usar a fun\u00e7\u00e3o DATEDIF no Excel?","isPartOf":{"@id":"https:\/\/exceladvisor.org\/pt\/#website"},"primaryImageOfPage":{"@id":"https:\/\/exceladvisor.org\/pt\/data-se\/#primaryimage"},"image":{"@id":"https:\/\/exceladvisor.org\/pt\/data-se\/#primaryimage"},"thumbnailUrl":"https:\/\/exceladvisor.org\/wp-content\/uploads\/2023\/08\/essayez-de-taper-datedif-dans-une-cellule.png","datePublished":"2023-11-08T21:24:45+00:00","dateModified":"2023-12-06T11:42:36+00:00","description":"Usar a fun\u00e7\u00e3o DatedIF no Excel \u00e9 a melhor maneira de calcular os dias entre duas datas. Voc\u00ea tamb\u00e9m pode usar","breadcrumb":{"@id":"https:\/\/exceladvisor.org\/pt\/data-se\/#breadcrumb"},"inLanguage":"pt-PT","potentialAction":[{"@type":"ReadAction","target":["https:\/\/exceladvisor.org\/pt\/data-se\/"]}]},{"@type":"ImageObject","inLanguage":"pt-PT","@id":"https:\/\/exceladvisor.org\/pt\/data-se\/#primaryimage","url":"https:\/\/exceladvisor.org\/wp-content\/uploads\/2023\/08\/essayez-de-taper-datedif-dans-une-cellule.png","contentUrl":"https:\/\/exceladvisor.org\/wp-content\/uploads\/2023\/08\/essayez-de-taper-datedif-dans-une-cellule.png"},{"@type":"BreadcrumbList","@id":"https:\/\/exceladvisor.org\/pt\/data-se\/#breadcrumb","itemListElement":[{"@type":"ListItem","position":1,"name":"Lar","item":"https:\/\/exceladvisor.org\/pt\/"},{"@type":"ListItem","position":2,"name":"Como usar a fun\u00e7\u00e3o datadif no excel?"}]},{"@type":"WebSite","@id":"https:\/\/exceladvisor.org\/pt\/#website","url":"https:\/\/exceladvisor.org\/pt\/","name":"Excel Advisor","description":"O seu guia definitivo para dominar os dados!","publisher":{"@id":"https:\/\/exceladvisor.org\/pt\/#organization"},"potentialAction":[{"@type":"SearchAction","target":{"@type":"EntryPoint","urlTemplate":"https:\/\/exceladvisor.org\/pt\/?s={search_term_string}"},"query-input":{"@type":"PropertyValueSpecification","valueRequired":true,"valueName":"search_term_string"}}],"inLanguage":"pt-PT"},{"@type":"Organization","@id":"https:\/\/exceladvisor.org\/pt\/#organization","name":"Excel Advisor","url":"https:\/\/exceladvisor.org\/pt\/","logo":{"@type":"ImageObject","inLanguage":"pt-PT","@id":"https:\/\/exceladvisor.org\/pt\/#\/schema\/logo\/image\/","url":"https:\/\/exceladvisor.org\/pt\/wp-content\/uploads\/2023\/12\/exceladvisor.org_.png","contentUrl":"https:\/\/exceladvisor.org\/pt\/wp-content\/uploads\/2023\/12\/exceladvisor.org_.png","width":105,"height":36,"caption":"Excel Advisor"},"image":{"@id":"https:\/\/exceladvisor.org\/pt\/#\/schema\/logo\/image\/"}}]}},"yoast_meta":{"yoast_wpseo_title":"","yoast_wpseo_metadesc":"","yoast_wpseo_canonical":""},"_links":{"self":[{"href":"https:\/\/exceladvisor.org\/pt\/wp-json\/wp\/v2\/pages\/257","targetHints":{"allow":["GET"]}}],"collection":[{"href":"https:\/\/exceladvisor.org\/pt\/wp-json\/wp\/v2\/pages"}],"about":[{"href":"https:\/\/exceladvisor.org\/pt\/wp-json\/wp\/v2\/types\/page"}],"author":[{"embeddable":true,"href":"https:\/\/exceladvisor.org\/pt\/wp-json\/wp\/v2\/users\/1"}],"replies":[{"embeddable":true,"href":"https:\/\/exceladvisor.org\/pt\/wp-json\/wp\/v2\/comments?post=257"}],"version-history":[{"count":1,"href":"https:\/\/exceladvisor.org\/pt\/wp-json\/wp\/v2\/pages\/257\/revisions"}],"predecessor-version":[{"id":1222,"href":"https:\/\/exceladvisor.org\/pt\/wp-json\/wp\/v2\/pages\/257\/revisions\/1222"}],"wp:attachment":[{"href":"https:\/\/exceladvisor.org\/pt\/wp-json\/wp\/v2\/media?parent=257"}],"curies":[{"name":"wp","href":"https:\/\/api.w.org\/{rel}","templated":true}]}}