{"id":259,"date":"2023-11-08T20:55:33","date_gmt":"2023-11-08T20:55:33","guid":{"rendered":"https:\/\/exceladvisor.org\/pt\/linha-total\/"},"modified":"2023-12-06T11:34:11","modified_gmt":"2023-12-06T11:34:11","slug":"linha-total","status":"publish","type":"page","link":"https:\/\/exceladvisor.org\/pt\/linha-total\/","title":{"rendered":"Como adicionar uma linha total no excel?"},"content":{"rendered":"<div class=\"excel-before-content-2\" id=\"excel-720480115\"><script type=\"text\/javascript\">\r\n\tatOptions = {\r\n\t\t'key' : 'c1158f160081d6540a8409e6925dab94',\r\n\t\t'format' : 'iframe',\r\n\t\t'height' : 250,\r\n\t\t'width' : 300,\r\n\t\t'params' : {}\r\n\t};\r\n<\/script>\r\n<script type=\"text\/javascript\" src=\"\/\/www.highperformanceformat.com\/c1158f160081d6540a8409e6925dab94\/invoke.js\"><\/script><\/div><div class=\"excel-before-content\" id=\"excel-3770321189\"><script type=\"text\/javascript\">\r\n\tatOptions = {\r\n\t\t'key' : 'c1158f160081d6540a8409e6925dab94',\r\n\t\t'format' : 'iframe',\r\n\t\t'height' : 250,\r\n\t\t'width' : 300,\r\n\t\t'params' : {}\r\n\t};\r\n<\/script>\r\n<script type=\"text\/javascript\" src=\"\/\/www.highperformanceformat.com\/c1158f160081d6540a8409e6925dab94\/invoke.js\"><\/script><\/div> <p>No Excel, ao trabalhar com dados, pode ser necess\u00e1rio ter um total na parte inferior para ter uma soma de todos os valores que voc\u00ea possui em cada coluna. <\/p><div class=\"wp-block-image\"><figure class=\"aligncenter size-full is-resized\"><img loading=\"lazy\" decoding=\"async\" class=\"wp-image-77879\" src=\"https:\/\/exceladvisor.org\/wp-content\/uploads\/2023\/08\/1-ajouter-une-ligne-totale-dans-les-donnees.png\" sizes=\"auto, \" srcset=\"\" alt=\"adicionar total de linha em dados\" width=\"659\" height=\"269\"><\/figure><\/div><p> Neste tutorial, aprenderemos como adicionar uma linha com o total usando dois m\u00e9todos r\u00e1pidos.<\/p><ul><li> Linha total em uma tabela.<\/li><li> Total com soma autom\u00e1tica.<\/li><\/ul><h2 class=\"wp-block-heading\"> Adicione uma linha total no Excel a uma tabela<\/h2><ol><li> Primeiro, selecione uma das c\u00e9lulas nos dados e pressione o atalho de teclado Ctrl + T e clique em OK para aplicar a tabela. <br><img loading=\"lazy\" decoding=\"async\" title=\"2-adicionar total de linhas na tabela do Excel\" src=\"https:\/\/exceladvisor.org\/wp-content\/uploads\/2023\/08\/2-ajouter-une-ligne-totale-dans-le-tableau-Excel.png\" sizes=\"auto, \" srcset=\"\" alt=\"add-total-row-in-excel-table\" width=\"531\" height=\"275\"><\/li><li> Em seguida, v\u00e1 para a guia Tabela e marque a caixa Linha Total. <br><img loading=\"lazy\" decoding=\"async\" title=\"Caixa de sele\u00e7\u00e3o 3 verifica\u00e7\u00f5es da linha total\" src=\"https:\/\/exceladvisor.org\/wp-content\/uploads\/2023\/08\/Case-a-cocher-3-coches-pour-le-nombre-total-de-lignes.png\" sizes=\"auto, \" srcset=\"\" alt=\"tickmark-total-row-checkbox\" width=\"402\" height=\"148\"><\/li><li> Aqui voc\u00ea tem uma linha de total na parte inferior da tabela onde voc\u00ea tem um total apenas para a \u00faltima coluna. <br><img loading=\"lazy\" decoding=\"async\" title=\"4 total de linhas adicionadas na \u00faltima coluna\" src=\"https:\/\/exceladvisor.org\/wp-content\/uploads\/2023\/08\/4-lignes-au-total-ajoutees-dans-la-derniere-colonne.png\" sizes=\"auto, \" srcset=\"\" alt=\"total-row-added-in-last-column\" width=\"601\" height=\"251\"><\/li><li> Agora voc\u00ea precisa selecionar a soma de cada c\u00e9lula na linha total para obter a soma de cada coluna. <br><img loading=\"lazy\" decoding=\"async\" title=\"5-selecione a soma para cada c\u00e9lula de linhas\" src=\"https:\/\/exceladvisor.org\/wp-content\/uploads\/2023\/08\/5-selectionner-la-somme-pour-chaque-cellule-de-lignes.png\" sizes=\"auto, \" srcset=\"\" alt=\"select-sum-for-each-cell-of-rows\" width=\"636\" height=\"274\"><\/li><li> Depois de selecionar SUM no menu suspenso para cada uma das colunas da tabela, voc\u00ea ter\u00e1 uma linha total. <br><img loading=\"lazy\" decoding=\"async\" title=\"Linha de soma total de 6\" src=\"https:\/\/exceladvisor.org\/wp-content\/uploads\/2023\/08\/Ligne-de-total-de-6-sommes.png\" sizes=\"auto, \" srcset=\"\" alt=\"sum-total-row\" width=\"631\" height=\"276\"><\/li><li> Depois de aplicar a tabela aos dados, voc\u00ea pode clicar com o bot\u00e3o direito nela, navegar at\u00e9 a tabela e clicar na linha total a partir da\u00ed. <br><img loading=\"lazy\" decoding=\"async\" title=\"Op\u00e7\u00e3o de 7 cliques com o bot\u00e3o direito e linha total\" src=\"https:\/\/exceladvisor.org\/wp-content\/uploads\/2023\/08\/7-clic-droit-et-option-de-ligne-totale.png\" sizes=\"auto, \" srcset=\"\" alt=\"right-click-and-total-row-option\" width=\"421\" height=\"399\"><\/li><\/ol><h2 class=\"wp-block-heading\"> Adicione uma linha total com soma autom\u00e1tica<\/h2><ol><li> Primeiro, selecione a linha ap\u00f3s a \u00faltima linha de dados. <br><img loading=\"lazy\" decoding=\"async\" title=\"8 linhas no total com soma autom\u00e1tica\" src=\"https:\/\/exceladvisor.org\/wp-content\/uploads\/2023\/08\/8-lignes-au-total-avec-somme-automatique.png\" sizes=\"auto, \" srcset=\"\" alt=\"total-row-with-autosum\" width=\"596\" height=\"300\"><\/li><li> Depois disso, pressione este atalho de teclado Alt + = ( <a href=\"https:\/\/exceladvisor.org\/pt\/soma-automatica-2\/\">AutoSoma<\/a> ) para adicionar a fun\u00e7\u00e3o de soma em todas as c\u00e9lulas da linha para torn\u00e1-la uma linha total para os dados. <br><img loading=\"lazy\" decoding=\"async\" title=\"9-pressione-teclado-atalho-alt-mais-igual\" src=\"https:\/\/exceladvisor.org\/wp-content\/uploads\/2023\/08\/9-appuyez-sur-le-raccourci-clavier-alt-plus-egal.png\" sizes=\"auto, \" srcset=\"\" alt=\"press-keyboard-shortcut-alt-plus-equal\" width=\"595\" height=\"297\"><\/li><\/ol><p> Al\u00e9m disso, depois de selecionar a linha inferior, voc\u00ea pode ir para a guia In\u00edcio, editar o grupo e clicar no bot\u00e3o soma autom\u00e1tica para adicionar a fun\u00e7\u00e3o de soma em todas as c\u00e9lulas. <\/p><div class=\"wp-block-image\"><figure class=\"aligncenter size-full is-resized\"><img loading=\"lazy\" decoding=\"async\" class=\"wp-image-77889\" src=\"https:\/\/exceladvisor.org\/wp-content\/uploads\/2023\/08\/10-icone-de-somme-automatique-de-longlet-daccueil.png\" sizes=\"auto, \" srcset=\"\" alt=\"\u00edcone de soma autom\u00e1tica da guia inicial\" width=\"449\" height=\"198\"><\/figure><\/div><p> No momento em que voc\u00ea clica no bot\u00e3o de soma autom\u00e1tica, voc\u00ea obt\u00e9m os valores totais na linha selecionada. <\/p><div class=\"gb-container gb-container-52dfcee1 gb-container-sample-file\"><h2 class=\"gb-headline gb-headline-e289c143 gb-headline-text gb-headline-4f7959c2\"> Obtenha o arquivo Excel<\/h2><p> <a class=\"gb-button gb-button-e88d6bee gb-button-text gb-button-button1\" href=\"https:\/\/exceladvisor.org\/wp-content\/uploads\/2023\/11\/sumif-vlookup-2.xlsx\" rel=\"nofollow\">Download<\/a><\/p><\/div><div class=\"gb-container gb-container-0df56012 gb-container-mt\"> <a class=\"gb-button gb-button-f9f432f4 gb-button-text gb-button-mt-button\" href=\"https:\/\/exceladvisor.org\/pt\/formulas\/\">Lista de f\u00f3rmulas do Excel<\/a><h2 class=\"gb-headline gb-headline-233444e8 gb-headline-text gb-headline-mt-heading\"> F\u00f3rmulas relacionadas <\/h2><div class=\"gb-grid-wrapper gb-grid-wrapper-a16fa65c gb-grid-wrapper-mt-grid\"><div class=\"gb-grid-column gb-grid-column-50d07e0d\"><div class=\"gb-container gb-container-50d07e0d\"><ul><li> <a href=\"https:\/\/exceladvisor.org\/pt\/adicione-a-coluna-inteira\/\">Adicione uma coluna ou linha inteira no Excel<\/a><\/li><li> <a href=\"https:\/\/exceladvisor.org\/pt\/adicione-apenas-celulas-visiveis\/\">Soma apenas c\u00e9lulas vis\u00edveis no Excel<\/a><\/li><li> <a href=\"https:\/\/exceladvisor.org\/pt\/adicionar-celulas-aleatorias\/\">Soma de c\u00e9lulas aleat\u00f3rias no Excel<\/a><\/li><li> <a href=\"https:\/\/exceladvisor.org\/pt\/soma-automatica-1\/\">Use rapidamente o AutoSoma no Excel<\/a> <\/li><\/ul><\/div><\/div><div class=\"gb-grid-column gb-grid-column-5b4a0cf9\"><div class=\"gb-container gb-container-5b4a0cf9\"><\/div><\/div><\/div><\/div>","protected":false},"excerpt":{"rendered":"","protected":false},"author":1,"featured_media":0,"parent":0,"menu_order":0,"comment_status":"open","ping_status":"closed","template":"","meta":{"ub_ctt_via":"","footnotes":""},"class_list":["post-259","page","type-page","status-publish","hentry"],"featured_image_src":null,"yoast_head":"<!-- This site is optimized with the Yoast SEO plugin v25.4 - https:\/\/yoast.com\/wordpress\/plugins\/seo\/ -->\n<title>Como adicionar uma linha total no Excel? - Consultor Excel<\/title>\n<meta name=\"description\" content=\"Neste tutorial, aprenderemos como adicionar uma linha total abaixo usando dois m\u00e9todos diferentes e f\u00e1ceis de seguir...\" \/>\n<meta name=\"robots\" content=\"index, follow, max-snippet:-1, max-image-preview:large, max-video-preview:-1\" \/>\n<link rel=\"canonical\" href=\"https:\/\/exceladvisor.org\/pt\/linha-total\/\" \/>\n<meta property=\"og:locale\" content=\"pt_PT\" \/>\n<meta property=\"og:type\" content=\"article\" \/>\n<meta property=\"og:title\" content=\"Como adicionar uma linha total no Excel? - Consultor Excel\" \/>\n<meta property=\"og:description\" content=\"Neste tutorial, aprenderemos como adicionar uma linha total abaixo usando dois m\u00e9todos diferentes e f\u00e1ceis de seguir...\" \/>\n<meta property=\"og:url\" content=\"https:\/\/exceladvisor.org\/pt\/linha-total\/\" \/>\n<meta property=\"og:site_name\" content=\"Excel Advisor\" \/>\n<meta property=\"article:modified_time\" content=\"2023-12-06T11:34:11+00:00\" \/>\n<meta property=\"og:image\" content=\"https:\/\/exceladvisor.org\/wp-content\/uploads\/2023\/08\/1-ajouter-une-ligne-totale-dans-les-donnees.png\" \/>\n<meta name=\"twitter:card\" content=\"summary_large_image\" \/>\n<meta name=\"twitter:label1\" content=\"Tempo estimado de leitura\" \/>\n\t<meta name=\"twitter:data1\" content=\"2 minutos\" \/>\n<script type=\"application\/ld+json\" class=\"yoast-schema-graph\">{\"@context\":\"https:\/\/schema.org\",\"@graph\":[{\"@type\":\"WebPage\",\"@id\":\"https:\/\/exceladvisor.org\/pt\/linha-total\/\",\"url\":\"https:\/\/exceladvisor.org\/pt\/linha-total\/\",\"name\":\"Como adicionar uma linha total no Excel? - Consultor Excel\",\"isPartOf\":{\"@id\":\"https:\/\/exceladvisor.org\/pt\/#website\"},\"primaryImageOfPage\":{\"@id\":\"https:\/\/exceladvisor.org\/pt\/linha-total\/#primaryimage\"},\"image\":{\"@id\":\"https:\/\/exceladvisor.org\/pt\/linha-total\/#primaryimage\"},\"thumbnailUrl\":\"https:\/\/exceladvisor.org\/wp-content\/uploads\/2023\/08\/1-ajouter-une-ligne-totale-dans-les-donnees.png\",\"datePublished\":\"2023-11-08T20:55:33+00:00\",\"dateModified\":\"2023-12-06T11:34:11+00:00\",\"description\":\"Neste tutorial, aprenderemos como adicionar uma linha total abaixo usando dois m\u00e9todos diferentes e f\u00e1ceis de seguir...\",\"breadcrumb\":{\"@id\":\"https:\/\/exceladvisor.org\/pt\/linha-total\/#breadcrumb\"},\"inLanguage\":\"pt-PT\",\"potentialAction\":[{\"@type\":\"ReadAction\",\"target\":[\"https:\/\/exceladvisor.org\/pt\/linha-total\/\"]}]},{\"@type\":\"ImageObject\",\"inLanguage\":\"pt-PT\",\"@id\":\"https:\/\/exceladvisor.org\/pt\/linha-total\/#primaryimage\",\"url\":\"https:\/\/exceladvisor.org\/wp-content\/uploads\/2023\/08\/1-ajouter-une-ligne-totale-dans-les-donnees.png\",\"contentUrl\":\"https:\/\/exceladvisor.org\/wp-content\/uploads\/2023\/08\/1-ajouter-une-ligne-totale-dans-les-donnees.png\"},{\"@type\":\"BreadcrumbList\",\"@id\":\"https:\/\/exceladvisor.org\/pt\/linha-total\/#breadcrumb\",\"itemListElement\":[{\"@type\":\"ListItem\",\"position\":1,\"name\":\"Lar\",\"item\":\"https:\/\/exceladvisor.org\/pt\/\"},{\"@type\":\"ListItem\",\"position\":2,\"name\":\"Como adicionar uma linha total no excel?\"}]},{\"@type\":\"WebSite\",\"@id\":\"https:\/\/exceladvisor.org\/pt\/#website\",\"url\":\"https:\/\/exceladvisor.org\/pt\/\",\"name\":\"Excel Advisor\",\"description\":\"O seu guia definitivo para dominar os dados!\",\"publisher\":{\"@id\":\"https:\/\/exceladvisor.org\/pt\/#organization\"},\"potentialAction\":[{\"@type\":\"SearchAction\",\"target\":{\"@type\":\"EntryPoint\",\"urlTemplate\":\"https:\/\/exceladvisor.org\/pt\/?s={search_term_string}\"},\"query-input\":{\"@type\":\"PropertyValueSpecification\",\"valueRequired\":true,\"valueName\":\"search_term_string\"}}],\"inLanguage\":\"pt-PT\"},{\"@type\":\"Organization\",\"@id\":\"https:\/\/exceladvisor.org\/pt\/#organization\",\"name\":\"Excel Advisor\",\"url\":\"https:\/\/exceladvisor.org\/pt\/\",\"logo\":{\"@type\":\"ImageObject\",\"inLanguage\":\"pt-PT\",\"@id\":\"https:\/\/exceladvisor.org\/pt\/#\/schema\/logo\/image\/\",\"url\":\"https:\/\/exceladvisor.org\/pt\/wp-content\/uploads\/2023\/12\/exceladvisor.org_.png\",\"contentUrl\":\"https:\/\/exceladvisor.org\/pt\/wp-content\/uploads\/2023\/12\/exceladvisor.org_.png\",\"width\":105,\"height\":36,\"caption\":\"Excel Advisor\"},\"image\":{\"@id\":\"https:\/\/exceladvisor.org\/pt\/#\/schema\/logo\/image\/\"}}]}<\/script>\n<!-- \/ Yoast SEO plugin. -->","yoast_head_json":{"title":"Como adicionar uma linha total no Excel? - Consultor Excel","description":"Neste tutorial, aprenderemos como adicionar uma linha total abaixo usando dois m\u00e9todos diferentes e f\u00e1ceis de seguir...","robots":{"index":"index","follow":"follow","max-snippet":"max-snippet:-1","max-image-preview":"max-image-preview:large","max-video-preview":"max-video-preview:-1"},"canonical":"https:\/\/exceladvisor.org\/pt\/linha-total\/","og_locale":"pt_PT","og_type":"article","og_title":"Como adicionar uma linha total no Excel? - Consultor Excel","og_description":"Neste tutorial, aprenderemos como adicionar uma linha total abaixo usando dois m\u00e9todos diferentes e f\u00e1ceis de seguir...","og_url":"https:\/\/exceladvisor.org\/pt\/linha-total\/","og_site_name":"Excel Advisor","article_modified_time":"2023-12-06T11:34:11+00:00","og_image":[{"url":"https:\/\/exceladvisor.org\/wp-content\/uploads\/2023\/08\/1-ajouter-une-ligne-totale-dans-les-donnees.png","type":"","width":"","height":""}],"twitter_card":"summary_large_image","twitter_misc":{"Tempo estimado de leitura":"2 minutos"},"schema":{"@context":"https:\/\/schema.org","@graph":[{"@type":"WebPage","@id":"https:\/\/exceladvisor.org\/pt\/linha-total\/","url":"https:\/\/exceladvisor.org\/pt\/linha-total\/","name":"Como adicionar uma linha total no Excel? - Consultor Excel","isPartOf":{"@id":"https:\/\/exceladvisor.org\/pt\/#website"},"primaryImageOfPage":{"@id":"https:\/\/exceladvisor.org\/pt\/linha-total\/#primaryimage"},"image":{"@id":"https:\/\/exceladvisor.org\/pt\/linha-total\/#primaryimage"},"thumbnailUrl":"https:\/\/exceladvisor.org\/wp-content\/uploads\/2023\/08\/1-ajouter-une-ligne-totale-dans-les-donnees.png","datePublished":"2023-11-08T20:55:33+00:00","dateModified":"2023-12-06T11:34:11+00:00","description":"Neste tutorial, aprenderemos como adicionar uma linha total abaixo usando dois m\u00e9todos diferentes e f\u00e1ceis de seguir...","breadcrumb":{"@id":"https:\/\/exceladvisor.org\/pt\/linha-total\/#breadcrumb"},"inLanguage":"pt-PT","potentialAction":[{"@type":"ReadAction","target":["https:\/\/exceladvisor.org\/pt\/linha-total\/"]}]},{"@type":"ImageObject","inLanguage":"pt-PT","@id":"https:\/\/exceladvisor.org\/pt\/linha-total\/#primaryimage","url":"https:\/\/exceladvisor.org\/wp-content\/uploads\/2023\/08\/1-ajouter-une-ligne-totale-dans-les-donnees.png","contentUrl":"https:\/\/exceladvisor.org\/wp-content\/uploads\/2023\/08\/1-ajouter-une-ligne-totale-dans-les-donnees.png"},{"@type":"BreadcrumbList","@id":"https:\/\/exceladvisor.org\/pt\/linha-total\/#breadcrumb","itemListElement":[{"@type":"ListItem","position":1,"name":"Lar","item":"https:\/\/exceladvisor.org\/pt\/"},{"@type":"ListItem","position":2,"name":"Como adicionar uma linha total no excel?"}]},{"@type":"WebSite","@id":"https:\/\/exceladvisor.org\/pt\/#website","url":"https:\/\/exceladvisor.org\/pt\/","name":"Excel Advisor","description":"O seu guia definitivo para dominar os dados!","publisher":{"@id":"https:\/\/exceladvisor.org\/pt\/#organization"},"potentialAction":[{"@type":"SearchAction","target":{"@type":"EntryPoint","urlTemplate":"https:\/\/exceladvisor.org\/pt\/?s={search_term_string}"},"query-input":{"@type":"PropertyValueSpecification","valueRequired":true,"valueName":"search_term_string"}}],"inLanguage":"pt-PT"},{"@type":"Organization","@id":"https:\/\/exceladvisor.org\/pt\/#organization","name":"Excel Advisor","url":"https:\/\/exceladvisor.org\/pt\/","logo":{"@type":"ImageObject","inLanguage":"pt-PT","@id":"https:\/\/exceladvisor.org\/pt\/#\/schema\/logo\/image\/","url":"https:\/\/exceladvisor.org\/pt\/wp-content\/uploads\/2023\/12\/exceladvisor.org_.png","contentUrl":"https:\/\/exceladvisor.org\/pt\/wp-content\/uploads\/2023\/12\/exceladvisor.org_.png","width":105,"height":36,"caption":"Excel Advisor"},"image":{"@id":"https:\/\/exceladvisor.org\/pt\/#\/schema\/logo\/image\/"}}]}},"yoast_meta":{"yoast_wpseo_title":"","yoast_wpseo_metadesc":"","yoast_wpseo_canonical":""},"_links":{"self":[{"href":"https:\/\/exceladvisor.org\/pt\/wp-json\/wp\/v2\/pages\/259","targetHints":{"allow":["GET"]}}],"collection":[{"href":"https:\/\/exceladvisor.org\/pt\/wp-json\/wp\/v2\/pages"}],"about":[{"href":"https:\/\/exceladvisor.org\/pt\/wp-json\/wp\/v2\/types\/page"}],"author":[{"embeddable":true,"href":"https:\/\/exceladvisor.org\/pt\/wp-json\/wp\/v2\/users\/1"}],"replies":[{"embeddable":true,"href":"https:\/\/exceladvisor.org\/pt\/wp-json\/wp\/v2\/comments?post=259"}],"version-history":[{"count":1,"href":"https:\/\/exceladvisor.org\/pt\/wp-json\/wp\/v2\/pages\/259\/revisions"}],"predecessor-version":[{"id":806,"href":"https:\/\/exceladvisor.org\/pt\/wp-json\/wp\/v2\/pages\/259\/revisions\/806"}],"wp:attachment":[{"href":"https:\/\/exceladvisor.org\/pt\/wp-json\/wp\/v2\/media?parent=259"}],"curies":[{"name":"wp","href":"https:\/\/api.w.org\/{rel}","templated":true}]}}