{"id":26,"date":"2023-11-20T03:23:44","date_gmt":"2023-11-20T03:23:44","guid":{"rendered":"https:\/\/exceladvisor.org\/pt\/juliana-encontro-2\/"},"modified":"2023-12-06T11:35:53","modified_gmt":"2023-12-06T11:35:53","slug":"juliana-encontro-2","status":"publish","type":"page","link":"https:\/\/exceladvisor.org\/pt\/juliana-encontro-2\/","title":{"rendered":"Como converter uma data em uma data juliana?"},"content":{"rendered":"<div class=\"excel-before-content-2\" id=\"excel-3714518728\"><script type=\"text\/javascript\">\r\n\tatOptions = {\r\n\t\t'key' : 'c1158f160081d6540a8409e6925dab94',\r\n\t\t'format' : 'iframe',\r\n\t\t'height' : 250,\r\n\t\t'width' : 300,\r\n\t\t'params' : {}\r\n\t};\r\n<\/script>\r\n<script type=\"text\/javascript\" src=\"\/\/www.highperformanceformat.com\/c1158f160081d6540a8409e6925dab94\/invoke.js\"><\/script><\/div><div class=\"excel-before-content\" id=\"excel-3452207637\"><script type=\"text\/javascript\">\r\n\tatOptions = {\r\n\t\t'key' : 'c1158f160081d6540a8409e6925dab94',\r\n\t\t'format' : 'iframe',\r\n\t\t'height' : 250,\r\n\t\t'width' : 300,\r\n\t\t'params' : {}\r\n\t};\r\n<\/script>\r\n<script type=\"text\/javascript\" src=\"\/\/www.highperformanceformat.com\/c1158f160081d6540a8409e6925dab94\/invoke.js\"><\/script><\/div> <p>Se quiser converter uma data normal em uma data juliana no Excel, voc\u00ea precisa obter o ano e o n\u00famero do dia a partir da data. E ent\u00e3o combine os dois onde o ano vem primeiro e o n\u00famero do dia vem em segundo. Abaixo est\u00e1 o formato de uma data juliana. <\/p><div class=\"wp-block-image\"><figure class=\"aligncenter size-full is-resized\"><img loading=\"lazy\" decoding=\"async\" class=\"wp-image-83047\" src=\"https:\/\/exceladvisor.org\/wp-content\/uploads\/2023\/08\/1-format-de-date-julien.png\" sizes=\"auto, \" srcset=\"\" alt=\"formato-data-julieno\" width=\"501\" height=\"174\"><\/figure><\/div><p> Al\u00e9m disso, voc\u00ea tamb\u00e9m pode usar o formato abaixo. Existem v\u00e1rios formatos de data de Julian que voc\u00ea pode usar. <\/p><div class=\"wp-block-image\"><figure class=\"aligncenter size-full is-resized\"><img loading=\"lazy\" decoding=\"async\" class=\"wp-image-83048\" src=\"https:\/\/exceladvisor.org\/wp-content\/uploads\/2023\/08\/2-format-supplementaire-de-date-julienne.png\" sizes=\"auto, \" srcset=\"\" alt=\"formato adicional da data juliana\" width=\"498\" height=\"172\"><\/figure><\/div><h2 class=\"wp-block-heading\"> F\u00f3rmula Excel para data juliana<\/h2><p> Aqui est\u00e3o as etapas para escrever esta f\u00f3rmula:<\/p><ol type=\"1\"><li> Primeiro, insira a fun\u00e7\u00e3o TEXT em uma c\u00e9lula para obter o ano a partir da data TEXT(A1,&#8221;YYYY&#8221;).<\/li><li> Depois disso, insira um E comercial (&amp;) para inserir a segunda f\u00f3rmula para obter o dia do ano.<\/li><li> Agora aqui voc\u00ea tem que usar TEXT novamente com DATA e ANO.<\/li><li> Portanto, insira esta f\u00f3rmula TEXT(A1-DATE(YEAR(A1),1,0), \u00bb000\u2033) ap\u00f3s este e comercial para <a href=\"https:\/\/exceladvisor.org\/pt\/obter-o-numero-do-dia-do-ano\/\">obter o dia do ano<\/a> . <\/li><\/ol><div class=\"wp-block-image\"><figure class=\"aligncenter size-full is-resized\"><img loading=\"lazy\" decoding=\"async\" class=\"wp-image-83049\" src=\"https:\/\/exceladvisor.org\/wp-content\/uploads\/2023\/08\/3-formule-pour-la-date-julienne.png\" sizes=\"auto, \" srcset=\"\" alt=\"f\u00f3rmula para data juliana\" width=\"628\" height=\"140\"><\/figure><\/div><p> No momento em que voc\u00ea pressiona a tecla Enter para obt\u00ea-lo, retorna um n\u00famero, uma data juliana. E nesta data, os primeiros quatro d\u00edgitos s\u00e3o o ano e os pr\u00f3ximos tr\u00eas d\u00edgitos s\u00e3o o n\u00famero do dia do ano. <\/p><div class=\"wp-block-image\"><figure class=\"aligncenter size-full is-resized\"><img loading=\"lazy\" decoding=\"async\" class=\"wp-image-83050\" src=\"https:\/\/exceladvisor.org\/wp-content\/uploads\/2023\/08\/4-nombre-comme-date-julienne.png\" sizes=\"auto, \" srcset=\"\" alt=\"n\u00famero-como-data-juliana\" width=\"590\" height=\"162\"><\/figure><\/div><pre class=\"wp-block-code\"> <code class=\"language-excel-formula\" lang=\"excel-formula\">=TEXT(A1,\"YYYY\")&amp;TEXT(A1-DATE(YEAR(A1),1,0),\"000\")<\/code><\/pre><p> Para entender esta f\u00f3rmula, \u00e9 necess\u00e1rio dividi-la em duas partes: <\/p><div class=\"wp-block-image\"><figure class=\"aligncenter size-full is-resized\"><img loading=\"lazy\" decoding=\"async\" class=\"wp-image-83051\" src=\"https:\/\/exceladvisor.org\/wp-content\/uploads\/2023\/08\/5-formule-divisee-en-deux-parties.png\" sizes=\"auto, \" srcset=\"\" alt=\"f\u00f3rmula dividida em duas partes\" width=\"622\" height=\"94\"><\/figure><\/div><p> Na primeira parte, voc\u00ea usou a fun\u00e7\u00e3o TEXT para obter o ano a partir da data no formato \u201cAAAA\u201d. <\/p><div class=\"wp-block-image\"><figure class=\"aligncenter size-full is-resized\"><img loading=\"lazy\" decoding=\"async\" class=\"wp-image-83052\" src=\"https:\/\/exceladvisor.org\/wp-content\/uploads\/2023\/08\/6-fonction-de-texte-pour-obtenir-lannee.png\" sizes=\"auto, \" srcset=\"\" alt=\"fun\u00e7\u00e3o de texto para obter ano\" width=\"679\" height=\"141\"><\/figure><\/div><p> E na segunda parte combinamos tr\u00eas fun\u00e7\u00f5es, TEXTO, DATA e ANO. ANO retorna o ano a partir da data original; com isso, DATE cria o <sup>primeiro<\/sup> dia do ano. <\/p><div class=\"wp-block-image\"><figure class=\"aligncenter size-full is-resized\"><img loading=\"lazy\" decoding=\"async\" class=\"wp-image-83053\" src=\"https:\/\/exceladvisor.org\/wp-content\/uploads\/2023\/08\/7-deuxieme-partie-a-des-fonctions-de-date-et-dannee-de-texte.png\" sizes=\"auto, \" srcset=\"\" alt=\"segunda parte tem fun\u00e7\u00f5es de data e ano de texto\" width=\"686\" height=\"73\"><\/figure><\/div><p> Depois disso, TEXT utiliza esta data e subtrai-a da data original. E no final, usando o formato \u201c000\u201d converte-o para um n\u00famero de tr\u00eas d\u00edgitos, o n\u00famero do dia do ano. <\/p><div class=\"wp-block-image\"><figure class=\"aligncenter size-full is-resized\"><img loading=\"lazy\" decoding=\"async\" class=\"wp-image-83055\" src=\"https:\/\/exceladvisor.org\/wp-content\/uploads\/2023\/08\/8-texte-utilise-cette-date.png\" sizes=\"auto, \" srcset=\"\" alt=\"texto-use-esta-data\" width=\"699\" height=\"161\"><\/figure><\/div><p> E, no geral, esta f\u00f3rmula fornece o n\u00famero do ano e do dia em uma \u00fanica c\u00e9lula como uma data juliana.<\/p><h2 class=\"wp-block-heading\"> Data juliana em outros formatos<\/h2><p> Como disse no in\u00edcio, existem v\u00e1rios formatos de data juliana. E voc\u00ea pode usar qualquer um deles. Por exemplo, com a f\u00f3rmula abaixo voc\u00ea pode criar uma data juliana onde voc\u00ea tem o ano como um n\u00famero de dois d\u00edgitos e depois o dia como um n\u00famero de tr\u00eas d\u00edgitos. <\/p><div class=\"wp-block-image\"><figure class=\"aligncenter size-full is-resized\"><img loading=\"lazy\" decoding=\"async\" class=\"wp-image-83056\" src=\"https:\/\/exceladvisor.org\/wp-content\/uploads\/2023\/08\/Date-du-9-julien-dans-dautres-formats.png\" sizes=\"auto, \" srcset=\"\" alt=\"juliana-data-em-outros-formatos\" width=\"683\" height=\"176\"><\/figure><\/div><pre class=\"wp-block-code\"> <code class=\"language-excel-formula\" lang=\"excel-formula\">=TEXT(A1,\"YY\")&amp;TEXT(A1-DATE(YEAR(A1),1,0),\"000\")<\/code><\/pre><h2 class=\"wp-block-heading\"> Convers\u00e3o da data juliana<\/h2><p> Se voc\u00ea j\u00e1 possui uma data juliana e deseja convert\u00ea-la novamente para uma data normal, pode usar a f\u00f3rmula abaixo: <\/p><div class=\"wp-block-image\"><figure class=\"aligncenter size-full is-resized\"><img loading=\"lazy\" decoding=\"async\" class=\"wp-image-83057\" src=\"https:\/\/exceladvisor.org\/wp-content\/uploads\/2023\/08\/10-reconvertir-a-la-date-normale.png\" sizes=\"auto, \" srcset=\"\" alt=\"reconverter para data normal\" width=\"473\" height=\"274\"><\/figure><\/div><pre class=\"wp-block-code\"> <code class=\"language-excel-formula\" lang=\"excel-formula\">=DATE(LEFT(A2,4),1,RIGHT(A2,3))<\/code><\/pre><p> Para entender esta f\u00f3rmula voc\u00ea precisa entender a fun\u00e7\u00e3o DATE porque a fun\u00e7\u00e3o principal \u00e9 a fun\u00e7\u00e3o DATE. <\/p><div class=\"wp-block-image\"><figure class=\"aligncenter size-full is-resized\"><img loading=\"lazy\" decoding=\"async\" class=\"wp-image-83058\" src=\"https:\/\/exceladvisor.org\/wp-content\/uploads\/2023\/08\/11-formule-pour-revenir-a-la-date-normale.png\" sizes=\"auto, \" srcset=\"\" alt=\"f\u00f3rmula para converter em data normal\" width=\"570\" height=\"86\"><\/figure><\/div><p> LEFT retorna o ano a partir da data extraindo quatro d\u00edgitos da esquerda. Por exemplo, no segundo argumento (m\u00eas), voc\u00ea tem 1, que significa o primeiro m\u00eas (janeiro).<\/p><p> Agora no terceiro argumento temos RIGHT, que retorna o n\u00famero do dia do ano. O n\u00famero de dias aqui \u00e9 324, mais do que o n\u00famero total de dias que um m\u00eas normalmente tem (30\/31). E a fun\u00e7\u00e3o DATA \u00e9 inteligente o suficiente para ajustar esses dias em meses e fornecer uma data correta. <\/p><div class=\"wp-block-image\"><figure class=\"aligncenter size-full is-resized\"><img loading=\"lazy\" decoding=\"async\" class=\"wp-image-83059\" src=\"https:\/\/exceladvisor.org\/wp-content\/uploads\/2023\/08\/Date-du-12-julien-convertie-en-date-normale.png\" sizes=\"auto, \" srcset=\"\" alt=\"julienne-data-convertida-para-data-normal\" width=\"544\" height=\"276\"><\/figure><\/div><div class=\"gb-container gb-container-0df56012 gb-container-mt\"> <a class=\"gb-button gb-button-f9f432f4 gb-button-text gb-button-mt-button\" href=\"https:\/\/exceladvisor.org\/pt\/formulas\/\">Lista de f\u00f3rmulas do Excel<\/a><h2 class=\"gb-headline gb-headline-233444e8 gb-headline-text gb-headline-mt-heading\"> F\u00f3rmulas relacionadas <\/h2><div class=\"gb-grid-wrapper gb-grid-wrapper-a16fa65c gb-grid-wrapper-mt-grid\"><div class=\"gb-grid-column gb-grid-column-50d07e0d\"><div class=\"gb-container gb-container-50d07e0d\"><ul><li> <a href=\"https:\/\/exceladvisor.org\/pt\/adicione-a-data-da-semana\/\">Semana de adi\u00e7\u00e3o e subtra\u00e7\u00e3o de uma data no Excel<\/a><\/li><li> <a href=\"https:\/\/exceladvisor.org\/pt\/pegue-o-nome-do-dia\/\">Obtenha o nome do dia de uma data no Excel<\/a><\/li><li> <a href=\"https:\/\/exceladvisor.org\/pt\/dias-do-mes\/\">Obtenha o n\u00famero total de dias dos meses no Excel<\/a> <\/li><\/ul><\/div><\/div><div class=\"gb-grid-column gb-grid-column-5b4a0cf9\"><div class=\"gb-container gb-container-5b4a0cf9\"><ul><li> <a href=\"https:\/\/exceladvisor.org\/pt\/dias-de-contagem-regressiva\/\">Dias de contagem regressiva<\/a><\/li><li> <a href=\"https:\/\/exceladvisor.org\/pt\/dias-entre-duas-datas\/\">Conte os dias entre duas datas<\/a><\/li><li> <a href=\"https:\/\/exceladvisor.org\/pt\/domingo-anterior-2\/\">Obtenha o domingo anterior<\/a><\/li><\/ul><\/div><\/div><\/div><\/div>","protected":false},"excerpt":{"rendered":"","protected":false},"author":1,"featured_media":0,"parent":0,"menu_order":0,"comment_status":"open","ping_status":"closed","template":"","meta":{"ub_ctt_via":"","footnotes":""},"class_list":["post-26","page","type-page","status-publish","hentry"],"featured_image_src":null,"yoast_head":"<!-- This site is optimized with the Yoast SEO plugin v25.4 - https:\/\/yoast.com\/wordpress\/plugins\/seo\/ -->\n<title>Como converter uma data em uma data juliana? (Tutorial 2023)<\/title>\n<meta name=\"description\" content=\"Este tutorial ensinar\u00e1 como escrever uma f\u00f3rmula Excel para converter uma data normal em uma data juliana. Vamos verificar isso\u2026\" \/>\n<meta name=\"robots\" content=\"index, follow, max-snippet:-1, max-image-preview:large, max-video-preview:-1\" \/>\n<link rel=\"canonical\" href=\"https:\/\/exceladvisor.org\/pt\/juliana-encontro-2\/\" \/>\n<meta property=\"og:locale\" content=\"pt_PT\" \/>\n<meta property=\"og:type\" content=\"article\" \/>\n<meta property=\"og:title\" content=\"Como converter uma data em uma data juliana? (Tutorial 2023)\" \/>\n<meta property=\"og:description\" content=\"Este tutorial ensinar\u00e1 como escrever uma f\u00f3rmula Excel para converter uma data normal em uma data juliana. Vamos verificar isso\u2026\" \/>\n<meta property=\"og:url\" content=\"https:\/\/exceladvisor.org\/pt\/juliana-encontro-2\/\" \/>\n<meta property=\"og:site_name\" content=\"Excel Advisor\" \/>\n<meta property=\"article:modified_time\" content=\"2023-12-06T11:35:53+00:00\" \/>\n<meta property=\"og:image\" content=\"https:\/\/exceladvisor.org\/wp-content\/uploads\/2023\/08\/1-format-de-date-julien.png\" \/>\n<meta name=\"twitter:card\" content=\"summary_large_image\" \/>\n<meta name=\"twitter:label1\" content=\"Tempo estimado de leitura\" \/>\n\t<meta name=\"twitter:data1\" content=\"3 minutos\" \/>\n<script type=\"application\/ld+json\" class=\"yoast-schema-graph\">{\"@context\":\"https:\/\/schema.org\",\"@graph\":[{\"@type\":\"WebPage\",\"@id\":\"https:\/\/exceladvisor.org\/pt\/juliana-encontro-2\/\",\"url\":\"https:\/\/exceladvisor.org\/pt\/juliana-encontro-2\/\",\"name\":\"Como converter uma data em uma data juliana? (Tutorial 2023)\",\"isPartOf\":{\"@id\":\"https:\/\/exceladvisor.org\/pt\/#website\"},\"primaryImageOfPage\":{\"@id\":\"https:\/\/exceladvisor.org\/pt\/juliana-encontro-2\/#primaryimage\"},\"image\":{\"@id\":\"https:\/\/exceladvisor.org\/pt\/juliana-encontro-2\/#primaryimage\"},\"thumbnailUrl\":\"https:\/\/exceladvisor.org\/wp-content\/uploads\/2023\/08\/1-format-de-date-julien.png\",\"datePublished\":\"2023-11-20T03:23:44+00:00\",\"dateModified\":\"2023-12-06T11:35:53+00:00\",\"description\":\"Este tutorial ensinar\u00e1 como escrever uma f\u00f3rmula Excel para converter uma data normal em uma data juliana. Vamos verificar isso\u2026\",\"breadcrumb\":{\"@id\":\"https:\/\/exceladvisor.org\/pt\/juliana-encontro-2\/#breadcrumb\"},\"inLanguage\":\"pt-PT\",\"potentialAction\":[{\"@type\":\"ReadAction\",\"target\":[\"https:\/\/exceladvisor.org\/pt\/juliana-encontro-2\/\"]}]},{\"@type\":\"ImageObject\",\"inLanguage\":\"pt-PT\",\"@id\":\"https:\/\/exceladvisor.org\/pt\/juliana-encontro-2\/#primaryimage\",\"url\":\"https:\/\/exceladvisor.org\/wp-content\/uploads\/2023\/08\/1-format-de-date-julien.png\",\"contentUrl\":\"https:\/\/exceladvisor.org\/wp-content\/uploads\/2023\/08\/1-format-de-date-julien.png\"},{\"@type\":\"BreadcrumbList\",\"@id\":\"https:\/\/exceladvisor.org\/pt\/juliana-encontro-2\/#breadcrumb\",\"itemListElement\":[{\"@type\":\"ListItem\",\"position\":1,\"name\":\"Lar\",\"item\":\"https:\/\/exceladvisor.org\/pt\/\"},{\"@type\":\"ListItem\",\"position\":2,\"name\":\"Como converter uma data em uma data juliana?\"}]},{\"@type\":\"WebSite\",\"@id\":\"https:\/\/exceladvisor.org\/pt\/#website\",\"url\":\"https:\/\/exceladvisor.org\/pt\/\",\"name\":\"Excel Advisor\",\"description\":\"O seu guia definitivo para dominar os dados!\",\"publisher\":{\"@id\":\"https:\/\/exceladvisor.org\/pt\/#organization\"},\"potentialAction\":[{\"@type\":\"SearchAction\",\"target\":{\"@type\":\"EntryPoint\",\"urlTemplate\":\"https:\/\/exceladvisor.org\/pt\/?s={search_term_string}\"},\"query-input\":{\"@type\":\"PropertyValueSpecification\",\"valueRequired\":true,\"valueName\":\"search_term_string\"}}],\"inLanguage\":\"pt-PT\"},{\"@type\":\"Organization\",\"@id\":\"https:\/\/exceladvisor.org\/pt\/#organization\",\"name\":\"Excel Advisor\",\"url\":\"https:\/\/exceladvisor.org\/pt\/\",\"logo\":{\"@type\":\"ImageObject\",\"inLanguage\":\"pt-PT\",\"@id\":\"https:\/\/exceladvisor.org\/pt\/#\/schema\/logo\/image\/\",\"url\":\"https:\/\/exceladvisor.org\/pt\/wp-content\/uploads\/2023\/12\/exceladvisor.org_.png\",\"contentUrl\":\"https:\/\/exceladvisor.org\/pt\/wp-content\/uploads\/2023\/12\/exceladvisor.org_.png\",\"width\":105,\"height\":36,\"caption\":\"Excel Advisor\"},\"image\":{\"@id\":\"https:\/\/exceladvisor.org\/pt\/#\/schema\/logo\/image\/\"}}]}<\/script>\n<!-- \/ Yoast SEO plugin. -->","yoast_head_json":{"title":"Como converter uma data em uma data juliana? (Tutorial 2023)","description":"Este tutorial ensinar\u00e1 como escrever uma f\u00f3rmula Excel para converter uma data normal em uma data juliana. Vamos verificar isso\u2026","robots":{"index":"index","follow":"follow","max-snippet":"max-snippet:-1","max-image-preview":"max-image-preview:large","max-video-preview":"max-video-preview:-1"},"canonical":"https:\/\/exceladvisor.org\/pt\/juliana-encontro-2\/","og_locale":"pt_PT","og_type":"article","og_title":"Como converter uma data em uma data juliana? (Tutorial 2023)","og_description":"Este tutorial ensinar\u00e1 como escrever uma f\u00f3rmula Excel para converter uma data normal em uma data juliana. Vamos verificar isso\u2026","og_url":"https:\/\/exceladvisor.org\/pt\/juliana-encontro-2\/","og_site_name":"Excel Advisor","article_modified_time":"2023-12-06T11:35:53+00:00","og_image":[{"url":"https:\/\/exceladvisor.org\/wp-content\/uploads\/2023\/08\/1-format-de-date-julien.png","type":"","width":"","height":""}],"twitter_card":"summary_large_image","twitter_misc":{"Tempo estimado de leitura":"3 minutos"},"schema":{"@context":"https:\/\/schema.org","@graph":[{"@type":"WebPage","@id":"https:\/\/exceladvisor.org\/pt\/juliana-encontro-2\/","url":"https:\/\/exceladvisor.org\/pt\/juliana-encontro-2\/","name":"Como converter uma data em uma data juliana? (Tutorial 2023)","isPartOf":{"@id":"https:\/\/exceladvisor.org\/pt\/#website"},"primaryImageOfPage":{"@id":"https:\/\/exceladvisor.org\/pt\/juliana-encontro-2\/#primaryimage"},"image":{"@id":"https:\/\/exceladvisor.org\/pt\/juliana-encontro-2\/#primaryimage"},"thumbnailUrl":"https:\/\/exceladvisor.org\/wp-content\/uploads\/2023\/08\/1-format-de-date-julien.png","datePublished":"2023-11-20T03:23:44+00:00","dateModified":"2023-12-06T11:35:53+00:00","description":"Este tutorial ensinar\u00e1 como escrever uma f\u00f3rmula Excel para converter uma data normal em uma data juliana. Vamos verificar isso\u2026","breadcrumb":{"@id":"https:\/\/exceladvisor.org\/pt\/juliana-encontro-2\/#breadcrumb"},"inLanguage":"pt-PT","potentialAction":[{"@type":"ReadAction","target":["https:\/\/exceladvisor.org\/pt\/juliana-encontro-2\/"]}]},{"@type":"ImageObject","inLanguage":"pt-PT","@id":"https:\/\/exceladvisor.org\/pt\/juliana-encontro-2\/#primaryimage","url":"https:\/\/exceladvisor.org\/wp-content\/uploads\/2023\/08\/1-format-de-date-julien.png","contentUrl":"https:\/\/exceladvisor.org\/wp-content\/uploads\/2023\/08\/1-format-de-date-julien.png"},{"@type":"BreadcrumbList","@id":"https:\/\/exceladvisor.org\/pt\/juliana-encontro-2\/#breadcrumb","itemListElement":[{"@type":"ListItem","position":1,"name":"Lar","item":"https:\/\/exceladvisor.org\/pt\/"},{"@type":"ListItem","position":2,"name":"Como converter uma data em uma data juliana?"}]},{"@type":"WebSite","@id":"https:\/\/exceladvisor.org\/pt\/#website","url":"https:\/\/exceladvisor.org\/pt\/","name":"Excel Advisor","description":"O seu guia definitivo para dominar os dados!","publisher":{"@id":"https:\/\/exceladvisor.org\/pt\/#organization"},"potentialAction":[{"@type":"SearchAction","target":{"@type":"EntryPoint","urlTemplate":"https:\/\/exceladvisor.org\/pt\/?s={search_term_string}"},"query-input":{"@type":"PropertyValueSpecification","valueRequired":true,"valueName":"search_term_string"}}],"inLanguage":"pt-PT"},{"@type":"Organization","@id":"https:\/\/exceladvisor.org\/pt\/#organization","name":"Excel Advisor","url":"https:\/\/exceladvisor.org\/pt\/","logo":{"@type":"ImageObject","inLanguage":"pt-PT","@id":"https:\/\/exceladvisor.org\/pt\/#\/schema\/logo\/image\/","url":"https:\/\/exceladvisor.org\/pt\/wp-content\/uploads\/2023\/12\/exceladvisor.org_.png","contentUrl":"https:\/\/exceladvisor.org\/pt\/wp-content\/uploads\/2023\/12\/exceladvisor.org_.png","width":105,"height":36,"caption":"Excel Advisor"},"image":{"@id":"https:\/\/exceladvisor.org\/pt\/#\/schema\/logo\/image\/"}}]}},"yoast_meta":{"yoast_wpseo_title":"","yoast_wpseo_metadesc":"","yoast_wpseo_canonical":""},"_links":{"self":[{"href":"https:\/\/exceladvisor.org\/pt\/wp-json\/wp\/v2\/pages\/26","targetHints":{"allow":["GET"]}}],"collection":[{"href":"https:\/\/exceladvisor.org\/pt\/wp-json\/wp\/v2\/pages"}],"about":[{"href":"https:\/\/exceladvisor.org\/pt\/wp-json\/wp\/v2\/types\/page"}],"author":[{"embeddable":true,"href":"https:\/\/exceladvisor.org\/pt\/wp-json\/wp\/v2\/users\/1"}],"replies":[{"embeddable":true,"href":"https:\/\/exceladvisor.org\/pt\/wp-json\/wp\/v2\/comments?post=26"}],"version-history":[{"count":1,"href":"https:\/\/exceladvisor.org\/pt\/wp-json\/wp\/v2\/pages\/26\/revisions"}],"predecessor-version":[{"id":945,"href":"https:\/\/exceladvisor.org\/pt\/wp-json\/wp\/v2\/pages\/26\/revisions\/945"}],"wp:attachment":[{"href":"https:\/\/exceladvisor.org\/pt\/wp-json\/wp\/v2\/media?parent=26"}],"curies":[{"name":"wp","href":"https:\/\/api.w.org\/{rel}","templated":true}]}}