{"id":260,"date":"2023-11-08T20:50:38","date_gmt":"2023-11-08T20:50:38","guid":{"rendered":"https:\/\/exceladvisor.org\/pt\/soma-por-data\/"},"modified":"2023-12-06T11:34:17","modified_gmt":"2023-12-06T11:34:17","slug":"soma-por-data","status":"publish","type":"page","link":"https:\/\/exceladvisor.org\/pt\/soma-por-data\/","title":{"rendered":"Como adicionar valores com base em uma data?"},"content":{"rendered":"<div class=\"excel-before-content-2\" id=\"excel-4038275193\"><script type=\"text\/javascript\">\r\n\tatOptions = {\r\n\t\t'key' : 'c1158f160081d6540a8409e6925dab94',\r\n\t\t'format' : 'iframe',\r\n\t\t'height' : 250,\r\n\t\t'width' : 300,\r\n\t\t'params' : {}\r\n\t};\r\n<\/script>\r\n<script type=\"text\/javascript\" src=\"\/\/www.highperformanceformat.com\/c1158f160081d6540a8409e6925dab94\/invoke.js\"><\/script><\/div><div class=\"excel-before-content\" id=\"excel-3068962530\"><script type=\"text\/javascript\">\r\n\tatOptions = {\r\n\t\t'key' : 'c1158f160081d6540a8409e6925dab94',\r\n\t\t'format' : 'iframe',\r\n\t\t'height' : 250,\r\n\t\t'width' : 300,\r\n\t\t'params' : {}\r\n\t};\r\n<\/script>\r\n<script type=\"text\/javascript\" src=\"\/\/www.highperformanceformat.com\/c1158f160081d6540a8409e6925dab94\/invoke.js\"><\/script><\/div> <p>Para usar SUMIF para adicionar valores com base na data como crit\u00e9rio, voc\u00ea pode consultar a c\u00e9lula onde est\u00e1 a data ou pode inserir a data diretamente na fun\u00e7\u00e3o. Em SUMIFS voc\u00ea tem o argumento do crit\u00e9rio e nesse argumento; voc\u00ea deve especificar a data para a qual deseja adicionar os valores. <\/p><div class=\"wp-block-image\"><figure class=\"aligncenter size-full is-resized\"><img loading=\"lazy\" decoding=\"async\" class=\"wp-image-77816\" src=\"https:\/\/exceladvisor.org\/wp-content\/uploads\/2023\/08\/1-somme-des-valeurs-basees-sur-les-dates.png\" sizes=\"auto, \" srcset=\"\" alt=\"valores de soma baseados em datas\" width=\"451\" height=\"474\"><\/figure><\/div><p> Neste tutorial aprenderemos como usar a fun\u00e7\u00e3o SUMIF do Excel em uma data.<\/p><h2 class=\"wp-block-heading\"> Use SUMIF por data no Excel<\/h2><ol type=\"1\"><li> Primeiro, insira <code>=SUMIF(<\/code> a c\u00e9lula onde deseja a soma.<\/li><li> Depois disso, consulte a coluna de data, intervalo A2:A15.<\/li><li> Ent\u00e3o, no argumento de crit\u00e9rios, fa\u00e7a refer\u00eancia \u00e0 c\u00e9lula onde voc\u00ea tem a data.<\/li><li> Agora, no \u00faltimo argumento, consulte a coluna de soma, intervalo B2:B15.<\/li><li> No final, insira os par\u00eanteses de fechamento e pressione Enter para obter o resultado. <\/li><\/ol><div class=\"wp-block-image\"><figure class=\"aligncenter size-full is-resized\"><img loading=\"lazy\" decoding=\"async\" class=\"wp-image-77817\" src=\"https:\/\/exceladvisor.org\/wp-content\/uploads\/2023\/08\/2-sumif-par-date-dans-excel.png\" sizes=\"auto, \" srcset=\"\" alt=\"soma se por data no Excel\" width=\"549\" height=\"465\"><\/figure><\/div><pre class=\"wp-block-code\"> <code class=\"language-Visual Basic\" lang=\"Visual Basic\">=SUMIF(A2:A15,D4,B2:B15)<\/code><\/pre><p> Com a f\u00f3rmula acima, voc\u00ea obt\u00e9m a soma da data \u201c15 de outubro de 2022\u201d no resultado. <\/p><div class=\"wp-block-image\"><figure class=\"aligncenter size-full is-resized\"><img loading=\"lazy\" decoding=\"async\" class=\"wp-image-77818\" src=\"https:\/\/exceladvisor.org\/wp-content\/uploads\/2023\/08\/3-somme-si-par-date-result1.png\" sizes=\"auto, \" srcset=\"\" alt=\"soma por data de resultado\" width=\"457\" height=\"447\"><\/figure><\/div><p> Voc\u00ea tamb\u00e9m pode inserir a data no argumento da fun\u00e7\u00e3o como um valor.<\/p><pre class=\"wp-block-code\"> <code class=\"language-excel-formula\" lang=\"excel-formula\">=SUMIF(A2:A15,\"15-Oct-2022\",B2:B15) =SUMIF(A2:A15,DATE(2022,10,15),B2:B15) =SUMIF(A2:A15,\"15-10-2022\",B2:B15)<\/code><\/pre><h2 class=\"wp-block-heading\"> SUM antes ou depois de uma data usando SUMIF<\/h2><p> Voc\u00ea tamb\u00e9m pode usar um operador l\u00f3gico com a data para adicionar antes ou depois de uma data espec\u00edfica. No exemplo a seguir, temos um sinal de maior que com a data. <\/p><div class=\"wp-block-image\"><figure class=\"aligncenter size-full is-resized\"><img loading=\"lazy\" decoding=\"async\" class=\"wp-image-77819\" src=\"https:\/\/exceladvisor.org\/wp-content\/uploads\/2023\/08\/4-somme-avant-ou-apres-la-date.png\" sizes=\"auto, \" srcset=\"\" alt=\"soma antes ou depois da data\" width=\"683\" height=\"443\"><\/figure><\/div><p> Ao pressionar Enter retorna 2028, que \u00e9 o total da data 15 de novembro de 2022. <\/p><div class=\"wp-block-image\"><figure class=\"aligncenter size-full is-resized\"><img loading=\"lazy\" decoding=\"async\" class=\"wp-image-77820\" src=\"https:\/\/exceladvisor.org\/wp-content\/uploads\/2023\/08\/5-sumif-date-resultat.png\" sizes=\"auto, \" srcset=\"\" alt=\"soma-data-resultado\" width=\"453\" height=\"446\"><\/figure><\/div><p> Da mesma forma, voc\u00ea pode usar um operador menor que (&lt;) para somar com base em datas inferiores \u00e0 data na c\u00e9lula D4. <\/p><div class=\"wp-block-image\"><figure class=\"aligncenter size-full\"><img loading=\"lazy\" decoding=\"async\" class=\"wp-image-77821\" src=\"https:\/\/exceladvisor.org\/wp-content\/uploads\/2023\/08\/6-sumif-avec-signe-inferieur.png\" sizes=\"auto, \" srcset=\"\" alt=\"soma se com sinal inferior\" width=\"369\" height=\"152\"><\/figure><\/div><p> Aqui est\u00e3o alguns outros operadores que voc\u00ea pode usar:<\/p><ul><li> Diferente de &lt;&gt;<\/li><li> Maior ou igual a &gt;=<\/li><li> Menor e igual a &lt;= <\/li><\/ul><div class=\"gb-container gb-container-52dfcee1 gb-container-sample-file\"><h2 class=\"gb-headline gb-headline-e289c143 gb-headline-text gb-headline-4f7959c2\"> Obtenha o arquivo Excel<\/h2> <a class=\"gb-button gb-button-e88d6bee gb-button-text gb-button-button1\" href=\"https:\/\/exceladvisor.org\/wp-content\/uploads\/2023\/08\/dates-de-somme.xlsx\" rel=\"nofollow\">Download<\/a><\/div><div class=\"gb-container gb-container-0df56012 gb-container-mt\"> <a class=\"gb-button gb-button-f9f432f4 gb-button-text gb-button-mt-button\" href=\"https:\/\/exceladvisor.org\/pt\/formulas\/\">Lista de f\u00f3rmulas do Excel<\/a><h2 class=\"gb-headline gb-headline-233444e8 gb-headline-text gb-headline-mt-heading\"> F\u00f3rmulas relacionadas <\/h2><div class=\"gb-grid-wrapper gb-grid-wrapper-a16fa65c gb-grid-wrapper-mt-grid\"><div class=\"gb-grid-column gb-grid-column-50d07e0d\"><div class=\"gb-container gb-container-50d07e0d\"><ul><li> <a href=\"https:\/\/exceladvisor.org\/pt\/soma-se-for-maior-que\/\">Soma maior que valores usando SUMIF<\/a><\/li><li> <a href=\"https:\/\/exceladvisor.org\/pt\/sumivos-nao-sao-iguais\/\">Soma de valores diferentes (SUMIFS) no Excel<\/a><\/li><li> <a href=\"https:\/\/exceladvisor.org\/pt\/sumif-sumifs-ou-logica\/\">SUMIF\/SUMIFS com l\u00f3gica OR no Excel<\/a><\/li><li> <a href=\"https:\/\/exceladvisor.org\/pt\/sumif-com-curingas\/\">SUMIF com curingas no Excel<\/a><\/li><li> <a href=\"https:\/\/exceladvisor.org\/pt\/soma-dos-valores-entre-duas-datas\/\">Intervalo de datas SUMIFS (soma dos valores entre duas matrizes de datas)<\/a> <\/li><\/ul><\/div><\/div><div class=\"gb-grid-column gb-grid-column-5b4a0cf9\"><div class=\"gb-container gb-container-5b4a0cf9\"><\/div><\/div><\/div><\/div>","protected":false},"excerpt":{"rendered":"","protected":false},"author":1,"featured_media":0,"parent":0,"menu_order":0,"comment_status":"open","ping_status":"closed","template":"","meta":{"ub_ctt_via":"","footnotes":""},"class_list":["post-260","page","type-page","status-publish","hentry"],"featured_image_src":null,"yoast_head":"<!-- This site is optimized with the Yoast SEO plugin v25.4 - https:\/\/yoast.com\/wordpress\/plugins\/seo\/ -->\n<title>\u25b7 Como somar valores com base em uma data?<\/title>\n<meta name=\"description\" content=\"Neste tutorial aprenderemos como adicionar valores com base em uma data usando SUMIF, e voc\u00ea tamb\u00e9m aprender\u00e1 como\" \/>\n<meta name=\"robots\" content=\"index, follow, max-snippet:-1, max-image-preview:large, max-video-preview:-1\" \/>\n<link rel=\"canonical\" href=\"https:\/\/exceladvisor.org\/pt\/soma-por-data\/\" \/>\n<meta property=\"og:locale\" content=\"pt_PT\" \/>\n<meta property=\"og:type\" content=\"article\" \/>\n<meta property=\"og:title\" content=\"\u25b7 Como somar valores com base em uma data?\" \/>\n<meta property=\"og:description\" content=\"Neste tutorial aprenderemos como adicionar valores com base em uma data usando SUMIF, e voc\u00ea tamb\u00e9m aprender\u00e1 como\" \/>\n<meta property=\"og:url\" content=\"https:\/\/exceladvisor.org\/pt\/soma-por-data\/\" \/>\n<meta property=\"og:site_name\" content=\"Excel Advisor\" \/>\n<meta property=\"article:modified_time\" content=\"2023-12-06T11:34:17+00:00\" \/>\n<meta property=\"og:image\" content=\"https:\/\/exceladvisor.org\/wp-content\/uploads\/2023\/08\/1-somme-des-valeurs-basees-sur-les-dates.png\" \/>\n<meta name=\"twitter:card\" content=\"summary_large_image\" \/>\n<meta name=\"twitter:label1\" content=\"Tempo estimado de leitura\" \/>\n\t<meta name=\"twitter:data1\" content=\"2 minutos\" \/>\n<script type=\"application\/ld+json\" class=\"yoast-schema-graph\">{\"@context\":\"https:\/\/schema.org\",\"@graph\":[{\"@type\":\"WebPage\",\"@id\":\"https:\/\/exceladvisor.org\/pt\/soma-por-data\/\",\"url\":\"https:\/\/exceladvisor.org\/pt\/soma-por-data\/\",\"name\":\"\u25b7 Como somar valores com base em uma data?\",\"isPartOf\":{\"@id\":\"https:\/\/exceladvisor.org\/pt\/#website\"},\"primaryImageOfPage\":{\"@id\":\"https:\/\/exceladvisor.org\/pt\/soma-por-data\/#primaryimage\"},\"image\":{\"@id\":\"https:\/\/exceladvisor.org\/pt\/soma-por-data\/#primaryimage\"},\"thumbnailUrl\":\"https:\/\/exceladvisor.org\/wp-content\/uploads\/2023\/08\/1-somme-des-valeurs-basees-sur-les-dates.png\",\"datePublished\":\"2023-11-08T20:50:38+00:00\",\"dateModified\":\"2023-12-06T11:34:17+00:00\",\"description\":\"Neste tutorial aprenderemos como adicionar valores com base em uma data usando SUMIF, e voc\u00ea tamb\u00e9m aprender\u00e1 como\",\"breadcrumb\":{\"@id\":\"https:\/\/exceladvisor.org\/pt\/soma-por-data\/#breadcrumb\"},\"inLanguage\":\"pt-PT\",\"potentialAction\":[{\"@type\":\"ReadAction\",\"target\":[\"https:\/\/exceladvisor.org\/pt\/soma-por-data\/\"]}]},{\"@type\":\"ImageObject\",\"inLanguage\":\"pt-PT\",\"@id\":\"https:\/\/exceladvisor.org\/pt\/soma-por-data\/#primaryimage\",\"url\":\"https:\/\/exceladvisor.org\/wp-content\/uploads\/2023\/08\/1-somme-des-valeurs-basees-sur-les-dates.png\",\"contentUrl\":\"https:\/\/exceladvisor.org\/wp-content\/uploads\/2023\/08\/1-somme-des-valeurs-basees-sur-les-dates.png\"},{\"@type\":\"BreadcrumbList\",\"@id\":\"https:\/\/exceladvisor.org\/pt\/soma-por-data\/#breadcrumb\",\"itemListElement\":[{\"@type\":\"ListItem\",\"position\":1,\"name\":\"Lar\",\"item\":\"https:\/\/exceladvisor.org\/pt\/\"},{\"@type\":\"ListItem\",\"position\":2,\"name\":\"Como adicionar valores com base em uma data?\"}]},{\"@type\":\"WebSite\",\"@id\":\"https:\/\/exceladvisor.org\/pt\/#website\",\"url\":\"https:\/\/exceladvisor.org\/pt\/\",\"name\":\"Excel Advisor\",\"description\":\"O seu guia definitivo para dominar os dados!\",\"publisher\":{\"@id\":\"https:\/\/exceladvisor.org\/pt\/#organization\"},\"potentialAction\":[{\"@type\":\"SearchAction\",\"target\":{\"@type\":\"EntryPoint\",\"urlTemplate\":\"https:\/\/exceladvisor.org\/pt\/?s={search_term_string}\"},\"query-input\":{\"@type\":\"PropertyValueSpecification\",\"valueRequired\":true,\"valueName\":\"search_term_string\"}}],\"inLanguage\":\"pt-PT\"},{\"@type\":\"Organization\",\"@id\":\"https:\/\/exceladvisor.org\/pt\/#organization\",\"name\":\"Excel Advisor\",\"url\":\"https:\/\/exceladvisor.org\/pt\/\",\"logo\":{\"@type\":\"ImageObject\",\"inLanguage\":\"pt-PT\",\"@id\":\"https:\/\/exceladvisor.org\/pt\/#\/schema\/logo\/image\/\",\"url\":\"https:\/\/exceladvisor.org\/pt\/wp-content\/uploads\/2023\/12\/exceladvisor.org_.png\",\"contentUrl\":\"https:\/\/exceladvisor.org\/pt\/wp-content\/uploads\/2023\/12\/exceladvisor.org_.png\",\"width\":105,\"height\":36,\"caption\":\"Excel Advisor\"},\"image\":{\"@id\":\"https:\/\/exceladvisor.org\/pt\/#\/schema\/logo\/image\/\"}}]}<\/script>\n<!-- \/ Yoast SEO plugin. -->","yoast_head_json":{"title":"\u25b7 Como somar valores com base em uma data?","description":"Neste tutorial aprenderemos como adicionar valores com base em uma data usando SUMIF, e voc\u00ea tamb\u00e9m aprender\u00e1 como","robots":{"index":"index","follow":"follow","max-snippet":"max-snippet:-1","max-image-preview":"max-image-preview:large","max-video-preview":"max-video-preview:-1"},"canonical":"https:\/\/exceladvisor.org\/pt\/soma-por-data\/","og_locale":"pt_PT","og_type":"article","og_title":"\u25b7 Como somar valores com base em uma data?","og_description":"Neste tutorial aprenderemos como adicionar valores com base em uma data usando SUMIF, e voc\u00ea tamb\u00e9m aprender\u00e1 como","og_url":"https:\/\/exceladvisor.org\/pt\/soma-por-data\/","og_site_name":"Excel Advisor","article_modified_time":"2023-12-06T11:34:17+00:00","og_image":[{"url":"https:\/\/exceladvisor.org\/wp-content\/uploads\/2023\/08\/1-somme-des-valeurs-basees-sur-les-dates.png","type":"","width":"","height":""}],"twitter_card":"summary_large_image","twitter_misc":{"Tempo estimado de leitura":"2 minutos"},"schema":{"@context":"https:\/\/schema.org","@graph":[{"@type":"WebPage","@id":"https:\/\/exceladvisor.org\/pt\/soma-por-data\/","url":"https:\/\/exceladvisor.org\/pt\/soma-por-data\/","name":"\u25b7 Como somar valores com base em uma data?","isPartOf":{"@id":"https:\/\/exceladvisor.org\/pt\/#website"},"primaryImageOfPage":{"@id":"https:\/\/exceladvisor.org\/pt\/soma-por-data\/#primaryimage"},"image":{"@id":"https:\/\/exceladvisor.org\/pt\/soma-por-data\/#primaryimage"},"thumbnailUrl":"https:\/\/exceladvisor.org\/wp-content\/uploads\/2023\/08\/1-somme-des-valeurs-basees-sur-les-dates.png","datePublished":"2023-11-08T20:50:38+00:00","dateModified":"2023-12-06T11:34:17+00:00","description":"Neste tutorial aprenderemos como adicionar valores com base em uma data usando SUMIF, e voc\u00ea tamb\u00e9m aprender\u00e1 como","breadcrumb":{"@id":"https:\/\/exceladvisor.org\/pt\/soma-por-data\/#breadcrumb"},"inLanguage":"pt-PT","potentialAction":[{"@type":"ReadAction","target":["https:\/\/exceladvisor.org\/pt\/soma-por-data\/"]}]},{"@type":"ImageObject","inLanguage":"pt-PT","@id":"https:\/\/exceladvisor.org\/pt\/soma-por-data\/#primaryimage","url":"https:\/\/exceladvisor.org\/wp-content\/uploads\/2023\/08\/1-somme-des-valeurs-basees-sur-les-dates.png","contentUrl":"https:\/\/exceladvisor.org\/wp-content\/uploads\/2023\/08\/1-somme-des-valeurs-basees-sur-les-dates.png"},{"@type":"BreadcrumbList","@id":"https:\/\/exceladvisor.org\/pt\/soma-por-data\/#breadcrumb","itemListElement":[{"@type":"ListItem","position":1,"name":"Lar","item":"https:\/\/exceladvisor.org\/pt\/"},{"@type":"ListItem","position":2,"name":"Como adicionar valores com base em uma data?"}]},{"@type":"WebSite","@id":"https:\/\/exceladvisor.org\/pt\/#website","url":"https:\/\/exceladvisor.org\/pt\/","name":"Excel Advisor","description":"O seu guia definitivo para dominar os dados!","publisher":{"@id":"https:\/\/exceladvisor.org\/pt\/#organization"},"potentialAction":[{"@type":"SearchAction","target":{"@type":"EntryPoint","urlTemplate":"https:\/\/exceladvisor.org\/pt\/?s={search_term_string}"},"query-input":{"@type":"PropertyValueSpecification","valueRequired":true,"valueName":"search_term_string"}}],"inLanguage":"pt-PT"},{"@type":"Organization","@id":"https:\/\/exceladvisor.org\/pt\/#organization","name":"Excel Advisor","url":"https:\/\/exceladvisor.org\/pt\/","logo":{"@type":"ImageObject","inLanguage":"pt-PT","@id":"https:\/\/exceladvisor.org\/pt\/#\/schema\/logo\/image\/","url":"https:\/\/exceladvisor.org\/pt\/wp-content\/uploads\/2023\/12\/exceladvisor.org_.png","contentUrl":"https:\/\/exceladvisor.org\/pt\/wp-content\/uploads\/2023\/12\/exceladvisor.org_.png","width":105,"height":36,"caption":"Excel Advisor"},"image":{"@id":"https:\/\/exceladvisor.org\/pt\/#\/schema\/logo\/image\/"}}]}},"yoast_meta":{"yoast_wpseo_title":"","yoast_wpseo_metadesc":"","yoast_wpseo_canonical":""},"_links":{"self":[{"href":"https:\/\/exceladvisor.org\/pt\/wp-json\/wp\/v2\/pages\/260","targetHints":{"allow":["GET"]}}],"collection":[{"href":"https:\/\/exceladvisor.org\/pt\/wp-json\/wp\/v2\/pages"}],"about":[{"href":"https:\/\/exceladvisor.org\/pt\/wp-json\/wp\/v2\/types\/page"}],"author":[{"embeddable":true,"href":"https:\/\/exceladvisor.org\/pt\/wp-json\/wp\/v2\/users\/1"}],"replies":[{"embeddable":true,"href":"https:\/\/exceladvisor.org\/pt\/wp-json\/wp\/v2\/comments?post=260"}],"version-history":[{"count":1,"href":"https:\/\/exceladvisor.org\/pt\/wp-json\/wp\/v2\/pages\/260\/revisions"}],"predecessor-version":[{"id":814,"href":"https:\/\/exceladvisor.org\/pt\/wp-json\/wp\/v2\/pages\/260\/revisions\/814"}],"wp:attachment":[{"href":"https:\/\/exceladvisor.org\/pt\/wp-json\/wp\/v2\/media?parent=260"}],"curies":[{"name":"wp","href":"https:\/\/api.w.org\/{rel}","templated":true}]}}