{"id":263,"date":"2023-11-08T19:50:50","date_gmt":"2023-11-08T19:50:50","guid":{"rendered":"https:\/\/exceladvisor.org\/pt\/se-a-celula-contem-uma-parte\/"},"modified":"2023-12-06T11:50:29","modified_gmt":"2023-12-06T11:50:29","slug":"se-a-celula-contem-uma-parte","status":"publish","type":"page","link":"https:\/\/exceladvisor.org\/pt\/se-a-celula-contem-uma-parte\/","title":{"rendered":"Como verificar se uma c\u00e9lula cont\u00e9m texto parcial?"},"content":{"rendered":"<div class=\"excel-before-content-2\" id=\"excel-2710486069\"><script type=\"text\/javascript\">\r\n\tatOptions = {\r\n\t\t'key' : 'c1158f160081d6540a8409e6925dab94',\r\n\t\t'format' : 'iframe',\r\n\t\t'height' : 250,\r\n\t\t'width' : 300,\r\n\t\t'params' : {}\r\n\t};\r\n<\/script>\r\n<script type=\"text\/javascript\" src=\"\/\/www.highperformanceformat.com\/c1158f160081d6540a8409e6925dab94\/invoke.js\"><\/script><\/div><div class=\"excel-before-content\" id=\"excel-2566683024\"><script type=\"text\/javascript\">\r\n\tatOptions = {\r\n\t\t'key' : 'c1158f160081d6540a8409e6925dab94',\r\n\t\t'format' : 'iframe',\r\n\t\t'height' : 250,\r\n\t\t'width' : 300,\r\n\t\t'params' : {}\r\n\t};\r\n<\/script>\r\n<script type=\"text\/javascript\" src=\"\/\/www.highperformanceformat.com\/c1158f160081d6540a8409e6925dab94\/invoke.js\"><\/script><\/div> <p>Para verificar se uma c\u00e9lula cont\u00e9m texto parcial no Excel, voc\u00ea precisa criar uma f\u00f3rmula usando SE, CONT.SE e curingas. Os curingas ajudam a definir o texto parcial, ent\u00e3o CONT.SE verifica o valor parcial e IF retorna o resultado com base nisso. Esta combina\u00e7\u00e3o de fun\u00e7\u00f5es funciona perfeitamente. <\/p><div class=\"wp-block-image\"><figure class=\"aligncenter size-full is-resized\"><img loading=\"lazy\" decoding=\"async\" class=\"wp-image-77750\" src=\"https:\/\/exceladvisor.org\/wp-content\/uploads\/2023\/08\/1-verifier-si-la-cellule-contient-du-texte-partiel.png\" sizes=\"auto, \" srcset=\"\" alt=\"verifique se a c\u00e9lula cont\u00e9m texto parcial\" width=\"558\" height=\"275\"><\/figure><\/div><p> Neste tutorial, aprenderemos como escrever esta f\u00f3rmula.<\/p><h2 class=\"wp-block-heading\"> F\u00f3rmula Excel: SE uma c\u00e9lula contiver texto parcial<\/h2><ol type=\"1\"><li> Primeiro, na c\u00e9lula B1, digite \u201c=IF(\u201c.<\/li><li> Depois disso, digite \u201cCONT.SE(\u201c.<\/li><li> Ent\u00e3o, no primeiro argumento de CONT.SE, consulte a c\u00e9lula A1.<\/li><li> Agora insira o valor que deseja verificar usando um asterisco antes e depois deste valor e feche a fun\u00e7\u00e3o.<\/li><li> No final, digite &#8220;Y&#8221; para valor_se_verdadeiro, &#8220;N&#8221; para valor_se_falso&#8221;, insira par\u00eanteses de fechamento e pressione Enter. <\/li><\/ol><div class=\"wp-block-image\"><figure class=\"aligncenter size-full is-resized\"><img loading=\"lazy\" decoding=\"async\" class=\"wp-image-77751\" src=\"https:\/\/exceladvisor.org\/wp-content\/uploads\/2023\/08\/2-si-formule-pour-trouver-du-texte-partiel.png\" sizes=\"auto, \" srcset=\"\" alt=\"f\u00f3rmula if para encontrar texto parcial\" width=\"741\" height=\"167\"><\/figure><\/div><p class=\"formula\"> =SE(CONTARSE(A1,\u201d*Excel*\u201d),\u201dY\u201d,\u201dN\u201d)<\/p><p> No exemplo a seguir, voc\u00ea pode ver que no primeiro valor voc\u00ea tem \u201cExcel\u201d, e ele retornou \u201cY\u201d. Mas no segundo valor voc\u00ea n\u00e3o tem esse valor e retornou &#8220;N&#8221; no resultado. <\/p><div class=\"wp-block-image\"><figure class=\"aligncenter size-full is-resized\"><img loading=\"lazy\" decoding=\"async\" class=\"wp-image-77752\" src=\"https:\/\/exceladvisor.org\/wp-content\/uploads\/2023\/08\/3-resultats-de-valeur-partielle.png\" sizes=\"auto, \" srcset=\"\" alt=\"resultados de valor parcial\" width=\"527\" height=\"272\"><\/figure><\/div><p> Para entender esta f\u00f3rmula, voc\u00ea precisa dividi-la em duas partes: <\/p><div class=\"wp-block-image\"><figure class=\"aligncenter size-full is-resized\"><img loading=\"lazy\" decoding=\"async\" class=\"wp-image-77753\" src=\"https:\/\/exceladvisor.org\/wp-content\/uploads\/2023\/08\/4-formule-de-rupture-en-deux-parties.png\" sizes=\"auto, \" srcset=\"\" alt=\"dividir a f\u00f3rmula em duas partes\" width=\"624\" height=\"352\"><\/figure><\/div><ul><li> Na primeira parte, temos CONT.SE que usa curingas que verificam o valor parcial da c\u00e9lula. E se o valor estiver l\u00e1, ele retorna 1 no resultado, e se n\u00e3o, retorna 2.<\/li><li> Na segunda parte, IF pega o resultado de CONT.SE e usa 1 como VERDADEIRO e 0 como FALSO. Ent\u00e3o se for VERDADEIRO, retorna Y, e se for FALSO, ent\u00e3o N.<\/li><\/ul><h2 class=\"wp-block-heading\"> SE uma c\u00e9lula contiver texto parcial (PESQUISA + ESTNUM)<\/h2><p> Voc\u00ea tamb\u00e9m pode usar uma f\u00f3rmula que combina LOOKUP, ISNUM e IF para verificar se um valor parcial est\u00e1 presente em uma c\u00e9lula. <\/p><div class=\"wp-block-image\"><figure class=\"aligncenter size-full is-resized\"><img loading=\"lazy\" decoding=\"async\" class=\"wp-image-77755\" src=\"https:\/\/exceladvisor.org\/wp-content\/uploads\/2023\/08\/5-si-la-recherche-est-un-nombre-pour-trouver-une-partie-du-texte.png\" sizes=\"auto, \" srcset=\"\" alt=\"se-pesquisar-\u00e9-um-n\u00famero-para-encontrar-texto-parcial\" width=\"553\" height=\"387\"><\/figure><\/div><p id=\"formula\"> =SE(\u00c9N\u00daMERO(PESQUISA(\u201cExcel*\u201d, A1)),,\u201dS\u201d,\u201dN\u201d)<\/p><p> Esta f\u00f3rmula usa PESQUISA e <a href=\"https:\/\/exceladvisor.org\/pt\/curingas-2\/\" data-wpil=\"url\">curingas<\/a> para verificar o valor. Se o valor estiver l\u00e1, ele retornar\u00e1 um n\u00famero e se o valor n\u00e3o estiver, retornar\u00e1 um #VALOR! erro.<\/p><p> Para lidar com esse erro voc\u00ea precisa usar ISNUMBER e IF. ISNUMBER verifica se o resultado da PESQUISA \u00e9 um n\u00famero ou n\u00e3o e retorna VERDADEIRO ou FALSO.<\/p><p> Agora, se o resultado de ISNUMBER for TRUE, ent\u00e3o IF retornar\u00e1 &#8216;Y&#8217; e se for FALSE, ent\u00e3o IF retornar\u00e1 &#8216;N&#8217;. <\/p><div class=\"gb-container gb-container-52dfcee1 gb-container-sample-file\"><h2 class=\"gb-headline gb-headline-e289c143 gb-headline-text gb-headline-4f7959c2\"> Obtenha o arquivo Excel<\/h2><p> <a class=\"gb-button gb-button-e88d6bee gb-button-text gb-button-button1\" href=\"https:\/\/exceladvisor.org\/wp-content\/uploads\/2023\/11\/si-les-cellules-contiennent-du-texte-partiel.xlsx\" rel=\"nofollow\">Download<\/a><\/p><\/div><div class=\"gb-container gb-container-0df56012 gb-container-mt\"> <a class=\"gb-button gb-button-f9f432f4 gb-button-text gb-button-mt-button\" href=\"https:\/\/exceladvisor.org\/pt\/formulas\/\">Lista de f\u00f3rmulas do Excel<\/a><h2 class=\"gb-headline gb-headline-233444e8 gb-headline-text gb-headline-mt-heading\"> F\u00f3rmulas relacionadas <\/h2><div class=\"gb-grid-wrapper gb-grid-wrapper-a16fa65c gb-grid-wrapper-mt-grid\"><div class=\"gb-grid-column gb-grid-column-50d07e0d\"><div class=\"gb-container gb-container-50d07e0d\"><ul><li> <a href=\"https:\/\/exceladvisor.org\/pt\/se-zero-entao-vazio\/\">Marque SE 0 (zero) e deixe em branco no Excel<\/a><\/li><li> <a href=\"https:\/\/exceladvisor.org\/pt\/verificar-se-existe-um-valor-em-um-intervalo\/\">Verifique se existe um valor em um intervalo no Excel<\/a><\/li><li> <a href=\"https:\/\/exceladvisor.org\/pt\/se-e-1\/\">Combine fun\u00e7\u00f5es SE e AND no Excel<\/a><\/li><li> <a href=\"https:\/\/exceladvisor.org\/pt\/se-ou-1\/\">Combine fun\u00e7\u00f5es SE e OU no Excel<\/a><\/li><li> <a href=\"https:\/\/exceladvisor.org\/pt\/se-a-celula-estiver-vazia\/\">SE a c\u00e9lula estiver vazia (vazia) usando IF + ISBLANK no Excel<\/a><\/li><li> <a href=\"https:\/\/exceladvisor.org\/pt\/se-negativo-entao-zero\/\">SE negativo, ent\u00e3o zero (0) no Excel<\/a> <\/li><\/ul><\/div><\/div><div class=\"gb-grid-column gb-grid-column-5b4a0cf9\"><div class=\"gb-container gb-container-5b4a0cf9\"><\/div><\/div><\/div><\/div>","protected":false},"excerpt":{"rendered":"","protected":false},"author":1,"featured_media":0,"parent":0,"menu_order":0,"comment_status":"open","ping_status":"closed","template":"","meta":{"ub_ctt_via":"","footnotes":""},"class_list":["post-263","page","type-page","status-publish","hentry"],"featured_image_src":null,"yoast_head":"<!-- This site is optimized with the Yoast SEO plugin v25.4 - https:\/\/yoast.com\/wordpress\/plugins\/seo\/ -->\n<title>\u25b7 Como verificar se uma c\u00e9lula cont\u00e9m texto parcial?<\/title>\n<meta name=\"description\" content=\"Neste tutorial, aprenderemos como escrever uma condi\u00e7\u00e3o usando a fun\u00e7\u00e3o IF para verificar se uma c\u00e9lula cont\u00e9m texto\" \/>\n<meta name=\"robots\" content=\"index, follow, max-snippet:-1, max-image-preview:large, max-video-preview:-1\" \/>\n<link rel=\"canonical\" href=\"https:\/\/exceladvisor.org\/pt\/se-a-celula-contem-uma-parte\/\" \/>\n<meta property=\"og:locale\" content=\"pt_PT\" \/>\n<meta property=\"og:type\" content=\"article\" \/>\n<meta property=\"og:title\" content=\"\u25b7 Como verificar se uma c\u00e9lula cont\u00e9m texto parcial?\" \/>\n<meta property=\"og:description\" content=\"Neste tutorial, aprenderemos como escrever uma condi\u00e7\u00e3o usando a fun\u00e7\u00e3o IF para verificar se uma c\u00e9lula cont\u00e9m texto\" \/>\n<meta property=\"og:url\" content=\"https:\/\/exceladvisor.org\/pt\/se-a-celula-contem-uma-parte\/\" \/>\n<meta property=\"og:site_name\" content=\"Excel Advisor\" \/>\n<meta property=\"article:modified_time\" content=\"2023-12-06T11:50:29+00:00\" \/>\n<meta property=\"og:image\" content=\"https:\/\/exceladvisor.org\/wp-content\/uploads\/2023\/08\/1-verifier-si-la-cellule-contient-du-texte-partiel.png\" \/>\n<meta name=\"twitter:card\" content=\"summary_large_image\" \/>\n<meta name=\"twitter:label1\" content=\"Tempo estimado de leitura\" \/>\n\t<meta name=\"twitter:data1\" content=\"2 minutos\" \/>\n<script type=\"application\/ld+json\" class=\"yoast-schema-graph\">{\"@context\":\"https:\/\/schema.org\",\"@graph\":[{\"@type\":\"WebPage\",\"@id\":\"https:\/\/exceladvisor.org\/pt\/se-a-celula-contem-uma-parte\/\",\"url\":\"https:\/\/exceladvisor.org\/pt\/se-a-celula-contem-uma-parte\/\",\"name\":\"\u25b7 Como verificar se uma c\u00e9lula cont\u00e9m texto parcial?\",\"isPartOf\":{\"@id\":\"https:\/\/exceladvisor.org\/pt\/#website\"},\"primaryImageOfPage\":{\"@id\":\"https:\/\/exceladvisor.org\/pt\/se-a-celula-contem-uma-parte\/#primaryimage\"},\"image\":{\"@id\":\"https:\/\/exceladvisor.org\/pt\/se-a-celula-contem-uma-parte\/#primaryimage\"},\"thumbnailUrl\":\"https:\/\/exceladvisor.org\/wp-content\/uploads\/2023\/08\/1-verifier-si-la-cellule-contient-du-texte-partiel.png\",\"datePublished\":\"2023-11-08T19:50:50+00:00\",\"dateModified\":\"2023-12-06T11:50:29+00:00\",\"description\":\"Neste tutorial, aprenderemos como escrever uma condi\u00e7\u00e3o usando a fun\u00e7\u00e3o IF para verificar se uma c\u00e9lula cont\u00e9m texto\",\"breadcrumb\":{\"@id\":\"https:\/\/exceladvisor.org\/pt\/se-a-celula-contem-uma-parte\/#breadcrumb\"},\"inLanguage\":\"pt-PT\",\"potentialAction\":[{\"@type\":\"ReadAction\",\"target\":[\"https:\/\/exceladvisor.org\/pt\/se-a-celula-contem-uma-parte\/\"]}]},{\"@type\":\"ImageObject\",\"inLanguage\":\"pt-PT\",\"@id\":\"https:\/\/exceladvisor.org\/pt\/se-a-celula-contem-uma-parte\/#primaryimage\",\"url\":\"https:\/\/exceladvisor.org\/wp-content\/uploads\/2023\/08\/1-verifier-si-la-cellule-contient-du-texte-partiel.png\",\"contentUrl\":\"https:\/\/exceladvisor.org\/wp-content\/uploads\/2023\/08\/1-verifier-si-la-cellule-contient-du-texte-partiel.png\"},{\"@type\":\"BreadcrumbList\",\"@id\":\"https:\/\/exceladvisor.org\/pt\/se-a-celula-contem-uma-parte\/#breadcrumb\",\"itemListElement\":[{\"@type\":\"ListItem\",\"position\":1,\"name\":\"Lar\",\"item\":\"https:\/\/exceladvisor.org\/pt\/\"},{\"@type\":\"ListItem\",\"position\":2,\"name\":\"Como verificar se uma c\u00e9lula cont\u00e9m texto parcial?\"}]},{\"@type\":\"WebSite\",\"@id\":\"https:\/\/exceladvisor.org\/pt\/#website\",\"url\":\"https:\/\/exceladvisor.org\/pt\/\",\"name\":\"Excel Advisor\",\"description\":\"O seu guia definitivo para dominar os dados!\",\"publisher\":{\"@id\":\"https:\/\/exceladvisor.org\/pt\/#organization\"},\"potentialAction\":[{\"@type\":\"SearchAction\",\"target\":{\"@type\":\"EntryPoint\",\"urlTemplate\":\"https:\/\/exceladvisor.org\/pt\/?s={search_term_string}\"},\"query-input\":{\"@type\":\"PropertyValueSpecification\",\"valueRequired\":true,\"valueName\":\"search_term_string\"}}],\"inLanguage\":\"pt-PT\"},{\"@type\":\"Organization\",\"@id\":\"https:\/\/exceladvisor.org\/pt\/#organization\",\"name\":\"Excel Advisor\",\"url\":\"https:\/\/exceladvisor.org\/pt\/\",\"logo\":{\"@type\":\"ImageObject\",\"inLanguage\":\"pt-PT\",\"@id\":\"https:\/\/exceladvisor.org\/pt\/#\/schema\/logo\/image\/\",\"url\":\"https:\/\/exceladvisor.org\/pt\/wp-content\/uploads\/2023\/12\/exceladvisor.org_.png\",\"contentUrl\":\"https:\/\/exceladvisor.org\/pt\/wp-content\/uploads\/2023\/12\/exceladvisor.org_.png\",\"width\":105,\"height\":36,\"caption\":\"Excel Advisor\"},\"image\":{\"@id\":\"https:\/\/exceladvisor.org\/pt\/#\/schema\/logo\/image\/\"}}]}<\/script>\n<!-- \/ Yoast SEO plugin. -->","yoast_head_json":{"title":"\u25b7 Como verificar se uma c\u00e9lula cont\u00e9m texto parcial?","description":"Neste tutorial, aprenderemos como escrever uma condi\u00e7\u00e3o usando a fun\u00e7\u00e3o IF para verificar se uma c\u00e9lula cont\u00e9m texto","robots":{"index":"index","follow":"follow","max-snippet":"max-snippet:-1","max-image-preview":"max-image-preview:large","max-video-preview":"max-video-preview:-1"},"canonical":"https:\/\/exceladvisor.org\/pt\/se-a-celula-contem-uma-parte\/","og_locale":"pt_PT","og_type":"article","og_title":"\u25b7 Como verificar se uma c\u00e9lula cont\u00e9m texto parcial?","og_description":"Neste tutorial, aprenderemos como escrever uma condi\u00e7\u00e3o usando a fun\u00e7\u00e3o IF para verificar se uma c\u00e9lula cont\u00e9m texto","og_url":"https:\/\/exceladvisor.org\/pt\/se-a-celula-contem-uma-parte\/","og_site_name":"Excel Advisor","article_modified_time":"2023-12-06T11:50:29+00:00","og_image":[{"url":"https:\/\/exceladvisor.org\/wp-content\/uploads\/2023\/08\/1-verifier-si-la-cellule-contient-du-texte-partiel.png","type":"","width":"","height":""}],"twitter_card":"summary_large_image","twitter_misc":{"Tempo estimado de leitura":"2 minutos"},"schema":{"@context":"https:\/\/schema.org","@graph":[{"@type":"WebPage","@id":"https:\/\/exceladvisor.org\/pt\/se-a-celula-contem-uma-parte\/","url":"https:\/\/exceladvisor.org\/pt\/se-a-celula-contem-uma-parte\/","name":"\u25b7 Como verificar se uma c\u00e9lula cont\u00e9m texto parcial?","isPartOf":{"@id":"https:\/\/exceladvisor.org\/pt\/#website"},"primaryImageOfPage":{"@id":"https:\/\/exceladvisor.org\/pt\/se-a-celula-contem-uma-parte\/#primaryimage"},"image":{"@id":"https:\/\/exceladvisor.org\/pt\/se-a-celula-contem-uma-parte\/#primaryimage"},"thumbnailUrl":"https:\/\/exceladvisor.org\/wp-content\/uploads\/2023\/08\/1-verifier-si-la-cellule-contient-du-texte-partiel.png","datePublished":"2023-11-08T19:50:50+00:00","dateModified":"2023-12-06T11:50:29+00:00","description":"Neste tutorial, aprenderemos como escrever uma condi\u00e7\u00e3o usando a fun\u00e7\u00e3o IF para verificar se uma c\u00e9lula cont\u00e9m texto","breadcrumb":{"@id":"https:\/\/exceladvisor.org\/pt\/se-a-celula-contem-uma-parte\/#breadcrumb"},"inLanguage":"pt-PT","potentialAction":[{"@type":"ReadAction","target":["https:\/\/exceladvisor.org\/pt\/se-a-celula-contem-uma-parte\/"]}]},{"@type":"ImageObject","inLanguage":"pt-PT","@id":"https:\/\/exceladvisor.org\/pt\/se-a-celula-contem-uma-parte\/#primaryimage","url":"https:\/\/exceladvisor.org\/wp-content\/uploads\/2023\/08\/1-verifier-si-la-cellule-contient-du-texte-partiel.png","contentUrl":"https:\/\/exceladvisor.org\/wp-content\/uploads\/2023\/08\/1-verifier-si-la-cellule-contient-du-texte-partiel.png"},{"@type":"BreadcrumbList","@id":"https:\/\/exceladvisor.org\/pt\/se-a-celula-contem-uma-parte\/#breadcrumb","itemListElement":[{"@type":"ListItem","position":1,"name":"Lar","item":"https:\/\/exceladvisor.org\/pt\/"},{"@type":"ListItem","position":2,"name":"Como verificar se uma c\u00e9lula cont\u00e9m texto parcial?"}]},{"@type":"WebSite","@id":"https:\/\/exceladvisor.org\/pt\/#website","url":"https:\/\/exceladvisor.org\/pt\/","name":"Excel Advisor","description":"O seu guia definitivo para dominar os dados!","publisher":{"@id":"https:\/\/exceladvisor.org\/pt\/#organization"},"potentialAction":[{"@type":"SearchAction","target":{"@type":"EntryPoint","urlTemplate":"https:\/\/exceladvisor.org\/pt\/?s={search_term_string}"},"query-input":{"@type":"PropertyValueSpecification","valueRequired":true,"valueName":"search_term_string"}}],"inLanguage":"pt-PT"},{"@type":"Organization","@id":"https:\/\/exceladvisor.org\/pt\/#organization","name":"Excel Advisor","url":"https:\/\/exceladvisor.org\/pt\/","logo":{"@type":"ImageObject","inLanguage":"pt-PT","@id":"https:\/\/exceladvisor.org\/pt\/#\/schema\/logo\/image\/","url":"https:\/\/exceladvisor.org\/pt\/wp-content\/uploads\/2023\/12\/exceladvisor.org_.png","contentUrl":"https:\/\/exceladvisor.org\/pt\/wp-content\/uploads\/2023\/12\/exceladvisor.org_.png","width":105,"height":36,"caption":"Excel Advisor"},"image":{"@id":"https:\/\/exceladvisor.org\/pt\/#\/schema\/logo\/image\/"}}]}},"yoast_meta":{"yoast_wpseo_title":"","yoast_wpseo_metadesc":"","yoast_wpseo_canonical":""},"_links":{"self":[{"href":"https:\/\/exceladvisor.org\/pt\/wp-json\/wp\/v2\/pages\/263","targetHints":{"allow":["GET"]}}],"collection":[{"href":"https:\/\/exceladvisor.org\/pt\/wp-json\/wp\/v2\/pages"}],"about":[{"href":"https:\/\/exceladvisor.org\/pt\/wp-json\/wp\/v2\/types\/page"}],"author":[{"embeddable":true,"href":"https:\/\/exceladvisor.org\/pt\/wp-json\/wp\/v2\/users\/1"}],"replies":[{"embeddable":true,"href":"https:\/\/exceladvisor.org\/pt\/wp-json\/wp\/v2\/comments?post=263"}],"version-history":[{"count":1,"href":"https:\/\/exceladvisor.org\/pt\/wp-json\/wp\/v2\/pages\/263\/revisions"}],"predecessor-version":[{"id":1395,"href":"https:\/\/exceladvisor.org\/pt\/wp-json\/wp\/v2\/pages\/263\/revisions\/1395"}],"wp:attachment":[{"href":"https:\/\/exceladvisor.org\/pt\/wp-json\/wp\/v2\/media?parent=263"}],"curies":[{"name":"wp","href":"https:\/\/api.w.org\/{rel}","templated":true}]}}