{"id":264,"date":"2023-11-08T13:20:18","date_gmt":"2023-11-08T13:20:18","guid":{"rendered":"https:\/\/exceladvisor.org\/pt\/relatorio-de-vendas\/"},"modified":"2023-12-06T11:51:09","modified_gmt":"2023-12-06T11:51:09","slug":"relatorio-de-vendas","status":"publish","type":"page","link":"https:\/\/exceladvisor.org\/pt\/relatorio-de-vendas\/","title":{"rendered":"Modelo de relat\u00f3rio de vendas no excel"},"content":{"rendered":"<div class=\"excel-before-content-2\" id=\"excel-345937843\"><script type=\"text\/javascript\">\r\n\tatOptions = {\r\n\t\t'key' : 'c1158f160081d6540a8409e6925dab94',\r\n\t\t'format' : 'iframe',\r\n\t\t'height' : 250,\r\n\t\t'width' : 300,\r\n\t\t'params' : {}\r\n\t};\r\n<\/script>\r\n<script type=\"text\/javascript\" src=\"\/\/www.highperformanceformat.com\/c1158f160081d6540a8409e6925dab94\/invoke.js\"><\/script><\/div><div class=\"excel-before-content\" id=\"excel-2052200982\"><script type=\"text\/javascript\">\r\n\tatOptions = {\r\n\t\t'key' : 'c1158f160081d6540a8409e6925dab94',\r\n\t\t'format' : 'iframe',\r\n\t\t'height' : 250,\r\n\t\t'width' : 300,\r\n\t\t'params' : {}\r\n\t};\r\n<\/script>\r\n<script type=\"text\/javascript\" src=\"\/\/www.highperformanceformat.com\/c1158f160081d6540a8409e6925dab94\/invoke.js\"><\/script><\/div> <div class=\"wp-block-image\"><figure class=\"aligncenter\">Um dos primeiros modelos que criei no Excel foi para um relat\u00f3rio di\u00e1rio de vendas. E ao fazer isso, aprendi uma coisa: voc\u00ea precisa de um formato que seja r\u00e1pido e f\u00e1cil de usar.<\/figure><\/div><p> <em>Hoje gostaria de compartilhar com voc\u00eas um dos meus designs favoritos que costumava compartilhar com meu chefe. Tenho certeza de que esse padr\u00e3o di\u00e1rio de vendas far\u00e1 seu chefe sorrir, mesmo que as vendas caiam. E voc\u00ea sabe o melhor?<\/em><\/p><p> Este \u00e9 um modelo de uma p\u00e1gina com um formato f\u00e1cil de entender. Mas antes de baix\u00e1-lo, deixe-me explicar como us\u00e1-lo e quais s\u00e3o os recursos deste modelo.<\/p><h2 id=\"tab-con-1\" class=\"wp-block-heading\"> Caracter\u00edsticas<\/h2><p> Alguns recursos principais tornam este modelo f\u00e1cil de usar. Portanto, continue lendo para obter uma vis\u00e3o detalhada desses recursos.<\/p><h3 class=\"wp-block-heading\"> 1. Vendas di\u00e1rias versus meta mensal<\/h3><p> Para acompanhar o desempenho di\u00e1rio voc\u00ea tem um gr\u00e1fico e neste gr\u00e1fico voc\u00ea pode obter o desempenho di\u00e1rio em rela\u00e7\u00e3o \u00e0 meta. Para comparar as vendas di\u00e1rias com a meta, temos uma linha de meta neste gr\u00e1fico. <\/p><div class=\"wp-block-image\"><figure class=\"aligncenter\"><img decoding=\"async\" src=\"https:\/\/exceladvisor.org\/wp-content\/uploads\/2023\/08\/tableau-des-ventes-par-jour-dans-le-modele-de-rapport-des-ventes-quotidiennes-1.png\" sizes=\"\" srcset=\"\" alt=\"gr\u00e1fico de vendas por dia no modelo de relat\u00f3rio di\u00e1rio de vendas\"><\/figure><\/div><p> Quando voc\u00ea insere sua meta mensal, este modelo a converte em uma m\u00e9dia di\u00e1ria. E essa meta ser\u00e1 uma refer\u00eancia para o seu desempenho di\u00e1rio. Uma pequena caixa de mensagem na parte superior ir\u00e1 lembr\u00e1-lo da m\u00e9dia di\u00e1ria necess\u00e1ria ao longo do m\u00eas.<\/p><h3 class=\"wp-block-heading\"> 2. Meta total versus realiza\u00e7\u00e3o real [Porcentagem]<\/h3><p> Ao lado do nosso gr\u00e1fico di\u00e1rio de vendas, h\u00e1 um <a style=\"outline: none;\" href=\"https:\/\/exceladvisor.org\/pt\/mesa-de-termometro\/\">gr\u00e1fico term\u00f4metro<\/a> para mostrar o percentual total alcan\u00e7ado. <\/p><div class=\"wp-block-image\"><figure class=\"aligncenter\"><img decoding=\"async\" src=\"https:\/\/exceladvisor.org\/wp-content\/uploads\/2023\/08\/tableau-des-realisations-totales-dans-le-modele-de-rapport-des-ventes-quotidiennes-1.png\" sizes=\"\" srcset=\"\" alt=\"tabela de conquistas totais no modelo de relat\u00f3rio di\u00e1rio de vendas\"><\/figure><\/div><p> Este gr\u00e1fico simples o ajudar\u00e1 a acompanhar o que voc\u00ea realizou desde o in\u00edcio do m\u00eas.<\/p><h3 class=\"wp-block-heading\"> 3. Vendas realizadas<\/h3><p> A primeira caixa da se\u00e7\u00e3o dar\u00e1 uma vis\u00e3o geral r\u00e1pida das vendas que voc\u00ea realizou em compara\u00e7\u00e3o com a meta total. <\/p><div class=\"wp-block-image\"><figure class=\"aligncenter\"><img decoding=\"async\" src=\"https:\/\/exceladvisor.org\/wp-content\/uploads\/2023\/08\/note-liminaire-sur-la-realisation-du-montant-dans-le-modele-de-rapport-de-vente-quotidien.png\" sizes=\"\" srcset=\"\" alt=\"Palestra de realiza\u00e7\u00e3o de valor no modelo de relat\u00f3rio de vendas di\u00e1rio\"><\/figure><\/div><h3 class=\"wp-block-heading\"> 4. M\u00e9dia por dia para atingir a meta<\/h3><p> A pr\u00f3xima caixa alerta sobre a m\u00e9dia di\u00e1ria que voc\u00ea deve administrar nos demais dias do m\u00eas.<\/p><p> Esse n\u00famero mudar\u00e1 a cada dia com base no seu desempenho at\u00e9 o momento no m\u00eas. <\/p><div class=\"wp-block-image\"><figure class=\"aligncenter\"><img decoding=\"async\" src=\"https:\/\/exceladvisor.org\/wp-content\/uploads\/2023\/08\/moyenne-requise-dans-le-modele-de-rapport-de-ventes-quotidien-1.png\" sizes=\"\" srcset=\"\" alt=\"m\u00e9dia exigida no modelo de relat\u00f3rio di\u00e1rio de vendas\"><\/figure><\/div><p> Se a sua venda di\u00e1ria for inferior \u00e0 meta di\u00e1ria esperada, esse n\u00famero aumentar\u00e1 ou vice-versa.<\/p><h3 class=\"wp-block-heading\"> 5. Dias restantes do m\u00eas<\/h3><p> Esta caixa mostrar\u00e1 os dias restantes do m\u00eas, o que \u00e9 um fator determinante para o seu desempenho. <\/p><div class=\"wp-block-image\"><figure class=\"aligncenter\"><img decoding=\"async\" src=\"https:\/\/exceladvisor.org\/wp-content\/uploads\/2023\/08\/jours-restants-dans-le-mois-dans-le-modele-de-rapport-des-ventes-quotidiennes-1.png\" sizes=\"\" srcset=\"\" alt=\"dias restantes em meses no modelo de relat\u00f3rio di\u00e1rio de vendas\"><\/figure><\/div><p> O c\u00e1lculo hoje em dia \u00e9 din\u00e2mico.<\/p><h3 class=\"wp-block-heading\"> 6. Se\u00e7\u00e3o de Observa\u00e7\u00f5es Especiais<\/h3><p> Tamb\u00e9m temos uma caixa especial de notas e coment\u00e1rios. Voc\u00ea pode usar esta se\u00e7\u00e3o para adicionar notas especiais. <\/p><div class=\"wp-block-image\"><figure class=\"aligncenter\"><img decoding=\"async\" src=\"https:\/\/exceladvisor.org\/wp-content\/uploads\/2023\/08\/autres-remarques-dans-le-modele-de-rapport-de-ventes-quotidien-1.png\" sizes=\"\" srcset=\"\" alt=\"outras notas no modelo de relat\u00f3rio di\u00e1rio de vendas\"><\/figure><\/div><p> Eu costumava coletar feedback da minha equipe de vendas antes de enviar este relat\u00f3rio ao meu chefe. Voc\u00ea pode esta se\u00e7\u00e3o do seu jeito.<\/p><h2 id=\"tab-con-3\" class=\"wp-block-heading\"> Dados de entrada<\/h2><p> Como j\u00e1 falei, \u00e9 muito f\u00e1cil preparar este template, basta inserir os seguintes dados.<\/p><h3 class=\"wp-block-heading\"> 1. M\u00eas atual<\/h3><p> Antes de come\u00e7ar a monitorar suas vendas di\u00e1rias, selecione o m\u00eas atual. Selecionar o m\u00eas atual \u00e9 importante porque definir\u00e1 o n\u00famero total de dias. Digamos que voc\u00ea selecionou &#8220;setembro&#8221;, o n\u00famero total de dias do m\u00eas ser\u00e1 30 e, se voc\u00ea selecionar &#8220;outubro&#8221;, ser\u00e1 &#8220;31&#8221;.<\/p><p> Para fazer isso, basta usar este menu suspenso para selecionar o m\u00eas atual. <\/p><div class=\"wp-block-image\"><figure class=\"aligncenter\"><img decoding=\"async\" src=\"https:\/\/exceladvisor.org\/wp-content\/uploads\/2023\/08\/deroulant-pour-selectionner-le-mois-dans-le-modele-de-rapport-des-ventes-quotidiennes-1.png\" sizes=\"\" srcset=\"\" alt=\"lista suspensa para selecionar o m\u00eas no modelo de relat\u00f3rio de vendas di\u00e1rio\"><\/figure><\/div><h3 class=\"wp-block-heading\"> 2. Metas mensais<\/h3><p> Depois de selecionar o m\u00eas atual, a pr\u00f3xima coisa a inserir \u00e9 sua meta mensal. Existe uma liga\u00e7\u00e3o direta entre sua meta mensal e o n\u00famero total de dias do m\u00eas.<\/p><p> Assim que voc\u00ea insere sua meta mensal, ele calcula a m\u00e9dia di\u00e1ria que precisamos para atingir a meta total.<\/p><p> Se voc\u00ea tem uma meta mensal de US$ 50.000 e os dias do m\u00eas s\u00e3o 31, a m\u00e9dia di\u00e1ria ser\u00e1 de US$ 1.613 por dia.<\/p><p> Ent\u00e3o, basta inserir sua meta mensal na c\u00e9lula A34. <\/p><div class=\"wp-block-image\"><figure class=\"aligncenter\"><img decoding=\"async\" src=\"https:\/\/exceladvisor.org\/wp-content\/uploads\/2023\/08\/objectif-mensuel-dans-le-modele-de-rapport-de-ventes-quotidien-1.png\" sizes=\"\" srcset=\"\" alt=\"meta mensal no modelo de relat\u00f3rio di\u00e1rio de vendas\"><\/figure><\/div><p> Voc\u00ea conhece o melhor da melhor parte desse formato de vendas? Voc\u00ea precisa de pouco esfor\u00e7o para inserir dados.<\/p><h3 class=\"wp-block-heading\"> 3. Vendas Di\u00e1rias<\/h3><p> Agora, aqui est\u00e1 a principal coisa que voc\u00ea precisa para entrar na \u201cDay Wise Sale\u201d. Na tabela abaixo voc\u00ea pode inserir suas vendas diariamente. E, depois de fazer isso, o c\u00e1lculo ser\u00e1 atualizado em todo o modelo. <\/p><div class=\"wp-block-image\"><figure class=\"aligncenter\"><img decoding=\"async\" src=\"https:\/\/exceladvisor.org\/wp-content\/uploads\/2023\/08\/entree-des-ventes-par-jour-dans-le-modele-de-rapport-des-ventes-quotidiennes-1.png\" sizes=\"\" srcset=\"\" alt=\"inserindo vendas por dia no modelo de relat\u00f3rio de vendas di\u00e1rio\"><\/figure><\/div><p> Esta \u00e9 a \u00fanica coisa que voc\u00ea precisa fazer todos os dias porque as outras s\u00e3o entradas \u00fanicas.<\/p><p> Se voc\u00ea selecionou um m\u00eas de 30 dias, s\u00f3 precisar\u00e1 inserir as vendas de 30 dias. E, por 31 dias, vendas de entrada por 31 dias. Este modelo de relat\u00f3rio di\u00e1rio de vendas \u00e9 totalmente din\u00e2mico. N\u00e3o h\u00e1 necessidade de voc\u00ea fazer nenhuma altera\u00e7\u00e3o. Mas, se voc\u00ea ainda quiser personaliz\u00e1-lo, siga-me.<\/p><h2 id=\"tab-con-6\" class=\"wp-block-heading\"> Personaliza\u00e7\u00e3o<\/h2><p> Antes de personalizar este modelo, certifique-se de desbloquear a planilha. E aqui tenho alguns pontos essenciais para voc\u00ea se quiser customizar este modelo de relat\u00f3rio di\u00e1rio de vendas.<\/p><h3 class=\"wp-block-heading\"> 1. Alterar formato de moeda<\/h3><p> Usei d\u00f3lares como formato de moeda neste modelo. Mas se quiser mudar esse formato \u00e9 s\u00f3 fazer esse pequeno ajuste.<\/p><ul><li> V\u00e1 para a c\u00e9lula A40, onde colei o formato $. <\/li><\/ul><figure class=\"wp-block-image\"><img decoding=\"async\" src=\"https:\/\/exceladvisor.org\/wp-content\/uploads\/2023\/08\/changer-le-format-de-la-devise-dans-le-modele-de-rapport-des-ventes-quotidiennes-1.png\" sizes=\"\" srcset=\"\" alt=\"alterar o formato da moeda no modelo de relat\u00f3rio de vendas di\u00e1rio\"><\/figure><ul><li> Basta alterar o formato do d\u00f3lar para o que desejar.<\/li><\/ul><p> Certifique-se de manter o formato da c\u00e9lula A40 como texto.<\/p><h3 class=\"wp-block-heading\"> 2. Edite mensagens de abertura<\/h3><p> Para alterar algumas mensagens principais, basta alterar AG26:AG37 para isso. Este intervalo de c\u00e9lulas cont\u00e9m todas as mensagens usadas neste modelo. Eu escondo mensagens alterando a cor da fonte para branco, certificando-me de torn\u00e1-la vis\u00edvel.<\/p><h2 id=\"tab-con-4\" class=\"wp-block-heading\"> [Download]<\/h2><p> <a style=\"outline: none;\" href=\"https:\/\/exceladvisor.org\/wp-content\/uploads\/2023\/11\/modele-de-rapport-de-vente-quotidien-v2023.xlsx\" rel=\"nofollow\">Baixe este modelo aqui<\/a> para experimentar voc\u00ea mesmo.<\/p><h3 id=\"tab-con-2\" class=\"wp-block-heading\"> Conclus\u00e3o<\/h3><p> Este modelo de relat\u00f3rio de vendas di\u00e1rio dar\u00e1 ao seu chefe uma r\u00e1pida impress\u00e3o das vendas di\u00e1rias. \u00c9 fato que qualquer pessoa consegue entender esse formato em segundos, mas o fato \u00e9 que ele \u00e9 super f\u00e1cil de preparar.<\/p><p> N\u00e3o se esque\u00e7a de compartilhar este modelo com seus amigos.<\/p><h2 class=\"wp-block-heading\"> Mais modelos<\/h2><ul><li> <a style=\"outline: none;\" href=\"https:\/\/exceladvisor.org\/pt\/modelo-de-gerenciamento-de-estoque-formularios-de-usuario-excel-vba\/\">Acompanhamento de estoque no Excel<\/a><\/li><li> <a style=\"outline: none;\" href=\"https:\/\/exceladvisor.org\/pt\/grafico-de-gantt\/\">Modelo de gr\u00e1fico de Gantt no Excel<\/a><\/li><li> <a style=\"outline: none;\" href=\"https:\/\/exceladvisor.org\/pt\/rastreamento-de-despesas\/\" data-wpil=\"url\">Modelo de acompanhamento de despesas mensais no Excel<\/a><\/li><\/ul>","protected":false},"excerpt":{"rendered":"","protected":false},"author":1,"featured_media":0,"parent":0,"menu_order":0,"comment_status":"open","ping_status":"closed","template":"","meta":{"ub_ctt_via":"","footnotes":""},"class_list":["post-264","page","type-page","status-publish","hentry"],"featured_image_src":null,"yoast_head":"<!-- This site is optimized with the Yoast SEO plugin v25.4 - https:\/\/yoast.com\/wordpress\/plugins\/seo\/ -->\n<title>\u25b7 Modelo de relat\u00f3rio de vendas no Excel (gratuito 2023)<\/title>\n<meta name=\"description\" content=\"Estou muito feliz em fornecer a voc\u00eas este modelo de relat\u00f3rio di\u00e1rio de vendas. Voc\u00ea sabe a melhor parte, \u00e9 um modelo\" \/>\n<meta name=\"robots\" content=\"index, follow, max-snippet:-1, max-image-preview:large, max-video-preview:-1\" \/>\n<link rel=\"canonical\" href=\"https:\/\/exceladvisor.org\/pt\/relatorio-de-vendas\/\" \/>\n<meta property=\"og:locale\" content=\"pt_PT\" \/>\n<meta property=\"og:type\" content=\"article\" \/>\n<meta property=\"og:title\" content=\"\u25b7 Modelo de relat\u00f3rio de vendas no Excel (gratuito 2023)\" \/>\n<meta property=\"og:description\" content=\"Estou muito feliz em fornecer a voc\u00eas este modelo de relat\u00f3rio di\u00e1rio de vendas. Voc\u00ea sabe a melhor parte, \u00e9 um modelo\" \/>\n<meta property=\"og:url\" content=\"https:\/\/exceladvisor.org\/pt\/relatorio-de-vendas\/\" \/>\n<meta property=\"og:site_name\" content=\"Excel Advisor\" \/>\n<meta property=\"article:modified_time\" content=\"2023-12-06T11:51:09+00:00\" \/>\n<meta property=\"og:image\" content=\"https:\/\/exceladvisor.org\/wp-content\/uploads\/2023\/08\/tableau-des-ventes-par-jour-dans-le-modele-de-rapport-des-ventes-quotidiennes-1.png\" \/>\n<meta name=\"twitter:card\" content=\"summary_large_image\" \/>\n<meta name=\"twitter:label1\" content=\"Tempo estimado de leitura\" \/>\n\t<meta name=\"twitter:data1\" content=\"5 minutos\" \/>\n<script type=\"application\/ld+json\" class=\"yoast-schema-graph\">{\"@context\":\"https:\/\/schema.org\",\"@graph\":[{\"@type\":\"WebPage\",\"@id\":\"https:\/\/exceladvisor.org\/pt\/relatorio-de-vendas\/\",\"url\":\"https:\/\/exceladvisor.org\/pt\/relatorio-de-vendas\/\",\"name\":\"\u25b7 Modelo de relat\u00f3rio de vendas no Excel (gratuito 2023)\",\"isPartOf\":{\"@id\":\"https:\/\/exceladvisor.org\/pt\/#website\"},\"primaryImageOfPage\":{\"@id\":\"https:\/\/exceladvisor.org\/pt\/relatorio-de-vendas\/#primaryimage\"},\"image\":{\"@id\":\"https:\/\/exceladvisor.org\/pt\/relatorio-de-vendas\/#primaryimage\"},\"thumbnailUrl\":\"https:\/\/exceladvisor.org\/wp-content\/uploads\/2023\/08\/tableau-des-ventes-par-jour-dans-le-modele-de-rapport-des-ventes-quotidiennes-1.png\",\"datePublished\":\"2023-11-08T13:20:18+00:00\",\"dateModified\":\"2023-12-06T11:51:09+00:00\",\"description\":\"Estou muito feliz em fornecer a voc\u00eas este modelo de relat\u00f3rio di\u00e1rio de vendas. Voc\u00ea sabe a melhor parte, \u00e9 um modelo\",\"breadcrumb\":{\"@id\":\"https:\/\/exceladvisor.org\/pt\/relatorio-de-vendas\/#breadcrumb\"},\"inLanguage\":\"pt-PT\",\"potentialAction\":[{\"@type\":\"ReadAction\",\"target\":[\"https:\/\/exceladvisor.org\/pt\/relatorio-de-vendas\/\"]}]},{\"@type\":\"ImageObject\",\"inLanguage\":\"pt-PT\",\"@id\":\"https:\/\/exceladvisor.org\/pt\/relatorio-de-vendas\/#primaryimage\",\"url\":\"https:\/\/exceladvisor.org\/wp-content\/uploads\/2023\/08\/tableau-des-ventes-par-jour-dans-le-modele-de-rapport-des-ventes-quotidiennes-1.png\",\"contentUrl\":\"https:\/\/exceladvisor.org\/wp-content\/uploads\/2023\/08\/tableau-des-ventes-par-jour-dans-le-modele-de-rapport-des-ventes-quotidiennes-1.png\"},{\"@type\":\"BreadcrumbList\",\"@id\":\"https:\/\/exceladvisor.org\/pt\/relatorio-de-vendas\/#breadcrumb\",\"itemListElement\":[{\"@type\":\"ListItem\",\"position\":1,\"name\":\"Lar\",\"item\":\"https:\/\/exceladvisor.org\/pt\/\"},{\"@type\":\"ListItem\",\"position\":2,\"name\":\"Modelo de relat\u00f3rio de vendas no excel\"}]},{\"@type\":\"WebSite\",\"@id\":\"https:\/\/exceladvisor.org\/pt\/#website\",\"url\":\"https:\/\/exceladvisor.org\/pt\/\",\"name\":\"Excel Advisor\",\"description\":\"O seu guia definitivo para dominar os dados!\",\"publisher\":{\"@id\":\"https:\/\/exceladvisor.org\/pt\/#organization\"},\"potentialAction\":[{\"@type\":\"SearchAction\",\"target\":{\"@type\":\"EntryPoint\",\"urlTemplate\":\"https:\/\/exceladvisor.org\/pt\/?s={search_term_string}\"},\"query-input\":{\"@type\":\"PropertyValueSpecification\",\"valueRequired\":true,\"valueName\":\"search_term_string\"}}],\"inLanguage\":\"pt-PT\"},{\"@type\":\"Organization\",\"@id\":\"https:\/\/exceladvisor.org\/pt\/#organization\",\"name\":\"Excel Advisor\",\"url\":\"https:\/\/exceladvisor.org\/pt\/\",\"logo\":{\"@type\":\"ImageObject\",\"inLanguage\":\"pt-PT\",\"@id\":\"https:\/\/exceladvisor.org\/pt\/#\/schema\/logo\/image\/\",\"url\":\"https:\/\/exceladvisor.org\/pt\/wp-content\/uploads\/2023\/12\/exceladvisor.org_.png\",\"contentUrl\":\"https:\/\/exceladvisor.org\/pt\/wp-content\/uploads\/2023\/12\/exceladvisor.org_.png\",\"width\":105,\"height\":36,\"caption\":\"Excel Advisor\"},\"image\":{\"@id\":\"https:\/\/exceladvisor.org\/pt\/#\/schema\/logo\/image\/\"}}]}<\/script>\n<!-- \/ Yoast SEO plugin. -->","yoast_head_json":{"title":"\u25b7 Modelo de relat\u00f3rio de vendas no Excel (gratuito 2023)","description":"Estou muito feliz em fornecer a voc\u00eas este modelo de relat\u00f3rio di\u00e1rio de vendas. Voc\u00ea sabe a melhor parte, \u00e9 um modelo","robots":{"index":"index","follow":"follow","max-snippet":"max-snippet:-1","max-image-preview":"max-image-preview:large","max-video-preview":"max-video-preview:-1"},"canonical":"https:\/\/exceladvisor.org\/pt\/relatorio-de-vendas\/","og_locale":"pt_PT","og_type":"article","og_title":"\u25b7 Modelo de relat\u00f3rio de vendas no Excel (gratuito 2023)","og_description":"Estou muito feliz em fornecer a voc\u00eas este modelo de relat\u00f3rio di\u00e1rio de vendas. Voc\u00ea sabe a melhor parte, \u00e9 um modelo","og_url":"https:\/\/exceladvisor.org\/pt\/relatorio-de-vendas\/","og_site_name":"Excel Advisor","article_modified_time":"2023-12-06T11:51:09+00:00","og_image":[{"url":"https:\/\/exceladvisor.org\/wp-content\/uploads\/2023\/08\/tableau-des-ventes-par-jour-dans-le-modele-de-rapport-des-ventes-quotidiennes-1.png","type":"","width":"","height":""}],"twitter_card":"summary_large_image","twitter_misc":{"Tempo estimado de leitura":"5 minutos"},"schema":{"@context":"https:\/\/schema.org","@graph":[{"@type":"WebPage","@id":"https:\/\/exceladvisor.org\/pt\/relatorio-de-vendas\/","url":"https:\/\/exceladvisor.org\/pt\/relatorio-de-vendas\/","name":"\u25b7 Modelo de relat\u00f3rio de vendas no Excel (gratuito 2023)","isPartOf":{"@id":"https:\/\/exceladvisor.org\/pt\/#website"},"primaryImageOfPage":{"@id":"https:\/\/exceladvisor.org\/pt\/relatorio-de-vendas\/#primaryimage"},"image":{"@id":"https:\/\/exceladvisor.org\/pt\/relatorio-de-vendas\/#primaryimage"},"thumbnailUrl":"https:\/\/exceladvisor.org\/wp-content\/uploads\/2023\/08\/tableau-des-ventes-par-jour-dans-le-modele-de-rapport-des-ventes-quotidiennes-1.png","datePublished":"2023-11-08T13:20:18+00:00","dateModified":"2023-12-06T11:51:09+00:00","description":"Estou muito feliz em fornecer a voc\u00eas este modelo de relat\u00f3rio di\u00e1rio de vendas. Voc\u00ea sabe a melhor parte, \u00e9 um modelo","breadcrumb":{"@id":"https:\/\/exceladvisor.org\/pt\/relatorio-de-vendas\/#breadcrumb"},"inLanguage":"pt-PT","potentialAction":[{"@type":"ReadAction","target":["https:\/\/exceladvisor.org\/pt\/relatorio-de-vendas\/"]}]},{"@type":"ImageObject","inLanguage":"pt-PT","@id":"https:\/\/exceladvisor.org\/pt\/relatorio-de-vendas\/#primaryimage","url":"https:\/\/exceladvisor.org\/wp-content\/uploads\/2023\/08\/tableau-des-ventes-par-jour-dans-le-modele-de-rapport-des-ventes-quotidiennes-1.png","contentUrl":"https:\/\/exceladvisor.org\/wp-content\/uploads\/2023\/08\/tableau-des-ventes-par-jour-dans-le-modele-de-rapport-des-ventes-quotidiennes-1.png"},{"@type":"BreadcrumbList","@id":"https:\/\/exceladvisor.org\/pt\/relatorio-de-vendas\/#breadcrumb","itemListElement":[{"@type":"ListItem","position":1,"name":"Lar","item":"https:\/\/exceladvisor.org\/pt\/"},{"@type":"ListItem","position":2,"name":"Modelo de relat\u00f3rio de vendas no excel"}]},{"@type":"WebSite","@id":"https:\/\/exceladvisor.org\/pt\/#website","url":"https:\/\/exceladvisor.org\/pt\/","name":"Excel Advisor","description":"O seu guia definitivo para dominar os dados!","publisher":{"@id":"https:\/\/exceladvisor.org\/pt\/#organization"},"potentialAction":[{"@type":"SearchAction","target":{"@type":"EntryPoint","urlTemplate":"https:\/\/exceladvisor.org\/pt\/?s={search_term_string}"},"query-input":{"@type":"PropertyValueSpecification","valueRequired":true,"valueName":"search_term_string"}}],"inLanguage":"pt-PT"},{"@type":"Organization","@id":"https:\/\/exceladvisor.org\/pt\/#organization","name":"Excel Advisor","url":"https:\/\/exceladvisor.org\/pt\/","logo":{"@type":"ImageObject","inLanguage":"pt-PT","@id":"https:\/\/exceladvisor.org\/pt\/#\/schema\/logo\/image\/","url":"https:\/\/exceladvisor.org\/pt\/wp-content\/uploads\/2023\/12\/exceladvisor.org_.png","contentUrl":"https:\/\/exceladvisor.org\/pt\/wp-content\/uploads\/2023\/12\/exceladvisor.org_.png","width":105,"height":36,"caption":"Excel Advisor"},"image":{"@id":"https:\/\/exceladvisor.org\/pt\/#\/schema\/logo\/image\/"}}]}},"yoast_meta":{"yoast_wpseo_title":"","yoast_wpseo_metadesc":"","yoast_wpseo_canonical":""},"_links":{"self":[{"href":"https:\/\/exceladvisor.org\/pt\/wp-json\/wp\/v2\/pages\/264","targetHints":{"allow":["GET"]}}],"collection":[{"href":"https:\/\/exceladvisor.org\/pt\/wp-json\/wp\/v2\/pages"}],"about":[{"href":"https:\/\/exceladvisor.org\/pt\/wp-json\/wp\/v2\/types\/page"}],"author":[{"embeddable":true,"href":"https:\/\/exceladvisor.org\/pt\/wp-json\/wp\/v2\/users\/1"}],"replies":[{"embeddable":true,"href":"https:\/\/exceladvisor.org\/pt\/wp-json\/wp\/v2\/comments?post=264"}],"version-history":[{"count":1,"href":"https:\/\/exceladvisor.org\/pt\/wp-json\/wp\/v2\/pages\/264\/revisions"}],"predecessor-version":[{"id":1450,"href":"https:\/\/exceladvisor.org\/pt\/wp-json\/wp\/v2\/pages\/264\/revisions\/1450"}],"wp:attachment":[{"href":"https:\/\/exceladvisor.org\/pt\/wp-json\/wp\/v2\/media?parent=264"}],"curies":[{"name":"wp","href":"https:\/\/api.w.org\/{rel}","templated":true}]}}