{"id":265,"date":"2023-11-08T13:03:25","date_gmt":"2023-11-08T13:03:25","guid":{"rendered":"https:\/\/exceladvisor.org\/pt\/rastreamento-de-despesas\/"},"modified":"2023-12-06T11:51:09","modified_gmt":"2023-12-06T11:51:09","slug":"rastreamento-de-despesas","status":"publish","type":"page","link":"https:\/\/exceladvisor.org\/pt\/rastreamento-de-despesas\/","title":{"rendered":"Modelo excel de rastreador de despesas mensais"},"content":{"rendered":"<div class=\"excel-before-content-2\" id=\"excel-2528866018\"><script type=\"text\/javascript\">\r\n\tatOptions = {\r\n\t\t'key' : 'c1158f160081d6540a8409e6925dab94',\r\n\t\t'format' : 'iframe',\r\n\t\t'height' : 250,\r\n\t\t'width' : 300,\r\n\t\t'params' : {}\r\n\t};\r\n<\/script>\r\n<script type=\"text\/javascript\" src=\"\/\/www.highperformanceformat.com\/c1158f160081d6540a8409e6925dab94\/invoke.js\"><\/script><\/div><div class=\"excel-before-content\" id=\"excel-1602360913\"><script type=\"text\/javascript\">\r\n\tatOptions = {\r\n\t\t'key' : 'c1158f160081d6540a8409e6925dab94',\r\n\t\t'format' : 'iframe',\r\n\t\t'height' : 250,\r\n\t\t'width' : 300,\r\n\t\t'params' : {}\r\n\t};\r\n<\/script>\r\n<script type=\"text\/javascript\" src=\"\/\/www.highperformanceformat.com\/c1158f160081d6540a8409e6925dab94\/invoke.js\"><\/script><\/div> <p>Acompanhar seus gastos \u00e9 uma das coisas mais importantes para ter sucesso. Mas \u00e0s vezes \u00e9 muito dif\u00edcil acompanhar todos eles.<\/p><p> Cada vez que gastamos nosso dinheiro em algum lugar, esquecemos disso depois de alguns dias. E a\u00ed, no final do m\u00eas ficamos completamente vazios com nossas despesas. <\/p><figure class=\"wp-block-image\"><img decoding=\"async\" src=\"https:\/\/exceladvisor.org\/wp-content\/uploads\/2023\/08\/tableau-de-bord-principal-pour-le-modele-de-suivi-des-depenses-excel-1.png\" sizes=\"\" srcset=\"\" alt=\"modelo de controle de despesas excel download gr\u00e1tis\"><\/figure><p> Ent\u00e3o aqui est\u00e1 o problema: como usu\u00e1rio do Excel, voc\u00ea passa a maior parte do tempo trabalhando no Excel. CERTO?<\/p><p> O melhor \u00e9 ter um modelo de acompanhamento de despesas em Excel para que possamos acess\u00e1-lo com apenas alguns cliques. E aqui tenho um rastreador de despesas de uma p\u00e1gina para voc\u00ea.<\/p><p> A melhor parte \u00e9 que este modelo \u00e9 espec\u00edfico para pessoas que desejam controlar seus gastos, mas ainda t\u00eam dificuldade para acompanhar.<\/p><p> <em><strong><span style=\"color: #ff0000;\">Ei, espere um minuto,<\/span> assim como este modelo, aqui est\u00e3o outros modelos que podem surpreender voc\u00ea:<\/strong><\/em><\/p><ul><li> <a href=\"https:\/\/exceladvisor.org\/pt\/grafico-de-gantt\/\">Modelo de gr\u00e1fico de Gantt para gerentes de projeto<\/a><\/li><li> <a href=\"https:\/\/exceladvisor.org\/pt\/juros-compostos\/\">Calculadora de juros compostos<\/a><\/li><li> <a href=\"https:\/\/exceladvisor.org\/pt\/relatorio-de-vendas\/\">Formato de relat\u00f3rio di\u00e1rio de vendas<\/a><\/li><li> <a href=\"https:\/\/exceladvisor.org\/pt\/modelo-de-gerenciamento-de-estoque-formularios-de-usuario-excel-vba\/\">Modelo de gerenciamento de invent\u00e1rio em Excel pronto para usar<\/a><\/li><\/ul><h2 id=\"tab-con-1\" class=\"wp-block-heading\"> Caracter\u00edsticas<\/h2><p> Como eu disse, \u00e9 um modelo de uma p\u00e1gina, mas poderoso o suficiente para controlar seus gastos. Siga-me para descobrir suas caracter\u00edsticas.<\/p><h3 id=\"tab-con-2\" class=\"wp-block-heading\"> 1. Or\u00e7amento mensal<\/h3><p> Neste modelo, voc\u00ea pode inserir um or\u00e7amento mensal para usar como refer\u00eancia para suas despesas mensais. <\/p><div class=\"wp-block-image\"><figure class=\"aligncenter\"><img decoding=\"async\" src=\"https:\/\/exceladvisor.org\/wp-content\/uploads\/2023\/08\/section-budget-dans-le-modele-de-suivi-des-depenses-excel-1.png\" sizes=\"\" srcset=\"\" alt=\"se\u00e7\u00e3o de or\u00e7amento no modelo de rastreamento de despesas do Excel\"><\/figure><\/div><p> Esta se\u00e7\u00e3o mostrar\u00e1 o or\u00e7amento do m\u00eas atual que voc\u00ea tem dispon\u00edvel e, junto com isso, mostrar\u00e1 o aumento do or\u00e7amento do m\u00eas atual em compara\u00e7\u00e3o com o or\u00e7amento do m\u00eas anterior.<\/p><h3 id=\"tab-con-3\" class=\"wp-block-heading\"> 2. Despesas correntes<\/h3><p> Esta se\u00e7\u00e3o lhe dar\u00e1 uma vis\u00e3o geral do valor total gasto em despesas do m\u00eas atual. <\/p><div class=\"wp-block-image\"><figure class=\"aligncenter\"><img decoding=\"async\" src=\"https:\/\/exceladvisor.org\/wp-content\/uploads\/2023\/08\/section-des-depenses-reelles-dans-le-modele-de-suivi-des-depenses-excel-1.png\" sizes=\"\" srcset=\"\" alt=\"se\u00e7\u00e3o de despesas reais no modelo de rastreamento de despesas do Excel\"><\/figure><\/div><p> O valor ser\u00e1 atualizado instantaneamente ap\u00f3s inserir uma nova entrada de despesas. E abaixo tamb\u00e9m h\u00e1 uma pequena mensagem referente ao percentual do or\u00e7amento que voc\u00ea consumiu.<\/p><h3 id=\"tab-con-4\" class=\"wp-block-heading\"> 3. Despesas inesperadas<\/h3><p> Se \u00e0s vezes voc\u00ea enfrenta despesas inesperadas, pode control\u00e1-las neste modelo. <\/p><div class=\"wp-block-image\"><figure class=\"aligncenter\"><img decoding=\"async\" src=\"https:\/\/exceladvisor.org\/wp-content\/uploads\/2023\/08\/section-des-depenses-non-planifiees-dans-le-modele-de-suivi-des-depenses-excel-1.png\" sizes=\"\" srcset=\"\" alt=\"se\u00e7\u00e3o de despesas n\u00e3o planejadas no modelo de rastreamento de despesas do Excel\"><\/figure><\/div><p> Nesta se\u00e7\u00e3o voc\u00ea ter\u00e1 uma vis\u00e3o geral r\u00e1pida da porcentagem de despesas inesperadas em compara\u00e7\u00e3o com suas despesas totais. E tamb\u00e9m uma pequena mensagem sobre a quantidade de despesas inesperadas.<\/p><h3 id=\"tab-con-5\" class=\"wp-block-heading\"> 4. Categoria de gastos inteligentes<\/h3><p> Sim, voc\u00ea tamb\u00e9m pode acompanhar seus gastos em categorias. <\/p><div class=\"wp-block-image\"><figure class=\"aligncenter\"><img decoding=\"async\" src=\"https:\/\/exceladvisor.org\/wp-content\/uploads\/2023\/08\/repartition-des-depenses-par-categorie-dans-le-modele-de-suivi-des-depenses-Excel-1.png\" sizes=\"\" srcset=\"\" alt=\"Divis\u00e3o de despesas por categoria no modelo de controle de despesas do Excel\"><\/figure><\/div><p> Esta se\u00e7\u00e3o mostrar\u00e1 um resumo por categoria de participa\u00e7\u00e3o percentual.<\/p><h3 id=\"tab-con-6\" class=\"wp-block-heading\"> 5. Despesas di\u00e1rias<\/h3><p> Aqui voc\u00ea pode verificar o valor de suas despesas di\u00e1rias. <\/p><div class=\"wp-block-image\"><figure class=\"aligncenter\"><img decoding=\"async\" src=\"https:\/\/exceladvisor.org\/wp-content\/uploads\/2023\/08\/depenses-mensuelles-quotidiennes-dans-le-modele-de-suivi-des-depenses-excel-1.png\" sizes=\"\" srcset=\"\" alt=\"despesas mensais di\u00e1rias no modelo de rastreador de despesas do Excel\"><\/figure><\/div><p> Ele mostrar\u00e1 seus gastos di\u00e1rios com suas despesas. Isso o ajudar\u00e1 a controlar quantas vezes voc\u00ea gasta em um m\u00eas.<\/p><h2 id=\"tab-con-7\" class=\"wp-block-heading\"> Como us\u00e1-lo<\/h2><p> Siga-me para aprender como usar este modelo para controlar suas despesas:<\/p><h3 id=\"tab-con-8\" class=\"wp-block-heading\"> 1. Insira as despesas<\/h3><p> \u00c9 super f\u00e1cil inserir uma despesa. Aqui est\u00e3o as etapas.<\/p><ul><li> Na planilha do modelo principal, clique no bot\u00e3o \u201cDados\u201d. <\/li><\/ul><div class=\"wp-block-image\"><figure class=\"aligncenter\"><img decoding=\"async\" src=\"https:\/\/exceladvisor.org\/wp-content\/uploads\/2023\/08\/bouton-de-saisie-de-donnees-dans-le-modele-de-suivi-des-depenses-Excel-1.png\" sizes=\"\" srcset=\"\" alt=\"bot\u00e3o de entrada de dados no modelo de controle de despesas do Excel\"><\/figure><\/div><ul><li> Ele o direcionar\u00e1 para a folha de entrada de dados. <\/li><\/ul><div class=\"wp-block-image\"><figure class=\"aligncenter\"><img decoding=\"async\" src=\"https:\/\/exceladvisor.org\/wp-content\/uploads\/2023\/08\/feuille-de-saisie-de-donnees-dans-excel-feuille-de-suivi-des-depenses-1.png\" sizes=\"\" srcset=\"\" alt=\"planilha de entrada de dados na planilha de controle de despesas do Excel\"><\/figure><\/div><ul><li> Agora insira o seguinte na folha de dados.<ol><li> Exp ID [Entrada manual]<\/li><li> Dados de despesas [entrada manual]<\/li><li> Categoria de despesa [lista suspensa]<\/li><li> Descri\u00e7\u00e3o da despesa [entrada manual]<\/li><li> M\u00e9todo de pagamento [lista suspensa]<\/li><li> Tipo de despesa [lista suspensa]<\/li><li> Valor [entrada manual]<\/li><\/ol><\/li><li> Depois de inserir os dados das despesas, clique no bot\u00e3o \u201cModelo\u201d para retornar ao modelo principal. <\/li><\/ul><div class=\"wp-block-image\"><figure class=\"aligncenter\"><img decoding=\"async\" src=\"https:\/\/exceladvisor.org\/wp-content\/uploads\/2023\/08\/bouton-de-retour-au-modele-principal-dans-le-modele-de-suivi-des-depenses-Excel-1.png\" sizes=\"\" srcset=\"\" alt=\"bot\u00e3o voltar ao modelo principal no modelo de controle de despesas do Excel\"><\/figure><\/div><p> Este modelo \u00e9 super f\u00e1cil de gerenciar. Quando voc\u00ea insere uma despesa, seu modelo \u00e9 atualizado automaticamente.<\/p><h3 id=\"tab-con-9\" class=\"wp-block-heading\"> 2. Alterar meses e anos<\/h3><p> Suponha que voc\u00ea queira verificar informa\u00e7\u00f5es de qualquer m\u00eas anterior. Voc\u00ea pode usar a lista suspensa na se\u00e7\u00e3o principal do modelo para selecionar meses e anos anteriores.<\/p><p> <strong>Lista suspensa do m\u00eas<\/strong> <\/p><div class=\"wp-block-image\"><figure class=\"aligncenter\"><img decoding=\"async\" src=\"https:\/\/exceladvisor.org\/wp-content\/uploads\/2023\/08\/selectionner-le-mois-dans-le-modele-de-suivi-des-depenses-Excel-1.png\" sizes=\"\" srcset=\"\" alt=\"selecione o m\u00eas no modelo de controle de despesas do Excel\"><\/figure><\/div><p> <strong>Lista suspensa de ano<\/strong> <\/p><div class=\"wp-block-image\"><figure class=\"aligncenter\"><img decoding=\"async\" src=\"https:\/\/exceladvisor.org\/wp-content\/uploads\/2023\/08\/selectionnez-lannee-dans-le-modele-de-suivi-des-depenses-Excel-1.png\" sizes=\"\" srcset=\"\" alt=\"selecione o ano no modelo de controle de despesas do Excel\"><\/figure><\/div><h3 id=\"tab-con-10\" class=\"wp-block-heading\"> 3. Adicione uma meta mensal<\/h3><p> Se voc\u00ea tiver uma meta mensal para seus gastos, poder\u00e1 inserir essa meta em sua planilha. Use o gr\u00e1fico abaixo para adicionar sua meta mensal. <\/p><div class=\"wp-block-image\"><figure class=\"aligncenter\"><img decoding=\"async\" src=\"https:\/\/exceladvisor.org\/wp-content\/uploads\/2023\/08\/tableau-pour-entrer-le-budget-mensuel-dans-le-modele-de-suivi-des-depenses-Excel-1.png\" sizes=\"\" srcset=\"\" alt=\"tabela para inserir o or\u00e7amento mensal no modelo de rastreamento de despesas do Excel\"><\/figure><\/div><h3 id=\"tab-con-11\" class=\"wp-block-heading\"> 4. Adicione uma nova categoria de despesas<\/h3><p> Usei algumas categorias de despesas comuns neste modelo de gastos. E se quiser adicionar uma nova categoria, atualize-a na tabela de categorias. <\/p><div class=\"wp-block-image\"><figure class=\"aligncenter\"><img decoding=\"async\" src=\"https:\/\/exceladvisor.org\/wp-content\/uploads\/2023\/08\/ajouter-une-nouvelle-categorie-de-depenses-dans-le-modele-de-suivi-des-depenses-Excel-1.png\" sizes=\"\" srcset=\"\" alt=\"adicione uma nova categoria de despesas no modelo de controle de despesas do Excel\"><\/figure><\/div><p> Depois de adicionar sua nova categoria \u00e0 tabela, ela ser\u00e1 atualizada automaticamente na lista suspensa da planilha de entrada de dados e da tabela de categorias.<\/p><h3 id=\"tab-con-12\" class=\"wp-block-heading\"> 5. Adicione uma nova forma de pagamento<\/h3><p> Assim como as categorias de despesas, voc\u00ea pode atualizar uma nova forma de pagamento na tabela a seguir. <\/p><div class=\"wp-block-image\"><figure class=\"aligncenter\"><img decoding=\"async\" src=\"https:\/\/exceladvisor.org\/wp-content\/uploads\/2023\/08\/paiement-en-mode-dans-le-modele-de-suivi-des-depenses-excel-1.png\" sizes=\"\" srcset=\"\" alt=\"modo de pagamento no modelo de rastreamento de despesas do Excel\"><\/figure><\/div><p> Depois de adicionar seu novo pagamento \u00e0 tabela, ele ser\u00e1 atualizado automaticamente na lista suspensa da planilha de entrada de dados. Use o bot\u00e3o \u201cConfigura\u00e7\u00f5es\u201d do seu modelo principal para acessar as tabelas mencionadas acima. <\/p><div class=\"gb-container gb-container-52dfcee1 gb-container-sample-file\"><h2 class=\"gb-headline gb-headline-e289c143 gb-headline-text gb-headline-4f7959c2\"> Obtenha o arquivo Excel<\/h2> <a class=\"gb-button gb-button-e88d6bee gb-button-text gb-button-button1\" href=\"https:\/\/exceladvisor.org\/wp-content\/uploads\/2023\/11\/modele-de-suivi-des-depenses-excel-version-2023-24.xlsx\" rel=\"nofollow\">Download<\/a><\/div><h2 class=\"wp-block-heading\"> \u00daltimas palavras<\/h2><p> Este <span style=\"color: #000000;\">rastreador de despesas de uma p\u00e1gina<\/span> \u00e9 uma ferramenta \u00fatil se voc\u00ea deseja monitorar seus gastos. Isso n\u00e3o apenas ajudar\u00e1 voc\u00ea a rastrear, mas tamb\u00e9m fornecer\u00e1 informa\u00e7\u00f5es \u00fateis. E o melhor \u00e9 que voc\u00ea pode conferir tudo o que gastou nos \u00faltimos meses e seus gastos di\u00e1rios.<\/p><p> Espero que este modelo ajude voc\u00ea a melhorar suas finan\u00e7as, mas agora me diga uma coisa. <strong>Temos mais alguma coisa que possamos incluir neste modelo para melhor\u00e1-lo?<\/strong><\/p><p> Certifique-se de compartilhar suas id\u00e9ias comigo na se\u00e7\u00e3o de coment\u00e1rios, eu adoraria ouvir de voc\u00ea. E n\u00e3o se esque\u00e7a de compartilhar esse padr\u00e3o com seus amigos, tenho certeza que eles v\u00e3o gostar.<\/p>","protected":false},"excerpt":{"rendered":"","protected":false},"author":1,"featured_media":0,"parent":0,"menu_order":0,"comment_status":"open","ping_status":"closed","template":"","meta":{"ub_ctt_via":"","footnotes":""},"class_list":["post-265","page","type-page","status-publish","hentry"],"featured_image_src":null,"yoast_head":"<!-- This site is optimized with the Yoast SEO plugin v25.4 - https:\/\/yoast.com\/wordpress\/plugins\/seo\/ -->\n<title>\u25b7 Modelo Excel para acompanhamento de despesas mensais (gratuito em 2023)<\/title>\n<meta name=\"description\" content=\"Acompanhar seus gastos \u00e9 uma das coisas mais importantes para ter sucesso. E, se voc\u00ea est\u00e1 tendo problemas para controlar seus gastos, garoto,\" \/>\n<meta name=\"robots\" content=\"index, follow, max-snippet:-1, max-image-preview:large, max-video-preview:-1\" \/>\n<link rel=\"canonical\" href=\"https:\/\/exceladvisor.org\/pt\/rastreamento-de-despesas\/\" \/>\n<meta property=\"og:locale\" content=\"pt_PT\" \/>\n<meta property=\"og:type\" content=\"article\" \/>\n<meta property=\"og:title\" content=\"\u25b7 Modelo Excel para acompanhamento de despesas mensais (gratuito em 2023)\" \/>\n<meta property=\"og:description\" content=\"Acompanhar seus gastos \u00e9 uma das coisas mais importantes para ter sucesso. E, se voc\u00ea est\u00e1 tendo problemas para controlar seus gastos, garoto,\" \/>\n<meta property=\"og:url\" content=\"https:\/\/exceladvisor.org\/pt\/rastreamento-de-despesas\/\" \/>\n<meta property=\"og:site_name\" content=\"Excel Advisor\" \/>\n<meta property=\"article:modified_time\" content=\"2023-12-06T11:51:09+00:00\" \/>\n<meta property=\"og:image\" content=\"https:\/\/exceladvisor.org\/wp-content\/uploads\/2023\/08\/tableau-de-bord-principal-pour-le-modele-de-suivi-des-depenses-excel-1.png\" \/>\n<meta name=\"twitter:card\" content=\"summary_large_image\" \/>\n<meta name=\"twitter:label1\" content=\"Tempo estimado de leitura\" \/>\n\t<meta name=\"twitter:data1\" content=\"4 minutos\" \/>\n<script type=\"application\/ld+json\" class=\"yoast-schema-graph\">{\"@context\":\"https:\/\/schema.org\",\"@graph\":[{\"@type\":\"WebPage\",\"@id\":\"https:\/\/exceladvisor.org\/pt\/rastreamento-de-despesas\/\",\"url\":\"https:\/\/exceladvisor.org\/pt\/rastreamento-de-despesas\/\",\"name\":\"\u25b7 Modelo Excel para acompanhamento de despesas mensais (gratuito em 2023)\",\"isPartOf\":{\"@id\":\"https:\/\/exceladvisor.org\/pt\/#website\"},\"primaryImageOfPage\":{\"@id\":\"https:\/\/exceladvisor.org\/pt\/rastreamento-de-despesas\/#primaryimage\"},\"image\":{\"@id\":\"https:\/\/exceladvisor.org\/pt\/rastreamento-de-despesas\/#primaryimage\"},\"thumbnailUrl\":\"https:\/\/exceladvisor.org\/wp-content\/uploads\/2023\/08\/tableau-de-bord-principal-pour-le-modele-de-suivi-des-depenses-excel-1.png\",\"datePublished\":\"2023-11-08T13:03:25+00:00\",\"dateModified\":\"2023-12-06T11:51:09+00:00\",\"description\":\"Acompanhar seus gastos \u00e9 uma das coisas mais importantes para ter sucesso. E, se voc\u00ea est\u00e1 tendo problemas para controlar seus gastos, garoto,\",\"breadcrumb\":{\"@id\":\"https:\/\/exceladvisor.org\/pt\/rastreamento-de-despesas\/#breadcrumb\"},\"inLanguage\":\"pt-PT\",\"potentialAction\":[{\"@type\":\"ReadAction\",\"target\":[\"https:\/\/exceladvisor.org\/pt\/rastreamento-de-despesas\/\"]}]},{\"@type\":\"ImageObject\",\"inLanguage\":\"pt-PT\",\"@id\":\"https:\/\/exceladvisor.org\/pt\/rastreamento-de-despesas\/#primaryimage\",\"url\":\"https:\/\/exceladvisor.org\/wp-content\/uploads\/2023\/08\/tableau-de-bord-principal-pour-le-modele-de-suivi-des-depenses-excel-1.png\",\"contentUrl\":\"https:\/\/exceladvisor.org\/wp-content\/uploads\/2023\/08\/tableau-de-bord-principal-pour-le-modele-de-suivi-des-depenses-excel-1.png\"},{\"@type\":\"BreadcrumbList\",\"@id\":\"https:\/\/exceladvisor.org\/pt\/rastreamento-de-despesas\/#breadcrumb\",\"itemListElement\":[{\"@type\":\"ListItem\",\"position\":1,\"name\":\"Lar\",\"item\":\"https:\/\/exceladvisor.org\/pt\/\"},{\"@type\":\"ListItem\",\"position\":2,\"name\":\"Modelo excel de rastreador de despesas mensais\"}]},{\"@type\":\"WebSite\",\"@id\":\"https:\/\/exceladvisor.org\/pt\/#website\",\"url\":\"https:\/\/exceladvisor.org\/pt\/\",\"name\":\"Excel Advisor\",\"description\":\"O seu guia definitivo para dominar os dados!\",\"publisher\":{\"@id\":\"https:\/\/exceladvisor.org\/pt\/#organization\"},\"potentialAction\":[{\"@type\":\"SearchAction\",\"target\":{\"@type\":\"EntryPoint\",\"urlTemplate\":\"https:\/\/exceladvisor.org\/pt\/?s={search_term_string}\"},\"query-input\":{\"@type\":\"PropertyValueSpecification\",\"valueRequired\":true,\"valueName\":\"search_term_string\"}}],\"inLanguage\":\"pt-PT\"},{\"@type\":\"Organization\",\"@id\":\"https:\/\/exceladvisor.org\/pt\/#organization\",\"name\":\"Excel Advisor\",\"url\":\"https:\/\/exceladvisor.org\/pt\/\",\"logo\":{\"@type\":\"ImageObject\",\"inLanguage\":\"pt-PT\",\"@id\":\"https:\/\/exceladvisor.org\/pt\/#\/schema\/logo\/image\/\",\"url\":\"https:\/\/exceladvisor.org\/pt\/wp-content\/uploads\/2023\/12\/exceladvisor.org_.png\",\"contentUrl\":\"https:\/\/exceladvisor.org\/pt\/wp-content\/uploads\/2023\/12\/exceladvisor.org_.png\",\"width\":105,\"height\":36,\"caption\":\"Excel Advisor\"},\"image\":{\"@id\":\"https:\/\/exceladvisor.org\/pt\/#\/schema\/logo\/image\/\"}}]}<\/script>\n<!-- \/ Yoast SEO plugin. -->","yoast_head_json":{"title":"\u25b7 Modelo Excel para acompanhamento de despesas mensais (gratuito em 2023)","description":"Acompanhar seus gastos \u00e9 uma das coisas mais importantes para ter sucesso. E, se voc\u00ea est\u00e1 tendo problemas para controlar seus gastos, garoto,","robots":{"index":"index","follow":"follow","max-snippet":"max-snippet:-1","max-image-preview":"max-image-preview:large","max-video-preview":"max-video-preview:-1"},"canonical":"https:\/\/exceladvisor.org\/pt\/rastreamento-de-despesas\/","og_locale":"pt_PT","og_type":"article","og_title":"\u25b7 Modelo Excel para acompanhamento de despesas mensais (gratuito em 2023)","og_description":"Acompanhar seus gastos \u00e9 uma das coisas mais importantes para ter sucesso. E, se voc\u00ea est\u00e1 tendo problemas para controlar seus gastos, garoto,","og_url":"https:\/\/exceladvisor.org\/pt\/rastreamento-de-despesas\/","og_site_name":"Excel Advisor","article_modified_time":"2023-12-06T11:51:09+00:00","og_image":[{"url":"https:\/\/exceladvisor.org\/wp-content\/uploads\/2023\/08\/tableau-de-bord-principal-pour-le-modele-de-suivi-des-depenses-excel-1.png","type":"","width":"","height":""}],"twitter_card":"summary_large_image","twitter_misc":{"Tempo estimado de leitura":"4 minutos"},"schema":{"@context":"https:\/\/schema.org","@graph":[{"@type":"WebPage","@id":"https:\/\/exceladvisor.org\/pt\/rastreamento-de-despesas\/","url":"https:\/\/exceladvisor.org\/pt\/rastreamento-de-despesas\/","name":"\u25b7 Modelo Excel para acompanhamento de despesas mensais (gratuito em 2023)","isPartOf":{"@id":"https:\/\/exceladvisor.org\/pt\/#website"},"primaryImageOfPage":{"@id":"https:\/\/exceladvisor.org\/pt\/rastreamento-de-despesas\/#primaryimage"},"image":{"@id":"https:\/\/exceladvisor.org\/pt\/rastreamento-de-despesas\/#primaryimage"},"thumbnailUrl":"https:\/\/exceladvisor.org\/wp-content\/uploads\/2023\/08\/tableau-de-bord-principal-pour-le-modele-de-suivi-des-depenses-excel-1.png","datePublished":"2023-11-08T13:03:25+00:00","dateModified":"2023-12-06T11:51:09+00:00","description":"Acompanhar seus gastos \u00e9 uma das coisas mais importantes para ter sucesso. E, se voc\u00ea est\u00e1 tendo problemas para controlar seus gastos, garoto,","breadcrumb":{"@id":"https:\/\/exceladvisor.org\/pt\/rastreamento-de-despesas\/#breadcrumb"},"inLanguage":"pt-PT","potentialAction":[{"@type":"ReadAction","target":["https:\/\/exceladvisor.org\/pt\/rastreamento-de-despesas\/"]}]},{"@type":"ImageObject","inLanguage":"pt-PT","@id":"https:\/\/exceladvisor.org\/pt\/rastreamento-de-despesas\/#primaryimage","url":"https:\/\/exceladvisor.org\/wp-content\/uploads\/2023\/08\/tableau-de-bord-principal-pour-le-modele-de-suivi-des-depenses-excel-1.png","contentUrl":"https:\/\/exceladvisor.org\/wp-content\/uploads\/2023\/08\/tableau-de-bord-principal-pour-le-modele-de-suivi-des-depenses-excel-1.png"},{"@type":"BreadcrumbList","@id":"https:\/\/exceladvisor.org\/pt\/rastreamento-de-despesas\/#breadcrumb","itemListElement":[{"@type":"ListItem","position":1,"name":"Lar","item":"https:\/\/exceladvisor.org\/pt\/"},{"@type":"ListItem","position":2,"name":"Modelo excel de rastreador de despesas mensais"}]},{"@type":"WebSite","@id":"https:\/\/exceladvisor.org\/pt\/#website","url":"https:\/\/exceladvisor.org\/pt\/","name":"Excel Advisor","description":"O seu guia definitivo para dominar os dados!","publisher":{"@id":"https:\/\/exceladvisor.org\/pt\/#organization"},"potentialAction":[{"@type":"SearchAction","target":{"@type":"EntryPoint","urlTemplate":"https:\/\/exceladvisor.org\/pt\/?s={search_term_string}"},"query-input":{"@type":"PropertyValueSpecification","valueRequired":true,"valueName":"search_term_string"}}],"inLanguage":"pt-PT"},{"@type":"Organization","@id":"https:\/\/exceladvisor.org\/pt\/#organization","name":"Excel Advisor","url":"https:\/\/exceladvisor.org\/pt\/","logo":{"@type":"ImageObject","inLanguage":"pt-PT","@id":"https:\/\/exceladvisor.org\/pt\/#\/schema\/logo\/image\/","url":"https:\/\/exceladvisor.org\/pt\/wp-content\/uploads\/2023\/12\/exceladvisor.org_.png","contentUrl":"https:\/\/exceladvisor.org\/pt\/wp-content\/uploads\/2023\/12\/exceladvisor.org_.png","width":105,"height":36,"caption":"Excel Advisor"},"image":{"@id":"https:\/\/exceladvisor.org\/pt\/#\/schema\/logo\/image\/"}}]}},"yoast_meta":{"yoast_wpseo_title":"","yoast_wpseo_metadesc":"","yoast_wpseo_canonical":""},"_links":{"self":[{"href":"https:\/\/exceladvisor.org\/pt\/wp-json\/wp\/v2\/pages\/265","targetHints":{"allow":["GET"]}}],"collection":[{"href":"https:\/\/exceladvisor.org\/pt\/wp-json\/wp\/v2\/pages"}],"about":[{"href":"https:\/\/exceladvisor.org\/pt\/wp-json\/wp\/v2\/types\/page"}],"author":[{"embeddable":true,"href":"https:\/\/exceladvisor.org\/pt\/wp-json\/wp\/v2\/users\/1"}],"replies":[{"embeddable":true,"href":"https:\/\/exceladvisor.org\/pt\/wp-json\/wp\/v2\/comments?post=265"}],"version-history":[{"count":1,"href":"https:\/\/exceladvisor.org\/pt\/wp-json\/wp\/v2\/pages\/265\/revisions"}],"predecessor-version":[{"id":1451,"href":"https:\/\/exceladvisor.org\/pt\/wp-json\/wp\/v2\/pages\/265\/revisions\/1451"}],"wp:attachment":[{"href":"https:\/\/exceladvisor.org\/pt\/wp-json\/wp\/v2\/media?parent=265"}],"curies":[{"name":"wp","href":"https:\/\/api.w.org\/{rel}","templated":true}]}}