{"id":266,"date":"2023-11-08T12:16:26","date_gmt":"2023-11-08T12:16:26","guid":{"rendered":"https:\/\/exceladvisor.org\/pt\/lista-dinamica\/"},"modified":"2023-12-06T11:37:01","modified_gmt":"2023-12-06T11:37:01","slug":"lista-dinamica","status":"publish","type":"page","link":"https:\/\/exceladvisor.org\/pt\/lista-dinamica\/","title":{"rendered":"Como criar uma lista suspensa din\u00e2mica no excel?"},"content":{"rendered":"<div class=\"excel-before-content-2\" id=\"excel-3156595956\"><script type=\"text\/javascript\">\r\n\tatOptions = {\r\n\t\t'key' : 'c1158f160081d6540a8409e6925dab94',\r\n\t\t'format' : 'iframe',\r\n\t\t'height' : 250,\r\n\t\t'width' : 300,\r\n\t\t'params' : {}\r\n\t};\r\n<\/script>\r\n<script type=\"text\/javascript\" src=\"\/\/www.highperformanceformat.com\/c1158f160081d6540a8409e6925dab94\/invoke.js\"><\/script><\/div><div class=\"excel-before-content\" id=\"excel-442275099\"><script type=\"text\/javascript\">\r\n\tatOptions = {\r\n\t\t'key' : 'c1158f160081d6540a8409e6925dab94',\r\n\t\t'format' : 'iframe',\r\n\t\t'height' : 250,\r\n\t\t'width' : 300,\r\n\t\t'params' : {}\r\n\t};\r\n<\/script>\r\n<script type=\"text\/javascript\" src=\"\/\/www.highperformanceformat.com\/c1158f160081d6540a8409e6925dab94\/invoke.js\"><\/script><\/div> <p>Uma lista \u00e9 uma ferramenta poderosa. Ele pode ajud\u00e1-lo a tornar sua entrada de dados simples e r\u00e1pida. Voc\u00ea pode usar uma lista suspensa com seus pain\u00e9is, gr\u00e1ficos ou at\u00e9 mesmo com dados normais.<\/p><p> Embora us\u00e1-lo, uma coisa sempre me deixou louco: voc\u00ea precisa atualizar sua fonte de dados toda vez que adiciona uma nova entrada. Quanto mais dados voc\u00ea adicionar, mais frequentemente precisar\u00e1 atualiz\u00e1-los.<\/p><p> A melhor solu\u00e7\u00e3o para isso \u00e9 usar uma lista <span style=\"background-color: #ffff00;\"><strong><span style=\"color: #000000;\">din\u00e2mica<\/span><\/strong><\/span> onde voc\u00ea n\u00e3o precisa atualizar a fonte de dados repetidamente. Mas primeiro, deixe-me mostrar um exemplo que explica por que seu menu suspenso deve ser din\u00e2mico. No exemplo abaixo, temos dois menus suspensos diferentes onde usamos a mesma fonte de dados. <\/p><div class=\"wp-block-image\"><figure class=\"aligncenter\"><img decoding=\"async\" src=\"https:\/\/exceladvisor.org\/wp-content\/uploads\/2023\/08\/Difference-entre-la-liste-deroulante-dynamique-dans-Excel-et-la-liste-deroulante-normale-1.gif\" sizes=\"\" srcset=\"\" alt=\"Diferen\u00e7a entre a lista suspensa din\u00e2mica no Excel e a lista suspensa normal\"><\/figure><\/div><p> Quando voc\u00ea adiciona uma nova entrada na lista de fontes, essa entrada \u00e9 atualizada automaticamente na segunda lista suspensa.<\/p><p> No entanto, n\u00e3o h\u00e1 altera\u00e7\u00e3o na lista suspensa normal. E, se quiser atualizar sua lista, voc\u00ea precisar\u00e1 atualizar seu intervalo de fontes de dados.<\/p><p class=\"mynote\"> Se voc\u00ea estiver usando o Excel 2007 ou posterior, poder\u00e1 usar uma tabela do Excel e, se ainda estiver usando o Excel 2003, poder\u00e1 usar um intervalo nomeado.<\/p><h2 class=\"wp-block-heading\"> 1. Usando tabela do Excel para criar uma lista suspensa din\u00e2mica<\/h2><p> O melhor m\u00e9todo para criar uma lista suspensa din\u00e2mica \u00e9 usar uma tabela do Excel para os dados de origem. <\/p><div class=\"wp-block-image\"><figure class=\"aligncenter\"><img decoding=\"async\" src=\"https:\/\/exceladvisor.org\/wp-content\/uploads\/2023\/08\/liste-a-utiliser-pour-creer-une-liste-deroulante-dynamique-dans-Excel-1.png\" sizes=\"\" srcset=\"\" alt=\"lista a ser usada para criar uma lista suspensa din\u00e2mica no Excel.\"><\/figure><\/div><p> Aqui est\u00e3o as etapas simples para criar uma lista suspensa din\u00e2mica no Excel.<\/p><ul><li> Primeiro, mude seu intervalo normal para um array.<ul><li> Selecione sua lista.<\/li><li> V\u00e1 para \u279c Inserir Tabela \u279c Tabelas \u279c Tabela.<\/li><li> Clique OK. <\/li><\/ul><\/li><\/ul><div class=\"wp-block-image\"><figure class=\"aligncenter\"><img decoding=\"async\" src=\"https:\/\/exceladvisor.org\/wp-content\/uploads\/2023\/08\/appliquer-un-tableau-pour-creer-une-liste-deroulante-dynamique-dans-Excel-1.png\" sizes=\"\" srcset=\"\" alt=\"aplique uma tabela para criar uma lista suspensa din\u00e2mica no Excel\"><\/figure><\/div><ul><li> Agora o pr\u00f3ximo passo \u00e9 consultar a fonte de dados do intervalo da tabela e para isso precisamos usar a f\u00f3rmula abaixo. <\/li><\/ul><div class=\"wp-block-image\"><figure class=\"aligncenter\"><img decoding=\"async\" src=\"https:\/\/exceladvisor.org\/wp-content\/uploads\/2023\/08\/utiliser-la-fonction-indirecte-pour-faire-reference-a-la-plage-de-la-table-pour-creer-une-liste-deroulante-dynamique-1.png\" sizes=\"\" srcset=\"\" alt=\"use a fun\u00e7\u00e3o indireta para se referir ao intervalo da tabela para criar uma lista suspensa din\u00e2mica\"><\/figure><\/div><p> =INDIRETO(\u201cTabela5[M\u00eas]\u201d)<\/p><ul><li> No final, clique em OK.<\/li><\/ul><p> Agora voc\u00ea tem uma lista din\u00e2mica que ser\u00e1 atualizada instantaneamente quando voc\u00ea atualizar sua lista de fontes.<\/p><p class=\"myalert\"> Se voc\u00ea tentar se referir diretamente ao intervalo da tabela como fonte, um erro como o abaixo ser\u00e1 retornado. <\/p><div class=\"wp-block-image\"><figure class=\"aligncenter\"><img decoding=\"async\" src=\"https:\/\/exceladvisor.org\/wp-content\/uploads\/2023\/08\/erreur-lors-de-la-reference-a-la-plage-du-tableau-pour-creer-une-liste-deroulante-dynamique-1.png\" sizes=\"\" srcset=\"\" alt=\"erro ao fazer refer\u00eancia ao intervalo da matriz para criar um menu suspenso din\u00e2mico\"><\/figure><\/div><h2 class=\"wp-block-heading\"> 2. Faixa din\u00e2mica para uma lista suspensa com fun\u00e7\u00e3o OFFSET<\/h2><p> Se ainda estiver usando o Excel 2003 ou anterior, voc\u00ea pode usar a fun\u00e7\u00e3o shift para criar um intervalo din\u00e2mico e, em seguida, usar esse intervalo din\u00e2mico para criar uma lista suspensa. Aqui est\u00e3o as etapas simples para criar uma lista suspensa usando faixa din\u00e2mica.<\/p><ul><li> V\u00e1 para F\u00f3rmulas \u279c Nomes Definidos \u279c Gerenciador de Nomes \u279c Clique em Novo.<\/li><li> Na caixa de entrada do nome, insira um nome para o intervalo nomeado (aqui eu uso \u201cmonthList2003\u201d).<\/li><li> Insira a f\u00f3rmula abaixo em \u201cRefere-se a\u201d e clique em OK. <\/li><\/ul><div class=\"wp-block-image\"><figure class=\"aligncenter\"><img decoding=\"async\" src=\"https:\/\/exceladvisor.org\/wp-content\/uploads\/2023\/08\/creer-une-plage-dynamique-pour-creer-une-liste-deroulante-pour-Excel-2003-1.png\" sizes=\"\" srcset=\"\" alt=\"crie faixa din\u00e2mica para criar lista suspensa para Excel 2003\"><\/figure><\/div><ul><li> Agora voc\u00ea tem um intervalo din\u00e2mico &#8220;monthList2003&#8221; e pode usar esse nome de intervalo para criar uma lista suspensa din\u00e2mica. <\/li><\/ul><div class=\"wp-block-image\"><figure class=\"aligncenter\"><img decoding=\"async\" src=\"https:\/\/exceladvisor.org\/wp-content\/uploads\/2023\/08\/utiliser-la-plage-dynamique-pour-creer-une-liste-deroulante-dynamique-pour-2003-1.png\" sizes=\"\" srcset=\"\" alt=\"use faixa din\u00e2mica para criar um menu suspenso din\u00e2mico para 2003\"><\/figure><\/div><h3 class=\"wp-block-heading\"> Como \u00e9 que isso funciona<\/h3><p> A f\u00f3rmula que usamos para criar um intervalo din\u00e2mico contar\u00e1 os valores na lista e expandir\u00e1 o intervalo de origem de acordo. Isso tornar\u00e1 seu menu suspenso din\u00e2mico.<\/p><p> <a href=\"https:\/\/exceladvisor.org\/wp-content\/uploads\/2023\/11\/liste-deroulante-dynamique-dans-excel.xlsx\" rel=\"nofollow\"><em>arquivo de amostra<\/em><\/a><\/p><div class=\"gb-container gb-container-4db6181c gb-container-mt\"> <a class=\"gb-button gb-button-c5897111 gb-button-text gb-button-mt-button\" href=\"https:\/\/exceladvisor.org\/pt\/excel-avancado\/\">Tutoriais avan\u00e7ados de Excel<\/a><h2 class=\"gb-headline gb-headline-665e5f6b gb-headline-text gb-headline-mt-heading\"> Tutoriais relacionados <\/h2><div class=\"gb-grid-wrapper gb-grid-wrapper-a20baf7c gb-grid-wrapper-mt-grid\"><div class=\"gb-grid-column gb-grid-column-65ddf67e\"><div class=\"gb-container gb-container-65ddf67e\"><ul><li> <a href=\"https:\/\/exceladvisor.org\/pt\/intervalo-de-datas-de-validacao-de-dados\/\">Valida\u00e7\u00e3o de dados com intervalo de datas<\/a><\/li><li> <a href=\"https:\/\/exceladvisor.org\/pt\/lista-suspensa-dependente\/\">Lista suspensa de dependentes no Excel<\/a><\/li><li> <a href=\"https:\/\/exceladvisor.org\/pt\/sim-nao-lista-suspensa\/\">Crie uma lista suspensa Sim \u2013 N\u00e3o no Excel<\/a><\/li><li> <a href=\"https:\/\/exceladvisor.org\/pt\/remover-lista-suspensa\/\">Remover lista suspensa (valida\u00e7\u00e3o de dados) no Excel<\/a><\/li><\/ul><\/div><\/div><\/div><\/div>","protected":false},"excerpt":{"rendered":"","protected":false},"author":1,"featured_media":0,"parent":0,"menu_order":0,"comment_status":"open","ping_status":"closed","template":"","meta":{"ub_ctt_via":"","footnotes":""},"class_list":["post-266","page","type-page","status-publish","hentry"],"featured_image_src":null,"yoast_head":"<!-- This site is optimized with the Yoast SEO plugin v25.4 - https:\/\/yoast.com\/wordpress\/plugins\/seo\/ -->\n<title>Como criar uma lista din\u00e2mica no Excel? (Tutorial 2023)<\/title>\n<meta name=\"description\" content=\"Uma lista suspensa \u00e9 uma ferramenta poderosa. Mas apesar de us\u00e1-lo, uma coisa sempre me deixou louco, preciso atualizar sua fonte\" \/>\n<meta name=\"robots\" content=\"index, follow, max-snippet:-1, max-image-preview:large, max-video-preview:-1\" \/>\n<link rel=\"canonical\" href=\"https:\/\/exceladvisor.org\/pt\/lista-dinamica\/\" \/>\n<meta property=\"og:locale\" content=\"pt_PT\" \/>\n<meta property=\"og:type\" content=\"article\" \/>\n<meta property=\"og:title\" content=\"Como criar uma lista din\u00e2mica no Excel? (Tutorial 2023)\" \/>\n<meta property=\"og:description\" content=\"Uma lista suspensa \u00e9 uma ferramenta poderosa. Mas apesar de us\u00e1-lo, uma coisa sempre me deixou louco, preciso atualizar sua fonte\" \/>\n<meta property=\"og:url\" content=\"https:\/\/exceladvisor.org\/pt\/lista-dinamica\/\" \/>\n<meta property=\"og:site_name\" content=\"Excel Advisor\" \/>\n<meta property=\"article:modified_time\" content=\"2023-12-06T11:37:01+00:00\" \/>\n<meta property=\"og:image\" content=\"https:\/\/exceladvisor.org\/wp-content\/uploads\/2023\/08\/Difference-entre-la-liste-deroulante-dynamique-dans-Excel-et-la-liste-deroulante-normale-1.gif\" \/>\n<meta name=\"twitter:card\" content=\"summary_large_image\" \/>\n<meta name=\"twitter:label1\" content=\"Tempo estimado de leitura\" \/>\n\t<meta name=\"twitter:data1\" content=\"3 minutos\" \/>\n<script type=\"application\/ld+json\" class=\"yoast-schema-graph\">{\"@context\":\"https:\/\/schema.org\",\"@graph\":[{\"@type\":\"WebPage\",\"@id\":\"https:\/\/exceladvisor.org\/pt\/lista-dinamica\/\",\"url\":\"https:\/\/exceladvisor.org\/pt\/lista-dinamica\/\",\"name\":\"Como criar uma lista din\u00e2mica no Excel? (Tutorial 2023)\",\"isPartOf\":{\"@id\":\"https:\/\/exceladvisor.org\/pt\/#website\"},\"primaryImageOfPage\":{\"@id\":\"https:\/\/exceladvisor.org\/pt\/lista-dinamica\/#primaryimage\"},\"image\":{\"@id\":\"https:\/\/exceladvisor.org\/pt\/lista-dinamica\/#primaryimage\"},\"thumbnailUrl\":\"https:\/\/exceladvisor.org\/wp-content\/uploads\/2023\/08\/Difference-entre-la-liste-deroulante-dynamique-dans-Excel-et-la-liste-deroulante-normale-1.gif\",\"datePublished\":\"2023-11-08T12:16:26+00:00\",\"dateModified\":\"2023-12-06T11:37:01+00:00\",\"description\":\"Uma lista suspensa \u00e9 uma ferramenta poderosa. Mas apesar de us\u00e1-lo, uma coisa sempre me deixou louco, preciso atualizar sua fonte\",\"breadcrumb\":{\"@id\":\"https:\/\/exceladvisor.org\/pt\/lista-dinamica\/#breadcrumb\"},\"inLanguage\":\"pt-PT\",\"potentialAction\":[{\"@type\":\"ReadAction\",\"target\":[\"https:\/\/exceladvisor.org\/pt\/lista-dinamica\/\"]}]},{\"@type\":\"ImageObject\",\"inLanguage\":\"pt-PT\",\"@id\":\"https:\/\/exceladvisor.org\/pt\/lista-dinamica\/#primaryimage\",\"url\":\"https:\/\/exceladvisor.org\/wp-content\/uploads\/2023\/08\/Difference-entre-la-liste-deroulante-dynamique-dans-Excel-et-la-liste-deroulante-normale-1.gif\",\"contentUrl\":\"https:\/\/exceladvisor.org\/wp-content\/uploads\/2023\/08\/Difference-entre-la-liste-deroulante-dynamique-dans-Excel-et-la-liste-deroulante-normale-1.gif\"},{\"@type\":\"BreadcrumbList\",\"@id\":\"https:\/\/exceladvisor.org\/pt\/lista-dinamica\/#breadcrumb\",\"itemListElement\":[{\"@type\":\"ListItem\",\"position\":1,\"name\":\"Lar\",\"item\":\"https:\/\/exceladvisor.org\/pt\/\"},{\"@type\":\"ListItem\",\"position\":2,\"name\":\"Como criar uma lista suspensa din\u00e2mica no excel?\"}]},{\"@type\":\"WebSite\",\"@id\":\"https:\/\/exceladvisor.org\/pt\/#website\",\"url\":\"https:\/\/exceladvisor.org\/pt\/\",\"name\":\"Excel Advisor\",\"description\":\"O seu guia definitivo para dominar os dados!\",\"publisher\":{\"@id\":\"https:\/\/exceladvisor.org\/pt\/#organization\"},\"potentialAction\":[{\"@type\":\"SearchAction\",\"target\":{\"@type\":\"EntryPoint\",\"urlTemplate\":\"https:\/\/exceladvisor.org\/pt\/?s={search_term_string}\"},\"query-input\":{\"@type\":\"PropertyValueSpecification\",\"valueRequired\":true,\"valueName\":\"search_term_string\"}}],\"inLanguage\":\"pt-PT\"},{\"@type\":\"Organization\",\"@id\":\"https:\/\/exceladvisor.org\/pt\/#organization\",\"name\":\"Excel Advisor\",\"url\":\"https:\/\/exceladvisor.org\/pt\/\",\"logo\":{\"@type\":\"ImageObject\",\"inLanguage\":\"pt-PT\",\"@id\":\"https:\/\/exceladvisor.org\/pt\/#\/schema\/logo\/image\/\",\"url\":\"https:\/\/exceladvisor.org\/pt\/wp-content\/uploads\/2023\/12\/exceladvisor.org_.png\",\"contentUrl\":\"https:\/\/exceladvisor.org\/pt\/wp-content\/uploads\/2023\/12\/exceladvisor.org_.png\",\"width\":105,\"height\":36,\"caption\":\"Excel Advisor\"},\"image\":{\"@id\":\"https:\/\/exceladvisor.org\/pt\/#\/schema\/logo\/image\/\"}}]}<\/script>\n<!-- \/ Yoast SEO plugin. -->","yoast_head_json":{"title":"Como criar uma lista din\u00e2mica no Excel? (Tutorial 2023)","description":"Uma lista suspensa \u00e9 uma ferramenta poderosa. Mas apesar de us\u00e1-lo, uma coisa sempre me deixou louco, preciso atualizar sua fonte","robots":{"index":"index","follow":"follow","max-snippet":"max-snippet:-1","max-image-preview":"max-image-preview:large","max-video-preview":"max-video-preview:-1"},"canonical":"https:\/\/exceladvisor.org\/pt\/lista-dinamica\/","og_locale":"pt_PT","og_type":"article","og_title":"Como criar uma lista din\u00e2mica no Excel? (Tutorial 2023)","og_description":"Uma lista suspensa \u00e9 uma ferramenta poderosa. Mas apesar de us\u00e1-lo, uma coisa sempre me deixou louco, preciso atualizar sua fonte","og_url":"https:\/\/exceladvisor.org\/pt\/lista-dinamica\/","og_site_name":"Excel Advisor","article_modified_time":"2023-12-06T11:37:01+00:00","og_image":[{"url":"https:\/\/exceladvisor.org\/wp-content\/uploads\/2023\/08\/Difference-entre-la-liste-deroulante-dynamique-dans-Excel-et-la-liste-deroulante-normale-1.gif","type":"","width":"","height":""}],"twitter_card":"summary_large_image","twitter_misc":{"Tempo estimado de leitura":"3 minutos"},"schema":{"@context":"https:\/\/schema.org","@graph":[{"@type":"WebPage","@id":"https:\/\/exceladvisor.org\/pt\/lista-dinamica\/","url":"https:\/\/exceladvisor.org\/pt\/lista-dinamica\/","name":"Como criar uma lista din\u00e2mica no Excel? (Tutorial 2023)","isPartOf":{"@id":"https:\/\/exceladvisor.org\/pt\/#website"},"primaryImageOfPage":{"@id":"https:\/\/exceladvisor.org\/pt\/lista-dinamica\/#primaryimage"},"image":{"@id":"https:\/\/exceladvisor.org\/pt\/lista-dinamica\/#primaryimage"},"thumbnailUrl":"https:\/\/exceladvisor.org\/wp-content\/uploads\/2023\/08\/Difference-entre-la-liste-deroulante-dynamique-dans-Excel-et-la-liste-deroulante-normale-1.gif","datePublished":"2023-11-08T12:16:26+00:00","dateModified":"2023-12-06T11:37:01+00:00","description":"Uma lista suspensa \u00e9 uma ferramenta poderosa. Mas apesar de us\u00e1-lo, uma coisa sempre me deixou louco, preciso atualizar sua fonte","breadcrumb":{"@id":"https:\/\/exceladvisor.org\/pt\/lista-dinamica\/#breadcrumb"},"inLanguage":"pt-PT","potentialAction":[{"@type":"ReadAction","target":["https:\/\/exceladvisor.org\/pt\/lista-dinamica\/"]}]},{"@type":"ImageObject","inLanguage":"pt-PT","@id":"https:\/\/exceladvisor.org\/pt\/lista-dinamica\/#primaryimage","url":"https:\/\/exceladvisor.org\/wp-content\/uploads\/2023\/08\/Difference-entre-la-liste-deroulante-dynamique-dans-Excel-et-la-liste-deroulante-normale-1.gif","contentUrl":"https:\/\/exceladvisor.org\/wp-content\/uploads\/2023\/08\/Difference-entre-la-liste-deroulante-dynamique-dans-Excel-et-la-liste-deroulante-normale-1.gif"},{"@type":"BreadcrumbList","@id":"https:\/\/exceladvisor.org\/pt\/lista-dinamica\/#breadcrumb","itemListElement":[{"@type":"ListItem","position":1,"name":"Lar","item":"https:\/\/exceladvisor.org\/pt\/"},{"@type":"ListItem","position":2,"name":"Como criar uma lista suspensa din\u00e2mica no excel?"}]},{"@type":"WebSite","@id":"https:\/\/exceladvisor.org\/pt\/#website","url":"https:\/\/exceladvisor.org\/pt\/","name":"Excel Advisor","description":"O seu guia definitivo para dominar os dados!","publisher":{"@id":"https:\/\/exceladvisor.org\/pt\/#organization"},"potentialAction":[{"@type":"SearchAction","target":{"@type":"EntryPoint","urlTemplate":"https:\/\/exceladvisor.org\/pt\/?s={search_term_string}"},"query-input":{"@type":"PropertyValueSpecification","valueRequired":true,"valueName":"search_term_string"}}],"inLanguage":"pt-PT"},{"@type":"Organization","@id":"https:\/\/exceladvisor.org\/pt\/#organization","name":"Excel Advisor","url":"https:\/\/exceladvisor.org\/pt\/","logo":{"@type":"ImageObject","inLanguage":"pt-PT","@id":"https:\/\/exceladvisor.org\/pt\/#\/schema\/logo\/image\/","url":"https:\/\/exceladvisor.org\/pt\/wp-content\/uploads\/2023\/12\/exceladvisor.org_.png","contentUrl":"https:\/\/exceladvisor.org\/pt\/wp-content\/uploads\/2023\/12\/exceladvisor.org_.png","width":105,"height":36,"caption":"Excel Advisor"},"image":{"@id":"https:\/\/exceladvisor.org\/pt\/#\/schema\/logo\/image\/"}}]}},"yoast_meta":{"yoast_wpseo_title":"","yoast_wpseo_metadesc":"","yoast_wpseo_canonical":""},"_links":{"self":[{"href":"https:\/\/exceladvisor.org\/pt\/wp-json\/wp\/v2\/pages\/266","targetHints":{"allow":["GET"]}}],"collection":[{"href":"https:\/\/exceladvisor.org\/pt\/wp-json\/wp\/v2\/pages"}],"about":[{"href":"https:\/\/exceladvisor.org\/pt\/wp-json\/wp\/v2\/types\/page"}],"author":[{"embeddable":true,"href":"https:\/\/exceladvisor.org\/pt\/wp-json\/wp\/v2\/users\/1"}],"replies":[{"embeddable":true,"href":"https:\/\/exceladvisor.org\/pt\/wp-json\/wp\/v2\/comments?post=266"}],"version-history":[{"count":1,"href":"https:\/\/exceladvisor.org\/pt\/wp-json\/wp\/v2\/pages\/266\/revisions"}],"predecessor-version":[{"id":1004,"href":"https:\/\/exceladvisor.org\/pt\/wp-json\/wp\/v2\/pages\/266\/revisions\/1004"}],"wp:attachment":[{"href":"https:\/\/exceladvisor.org\/pt\/wp-json\/wp\/v2\/media?parent=266"}],"curies":[{"name":"wp","href":"https:\/\/api.w.org\/{rel}","templated":true}]}}