{"id":267,"date":"2023-11-08T10:24:09","date_gmt":"2023-11-08T10:24:09","guid":{"rendered":"https:\/\/exceladvisor.org\/pt\/lista-suspensa-dependente\/"},"modified":"2023-12-06T11:37:00","modified_gmt":"2023-12-06T11:37:00","slug":"lista-suspensa-dependente","status":"publish","type":"page","link":"https:\/\/exceladvisor.org\/pt\/lista-suspensa-dependente\/","title":{"rendered":"Como criar uma lista suspensa dependente no excel?"},"content":{"rendered":"<div class=\"excel-before-content-2\" id=\"excel-2640506484\"><script type=\"text\/javascript\">\r\n\tatOptions = {\r\n\t\t'key' : 'c1158f160081d6540a8409e6925dab94',\r\n\t\t'format' : 'iframe',\r\n\t\t'height' : 250,\r\n\t\t'width' : 300,\r\n\t\t'params' : {}\r\n\t};\r\n<\/script>\r\n<script type=\"text\/javascript\" src=\"\/\/www.highperformanceformat.com\/c1158f160081d6540a8409e6925dab94\/invoke.js\"><\/script><\/div><div class=\"excel-before-content\" id=\"excel-3666294438\"><script type=\"text\/javascript\">\r\n\tatOptions = {\r\n\t\t'key' : 'c1158f160081d6540a8409e6925dab94',\r\n\t\t'format' : 'iframe',\r\n\t\t'height' : 250,\r\n\t\t'width' : 300,\r\n\t\t'params' : {}\r\n\t};\r\n<\/script>\r\n<script type=\"text\/javascript\" src=\"\/\/www.highperformanceformat.com\/c1158f160081d6540a8409e6925dab94\/invoke.js\"><\/script><\/div> <p>O menu suspenso dependente envolve a exibi\u00e7\u00e3o de valores em um menu suspenso com base na sele\u00e7\u00e3o do valor em outro menu suspenso.<\/p><p> Hoje, neste artigo, gostaria de compartilhar com voc\u00eas um processo simples de 7 etapas para criar esta lista suspensa. Mas primeiro, deixe-me dizer por que isso \u00e9 importante. No exemplo abaixo voc\u00ea tem duas listas suspensas. O menu suspenso de tamanho depende do menu suspenso do produto. <\/p><div class=\"wp-block-image\"><figure class=\"aligncenter\"><img decoding=\"async\" src=\"https:\/\/exceladvisor.org\/wp-content\/uploads\/2023\/08\/liste-deroulante-dependante-a-deux-niveaux-1.gif\" sizes=\"\" srcset=\"\" alt=\"lista suspensa dependente de dois n\u00edveis\"><\/figure><\/div><p> Se voc\u00ea selecionar papel branco na c\u00e9lula do produto, a lista suspensa de tamanhos mostrar\u00e1 pequeno e m\u00e9dio. Mas, se voc\u00ea selecionar papel cinza, seu tamanho ser\u00e1 m\u00e9dio e grande.<\/p><p> Ent\u00e3o aqui a ideia b\u00e1sica para criar um menu suspenso dependente \u00e9 obter o tamanho correto de acordo com o nome do produto. Vamos come\u00e7ar.<\/p><h2 class=\"wp-block-heading\"> Etapas para criar uma lista suspensa de dependentes no Excel<\/h2><p> Para criar um menu suspenso dependente, precisamos usar <a style=\"outline: none;\" href=\"http:\/\/www.exceltrick.com\/how_to\/named-range-in-excel\/\" target=\"_blank\" rel=\"noopener\">intervalos nomeados<\/a> e fun\u00e7\u00f5es indiretas.<\/p><ul><li> Primeiro, voc\u00ea precisa criar intervalos nomeados para as listas suspensas. Para fazer isso, selecione a lista de produtos. V\u00e1 para -&gt; F\u00f3rmulas -&gt; Nomes Definidos -&gt; Criar a partir da Sele\u00e7\u00e3o. <\/li><\/ul><div class=\"wp-block-image\"><figure class=\"aligncenter\"><img decoding=\"async\" src=\"https:\/\/exceladvisor.org\/wp-content\/uploads\/2023\/08\/comment-creer-une-liste-deroulante-dependante-dans-Excel-creer-une-plage-nommee-1.png\" sizes=\"\" srcset=\"\" alt=\"como criar uma lista suspensa dependente no Excel criar um intervalo nomeado\"><\/figure><\/div><ul><li> Voc\u00ea receber\u00e1 uma janela pop-up. Marca de sele\u00e7\u00e3o \u201cLinha superior\u201d<\/li><li><\/li><li> &amp; Clique OK. <\/li><\/ul><div class=\"wp-block-image\"><figure class=\"aligncenter\"><img decoding=\"async\" src=\"https:\/\/exceladvisor.org\/wp-content\/uploads\/2023\/08\/comment-creer-une-liste-deroulante-dependante-dans-Excel-creer-une-plage-nommee-cliquez-sur-OK-1.png\" sizes=\"\" srcset=\"\" alt=\"como criar uma lista suspensa dependente no Excel criar um intervalo nomeado clique em OK\"><\/figure><\/div><ul><li> Usando as mesmas etapas, crie mais dois intervalos nomeados para os tamanhos. Um \u00e9 para papel branco e o segundo \u00e9 para papel cinza. <\/li><\/ul><div class=\"wp-block-image\"><figure class=\"aligncenter\"><img decoding=\"async\" src=\"https:\/\/exceladvisor.org\/wp-content\/uploads\/2023\/08\/comment-creer-une-liste-deroulante-dependante-dans-Excel-trois-plages-nommees-1.png\" sizes=\"\" srcset=\"\" alt=\"como criar uma lista suspensa dependente no Excel tr\u00eas intervalos nomeados\"><\/figure><\/div><p> Dica: Usando este m\u00e9todo para criar um intervalo nomeado, o valor na primeira c\u00e9lula ser\u00e1 considerado o nome e o restante dos valores como o intervalo. Voc\u00ea tamb\u00e9m pode usar um intervalo nomeado din\u00e2mico para isso.<\/p><ul><li> Agora selecione a c\u00e9lula onde deseja adicionar o menu suspenso do produto e navegue at\u00e9 -&gt; Dados -&gt; Ferramentas de dados -&gt; Valida\u00e7\u00e3o de dados. <\/li><\/ul><div class=\"wp-block-image\"><figure class=\"aligncenter\"><img decoding=\"async\" src=\"https:\/\/exceladvisor.org\/wp-content\/uploads\/2023\/08\/comment-creer-une-liste-deroulante-dependante-dans-Excel-creer-une-liste-deroulante-pour-les-produits-1.png\" sizes=\"\" srcset=\"\" alt=\"como criar uma lista suspensa dependente no Excel criar uma lista suspensa para produtos\"><\/figure><\/div><ul><li> Na janela Valida\u00e7\u00e3o de Dados, selecione \u201cLista\u201d e em \u201cFonte\u201d, insira a f\u00f3rmula abaixo e clique em OK. <\/li><\/ul><div class=\"wp-block-image\"><figure class=\"aligncenter\"><img decoding=\"async\" src=\"https:\/\/exceladvisor.org\/wp-content\/uploads\/2023\/08\/comment-creer-une-liste-deroulante-dependante-dans-la-fenetre-deroulante-Excel-1.png\" sizes=\"\" srcset=\"\" alt=\"como criar uma lista suspensa dependente na janela suspensa do Excel\"><\/figure><\/div><p> =Indireto(\u201cProduto\u201d)<\/p><ul><li> Selecione a c\u00e9lula onde deseja adicionar uma lista suspensa de tamanho. V\u00e1 para -&gt; Dados -&gt; Ferramentas de Dados -&gt; Valida\u00e7\u00e3o de Dados.<\/li><li> Na janela de valida\u00e7\u00e3o de dados, selecione \u201cLista\u201d e em \u201cFonte\u201d, insira a f\u00f3rmula abaixo e clique em OK. <\/li><\/ul><div class=\"wp-block-image\"><figure class=\"aligncenter\"><img decoding=\"async\" src=\"https:\/\/exceladvisor.org\/wp-content\/uploads\/2023\/08\/comment-creer-une-liste-deroulante-dependante-dans-la-fenetre-deroulante-Excel-1.png\" sizes=\"\" srcset=\"\" alt=\"como criar uma lista suspensa dependente na janela suspensa do Excel\"><\/figure><\/div><p> =Indireto(\u201cA5\u201d)<\/p><p> Finalmente, seu menu suspenso dependente est\u00e1 pronto. <\/p><div class=\"wp-block-image\"><figure class=\"aligncenter\"><img decoding=\"async\" src=\"https:\/\/exceladvisor.org\/wp-content\/uploads\/2023\/08\/liste-deroulante-dependante-a-deux-niveaux-1.gif\" sizes=\"\" srcset=\"\" alt=\"lista suspensa dependente de dois n\u00edveis\"><\/figure><\/div><h3 class=\"wp-block-heading\"> Como funciona<\/h3><p> Primeiro, voc\u00ea criou tr\u00eas intervalos nomeados. A seguir, usamos um intervalo nomeado para criar uma lista suspensa de produtos. Depois disso, para o segundo menu suspenso, voc\u00ea usou a fun\u00e7\u00e3o indireta e consultou o valor na c\u00e9lula do produto.<\/p><p> Se voc\u00ea notar, nossas faixas de tamanho t\u00eam um nome igual aos valores que temos no menu suspenso de produtos.<\/p><p> Quando selecionamos &#8220;WhitePaperSheet&#8221; na c\u00e9lula do produto e depois na c\u00e9lula de tamanho, a fun\u00e7\u00e3o indireta se referir\u00e1 ao intervalo denominado &#8220;WhitePaperSheet&#8221; e quando selecionar &#8220;GreyPaperSheet&#8221;, se referir\u00e1 ao intervalo denominado &#8220;GreyPaperSheet&#8221;.<\/p><h2 class=\"wp-block-heading\"> Lista suspensa dependente de tr\u00eas n\u00edveis<\/h2><p> No exemplo acima, voc\u00ea criou uma lista suspensa dependente de dois n\u00edveis. Mas \u00e0s vezes precisamos criar uma lista com depend\u00eancias de tr\u00eas n\u00edveis. Para fazer isso, basta criar uma terceira lista suspensa que depende da sele\u00e7\u00e3o da segunda lista suspensa.<\/p><p> Digamos que queremos adicionar uma lista suspensa com tamanhos \u201cComprimento x Largura\u201d para as folhas de papel. <\/p><div class=\"wp-block-image\"><figure class=\"aligncenter\"><img decoding=\"async\" src=\"https:\/\/exceladvisor.org\/wp-content\/uploads\/2023\/08\/comment-creer-une-liste-deroulante-dependante-dans-Excel-avec-des-donnees-a-trois-niveaux-1.png\" sizes=\"\" srcset=\"\" alt=\"como criar uma lista suspensa dependente no Excel com dados de tr\u00eas n\u00edveis\"><\/figure><\/div><p> E, para isso, \u00e9 necess\u00e1rio criar uma terceira lista suspensa que exibir\u00e1 o \u201cComprimento X Largura\u201d de acordo com a sele\u00e7\u00e3o do tamanho.<\/p><p> Aqui est\u00e3o as etapas:<\/p><ul><li> Crie mais tr\u00eas intervalos nomeados usando o mesmo m\u00e9todo que usamos acima. <\/li><\/ul><div class=\"wp-block-image\"><figure class=\"aligncenter\"><img decoding=\"async\" src=\"https:\/\/exceladvisor.org\/wp-content\/uploads\/2023\/08\/comment-creer-une-liste-deroulante-dependante-dans-Excel-avec-de-nouvelles-plages-nommees-de-donnees-a-trois-niveaux-1.png\" sizes=\"\" srcset=\"\" alt=\"como criar uma lista suspensa dependente no Excel com novos intervalos nomeados de dados de tr\u00eas n\u00edveis\"><\/figure><\/div><ul><li> Selecione a c\u00e9lula onde deseja inserir sua terceira lista suspensa.<\/li><li> Abra as op\u00e7\u00f5es suspensas e insira a seguinte f\u00f3rmula na fonte. <\/li><\/ul><div class=\"wp-block-image\"><figure class=\"aligncenter\"><img decoding=\"async\" src=\"https:\/\/exceladvisor.org\/wp-content\/uploads\/2023\/08\/comment-creer-une-liste-deroulante-dependante-dans-Excel-avec-une-liste-deroulante-a-trois-niveaux-1.png\" sizes=\"\" srcset=\"\" alt=\"como criar uma lista suspensa dependente no Excel com uma lista suspensa de tr\u00eas n\u00edveis\"><\/figure><\/div><p> =Indireto(\u201cC5\u201d)<\/p><ul><li> Clique OK.<\/li><\/ul><p> Agora sua lista suspensa de tr\u00eas n\u00edveis est\u00e1 pronta <\/p><div class=\"wp-block-image\"><figure class=\"aligncenter\"><img decoding=\"async\" src=\"https:\/\/exceladvisor.org\/wp-content\/uploads\/2023\/08\/liste-deroulante-dependante-a-trois-niveaux-dans-Excel-pret.gif\" sizes=\"\" srcset=\"\" alt=\"lista suspensa dependente de tr\u00eas n\u00edveis pronta para Excel\"><\/figure><\/div><p> <a href=\"https:\/\/exceladvisor.org\/wp-content\/uploads\/2023\/11\/liste-deroulante-dependante-a-trois-niveaux.xlsx\" target=\"_blank\" rel=\"noreferrer noopener nofollow\"><em>Baixe um arquivo de amostra<\/em><\/a><\/p><div class=\"gb-container gb-container-4db6181c gb-container-mt\"> <a class=\"gb-button gb-button-c5897111 gb-button-text gb-button-mt-button\" href=\"https:\/\/exceladvisor.org\/pt\/excel-avancado\/\">Tutoriais avan\u00e7ados de Excel<\/a><h2 class=\"gb-headline gb-headline-665e5f6b gb-headline-text gb-headline-mt-heading\"> Tutoriais relacionados <\/h2><div class=\"gb-grid-wrapper gb-grid-wrapper-a20baf7c gb-grid-wrapper-mt-grid\"><div class=\"gb-grid-column gb-grid-column-65ddf67e\"><div class=\"gb-container gb-container-65ddf67e\"><ul><li> <a href=\"https:\/\/exceladvisor.org\/pt\/intervalo-de-datas-de-validacao-de-dados\/\">Valida\u00e7\u00e3o de dados com intervalo de datas<\/a><\/li><li> <a href=\"https:\/\/exceladvisor.org\/pt\/lista-dinamica\/\">Lista suspensa din\u00e2mica no Excel<\/a><\/li><li> <a href=\"https:\/\/exceladvisor.org\/pt\/sim-nao-lista-suspensa\/\">Crie uma lista suspensa Sim \u2013 N\u00e3o no Excel<\/a><\/li><li> <a href=\"https:\/\/exceladvisor.org\/pt\/remover-lista-suspensa\/\">Remover lista suspensa (valida\u00e7\u00e3o de dados) no Excel<\/a> <\/li><\/ul><\/div><\/div><div class=\"gb-grid-column gb-grid-column-50067b57\"><div class=\"gb-container gb-container-50067b57\"><\/div><\/div><\/div><\/div>","protected":false},"excerpt":{"rendered":"","protected":false},"author":1,"featured_media":0,"parent":0,"menu_order":0,"comment_status":"open","ping_status":"closed","template":"","meta":{"ub_ctt_via":"","footnotes":""},"class_list":["post-267","page","type-page","status-publish","hentry"],"featured_image_src":null,"yoast_head":"<!-- This site is optimized with the Yoast SEO plugin v25.4 - https:\/\/yoast.com\/wordpress\/plugins\/seo\/ -->\n<title>\u25b7 Como criar uma lista suspensa dependente no Excel?<\/title>\n<meta name=\"description\" content=\"Uma lista suspensa dependente \u00e9 muito \u00fatil. Neste artigo, voc\u00ea aprender\u00e1 como criar uma lista suspensa dependente no Excel,\" \/>\n<meta name=\"robots\" content=\"index, follow, max-snippet:-1, max-image-preview:large, max-video-preview:-1\" \/>\n<link rel=\"canonical\" href=\"https:\/\/exceladvisor.org\/pt\/lista-suspensa-dependente\/\" \/>\n<meta property=\"og:locale\" content=\"pt_PT\" \/>\n<meta property=\"og:type\" content=\"article\" \/>\n<meta property=\"og:title\" content=\"\u25b7 Como criar uma lista suspensa dependente no Excel?\" \/>\n<meta property=\"og:description\" content=\"Uma lista suspensa dependente \u00e9 muito \u00fatil. Neste artigo, voc\u00ea aprender\u00e1 como criar uma lista suspensa dependente no Excel,\" \/>\n<meta property=\"og:url\" content=\"https:\/\/exceladvisor.org\/pt\/lista-suspensa-dependente\/\" \/>\n<meta property=\"og:site_name\" content=\"Excel Advisor\" \/>\n<meta property=\"article:modified_time\" content=\"2023-12-06T11:37:00+00:00\" \/>\n<meta property=\"og:image\" content=\"https:\/\/exceladvisor.org\/wp-content\/uploads\/2023\/08\/liste-deroulante-dependante-a-deux-niveaux-1.gif\" \/>\n<meta name=\"twitter:card\" content=\"summary_large_image\" \/>\n<meta name=\"twitter:label1\" content=\"Tempo estimado de leitura\" \/>\n\t<meta name=\"twitter:data1\" content=\"3 minutos\" \/>\n<script type=\"application\/ld+json\" class=\"yoast-schema-graph\">{\"@context\":\"https:\/\/schema.org\",\"@graph\":[{\"@type\":\"WebPage\",\"@id\":\"https:\/\/exceladvisor.org\/pt\/lista-suspensa-dependente\/\",\"url\":\"https:\/\/exceladvisor.org\/pt\/lista-suspensa-dependente\/\",\"name\":\"\u25b7 Como criar uma lista suspensa dependente no Excel?\",\"isPartOf\":{\"@id\":\"https:\/\/exceladvisor.org\/pt\/#website\"},\"primaryImageOfPage\":{\"@id\":\"https:\/\/exceladvisor.org\/pt\/lista-suspensa-dependente\/#primaryimage\"},\"image\":{\"@id\":\"https:\/\/exceladvisor.org\/pt\/lista-suspensa-dependente\/#primaryimage\"},\"thumbnailUrl\":\"https:\/\/exceladvisor.org\/wp-content\/uploads\/2023\/08\/liste-deroulante-dependante-a-deux-niveaux-1.gif\",\"datePublished\":\"2023-11-08T10:24:09+00:00\",\"dateModified\":\"2023-12-06T11:37:00+00:00\",\"description\":\"Uma lista suspensa dependente \u00e9 muito \u00fatil. Neste artigo, voc\u00ea aprender\u00e1 como criar uma lista suspensa dependente no Excel,\",\"breadcrumb\":{\"@id\":\"https:\/\/exceladvisor.org\/pt\/lista-suspensa-dependente\/#breadcrumb\"},\"inLanguage\":\"pt-PT\",\"potentialAction\":[{\"@type\":\"ReadAction\",\"target\":[\"https:\/\/exceladvisor.org\/pt\/lista-suspensa-dependente\/\"]}]},{\"@type\":\"ImageObject\",\"inLanguage\":\"pt-PT\",\"@id\":\"https:\/\/exceladvisor.org\/pt\/lista-suspensa-dependente\/#primaryimage\",\"url\":\"https:\/\/exceladvisor.org\/wp-content\/uploads\/2023\/08\/liste-deroulante-dependante-a-deux-niveaux-1.gif\",\"contentUrl\":\"https:\/\/exceladvisor.org\/wp-content\/uploads\/2023\/08\/liste-deroulante-dependante-a-deux-niveaux-1.gif\"},{\"@type\":\"BreadcrumbList\",\"@id\":\"https:\/\/exceladvisor.org\/pt\/lista-suspensa-dependente\/#breadcrumb\",\"itemListElement\":[{\"@type\":\"ListItem\",\"position\":1,\"name\":\"Lar\",\"item\":\"https:\/\/exceladvisor.org\/pt\/\"},{\"@type\":\"ListItem\",\"position\":2,\"name\":\"Como criar uma lista suspensa dependente no excel?\"}]},{\"@type\":\"WebSite\",\"@id\":\"https:\/\/exceladvisor.org\/pt\/#website\",\"url\":\"https:\/\/exceladvisor.org\/pt\/\",\"name\":\"Excel Advisor\",\"description\":\"O seu guia definitivo para dominar os dados!\",\"publisher\":{\"@id\":\"https:\/\/exceladvisor.org\/pt\/#organization\"},\"potentialAction\":[{\"@type\":\"SearchAction\",\"target\":{\"@type\":\"EntryPoint\",\"urlTemplate\":\"https:\/\/exceladvisor.org\/pt\/?s={search_term_string}\"},\"query-input\":{\"@type\":\"PropertyValueSpecification\",\"valueRequired\":true,\"valueName\":\"search_term_string\"}}],\"inLanguage\":\"pt-PT\"},{\"@type\":\"Organization\",\"@id\":\"https:\/\/exceladvisor.org\/pt\/#organization\",\"name\":\"Excel Advisor\",\"url\":\"https:\/\/exceladvisor.org\/pt\/\",\"logo\":{\"@type\":\"ImageObject\",\"inLanguage\":\"pt-PT\",\"@id\":\"https:\/\/exceladvisor.org\/pt\/#\/schema\/logo\/image\/\",\"url\":\"https:\/\/exceladvisor.org\/pt\/wp-content\/uploads\/2023\/12\/exceladvisor.org_.png\",\"contentUrl\":\"https:\/\/exceladvisor.org\/pt\/wp-content\/uploads\/2023\/12\/exceladvisor.org_.png\",\"width\":105,\"height\":36,\"caption\":\"Excel Advisor\"},\"image\":{\"@id\":\"https:\/\/exceladvisor.org\/pt\/#\/schema\/logo\/image\/\"}}]}<\/script>\n<!-- \/ Yoast SEO plugin. -->","yoast_head_json":{"title":"\u25b7 Como criar uma lista suspensa dependente no Excel?","description":"Uma lista suspensa dependente \u00e9 muito \u00fatil. Neste artigo, voc\u00ea aprender\u00e1 como criar uma lista suspensa dependente no Excel,","robots":{"index":"index","follow":"follow","max-snippet":"max-snippet:-1","max-image-preview":"max-image-preview:large","max-video-preview":"max-video-preview:-1"},"canonical":"https:\/\/exceladvisor.org\/pt\/lista-suspensa-dependente\/","og_locale":"pt_PT","og_type":"article","og_title":"\u25b7 Como criar uma lista suspensa dependente no Excel?","og_description":"Uma lista suspensa dependente \u00e9 muito \u00fatil. Neste artigo, voc\u00ea aprender\u00e1 como criar uma lista suspensa dependente no Excel,","og_url":"https:\/\/exceladvisor.org\/pt\/lista-suspensa-dependente\/","og_site_name":"Excel Advisor","article_modified_time":"2023-12-06T11:37:00+00:00","og_image":[{"url":"https:\/\/exceladvisor.org\/wp-content\/uploads\/2023\/08\/liste-deroulante-dependante-a-deux-niveaux-1.gif","type":"","width":"","height":""}],"twitter_card":"summary_large_image","twitter_misc":{"Tempo estimado de leitura":"3 minutos"},"schema":{"@context":"https:\/\/schema.org","@graph":[{"@type":"WebPage","@id":"https:\/\/exceladvisor.org\/pt\/lista-suspensa-dependente\/","url":"https:\/\/exceladvisor.org\/pt\/lista-suspensa-dependente\/","name":"\u25b7 Como criar uma lista suspensa dependente no Excel?","isPartOf":{"@id":"https:\/\/exceladvisor.org\/pt\/#website"},"primaryImageOfPage":{"@id":"https:\/\/exceladvisor.org\/pt\/lista-suspensa-dependente\/#primaryimage"},"image":{"@id":"https:\/\/exceladvisor.org\/pt\/lista-suspensa-dependente\/#primaryimage"},"thumbnailUrl":"https:\/\/exceladvisor.org\/wp-content\/uploads\/2023\/08\/liste-deroulante-dependante-a-deux-niveaux-1.gif","datePublished":"2023-11-08T10:24:09+00:00","dateModified":"2023-12-06T11:37:00+00:00","description":"Uma lista suspensa dependente \u00e9 muito \u00fatil. Neste artigo, voc\u00ea aprender\u00e1 como criar uma lista suspensa dependente no Excel,","breadcrumb":{"@id":"https:\/\/exceladvisor.org\/pt\/lista-suspensa-dependente\/#breadcrumb"},"inLanguage":"pt-PT","potentialAction":[{"@type":"ReadAction","target":["https:\/\/exceladvisor.org\/pt\/lista-suspensa-dependente\/"]}]},{"@type":"ImageObject","inLanguage":"pt-PT","@id":"https:\/\/exceladvisor.org\/pt\/lista-suspensa-dependente\/#primaryimage","url":"https:\/\/exceladvisor.org\/wp-content\/uploads\/2023\/08\/liste-deroulante-dependante-a-deux-niveaux-1.gif","contentUrl":"https:\/\/exceladvisor.org\/wp-content\/uploads\/2023\/08\/liste-deroulante-dependante-a-deux-niveaux-1.gif"},{"@type":"BreadcrumbList","@id":"https:\/\/exceladvisor.org\/pt\/lista-suspensa-dependente\/#breadcrumb","itemListElement":[{"@type":"ListItem","position":1,"name":"Lar","item":"https:\/\/exceladvisor.org\/pt\/"},{"@type":"ListItem","position":2,"name":"Como criar uma lista suspensa dependente no excel?"}]},{"@type":"WebSite","@id":"https:\/\/exceladvisor.org\/pt\/#website","url":"https:\/\/exceladvisor.org\/pt\/","name":"Excel Advisor","description":"O seu guia definitivo para dominar os dados!","publisher":{"@id":"https:\/\/exceladvisor.org\/pt\/#organization"},"potentialAction":[{"@type":"SearchAction","target":{"@type":"EntryPoint","urlTemplate":"https:\/\/exceladvisor.org\/pt\/?s={search_term_string}"},"query-input":{"@type":"PropertyValueSpecification","valueRequired":true,"valueName":"search_term_string"}}],"inLanguage":"pt-PT"},{"@type":"Organization","@id":"https:\/\/exceladvisor.org\/pt\/#organization","name":"Excel Advisor","url":"https:\/\/exceladvisor.org\/pt\/","logo":{"@type":"ImageObject","inLanguage":"pt-PT","@id":"https:\/\/exceladvisor.org\/pt\/#\/schema\/logo\/image\/","url":"https:\/\/exceladvisor.org\/pt\/wp-content\/uploads\/2023\/12\/exceladvisor.org_.png","contentUrl":"https:\/\/exceladvisor.org\/pt\/wp-content\/uploads\/2023\/12\/exceladvisor.org_.png","width":105,"height":36,"caption":"Excel Advisor"},"image":{"@id":"https:\/\/exceladvisor.org\/pt\/#\/schema\/logo\/image\/"}}]}},"yoast_meta":{"yoast_wpseo_title":"","yoast_wpseo_metadesc":"","yoast_wpseo_canonical":""},"_links":{"self":[{"href":"https:\/\/exceladvisor.org\/pt\/wp-json\/wp\/v2\/pages\/267","targetHints":{"allow":["GET"]}}],"collection":[{"href":"https:\/\/exceladvisor.org\/pt\/wp-json\/wp\/v2\/pages"}],"about":[{"href":"https:\/\/exceladvisor.org\/pt\/wp-json\/wp\/v2\/types\/page"}],"author":[{"embeddable":true,"href":"https:\/\/exceladvisor.org\/pt\/wp-json\/wp\/v2\/users\/1"}],"replies":[{"embeddable":true,"href":"https:\/\/exceladvisor.org\/pt\/wp-json\/wp\/v2\/comments?post=267"}],"version-history":[{"count":1,"href":"https:\/\/exceladvisor.org\/pt\/wp-json\/wp\/v2\/pages\/267\/revisions"}],"predecessor-version":[{"id":1003,"href":"https:\/\/exceladvisor.org\/pt\/wp-json\/wp\/v2\/pages\/267\/revisions\/1003"}],"wp:attachment":[{"href":"https:\/\/exceladvisor.org\/pt\/wp-json\/wp\/v2\/media?parent=267"}],"curies":[{"name":"wp","href":"https:\/\/api.w.org\/{rel}","templated":true}]}}