{"id":268,"date":"2023-11-08T04:15:58","date_gmt":"2023-11-08T04:15:58","guid":{"rendered":"https:\/\/exceladvisor.org\/pt\/total-acumula-1\/"},"modified":"2023-12-06T11:35:10","modified_gmt":"2023-12-06T11:35:10","slug":"total-acumula-1","status":"publish","type":"page","link":"https:\/\/exceladvisor.org\/pt\/total-acumula-1\/","title":{"rendered":"Como calcular o total acumulado no excel?"},"content":{"rendered":"<div class=\"excel-before-content-2\" id=\"excel-2705191381\"><script type=\"text\/javascript\">\r\n\tatOptions = {\r\n\t\t'key' : 'c1158f160081d6540a8409e6925dab94',\r\n\t\t'format' : 'iframe',\r\n\t\t'height' : 250,\r\n\t\t'width' : 300,\r\n\t\t'params' : {}\r\n\t};\r\n<\/script>\r\n<script type=\"text\/javascript\" src=\"\/\/www.highperformanceformat.com\/c1158f160081d6540a8409e6925dab94\/invoke.js\"><\/script><\/div><div class=\"excel-before-content\" id=\"excel-820679613\"><script type=\"text\/javascript\">\r\n\tatOptions = {\r\n\t\t'key' : 'c1158f160081d6540a8409e6925dab94',\r\n\t\t'format' : 'iframe',\r\n\t\t'height' : 250,\r\n\t\t'width' : 300,\r\n\t\t'params' : {}\r\n\t};\r\n<\/script>\r\n<script type=\"text\/javascript\" src=\"\/\/www.highperformanceformat.com\/c1158f160081d6540a8409e6925dab94\/invoke.js\"><\/script><\/div> <p>No Excel, se quiser criar um total acumulado, voc\u00ea precisar\u00e1 criar uma coluna dedicada. Assim como temos no exemplo abaixo: <\/p><div class=\"wp-block-image\"><figure class=\"aligncenter size-full is-resized\"><img loading=\"lazy\" decoding=\"async\" class=\"wp-image-83690\" src=\"https:\/\/exceladvisor.org\/wp-content\/uploads\/2023\/08\/1-total-cumule.png\" sizes=\"auto, \" srcset=\"\" alt=\"corrida total\" width=\"412\" height=\"383\"><\/figure><\/div><p> Voc\u00ea pode ver na coluna C que temos um total acumulado para cada m\u00eas. Assim, por exemplo, o total acumulado de mar\u00e7o \u00e9 a soma dos meses de janeiro, fevereiro e mar\u00e7o.<\/p><h2 id=\"h-formula-to-create-a-running-total-in-excel\" class=\"wp-block-heading\"> F\u00f3rmula para criar um total acumulado no Excel<\/h2><ol><li> Primeiro, crie uma nova coluna com a coluna de quantidade. <br><img loading=\"lazy\" decoding=\"async\" title=\"2-criar-total atual\" src=\"https:\/\/exceladvisor.org\/wp-content\/uploads\/2023\/08\/2-creer-un-total-cumule.png\" sizes=\"auto, \" srcset=\"\" alt=\"create-running-total\" width=\"452\" height=\"333\"><\/li><li> Depois disso, insira a fun\u00e7\u00e3o soma e consulte o intervalo B2:B2. <br><img loading=\"lazy\" decoding=\"async\" title=\"Fun\u00e7\u00e3o de soma de 3 entradas\" src=\"https:\/\/exceladvisor.org\/wp-content\/uploads\/2023\/08\/3-entrer-la-fonction-somme.png\" sizes=\"auto, \" srcset=\"\" alt=\"enter-sum-function\" width=\"451\" height=\"299\"><\/li><li> Agora, a partir da refer\u00eancia do intervalo, bloqueie a primeira c\u00e9lula usando o cifr\u00e3o. <br><img loading=\"lazy\" decoding=\"async\" title=\"4-bloquear-a-primeira-c\u00e9lula-usando-cifr\u00e3o\" src=\"https:\/\/exceladvisor.org\/wp-content\/uploads\/2023\/08\/4-verrouiller-la-premiere-cellule-en-utilisant-le-signe-dollar.png\" sizes=\"auto, \" srcset=\"\" alt=\"lock-the-first-cell-using-dollar-sign\" width=\"449\" height=\"313\"><\/li><li> Em seguida, arraste a f\u00f3rmula para a \u00faltima c\u00e9lula da coluna. <br><img loading=\"lazy\" decoding=\"async\" title=\"5-arraste a f\u00f3rmula para a \u00faltima c\u00e9lula\" src=\"https:\/\/exceladvisor.org\/wp-content\/uploads\/2023\/08\/5-faites-glisser-la-formule-jusqua-la-derniere-cellule.png\" sizes=\"auto, \" srcset=\"\" alt=\"drag-formula-to-the-last-cell\" width=\"468\" height=\"473\"><\/li><\/ol><p> Ao arrastar esta f\u00f3rmula, a c\u00e9lula inicial do intervalo referenciado permanece B2 e a \u00faltima c\u00e9lula continua avan\u00e7ando com o arrasto. Ent\u00e3o voc\u00ea pode ver no total acumulado de maio que a refer\u00eancia \u00e9 para o intervalo $B$2:B6, mas com dezembro \u00e9 $B$2:B13. <\/p><div class=\"wp-block-image\"><figure class=\"aligncenter size-full is-resized\"><img loading=\"lazy\" decoding=\"async\" class=\"wp-image-83695\" src=\"https:\/\/exceladvisor.org\/wp-content\/uploads\/2023\/08\/6-signe-dollar-verrouille-la-cellule-de-reference-de-depart.png\" sizes=\"auto, \" srcset=\"\" alt=\"o cifr\u00e3o bloqueia a c\u00e9lula de refer\u00eancia inicial\" width=\"570\" height=\"515\"><\/figure><\/div><h2 id=\"h-absolute-cell-running-total\" class=\"wp-block-heading\"> Total cumulativo absoluto de c\u00e9lulas<\/h2><p> Usamos um cifr\u00e3o para bloquear a primeira c\u00e9lula do intervalo, tornando-a uma refer\u00eancia absoluta para a c\u00e9lula B2. E quando voc\u00ea arrasta a f\u00f3rmula, B2 permanece fixo e a c\u00e9lula inferior do intervalo muda constantemente. <\/p><div class=\"wp-block-image\"><figure class=\"aligncenter size-full is-resized\"><img loading=\"lazy\" decoding=\"async\" class=\"wp-image-83696\" src=\"https:\/\/exceladvisor.org\/wp-content\/uploads\/2023\/08\/Total-cumule-de-7-cellules-absolues.png\" sizes=\"auto, \" srcset=\"\" alt=\"total absoluto da c\u00e9lula execut\u00e1vel\" width=\"515\" height=\"360\"><\/figure><\/div><div class=\"gb-container gb-container-52dfcee1 gb-container-sample-file\"><h2 class=\"gb-headline gb-headline-e289c143 gb-headline-text gb-headline-4f7959c2\"> Obtenha o arquivo Excel<\/h2> <a class=\"gb-button gb-button-e88d6bee gb-button-text gb-button-button1\" href=\"https:\/\/exceladvisor.org\/wp-content\/uploads\/2023\/11\/total-cumule-2.xlsx\" rel=\"nofollow\">Download<\/a><\/div><div class=\"gb-container gb-container-0df56012 gb-container-mt\"> <a class=\"gb-button gb-button-f9f432f4 gb-button-text gb-button-mt-button\" href=\"https:\/\/exceladvisor.org\/pt\/formulas\/\">Lista de f\u00f3rmulas do Excel<\/a><h2 class=\"gb-headline gb-headline-233444e8 gb-headline-text gb-headline-mt-heading\"> F\u00f3rmulas relacionadas <\/h2><div class=\"gb-grid-wrapper gb-grid-wrapper-a16fa65c gb-grid-wrapper-mt-grid\"><div class=\"gb-grid-column gb-grid-column-50d07e0d\"><div class=\"gb-container gb-container-50d07e0d\"><ul><li> <a href=\"https:\/\/exceladvisor.org\/pt\/adicione-a-coluna-inteira\/\">Adicione uma coluna ou linha inteira no Excel<\/a><\/li><li> <a href=\"https:\/\/exceladvisor.org\/pt\/adicione-apenas-celulas-visiveis\/\">Soma apenas c\u00e9lulas vis\u00edveis no Excel<\/a><\/li><li> <a href=\"https:\/\/exceladvisor.org\/pt\/adicionar-celulas-aleatorias\/\">Soma de c\u00e9lulas aleat\u00f3rias no Excel<\/a><\/li><li> <a href=\"https:\/\/exceladvisor.org\/pt\/linha-total\/\">Adicione uma linha total no Excel<\/a><\/li><li> <a href=\"https:\/\/exceladvisor.org\/pt\/soma-automatica-1\/\">Use rapidamente o AutoSoma no Excel<\/a> <\/li><\/ul><\/div><\/div><div class=\"gb-grid-column gb-grid-column-5b4a0cf9\"><div class=\"gb-container gb-container-5b4a0cf9\"><\/div><\/div><\/div><\/div>","protected":false},"excerpt":{"rendered":"","protected":false},"author":1,"featured_media":0,"parent":0,"menu_order":0,"comment_status":"open","ping_status":"closed","template":"","meta":{"ub_ctt_via":"","footnotes":""},"class_list":["post-268","page","type-page","status-publish","hentry"],"featured_image_src":null,"yoast_head":"<!-- This site is optimized with the Yoast SEO plugin v25.4 - https:\/\/yoast.com\/wordpress\/plugins\/seo\/ -->\n<title>Como calcular o total acumulado no Excel? (Tutorial 2023)<\/title>\n<meta name=\"description\" content=\"Este tutorial ensinar\u00e1 como escrever uma f\u00f3rmula do Excel para criar um total acumulado de valores. Vamos verificar isso\u2026\" \/>\n<meta name=\"robots\" content=\"index, follow, max-snippet:-1, max-image-preview:large, max-video-preview:-1\" \/>\n<link rel=\"canonical\" href=\"https:\/\/exceladvisor.org\/pt\/total-acumula-1\/\" \/>\n<meta property=\"og:locale\" content=\"pt_PT\" \/>\n<meta property=\"og:type\" content=\"article\" \/>\n<meta property=\"og:title\" content=\"Como calcular o total acumulado no Excel? (Tutorial 2023)\" \/>\n<meta property=\"og:description\" content=\"Este tutorial ensinar\u00e1 como escrever uma f\u00f3rmula do Excel para criar um total acumulado de valores. Vamos verificar isso\u2026\" \/>\n<meta property=\"og:url\" content=\"https:\/\/exceladvisor.org\/pt\/total-acumula-1\/\" \/>\n<meta property=\"og:site_name\" content=\"Excel Advisor\" \/>\n<meta property=\"article:modified_time\" content=\"2023-12-06T11:35:10+00:00\" \/>\n<meta property=\"og:image\" content=\"https:\/\/exceladvisor.org\/wp-content\/uploads\/2023\/08\/1-total-cumule.png\" \/>\n<meta name=\"twitter:card\" content=\"summary_large_image\" \/>\n<meta name=\"twitter:label1\" content=\"Tempo estimado de leitura\" \/>\n\t<meta name=\"twitter:data1\" content=\"1 minuto\" \/>\n<script type=\"application\/ld+json\" class=\"yoast-schema-graph\">{\"@context\":\"https:\/\/schema.org\",\"@graph\":[{\"@type\":\"WebPage\",\"@id\":\"https:\/\/exceladvisor.org\/pt\/total-acumula-1\/\",\"url\":\"https:\/\/exceladvisor.org\/pt\/total-acumula-1\/\",\"name\":\"Como calcular o total acumulado no Excel? (Tutorial 2023)\",\"isPartOf\":{\"@id\":\"https:\/\/exceladvisor.org\/pt\/#website\"},\"primaryImageOfPage\":{\"@id\":\"https:\/\/exceladvisor.org\/pt\/total-acumula-1\/#primaryimage\"},\"image\":{\"@id\":\"https:\/\/exceladvisor.org\/pt\/total-acumula-1\/#primaryimage\"},\"thumbnailUrl\":\"https:\/\/exceladvisor.org\/wp-content\/uploads\/2023\/08\/1-total-cumule.png\",\"datePublished\":\"2023-11-08T04:15:58+00:00\",\"dateModified\":\"2023-12-06T11:35:10+00:00\",\"description\":\"Este tutorial ensinar\u00e1 como escrever uma f\u00f3rmula do Excel para criar um total acumulado de valores. Vamos verificar isso\u2026\",\"breadcrumb\":{\"@id\":\"https:\/\/exceladvisor.org\/pt\/total-acumula-1\/#breadcrumb\"},\"inLanguage\":\"pt-PT\",\"potentialAction\":[{\"@type\":\"ReadAction\",\"target\":[\"https:\/\/exceladvisor.org\/pt\/total-acumula-1\/\"]}]},{\"@type\":\"ImageObject\",\"inLanguage\":\"pt-PT\",\"@id\":\"https:\/\/exceladvisor.org\/pt\/total-acumula-1\/#primaryimage\",\"url\":\"https:\/\/exceladvisor.org\/wp-content\/uploads\/2023\/08\/1-total-cumule.png\",\"contentUrl\":\"https:\/\/exceladvisor.org\/wp-content\/uploads\/2023\/08\/1-total-cumule.png\"},{\"@type\":\"BreadcrumbList\",\"@id\":\"https:\/\/exceladvisor.org\/pt\/total-acumula-1\/#breadcrumb\",\"itemListElement\":[{\"@type\":\"ListItem\",\"position\":1,\"name\":\"Lar\",\"item\":\"https:\/\/exceladvisor.org\/pt\/\"},{\"@type\":\"ListItem\",\"position\":2,\"name\":\"Como calcular o total acumulado no excel?\"}]},{\"@type\":\"WebSite\",\"@id\":\"https:\/\/exceladvisor.org\/pt\/#website\",\"url\":\"https:\/\/exceladvisor.org\/pt\/\",\"name\":\"Excel Advisor\",\"description\":\"O seu guia definitivo para dominar os dados!\",\"publisher\":{\"@id\":\"https:\/\/exceladvisor.org\/pt\/#organization\"},\"potentialAction\":[{\"@type\":\"SearchAction\",\"target\":{\"@type\":\"EntryPoint\",\"urlTemplate\":\"https:\/\/exceladvisor.org\/pt\/?s={search_term_string}\"},\"query-input\":{\"@type\":\"PropertyValueSpecification\",\"valueRequired\":true,\"valueName\":\"search_term_string\"}}],\"inLanguage\":\"pt-PT\"},{\"@type\":\"Organization\",\"@id\":\"https:\/\/exceladvisor.org\/pt\/#organization\",\"name\":\"Excel Advisor\",\"url\":\"https:\/\/exceladvisor.org\/pt\/\",\"logo\":{\"@type\":\"ImageObject\",\"inLanguage\":\"pt-PT\",\"@id\":\"https:\/\/exceladvisor.org\/pt\/#\/schema\/logo\/image\/\",\"url\":\"https:\/\/exceladvisor.org\/pt\/wp-content\/uploads\/2023\/12\/exceladvisor.org_.png\",\"contentUrl\":\"https:\/\/exceladvisor.org\/pt\/wp-content\/uploads\/2023\/12\/exceladvisor.org_.png\",\"width\":105,\"height\":36,\"caption\":\"Excel Advisor\"},\"image\":{\"@id\":\"https:\/\/exceladvisor.org\/pt\/#\/schema\/logo\/image\/\"}}]}<\/script>\n<!-- \/ Yoast SEO plugin. -->","yoast_head_json":{"title":"Como calcular o total acumulado no Excel? (Tutorial 2023)","description":"Este tutorial ensinar\u00e1 como escrever uma f\u00f3rmula do Excel para criar um total acumulado de valores. Vamos verificar isso\u2026","robots":{"index":"index","follow":"follow","max-snippet":"max-snippet:-1","max-image-preview":"max-image-preview:large","max-video-preview":"max-video-preview:-1"},"canonical":"https:\/\/exceladvisor.org\/pt\/total-acumula-1\/","og_locale":"pt_PT","og_type":"article","og_title":"Como calcular o total acumulado no Excel? (Tutorial 2023)","og_description":"Este tutorial ensinar\u00e1 como escrever uma f\u00f3rmula do Excel para criar um total acumulado de valores. Vamos verificar isso\u2026","og_url":"https:\/\/exceladvisor.org\/pt\/total-acumula-1\/","og_site_name":"Excel Advisor","article_modified_time":"2023-12-06T11:35:10+00:00","og_image":[{"url":"https:\/\/exceladvisor.org\/wp-content\/uploads\/2023\/08\/1-total-cumule.png","type":"","width":"","height":""}],"twitter_card":"summary_large_image","twitter_misc":{"Tempo estimado de leitura":"1 minuto"},"schema":{"@context":"https:\/\/schema.org","@graph":[{"@type":"WebPage","@id":"https:\/\/exceladvisor.org\/pt\/total-acumula-1\/","url":"https:\/\/exceladvisor.org\/pt\/total-acumula-1\/","name":"Como calcular o total acumulado no Excel? (Tutorial 2023)","isPartOf":{"@id":"https:\/\/exceladvisor.org\/pt\/#website"},"primaryImageOfPage":{"@id":"https:\/\/exceladvisor.org\/pt\/total-acumula-1\/#primaryimage"},"image":{"@id":"https:\/\/exceladvisor.org\/pt\/total-acumula-1\/#primaryimage"},"thumbnailUrl":"https:\/\/exceladvisor.org\/wp-content\/uploads\/2023\/08\/1-total-cumule.png","datePublished":"2023-11-08T04:15:58+00:00","dateModified":"2023-12-06T11:35:10+00:00","description":"Este tutorial ensinar\u00e1 como escrever uma f\u00f3rmula do Excel para criar um total acumulado de valores. Vamos verificar isso\u2026","breadcrumb":{"@id":"https:\/\/exceladvisor.org\/pt\/total-acumula-1\/#breadcrumb"},"inLanguage":"pt-PT","potentialAction":[{"@type":"ReadAction","target":["https:\/\/exceladvisor.org\/pt\/total-acumula-1\/"]}]},{"@type":"ImageObject","inLanguage":"pt-PT","@id":"https:\/\/exceladvisor.org\/pt\/total-acumula-1\/#primaryimage","url":"https:\/\/exceladvisor.org\/wp-content\/uploads\/2023\/08\/1-total-cumule.png","contentUrl":"https:\/\/exceladvisor.org\/wp-content\/uploads\/2023\/08\/1-total-cumule.png"},{"@type":"BreadcrumbList","@id":"https:\/\/exceladvisor.org\/pt\/total-acumula-1\/#breadcrumb","itemListElement":[{"@type":"ListItem","position":1,"name":"Lar","item":"https:\/\/exceladvisor.org\/pt\/"},{"@type":"ListItem","position":2,"name":"Como calcular o total acumulado no excel?"}]},{"@type":"WebSite","@id":"https:\/\/exceladvisor.org\/pt\/#website","url":"https:\/\/exceladvisor.org\/pt\/","name":"Excel Advisor","description":"O seu guia definitivo para dominar os dados!","publisher":{"@id":"https:\/\/exceladvisor.org\/pt\/#organization"},"potentialAction":[{"@type":"SearchAction","target":{"@type":"EntryPoint","urlTemplate":"https:\/\/exceladvisor.org\/pt\/?s={search_term_string}"},"query-input":{"@type":"PropertyValueSpecification","valueRequired":true,"valueName":"search_term_string"}}],"inLanguage":"pt-PT"},{"@type":"Organization","@id":"https:\/\/exceladvisor.org\/pt\/#organization","name":"Excel Advisor","url":"https:\/\/exceladvisor.org\/pt\/","logo":{"@type":"ImageObject","inLanguage":"pt-PT","@id":"https:\/\/exceladvisor.org\/pt\/#\/schema\/logo\/image\/","url":"https:\/\/exceladvisor.org\/pt\/wp-content\/uploads\/2023\/12\/exceladvisor.org_.png","contentUrl":"https:\/\/exceladvisor.org\/pt\/wp-content\/uploads\/2023\/12\/exceladvisor.org_.png","width":105,"height":36,"caption":"Excel Advisor"},"image":{"@id":"https:\/\/exceladvisor.org\/pt\/#\/schema\/logo\/image\/"}}]}},"yoast_meta":{"yoast_wpseo_title":"","yoast_wpseo_metadesc":"","yoast_wpseo_canonical":""},"_links":{"self":[{"href":"https:\/\/exceladvisor.org\/pt\/wp-json\/wp\/v2\/pages\/268","targetHints":{"allow":["GET"]}}],"collection":[{"href":"https:\/\/exceladvisor.org\/pt\/wp-json\/wp\/v2\/pages"}],"about":[{"href":"https:\/\/exceladvisor.org\/pt\/wp-json\/wp\/v2\/types\/page"}],"author":[{"embeddable":true,"href":"https:\/\/exceladvisor.org\/pt\/wp-json\/wp\/v2\/users\/1"}],"replies":[{"embeddable":true,"href":"https:\/\/exceladvisor.org\/pt\/wp-json\/wp\/v2\/comments?post=268"}],"version-history":[{"count":1,"href":"https:\/\/exceladvisor.org\/pt\/wp-json\/wp\/v2\/pages\/268\/revisions"}],"predecessor-version":[{"id":884,"href":"https:\/\/exceladvisor.org\/pt\/wp-json\/wp\/v2\/pages\/268\/revisions\/884"}],"wp:attachment":[{"href":"https:\/\/exceladvisor.org\/pt\/wp-json\/wp\/v2\/media?parent=268"}],"curies":[{"name":"wp","href":"https:\/\/api.w.org\/{rel}","templated":true}]}}