{"id":269,"date":"2023-11-08T00:26:59","date_gmt":"2023-11-08T00:26:59","guid":{"rendered":"https:\/\/exceladvisor.org\/pt\/alterar-maiusculas-e-minusculas-do-texto\/"},"modified":"2023-12-06T11:34:30","modified_gmt":"2023-12-06T11:34:30","slug":"alterar-maiusculas-e-minusculas-do-texto","status":"publish","type":"page","link":"https:\/\/exceladvisor.org\/pt\/alterar-maiusculas-e-minusculas-do-texto\/","title":{"rendered":"Como alterar mai\u00fasculas e min\u00fasculas no excel?"},"content":{"rendered":"<div class=\"excel-before-content-2\" id=\"excel-2105379166\"><script type=\"text\/javascript\">\r\n\tatOptions = {\r\n\t\t'key' : 'c1158f160081d6540a8409e6925dab94',\r\n\t\t'format' : 'iframe',\r\n\t\t'height' : 250,\r\n\t\t'width' : 300,\r\n\t\t'params' : {}\r\n\t};\r\n<\/script>\r\n<script type=\"text\/javascript\" src=\"\/\/www.highperformanceformat.com\/c1158f160081d6540a8409e6925dab94\/invoke.js\"><\/script><\/div><div class=\"excel-before-content\" id=\"excel-1493921469\"><script type=\"text\/javascript\">\r\n\tatOptions = {\r\n\t\t'key' : 'c1158f160081d6540a8409e6925dab94',\r\n\t\t'format' : 'iframe',\r\n\t\t'height' : 250,\r\n\t\t'width' : 300,\r\n\t\t'params' : {}\r\n\t};\r\n<\/script>\r\n<script type=\"text\/javascript\" src=\"\/\/www.highperformanceformat.com\/c1158f160081d6540a8409e6925dab94\/invoke.js\"><\/script><\/div> <p>No Excel, existem tr\u00eas fun\u00e7\u00f5es principais que voc\u00ea pode usar para alterar a caixa de uma string.<\/p><ul><li> UPPER para alterar a caixa para superior.<\/li><li> LOWER para alterar a caixa para abaixamento.<\/li><li> OWN para alterar o caso em que a primeira letra de cada palavra \u00e9 mai\u00fascula.<\/li><\/ul><p> Neste tutorial, aprenderemos como usar todas essas fun\u00e7\u00f5es para escrever nossas f\u00f3rmulas.<\/p><h2 class=\"wp-block-heading\"> MAI\u00daSCULAS<\/h2><p> No Excel, existe uma fun\u00e7\u00e3o chamada MAI\u00daSCULAS que permite alterar a caixa de uma string para MAI\u00daSCULAS. <\/p><div class=\"wp-block-image\"><figure class=\"aligncenter size-full is-resized\"><img loading=\"lazy\" decoding=\"async\" class=\"wp-image-84417\" src=\"https:\/\/exceladvisor.org\/wp-content\/uploads\/2023\/08\/1-majuscule.png\" sizes=\"auto, \" srcset=\"\" alt=\"letra mai\u00fascula\" width=\"409\" height=\"380\"><\/figure><\/div><p> No exemplo acima, a coluna A cont\u00e9m strings diferentes (valores de texto). E quando voc\u00ea usa UPPER e se refere \u00e0 c\u00e9lula, ele converte esse valor em um texto mai\u00fasculo.<\/p><pre class=\"wp-block-code\"> <code class=\"language-excel-formula\" lang=\"excel-formula\">=UPPER(A1)<\/code><\/pre><h2 class=\"wp-block-heading\"> LETRAS INFERIORES<\/h2><p> Da mesma forma, voc\u00ea tamb\u00e9m tem uma fun\u00e7\u00e3o chamada Lower para converter texto em letras min\u00fasculas. <\/p><div class=\"wp-block-image\"><figure class=\"aligncenter size-full is-resized\"><img loading=\"lazy\" decoding=\"async\" class=\"wp-image-84418\" src=\"https:\/\/exceladvisor.org\/wp-content\/uploads\/2023\/08\/2-minuscules.png\" sizes=\"auto, \" srcset=\"\" alt=\"pequeno\" width=\"391\" height=\"367\"><\/figure><\/div><p> No exemplo acima, quando usamos a fun\u00e7\u00e3o \u201cMin\u00fasculas\u201d e obtemos todos os caracteres do valor do resultado em letras min\u00fasculas. Esta fun\u00e7\u00e3o funciona exatamente de forma oposta \u00e0 fun\u00e7\u00e3o \u201cUpper\u201d que usamos no primeiro exemplo.<\/p><pre class=\"wp-block-code\"> <code class=\"language-excel-formula\" lang=\"excel-formula\">=LOWER(A1)<\/code><\/pre><h2 class=\"wp-block-heading\"> BOM CASO<\/h2><p> E ent\u00e3o temos a fun\u00e7\u00e3o PROPER, que converte o texto para mai\u00fasculas e min\u00fasculas, onde a primeira letra de cada palavra \u00e9 mai\u00fascula e o restante est\u00e1 em min\u00fasculas. <\/p><div class=\"wp-block-image\"><figure class=\"aligncenter size-full is-resized\"><img loading=\"lazy\" decoding=\"async\" class=\"wp-image-84419\" src=\"https:\/\/exceladvisor.org\/wp-content\/uploads\/2023\/08\/3-bon-cas.png\" sizes=\"auto, \" srcset=\"\" alt=\"pr\u00f3prio caso\" width=\"423\" height=\"395\"><\/figure><\/div><pre class=\"wp-block-code\"> <code class=\"language-excel-formula\" lang=\"excel-formula\">=PROPER(A1)<\/code><\/pre><p> Voc\u00ea pode ver no exemplo acima; A primeira letra da palavra \u00e9 mai\u00fascula e as demais min\u00fasculas. E se voc\u00ea tiver duas palavras, funciona da mesma maneira.<\/p><p> E se voc\u00ea quiser que a primeira letra da primeira palavra seja mai\u00fascula e o restante das letras e todas as outras palavras min\u00fasculas, voc\u00ea pode usar a f\u00f3rmula abaixo.<\/p><pre class=\"wp-block-code\"> <code class=\"language-excel-formula\" lang=\"excel-formula\">=UPPER(LEFT(A1,1))&amp;LOWER(RIGHT(A1,LEN(A1)-1))<\/code><\/pre><div class=\"gb-container gb-container-52dfcee1 gb-container-sample-file\"><h2 class=\"gb-headline gb-headline-e289c143 gb-headline-text gb-headline-4f7959c2\"> Obtenha o arquivo Excel<\/h2> <a class=\"gb-button gb-button-e88d6bee gb-button-text gb-button-button1\" href=\"https:\/\/exceladvisor.org\/wp-content\/uploads\/2023\/11\/changer-de-cas.xlsx\" rel=\"nofollow\">Download<\/a><\/div><div class=\"gb-container gb-container-0df56012 gb-container-mt\"> <a class=\"gb-button gb-button-f9f432f4 gb-button-text gb-button-mt-button\" href=\"https:\/\/exceladvisor.org\/pt\/formulas\/\">Lista de f\u00f3rmulas do Excel<\/a><h2 class=\"gb-headline gb-headline-233444e8 gb-headline-text gb-headline-mt-heading\"> F\u00f3rmulas relacionadas <\/h2><div class=\"gb-grid-wrapper gb-grid-wrapper-a16fa65c gb-grid-wrapper-mt-grid\"><div class=\"gb-grid-column gb-grid-column-50d07e0d\"><div class=\"gb-container gb-container-50d07e0d\"><ul><li> <a href=\"https:\/\/exceladvisor.org\/pt\/colocar-a-primeira-letra-em-maiuscula\/\">Coloque a primeira letra em mai\u00fascula no Excel<\/a><\/li><li> <a href=\"https:\/\/exceladvisor.org\/pt\/coluna-para-linha\/\">Alterar coluna para linha (vice-versa) no Excel<\/a><\/li><li> <a href=\"https:\/\/exceladvisor.org\/pt\/caso-de-frase\/\">Mudar para mai\u00fasculas e min\u00fasculas no Excel<\/a><\/li><li> <a href=\"https:\/\/exceladvisor.org\/pt\/retorne-os-primeiros-nomes-virgula-entre\/\">Retorne o nome e o sobrenome e adicione uma v\u00edrgula entre<\/a> <\/li><\/ul><\/div><\/div><div class=\"gb-grid-column gb-grid-column-5b4a0cf9\"><div class=\"gb-container gb-container-5b4a0cf9\"><\/div><\/div><\/div><\/div>","protected":false},"excerpt":{"rendered":"","protected":false},"author":1,"featured_media":0,"parent":0,"menu_order":0,"comment_status":"open","ping_status":"closed","template":"","meta":{"ub_ctt_via":"","footnotes":""},"class_list":["post-269","page","type-page","status-publish","hentry"],"featured_image_src":null,"yoast_head":"<!-- This site is optimized with the Yoast SEO plugin v25.4 - https:\/\/yoast.com\/wordpress\/plugins\/seo\/ -->\n<title>Como alterar mai\u00fasculas e min\u00fasculas no Excel? (Guia 2023)<\/title>\n<meta name=\"description\" content=\"Este tutorial vai te ensinar como escrever v\u00e1rias f\u00f3rmulas do Excel para alterar a caixa do texto usando tr\u00eas fun\u00e7\u00f5es principais.\" \/>\n<meta name=\"robots\" content=\"index, follow, max-snippet:-1, max-image-preview:large, max-video-preview:-1\" \/>\n<link rel=\"canonical\" href=\"https:\/\/exceladvisor.org\/pt\/alterar-maiusculas-e-minusculas-do-texto\/\" \/>\n<meta property=\"og:locale\" content=\"pt_PT\" \/>\n<meta property=\"og:type\" content=\"article\" \/>\n<meta property=\"og:title\" content=\"Como alterar mai\u00fasculas e min\u00fasculas no Excel? (Guia 2023)\" \/>\n<meta property=\"og:description\" content=\"Este tutorial vai te ensinar como escrever v\u00e1rias f\u00f3rmulas do Excel para alterar a caixa do texto usando tr\u00eas fun\u00e7\u00f5es principais.\" \/>\n<meta property=\"og:url\" content=\"https:\/\/exceladvisor.org\/pt\/alterar-maiusculas-e-minusculas-do-texto\/\" \/>\n<meta property=\"og:site_name\" content=\"Excel Advisor\" \/>\n<meta property=\"article:modified_time\" content=\"2023-12-06T11:34:30+00:00\" \/>\n<meta property=\"og:image\" content=\"https:\/\/exceladvisor.org\/wp-content\/uploads\/2023\/08\/1-majuscule.png\" \/>\n<meta name=\"twitter:card\" content=\"summary_large_image\" \/>\n<meta name=\"twitter:label1\" content=\"Tempo estimado de leitura\" \/>\n\t<meta name=\"twitter:data1\" content=\"2 minutos\" \/>\n<script type=\"application\/ld+json\" class=\"yoast-schema-graph\">{\"@context\":\"https:\/\/schema.org\",\"@graph\":[{\"@type\":\"WebPage\",\"@id\":\"https:\/\/exceladvisor.org\/pt\/alterar-maiusculas-e-minusculas-do-texto\/\",\"url\":\"https:\/\/exceladvisor.org\/pt\/alterar-maiusculas-e-minusculas-do-texto\/\",\"name\":\"Como alterar mai\u00fasculas e min\u00fasculas no Excel? (Guia 2023)\",\"isPartOf\":{\"@id\":\"https:\/\/exceladvisor.org\/pt\/#website\"},\"primaryImageOfPage\":{\"@id\":\"https:\/\/exceladvisor.org\/pt\/alterar-maiusculas-e-minusculas-do-texto\/#primaryimage\"},\"image\":{\"@id\":\"https:\/\/exceladvisor.org\/pt\/alterar-maiusculas-e-minusculas-do-texto\/#primaryimage\"},\"thumbnailUrl\":\"https:\/\/exceladvisor.org\/wp-content\/uploads\/2023\/08\/1-majuscule.png\",\"datePublished\":\"2023-11-08T00:26:59+00:00\",\"dateModified\":\"2023-12-06T11:34:30+00:00\",\"description\":\"Este tutorial vai te ensinar como escrever v\u00e1rias f\u00f3rmulas do Excel para alterar a caixa do texto usando tr\u00eas fun\u00e7\u00f5es principais.\",\"breadcrumb\":{\"@id\":\"https:\/\/exceladvisor.org\/pt\/alterar-maiusculas-e-minusculas-do-texto\/#breadcrumb\"},\"inLanguage\":\"pt-PT\",\"potentialAction\":[{\"@type\":\"ReadAction\",\"target\":[\"https:\/\/exceladvisor.org\/pt\/alterar-maiusculas-e-minusculas-do-texto\/\"]}]},{\"@type\":\"ImageObject\",\"inLanguage\":\"pt-PT\",\"@id\":\"https:\/\/exceladvisor.org\/pt\/alterar-maiusculas-e-minusculas-do-texto\/#primaryimage\",\"url\":\"https:\/\/exceladvisor.org\/wp-content\/uploads\/2023\/08\/1-majuscule.png\",\"contentUrl\":\"https:\/\/exceladvisor.org\/wp-content\/uploads\/2023\/08\/1-majuscule.png\"},{\"@type\":\"BreadcrumbList\",\"@id\":\"https:\/\/exceladvisor.org\/pt\/alterar-maiusculas-e-minusculas-do-texto\/#breadcrumb\",\"itemListElement\":[{\"@type\":\"ListItem\",\"position\":1,\"name\":\"Lar\",\"item\":\"https:\/\/exceladvisor.org\/pt\/\"},{\"@type\":\"ListItem\",\"position\":2,\"name\":\"Como alterar mai\u00fasculas e min\u00fasculas no excel?\"}]},{\"@type\":\"WebSite\",\"@id\":\"https:\/\/exceladvisor.org\/pt\/#website\",\"url\":\"https:\/\/exceladvisor.org\/pt\/\",\"name\":\"Excel Advisor\",\"description\":\"O seu guia definitivo para dominar os dados!\",\"publisher\":{\"@id\":\"https:\/\/exceladvisor.org\/pt\/#organization\"},\"potentialAction\":[{\"@type\":\"SearchAction\",\"target\":{\"@type\":\"EntryPoint\",\"urlTemplate\":\"https:\/\/exceladvisor.org\/pt\/?s={search_term_string}\"},\"query-input\":{\"@type\":\"PropertyValueSpecification\",\"valueRequired\":true,\"valueName\":\"search_term_string\"}}],\"inLanguage\":\"pt-PT\"},{\"@type\":\"Organization\",\"@id\":\"https:\/\/exceladvisor.org\/pt\/#organization\",\"name\":\"Excel Advisor\",\"url\":\"https:\/\/exceladvisor.org\/pt\/\",\"logo\":{\"@type\":\"ImageObject\",\"inLanguage\":\"pt-PT\",\"@id\":\"https:\/\/exceladvisor.org\/pt\/#\/schema\/logo\/image\/\",\"url\":\"https:\/\/exceladvisor.org\/pt\/wp-content\/uploads\/2023\/12\/exceladvisor.org_.png\",\"contentUrl\":\"https:\/\/exceladvisor.org\/pt\/wp-content\/uploads\/2023\/12\/exceladvisor.org_.png\",\"width\":105,\"height\":36,\"caption\":\"Excel Advisor\"},\"image\":{\"@id\":\"https:\/\/exceladvisor.org\/pt\/#\/schema\/logo\/image\/\"}}]}<\/script>\n<!-- \/ Yoast SEO plugin. -->","yoast_head_json":{"title":"Como alterar mai\u00fasculas e min\u00fasculas no Excel? (Guia 2023)","description":"Este tutorial vai te ensinar como escrever v\u00e1rias f\u00f3rmulas do Excel para alterar a caixa do texto usando tr\u00eas fun\u00e7\u00f5es principais.","robots":{"index":"index","follow":"follow","max-snippet":"max-snippet:-1","max-image-preview":"max-image-preview:large","max-video-preview":"max-video-preview:-1"},"canonical":"https:\/\/exceladvisor.org\/pt\/alterar-maiusculas-e-minusculas-do-texto\/","og_locale":"pt_PT","og_type":"article","og_title":"Como alterar mai\u00fasculas e min\u00fasculas no Excel? (Guia 2023)","og_description":"Este tutorial vai te ensinar como escrever v\u00e1rias f\u00f3rmulas do Excel para alterar a caixa do texto usando tr\u00eas fun\u00e7\u00f5es principais.","og_url":"https:\/\/exceladvisor.org\/pt\/alterar-maiusculas-e-minusculas-do-texto\/","og_site_name":"Excel Advisor","article_modified_time":"2023-12-06T11:34:30+00:00","og_image":[{"url":"https:\/\/exceladvisor.org\/wp-content\/uploads\/2023\/08\/1-majuscule.png","type":"","width":"","height":""}],"twitter_card":"summary_large_image","twitter_misc":{"Tempo estimado de leitura":"2 minutos"},"schema":{"@context":"https:\/\/schema.org","@graph":[{"@type":"WebPage","@id":"https:\/\/exceladvisor.org\/pt\/alterar-maiusculas-e-minusculas-do-texto\/","url":"https:\/\/exceladvisor.org\/pt\/alterar-maiusculas-e-minusculas-do-texto\/","name":"Como alterar mai\u00fasculas e min\u00fasculas no Excel? (Guia 2023)","isPartOf":{"@id":"https:\/\/exceladvisor.org\/pt\/#website"},"primaryImageOfPage":{"@id":"https:\/\/exceladvisor.org\/pt\/alterar-maiusculas-e-minusculas-do-texto\/#primaryimage"},"image":{"@id":"https:\/\/exceladvisor.org\/pt\/alterar-maiusculas-e-minusculas-do-texto\/#primaryimage"},"thumbnailUrl":"https:\/\/exceladvisor.org\/wp-content\/uploads\/2023\/08\/1-majuscule.png","datePublished":"2023-11-08T00:26:59+00:00","dateModified":"2023-12-06T11:34:30+00:00","description":"Este tutorial vai te ensinar como escrever v\u00e1rias f\u00f3rmulas do Excel para alterar a caixa do texto usando tr\u00eas fun\u00e7\u00f5es principais.","breadcrumb":{"@id":"https:\/\/exceladvisor.org\/pt\/alterar-maiusculas-e-minusculas-do-texto\/#breadcrumb"},"inLanguage":"pt-PT","potentialAction":[{"@type":"ReadAction","target":["https:\/\/exceladvisor.org\/pt\/alterar-maiusculas-e-minusculas-do-texto\/"]}]},{"@type":"ImageObject","inLanguage":"pt-PT","@id":"https:\/\/exceladvisor.org\/pt\/alterar-maiusculas-e-minusculas-do-texto\/#primaryimage","url":"https:\/\/exceladvisor.org\/wp-content\/uploads\/2023\/08\/1-majuscule.png","contentUrl":"https:\/\/exceladvisor.org\/wp-content\/uploads\/2023\/08\/1-majuscule.png"},{"@type":"BreadcrumbList","@id":"https:\/\/exceladvisor.org\/pt\/alterar-maiusculas-e-minusculas-do-texto\/#breadcrumb","itemListElement":[{"@type":"ListItem","position":1,"name":"Lar","item":"https:\/\/exceladvisor.org\/pt\/"},{"@type":"ListItem","position":2,"name":"Como alterar mai\u00fasculas e min\u00fasculas no excel?"}]},{"@type":"WebSite","@id":"https:\/\/exceladvisor.org\/pt\/#website","url":"https:\/\/exceladvisor.org\/pt\/","name":"Excel Advisor","description":"O seu guia definitivo para dominar os dados!","publisher":{"@id":"https:\/\/exceladvisor.org\/pt\/#organization"},"potentialAction":[{"@type":"SearchAction","target":{"@type":"EntryPoint","urlTemplate":"https:\/\/exceladvisor.org\/pt\/?s={search_term_string}"},"query-input":{"@type":"PropertyValueSpecification","valueRequired":true,"valueName":"search_term_string"}}],"inLanguage":"pt-PT"},{"@type":"Organization","@id":"https:\/\/exceladvisor.org\/pt\/#organization","name":"Excel Advisor","url":"https:\/\/exceladvisor.org\/pt\/","logo":{"@type":"ImageObject","inLanguage":"pt-PT","@id":"https:\/\/exceladvisor.org\/pt\/#\/schema\/logo\/image\/","url":"https:\/\/exceladvisor.org\/pt\/wp-content\/uploads\/2023\/12\/exceladvisor.org_.png","contentUrl":"https:\/\/exceladvisor.org\/pt\/wp-content\/uploads\/2023\/12\/exceladvisor.org_.png","width":105,"height":36,"caption":"Excel Advisor"},"image":{"@id":"https:\/\/exceladvisor.org\/pt\/#\/schema\/logo\/image\/"}}]}},"yoast_meta":{"yoast_wpseo_title":"","yoast_wpseo_metadesc":"","yoast_wpseo_canonical":""},"_links":{"self":[{"href":"https:\/\/exceladvisor.org\/pt\/wp-json\/wp\/v2\/pages\/269","targetHints":{"allow":["GET"]}}],"collection":[{"href":"https:\/\/exceladvisor.org\/pt\/wp-json\/wp\/v2\/pages"}],"about":[{"href":"https:\/\/exceladvisor.org\/pt\/wp-json\/wp\/v2\/types\/page"}],"author":[{"embeddable":true,"href":"https:\/\/exceladvisor.org\/pt\/wp-json\/wp\/v2\/users\/1"}],"replies":[{"embeddable":true,"href":"https:\/\/exceladvisor.org\/pt\/wp-json\/wp\/v2\/comments?post=269"}],"version-history":[{"count":1,"href":"https:\/\/exceladvisor.org\/pt\/wp-json\/wp\/v2\/pages\/269\/revisions"}],"predecessor-version":[{"id":831,"href":"https:\/\/exceladvisor.org\/pt\/wp-json\/wp\/v2\/pages\/269\/revisions\/831"}],"wp:attachment":[{"href":"https:\/\/exceladvisor.org\/pt\/wp-json\/wp\/v2\/media?parent=269"}],"curies":[{"name":"wp","href":"https:\/\/api.w.org\/{rel}","templated":true}]}}