{"id":270,"date":"2023-11-07T22:26:40","date_gmt":"2023-11-07T22:26:40","guid":{"rendered":"https:\/\/exceladvisor.org\/pt\/curingas-2\/"},"modified":"2023-12-06T11:50:39","modified_gmt":"2023-12-06T11:50:39","slug":"curingas-2","status":"publish","type":"page","link":"https:\/\/exceladvisor.org\/pt\/curingas-2\/","title":{"rendered":"Curingas do excel \u2013 asterisco*, ponto de interroga\u00e7\u00e3o?"},"content":{"rendered":"<div class=\"excel-before-content-2\" id=\"excel-1364463154\"><script type=\"text\/javascript\">\r\n\tatOptions = {\r\n\t\t'key' : 'c1158f160081d6540a8409e6925dab94',\r\n\t\t'format' : 'iframe',\r\n\t\t'height' : 250,\r\n\t\t'width' : 300,\r\n\t\t'params' : {}\r\n\t};\r\n<\/script>\r\n<script type=\"text\/javascript\" src=\"\/\/www.highperformanceformat.com\/c1158f160081d6540a8409e6925dab94\/invoke.js\"><\/script><\/div><div class=\"excel-before-content\" id=\"excel-1498726359\"><script type=\"text\/javascript\">\r\n\tatOptions = {\r\n\t\t'key' : 'c1158f160081d6540a8409e6925dab94',\r\n\t\t'format' : 'iframe',\r\n\t\t'height' : 250,\r\n\t\t'width' : 300,\r\n\t\t'params' : {}\r\n\t};\r\n<\/script>\r\n<script type=\"text\/javascript\" src=\"\/\/www.highperformanceformat.com\/c1158f160081d6540a8409e6925dab94\/invoke.js\"><\/script><\/div> <p>\u00c0s vezes trabalhar com dados n\u00e3o \u00e9 t\u00e3o f\u00e1cil, \u00e0s vezes enfrentamos problemas complexos.<\/p><div class=\"gb-container gb-container-ab70ac7a\"><p> Suponha que voc\u00ea queira pesquisar o texto \u201cDelhi\u201d nos dados. Mas, nestes dados, voc\u00ea tem a palavra \u201cNova Delhi\u201d e n\u00e3o \u201cDelhi\u201d. Agora, nesta situa\u00e7\u00e3o, voc\u00ea n\u00e3o pode combinar ou pesquisar. Aqui voc\u00ea precisa de uma maneira que permita usar apenas o valor dispon\u00edvel ou valor parcial (Delhi) para corresponder ou pesquisar o valor real (Nova Delhi).<\/p><p> Bem, os curingas do Excel s\u00e3o feitos para isso. Esses curingas permitem pesquisar\/encontrar texto com correspond\u00eancia parcial. No Excel, o maior benef\u00edcio desses caracteres est\u00e1 nas fun\u00e7\u00f5es de pesquisa e texto. Isso oferece mais flexibilidade quando o valor \u00e9 desconhecido ou parcialmente dispon\u00edvel.<\/p><\/div><p> Ent\u00e3o hoje neste artigo gostaria de contar o que s\u00e3o curingas, como utiliz\u00e1-los, seus tipos e exemplos para utiliz\u00e1-los com diferentes fun\u00e7\u00f5es. Vamos come\u00e7ar.<\/p><h2 id=\"tab-con-3\" class=\"wp-block-heading\"> O que s\u00e3o curingas do Excel<\/h2><p> Os curingas do Excel s\u00e3o tipos especiais de caracteres que representam um ou mais caracteres. \u00c9 usado em express\u00f5es regulares, substituindo-as por caracteres desconhecidos. Simplificando, quando n\u00e3o tiver certeza do caractere exato a ser usado, voc\u00ea pode usar um curinga.<\/p><h2 id=\"tab-con-1\" class=\"wp-block-heading\"> Tipos de caracteres curinga do Excel<\/h2><p> No Excel voc\u00ea tem 3 curingas diferentes <strong><span style=\"background-color: #fff44f;\">: Asterisco, Ponto de Interroga\u00e7\u00e3o e Til<\/span><\/strong> . E cada um deles tem seu pr\u00f3prio significado e uso.<\/p><p> A seguir, discutiremos detalhadamente cada um desses personagens para que voc\u00ea possa utiliz\u00e1-los em diferentes situa\u00e7\u00f5es.<\/p><h3 id=\"tab-con-5\" class=\"wp-block-heading\"> 1. Asterisco(*)<\/h3><p> O asterisco \u00e9 um dos curingas mais populares. Ele pode encontrar qualquer n\u00famero de caracteres (em sequ\u00eancia) de um texto. Por exemplo, se voc\u00ea usar Pi*, voc\u00ea receber\u00e1 palavras como Piv\u00f4, Imagem, Piquenique, etc.<\/p><p> Se voc\u00ea notar, todas essas palavras t\u00eam Pi no in\u00edcio e caracteres diferentes depois. Vamos entender como funciona com um exemplo. Abaixo voc\u00ea tem dados onde voc\u00ea tem nomes de cidades e sua classifica\u00e7\u00e3o em uma \u00fanica c\u00e9lula. <\/p><div class=\"wp-block-image\"><figure class=\"aligncenter\"><img decoding=\"async\" src=\"https:\/\/exceladvisor.org\/wp-content\/uploads\/2023\/08\/donnees-de-ville-a-utiliser-avec-des-caracteres-generiques-asterisque-dans-Excel.png\" sizes=\"\" srcset=\"\" alt=\"dados da cidade para usar com curingas asterisco no Excel1\"><\/figure><\/div><p> Agora a partir daqui voc\u00ea precisa contar o n\u00famero de cidades em cada classifica\u00e7\u00e3o. e para isso voc\u00ea pode usar um asterisco com CONT.SE.<\/p><p> =CONT.SE(Cidade,Classifica\u00e7\u00e3o&amp;\u201d*\u201d) <\/p><div class=\"wp-block-image\"><figure class=\"aligncenter\"><img decoding=\"async\" src=\"https:\/\/exceladvisor.org\/wp-content\/uploads\/2023\/08\/formule-a-utiliser-avec-les-caracteres-generiques-asterisque-dans-Excel.png\" sizes=\"\" srcset=\"\" alt=\"f\u00f3rmula para usar com curingas asterisco no Excel\"><\/figure><\/div><p> Nesta f\u00f3rmula, voc\u00ea combinou o texto de classifica\u00e7\u00e3o de c\u00e9lulas com um asterisco. Portanto, a f\u00f3rmula corresponde apenas ao texto de classifica\u00e7\u00e3o na c\u00e9lula e o asterisco funciona como o restante dos caracteres. E no final voc\u00ea obt\u00e9m a contagem das cidades de acordo com a classifica\u00e7\u00e3o.<\/p><h3 class=\"wp-block-heading\"> 2. Ponto de interroga\u00e7\u00e3o<\/h3><p> Com um ponto de interroga\u00e7\u00e3o voc\u00ea pode substituir um \u00fanico caractere em um texto. Simplificando, ajuda voc\u00ea a ser mais preciso, ainda usando correspond\u00eancia parcial. Por exemplo, se voc\u00ea usar c?amps, ele retornar\u00e1 campe\u00f5es e chimpanz\u00e9s dos dados.<\/p><h3 class=\"wp-block-heading\"> 3. Tild\u00e9 (~)<\/h3><p> O verdadeiro uso de um til \u00e9 desfazer o efeito de um curinga. Por exemplo, suponha que voc\u00ea queira encontrar a express\u00e3o exata pivot*. Se voc\u00ea usar pivot* como uma string, voc\u00ea receber\u00e1 qualquer palavra que tenha campos no in\u00edcio (como uma tabela din\u00e2mica ou tabela din\u00e2mica).<\/p><p> Especificamente para a string pivot*, voc\u00ea deve usar ~. Ent\u00e3o seu canal seria pivot~*. Aqui, ~ garante que o Excel leia o pr\u00f3ximo caractere como est\u00e1, n\u00e3o como um curinga.<\/p><h2 id=\"tab-con-2\" class=\"wp-block-heading\"> Curingas com fun\u00e7\u00f5es do Excel<\/h2><p> Podemos usar facilmente os tr\u00eas curingas com todas as <a style=\"outline: none;\" href=\"https:\/\/exceladvisor.org\/pt\/funcoes-do-excel\/\">fun\u00e7\u00f5es principais<\/a> . Fun\u00e7\u00f5es como VLOOKUP, HLOOKUP, SUMIF, SUMIFS, COUNTIF, COUNTIFS, SEARCH, FIND e <a href=\"https:\/\/exceladvisor.org\/pt\/pesquisa-reversa\/\">Reverse LOOKUP<\/a> .<\/p><p> Voc\u00ea pode estender esta lista com quaisquer fun\u00e7\u00f5es usadas para corresponder a um valor, para pesquisas ou para localizar texto. Antes, compartilharei com voc\u00eas alguns exemplos com fun\u00e7\u00f5es + op\u00e7\u00f5es localizar e substituir + formata\u00e7\u00e3o condicional + com n\u00fameros.<\/p><h3 class=\"wp-block-heading\"> 1. Com SOMASE<\/h3><p> Abaixo voc\u00ea tem dados onde tem os n\u00fameros das faturas e seus valores. E precisamos somar os valores onde os n\u00fameros da fatura come\u00e7am com \u201cProduto-A\u201d. <\/p><div class=\"wp-block-image\"><figure class=\"aligncenter\"><img decoding=\"async\" src=\"https:\/\/exceladvisor.org\/wp-content\/uploads\/2023\/08\/donnees-pour-utiliser-des-caracteres-generiques-avec-sumif-excel.png\" sizes=\"\" srcset=\"\" alt=\"dados para usar curingas com sumif excel\"><\/figure><\/div><p> Para fazer isso podemos usar SUMIF com curingas. E a f\u00f3rmula ser\u00e1:<\/p><p> =SOMASE(F2:F11,\u201dProduto-A*\u201d,G2:G11) <\/p><div class=\"wp-block-image\"><figure class=\"aligncenter\"><img decoding=\"async\" src=\"https:\/\/exceladvisor.org\/wp-content\/uploads\/2023\/08\/formule-pour-utiliser-des-caracteres-generiques-avec-sumif-excel.png\" sizes=\"\" srcset=\"\" alt=\"f\u00f3rmula para usar curingas com sumif excel\"><\/figure><\/div><p> No exemplo acima, usamos um asterisco com os crit\u00e9rios no final. Como aprendemos, um asterisco pode encontrar texto parcial com qualquer n\u00famero de caracteres de sequ\u00eancia.<\/p><p> E aqui usamos com \u201cProduto-A\u201d. Portanto, corresponder\u00e1 aos valores onde \u201cProduto-A\u201d est\u00e1 no in\u00edcio do valor.<\/p><h3 id=\"tab-con-7\" class=\"wp-block-heading\"> 2. <a href=\"https:\/\/exceladvisor.org\/pt\/curingas-com-vlookup\/\">Com VOOKUP<\/a><\/h3><p> Digamos que voc\u00ea tenha uma lista de alunos com seus nomes completos e notas. Agora voc\u00ea deseja usar VLOOKUP para obter marcas em outra lista onde voc\u00ea s\u00f3 tem seus primeiros nomes. <\/p><div class=\"wp-block-image\"><figure class=\"aligncenter\"><img decoding=\"async\" src=\"https:\/\/exceladvisor.org\/wp-content\/uploads\/2023\/08\/utilisation-de-caracteres-generiques-Excel-avec-des-donnees-vlookup.png\" sizes=\"\" srcset=\"\" alt=\"\"><\/figure><\/div><p> E para isso a f\u00f3rmula ser\u00e1:<\/p><p> = <a href=\"https:\/\/exceladvisor.org\/pt\/funcoes-de-pesquisa-do-excel\/\" target=\"_blank\" rel=\"noopener\">PROCV<\/a> (nome_nome&amp;\u201d*\u201d,tabela_marcas,2,0) <\/p><div class=\"wp-block-image\"><figure class=\"aligncenter\"><img decoding=\"async\" src=\"https:\/\/exceladvisor.org\/wp-content\/uploads\/2023\/08\/utilisation-de-caracteres-generiques-Excel-avec-la-formule-vlookup.png\" sizes=\"\" srcset=\"\" alt=\"\"><\/figure><\/div><p> No exemplo acima, voc\u00ea usou vlookup com um asterisco para obter marcas usando apenas o primeiro nome.<\/p><h3 id=\"tab-con-8\" class=\"wp-block-heading\"> 3. Para localizar e substituir<\/h3><p> Usar curingas com Localizar e Substituir pode fazer maravilhas pelos seus dados. <\/p><div class=\"wp-block-image\"><figure class=\"aligncenter\"><img decoding=\"async\" src=\"https:\/\/exceladvisor.org\/wp-content\/uploads\/2023\/08\/utiliser-des-caracteres-generiques-Excel-avec-les-options-de-remplacement-de-recherche.gif\" sizes=\"\" srcset=\"\" alt=\"use curingas do Excel com op\u00e7\u00f5es de substitui\u00e7\u00e3o de pesquisa\"><\/figure><\/div><p> No exemplo acima, voc\u00ea tem a palavra \u201cExceladvisor\u201d que possui caracteres diferentes entre si.<\/p><p> E voc\u00ea deseja substituir esses caracteres por um \u00fanico espa\u00e7o. Voc\u00ea at\u00e9 pode fazer isso usando a op\u00e7\u00e3o substituir, mas neste caso voc\u00ea tem que substituir cada caractere um por um. Mas voc\u00ea pode usar um ponto de interroga\u00e7\u00e3o (?) para substituir todos os outros caracteres por um espa\u00e7o.<\/p><p> Encontre \u201cExcel Advisor\u201d e mude para \u201cExcel Advisor\u201d para remover todos os caracteres indesejados.<\/p><h3 id=\"tab-con-9\" class=\"wp-block-heading\"> 4. Na formata\u00e7\u00e3o condicional<\/h3><p> Voc\u00ea tamb\u00e9m pode usar esses curingas com formata\u00e7\u00e3o condicional. Digamos que em uma lista voc\u00ea queira destacar os nomes das cidades que come\u00e7am com a letra A.<\/p><ul><li> Primeiro, selecione a primeira entrada da lista e v\u00e1 para Home \u2192 Styles \u2192 Conditional Formatting.<\/li><li> Agora, clique na op\u00e7\u00e3o \u201cNova Regra\u201d e selecione \u201cUsar uma f\u00f3rmula para determinar quais c\u00e9lulas formatar\u201d.<\/li><li> Na caixa de entrada da f\u00f3rmula, insira =IF(CONT.SE(E2,&#8221;A*&#8221;),TRUE,FALSE).<\/li><li> Defina a formata\u00e7\u00e3o desejada que deseja usar para real\u00e7ar. <\/li><\/ul><div class=\"wp-block-image\"><figure class=\"aligncenter\"><img decoding=\"async\" src=\"https:\/\/exceladvisor.org\/wp-content\/uploads\/2023\/08\/Caracteres-generiques-dans-Excel-8-1.png\" sizes=\"\" srcset=\"\" alt=\"\"><\/figure><\/div><ul><li> Agora usei a formata\u00e7\u00e3o condicional na primeira c\u00e9lula da lista e preciso aplic\u00e1-la em toda a lista.<\/li><li> Selecione a primeira c\u00e9lula na qual voc\u00ea aplicou sua regra de formata\u00e7\u00e3o.<\/li><li> V\u00e1 para In\u00edcio \u2192 \u00c1rea de Transfer\u00eancia \u2192 Pintor de Formatos.<\/li><li> Selecione a lista inteira e todos os nomes que come\u00e7am com a letra A ser\u00e3o destacados. <\/li><\/ul><div class=\"wp-block-image\"><figure class=\"aligncenter\"><img decoding=\"async\" src=\"https:\/\/exceladvisor.org\/wp-content\/uploads\/2023\/08\/Caracteres-generiques-dans-Excel-9-1.png\" sizes=\"\" srcset=\"\" alt=\"\"><\/figure><\/div><h3 id=\"tab-con-10\" class=\"wp-block-heading\"> 5. Filtrar valores<\/h3><p> Os curingas funcionam como m\u00e1gica nos filtros. Digamos que voc\u00ea tenha uma lista de cidades e queira filtrar nomes de cidades come\u00e7ando com A, B, C ou qualquer outra letra. Voc\u00ea pode usar A* ou B* ou C* para isso. <\/p><div class=\"wp-block-image\"><figure class=\"aligncenter\"><img decoding=\"async\" src=\"https:\/\/exceladvisor.org\/wp-content\/uploads\/2023\/08\/utiliser-des-caracteres-generiques-Excel-avec-des-filtres.gif\" sizes=\"\" srcset=\"\" alt=\"use curingas do Excel com filtros\"><\/figure><\/div><p> Isso lhe dar\u00e1 o nome exato das cidades que come\u00e7am com essa letra. E, se quiser pesquisar um caractere que termine com uma letra espec\u00edfica, voc\u00ea pode us\u00e1-lo antes dessa letra (*A, *B,*C, etc.).<\/p><h3 id=\"tab-con-11\" class=\"wp-block-heading\"> 6. Com n\u00fameros<\/h3><p> Voc\u00ea pode usar esses curingas com n\u00fameros, mas dever\u00e1 convert\u00ea-los em texto. <\/p><div class=\"wp-block-image\"><figure class=\"aligncenter\"><img decoding=\"async\" src=\"https:\/\/exceladvisor.org\/wp-content\/uploads\/2023\/08\/utiliser-des-caracteres-generiques-dans-Excel-lorsque-vous-navez-que-des-chiffres.png\" sizes=\"\" srcset=\"\" alt=\"use curingas no Excel quando voc\u00ea tiver apenas n\u00fameros\"><\/figure><\/div><p> No exemplo acima, voc\u00ea usou a fun\u00e7\u00e3o de correspond\u00eancia e a fun\u00e7\u00e3o de texto para realizar uma correspond\u00eancia parcial. A fun\u00e7\u00e3o de texto retorna um array convertendo todo o intervalo em texto e ap\u00f3s esta fun\u00e7\u00e3o de correspond\u00eancia procure um valor que comece em 98.<\/p><h2 id=\"tab-con-4\" class=\"wp-block-heading\"> Arquivo de exemplo<\/h2><p> <a style=\"outline: none;\" href=\"https:\/\/exceladvisor.org\/wp-content\/uploads\/2023\/11\/caracteres-generiques.xlsx\" rel=\"nofollow\">Baixe este arquivo de amostra aqui<\/a> para saber mais.<\/p><h2 id=\"tab-con-12\" class=\"wp-block-heading\"> Conclus\u00e3o<\/h2><p> Com curingas, voc\u00ea pode melhorar o poder das fun\u00e7\u00f5es quando seus dados n\u00e3o est\u00e3o no formato correto.<\/p><p> Esses caracteres ajudam voc\u00ea a encontrar ou combinar um valor usando correspond\u00eancia parcial, o que lhe d\u00e1 o poder de lidar com valores de texto irregulares. E a melhor parte \u00e9 que voc\u00ea tem tr\u00eas personagens diferentes para usar.<\/p><p> <strong>Voc\u00ea j\u00e1 usou esses curingas antes?<\/strong><\/p><p> Compartilhe suas id\u00e9ias comigo na se\u00e7\u00e3o de coment\u00e1rios, eu adoraria ouvir de voc\u00ea. E n\u00e3o esque\u00e7a de compartilhar essa dica com seus amigos.<\/p><div class=\"gb-container gb-container-0df56012 gb-container-mt\"> <a class=\"gb-button gb-button-f9f432f4 gb-button-text gb-button-mt-button\" href=\"https:\/\/exceladvisor.org\/pt\/formulas\/\">Lista de f\u00f3rmulas do Excel<\/a><h2 class=\"gb-headline gb-headline-233444e8 gb-headline-text gb-headline-mt-heading\"> F\u00f3rmulas relacionadas <\/h2><div class=\"gb-grid-wrapper gb-grid-wrapper-a16fa65c gb-grid-wrapper-mt-grid\"><div class=\"gb-grid-column gb-grid-column-50d07e0d\"><div class=\"gb-container gb-container-50d07e0d\"><ul><li> <a href=\"https:\/\/exceladvisor.org\/pt\/referencia-3d\/\">Refer\u00eancia 3D no Excel<\/a><\/li><li> <a href=\"https:\/\/exceladvisor.org\/pt\/ocultar-formula\/\">Ocultar f\u00f3rmula no Excel<\/a><\/li><li> <a href=\"https:\/\/exceladvisor.org\/pt\/r1c1\/\">Estilo de refer\u00eancia R1C1 no Excel<\/a><\/li><\/ul><\/div><\/div><\/div><\/div>","protected":false},"excerpt":{"rendered":"","protected":false},"author":1,"featured_media":0,"parent":0,"menu_order":0,"comment_status":"open","ping_status":"closed","template":"","meta":{"ub_ctt_via":"","footnotes":""},"class_list":["post-270","page","type-page","status-publish","hentry"],"featured_image_src":null,"yoast_head":"<!-- This site is optimized with the Yoast SEO plugin v25.4 - https:\/\/yoast.com\/wordpress\/plugins\/seo\/ -->\n<title>Curingas do Excel - Asterisco*, ponto de interroga\u00e7\u00e3o?<\/title>\n<meta name=\"description\" content=\"Aprenda como usar curingas no Excel para localizar texto com correspond\u00eancia parcial.\" \/>\n<meta name=\"robots\" content=\"index, follow, max-snippet:-1, max-image-preview:large, max-video-preview:-1\" \/>\n<link rel=\"canonical\" href=\"https:\/\/exceladvisor.org\/pt\/curingas-2\/\" \/>\n<meta property=\"og:locale\" content=\"pt_PT\" \/>\n<meta property=\"og:type\" content=\"article\" \/>\n<meta property=\"og:title\" content=\"Curingas do Excel - Asterisco*, ponto de interroga\u00e7\u00e3o?\" \/>\n<meta property=\"og:description\" content=\"Aprenda como usar curingas no Excel para localizar texto com correspond\u00eancia parcial.\" \/>\n<meta property=\"og:url\" content=\"https:\/\/exceladvisor.org\/pt\/curingas-2\/\" \/>\n<meta property=\"og:site_name\" content=\"Excel Advisor\" \/>\n<meta property=\"article:modified_time\" content=\"2023-12-06T11:50:39+00:00\" \/>\n<meta property=\"og:image\" content=\"https:\/\/exceladvisor.org\/wp-content\/uploads\/2023\/08\/donnees-de-ville-a-utiliser-avec-des-caracteres-generiques-asterisque-dans-Excel.png\" \/>\n<meta name=\"twitter:card\" content=\"summary_large_image\" \/>\n<meta name=\"twitter:label1\" content=\"Tempo estimado de leitura\" \/>\n\t<meta name=\"twitter:data1\" content=\"7 minutos\" \/>\n<script type=\"application\/ld+json\" class=\"yoast-schema-graph\">{\"@context\":\"https:\/\/schema.org\",\"@graph\":[{\"@type\":\"WebPage\",\"@id\":\"https:\/\/exceladvisor.org\/pt\/curingas-2\/\",\"url\":\"https:\/\/exceladvisor.org\/pt\/curingas-2\/\",\"name\":\"Curingas do Excel - Asterisco*, ponto de interroga\u00e7\u00e3o?\",\"isPartOf\":{\"@id\":\"https:\/\/exceladvisor.org\/pt\/#website\"},\"primaryImageOfPage\":{\"@id\":\"https:\/\/exceladvisor.org\/pt\/curingas-2\/#primaryimage\"},\"image\":{\"@id\":\"https:\/\/exceladvisor.org\/pt\/curingas-2\/#primaryimage\"},\"thumbnailUrl\":\"https:\/\/exceladvisor.org\/wp-content\/uploads\/2023\/08\/donnees-de-ville-a-utiliser-avec-des-caracteres-generiques-asterisque-dans-Excel.png\",\"datePublished\":\"2023-11-07T22:26:40+00:00\",\"dateModified\":\"2023-12-06T11:50:39+00:00\",\"description\":\"Aprenda como usar curingas no Excel para localizar texto com correspond\u00eancia parcial.\",\"breadcrumb\":{\"@id\":\"https:\/\/exceladvisor.org\/pt\/curingas-2\/#breadcrumb\"},\"inLanguage\":\"pt-PT\",\"potentialAction\":[{\"@type\":\"ReadAction\",\"target\":[\"https:\/\/exceladvisor.org\/pt\/curingas-2\/\"]}]},{\"@type\":\"ImageObject\",\"inLanguage\":\"pt-PT\",\"@id\":\"https:\/\/exceladvisor.org\/pt\/curingas-2\/#primaryimage\",\"url\":\"https:\/\/exceladvisor.org\/wp-content\/uploads\/2023\/08\/donnees-de-ville-a-utiliser-avec-des-caracteres-generiques-asterisque-dans-Excel.png\",\"contentUrl\":\"https:\/\/exceladvisor.org\/wp-content\/uploads\/2023\/08\/donnees-de-ville-a-utiliser-avec-des-caracteres-generiques-asterisque-dans-Excel.png\"},{\"@type\":\"BreadcrumbList\",\"@id\":\"https:\/\/exceladvisor.org\/pt\/curingas-2\/#breadcrumb\",\"itemListElement\":[{\"@type\":\"ListItem\",\"position\":1,\"name\":\"Lar\",\"item\":\"https:\/\/exceladvisor.org\/pt\/\"},{\"@type\":\"ListItem\",\"position\":2,\"name\":\"Curingas do excel \u2013 asterisco*, ponto de interroga\u00e7\u00e3o?\"}]},{\"@type\":\"WebSite\",\"@id\":\"https:\/\/exceladvisor.org\/pt\/#website\",\"url\":\"https:\/\/exceladvisor.org\/pt\/\",\"name\":\"Excel Advisor\",\"description\":\"O seu guia definitivo para dominar os dados!\",\"publisher\":{\"@id\":\"https:\/\/exceladvisor.org\/pt\/#organization\"},\"potentialAction\":[{\"@type\":\"SearchAction\",\"target\":{\"@type\":\"EntryPoint\",\"urlTemplate\":\"https:\/\/exceladvisor.org\/pt\/?s={search_term_string}\"},\"query-input\":{\"@type\":\"PropertyValueSpecification\",\"valueRequired\":true,\"valueName\":\"search_term_string\"}}],\"inLanguage\":\"pt-PT\"},{\"@type\":\"Organization\",\"@id\":\"https:\/\/exceladvisor.org\/pt\/#organization\",\"name\":\"Excel Advisor\",\"url\":\"https:\/\/exceladvisor.org\/pt\/\",\"logo\":{\"@type\":\"ImageObject\",\"inLanguage\":\"pt-PT\",\"@id\":\"https:\/\/exceladvisor.org\/pt\/#\/schema\/logo\/image\/\",\"url\":\"https:\/\/exceladvisor.org\/pt\/wp-content\/uploads\/2023\/12\/exceladvisor.org_.png\",\"contentUrl\":\"https:\/\/exceladvisor.org\/pt\/wp-content\/uploads\/2023\/12\/exceladvisor.org_.png\",\"width\":105,\"height\":36,\"caption\":\"Excel Advisor\"},\"image\":{\"@id\":\"https:\/\/exceladvisor.org\/pt\/#\/schema\/logo\/image\/\"}}]}<\/script>\n<!-- \/ Yoast SEO plugin. -->","yoast_head_json":{"title":"Curingas do Excel - Asterisco*, ponto de interroga\u00e7\u00e3o?","description":"Aprenda como usar curingas no Excel para localizar texto com correspond\u00eancia parcial.","robots":{"index":"index","follow":"follow","max-snippet":"max-snippet:-1","max-image-preview":"max-image-preview:large","max-video-preview":"max-video-preview:-1"},"canonical":"https:\/\/exceladvisor.org\/pt\/curingas-2\/","og_locale":"pt_PT","og_type":"article","og_title":"Curingas do Excel - Asterisco*, ponto de interroga\u00e7\u00e3o?","og_description":"Aprenda como usar curingas no Excel para localizar texto com correspond\u00eancia parcial.","og_url":"https:\/\/exceladvisor.org\/pt\/curingas-2\/","og_site_name":"Excel Advisor","article_modified_time":"2023-12-06T11:50:39+00:00","og_image":[{"url":"https:\/\/exceladvisor.org\/wp-content\/uploads\/2023\/08\/donnees-de-ville-a-utiliser-avec-des-caracteres-generiques-asterisque-dans-Excel.png","type":"","width":"","height":""}],"twitter_card":"summary_large_image","twitter_misc":{"Tempo estimado de leitura":"7 minutos"},"schema":{"@context":"https:\/\/schema.org","@graph":[{"@type":"WebPage","@id":"https:\/\/exceladvisor.org\/pt\/curingas-2\/","url":"https:\/\/exceladvisor.org\/pt\/curingas-2\/","name":"Curingas do Excel - Asterisco*, ponto de interroga\u00e7\u00e3o?","isPartOf":{"@id":"https:\/\/exceladvisor.org\/pt\/#website"},"primaryImageOfPage":{"@id":"https:\/\/exceladvisor.org\/pt\/curingas-2\/#primaryimage"},"image":{"@id":"https:\/\/exceladvisor.org\/pt\/curingas-2\/#primaryimage"},"thumbnailUrl":"https:\/\/exceladvisor.org\/wp-content\/uploads\/2023\/08\/donnees-de-ville-a-utiliser-avec-des-caracteres-generiques-asterisque-dans-Excel.png","datePublished":"2023-11-07T22:26:40+00:00","dateModified":"2023-12-06T11:50:39+00:00","description":"Aprenda como usar curingas no Excel para localizar texto com correspond\u00eancia parcial.","breadcrumb":{"@id":"https:\/\/exceladvisor.org\/pt\/curingas-2\/#breadcrumb"},"inLanguage":"pt-PT","potentialAction":[{"@type":"ReadAction","target":["https:\/\/exceladvisor.org\/pt\/curingas-2\/"]}]},{"@type":"ImageObject","inLanguage":"pt-PT","@id":"https:\/\/exceladvisor.org\/pt\/curingas-2\/#primaryimage","url":"https:\/\/exceladvisor.org\/wp-content\/uploads\/2023\/08\/donnees-de-ville-a-utiliser-avec-des-caracteres-generiques-asterisque-dans-Excel.png","contentUrl":"https:\/\/exceladvisor.org\/wp-content\/uploads\/2023\/08\/donnees-de-ville-a-utiliser-avec-des-caracteres-generiques-asterisque-dans-Excel.png"},{"@type":"BreadcrumbList","@id":"https:\/\/exceladvisor.org\/pt\/curingas-2\/#breadcrumb","itemListElement":[{"@type":"ListItem","position":1,"name":"Lar","item":"https:\/\/exceladvisor.org\/pt\/"},{"@type":"ListItem","position":2,"name":"Curingas do excel \u2013 asterisco*, ponto de interroga\u00e7\u00e3o?"}]},{"@type":"WebSite","@id":"https:\/\/exceladvisor.org\/pt\/#website","url":"https:\/\/exceladvisor.org\/pt\/","name":"Excel Advisor","description":"O seu guia definitivo para dominar os dados!","publisher":{"@id":"https:\/\/exceladvisor.org\/pt\/#organization"},"potentialAction":[{"@type":"SearchAction","target":{"@type":"EntryPoint","urlTemplate":"https:\/\/exceladvisor.org\/pt\/?s={search_term_string}"},"query-input":{"@type":"PropertyValueSpecification","valueRequired":true,"valueName":"search_term_string"}}],"inLanguage":"pt-PT"},{"@type":"Organization","@id":"https:\/\/exceladvisor.org\/pt\/#organization","name":"Excel Advisor","url":"https:\/\/exceladvisor.org\/pt\/","logo":{"@type":"ImageObject","inLanguage":"pt-PT","@id":"https:\/\/exceladvisor.org\/pt\/#\/schema\/logo\/image\/","url":"https:\/\/exceladvisor.org\/pt\/wp-content\/uploads\/2023\/12\/exceladvisor.org_.png","contentUrl":"https:\/\/exceladvisor.org\/pt\/wp-content\/uploads\/2023\/12\/exceladvisor.org_.png","width":105,"height":36,"caption":"Excel Advisor"},"image":{"@id":"https:\/\/exceladvisor.org\/pt\/#\/schema\/logo\/image\/"}}]}},"yoast_meta":{"yoast_wpseo_title":"","yoast_wpseo_metadesc":"","yoast_wpseo_canonical":""},"_links":{"self":[{"href":"https:\/\/exceladvisor.org\/pt\/wp-json\/wp\/v2\/pages\/270","targetHints":{"allow":["GET"]}}],"collection":[{"href":"https:\/\/exceladvisor.org\/pt\/wp-json\/wp\/v2\/pages"}],"about":[{"href":"https:\/\/exceladvisor.org\/pt\/wp-json\/wp\/v2\/types\/page"}],"author":[{"embeddable":true,"href":"https:\/\/exceladvisor.org\/pt\/wp-json\/wp\/v2\/users\/1"}],"replies":[{"embeddable":true,"href":"https:\/\/exceladvisor.org\/pt\/wp-json\/wp\/v2\/comments?post=270"}],"version-history":[{"count":1,"href":"https:\/\/exceladvisor.org\/pt\/wp-json\/wp\/v2\/pages\/270\/revisions"}],"predecessor-version":[{"id":1409,"href":"https:\/\/exceladvisor.org\/pt\/wp-json\/wp\/v2\/pages\/270\/revisions\/1409"}],"wp:attachment":[{"href":"https:\/\/exceladvisor.org\/pt\/wp-json\/wp\/v2\/media?parent=270"}],"curies":[{"name":"wp","href":"https:\/\/api.w.org\/{rel}","templated":true}]}}