{"id":272,"date":"2023-11-07T21:54:41","date_gmt":"2023-11-07T21:54:41","guid":{"rendered":"https:\/\/exceladvisor.org\/pt\/certo-errado\/"},"modified":"2023-12-06T11:51:36","modified_gmt":"2023-12-06T11:51:36","slug":"certo-errado","status":"publish","type":"page","link":"https:\/\/exceladvisor.org\/pt\/certo-errado\/","title":{"rendered":"True e false no excel (valores booleanos)"},"content":{"rendered":"<div class=\"excel-before-content-2\" id=\"excel-967176089\"><script type=\"text\/javascript\">\r\n\tatOptions = {\r\n\t\t'key' : 'c1158f160081d6540a8409e6925dab94',\r\n\t\t'format' : 'iframe',\r\n\t\t'height' : 250,\r\n\t\t'width' : 300,\r\n\t\t'params' : {}\r\n\t};\r\n<\/script>\r\n<script type=\"text\/javascript\" src=\"\/\/www.highperformanceformat.com\/c1158f160081d6540a8409e6925dab94\/invoke.js\"><\/script><\/div><div class=\"excel-before-content\" id=\"excel-2558279390\"><script type=\"text\/javascript\">\r\n\tatOptions = {\r\n\t\t'key' : 'c1158f160081d6540a8409e6925dab94',\r\n\t\t'format' : 'iframe',\r\n\t\t'height' : 250,\r\n\t\t'width' : 300,\r\n\t\t'params' : {}\r\n\t};\r\n<\/script>\r\n<script type=\"text\/javascript\" src=\"\/\/www.highperformanceformat.com\/c1158f160081d6540a8409e6925dab94\/invoke.js\"><\/script><\/div> <p>TRUE e FALSE s\u00e3o valores booleanos. Ambos os valores representam o resultado de uma condi\u00e7\u00e3o. Por exemplo, 1 = 1 \u00e9 VERDADEIRO e 1 = 2 \u00e9 FALSO. Em ambos os casos temos um valor booleano que ajuda a entender o resultado. Estes tamb\u00e9m s\u00e3o chamados de valores de verdade.<\/p><p> No Excel, existem duas maneiras de usar esses valores booleanos.<\/p><ul><li> Voc\u00ea os insere em uma c\u00e9lula.<\/li><li> Voc\u00ea os recupera de acordo.<\/li><\/ul><p> Na maioria dos casos (ao trabalhar no Excel), voc\u00ea n\u00e3o precisa inseri-los manualmente em uma c\u00e9lula. E h\u00e1 v\u00e1rias outras maneiras que voc\u00ea pode usar para obter VERDADEIRO e FALSO em uma c\u00e9lula de acordo.<\/p><p class=\"qt-tip\"> <strong>Nota:<\/strong> VERDADEIRO e FALSO s\u00e3o equivalentes a 1 e 0, respectivamente.<\/p><h2 class=\"wp-block-heading\"> Use as fun\u00e7\u00f5es VERDADEIRO e FALSO<\/h2><p> Voc\u00ea tem duas fun\u00e7\u00f5es espec\u00edficas no Excel, TRUE e FALSE, para obter os dois valores booleanos. <\/p><div class=\"wp-block-image\"><figure class=\"aligncenter size-full is-resized\"><img loading=\"lazy\" decoding=\"async\" class=\"wp-image-89018\" src=\"https:\/\/exceladvisor.org\/wp-content\/uploads\/2023\/08\/1-vrai-ou-faux-dans-excel.png\" sizes=\"auto, \" srcset=\"\" alt=\"verdadeiro ou falso no Excel\" width=\"378\" height=\"256\"><\/figure><\/div><p> Nessas fun\u00e7\u00f5es, voc\u00ea n\u00e3o precisa especificar nenhum argumento na fun\u00e7\u00e3o.<\/p><pre class=\"wp-block-preformatted\"> =TRUE()\n=FALSE()<\/pre><h2 class=\"wp-block-heading\"> Obtenha o resultado testando sob condi\u00e7\u00e3o<\/h2><p> Quando voc\u00ea testa uma condi\u00e7\u00e3o, o resultado \u00e9 sempre TURE ou FALSE. E s\u00e3o nessas situa\u00e7\u00f5es que voc\u00ea lida muito com VERDADEIRO e FALSO no Excel.<\/p><p> Se voc\u00ea testar 1 = 1, sua f\u00f3rmula retornar\u00e1 VERDADEIRO. <\/p><div class=\"wp-block-image\"><figure class=\"aligncenter size-full is-resized\"><img loading=\"lazy\" decoding=\"async\" class=\"wp-image-89019\" src=\"https:\/\/exceladvisor.org\/wp-content\/uploads\/2023\/08\/2-formule-renvoie-vrai.png\" sizes=\"auto, \" srcset=\"\" alt=\"f\u00f3rmula-retorna-verdadeiro\" width=\"427\" height=\"239\"><\/figure><\/div><p> Mas se voc\u00ea testar 1=2, sua f\u00f3rmula retornar\u00e1 FALSO. <\/p><div class=\"wp-block-image\"><figure class=\"aligncenter size-full is-resized\"><img loading=\"lazy\" decoding=\"async\" class=\"wp-image-89020\" src=\"https:\/\/exceladvisor.org\/wp-content\/uploads\/2023\/08\/3-formule-renvoie-faux.png\" sizes=\"auto, \" srcset=\"\" alt=\"f\u00f3rmula-retorna-falso\" width=\"423\" height=\"201\"><\/figure><\/div><p> VERDADEIRO e FALSO s\u00e3o as bases para expressar o resultado de uma condi\u00e7\u00e3o no Excel. Embora a fun\u00e7\u00e3o SE no Excel tamb\u00e9m funcione com VERDADEIRO e FALSO. <\/p><div class=\"wp-block-image\"><figure class=\"aligncenter size-full is-resized\"><img loading=\"lazy\" decoding=\"async\" class=\"wp-image-89021\" src=\"https:\/\/exceladvisor.org\/wp-content\/uploads\/2023\/08\/4-vrai-et-faux-expriment-le-resultat-de-la-condition.png\" sizes=\"auto, \" srcset=\"\" alt=\"verdadeiro-e-falso-expressa-o-resultado-da-condi\u00e7\u00e3o\" width=\"266\" height=\"128\"><\/figure><\/div><p> Todo o trabalho da fun\u00e7\u00e3o SE \u00e9 baseado nos valores VERDADEIRO e FALSO.<\/p><h2 class=\"wp-block-heading\"> Usando operadores l\u00f3gicos<\/h2><p> No Excel, voc\u00ea possui operadores l\u00f3gicos que ajudam a obter as condi\u00e7\u00f5es de teste. Esses operadores l\u00f3gicos tamb\u00e9m retornam resultados em valores TRUE e FALSE.<\/p><ul><li> Maior que &lt;<\/li><li> Menos que &gt;<\/li><li> <a href=\"https:\/\/exceladvisor.org\/pt\/nao-e-igual\/\">N\u00e3o \u00e9 igual<\/a> &lt;&gt; <\/li><\/ul><div class=\"wp-block-image\"><figure class=\"aligncenter size-full is-resized\"><img loading=\"lazy\" decoding=\"async\" class=\"wp-image-89022\" src=\"https:\/\/exceladvisor.org\/wp-content\/uploads\/2023\/08\/5-utiliser-des-operations-logiques.png\" sizes=\"auto, \" srcset=\"\" alt=\"usar opera\u00e7\u00f5es l\u00f3gicas\" width=\"530\" height=\"306\"><\/figure><\/div><p> Mesmo testando os valores de teste entre si obtemos o resultado VERDADEIRO ou FALSO.<\/p><h2 class=\"wp-block-heading\"> Convers\u00e3o de TRUE-FALSE para 1-0<\/h2><p> Existem duas maneiras de converter valores booleanos em 0 e 1.<\/p><ul><li> Fun\u00e7\u00e3o N<\/li><li> Sinal de menos duplo <\/li><\/ul><div class=\"wp-block-image\"><figure class=\"aligncenter size-full is-resized\"><img loading=\"lazy\" decoding=\"async\" class=\"wp-image-89023\" src=\"https:\/\/exceladvisor.org\/wp-content\/uploads\/2023\/08\/6-convertir-vrai-faux.png\" sizes=\"auto, \" srcset=\"\" alt=\"converter-verdadeiro-falso\" width=\"732\" height=\"160\"><\/figure><\/div><p> No exemplo acima, usamos primeiro a fun\u00e7\u00e3o N, depois o sinal de menos duplo (-) e ambos convertemos VERDADEIRO e FALSO em 1 e 0.<\/p><p> Dos dois m\u00e9todos, h\u00e1 poucos benef\u00edcios em usar um sinal de menos duplo. Por exemplo, se quiser contar c\u00e9lulas com TRUE, voc\u00ea pode us\u00e1-lo com SUM. <\/p><div class=\"wp-block-image\"><figure class=\"aligncenter size-full is-resized\"><img loading=\"lazy\" decoding=\"async\" class=\"wp-image-89024\" src=\"https:\/\/exceladvisor.org\/wp-content\/uploads\/2023\/08\/7-converti-vrai-et-faux-en-1-et-0.png\" sizes=\"auto, \" srcset=\"\" alt=\"convertido-verdadeiro-e-falso-para-1-e-0\" width=\"448\" height=\"321\"><\/figure><\/div><figure class=\"wp-block-embed\"><div class=\"wp-block-embed__wrapper\"> &gt; <a href=\"https:\/\/exceladvisor.org\/wp-content\/uploads\/2023\/11\/FAUX.xlsx\"><strong>Baixe o arquivo de amostra<\/strong><\/a><\/div><\/figure>","protected":false},"excerpt":{"rendered":"","protected":false},"author":1,"featured_media":0,"parent":0,"menu_order":0,"comment_status":"open","ping_status":"closed","template":"","meta":{"ub_ctt_via":"","footnotes":""},"class_list":["post-272","page","type-page","status-publish","hentry"],"featured_image_src":null,"yoast_head":"<!-- This site is optimized with the Yoast SEO plugin v25.4 - https:\/\/yoast.com\/wordpress\/plugins\/seo\/ -->\n<title>\u25b7 TRUE e FALSE no Excel (valores booleanos)<\/title>\n<meta name=\"description\" content=\"No Excel, TRUE e FALSE s\u00e3o valores booleanos. Ambos os valores representam o resultado de uma condi\u00e7\u00e3o. Por exemplo...\" \/>\n<meta name=\"robots\" content=\"index, follow, max-snippet:-1, max-image-preview:large, max-video-preview:-1\" \/>\n<link rel=\"canonical\" href=\"https:\/\/exceladvisor.org\/pt\/certo-errado\/\" \/>\n<meta property=\"og:locale\" content=\"pt_PT\" \/>\n<meta property=\"og:type\" content=\"article\" \/>\n<meta property=\"og:title\" content=\"\u25b7 TRUE e FALSE no Excel (valores booleanos)\" \/>\n<meta property=\"og:description\" content=\"No Excel, TRUE e FALSE s\u00e3o valores booleanos. Ambos os valores representam o resultado de uma condi\u00e7\u00e3o. Por exemplo...\" \/>\n<meta property=\"og:url\" content=\"https:\/\/exceladvisor.org\/pt\/certo-errado\/\" \/>\n<meta property=\"og:site_name\" content=\"Excel Advisor\" \/>\n<meta property=\"article:modified_time\" content=\"2023-12-06T11:51:36+00:00\" \/>\n<meta property=\"og:image\" content=\"https:\/\/exceladvisor.org\/wp-content\/uploads\/2023\/08\/1-vrai-ou-faux-dans-excel.png\" \/>\n<meta name=\"twitter:card\" content=\"summary_large_image\" \/>\n<meta name=\"twitter:label1\" content=\"Tempo estimado de leitura\" \/>\n\t<meta name=\"twitter:data1\" content=\"2 minutos\" \/>\n<script type=\"application\/ld+json\" class=\"yoast-schema-graph\">{\"@context\":\"https:\/\/schema.org\",\"@graph\":[{\"@type\":\"WebPage\",\"@id\":\"https:\/\/exceladvisor.org\/pt\/certo-errado\/\",\"url\":\"https:\/\/exceladvisor.org\/pt\/certo-errado\/\",\"name\":\"\u25b7 TRUE e FALSE no Excel (valores booleanos)\",\"isPartOf\":{\"@id\":\"https:\/\/exceladvisor.org\/pt\/#website\"},\"primaryImageOfPage\":{\"@id\":\"https:\/\/exceladvisor.org\/pt\/certo-errado\/#primaryimage\"},\"image\":{\"@id\":\"https:\/\/exceladvisor.org\/pt\/certo-errado\/#primaryimage\"},\"thumbnailUrl\":\"https:\/\/exceladvisor.org\/wp-content\/uploads\/2023\/08\/1-vrai-ou-faux-dans-excel.png\",\"datePublished\":\"2023-11-07T21:54:41+00:00\",\"dateModified\":\"2023-12-06T11:51:36+00:00\",\"description\":\"No Excel, TRUE e FALSE s\u00e3o valores booleanos. Ambos os valores representam o resultado de uma condi\u00e7\u00e3o. Por exemplo...\",\"breadcrumb\":{\"@id\":\"https:\/\/exceladvisor.org\/pt\/certo-errado\/#breadcrumb\"},\"inLanguage\":\"pt-PT\",\"potentialAction\":[{\"@type\":\"ReadAction\",\"target\":[\"https:\/\/exceladvisor.org\/pt\/certo-errado\/\"]}]},{\"@type\":\"ImageObject\",\"inLanguage\":\"pt-PT\",\"@id\":\"https:\/\/exceladvisor.org\/pt\/certo-errado\/#primaryimage\",\"url\":\"https:\/\/exceladvisor.org\/wp-content\/uploads\/2023\/08\/1-vrai-ou-faux-dans-excel.png\",\"contentUrl\":\"https:\/\/exceladvisor.org\/wp-content\/uploads\/2023\/08\/1-vrai-ou-faux-dans-excel.png\"},{\"@type\":\"BreadcrumbList\",\"@id\":\"https:\/\/exceladvisor.org\/pt\/certo-errado\/#breadcrumb\",\"itemListElement\":[{\"@type\":\"ListItem\",\"position\":1,\"name\":\"Lar\",\"item\":\"https:\/\/exceladvisor.org\/pt\/\"},{\"@type\":\"ListItem\",\"position\":2,\"name\":\"True e false no excel (valores booleanos)\"}]},{\"@type\":\"WebSite\",\"@id\":\"https:\/\/exceladvisor.org\/pt\/#website\",\"url\":\"https:\/\/exceladvisor.org\/pt\/\",\"name\":\"Excel Advisor\",\"description\":\"O seu guia definitivo para dominar os dados!\",\"publisher\":{\"@id\":\"https:\/\/exceladvisor.org\/pt\/#organization\"},\"potentialAction\":[{\"@type\":\"SearchAction\",\"target\":{\"@type\":\"EntryPoint\",\"urlTemplate\":\"https:\/\/exceladvisor.org\/pt\/?s={search_term_string}\"},\"query-input\":{\"@type\":\"PropertyValueSpecification\",\"valueRequired\":true,\"valueName\":\"search_term_string\"}}],\"inLanguage\":\"pt-PT\"},{\"@type\":\"Organization\",\"@id\":\"https:\/\/exceladvisor.org\/pt\/#organization\",\"name\":\"Excel Advisor\",\"url\":\"https:\/\/exceladvisor.org\/pt\/\",\"logo\":{\"@type\":\"ImageObject\",\"inLanguage\":\"pt-PT\",\"@id\":\"https:\/\/exceladvisor.org\/pt\/#\/schema\/logo\/image\/\",\"url\":\"https:\/\/exceladvisor.org\/pt\/wp-content\/uploads\/2023\/12\/exceladvisor.org_.png\",\"contentUrl\":\"https:\/\/exceladvisor.org\/pt\/wp-content\/uploads\/2023\/12\/exceladvisor.org_.png\",\"width\":105,\"height\":36,\"caption\":\"Excel Advisor\"},\"image\":{\"@id\":\"https:\/\/exceladvisor.org\/pt\/#\/schema\/logo\/image\/\"}}]}<\/script>\n<!-- \/ Yoast SEO plugin. -->","yoast_head_json":{"title":"\u25b7 TRUE e FALSE no Excel (valores booleanos)","description":"No Excel, TRUE e FALSE s\u00e3o valores booleanos. Ambos os valores representam o resultado de uma condi\u00e7\u00e3o. Por exemplo...","robots":{"index":"index","follow":"follow","max-snippet":"max-snippet:-1","max-image-preview":"max-image-preview:large","max-video-preview":"max-video-preview:-1"},"canonical":"https:\/\/exceladvisor.org\/pt\/certo-errado\/","og_locale":"pt_PT","og_type":"article","og_title":"\u25b7 TRUE e FALSE no Excel (valores booleanos)","og_description":"No Excel, TRUE e FALSE s\u00e3o valores booleanos. Ambos os valores representam o resultado de uma condi\u00e7\u00e3o. Por exemplo...","og_url":"https:\/\/exceladvisor.org\/pt\/certo-errado\/","og_site_name":"Excel Advisor","article_modified_time":"2023-12-06T11:51:36+00:00","og_image":[{"url":"https:\/\/exceladvisor.org\/wp-content\/uploads\/2023\/08\/1-vrai-ou-faux-dans-excel.png","type":"","width":"","height":""}],"twitter_card":"summary_large_image","twitter_misc":{"Tempo estimado de leitura":"2 minutos"},"schema":{"@context":"https:\/\/schema.org","@graph":[{"@type":"WebPage","@id":"https:\/\/exceladvisor.org\/pt\/certo-errado\/","url":"https:\/\/exceladvisor.org\/pt\/certo-errado\/","name":"\u25b7 TRUE e FALSE no Excel (valores booleanos)","isPartOf":{"@id":"https:\/\/exceladvisor.org\/pt\/#website"},"primaryImageOfPage":{"@id":"https:\/\/exceladvisor.org\/pt\/certo-errado\/#primaryimage"},"image":{"@id":"https:\/\/exceladvisor.org\/pt\/certo-errado\/#primaryimage"},"thumbnailUrl":"https:\/\/exceladvisor.org\/wp-content\/uploads\/2023\/08\/1-vrai-ou-faux-dans-excel.png","datePublished":"2023-11-07T21:54:41+00:00","dateModified":"2023-12-06T11:51:36+00:00","description":"No Excel, TRUE e FALSE s\u00e3o valores booleanos. Ambos os valores representam o resultado de uma condi\u00e7\u00e3o. Por exemplo...","breadcrumb":{"@id":"https:\/\/exceladvisor.org\/pt\/certo-errado\/#breadcrumb"},"inLanguage":"pt-PT","potentialAction":[{"@type":"ReadAction","target":["https:\/\/exceladvisor.org\/pt\/certo-errado\/"]}]},{"@type":"ImageObject","inLanguage":"pt-PT","@id":"https:\/\/exceladvisor.org\/pt\/certo-errado\/#primaryimage","url":"https:\/\/exceladvisor.org\/wp-content\/uploads\/2023\/08\/1-vrai-ou-faux-dans-excel.png","contentUrl":"https:\/\/exceladvisor.org\/wp-content\/uploads\/2023\/08\/1-vrai-ou-faux-dans-excel.png"},{"@type":"BreadcrumbList","@id":"https:\/\/exceladvisor.org\/pt\/certo-errado\/#breadcrumb","itemListElement":[{"@type":"ListItem","position":1,"name":"Lar","item":"https:\/\/exceladvisor.org\/pt\/"},{"@type":"ListItem","position":2,"name":"True e false no excel (valores booleanos)"}]},{"@type":"WebSite","@id":"https:\/\/exceladvisor.org\/pt\/#website","url":"https:\/\/exceladvisor.org\/pt\/","name":"Excel Advisor","description":"O seu guia definitivo para dominar os dados!","publisher":{"@id":"https:\/\/exceladvisor.org\/pt\/#organization"},"potentialAction":[{"@type":"SearchAction","target":{"@type":"EntryPoint","urlTemplate":"https:\/\/exceladvisor.org\/pt\/?s={search_term_string}"},"query-input":{"@type":"PropertyValueSpecification","valueRequired":true,"valueName":"search_term_string"}}],"inLanguage":"pt-PT"},{"@type":"Organization","@id":"https:\/\/exceladvisor.org\/pt\/#organization","name":"Excel Advisor","url":"https:\/\/exceladvisor.org\/pt\/","logo":{"@type":"ImageObject","inLanguage":"pt-PT","@id":"https:\/\/exceladvisor.org\/pt\/#\/schema\/logo\/image\/","url":"https:\/\/exceladvisor.org\/pt\/wp-content\/uploads\/2023\/12\/exceladvisor.org_.png","contentUrl":"https:\/\/exceladvisor.org\/pt\/wp-content\/uploads\/2023\/12\/exceladvisor.org_.png","width":105,"height":36,"caption":"Excel Advisor"},"image":{"@id":"https:\/\/exceladvisor.org\/pt\/#\/schema\/logo\/image\/"}}]}},"yoast_meta":{"yoast_wpseo_title":"","yoast_wpseo_metadesc":"","yoast_wpseo_canonical":""},"_links":{"self":[{"href":"https:\/\/exceladvisor.org\/pt\/wp-json\/wp\/v2\/pages\/272","targetHints":{"allow":["GET"]}}],"collection":[{"href":"https:\/\/exceladvisor.org\/pt\/wp-json\/wp\/v2\/pages"}],"about":[{"href":"https:\/\/exceladvisor.org\/pt\/wp-json\/wp\/v2\/types\/page"}],"author":[{"embeddable":true,"href":"https:\/\/exceladvisor.org\/pt\/wp-json\/wp\/v2\/users\/1"}],"replies":[{"embeddable":true,"href":"https:\/\/exceladvisor.org\/pt\/wp-json\/wp\/v2\/comments?post=272"}],"version-history":[{"count":1,"href":"https:\/\/exceladvisor.org\/pt\/wp-json\/wp\/v2\/pages\/272\/revisions"}],"predecessor-version":[{"id":1489,"href":"https:\/\/exceladvisor.org\/pt\/wp-json\/wp\/v2\/pages\/272\/revisions\/1489"}],"wp:attachment":[{"href":"https:\/\/exceladvisor.org\/pt\/wp-json\/wp\/v2\/media?parent=272"}],"curies":[{"name":"wp","href":"https:\/\/api.w.org\/{rel}","templated":true}]}}