{"id":273,"date":"2023-11-07T16:11:29","date_gmt":"2023-11-07T16:11:29","guid":{"rendered":"https:\/\/exceladvisor.org\/pt\/comparar-colunas\/"},"modified":"2023-12-06T11:35:23","modified_gmt":"2023-12-06T11:35:23","slug":"comparar-colunas","status":"publish","type":"page","link":"https:\/\/exceladvisor.org\/pt\/comparar-colunas\/","title":{"rendered":"Como comparar duas colunas no excel?"},"content":{"rendered":"<div class=\"excel-before-content-2\" id=\"excel-1094440824\"><script type=\"text\/javascript\">\r\n\tatOptions = {\r\n\t\t'key' : 'c1158f160081d6540a8409e6925dab94',\r\n\t\t'format' : 'iframe',\r\n\t\t'height' : 250,\r\n\t\t'width' : 300,\r\n\t\t'params' : {}\r\n\t};\r\n<\/script>\r\n<script type=\"text\/javascript\" src=\"\/\/www.highperformanceformat.com\/c1158f160081d6540a8409e6925dab94\/invoke.js\"><\/script><\/div><div class=\"excel-before-content\" id=\"excel-1647244029\"><script type=\"text\/javascript\">\r\n\tatOptions = {\r\n\t\t'key' : 'c1158f160081d6540a8409e6925dab94',\r\n\t\t'format' : 'iframe',\r\n\t\t'height' : 250,\r\n\t\t'width' : 300,\r\n\t\t'params' : {}\r\n\t};\r\n<\/script>\r\n<script type=\"text\/javascript\" src=\"\/\/www.highperformanceformat.com\/c1158f160081d6540a8409e6925dab94\/invoke.js\"><\/script><\/div> <p>No Excel, a formata\u00e7\u00e3o condicional \u00e9 a maneira mais f\u00e1cil de comparar duas colunas. Com isso voc\u00ea pode comparar duas colunas de diversas maneiras. Neste tutorial, aprenderemos v\u00e1rios m\u00e9todos para usar formata\u00e7\u00e3o condicional para compara\u00e7\u00e3o de colunas.<\/p><h2 class=\"wp-block-heading\"> Compare duas colunas por linha<\/h2><p> Com este m\u00e9todo, voc\u00ea pode comparar as duas c\u00e9lulas em cada linha das colunas e destacar as c\u00e9lulas com o mesmo valor.<\/p><ol><li> Primeiro, selecione ambas as colunas nos dados. <br><img loading=\"lazy\" decoding=\"async\" title=\"1-selecione ambas as colunas\" src=\"https:\/\/exceladvisor.org\/wp-content\/uploads\/2023\/08\/1-selectionner-les-deux-colonnes.png\" sizes=\"auto, \" srcset=\"\" alt=\"1-select-both-columns\" width=\"290\" height=\"335\"><\/li><li> Em seguida, v\u00e1 para a guia P\u00e1gina inicial &gt; Formata\u00e7\u00e3o condicional &gt; Nova regra. <br><img loading=\"lazy\" decoding=\"async\" title=\"2-formata\u00e7\u00e3o-condicional-nova-regra\" src=\"https:\/\/exceladvisor.org\/wp-content\/uploads\/2023\/08\/2-nouvelle-regle-de-mise-en-forme-conditionnelle.png\" sizes=\"auto, \" srcset=\"\" alt=\"2-conditional-formatting-new-rule\" width=\"296\" height=\"397\"><\/li><li> A partir da\u00ed, clique em \u201cUsar uma f\u00f3rmula para determinar quais c\u00e9lulas formatar\u201d. <br><img loading=\"lazy\" decoding=\"async\" title=\"3-selecione-use-uma-f\u00f3rmula-para-determinar\" src=\"https:\/\/exceladvisor.org\/wp-content\/uploads\/2023\/08\/3-selectionnez-utiliser-une-formule-pour-determiner.png\" sizes=\"auto, \" srcset=\"\" alt=\"3-select-use-a-formula-to-determine\" width=\"563\" height=\"202\"><\/li><li> A seguir, na barra de f\u00f3rmulas, insira a f\u00f3rmula =$A2&lt;&gt;$B2 e clique em \u201cFormato\u2026\u201d para especificar o formato. <br><img loading=\"lazy\" decoding=\"async\" title=\"4-insira-a-f\u00f3rmula-e-especifique-o-formato\" src=\"https:\/\/exceladvisor.org\/wp-content\/uploads\/2023\/08\/4-entrez-la-formule-et-specifiez-le-format.png\" sizes=\"auto, \" srcset=\"\" alt=\"4-enter-formula-and-specify-format\" width=\"565\" height=\"209\"><\/li><li> Depois de especificar o formato, clique em OK para aplicar a formata\u00e7\u00e3o condicional e em OK novamente para fechar o Gerenciador de regras. <br><img loading=\"lazy\" decoding=\"async\" title=\"5-feche o gerenciador de regras\" src=\"https:\/\/exceladvisor.org\/wp-content\/uploads\/2023\/08\/5-fermer-le-gestionnaire-de-regles.png\" sizes=\"auto, \" srcset=\"\" alt=\"5-close-the-rules-manager\" width=\"580\" height=\"217\"><\/li><\/ol><p> E no momento em que voc\u00ea clica em OK, ele destaca as c\u00e9lulas em ambas as colunas onde os valores s\u00e3o iguais. <\/p><div class=\"wp-block-image\"><figure class=\"aligncenter size-full is-resized\"><img loading=\"lazy\" decoding=\"async\" class=\"wp-image-90468\" src=\"https:\/\/exceladvisor.org\/wp-content\/uploads\/2023\/08\/6-cellules-en-surbrillance-avec-les-memes-valeurs.png\" sizes=\"auto, \" srcset=\"\" alt=\"c\u00e9lulas destacadas com os mesmos valores\" width=\"280\" height=\"331\"><\/figure><\/div><h2 class=\"wp-block-heading\"> Compare todos os valores em todas as colunas<\/h2><p> Ao contr\u00e1rio do primeiro m\u00e9todo, voc\u00ea pode destacar os dois valores duplicados nas colunas. E para isso, selecione ambas as colunas e v\u00e1 para aba Home &gt; Formata\u00e7\u00e3o Condicional &gt; Regras de Destaque de C\u00e9lula &gt; Valores Duplicados. <\/p><div class=\"wp-block-image\"><figure class=\"aligncenter size-full is-resized\"><img loading=\"lazy\" decoding=\"async\" class=\"wp-image-90469\" src=\"https:\/\/exceladvisor.org\/wp-content\/uploads\/2023\/08\/7-selectionner-les-valeurs-en-double.png\" sizes=\"auto, \" srcset=\"\" alt=\"selecione valores duplicados\" width=\"530\" height=\"440\"><\/figure><\/div><p> Na caixa de di\u00e1logo Valores Duplicados, selecione os valores que deseja destacar e a cor que deseja aplicar. <\/p><div class=\"wp-block-image\"><figure class=\"aligncenter size-full is-resized\"><img loading=\"lazy\" decoding=\"async\" class=\"wp-image-90470\" src=\"https:\/\/exceladvisor.org\/wp-content\/uploads\/2023\/08\/8-selectionnez-doublon-pour-mettre-en-surbrillance-les-doublons.png\" sizes=\"auto, \" srcset=\"\" alt=\"selecione-duplicar para destacar duplicatas\" width=\"388\" height=\"160\"><\/figure><\/div><p> No final, clique em OK para aplicar a formata\u00e7\u00e3o condicional. <\/p><div class=\"wp-block-image\"><figure class=\"aligncenter size-full is-resized\"><img loading=\"lazy\" decoding=\"async\" class=\"wp-image-90471\" src=\"https:\/\/exceladvisor.org\/wp-content\/uploads\/2023\/08\/9-valeurs-en-double-mises-en-evidence.png\" sizes=\"auto, \" srcset=\"\" alt=\"valores duplicados destacados\" width=\"285\" height=\"324\"><\/figure><\/div><p> No momento em que voc\u00ea clicar em OK, todas as c\u00e9lulas onde os valores estiverem duplicados em ambas as colunas ser\u00e3o destacadas com o formato que voc\u00ea selecionou. Mas se quiser destacar c\u00e9lulas exclusivas em ambas as colunas, voc\u00ea precisa selecionar \u201c\u00danico\u201d na lista suspensa. <\/p><div class=\"wp-block-image\"><figure class=\"aligncenter size-full is-resized\"><img loading=\"lazy\" decoding=\"async\" class=\"wp-image-90472\" src=\"https:\/\/exceladvisor.org\/wp-content\/uploads\/2023\/08\/10-selectionnez-unique-pour-mettre-en-evidence-les-valeurs-uniques.png\" sizes=\"auto, \" srcset=\"\" alt=\"selecione-\u00fanico-para-destacar-valores-\u00fanicos\" width=\"381\" height=\"156\"><\/figure><\/div><p> E quando voc\u00ea clicar em OK, ir\u00e1 destacar onde os valores s\u00e3o \u00fanicos usando compara\u00e7\u00e3o em ambas as colunas. <\/p><div class=\"wp-block-image\"><figure class=\"aligncenter size-full is-resized\"><img loading=\"lazy\" decoding=\"async\" class=\"wp-image-90473\" src=\"https:\/\/exceladvisor.org\/wp-content\/uploads\/2023\/08\/11-valeurs-uniques-mises-en-avant.png\" sizes=\"auto, \" srcset=\"\" alt=\"valores \u00fanicos destacados\" width=\"260\" height=\"311\"><\/figure><\/div><div class=\"gb-container gb-container-52dfcee1 gb-container-sample-file\"><h2 class=\"gb-headline gb-headline-e289c143 gb-headline-text gb-headline-4f7959c2\"> Obtenha o arquivo Excel<\/h2> <a class=\"gb-button gb-button-e88d6bee gb-button-text gb-button-button1\" href=\"https:\/\/exceladvisor.org\/wp-content\/uploads\/2023\/08\/comparer-la-mise-en-forme-conditionnelle-des-colonnes.xlsx\" rel=\"nofollow\">Download<\/a><\/div><div class=\"gb-container gb-container-6076ba72 gb-container-mt\"> <a class=\"gb-button gb-button-76e6a499 gb-button-text gb-button-mt-button\" href=\"https:\/\/exceladvisor.org\/pt\/nocoes-basicas-de-excel\/\">Aprenda o b\u00e1sico do Excel<\/a><h2 class=\"gb-headline gb-headline-a9e9e206 gb-headline-text gb-headline-mt-heading\"> Saiba mais sobre <a href=\"https:\/\/exceladvisor.org\/pt\/formatacao-condicional\/\">formata\u00e7\u00e3o condicional<\/a> <\/h2><div class=\"gb-grid-wrapper gb-grid-wrapper-790317cb gb-grid-wrapper-mt-grid\"><div class=\"gb-grid-column gb-grid-column-a9845ede\"><div class=\"gb-container gb-container-a9845ede\"><ul><li> <a href=\"https:\/\/exceladvisor.org\/pt\/aplicar-formatacao-condicional\/\">Aplicar formata\u00e7\u00e3o condicional a uma tabela din\u00e2mica<\/a><\/li><li> <a href=\"https:\/\/exceladvisor.org\/pt\/retirar\/\">Remover formata\u00e7\u00e3o condicional<\/a><\/li><li> <a href=\"https:\/\/exceladvisor.org\/pt\/celulas-vazias\/\">Aplicar formata\u00e7\u00e3o condicional em c\u00e9lulas em branco no Excel<\/a><\/li><li> <a href=\"https:\/\/exceladvisor.org\/pt\/outra-celula\/\">Aplicar formata\u00e7\u00e3o condicional com base em outra c\u00e9lula<\/a><\/li><li> <a href=\"https:\/\/exceladvisor.org\/pt\/outra-coluna\/\">Aplicar formata\u00e7\u00e3o condicional com base em outra coluna<\/a> <\/li><\/ul><\/div><\/div><div class=\"gb-grid-column gb-grid-column-ec8ff319\"><div class=\"gb-container gb-container-ec8ff319\"><\/div><\/div><\/div><\/div>","protected":false},"excerpt":{"rendered":"","protected":false},"author":1,"featured_media":0,"parent":0,"menu_order":0,"comment_status":"open","ping_status":"closed","template":"","meta":{"ub_ctt_via":"","footnotes":""},"class_list":["post-273","page","type-page","status-publish","hentry"],"featured_image_src":null,"yoast_head":"<!-- This site is optimized with the Yoast SEO plugin v25.4 - https:\/\/yoast.com\/wordpress\/plugins\/seo\/ -->\n<title>Como comparar duas colunas no Excel? [Guia 2023]<\/title>\n<meta name=\"description\" content=\"Este tutorial ajuda voc\u00ea a comparar duas colunas usando formata\u00e7\u00e3o condicional no Excel. Vamos verificar isso\u2026\" \/>\n<meta name=\"robots\" content=\"index, follow, max-snippet:-1, max-image-preview:large, max-video-preview:-1\" \/>\n<link rel=\"canonical\" href=\"https:\/\/exceladvisor.org\/pt\/comparar-colunas\/\" \/>\n<meta property=\"og:locale\" content=\"pt_PT\" \/>\n<meta property=\"og:type\" content=\"article\" \/>\n<meta property=\"og:title\" content=\"Como comparar duas colunas no Excel? [Guia 2023]\" \/>\n<meta property=\"og:description\" content=\"Este tutorial ajuda voc\u00ea a comparar duas colunas usando formata\u00e7\u00e3o condicional no Excel. Vamos verificar isso\u2026\" \/>\n<meta property=\"og:url\" content=\"https:\/\/exceladvisor.org\/pt\/comparar-colunas\/\" \/>\n<meta property=\"og:site_name\" content=\"Excel Advisor\" \/>\n<meta property=\"article:modified_time\" content=\"2023-12-06T11:35:23+00:00\" \/>\n<meta property=\"og:image\" content=\"https:\/\/exceladvisor.org\/wp-content\/uploads\/2023\/08\/1-selectionner-les-deux-colonnes.png\" \/>\n<meta name=\"twitter:card\" content=\"summary_large_image\" \/>\n<meta name=\"twitter:label1\" content=\"Tempo estimado de leitura\" \/>\n\t<meta name=\"twitter:data1\" content=\"2 minutos\" \/>\n<script type=\"application\/ld+json\" class=\"yoast-schema-graph\">{\"@context\":\"https:\/\/schema.org\",\"@graph\":[{\"@type\":\"WebPage\",\"@id\":\"https:\/\/exceladvisor.org\/pt\/comparar-colunas\/\",\"url\":\"https:\/\/exceladvisor.org\/pt\/comparar-colunas\/\",\"name\":\"Como comparar duas colunas no Excel? [Guia 2023]\",\"isPartOf\":{\"@id\":\"https:\/\/exceladvisor.org\/pt\/#website\"},\"primaryImageOfPage\":{\"@id\":\"https:\/\/exceladvisor.org\/pt\/comparar-colunas\/#primaryimage\"},\"image\":{\"@id\":\"https:\/\/exceladvisor.org\/pt\/comparar-colunas\/#primaryimage\"},\"thumbnailUrl\":\"https:\/\/exceladvisor.org\/wp-content\/uploads\/2023\/08\/1-selectionner-les-deux-colonnes.png\",\"datePublished\":\"2023-11-07T16:11:29+00:00\",\"dateModified\":\"2023-12-06T11:35:23+00:00\",\"description\":\"Este tutorial ajuda voc\u00ea a comparar duas colunas usando formata\u00e7\u00e3o condicional no Excel. Vamos verificar isso\u2026\",\"breadcrumb\":{\"@id\":\"https:\/\/exceladvisor.org\/pt\/comparar-colunas\/#breadcrumb\"},\"inLanguage\":\"pt-PT\",\"potentialAction\":[{\"@type\":\"ReadAction\",\"target\":[\"https:\/\/exceladvisor.org\/pt\/comparar-colunas\/\"]}]},{\"@type\":\"ImageObject\",\"inLanguage\":\"pt-PT\",\"@id\":\"https:\/\/exceladvisor.org\/pt\/comparar-colunas\/#primaryimage\",\"url\":\"https:\/\/exceladvisor.org\/wp-content\/uploads\/2023\/08\/1-selectionner-les-deux-colonnes.png\",\"contentUrl\":\"https:\/\/exceladvisor.org\/wp-content\/uploads\/2023\/08\/1-selectionner-les-deux-colonnes.png\"},{\"@type\":\"BreadcrumbList\",\"@id\":\"https:\/\/exceladvisor.org\/pt\/comparar-colunas\/#breadcrumb\",\"itemListElement\":[{\"@type\":\"ListItem\",\"position\":1,\"name\":\"Lar\",\"item\":\"https:\/\/exceladvisor.org\/pt\/\"},{\"@type\":\"ListItem\",\"position\":2,\"name\":\"Como comparar duas colunas no excel?\"}]},{\"@type\":\"WebSite\",\"@id\":\"https:\/\/exceladvisor.org\/pt\/#website\",\"url\":\"https:\/\/exceladvisor.org\/pt\/\",\"name\":\"Excel Advisor\",\"description\":\"O seu guia definitivo para dominar os dados!\",\"publisher\":{\"@id\":\"https:\/\/exceladvisor.org\/pt\/#organization\"},\"potentialAction\":[{\"@type\":\"SearchAction\",\"target\":{\"@type\":\"EntryPoint\",\"urlTemplate\":\"https:\/\/exceladvisor.org\/pt\/?s={search_term_string}\"},\"query-input\":{\"@type\":\"PropertyValueSpecification\",\"valueRequired\":true,\"valueName\":\"search_term_string\"}}],\"inLanguage\":\"pt-PT\"},{\"@type\":\"Organization\",\"@id\":\"https:\/\/exceladvisor.org\/pt\/#organization\",\"name\":\"Excel Advisor\",\"url\":\"https:\/\/exceladvisor.org\/pt\/\",\"logo\":{\"@type\":\"ImageObject\",\"inLanguage\":\"pt-PT\",\"@id\":\"https:\/\/exceladvisor.org\/pt\/#\/schema\/logo\/image\/\",\"url\":\"https:\/\/exceladvisor.org\/pt\/wp-content\/uploads\/2023\/12\/exceladvisor.org_.png\",\"contentUrl\":\"https:\/\/exceladvisor.org\/pt\/wp-content\/uploads\/2023\/12\/exceladvisor.org_.png\",\"width\":105,\"height\":36,\"caption\":\"Excel Advisor\"},\"image\":{\"@id\":\"https:\/\/exceladvisor.org\/pt\/#\/schema\/logo\/image\/\"}}]}<\/script>\n<!-- \/ Yoast SEO plugin. -->","yoast_head_json":{"title":"Como comparar duas colunas no Excel? [Guia 2023]","description":"Este tutorial ajuda voc\u00ea a comparar duas colunas usando formata\u00e7\u00e3o condicional no Excel. Vamos verificar isso\u2026","robots":{"index":"index","follow":"follow","max-snippet":"max-snippet:-1","max-image-preview":"max-image-preview:large","max-video-preview":"max-video-preview:-1"},"canonical":"https:\/\/exceladvisor.org\/pt\/comparar-colunas\/","og_locale":"pt_PT","og_type":"article","og_title":"Como comparar duas colunas no Excel? [Guia 2023]","og_description":"Este tutorial ajuda voc\u00ea a comparar duas colunas usando formata\u00e7\u00e3o condicional no Excel. Vamos verificar isso\u2026","og_url":"https:\/\/exceladvisor.org\/pt\/comparar-colunas\/","og_site_name":"Excel Advisor","article_modified_time":"2023-12-06T11:35:23+00:00","og_image":[{"url":"https:\/\/exceladvisor.org\/wp-content\/uploads\/2023\/08\/1-selectionner-les-deux-colonnes.png","type":"","width":"","height":""}],"twitter_card":"summary_large_image","twitter_misc":{"Tempo estimado de leitura":"2 minutos"},"schema":{"@context":"https:\/\/schema.org","@graph":[{"@type":"WebPage","@id":"https:\/\/exceladvisor.org\/pt\/comparar-colunas\/","url":"https:\/\/exceladvisor.org\/pt\/comparar-colunas\/","name":"Como comparar duas colunas no Excel? [Guia 2023]","isPartOf":{"@id":"https:\/\/exceladvisor.org\/pt\/#website"},"primaryImageOfPage":{"@id":"https:\/\/exceladvisor.org\/pt\/comparar-colunas\/#primaryimage"},"image":{"@id":"https:\/\/exceladvisor.org\/pt\/comparar-colunas\/#primaryimage"},"thumbnailUrl":"https:\/\/exceladvisor.org\/wp-content\/uploads\/2023\/08\/1-selectionner-les-deux-colonnes.png","datePublished":"2023-11-07T16:11:29+00:00","dateModified":"2023-12-06T11:35:23+00:00","description":"Este tutorial ajuda voc\u00ea a comparar duas colunas usando formata\u00e7\u00e3o condicional no Excel. Vamos verificar isso\u2026","breadcrumb":{"@id":"https:\/\/exceladvisor.org\/pt\/comparar-colunas\/#breadcrumb"},"inLanguage":"pt-PT","potentialAction":[{"@type":"ReadAction","target":["https:\/\/exceladvisor.org\/pt\/comparar-colunas\/"]}]},{"@type":"ImageObject","inLanguage":"pt-PT","@id":"https:\/\/exceladvisor.org\/pt\/comparar-colunas\/#primaryimage","url":"https:\/\/exceladvisor.org\/wp-content\/uploads\/2023\/08\/1-selectionner-les-deux-colonnes.png","contentUrl":"https:\/\/exceladvisor.org\/wp-content\/uploads\/2023\/08\/1-selectionner-les-deux-colonnes.png"},{"@type":"BreadcrumbList","@id":"https:\/\/exceladvisor.org\/pt\/comparar-colunas\/#breadcrumb","itemListElement":[{"@type":"ListItem","position":1,"name":"Lar","item":"https:\/\/exceladvisor.org\/pt\/"},{"@type":"ListItem","position":2,"name":"Como comparar duas colunas no excel?"}]},{"@type":"WebSite","@id":"https:\/\/exceladvisor.org\/pt\/#website","url":"https:\/\/exceladvisor.org\/pt\/","name":"Excel Advisor","description":"O seu guia definitivo para dominar os dados!","publisher":{"@id":"https:\/\/exceladvisor.org\/pt\/#organization"},"potentialAction":[{"@type":"SearchAction","target":{"@type":"EntryPoint","urlTemplate":"https:\/\/exceladvisor.org\/pt\/?s={search_term_string}"},"query-input":{"@type":"PropertyValueSpecification","valueRequired":true,"valueName":"search_term_string"}}],"inLanguage":"pt-PT"},{"@type":"Organization","@id":"https:\/\/exceladvisor.org\/pt\/#organization","name":"Excel Advisor","url":"https:\/\/exceladvisor.org\/pt\/","logo":{"@type":"ImageObject","inLanguage":"pt-PT","@id":"https:\/\/exceladvisor.org\/pt\/#\/schema\/logo\/image\/","url":"https:\/\/exceladvisor.org\/pt\/wp-content\/uploads\/2023\/12\/exceladvisor.org_.png","contentUrl":"https:\/\/exceladvisor.org\/pt\/wp-content\/uploads\/2023\/12\/exceladvisor.org_.png","width":105,"height":36,"caption":"Excel Advisor"},"image":{"@id":"https:\/\/exceladvisor.org\/pt\/#\/schema\/logo\/image\/"}}]}},"yoast_meta":{"yoast_wpseo_title":"","yoast_wpseo_metadesc":"","yoast_wpseo_canonical":""},"_links":{"self":[{"href":"https:\/\/exceladvisor.org\/pt\/wp-json\/wp\/v2\/pages\/273","targetHints":{"allow":["GET"]}}],"collection":[{"href":"https:\/\/exceladvisor.org\/pt\/wp-json\/wp\/v2\/pages"}],"about":[{"href":"https:\/\/exceladvisor.org\/pt\/wp-json\/wp\/v2\/types\/page"}],"author":[{"embeddable":true,"href":"https:\/\/exceladvisor.org\/pt\/wp-json\/wp\/v2\/users\/1"}],"replies":[{"embeddable":true,"href":"https:\/\/exceladvisor.org\/pt\/wp-json\/wp\/v2\/comments?post=273"}],"version-history":[{"count":1,"href":"https:\/\/exceladvisor.org\/pt\/wp-json\/wp\/v2\/pages\/273\/revisions"}],"predecessor-version":[{"id":902,"href":"https:\/\/exceladvisor.org\/pt\/wp-json\/wp\/v2\/pages\/273\/revisions\/902"}],"wp:attachment":[{"href":"https:\/\/exceladvisor.org\/pt\/wp-json\/wp\/v2\/media?parent=273"}],"curies":[{"name":"wp","href":"https:\/\/api.w.org\/{rel}","templated":true}]}}