{"id":274,"date":"2023-11-07T15:58:06","date_gmt":"2023-11-07T15:58:06","guid":{"rendered":"https:\/\/exceladvisor.org\/pt\/destacar-linhas\/"},"modified":"2023-12-06T11:37:26","modified_gmt":"2023-12-06T11:37:26","slug":"destacar-linhas","status":"publish","type":"page","link":"https:\/\/exceladvisor.org\/pt\/destacar-linhas\/","title":{"rendered":"Como destacar linhas no excel?"},"content":{"rendered":"<div class=\"excel-before-content-2\" id=\"excel-1071084486\"><script type=\"text\/javascript\">\r\n\tatOptions = {\r\n\t\t'key' : 'c1158f160081d6540a8409e6925dab94',\r\n\t\t'format' : 'iframe',\r\n\t\t'height' : 250,\r\n\t\t'width' : 300,\r\n\t\t'params' : {}\r\n\t};\r\n<\/script>\r\n<script type=\"text\/javascript\" src=\"\/\/www.highperformanceformat.com\/c1158f160081d6540a8409e6925dab94\/invoke.js\"><\/script><\/div><div class=\"excel-before-content\" id=\"excel-3595413553\"><script type=\"text\/javascript\">\r\n\tatOptions = {\r\n\t\t'key' : 'c1158f160081d6540a8409e6925dab94',\r\n\t\t'format' : 'iframe',\r\n\t\t'height' : 250,\r\n\t\t'width' : 300,\r\n\t\t'params' : {}\r\n\t};\r\n<\/script>\r\n<script type=\"text\/javascript\" src=\"\/\/www.highperformanceformat.com\/c1158f160081d6540a8409e6925dab94\/invoke.js\"><\/script><\/div> <p>No Excel, usando formata\u00e7\u00e3o condicional, voc\u00ea pode usar realce de linha inteira. Quando uma condi\u00e7\u00e3o for verdadeira, a linha dever\u00e1 ser destacada com a cor especificada. Por exemplo, abaixo temos uma tabela com dados de a\u00e7\u00f5es. <\/p><div class=\"wp-block-image\"><figure class=\"aligncenter size-full is-resized\"><img loading=\"lazy\" decoding=\"async\" class=\"wp-image-90896\" src=\"https:\/\/exceladvisor.org\/wp-content\/uploads\/2023\/08\/1-mettre-en-surbrillance-les-lignes-a-laide-de-la-mise-en-forme-conditionnelle.png\" sizes=\"auto, \" srcset=\"\" alt=\"linhas de destaque usando formata\u00e7\u00e3o condicional\" width=\"544\" height=\"304\"><\/figure><\/div><h2 class=\"wp-block-heading\"> 1. Destaque uma linha com base em um valor (texto)<\/h2><ol><li> Selecione a tabela inteira, todas as linhas e colunas. <br><img loading=\"lazy\" decoding=\"async\" title=\"2-selecionar todas as linhas e colunas\" src=\"https:\/\/exceladvisor.org\/wp-content\/uploads\/2023\/08\/2-selectionner-toutes-les-lignes-et-colonnes.png\" sizes=\"auto, \" srcset=\"\" alt=\"2-select-all-rows-and-columns\" width=\"493\" height=\"273\"><\/li><li> V\u00e1 para Formata\u00e7\u00e3o Condicional &gt; Nova Regra. <br><img loading=\"lazy\" decoding=\"async\" title=\"3-formata\u00e7\u00e3o-condicional-nova-regra\" src=\"https:\/\/exceladvisor.org\/wp-content\/uploads\/2023\/08\/3-mise-en-forme-conditionnelle-nouvelle-regle-2.png\" sizes=\"auto, \" srcset=\"\" alt=\"3-conditional-formatting-new-rule\" width=\"424\" height=\"431\"><\/li><li> Na caixa de di\u00e1logo da nova regra, clique em \u201cUsar uma f\u00f3rmula para determinar qual c\u00e9lula formatar\u2026\u201d. <br><img loading=\"lazy\" decoding=\"async\" title=\"4-selecione-use-uma-f\u00f3rmula-para-determinar\" src=\"https:\/\/exceladvisor.org\/wp-content\/uploads\/2023\/08\/4-selectionner-utiliser-une-formule-pour-determiner.png\" sizes=\"auto, \" srcset=\"\" alt=\"4-select-use-a-formaula-to-determine\" width=\"568\" height=\"178\"><\/li><li> Em \u201cFormato de valores onde esta f\u00f3rmula \u00e9 verdadeira\u201d, insira a f\u00f3rmula =$B2= \u201cCanap\u00e9s\u201d. <br><img loading=\"lazy\" decoding=\"async\" title=\"5-formato de inser\u00e7\u00e3o de f\u00f3rmula em valores\" src=\"https:\/\/exceladvisor.org\/wp-content\/uploads\/2023\/08\/5-entrer-la-formule-dans-les-valeurs-de-format.png\" sizes=\"auto, \" srcset=\"\" alt=\"5-enter-formula-in-format-values\" width=\"596\" height=\"114\"><\/li><li> Depois disso, clique no bot\u00e3o de formato para especificar a coluna que deseja aplicar \u00e0s linhas. <br><img loading=\"lazy\" decoding=\"async\" title=\"Bot\u00e3o de formato de 6 cliques\" src=\"https:\/\/exceladvisor.org\/wp-content\/uploads\/2023\/08\/bouton-format-6-clics-2.png\" sizes=\"auto, \" srcset=\"\" alt=\"6-click-format-button\" width=\"571\" height=\"211\"><\/li><li> No final, clique em OK e em OK novamente para aplicar a formata\u00e7\u00e3o condicional.<\/li><\/ol><p> Ao clicar em OK, ser\u00e3o destacadas as linhas onde o nome do produto \u00e9 &#8220;Sof\u00e1s&#8221;. <\/p><div class=\"wp-block-image\"><figure class=\"aligncenter size-full is-resized\"><img loading=\"lazy\" decoding=\"async\" class=\"wp-image-90902\" src=\"https:\/\/exceladvisor.org\/wp-content\/uploads\/2023\/08\/7-mettre-en-evidence-les-lignes.png\" sizes=\"auto, \" srcset=\"\" alt=\"destacar linhas\" width=\"534\" height=\"294\"><\/figure><\/div><h2 class=\"wp-block-heading\"> 2. Destaque uma linha com base em um valor (texto parcial)<\/h2><p> E se voc\u00ea quiser escrever uma f\u00f3rmula para verificar texto parcial, use a fun\u00e7\u00e3o PESQUISAR. No exemplo abaixo, precisamos destacar todas as linhas onde h\u00e1 \u201cHS-\u201d na coluna do produto. <\/p><div class=\"wp-block-image\"><figure class=\"aligncenter size-full is-resized\"><img loading=\"lazy\" decoding=\"async\" class=\"wp-image-90903\" src=\"https:\/\/exceladvisor.org\/wp-content\/uploads\/2023\/08\/8-lignes-en-surbrillance-basees-sur-du-texte-partiel.png\" sizes=\"auto, \" srcset=\"\" alt=\"realce de linha baseado em texto parcial\" width=\"551\" height=\"398\"><\/figure><\/div><p> E no momento em que voc\u00ea clica em OK, ele destaca todas as linhas onde se encontra o texto parcial \u201cHS-\u201c. <\/p><div class=\"wp-block-image\"><figure class=\"aligncenter size-full is-resized\"><img loading=\"lazy\" decoding=\"async\" class=\"wp-image-90904\" src=\"https:\/\/exceladvisor.org\/wp-content\/uploads\/2023\/08\/9-mettre-en-surbrillance-toutes-les-lignes-avec-du-texte-partiel.png\" sizes=\"auto, \" srcset=\"\" alt=\"destacar todas as linhas com texto parcial\" width=\"476\" height=\"274\"><\/figure><\/div><h2 class=\"wp-block-heading\"> 3. Destaque uma linha com base em um valor (n\u00famero)<\/h2><p> Agora digamos que voc\u00ea queira destacar as linhas onde os dias de envelhecimento s\u00e3o superiores a 25 dias. Nesse caso, voc\u00ea precisa seguir os mesmos passos que usamos acima. Mas a f\u00f3rmula deve ser diferente. <\/p><div class=\"wp-block-image\"><figure class=\"aligncenter size-full is-resized\"><img loading=\"lazy\" decoding=\"async\" class=\"wp-image-90905\" src=\"https:\/\/exceladvisor.org\/wp-content\/uploads\/2023\/08\/10-lignes-de-surbrillance-basees-sur-des-nombres.png\" sizes=\"auto, \" srcset=\"\" alt=\"destacando linhas com base em n\u00fameros\" width=\"501\" height=\"362\"><\/figure><\/div><p> Voc\u00ea deve usar a f\u00f3rmula =$D2&gt;=25. Esta f\u00f3rmula verifica se o valor da c\u00e9lula \u00e9 <a href=\"https:\/\/exceladvisor.org\/pt\/maior-que-igual-a\/\">maior e igual a<\/a> 25. E se for, destaca toda a linha da tabela. <\/p><div class=\"wp-block-image\"><figure class=\"aligncenter size-full is-resized\"><img loading=\"lazy\" decoding=\"async\" class=\"wp-image-90906\" src=\"https:\/\/exceladvisor.org\/wp-content\/uploads\/2023\/08\/11-mettre-en-surbrillance-toutes-les-lignes-avec-le-numero-de-reference-donne.png\" sizes=\"auto, \" srcset=\"\" alt=\"destacar todas as linhas com o n\u00famero de refer\u00eancia fornecido\" width=\"452\" height=\"288\"><\/figure><\/div><h2 class=\"wp-block-heading\"> 4. Destaque linhas com base em m\u00faltiplas condi\u00e7\u00f5es<\/h2><p> Voc\u00ea tamb\u00e9m pode criar uma f\u00f3rmula para testar diversas condi\u00e7\u00f5es. Voc\u00ea pode usar fun\u00e7\u00f5es AND-OR na f\u00f3rmula. <\/p><pre class=\"wp-block-code\"> <code class=\"language-excel-formula\" lang=\"excel-formula\">=AND($D2&gt;=25,$C2&gt;=15)<\/code><\/pre><div class=\"wp-block-image\"><figure class=\"aligncenter size-full is-resized\"><img loading=\"lazy\" decoding=\"async\" class=\"wp-image-90907\" src=\"https:\/\/exceladvisor.org\/wp-content\/uploads\/2023\/08\/12-lignes-de-surbrillance-basees-sur-plusieurs-conditions.png\" sizes=\"auto, \" srcset=\"\" alt=\"destacar linhas com base em m\u00faltiplas condi\u00e7\u00f5es\" width=\"537\" height=\"388\"><\/figure><\/div><p> Quando voc\u00ea insere esta f\u00f3rmula na caixa de di\u00e1logo Nova Regra, ela destaca linhas com base em duas condi\u00e7\u00f5es:<\/p><ul><li> O envelhecimento em dias deve ser maior ou igual a 25.<\/li><li> A quantidade deve ser maior ou igual a 15.<\/li><\/ul><p> \u00c9 por isso que na f\u00f3rmula usamos AND, que ajuda a testar duas ou mais condi\u00e7\u00f5es simultaneamente e retorna VERDADEIRO apenas quando ambas as condi\u00e7\u00f5es s\u00e3o VERDADEIRAS.<\/p><h2 class=\"wp-block-heading\"> 5. Destaque a linha SE alguma das c\u00e9lulas estiver vazia<\/h2><p> Digamos que voc\u00ea queira criar uma condi\u00e7\u00e3o de que, se uma das c\u00e9lulas de uma linha estiver vazia, a linha inteira seja destacada com uma cor que voc\u00ea definir.<\/p><p> Selecione os dados e v\u00e1 para guia In\u00edcio&gt; Formata\u00e7\u00e3o Condicional&gt; Nova Regra&gt; Use uma f\u00f3rmula para determinar quais c\u00e9lulas formatar; insira a f\u00f3rmula =COUNTIF($A2:$D2,\u201d\u201d)&gt;0 e clique no bot\u00e3o Formatar para especificar a formata\u00e7\u00e3o. <\/p><div class=\"wp-block-image\"><figure class=\"aligncenter size-full is-resized\"><img loading=\"lazy\" decoding=\"async\" class=\"wp-image-90908\" src=\"https:\/\/exceladvisor.org\/wp-content\/uploads\/2023\/08\/13-ligne-en-surbrillance-si-une-cellule-est-vide.png\" sizes=\"auto, \" srcset=\"\" alt=\"destacar linha se uma c\u00e9lula estiver vazia\" width=\"521\" height=\"376\"><\/figure><\/div><p> E assim que voc\u00ea clicar em OK, todas as linhas onde at\u00e9 mesmo uma \u00fanica c\u00e9lula estiver vazia ser\u00e3o destacadas. <\/p><div class=\"wp-block-image\"><figure class=\"aligncenter size-full is-resized\"><img loading=\"lazy\" decoding=\"async\" class=\"wp-image-90909\" src=\"https:\/\/exceladvisor.org\/wp-content\/uploads\/2023\/08\/14-lignes-en-surbrillance-avec-une-cellule-vide.png\" sizes=\"auto, \" srcset=\"\" alt=\"linhas destacadas com c\u00e9lula vazia\" width=\"408\" height=\"277\"><\/figure><\/div><h2 class=\"wp-block-heading\"> 6. Destaque uma linha com valor din\u00e2mico na lista suspensa<\/h2><p> Voc\u00ea tamb\u00e9m pode criar uma lista suspensa na qual pode selecionar o valor, e a formata\u00e7\u00e3o condicional usar\u00e1 esse valor para destacar as linhas. Ent\u00e3o, primeiro, crie uma lista suspensa. Em seguida, v\u00e1 para a guia Dados &gt; Valida\u00e7\u00e3o de Dados. <\/p><div class=\"wp-block-image\"><figure class=\"aligncenter size-full is-resized\"><img loading=\"lazy\" decoding=\"async\" class=\"wp-image-90910\" src=\"https:\/\/exceladvisor.org\/wp-content\/uploads\/2023\/08\/15-lignes-de-surbrillance-avec-valeur-dynamique.png\" sizes=\"auto, \" srcset=\"\" alt=\"destacar linhas com valor din\u00e2mico\" width=\"622\" height=\"199\"><\/figure><\/div><p> Na caixa de di\u00e1logo Valida\u00e7\u00e3o de dados, selecione a lista no menu suspenso &#8220;Permitir&#8221; e insira a seguinte f\u00f3rmula: <\/p><pre class=\"wp-block-code\"> <code class=\"language-excel-formula\" lang=\"excel-formula\">=OFFSET($B$2, 0, 0, COUNTA($B$2:$B$11), 1)<\/code><\/pre><div class=\"wp-block-image\"><figure class=\"aligncenter size-full is-resized\"><img loading=\"lazy\" decoding=\"async\" class=\"wp-image-90911\" src=\"https:\/\/exceladvisor.org\/wp-content\/uploads\/2023\/08\/16-boite-de-dialogue-de-validation-des-donnees.png\" sizes=\"auto, \" srcset=\"\" alt=\"caixa de di\u00e1logo de valida\u00e7\u00e3o de dados\" width=\"600\" height=\"396\"><\/figure><\/div><p> Por fim, clique em OK para obter uma lista suspensa com o nome do produto. <\/p><div class=\"wp-block-image\"><figure class=\"aligncenter size-full is-resized\"><img loading=\"lazy\" decoding=\"async\" class=\"wp-image-90912\" src=\"https:\/\/exceladvisor.org\/wp-content\/uploads\/2023\/08\/17-liste-deroulante.png\" sizes=\"auto, \" srcset=\"\" alt=\"a lista suspensa\" width=\"250\" height=\"184\"><\/figure><\/div><p> Depois disso, selecione os dados e abra a caixa de di\u00e1logo da nova regra de formata\u00e7\u00e3o de condi\u00e7\u00e3o. Em seguida, clique em \u201cUsar uma f\u00f3rmula para determinar quais c\u00e9lulas formatar e, a seguir, insira a seguinte f\u00f3rmula em \u201cFormatar valores onde esta f\u00f3rmula for verdadeira\u201d.<\/p><p> E certifique-se de clicar no bot\u00e3o Formatar para especificar a cor que deseja especificar para destacar a linha. <\/p><div class=\"wp-block-image\"><figure class=\"aligncenter size-full is-resized\"><img loading=\"lazy\" decoding=\"async\" class=\"wp-image-90913\" src=\"https:\/\/exceladvisor.org\/wp-content\/uploads\/2023\/08\/18-bouton-de-format-pour-specifier-la-couleur.png\" sizes=\"auto, \" srcset=\"\" alt=\"bot\u00e3o de formato para especificar a cor\" width=\"642\" height=\"370\"><\/figure><\/div><p> Ao final, clique para aplicar a regra. E quando voc\u00ea altera o valor no menu suspenso, as linhas s\u00e3o destacadas com base no valor no menu suspenso. Esta regra de formata\u00e7\u00e3o condicional, portanto, usa os valores da lista suspensa F1 da c\u00e9lula. <\/p><div class=\"wp-block-image\"><figure class=\"aligncenter size-full is-resized\"><img loading=\"lazy\" decoding=\"async\" class=\"wp-image-90914\" src=\"https:\/\/exceladvisor.org\/wp-content\/uploads\/2023\/08\/19-lignes-mises-en-surbrillance-en-fonction-des-valeurs-deroulantes.png\" sizes=\"auto, \" srcset=\"\" alt=\"linhas destacadas com base em valores suspensos\" width=\"588\" height=\"298\"><\/figure><\/div><div class=\"gb-container gb-container-52dfcee1 gb-container-sample-file\"><h2 class=\"gb-headline gb-headline-e289c143 gb-headline-text gb-headline-4f7959c2\"> Obtenha o arquivo Excel<\/h2> <a class=\"gb-button gb-button-e88d6bee gb-button-text gb-button-button1\" href=\"https:\/\/exceladvisor.org\/wp-content\/uploads\/2023\/08\/mise-en-surbrillance-des-lignes-mise-en-forme-conditionnelle.xlsx\" rel=\"nofollow\">Download<\/a><\/div><div class=\"gb-container gb-container-6076ba72 gb-container-mt\"> <a class=\"gb-button gb-button-76e6a499 gb-button-text gb-button-mt-button\" href=\"https:\/\/exceladvisor.org\/pt\/nocoes-basicas-de-excel\/\">Aprenda o b\u00e1sico do Excel<\/a><h2 class=\"gb-headline gb-headline-a9e9e206 gb-headline-text gb-headline-mt-heading\"> Saiba mais sobre <a href=\"https:\/\/exceladvisor.org\/pt\/formatacao-condicional\/\">formata\u00e7\u00e3o condicional<\/a> <\/h2><div class=\"gb-grid-wrapper gb-grid-wrapper-790317cb gb-grid-wrapper-mt-grid\"><div class=\"gb-grid-column gb-grid-column-a9845ede\"><div class=\"gb-container gb-container-a9845ede\"><ul><li> <a href=\"https:\/\/exceladvisor.org\/pt\/aplicar-formatacao-condicional\/\">Aplicar formata\u00e7\u00e3o condicional a uma tabela din\u00e2mica<\/a><\/li><li> <a href=\"https:\/\/exceladvisor.org\/pt\/retirar\/\">Remover formata\u00e7\u00e3o condicional<\/a><\/li><li> <a href=\"https:\/\/exceladvisor.org\/pt\/celulas-vazias\/\">Aplicar formata\u00e7\u00e3o condicional em c\u00e9lulas em branco no Excel<\/a><\/li><li> <a href=\"https:\/\/exceladvisor.org\/pt\/comparar-colunas\/\">Compare duas colunas usando formata\u00e7\u00e3o condicional<\/a><\/li><li> <a href=\"https:\/\/exceladvisor.org\/pt\/outra-celula\/\">Aplicar formata\u00e7\u00e3o condicional com base em outra c\u00e9lula<\/a> <\/li><\/ul><\/div><\/div><div class=\"gb-grid-column gb-grid-column-ec8ff319\"><div class=\"gb-container gb-container-ec8ff319\"><\/div><\/div><\/div><\/div>","protected":false},"excerpt":{"rendered":"","protected":false},"author":1,"featured_media":0,"parent":0,"menu_order":0,"comment_status":"open","ping_status":"closed","template":"","meta":{"ub_ctt_via":"","footnotes":""},"class_list":["post-274","page","type-page","status-publish","hentry"],"featured_image_src":null,"yoast_head":"<!-- This site is optimized with the Yoast SEO plugin v25.4 - https:\/\/yoast.com\/wordpress\/plugins\/seo\/ -->\n<title>\u25b7 Como destacar linhas no Excel? [Guiar]<\/title>\n<meta name=\"description\" content=\"Este tutorial ajuda a destacar linhas usando formata\u00e7\u00e3o condicional no Excel. Vamos verificar isso\u2026\" \/>\n<meta name=\"robots\" content=\"index, follow, max-snippet:-1, max-image-preview:large, max-video-preview:-1\" \/>\n<link rel=\"canonical\" href=\"https:\/\/exceladvisor.org\/pt\/destacar-linhas\/\" \/>\n<meta property=\"og:locale\" content=\"pt_PT\" \/>\n<meta property=\"og:type\" content=\"article\" \/>\n<meta property=\"og:title\" content=\"\u25b7 Como destacar linhas no Excel? [Guiar]\" \/>\n<meta property=\"og:description\" content=\"Este tutorial ajuda a destacar linhas usando formata\u00e7\u00e3o condicional no Excel. Vamos verificar isso\u2026\" \/>\n<meta property=\"og:url\" content=\"https:\/\/exceladvisor.org\/pt\/destacar-linhas\/\" \/>\n<meta property=\"og:site_name\" content=\"Excel Advisor\" \/>\n<meta property=\"article:modified_time\" content=\"2023-12-06T11:37:26+00:00\" \/>\n<meta property=\"og:image\" content=\"https:\/\/exceladvisor.org\/wp-content\/uploads\/2023\/08\/1-mettre-en-surbrillance-les-lignes-a-laide-de-la-mise-en-forme-conditionnelle.png\" \/>\n<meta name=\"twitter:card\" content=\"summary_large_image\" \/>\n<meta name=\"twitter:label1\" content=\"Tempo estimado de leitura\" \/>\n\t<meta name=\"twitter:data1\" content=\"4 minutos\" \/>\n<script type=\"application\/ld+json\" class=\"yoast-schema-graph\">{\"@context\":\"https:\/\/schema.org\",\"@graph\":[{\"@type\":\"WebPage\",\"@id\":\"https:\/\/exceladvisor.org\/pt\/destacar-linhas\/\",\"url\":\"https:\/\/exceladvisor.org\/pt\/destacar-linhas\/\",\"name\":\"\u25b7 Como destacar linhas no Excel? [Guiar]\",\"isPartOf\":{\"@id\":\"https:\/\/exceladvisor.org\/pt\/#website\"},\"primaryImageOfPage\":{\"@id\":\"https:\/\/exceladvisor.org\/pt\/destacar-linhas\/#primaryimage\"},\"image\":{\"@id\":\"https:\/\/exceladvisor.org\/pt\/destacar-linhas\/#primaryimage\"},\"thumbnailUrl\":\"https:\/\/exceladvisor.org\/wp-content\/uploads\/2023\/08\/1-mettre-en-surbrillance-les-lignes-a-laide-de-la-mise-en-forme-conditionnelle.png\",\"datePublished\":\"2023-11-07T15:58:06+00:00\",\"dateModified\":\"2023-12-06T11:37:26+00:00\",\"description\":\"Este tutorial ajuda a destacar linhas usando formata\u00e7\u00e3o condicional no Excel. Vamos verificar isso\u2026\",\"breadcrumb\":{\"@id\":\"https:\/\/exceladvisor.org\/pt\/destacar-linhas\/#breadcrumb\"},\"inLanguage\":\"pt-PT\",\"potentialAction\":[{\"@type\":\"ReadAction\",\"target\":[\"https:\/\/exceladvisor.org\/pt\/destacar-linhas\/\"]}]},{\"@type\":\"ImageObject\",\"inLanguage\":\"pt-PT\",\"@id\":\"https:\/\/exceladvisor.org\/pt\/destacar-linhas\/#primaryimage\",\"url\":\"https:\/\/exceladvisor.org\/wp-content\/uploads\/2023\/08\/1-mettre-en-surbrillance-les-lignes-a-laide-de-la-mise-en-forme-conditionnelle.png\",\"contentUrl\":\"https:\/\/exceladvisor.org\/wp-content\/uploads\/2023\/08\/1-mettre-en-surbrillance-les-lignes-a-laide-de-la-mise-en-forme-conditionnelle.png\"},{\"@type\":\"BreadcrumbList\",\"@id\":\"https:\/\/exceladvisor.org\/pt\/destacar-linhas\/#breadcrumb\",\"itemListElement\":[{\"@type\":\"ListItem\",\"position\":1,\"name\":\"Lar\",\"item\":\"https:\/\/exceladvisor.org\/pt\/\"},{\"@type\":\"ListItem\",\"position\":2,\"name\":\"Como destacar linhas no excel?\"}]},{\"@type\":\"WebSite\",\"@id\":\"https:\/\/exceladvisor.org\/pt\/#website\",\"url\":\"https:\/\/exceladvisor.org\/pt\/\",\"name\":\"Excel Advisor\",\"description\":\"O seu guia definitivo para dominar os dados!\",\"publisher\":{\"@id\":\"https:\/\/exceladvisor.org\/pt\/#organization\"},\"potentialAction\":[{\"@type\":\"SearchAction\",\"target\":{\"@type\":\"EntryPoint\",\"urlTemplate\":\"https:\/\/exceladvisor.org\/pt\/?s={search_term_string}\"},\"query-input\":{\"@type\":\"PropertyValueSpecification\",\"valueRequired\":true,\"valueName\":\"search_term_string\"}}],\"inLanguage\":\"pt-PT\"},{\"@type\":\"Organization\",\"@id\":\"https:\/\/exceladvisor.org\/pt\/#organization\",\"name\":\"Excel Advisor\",\"url\":\"https:\/\/exceladvisor.org\/pt\/\",\"logo\":{\"@type\":\"ImageObject\",\"inLanguage\":\"pt-PT\",\"@id\":\"https:\/\/exceladvisor.org\/pt\/#\/schema\/logo\/image\/\",\"url\":\"https:\/\/exceladvisor.org\/pt\/wp-content\/uploads\/2023\/12\/exceladvisor.org_.png\",\"contentUrl\":\"https:\/\/exceladvisor.org\/pt\/wp-content\/uploads\/2023\/12\/exceladvisor.org_.png\",\"width\":105,\"height\":36,\"caption\":\"Excel Advisor\"},\"image\":{\"@id\":\"https:\/\/exceladvisor.org\/pt\/#\/schema\/logo\/image\/\"}}]}<\/script>\n<!-- \/ Yoast SEO plugin. -->","yoast_head_json":{"title":"\u25b7 Como destacar linhas no Excel? [Guiar]","description":"Este tutorial ajuda a destacar linhas usando formata\u00e7\u00e3o condicional no Excel. Vamos verificar isso\u2026","robots":{"index":"index","follow":"follow","max-snippet":"max-snippet:-1","max-image-preview":"max-image-preview:large","max-video-preview":"max-video-preview:-1"},"canonical":"https:\/\/exceladvisor.org\/pt\/destacar-linhas\/","og_locale":"pt_PT","og_type":"article","og_title":"\u25b7 Como destacar linhas no Excel? [Guiar]","og_description":"Este tutorial ajuda a destacar linhas usando formata\u00e7\u00e3o condicional no Excel. Vamos verificar isso\u2026","og_url":"https:\/\/exceladvisor.org\/pt\/destacar-linhas\/","og_site_name":"Excel Advisor","article_modified_time":"2023-12-06T11:37:26+00:00","og_image":[{"url":"https:\/\/exceladvisor.org\/wp-content\/uploads\/2023\/08\/1-mettre-en-surbrillance-les-lignes-a-laide-de-la-mise-en-forme-conditionnelle.png","type":"","width":"","height":""}],"twitter_card":"summary_large_image","twitter_misc":{"Tempo estimado de leitura":"4 minutos"},"schema":{"@context":"https:\/\/schema.org","@graph":[{"@type":"WebPage","@id":"https:\/\/exceladvisor.org\/pt\/destacar-linhas\/","url":"https:\/\/exceladvisor.org\/pt\/destacar-linhas\/","name":"\u25b7 Como destacar linhas no Excel? [Guiar]","isPartOf":{"@id":"https:\/\/exceladvisor.org\/pt\/#website"},"primaryImageOfPage":{"@id":"https:\/\/exceladvisor.org\/pt\/destacar-linhas\/#primaryimage"},"image":{"@id":"https:\/\/exceladvisor.org\/pt\/destacar-linhas\/#primaryimage"},"thumbnailUrl":"https:\/\/exceladvisor.org\/wp-content\/uploads\/2023\/08\/1-mettre-en-surbrillance-les-lignes-a-laide-de-la-mise-en-forme-conditionnelle.png","datePublished":"2023-11-07T15:58:06+00:00","dateModified":"2023-12-06T11:37:26+00:00","description":"Este tutorial ajuda a destacar linhas usando formata\u00e7\u00e3o condicional no Excel. Vamos verificar isso\u2026","breadcrumb":{"@id":"https:\/\/exceladvisor.org\/pt\/destacar-linhas\/#breadcrumb"},"inLanguage":"pt-PT","potentialAction":[{"@type":"ReadAction","target":["https:\/\/exceladvisor.org\/pt\/destacar-linhas\/"]}]},{"@type":"ImageObject","inLanguage":"pt-PT","@id":"https:\/\/exceladvisor.org\/pt\/destacar-linhas\/#primaryimage","url":"https:\/\/exceladvisor.org\/wp-content\/uploads\/2023\/08\/1-mettre-en-surbrillance-les-lignes-a-laide-de-la-mise-en-forme-conditionnelle.png","contentUrl":"https:\/\/exceladvisor.org\/wp-content\/uploads\/2023\/08\/1-mettre-en-surbrillance-les-lignes-a-laide-de-la-mise-en-forme-conditionnelle.png"},{"@type":"BreadcrumbList","@id":"https:\/\/exceladvisor.org\/pt\/destacar-linhas\/#breadcrumb","itemListElement":[{"@type":"ListItem","position":1,"name":"Lar","item":"https:\/\/exceladvisor.org\/pt\/"},{"@type":"ListItem","position":2,"name":"Como destacar linhas no excel?"}]},{"@type":"WebSite","@id":"https:\/\/exceladvisor.org\/pt\/#website","url":"https:\/\/exceladvisor.org\/pt\/","name":"Excel Advisor","description":"O seu guia definitivo para dominar os dados!","publisher":{"@id":"https:\/\/exceladvisor.org\/pt\/#organization"},"potentialAction":[{"@type":"SearchAction","target":{"@type":"EntryPoint","urlTemplate":"https:\/\/exceladvisor.org\/pt\/?s={search_term_string}"},"query-input":{"@type":"PropertyValueSpecification","valueRequired":true,"valueName":"search_term_string"}}],"inLanguage":"pt-PT"},{"@type":"Organization","@id":"https:\/\/exceladvisor.org\/pt\/#organization","name":"Excel Advisor","url":"https:\/\/exceladvisor.org\/pt\/","logo":{"@type":"ImageObject","inLanguage":"pt-PT","@id":"https:\/\/exceladvisor.org\/pt\/#\/schema\/logo\/image\/","url":"https:\/\/exceladvisor.org\/pt\/wp-content\/uploads\/2023\/12\/exceladvisor.org_.png","contentUrl":"https:\/\/exceladvisor.org\/pt\/wp-content\/uploads\/2023\/12\/exceladvisor.org_.png","width":105,"height":36,"caption":"Excel Advisor"},"image":{"@id":"https:\/\/exceladvisor.org\/pt\/#\/schema\/logo\/image\/"}}]}},"yoast_meta":{"yoast_wpseo_title":"","yoast_wpseo_metadesc":"","yoast_wpseo_canonical":""},"_links":{"self":[{"href":"https:\/\/exceladvisor.org\/pt\/wp-json\/wp\/v2\/pages\/274","targetHints":{"allow":["GET"]}}],"collection":[{"href":"https:\/\/exceladvisor.org\/pt\/wp-json\/wp\/v2\/pages"}],"about":[{"href":"https:\/\/exceladvisor.org\/pt\/wp-json\/wp\/v2\/types\/page"}],"author":[{"embeddable":true,"href":"https:\/\/exceladvisor.org\/pt\/wp-json\/wp\/v2\/users\/1"}],"replies":[{"embeddable":true,"href":"https:\/\/exceladvisor.org\/pt\/wp-json\/wp\/v2\/comments?post=274"}],"version-history":[{"count":1,"href":"https:\/\/exceladvisor.org\/pt\/wp-json\/wp\/v2\/pages\/274\/revisions"}],"predecessor-version":[{"id":1038,"href":"https:\/\/exceladvisor.org\/pt\/wp-json\/wp\/v2\/pages\/274\/revisions\/1038"}],"wp:attachment":[{"href":"https:\/\/exceladvisor.org\/pt\/wp-json\/wp\/v2\/media?parent=274"}],"curies":[{"name":"wp","href":"https:\/\/api.w.org\/{rel}","templated":true}]}}