{"id":275,"date":"2023-11-07T15:27:39","date_gmt":"2023-11-07T15:27:39","guid":{"rendered":"https:\/\/exceladvisor.org\/pt\/escalas-de-cores\/"},"modified":"2023-12-06T11:34:37","modified_gmt":"2023-12-06T11:34:37","slug":"escalas-de-cores","status":"publish","type":"page","link":"https:\/\/exceladvisor.org\/pt\/escalas-de-cores\/","title":{"rendered":"Como aplicar escalas de cores no excel?"},"content":{"rendered":"<div class=\"excel-before-content-2\" id=\"excel-3570211993\"><script type=\"text\/javascript\">\r\n\tatOptions = {\r\n\t\t'key' : 'c1158f160081d6540a8409e6925dab94',\r\n\t\t'format' : 'iframe',\r\n\t\t'height' : 250,\r\n\t\t'width' : 300,\r\n\t\t'params' : {}\r\n\t};\r\n<\/script>\r\n<script type=\"text\/javascript\" src=\"\/\/www.highperformanceformat.com\/c1158f160081d6540a8409e6925dab94\/invoke.js\"><\/script><\/div><div class=\"excel-before-content\" id=\"excel-1811036834\"><script type=\"text\/javascript\">\r\n\tatOptions = {\r\n\t\t'key' : 'c1158f160081d6540a8409e6925dab94',\r\n\t\t'format' : 'iframe',\r\n\t\t'height' : 250,\r\n\t\t'width' : 300,\r\n\t\t'params' : {}\r\n\t};\r\n<\/script>\r\n<script type=\"text\/javascript\" src=\"\/\/www.highperformanceformat.com\/c1158f160081d6540a8409e6925dab94\/invoke.js\"><\/script><\/div> <h2 class=\"wp-block-heading\">O que s\u00e3o escalas de cores?<\/h2><p> Escala de cores \u00e9 uma op\u00e7\u00e3o de formata\u00e7\u00e3o condicional que voc\u00ea pode aplicar a um intervalo de c\u00e9lulas para destac\u00e1-las com tons de cores com base no valor de uma c\u00e9lula espec\u00edfica. Por exemplo, as c\u00e9lulas com valores mais altos ficar\u00e3o verdes e as mais baixas ficar\u00e3o vermelhas.<\/p><p> No Excel, existem duas maneiras de usar escalas de cores.<\/p><ul><li> Escalas de cores predefinidas<\/li><li> Escalas de cores personalizadas<\/li><\/ul><p> E neste tutorial, discutiremos as duas formas em detalhes.<\/p><h2 class=\"wp-block-heading\"> Etapas para aplicar escala de cores no Excel<\/h2><ol type=\"1\"><li> Selecione o intervalo ao qual deseja aplic\u00e1-lo.<\/li><li> V\u00e1 para a p\u00e1gina inicial e clique em Formata\u00e7\u00e3o condicional.<\/li><li> V\u00e1 para Escalas de cores e coloque o cursor na escala de cores que deseja aplicar.<\/li><li> Ao final, clique na escala de cores que deseja aplicar. <\/li><\/ol><div class=\"wp-block-image\"><figure class=\"aligncenter size-full is-resized\"><img loading=\"lazy\" decoding=\"async\" class=\"wp-image-91264\" src=\"https:\/\/exceladvisor.org\/wp-content\/uploads\/2023\/08\/1-appliquer-une-echelle-de-couleurs-dans-Excel-avec-une-mise-en-forme-conditionnelle.png\" sizes=\"auto, \" srcset=\"\" alt=\"aplicar escala de cores no Excel com formata\u00e7\u00e3o condicional\" width=\"637\" height=\"481\"><\/figure><\/div><p> Existem 12 escalas de cores predefinidas que voc\u00ea pode usar aqui. Cada uma dessas escalas de cores \u00e9 \u00fanica. E as escalas de cores que aplicamos t\u00eam tr\u00eas cores; verde, amarelo e vermelho, o que significa verde para valores mais altos, amarelo para valores m\u00e9dios e vermelho para valores mais baixos.<\/p><p class=\"qt-tip\"> <strong>Nota<\/strong> : Se voc\u00ea deseja ocultar os n\u00fameros das escalas de cores, abra as op\u00e7\u00f5es Formatar c\u00e9lulas (Ctrl + 1) e clique em Personalizar e digite ;;;; na barra de entrada e clique em OK.<\/p><h2 class=\"wp-block-heading\"> Crie uma escala de cores personalizada<\/h2><p> Al\u00e9m das escalas predefinidas, voc\u00ea pode criar uma regra personalizada para aplicar a escala de cores a um intervalo de c\u00e9lulas. Para fazer isso, voc\u00ea deve clicar em \u201cMais regras\u201d nas op\u00e7\u00f5es de escala de cores. <\/p><div class=\"wp-block-image\"><figure class=\"aligncenter size-full is-resized\"><img loading=\"lazy\" decoding=\"async\" class=\"wp-image-91265\" src=\"https:\/\/exceladvisor.org\/wp-content\/uploads\/2023\/08\/2-echelles-de-couleurs-personnalisees-avec-mise-en-forme-conditionnelle.png\" sizes=\"auto, \" srcset=\"\" alt=\"escala de cores personalizada com formata\u00e7\u00e3o condicional\" width=\"371\" height=\"441\"><\/figure><\/div><p> Ao clicar nele, uma nova caixa de di\u00e1logo aparece onde voc\u00ea pode criar uma escala de cores personalizada. <\/p><div class=\"wp-block-image\"><figure class=\"aligncenter size-full is-resized\"><img loading=\"lazy\" decoding=\"async\" class=\"wp-image-91266\" src=\"https:\/\/exceladvisor.org\/wp-content\/uploads\/2023\/08\/3-creer-une-echelle-de-couleurs-personnalisee-nouvelle-mise-en-forme-conditionnelle-de-la-boite-de-dialogue.png\" sizes=\"auto, \" srcset=\"\" alt=\"criar-formata\u00e7\u00e3o-condicional-escala-de-cores-personalizada-nova-di\u00e1logo\" width=\"538\" height=\"430\"><\/figure><\/div><p> Voc\u00ea pode escolher &#8220;Estilo de formato&#8221; nesta caixa de di\u00e1logo para aplicar uma escala de 2 ou 3 cores. <\/p><div class=\"wp-block-image\"><figure class=\"aligncenter size-full is-resized\"><img loading=\"lazy\" decoding=\"async\" class=\"wp-image-91267\" src=\"https:\/\/exceladvisor.org\/wp-content\/uploads\/2023\/08\/Boite-de-dialogue-de-style-a-4-formats-pour-appliquer-une-mise-en-forme-conditionnelle.png\" sizes=\"auto, \" srcset=\"\" alt=\"caixa de di\u00e1logo de estilo de formato para aplicar formata\u00e7\u00e3o condicional\" width=\"285\" height=\"137\"><\/figure><\/div><p> Depois de selecionar a escala que deseja aplicar, voc\u00ea ter\u00e1 cinco maneiras de criar uma regra:<\/p><h3 class=\"wp-block-heading\"> 1. Valor mais baixo\/mais alto<\/h3><p> Esta \u00e9 a forma padr\u00e3o de criar uma regra, e as regras predefinidas s\u00e3o baseadas nela. Ele pega o valor inferior e o valor superior do intervalo selecionado e cria uma regra com base nisso.<\/p><h3 class=\"wp-block-heading\"> 2. Porcentagem<\/h3><p> Com a porcentagem, voc\u00ea pode especificar a porcentagem para valores baixos, m\u00e9dios e altos (3 escalas) ou valores baixos e altos (2 escalas). Por exemplo, se voc\u00ea especificar 10% na porcentagem mais baixa, o tom mais escuro da cor inferior ser\u00e1 aplicado aos valores de 10% mais baixos. E se voc\u00ea usar 80% da porcentagem mais alta, aplicar\u00e1 o tom mais escuro da cor mais alta aos 20% superiores. <\/p><div class=\"wp-block-image\"><figure class=\"aligncenter size-full is-resized\"><img loading=\"lazy\" decoding=\"async\" class=\"wp-image-91268\" src=\"https:\/\/exceladvisor.org\/wp-content\/uploads\/2023\/08\/Mise-en-forme-conditionnelle-de-lechelle-de-couleurs-a-5-.png\" sizes=\"auto, \" srcset=\"\" alt=\"formata\u00e7\u00e3o condicional da escala de cores em porcentagem\" width=\"670\" height=\"513\"><\/figure><\/div><h3 class=\"wp-block-heading\"> 3. Percentil<\/h3><p> O percentil funciona de maneira diferente para a aplica\u00e7\u00e3o de escalas de cores. No exemplo abaixo, usamos 80 para o valor mais alto, o que significa o 20\u00ba percentil superior. Isso criar\u00e1 um grupo de valores principais e a mesma tonalidade de cor ser\u00e1 aplicada a todas essas c\u00e9lulas. <\/p><div class=\"wp-block-image\"><figure class=\"aligncenter size-full is-resized\"><img loading=\"lazy\" decoding=\"async\" class=\"wp-image-91269\" src=\"https:\/\/exceladvisor.org\/wp-content\/uploads\/2023\/08\/Mise-en-forme-conditionnelle-de-lechelle-de-couleurs-a-6-centiles.png\" sizes=\"auto, \" srcset=\"\" alt=\"formata\u00e7\u00e3o condicional de escala de cores percentil\" width=\"739\" height=\"529\"><\/figure><\/div><p> O mesmo acontece com o percentil mais baixo e os valores mais baixos do 10\u00ba percentil. Todos os valores neste grupo de valores obter\u00e3o a cor exata que voc\u00ea especificou na cor m\u00ednima.<\/p><p> <em><strong>Links r\u00e1pidos para saber mais<\/strong> \u2013 <a href=\"https:\/\/www.reddit.com\/r\/sheets\/comments\/pss0rd\/conditional_formatting_percent_vs_percentile\/\" target=\"_blank\" rel=\"noreferrer noopener nofollow\">Link<\/a><\/em><\/p><h3 class=\"wp-block-heading\"> 4.N\u00famero<\/h3><p> Com 0number, voc\u00ea pode definir um n\u00famero personalizado digitando-o. Esta op\u00e7\u00e3o \u00e9 ideal ao usar n\u00fameros de acordo com um padr\u00e3o. Digamos que voc\u00ea queira aplicar uma cor baseada em 0 e 100 como valores m\u00ednimo e m\u00e1ximo. <\/p><div class=\"wp-block-image\"><figure class=\"aligncenter size-full is-resized\"><img loading=\"lazy\" decoding=\"async\" class=\"wp-image-91270\" src=\"https:\/\/exceladvisor.org\/wp-content\/uploads\/2023\/08\/Mise-en-forme-conditionnelle-de-lechelle-de-couleurs-a-7-chiffres.png\" sizes=\"auto, \" srcset=\"\" alt=\"formata\u00e7\u00e3o condicional de escala de cores num\u00e9rica\" width=\"682\" height=\"522\"><\/figure><\/div><h3 class=\"wp-block-heading\"> 5. Formul\u00e1rio<\/h3><p> \u00c0s vezes voc\u00ea pode precisar obter o valor usando uma f\u00f3rmula. Digamos que voc\u00ea queira aplicar a escala de cores a uma coluna, mas deseja obter os valores m\u00ednimo, mediano e m\u00e1ximo de outra coluna. <\/p><div class=\"wp-block-image\"><figure class=\"aligncenter size-full is-resized\"><img loading=\"lazy\" decoding=\"async\" class=\"wp-image-91271\" src=\"https:\/\/exceladvisor.org\/wp-content\/uploads\/2023\/08\/Mise-en-forme-conditionnelle-de-lechelle-de-couleurs-a-8-formules.png\" sizes=\"auto, \" srcset=\"\" alt=\"formata\u00e7\u00e3o condicional de f\u00f3rmula de escala de cores\" width=\"709\" height=\"454\"><\/figure><\/div><h2 class=\"wp-block-heading\"> Criando uma escala de cores com mais de 3 cores<\/h2><p> N\u00e3o temos capacidade de criar uma escala de 4 ou mais cores; neste caso, voc\u00ea pode criar cinco regras condicionais. Abaixo temos uma escala de 5 cores onde usamos cinco r\u00e9guas diferentes. <\/p><div class=\"wp-block-image\"><figure class=\"aligncenter size-full is-resized\"><img loading=\"lazy\" decoding=\"async\" class=\"wp-image-91272\" src=\"https:\/\/exceladvisor.org\/wp-content\/uploads\/2023\/08\/9-autres-echelles-de-couleurs-mise-en-forme-conditionnelle.png\" sizes=\"auto, \" srcset=\"\" alt=\"mais escalas de cores-formata\u00e7\u00e3o condicional\" width=\"634\" height=\"307\"><\/figure><\/div><p> Cada uma dessas cinco regras utiliza cinco condi\u00e7\u00f5es diferentes. <\/p><div class=\"wp-block-image\"><figure class=\"aligncenter size-full is-resized\"><img loading=\"lazy\" decoding=\"async\" class=\"wp-image-91273\" src=\"https:\/\/exceladvisor.org\/wp-content\/uploads\/2023\/08\/10-echelles-de-couleurs-a-cinq-regles-de-mise-en-forme-conditionnelle.png\" sizes=\"auto, \" srcset=\"\" alt=\"formata\u00e7\u00e3o condicional de escala de cores de cinco regras\" width=\"597\" height=\"261\"><\/figure><\/div><p> Essas cinco f\u00f3rmulas calculam cinco blocos diferentes de n\u00fameros no intervalo.<\/p><ol type=\"1\"><li> Abaixo de 2.000<\/li><li> De 2000 a 3999<\/li><li> De 4.000 a 5.999<\/li><li> De 6.000 a 7.999<\/li><li> Acima de 8.000<\/li><\/ol><p> E para cada f\u00f3rmula existe uma cor definida para aplicar. <\/p><div class=\"gb-container gb-container-52dfcee1 gb-container-sample-file\"><h2 class=\"gb-headline gb-headline-e289c143 gb-headline-text gb-headline-4f7959c2\"> Obtenha o arquivo Excel<\/h2> <a class=\"gb-button gb-button-e88d6bee gb-button-text gb-button-button1\" href=\"https:\/\/exceladvisor.org\/wp-content\/uploads\/2023\/11\/echelles-de-couleurs-2.xlsx\" rel=\"nofollow\">Download<\/a><\/div><div class=\"gb-container gb-container-6076ba72 gb-container-mt\"> <a class=\"gb-button gb-button-76e6a499 gb-button-text gb-button-mt-button\" href=\"https:\/\/exceladvisor.org\/pt\/nocoes-basicas-de-excel\/\">Aprenda o b\u00e1sico do Excel<\/a><h2 class=\"gb-headline gb-headline-a9e9e206 gb-headline-text gb-headline-mt-heading\"> Saiba mais sobre <a href=\"https:\/\/exceladvisor.org\/pt\/formatacao-condicional\/\">formata\u00e7\u00e3o condicional<\/a> <\/h2><div class=\"gb-grid-wrapper gb-grid-wrapper-790317cb gb-grid-wrapper-mt-grid\"><div class=\"gb-grid-column gb-grid-column-a9845ede\"><div class=\"gb-container gb-container-a9845ede\"><ul><li> <a href=\"https:\/\/exceladvisor.org\/pt\/aplicar-formatacao-condicional\/\">Aplicar formata\u00e7\u00e3o condicional a uma tabela din\u00e2mica<\/a><\/li><li> <a href=\"https:\/\/exceladvisor.org\/pt\/retirar\/\">Remover formata\u00e7\u00e3o condicional<\/a><\/li><li> <a href=\"https:\/\/exceladvisor.org\/pt\/celulas-vazias\/\">Aplicar formata\u00e7\u00e3o condicional em c\u00e9lulas em branco no Excel<\/a><\/li><li> <a href=\"https:\/\/exceladvisor.org\/pt\/comparar-colunas\/\">Compare duas colunas usando formata\u00e7\u00e3o condicional<\/a><\/li><li> <a href=\"https:\/\/exceladvisor.org\/pt\/outra-celula\/\">Aplicar formata\u00e7\u00e3o condicional com base em outra c\u00e9lula<\/a><\/li><\/ul><\/div><\/div><\/div><\/div>","protected":false},"excerpt":{"rendered":"","protected":false},"author":1,"featured_media":0,"parent":0,"menu_order":0,"comment_status":"open","ping_status":"closed","template":"","meta":{"ub_ctt_via":"","footnotes":""},"class_list":["post-275","page","type-page","status-publish","hentry"],"featured_image_src":null,"yoast_head":"<!-- This site is optimized with the Yoast SEO plugin v25.4 - https:\/\/yoast.com\/wordpress\/plugins\/seo\/ -->\n<title>Como aplicar escalas de cores no Excel?<\/title>\n<meta name=\"robots\" content=\"index, follow, max-snippet:-1, max-image-preview:large, max-video-preview:-1\" \/>\n<link rel=\"canonical\" href=\"https:\/\/exceladvisor.org\/pt\/escalas-de-cores\/\" \/>\n<meta property=\"og:locale\" content=\"pt_PT\" \/>\n<meta property=\"og:type\" content=\"article\" \/>\n<meta property=\"og:title\" content=\"Como aplicar escalas de cores no Excel?\" \/>\n<meta property=\"og:url\" content=\"https:\/\/exceladvisor.org\/pt\/escalas-de-cores\/\" \/>\n<meta property=\"og:site_name\" content=\"Excel Advisor\" \/>\n<meta property=\"article:modified_time\" content=\"2023-12-06T11:34:37+00:00\" \/>\n<meta property=\"og:image\" content=\"https:\/\/exceladvisor.org\/wp-content\/uploads\/2023\/08\/1-appliquer-une-echelle-de-couleurs-dans-Excel-avec-une-mise-en-forme-conditionnelle.png\" \/>\n<meta name=\"twitter:card\" content=\"summary_large_image\" \/>\n<meta name=\"twitter:label1\" content=\"Tempo estimado de leitura\" \/>\n\t<meta name=\"twitter:data1\" content=\"4 minutos\" \/>\n<script type=\"application\/ld+json\" class=\"yoast-schema-graph\">{\"@context\":\"https:\/\/schema.org\",\"@graph\":[{\"@type\":\"WebPage\",\"@id\":\"https:\/\/exceladvisor.org\/pt\/escalas-de-cores\/\",\"url\":\"https:\/\/exceladvisor.org\/pt\/escalas-de-cores\/\",\"name\":\"Como aplicar escalas de cores no Excel?\",\"isPartOf\":{\"@id\":\"https:\/\/exceladvisor.org\/pt\/#website\"},\"primaryImageOfPage\":{\"@id\":\"https:\/\/exceladvisor.org\/pt\/escalas-de-cores\/#primaryimage\"},\"image\":{\"@id\":\"https:\/\/exceladvisor.org\/pt\/escalas-de-cores\/#primaryimage\"},\"thumbnailUrl\":\"https:\/\/exceladvisor.org\/wp-content\/uploads\/2023\/08\/1-appliquer-une-echelle-de-couleurs-dans-Excel-avec-une-mise-en-forme-conditionnelle.png\",\"datePublished\":\"2023-11-07T15:27:39+00:00\",\"dateModified\":\"2023-12-06T11:34:37+00:00\",\"breadcrumb\":{\"@id\":\"https:\/\/exceladvisor.org\/pt\/escalas-de-cores\/#breadcrumb\"},\"inLanguage\":\"pt-PT\",\"potentialAction\":[{\"@type\":\"ReadAction\",\"target\":[\"https:\/\/exceladvisor.org\/pt\/escalas-de-cores\/\"]}]},{\"@type\":\"ImageObject\",\"inLanguage\":\"pt-PT\",\"@id\":\"https:\/\/exceladvisor.org\/pt\/escalas-de-cores\/#primaryimage\",\"url\":\"https:\/\/exceladvisor.org\/wp-content\/uploads\/2023\/08\/1-appliquer-une-echelle-de-couleurs-dans-Excel-avec-une-mise-en-forme-conditionnelle.png\",\"contentUrl\":\"https:\/\/exceladvisor.org\/wp-content\/uploads\/2023\/08\/1-appliquer-une-echelle-de-couleurs-dans-Excel-avec-une-mise-en-forme-conditionnelle.png\"},{\"@type\":\"BreadcrumbList\",\"@id\":\"https:\/\/exceladvisor.org\/pt\/escalas-de-cores\/#breadcrumb\",\"itemListElement\":[{\"@type\":\"ListItem\",\"position\":1,\"name\":\"Lar\",\"item\":\"https:\/\/exceladvisor.org\/pt\/\"},{\"@type\":\"ListItem\",\"position\":2,\"name\":\"Como aplicar escalas de cores no excel?\"}]},{\"@type\":\"WebSite\",\"@id\":\"https:\/\/exceladvisor.org\/pt\/#website\",\"url\":\"https:\/\/exceladvisor.org\/pt\/\",\"name\":\"Excel Advisor\",\"description\":\"O seu guia definitivo para dominar os dados!\",\"publisher\":{\"@id\":\"https:\/\/exceladvisor.org\/pt\/#organization\"},\"potentialAction\":[{\"@type\":\"SearchAction\",\"target\":{\"@type\":\"EntryPoint\",\"urlTemplate\":\"https:\/\/exceladvisor.org\/pt\/?s={search_term_string}\"},\"query-input\":{\"@type\":\"PropertyValueSpecification\",\"valueRequired\":true,\"valueName\":\"search_term_string\"}}],\"inLanguage\":\"pt-PT\"},{\"@type\":\"Organization\",\"@id\":\"https:\/\/exceladvisor.org\/pt\/#organization\",\"name\":\"Excel Advisor\",\"url\":\"https:\/\/exceladvisor.org\/pt\/\",\"logo\":{\"@type\":\"ImageObject\",\"inLanguage\":\"pt-PT\",\"@id\":\"https:\/\/exceladvisor.org\/pt\/#\/schema\/logo\/image\/\",\"url\":\"https:\/\/exceladvisor.org\/pt\/wp-content\/uploads\/2023\/12\/exceladvisor.org_.png\",\"contentUrl\":\"https:\/\/exceladvisor.org\/pt\/wp-content\/uploads\/2023\/12\/exceladvisor.org_.png\",\"width\":105,\"height\":36,\"caption\":\"Excel Advisor\"},\"image\":{\"@id\":\"https:\/\/exceladvisor.org\/pt\/#\/schema\/logo\/image\/\"}}]}<\/script>\n<!-- \/ Yoast SEO plugin. -->","yoast_head_json":{"title":"Como aplicar escalas de cores no Excel?","robots":{"index":"index","follow":"follow","max-snippet":"max-snippet:-1","max-image-preview":"max-image-preview:large","max-video-preview":"max-video-preview:-1"},"canonical":"https:\/\/exceladvisor.org\/pt\/escalas-de-cores\/","og_locale":"pt_PT","og_type":"article","og_title":"Como aplicar escalas de cores no Excel?","og_url":"https:\/\/exceladvisor.org\/pt\/escalas-de-cores\/","og_site_name":"Excel Advisor","article_modified_time":"2023-12-06T11:34:37+00:00","og_image":[{"url":"https:\/\/exceladvisor.org\/wp-content\/uploads\/2023\/08\/1-appliquer-une-echelle-de-couleurs-dans-Excel-avec-une-mise-en-forme-conditionnelle.png","type":"","width":"","height":""}],"twitter_card":"summary_large_image","twitter_misc":{"Tempo estimado de leitura":"4 minutos"},"schema":{"@context":"https:\/\/schema.org","@graph":[{"@type":"WebPage","@id":"https:\/\/exceladvisor.org\/pt\/escalas-de-cores\/","url":"https:\/\/exceladvisor.org\/pt\/escalas-de-cores\/","name":"Como aplicar escalas de cores no Excel?","isPartOf":{"@id":"https:\/\/exceladvisor.org\/pt\/#website"},"primaryImageOfPage":{"@id":"https:\/\/exceladvisor.org\/pt\/escalas-de-cores\/#primaryimage"},"image":{"@id":"https:\/\/exceladvisor.org\/pt\/escalas-de-cores\/#primaryimage"},"thumbnailUrl":"https:\/\/exceladvisor.org\/wp-content\/uploads\/2023\/08\/1-appliquer-une-echelle-de-couleurs-dans-Excel-avec-une-mise-en-forme-conditionnelle.png","datePublished":"2023-11-07T15:27:39+00:00","dateModified":"2023-12-06T11:34:37+00:00","breadcrumb":{"@id":"https:\/\/exceladvisor.org\/pt\/escalas-de-cores\/#breadcrumb"},"inLanguage":"pt-PT","potentialAction":[{"@type":"ReadAction","target":["https:\/\/exceladvisor.org\/pt\/escalas-de-cores\/"]}]},{"@type":"ImageObject","inLanguage":"pt-PT","@id":"https:\/\/exceladvisor.org\/pt\/escalas-de-cores\/#primaryimage","url":"https:\/\/exceladvisor.org\/wp-content\/uploads\/2023\/08\/1-appliquer-une-echelle-de-couleurs-dans-Excel-avec-une-mise-en-forme-conditionnelle.png","contentUrl":"https:\/\/exceladvisor.org\/wp-content\/uploads\/2023\/08\/1-appliquer-une-echelle-de-couleurs-dans-Excel-avec-une-mise-en-forme-conditionnelle.png"},{"@type":"BreadcrumbList","@id":"https:\/\/exceladvisor.org\/pt\/escalas-de-cores\/#breadcrumb","itemListElement":[{"@type":"ListItem","position":1,"name":"Lar","item":"https:\/\/exceladvisor.org\/pt\/"},{"@type":"ListItem","position":2,"name":"Como aplicar escalas de cores no excel?"}]},{"@type":"WebSite","@id":"https:\/\/exceladvisor.org\/pt\/#website","url":"https:\/\/exceladvisor.org\/pt\/","name":"Excel Advisor","description":"O seu guia definitivo para dominar os dados!","publisher":{"@id":"https:\/\/exceladvisor.org\/pt\/#organization"},"potentialAction":[{"@type":"SearchAction","target":{"@type":"EntryPoint","urlTemplate":"https:\/\/exceladvisor.org\/pt\/?s={search_term_string}"},"query-input":{"@type":"PropertyValueSpecification","valueRequired":true,"valueName":"search_term_string"}}],"inLanguage":"pt-PT"},{"@type":"Organization","@id":"https:\/\/exceladvisor.org\/pt\/#organization","name":"Excel Advisor","url":"https:\/\/exceladvisor.org\/pt\/","logo":{"@type":"ImageObject","inLanguage":"pt-PT","@id":"https:\/\/exceladvisor.org\/pt\/#\/schema\/logo\/image\/","url":"https:\/\/exceladvisor.org\/pt\/wp-content\/uploads\/2023\/12\/exceladvisor.org_.png","contentUrl":"https:\/\/exceladvisor.org\/pt\/wp-content\/uploads\/2023\/12\/exceladvisor.org_.png","width":105,"height":36,"caption":"Excel Advisor"},"image":{"@id":"https:\/\/exceladvisor.org\/pt\/#\/schema\/logo\/image\/"}}]}},"yoast_meta":{"yoast_wpseo_title":"","yoast_wpseo_metadesc":"","yoast_wpseo_canonical":""},"_links":{"self":[{"href":"https:\/\/exceladvisor.org\/pt\/wp-json\/wp\/v2\/pages\/275","targetHints":{"allow":["GET"]}}],"collection":[{"href":"https:\/\/exceladvisor.org\/pt\/wp-json\/wp\/v2\/pages"}],"about":[{"href":"https:\/\/exceladvisor.org\/pt\/wp-json\/wp\/v2\/types\/page"}],"author":[{"embeddable":true,"href":"https:\/\/exceladvisor.org\/pt\/wp-json\/wp\/v2\/users\/1"}],"replies":[{"embeddable":true,"href":"https:\/\/exceladvisor.org\/pt\/wp-json\/wp\/v2\/comments?post=275"}],"version-history":[{"count":1,"href":"https:\/\/exceladvisor.org\/pt\/wp-json\/wp\/v2\/pages\/275\/revisions"}],"predecessor-version":[{"id":840,"href":"https:\/\/exceladvisor.org\/pt\/wp-json\/wp\/v2\/pages\/275\/revisions\/840"}],"wp:attachment":[{"href":"https:\/\/exceladvisor.org\/pt\/wp-json\/wp\/v2\/media?parent=275"}],"curies":[{"name":"wp","href":"https:\/\/api.w.org\/{rel}","templated":true}]}}