{"id":276,"date":"2023-11-07T15:19:24","date_gmt":"2023-11-07T15:19:24","guid":{"rendered":"https:\/\/exceladvisor.org\/pt\/barras-de-dados\/"},"modified":"2023-12-06T11:33:47","modified_gmt":"2023-12-06T11:33:47","slug":"barras-de-dados","status":"publish","type":"page","link":"https:\/\/exceladvisor.org\/pt\/barras-de-dados\/","title":{"rendered":"Como adicionar barras de dados no excel?"},"content":{"rendered":"<div class=\"excel-before-content-2\" id=\"excel-374320494\"><script type=\"text\/javascript\">\r\n\tatOptions = {\r\n\t\t'key' : 'c1158f160081d6540a8409e6925dab94',\r\n\t\t'format' : 'iframe',\r\n\t\t'height' : 250,\r\n\t\t'width' : 300,\r\n\t\t'params' : {}\r\n\t};\r\n<\/script>\r\n<script type=\"text\/javascript\" src=\"\/\/www.highperformanceformat.com\/c1158f160081d6540a8409e6925dab94\/invoke.js\"><\/script><\/div><div class=\"excel-before-content\" id=\"excel-1404045196\"><script type=\"text\/javascript\">\r\n\tatOptions = {\r\n\t\t'key' : 'c1158f160081d6540a8409e6925dab94',\r\n\t\t'format' : 'iframe',\r\n\t\t'height' : 250,\r\n\t\t'width' : 300,\r\n\t\t'params' : {}\r\n\t};\r\n<\/script>\r\n<script type=\"text\/javascript\" src=\"\/\/www.highperformanceformat.com\/c1158f160081d6540a8409e6925dab94\/invoke.js\"><\/script><\/div> <p>No Excel, voc\u00ea pode adicionar barras de dados a uma ou mais c\u00e9lulas usando formata\u00e7\u00e3o condicional. Com a formata\u00e7\u00e3o condicional, voc\u00ea tem duas op\u00e7\u00f5es para adicion\u00e1-los:<\/p><ul><li> Barras de dados predefinidas<\/li><li> Barras de dados personalizadas<\/li><\/ul><p> Neste tutorial, veremos os dois m\u00e9todos e aprenderemos como us\u00e1-los para analisar dados rapidamente.<\/p><h2 class=\"wp-block-heading\"> Etapas para adicionar barras de dados no Excel a partir de formata\u00e7\u00e3o condicional<\/h2><ol type=\"1\"><li> Primeiro, selecione os dados que deseja adicionar \u00e0 barra de dados.<\/li><li> V\u00e1 para a p\u00e1gina inicial e clique no menu suspenso Formata\u00e7\u00e3o Condicional.<\/li><li> A partir da\u00ed, navegue at\u00e9 a op\u00e7\u00e3o Barra de dados.<\/li><li> Por fim, clique no estilo de barra de dados que deseja aplicar. <\/li><\/ol><div class=\"wp-block-image\"><figure class=\"aligncenter size-full is-resized\"><img loading=\"lazy\" decoding=\"async\" class=\"wp-image-91289\" src=\"https:\/\/exceladvisor.org\/wp-content\/uploads\/2023\/08\/1-barres-de-donnees-dans-Excel-a-partir-de-la-mise-en-forme-conditionnelle.png\" sizes=\"auto, \" srcset=\"\" alt=\"barras de dados no Excel da formata\u00e7\u00e3o condicional\" width=\"672\" height=\"494\"><\/figure><\/div><p> E no momento em que voc\u00ea clica na nova barra de dados que deseja aplicar aos dados; voc\u00ea obter\u00e1 isso instantaneamente. Estas regras predefinidas da barra de dados s\u00e3o bastante f\u00e1ceis de aplicar.<\/p><p> Ao selecionar um deles, ele pega os valores mais altos dos dados selecionados e adiciona uma barra de dados completa. E ent\u00e3o use esse valor para adicionar barras ao restante das c\u00e9lulas. <\/p><div class=\"wp-block-image\"><figure class=\"aligncenter size-full is-resized\"><img loading=\"lazy\" decoding=\"async\" class=\"wp-image-91290\" src=\"https:\/\/exceladvisor.org\/wp-content\/uploads\/2023\/08\/2-valeurs-les-plus-elevees-de-la-mise-en-forme-conditionnelle-des-donnees-selectionnees.png\" sizes=\"auto, \" srcset=\"\" alt=\"valores mais altos de dados selecionados de formata\u00e7\u00e3o condicional\" width=\"327\" height=\"290\"><\/figure><\/div><p> Existem 12 barras de dados que voc\u00ea pode aplicar rapidamente aos dados.<\/p><h2 class=\"wp-block-heading\"> Adicione barras de dados com configura\u00e7\u00f5es personalizadas (mais regras)<\/h2><p> Primeiro, v\u00e1 para Home &gt; Formata\u00e7\u00e3o Condicional &gt; Barras de Dados &gt; Mais Regras. <\/p><div class=\"wp-block-image\"><figure class=\"aligncenter size-full is-resized\"><img loading=\"lazy\" decoding=\"async\" class=\"wp-image-91291\" src=\"https:\/\/exceladvisor.org\/wp-content\/uploads\/2023\/08\/3-barres-de-donnees-avec-mise-en-forme-conditionnelle-des-parametres-personnalises.png\" sizes=\"auto, \" srcset=\"\" alt=\"barras de dados com formata\u00e7\u00e3o condicional de par\u00e2metros personalizados\" width=\"368\" height=\"402\"><\/figure><\/div><p> Depois de clicar nele, voc\u00ea receber\u00e1 uma caixa de di\u00e1logo para usar configura\u00e7\u00f5es personalizadas para adicionar barras de dados. <\/p><div class=\"wp-block-image\"><figure class=\"aligncenter size-full is-resized\"><img loading=\"lazy\" decoding=\"async\" class=\"wp-image-91292\" src=\"https:\/\/exceladvisor.org\/wp-content\/uploads\/2023\/08\/4-utiliser-les-parametres-personnalises-pour-ajouter-la-mise-en-forme-conditionnelle-des-barres-de-donnees.png\" sizes=\"auto, \" srcset=\"\" alt=\"use par\u00e2metros personalizados para adicionar formata\u00e7\u00e3o de barra de dados condicional\" width=\"557\" height=\"539\"><\/figure><\/div><p> Nesta caixa de di\u00e1logo, voc\u00ea tem muitas op\u00e7\u00f5es para criar uma regra de barra de dados personalizada. Por exemplo, voc\u00ea pode alterar a forma como aplica as barras de dados no menu suspenso \u201cTipo\u201d. <\/p><div class=\"wp-block-image\"><figure class=\"aligncenter size-full is-resized\"><img loading=\"lazy\" decoding=\"async\" class=\"wp-image-91293\" src=\"https:\/\/exceladvisor.org\/wp-content\/uploads\/2023\/08\/5-changer-la-facon-dont-vous-appliquez-la-mise-en-forme-conditionnelle-des-barres-de-donnees.png\" sizes=\"auto, \" srcset=\"\" alt=\"alterar como aplicar a formata\u00e7\u00e3o condicional da barra de dados\" width=\"585\" height=\"149\"><\/figure><\/div><h3 class=\"wp-block-heading\"> 1. Mais baixo e mais alto<\/h3><p> Com esta op\u00e7\u00e3o, o Excel pegar\u00e1 o menor e o maior n\u00famero dos pr\u00f3prios dados. Como voc\u00ea pode ver no exemplo abaixo, o n\u00famero mais baixo nos dados n\u00e3o possui barra de dados e o n\u00famero mais alto nos dados possui uma barra de dados completa. <\/p><div class=\"wp-block-image\"><figure class=\"aligncenter size-full is-resized\"><img loading=\"lazy\" decoding=\"async\" class=\"wp-image-91294\" src=\"https:\/\/exceladvisor.org\/wp-content\/uploads\/2023\/08\/6-nombre-le-plus-eleve-dans-la-mise-en-forme-conditionnelle-des-donnees.png\" sizes=\"auto, \" srcset=\"\" alt=\"n\u00famero mais alto na formata\u00e7\u00e3o de dados condicionais\" width=\"664\" height=\"320\"><\/figure><\/div><h3 class=\"wp-block-heading\"> 2.N\u00fameros<\/h3><p> Com a op\u00e7\u00e3o N\u00fameros, voc\u00ea mesmo pode definir o n\u00famero mais baixo e o mais alto. E levar\u00e1 em conta esse intervalo de n\u00fameros para adicionar a barra de dados.<\/p><p> No exemplo abaixo, o n\u00famero mais baixo \u00e9 0 e o n\u00famero mais alto \u00e9 4000, raz\u00e3o pela qual todas as barras de dados s\u00e3o consideravelmente pequenas em compara\u00e7\u00e3o com a largura da c\u00e9lula. <\/p><div class=\"wp-block-image\"><figure class=\"aligncenter size-full is-resized\"><img loading=\"lazy\" decoding=\"async\" class=\"wp-image-91295\" src=\"https:\/\/exceladvisor.org\/wp-content\/uploads\/2023\/08\/Mise-en-forme-conditionnelle-des-barres-de-donnees-a-7-chiffres.png\" sizes=\"auto, \" srcset=\"\" alt=\"n\u00fameros-databars-formata\u00e7\u00e3o condicional\" width=\"705\" height=\"337\"><\/figure><\/div><h3 class=\"wp-block-heading\"> 3. Porcentagem<\/h3><p> Com porcentagem, voc\u00ea pode definir o valor equivalente mais baixo e mais alto de uma porcentagem. No exemplo abaixo temos 20% para o m\u00ednimo e 80% para o m\u00e1ximo. <\/p><div class=\"wp-block-image\"><figure class=\"aligncenter size-full is-resized\"><img loading=\"lazy\" decoding=\"async\" class=\"wp-image-91296\" src=\"https:\/\/exceladvisor.org\/wp-content\/uploads\/2023\/08\/Mise-en-forme-conditionnelle-de-8-barres-de-donnees-de-pourcentage.png\" sizes=\"auto, \" srcset=\"\" alt=\"formata\u00e7\u00e3o condicional de barras de dados de porcentagem\" width=\"740\" height=\"349\"><\/figure><\/div><p> A soma total dos valores \u00e9 14.733 e 20% \u00e9 2.946,6. Agora, se voc\u00ea vir os dois valores mais baixos, 1161 e 1201, que \u00e9 2362, isso cobre a maior parte dos 20% inferiores da moeda. \u00c9 por isso que voc\u00ea n\u00e3o tem uma barra nessas duas c\u00e9lulas.<\/p><p> Quando voc\u00ea usa 80% para o m\u00e1ximo, isso tamb\u00e9m significa levar em considera\u00e7\u00e3o os 20% mais altos dos valores. E os dois primeiros valores s\u00e3o 1874 e 1651, e o total de ambos \u00e9 3525, e 3525 \u00e9 maior que 20% da soma dos valores.<\/p><p> \u00c9 por isso que voc\u00ea tem uma barra s\u00f3lida na c\u00e9lula com 1874, e a c\u00e9lula com o valor 1651 tem uma barra consideravelmente mais larga que os outros valores.<\/p><h3 class=\"wp-block-heading\"> 4. Percentil<\/h3><p> Com o percentil voc\u00ea pode criar um grupo de valores superiores e inferiores e ter uma barra de dados exata. Colocar&#8217; <\/p><div class=\"wp-block-image\"><figure class=\"aligncenter size-full is-resized\"><img loading=\"lazy\" decoding=\"async\" class=\"wp-image-91297\" src=\"https:\/\/exceladvisor.org\/wp-content\/uploads\/2023\/08\/Mise-en-forme-conditionnelle-des-barres-de-donnees-a-9-centiles.png\" sizes=\"auto, \" srcset=\"\" alt=\"formata\u00e7\u00e3o condicional de barras de dados percentuais\" width=\"695\" height=\"378\"><\/figure><\/div><p> Suponha que voc\u00ea especifique o 70\u00ba percentil para o topo, o que significa os primeiros 30 valores do percentil. Nossos dados t\u00eam dez valores, e os 30 percentis superiores ser\u00e3o os 3 primeiros. E \u00e9 por isso que voc\u00ea pode ver nos dados que as c\u00e9lulas com os tr\u00eas primeiros valores possuem barras de dados de largura total.<\/p><p> Para o m\u00ednimo, utilizamos 30 com m\u00e9dia de 30 percentis dos valores mais baixos. E como temos dez valores nos dados, os 30 valores inferiores do percentil ser\u00e3o 3. E \u00e9 por isso que os tr\u00eas valores inferiores n\u00e3o t\u00eam uma barra de dados.<\/p><p> E outras c\u00e9lulas possuem barras de dados baseadas em valores.<\/p><h3 class=\"wp-block-heading\"> 5. Formul\u00e1rio<\/h3><p> Voc\u00ea tamb\u00e9m pode usar uma f\u00f3rmula para definir os n\u00fameros m\u00ednimo e m\u00e1ximo de barras de dados. Normalmente voc\u00ea n\u00e3o precisa fazer isso na maioria das vezes, mas h\u00e1 situa\u00e7\u00f5es espec\u00edficas em que voc\u00ea precisa fazer isso. <\/p><div class=\"wp-block-image\"><figure class=\"aligncenter size-full is-resized\"><img loading=\"lazy\" decoding=\"async\" class=\"wp-image-91298\" src=\"https:\/\/exceladvisor.org\/wp-content\/uploads\/2023\/08\/10-barres-de-donnees-de-formule-mise-en-forme-conditionnelle.png\" sizes=\"auto, \" srcset=\"\" alt=\"formata\u00e7\u00e3o condicional de f\u00f3rmula de barra de dados\" width=\"732\" height=\"398\"><\/figure><\/div><p> Voc\u00ea pode ver no exemplo acima; usamos as fun\u00e7\u00f5es MIN e MAX para criar f\u00f3rmulas para obter os valores m\u00ednimo e m\u00e1ximo da coluna B para aplicar as barras de dados na coluna A.<\/p><h3 class=\"wp-block-heading\"> 6. Autom\u00e1tico<\/h3><p> Usamos o mesmo m\u00e9todo aplicando barras de dados com regras predefinidas.<\/p><h2 class=\"wp-block-heading\"> Formata\u00e7\u00e3o personalizada para a barra de dados<\/h2><p> Voc\u00ea tamb\u00e9m tem op\u00e7\u00f5es para alterar a formata\u00e7\u00e3o das barras de dados conforme necess\u00e1rio. <\/p><div class=\"wp-block-image\"><figure class=\"aligncenter size-full is-resized\"><img loading=\"lazy\" decoding=\"async\" class=\"wp-image-91299\" src=\"https:\/\/exceladvisor.org\/wp-content\/uploads\/2023\/08\/11-mises-en-forme-personnalisees-des-barres-de-donnees-mise-en-forme-conditionnelle.png\" sizes=\"auto, \" srcset=\"\" alt=\"formata\u00e7\u00e3o personalizada-databars-formata\u00e7\u00e3o condicional\" width=\"514\" height=\"174\"><\/figure><\/div><ol type=\"1\"><li> Voc\u00ea pode alterar o tipo de cor de s\u00f3lida para gradiente e de gradiente para s\u00f3lida.<\/li><li> Existe a op\u00e7\u00e3o de adicionar uma borda ao redor da barra.<\/li><li> E voc\u00ea pode mudar a dire\u00e7\u00e3o da barra da esquerda para a direita ou da direita para a esquerda.<\/li><\/ol><p> E se de alguma forma voc\u00ea quiser apenas mostrar as barras e ocultar os n\u00fameros, pode marcar a caixa \u201cMostrar apenas barras\u201d. <\/p><div class=\"wp-block-image\"><figure class=\"aligncenter size-full is-resized\"><img loading=\"lazy\" decoding=\"async\" class=\"wp-image-91300\" src=\"https:\/\/exceladvisor.org\/wp-content\/uploads\/2023\/08\/12-masquer-les-nombres-barres-de-donnees-mise-en-forme-conditionnelle.png\" sizes=\"auto, \" srcset=\"\" alt=\"ocultar n\u00fameros-barras-de-dados-formata\u00e7\u00e3o condicional\" width=\"697\" height=\"341\"><\/figure><\/div><div class=\"gb-container gb-container-52dfcee1 gb-container-sample-file\"><h2 class=\"gb-headline gb-headline-e289c143 gb-headline-text gb-headline-4f7959c2\"> Obtenha o arquivo Excel<\/h2> <a class=\"gb-button gb-button-e88d6bee gb-button-text gb-button-button1\" href=\"https:\/\/exceladvisor.org\/wp-content\/uploads\/2023\/11\/barre-de-donnees.xlsx\" rel=\"nofollow\">Download<\/a><\/div><div class=\"gb-container gb-container-6076ba72 gb-container-mt\"> <a class=\"gb-button gb-button-76e6a499 gb-button-text gb-button-mt-button\" href=\"https:\/\/exceladvisor.org\/pt\/nocoes-basicas-de-excel\/\">Aprenda o b\u00e1sico do Excel<\/a><h2 class=\"gb-headline gb-headline-a9e9e206 gb-headline-text gb-headline-mt-heading\"> Saiba mais sobre <a href=\"https:\/\/exceladvisor.org\/pt\/formatacao-condicional\/\">formata\u00e7\u00e3o condicional<\/a> <\/h2><div class=\"gb-grid-wrapper gb-grid-wrapper-790317cb gb-grid-wrapper-mt-grid\"><div class=\"gb-grid-column gb-grid-column-a9845ede\"><div class=\"gb-container gb-container-a9845ede\"><ul><li> <a href=\"https:\/\/exceladvisor.org\/pt\/aplicar-formatacao-condicional\/\">Aplicar formata\u00e7\u00e3o condicional a uma tabela din\u00e2mica<\/a><\/li><li> <a href=\"https:\/\/exceladvisor.org\/pt\/retirar\/\">Remover formata\u00e7\u00e3o condicional<\/a><\/li><li> <a href=\"https:\/\/exceladvisor.org\/pt\/celulas-vazias\/\">Aplicar formata\u00e7\u00e3o condicional em c\u00e9lulas em branco no Excel<\/a><\/li><li> <a href=\"https:\/\/exceladvisor.org\/pt\/comparar-colunas\/\">Compare duas colunas usando formata\u00e7\u00e3o condicional<\/a><\/li><li> <a href=\"https:\/\/exceladvisor.org\/pt\/outra-celula\/\">Aplicar formata\u00e7\u00e3o condicional com base em outra c\u00e9lula<\/a><\/li><\/ul><\/div><\/div><\/div><\/div>","protected":false},"excerpt":{"rendered":"","protected":false},"author":1,"featured_media":0,"parent":0,"menu_order":0,"comment_status":"open","ping_status":"closed","template":"","meta":{"ub_ctt_via":"","footnotes":""},"class_list":["post-276","page","type-page","status-publish","hentry"],"featured_image_src":null,"yoast_head":"<!-- This site is optimized with the Yoast SEO plugin v25.4 - https:\/\/yoast.com\/wordpress\/plugins\/seo\/ -->\n<title>\u25b7 Como adicionar barras de dados no Excel? (2023)<\/title>\n<meta name=\"robots\" content=\"index, follow, max-snippet:-1, max-image-preview:large, max-video-preview:-1\" \/>\n<link rel=\"canonical\" href=\"https:\/\/exceladvisor.org\/pt\/barras-de-dados\/\" \/>\n<meta property=\"og:locale\" content=\"pt_PT\" \/>\n<meta property=\"og:type\" content=\"article\" \/>\n<meta property=\"og:title\" content=\"\u25b7 Como adicionar barras de dados no Excel? (2023)\" \/>\n<meta property=\"og:url\" content=\"https:\/\/exceladvisor.org\/pt\/barras-de-dados\/\" \/>\n<meta property=\"og:site_name\" content=\"Excel Advisor\" \/>\n<meta property=\"article:modified_time\" content=\"2023-12-06T11:33:47+00:00\" \/>\n<meta property=\"og:image\" content=\"https:\/\/exceladvisor.org\/wp-content\/uploads\/2023\/08\/1-barres-de-donnees-dans-Excel-a-partir-de-la-mise-en-forme-conditionnelle.png\" \/>\n<meta name=\"twitter:card\" content=\"summary_large_image\" \/>\n<meta name=\"twitter:label1\" content=\"Tempo estimado de leitura\" \/>\n\t<meta name=\"twitter:data1\" content=\"5 minutos\" \/>\n<script type=\"application\/ld+json\" class=\"yoast-schema-graph\">{\"@context\":\"https:\/\/schema.org\",\"@graph\":[{\"@type\":\"WebPage\",\"@id\":\"https:\/\/exceladvisor.org\/pt\/barras-de-dados\/\",\"url\":\"https:\/\/exceladvisor.org\/pt\/barras-de-dados\/\",\"name\":\"\u25b7 Como adicionar barras de dados no Excel? (2023)\",\"isPartOf\":{\"@id\":\"https:\/\/exceladvisor.org\/pt\/#website\"},\"primaryImageOfPage\":{\"@id\":\"https:\/\/exceladvisor.org\/pt\/barras-de-dados\/#primaryimage\"},\"image\":{\"@id\":\"https:\/\/exceladvisor.org\/pt\/barras-de-dados\/#primaryimage\"},\"thumbnailUrl\":\"https:\/\/exceladvisor.org\/wp-content\/uploads\/2023\/08\/1-barres-de-donnees-dans-Excel-a-partir-de-la-mise-en-forme-conditionnelle.png\",\"datePublished\":\"2023-11-07T15:19:24+00:00\",\"dateModified\":\"2023-12-06T11:33:47+00:00\",\"breadcrumb\":{\"@id\":\"https:\/\/exceladvisor.org\/pt\/barras-de-dados\/#breadcrumb\"},\"inLanguage\":\"pt-PT\",\"potentialAction\":[{\"@type\":\"ReadAction\",\"target\":[\"https:\/\/exceladvisor.org\/pt\/barras-de-dados\/\"]}]},{\"@type\":\"ImageObject\",\"inLanguage\":\"pt-PT\",\"@id\":\"https:\/\/exceladvisor.org\/pt\/barras-de-dados\/#primaryimage\",\"url\":\"https:\/\/exceladvisor.org\/wp-content\/uploads\/2023\/08\/1-barres-de-donnees-dans-Excel-a-partir-de-la-mise-en-forme-conditionnelle.png\",\"contentUrl\":\"https:\/\/exceladvisor.org\/wp-content\/uploads\/2023\/08\/1-barres-de-donnees-dans-Excel-a-partir-de-la-mise-en-forme-conditionnelle.png\"},{\"@type\":\"BreadcrumbList\",\"@id\":\"https:\/\/exceladvisor.org\/pt\/barras-de-dados\/#breadcrumb\",\"itemListElement\":[{\"@type\":\"ListItem\",\"position\":1,\"name\":\"Lar\",\"item\":\"https:\/\/exceladvisor.org\/pt\/\"},{\"@type\":\"ListItem\",\"position\":2,\"name\":\"Como adicionar barras de dados no excel?\"}]},{\"@type\":\"WebSite\",\"@id\":\"https:\/\/exceladvisor.org\/pt\/#website\",\"url\":\"https:\/\/exceladvisor.org\/pt\/\",\"name\":\"Excel Advisor\",\"description\":\"O seu guia definitivo para dominar os dados!\",\"publisher\":{\"@id\":\"https:\/\/exceladvisor.org\/pt\/#organization\"},\"potentialAction\":[{\"@type\":\"SearchAction\",\"target\":{\"@type\":\"EntryPoint\",\"urlTemplate\":\"https:\/\/exceladvisor.org\/pt\/?s={search_term_string}\"},\"query-input\":{\"@type\":\"PropertyValueSpecification\",\"valueRequired\":true,\"valueName\":\"search_term_string\"}}],\"inLanguage\":\"pt-PT\"},{\"@type\":\"Organization\",\"@id\":\"https:\/\/exceladvisor.org\/pt\/#organization\",\"name\":\"Excel Advisor\",\"url\":\"https:\/\/exceladvisor.org\/pt\/\",\"logo\":{\"@type\":\"ImageObject\",\"inLanguage\":\"pt-PT\",\"@id\":\"https:\/\/exceladvisor.org\/pt\/#\/schema\/logo\/image\/\",\"url\":\"https:\/\/exceladvisor.org\/pt\/wp-content\/uploads\/2023\/12\/exceladvisor.org_.png\",\"contentUrl\":\"https:\/\/exceladvisor.org\/pt\/wp-content\/uploads\/2023\/12\/exceladvisor.org_.png\",\"width\":105,\"height\":36,\"caption\":\"Excel Advisor\"},\"image\":{\"@id\":\"https:\/\/exceladvisor.org\/pt\/#\/schema\/logo\/image\/\"}}]}<\/script>\n<!-- \/ Yoast SEO plugin. -->","yoast_head_json":{"title":"\u25b7 Como adicionar barras de dados no Excel? (2023)","robots":{"index":"index","follow":"follow","max-snippet":"max-snippet:-1","max-image-preview":"max-image-preview:large","max-video-preview":"max-video-preview:-1"},"canonical":"https:\/\/exceladvisor.org\/pt\/barras-de-dados\/","og_locale":"pt_PT","og_type":"article","og_title":"\u25b7 Como adicionar barras de dados no Excel? (2023)","og_url":"https:\/\/exceladvisor.org\/pt\/barras-de-dados\/","og_site_name":"Excel Advisor","article_modified_time":"2023-12-06T11:33:47+00:00","og_image":[{"url":"https:\/\/exceladvisor.org\/wp-content\/uploads\/2023\/08\/1-barres-de-donnees-dans-Excel-a-partir-de-la-mise-en-forme-conditionnelle.png","type":"","width":"","height":""}],"twitter_card":"summary_large_image","twitter_misc":{"Tempo estimado de leitura":"5 minutos"},"schema":{"@context":"https:\/\/schema.org","@graph":[{"@type":"WebPage","@id":"https:\/\/exceladvisor.org\/pt\/barras-de-dados\/","url":"https:\/\/exceladvisor.org\/pt\/barras-de-dados\/","name":"\u25b7 Como adicionar barras de dados no Excel? (2023)","isPartOf":{"@id":"https:\/\/exceladvisor.org\/pt\/#website"},"primaryImageOfPage":{"@id":"https:\/\/exceladvisor.org\/pt\/barras-de-dados\/#primaryimage"},"image":{"@id":"https:\/\/exceladvisor.org\/pt\/barras-de-dados\/#primaryimage"},"thumbnailUrl":"https:\/\/exceladvisor.org\/wp-content\/uploads\/2023\/08\/1-barres-de-donnees-dans-Excel-a-partir-de-la-mise-en-forme-conditionnelle.png","datePublished":"2023-11-07T15:19:24+00:00","dateModified":"2023-12-06T11:33:47+00:00","breadcrumb":{"@id":"https:\/\/exceladvisor.org\/pt\/barras-de-dados\/#breadcrumb"},"inLanguage":"pt-PT","potentialAction":[{"@type":"ReadAction","target":["https:\/\/exceladvisor.org\/pt\/barras-de-dados\/"]}]},{"@type":"ImageObject","inLanguage":"pt-PT","@id":"https:\/\/exceladvisor.org\/pt\/barras-de-dados\/#primaryimage","url":"https:\/\/exceladvisor.org\/wp-content\/uploads\/2023\/08\/1-barres-de-donnees-dans-Excel-a-partir-de-la-mise-en-forme-conditionnelle.png","contentUrl":"https:\/\/exceladvisor.org\/wp-content\/uploads\/2023\/08\/1-barres-de-donnees-dans-Excel-a-partir-de-la-mise-en-forme-conditionnelle.png"},{"@type":"BreadcrumbList","@id":"https:\/\/exceladvisor.org\/pt\/barras-de-dados\/#breadcrumb","itemListElement":[{"@type":"ListItem","position":1,"name":"Lar","item":"https:\/\/exceladvisor.org\/pt\/"},{"@type":"ListItem","position":2,"name":"Como adicionar barras de dados no excel?"}]},{"@type":"WebSite","@id":"https:\/\/exceladvisor.org\/pt\/#website","url":"https:\/\/exceladvisor.org\/pt\/","name":"Excel Advisor","description":"O seu guia definitivo para dominar os dados!","publisher":{"@id":"https:\/\/exceladvisor.org\/pt\/#organization"},"potentialAction":[{"@type":"SearchAction","target":{"@type":"EntryPoint","urlTemplate":"https:\/\/exceladvisor.org\/pt\/?s={search_term_string}"},"query-input":{"@type":"PropertyValueSpecification","valueRequired":true,"valueName":"search_term_string"}}],"inLanguage":"pt-PT"},{"@type":"Organization","@id":"https:\/\/exceladvisor.org\/pt\/#organization","name":"Excel Advisor","url":"https:\/\/exceladvisor.org\/pt\/","logo":{"@type":"ImageObject","inLanguage":"pt-PT","@id":"https:\/\/exceladvisor.org\/pt\/#\/schema\/logo\/image\/","url":"https:\/\/exceladvisor.org\/pt\/wp-content\/uploads\/2023\/12\/exceladvisor.org_.png","contentUrl":"https:\/\/exceladvisor.org\/pt\/wp-content\/uploads\/2023\/12\/exceladvisor.org_.png","width":105,"height":36,"caption":"Excel Advisor"},"image":{"@id":"https:\/\/exceladvisor.org\/pt\/#\/schema\/logo\/image\/"}}]}},"yoast_meta":{"yoast_wpseo_title":"","yoast_wpseo_metadesc":"","yoast_wpseo_canonical":""},"_links":{"self":[{"href":"https:\/\/exceladvisor.org\/pt\/wp-json\/wp\/v2\/pages\/276","targetHints":{"allow":["GET"]}}],"collection":[{"href":"https:\/\/exceladvisor.org\/pt\/wp-json\/wp\/v2\/pages"}],"about":[{"href":"https:\/\/exceladvisor.org\/pt\/wp-json\/wp\/v2\/types\/page"}],"author":[{"embeddable":true,"href":"https:\/\/exceladvisor.org\/pt\/wp-json\/wp\/v2\/users\/1"}],"replies":[{"embeddable":true,"href":"https:\/\/exceladvisor.org\/pt\/wp-json\/wp\/v2\/comments?post=276"}],"version-history":[{"count":1,"href":"https:\/\/exceladvisor.org\/pt\/wp-json\/wp\/v2\/pages\/276\/revisions"}],"predecessor-version":[{"id":773,"href":"https:\/\/exceladvisor.org\/pt\/wp-json\/wp\/v2\/pages\/276\/revisions\/773"}],"wp:attachment":[{"href":"https:\/\/exceladvisor.org\/pt\/wp-json\/wp\/v2\/media?parent=276"}],"curies":[{"name":"wp","href":"https:\/\/api.w.org\/{rel}","templated":true}]}}