{"id":277,"date":"2023-11-07T14:55:12","date_gmt":"2023-11-07T14:55:12","guid":{"rendered":"https:\/\/exceladvisor.org\/pt\/encontrar-duplicatas-2\/"},"modified":"2023-12-06T11:37:32","modified_gmt":"2023-12-06T11:37:32","slug":"encontrar-duplicatas-2","status":"publish","type":"page","link":"https:\/\/exceladvisor.org\/pt\/encontrar-duplicatas-2\/","title":{"rendered":"Como encontrar e destacar duplicatas?"},"content":{"rendered":"<div class=\"excel-before-content-2\" id=\"excel-1494313830\"><script type=\"text\/javascript\">\r\n\tatOptions = {\r\n\t\t'key' : 'c1158f160081d6540a8409e6925dab94',\r\n\t\t'format' : 'iframe',\r\n\t\t'height' : 250,\r\n\t\t'width' : 300,\r\n\t\t'params' : {}\r\n\t};\r\n<\/script>\r\n<script type=\"text\/javascript\" src=\"\/\/www.highperformanceformat.com\/c1158f160081d6540a8409e6925dab94\/invoke.js\"><\/script><\/div><div class=\"excel-before-content\" id=\"excel-890197838\"><script type=\"text\/javascript\">\r\n\tatOptions = {\r\n\t\t'key' : 'c1158f160081d6540a8409e6925dab94',\r\n\t\t'format' : 'iframe',\r\n\t\t'height' : 250,\r\n\t\t'width' : 300,\r\n\t\t'params' : {}\r\n\t};\r\n<\/script>\r\n<script type=\"text\/javascript\" src=\"\/\/www.highperformanceformat.com\/c1158f160081d6540a8409e6925dab94\/invoke.js\"><\/script><\/div> <p>Usar a formata\u00e7\u00e3o condicional \u00e9 a melhor maneira de destacar rapidamente valores duplicados no Excel. E neste tutorial aprenderemos essas etapas em detalhes.<\/p><h2 id=\"0-steps-to-highlight-the-duplicates\" class=\"wp-block-heading\"> Etapas para destacar duplicatas<\/h2><ol><li> Selecione o intervalo de c\u00e9lulas onde voc\u00ea tem os dados. <br><img loading=\"lazy\" decoding=\"async\" title=\"1-selecione-range-localize-e-destaque-duplicados\" src=\"https:\/\/exceladvisor.org\/wp-content\/uploads\/2023\/08\/1-selectionnez-la-gamme-trouver-et-mettre-en-surbrillance-les-doublons.png\" sizes=\"auto, \" srcset=\"\" alt=\"1-select-the-range-find-and-highlight-duplicates\" width=\"488\" height=\"168\"><\/li><li> Em seguida, v\u00e1 para Home &gt; Formata\u00e7\u00e3o Condicional &gt; Regras de Destaque de C\u00e9lula &gt; Valores Duplicados. <br><img loading=\"lazy\" decoding=\"async\" title=\"2-v\u00e1 para casa, encontre e duplique as duplicatas\" src=\"https:\/\/exceladvisor.org\/wp-content\/uploads\/2023\/08\/2-aller-a-laccueil-trouver-et-mettre-en-surbrillance-les-doublons.png\" sizes=\"auto, \" srcset=\"\" alt=\"2-go-to-home-find-and-highlight-duplicates\" width=\"339\" height=\"392\"><\/li><li> Agora voc\u00ea tem uma caixa de di\u00e1logo para especificar a cor que deseja aplicar \u00e0s c\u00e9lulas com valores duplicados. <br><img loading=\"lazy\" decoding=\"async\" title=\"3-uma-caixa de di\u00e1logo para especificar cores, localizar e destacar duplicatas\" src=\"https:\/\/exceladvisor.org\/wp-content\/uploads\/2023\/08\/3-une-boite-de-dialogue-pour-specifier-la-couleur-trouver-et-mettre-en-evidence-les-doublons.png\" sizes=\"auto, \" srcset=\"\" alt=\"3-a-dialog-box-to-specify-the-color-find-and-highlight-duplicates\" width=\"579\" height=\"210\"><\/li><li> E no momento em que voc\u00ea clica em OK, todas as c\u00e9lulas s\u00e3o destacadas em vermelho. <br><img loading=\"lazy\" decoding=\"async\" title=\"4-todas as c\u00e9lulas destacadas localizam e real\u00e7am duplicatas\" src=\"https:\/\/exceladvisor.org\/wp-content\/uploads\/2023\/08\/4-toutes-les-cellules-en-surbrillance-trouvent-et-mettent-en-surbrillance-les-doublons.png\" sizes=\"auto, \" srcset=\"\" alt=\"4-all-the-cells-highlighted-find-and-highlight-duplicates\" width=\"494\" height=\"171\"><\/li><\/ol><p> Como eu disse, esta \u00e9 a maneira mais r\u00e1pida de destacar e encontrar valores duplicados em um intervalo de c\u00e9lulas. Esta \u00e9 a regra predefinida na formata\u00e7\u00e3o condicional que voc\u00ea pode usar. Na mesma op\u00e7\u00e3o voc\u00ea tamb\u00e9m pode encontrar valores exclusivos. Voc\u00ea pode alter\u00e1-lo no menu suspenso. <\/p><div class=\"wp-block-image\"><figure class=\"aligncenter size-full is-resized\"><img loading=\"lazy\" decoding=\"async\" class=\"wp-image-91375\" src=\"https:\/\/exceladvisor.org\/wp-content\/uploads\/2023\/08\/5-regles-predefinies-pour-trouver-et-mettre-en-evidence-les-doublons.png\" sizes=\"auto, \" srcset=\"\" alt=\"regra predefinida para localizar e destacar duplicatas\" width=\"378\" height=\"121\"><\/figure><\/div><p> E voc\u00ea tamb\u00e9m pode usar formata\u00e7\u00e3o diferente, se desejar. Existem seis formata\u00e7\u00f5es predefinidas que voc\u00ea pode usar ou pode escolher a formata\u00e7\u00e3o na op\u00e7\u00e3o de formata\u00e7\u00e3o personalizada. <\/p><div class=\"wp-block-image\"><figure class=\"aligncenter size-full is-resized\"><img loading=\"lazy\" decoding=\"async\" class=\"wp-image-91376\" src=\"https:\/\/exceladvisor.org\/wp-content\/uploads\/2023\/08\/6-options-de-formatage-personnalisees-pour-trouver-et-mettre-en-surbrillance-les-doublons.png\" sizes=\"auto, \" srcset=\"\" alt=\"op\u00e7\u00e3o de formata\u00e7\u00e3o personalizada localizar e destacar duplicatas\" width=\"443\" height=\"251\"><\/figure><\/div><h2 id=\"1-highlighting-triplicates-with-conditional-formatting\" class=\"wp-block-heading\"> Destacando triplicados com formata\u00e7\u00e3o condicional<\/h2><p> Voc\u00ea tamb\u00e9m pode usar valores de destaque que sejam triplos, n\u00e3o apenas triplos, mas quaisquer valores maiores que 3 vezes nos dados. N\u00e3o temos uma regra predefinida, mas podemos criar uma regra personalizada usando uma f\u00f3rmula.<\/p><ol type=\"1\"><li> Selecione os dados dos quais deseja destacar valores.<\/li><li> V\u00e1 para In\u00edcio &gt; Formata\u00e7\u00e3o Condicional &gt; Nova Regra.<\/li><li> E ent\u00e3o clique em \u201cUsar uma f\u00f3rmula para determinar quais c\u00e9lulas formatar\u201d.<\/li><li> Insira a f\u00f3rmula (=CONT.SE($A$1:$E$7,A1)&gt;2) e clique no bot\u00e3o de formata\u00e7\u00e3o para aplicar a formata\u00e7\u00e3o da c\u00e9lula.<\/li><li> No final, pressione Enter para aplicar a regra. <\/li><\/ol><div class=\"wp-block-image\"><figure class=\"aligncenter size-full is-resized\"><img loading=\"lazy\" decoding=\"async\" class=\"wp-image-91377\" src=\"https:\/\/exceladvisor.org\/wp-content\/uploads\/2023\/08\/7-surlignage-en-trois-exemplaires-avec-mise-en-forme-conditionnelle.png\" sizes=\"auto, \" srcset=\"\" alt=\"realce triplicado com formata\u00e7\u00e3o condicional\" width=\"543\" height=\"357\"><\/figure><\/div><p> E no momento em que voc\u00ea pressiona Enter, ele destaca todos os lugares onde voc\u00ea ocorreu mais de duas vezes. <\/p><div class=\"wp-block-image\"><figure class=\"aligncenter size-full is-resized\"><img loading=\"lazy\" decoding=\"async\" class=\"wp-image-91378\" src=\"https:\/\/exceladvisor.org\/wp-content\/uploads\/2023\/08\/8-se-sont-produites-plus-de-deux-fois-trouver-et-mettre-en-evidence-les-doublons.png\" sizes=\"auto, \" srcset=\"\" alt=\"produz mais de duas vezes para localizar e destacar duplicatas\" width=\"584\" height=\"202\"><\/figure><\/div><p> No exemplo acima, voc\u00ea pode ver que temos todos os valores cuja ocorr\u00eancia \u00e9 maior que 2 em todo o conjunto de dados. E a f\u00f3rmula que usamos \u00e9 bem simples.<\/p><pre class=\"wp-block-code\"> <code class=\"language-excel-formula\" lang=\"excel-formula\">=COUNTIF($A$1:$E$7,A1)&gt;2<\/code><\/pre><p> Nesta f\u00f3rmula, usamos CONT.SE para contar o valor de cada c\u00e9lula com todo o intervalo. E se o n\u00famero de valores for maior que 2, retorna TRUE no resultado. E quando for verdade, aplica a regra de formata\u00e7\u00e3o condicional.<\/p><p> Aqui est\u00e1 outro exemplo onde usamos uma refer\u00eancia de c\u00e9lula para a c\u00e9lula G3. Agora a regra \u00e9 din\u00e2mica e quando voc\u00ea altera o valor na c\u00e9lula, ela usa esse n\u00famero para testar a ocorr\u00eancia do valor no intervalo. <\/p><div class=\"wp-block-image\"><figure class=\"aligncenter size-full is-resized\"><img loading=\"lazy\" decoding=\"async\" class=\"wp-image-91379\" src=\"https:\/\/exceladvisor.org\/wp-content\/uploads\/2023\/08\/9-tester-loccurrence-pour-trouver-et-mettre-en-evidence-les-doublons.png\" sizes=\"auto, \" srcset=\"\" alt=\"ocorr\u00eancia de teste para localizar e destacar duplicatas\" width=\"643\" height=\"421\"><\/figure><\/div><p> A melhor parte de usar a formata\u00e7\u00e3o condicional para localizar e destacar duplicatas \u00e9 que ela \u00e9 r\u00e1pida e predefinida. Voc\u00ea n\u00e3o precisa fazer nenhum esfor\u00e7o extra para us\u00e1-lo. <\/p><div class=\"gb-container gb-container-52dfcee1 gb-container-sample-file\"><h2 id=\"2-get-the-excel-file\" class=\"gb-headline gb-headline-e289c143 gb-headline-text gb-headline-4f7959c2\"> Obtenha o arquivo Excel<\/h2> <a class=\"gb-button gb-button-e88d6bee gb-button-text gb-button-button1\" href=\"https:\/\/exceladvisor.org\/wp-content\/uploads\/2023\/08\/trouver-des-doublons.xlsx\" rel=\"nofollow\">Download<\/a><\/div><div class=\"gb-container gb-container-6076ba72 gb-container-mt\"> <a class=\"gb-button gb-button-76e6a499 gb-button-text gb-button-mt-button\" href=\"https:\/\/exceladvisor.org\/pt\/nocoes-basicas-de-excel\/\">Aprenda o b\u00e1sico do Excel<\/a><h2 class=\"gb-headline gb-headline-a9e9e206 gb-headline-text gb-headline-mt-heading\"> Saiba mais sobre <a href=\"https:\/\/exceladvisor.org\/pt\/formatacao-condicional\/\">formata\u00e7\u00e3o condicional<\/a> <\/h2><div class=\"gb-grid-wrapper gb-grid-wrapper-790317cb gb-grid-wrapper-mt-grid\"><div class=\"gb-grid-column gb-grid-column-a9845ede\"><div class=\"gb-container gb-container-a9845ede\"><ul><li> <a href=\"https:\/\/exceladvisor.org\/pt\/aplicar-formatacao-condicional\/\">Aplicar formata\u00e7\u00e3o condicional a uma tabela din\u00e2mica<\/a><\/li><li> <a href=\"https:\/\/exceladvisor.org\/pt\/retirar\/\">Remover formata\u00e7\u00e3o condicional<\/a><\/li><li> <a href=\"https:\/\/exceladvisor.org\/pt\/celulas-vazias\/\">Aplicar formata\u00e7\u00e3o condicional em c\u00e9lulas em branco no Excel<\/a><\/li><li> <a href=\"https:\/\/exceladvisor.org\/pt\/comparar-colunas\/\">Compare duas colunas usando formata\u00e7\u00e3o condicional<\/a><\/li><li> <a href=\"https:\/\/exceladvisor.org\/pt\/outra-celula\/\">Aplicar formata\u00e7\u00e3o condicional com base em outra c\u00e9lula<\/a> <\/li><\/ul><\/div><\/div><div class=\"gb-grid-column gb-grid-column-ec8ff319\"><div class=\"gb-container gb-container-ec8ff319\"><\/div><\/div><\/div><\/div>","protected":false},"excerpt":{"rendered":"","protected":false},"author":1,"featured_media":0,"parent":0,"menu_order":0,"comment_status":"open","ping_status":"closed","template":"","meta":{"ub_ctt_via":"","footnotes":""},"class_list":["post-277","page","type-page","status-publish","hentry"],"featured_image_src":null,"yoast_head":"<!-- This site is optimized with the Yoast SEO plugin v25.4 - https:\/\/yoast.com\/wordpress\/plugins\/seo\/ -->\n<title>Como encontrar e destacar duplicatas no Excel?<\/title>\n<meta name=\"description\" content=\"A melhor maneira de identificar valores duplicados em um intervalo de c\u00e9lulas \u00e9 usar a formata\u00e7\u00e3o condicional.\" \/>\n<meta name=\"robots\" content=\"index, follow, max-snippet:-1, max-image-preview:large, max-video-preview:-1\" \/>\n<link rel=\"canonical\" href=\"https:\/\/exceladvisor.org\/pt\/encontrar-duplicatas-2\/\" \/>\n<meta property=\"og:locale\" content=\"pt_PT\" \/>\n<meta property=\"og:type\" content=\"article\" \/>\n<meta property=\"og:title\" content=\"Como encontrar e destacar duplicatas no Excel?\" \/>\n<meta property=\"og:description\" content=\"A melhor maneira de identificar valores duplicados em um intervalo de c\u00e9lulas \u00e9 usar a formata\u00e7\u00e3o condicional.\" \/>\n<meta property=\"og:url\" content=\"https:\/\/exceladvisor.org\/pt\/encontrar-duplicatas-2\/\" \/>\n<meta property=\"og:site_name\" content=\"Excel Advisor\" \/>\n<meta property=\"article:modified_time\" content=\"2023-12-06T11:37:32+00:00\" \/>\n<meta property=\"og:image\" content=\"https:\/\/exceladvisor.org\/wp-content\/uploads\/2023\/08\/1-selectionnez-la-gamme-trouver-et-mettre-en-surbrillance-les-doublons.png\" \/>\n<meta name=\"twitter:card\" content=\"summary_large_image\" \/>\n<meta name=\"twitter:label1\" content=\"Tempo estimado de leitura\" \/>\n\t<meta name=\"twitter:data1\" content=\"3 minutos\" \/>\n<script type=\"application\/ld+json\" class=\"yoast-schema-graph\">{\"@context\":\"https:\/\/schema.org\",\"@graph\":[{\"@type\":\"WebPage\",\"@id\":\"https:\/\/exceladvisor.org\/pt\/encontrar-duplicatas-2\/\",\"url\":\"https:\/\/exceladvisor.org\/pt\/encontrar-duplicatas-2\/\",\"name\":\"Como encontrar e destacar duplicatas no Excel?\",\"isPartOf\":{\"@id\":\"https:\/\/exceladvisor.org\/pt\/#website\"},\"primaryImageOfPage\":{\"@id\":\"https:\/\/exceladvisor.org\/pt\/encontrar-duplicatas-2\/#primaryimage\"},\"image\":{\"@id\":\"https:\/\/exceladvisor.org\/pt\/encontrar-duplicatas-2\/#primaryimage\"},\"thumbnailUrl\":\"https:\/\/exceladvisor.org\/wp-content\/uploads\/2023\/08\/1-selectionnez-la-gamme-trouver-et-mettre-en-surbrillance-les-doublons.png\",\"datePublished\":\"2023-11-07T14:55:12+00:00\",\"dateModified\":\"2023-12-06T11:37:32+00:00\",\"description\":\"A melhor maneira de identificar valores duplicados em um intervalo de c\u00e9lulas \u00e9 usar a formata\u00e7\u00e3o condicional.\",\"breadcrumb\":{\"@id\":\"https:\/\/exceladvisor.org\/pt\/encontrar-duplicatas-2\/#breadcrumb\"},\"inLanguage\":\"pt-PT\",\"potentialAction\":[{\"@type\":\"ReadAction\",\"target\":[\"https:\/\/exceladvisor.org\/pt\/encontrar-duplicatas-2\/\"]}]},{\"@type\":\"ImageObject\",\"inLanguage\":\"pt-PT\",\"@id\":\"https:\/\/exceladvisor.org\/pt\/encontrar-duplicatas-2\/#primaryimage\",\"url\":\"https:\/\/exceladvisor.org\/wp-content\/uploads\/2023\/08\/1-selectionnez-la-gamme-trouver-et-mettre-en-surbrillance-les-doublons.png\",\"contentUrl\":\"https:\/\/exceladvisor.org\/wp-content\/uploads\/2023\/08\/1-selectionnez-la-gamme-trouver-et-mettre-en-surbrillance-les-doublons.png\"},{\"@type\":\"BreadcrumbList\",\"@id\":\"https:\/\/exceladvisor.org\/pt\/encontrar-duplicatas-2\/#breadcrumb\",\"itemListElement\":[{\"@type\":\"ListItem\",\"position\":1,\"name\":\"Lar\",\"item\":\"https:\/\/exceladvisor.org\/pt\/\"},{\"@type\":\"ListItem\",\"position\":2,\"name\":\"Como encontrar e destacar duplicatas?\"}]},{\"@type\":\"WebSite\",\"@id\":\"https:\/\/exceladvisor.org\/pt\/#website\",\"url\":\"https:\/\/exceladvisor.org\/pt\/\",\"name\":\"Excel Advisor\",\"description\":\"O seu guia definitivo para dominar os dados!\",\"publisher\":{\"@id\":\"https:\/\/exceladvisor.org\/pt\/#organization\"},\"potentialAction\":[{\"@type\":\"SearchAction\",\"target\":{\"@type\":\"EntryPoint\",\"urlTemplate\":\"https:\/\/exceladvisor.org\/pt\/?s={search_term_string}\"},\"query-input\":{\"@type\":\"PropertyValueSpecification\",\"valueRequired\":true,\"valueName\":\"search_term_string\"}}],\"inLanguage\":\"pt-PT\"},{\"@type\":\"Organization\",\"@id\":\"https:\/\/exceladvisor.org\/pt\/#organization\",\"name\":\"Excel Advisor\",\"url\":\"https:\/\/exceladvisor.org\/pt\/\",\"logo\":{\"@type\":\"ImageObject\",\"inLanguage\":\"pt-PT\",\"@id\":\"https:\/\/exceladvisor.org\/pt\/#\/schema\/logo\/image\/\",\"url\":\"https:\/\/exceladvisor.org\/pt\/wp-content\/uploads\/2023\/12\/exceladvisor.org_.png\",\"contentUrl\":\"https:\/\/exceladvisor.org\/pt\/wp-content\/uploads\/2023\/12\/exceladvisor.org_.png\",\"width\":105,\"height\":36,\"caption\":\"Excel Advisor\"},\"image\":{\"@id\":\"https:\/\/exceladvisor.org\/pt\/#\/schema\/logo\/image\/\"}}]}<\/script>\n<!-- \/ Yoast SEO plugin. -->","yoast_head_json":{"title":"Como encontrar e destacar duplicatas no Excel?","description":"A melhor maneira de identificar valores duplicados em um intervalo de c\u00e9lulas \u00e9 usar a formata\u00e7\u00e3o condicional.","robots":{"index":"index","follow":"follow","max-snippet":"max-snippet:-1","max-image-preview":"max-image-preview:large","max-video-preview":"max-video-preview:-1"},"canonical":"https:\/\/exceladvisor.org\/pt\/encontrar-duplicatas-2\/","og_locale":"pt_PT","og_type":"article","og_title":"Como encontrar e destacar duplicatas no Excel?","og_description":"A melhor maneira de identificar valores duplicados em um intervalo de c\u00e9lulas \u00e9 usar a formata\u00e7\u00e3o condicional.","og_url":"https:\/\/exceladvisor.org\/pt\/encontrar-duplicatas-2\/","og_site_name":"Excel Advisor","article_modified_time":"2023-12-06T11:37:32+00:00","og_image":[{"url":"https:\/\/exceladvisor.org\/wp-content\/uploads\/2023\/08\/1-selectionnez-la-gamme-trouver-et-mettre-en-surbrillance-les-doublons.png","type":"","width":"","height":""}],"twitter_card":"summary_large_image","twitter_misc":{"Tempo estimado de leitura":"3 minutos"},"schema":{"@context":"https:\/\/schema.org","@graph":[{"@type":"WebPage","@id":"https:\/\/exceladvisor.org\/pt\/encontrar-duplicatas-2\/","url":"https:\/\/exceladvisor.org\/pt\/encontrar-duplicatas-2\/","name":"Como encontrar e destacar duplicatas no Excel?","isPartOf":{"@id":"https:\/\/exceladvisor.org\/pt\/#website"},"primaryImageOfPage":{"@id":"https:\/\/exceladvisor.org\/pt\/encontrar-duplicatas-2\/#primaryimage"},"image":{"@id":"https:\/\/exceladvisor.org\/pt\/encontrar-duplicatas-2\/#primaryimage"},"thumbnailUrl":"https:\/\/exceladvisor.org\/wp-content\/uploads\/2023\/08\/1-selectionnez-la-gamme-trouver-et-mettre-en-surbrillance-les-doublons.png","datePublished":"2023-11-07T14:55:12+00:00","dateModified":"2023-12-06T11:37:32+00:00","description":"A melhor maneira de identificar valores duplicados em um intervalo de c\u00e9lulas \u00e9 usar a formata\u00e7\u00e3o condicional.","breadcrumb":{"@id":"https:\/\/exceladvisor.org\/pt\/encontrar-duplicatas-2\/#breadcrumb"},"inLanguage":"pt-PT","potentialAction":[{"@type":"ReadAction","target":["https:\/\/exceladvisor.org\/pt\/encontrar-duplicatas-2\/"]}]},{"@type":"ImageObject","inLanguage":"pt-PT","@id":"https:\/\/exceladvisor.org\/pt\/encontrar-duplicatas-2\/#primaryimage","url":"https:\/\/exceladvisor.org\/wp-content\/uploads\/2023\/08\/1-selectionnez-la-gamme-trouver-et-mettre-en-surbrillance-les-doublons.png","contentUrl":"https:\/\/exceladvisor.org\/wp-content\/uploads\/2023\/08\/1-selectionnez-la-gamme-trouver-et-mettre-en-surbrillance-les-doublons.png"},{"@type":"BreadcrumbList","@id":"https:\/\/exceladvisor.org\/pt\/encontrar-duplicatas-2\/#breadcrumb","itemListElement":[{"@type":"ListItem","position":1,"name":"Lar","item":"https:\/\/exceladvisor.org\/pt\/"},{"@type":"ListItem","position":2,"name":"Como encontrar e destacar duplicatas?"}]},{"@type":"WebSite","@id":"https:\/\/exceladvisor.org\/pt\/#website","url":"https:\/\/exceladvisor.org\/pt\/","name":"Excel Advisor","description":"O seu guia definitivo para dominar os dados!","publisher":{"@id":"https:\/\/exceladvisor.org\/pt\/#organization"},"potentialAction":[{"@type":"SearchAction","target":{"@type":"EntryPoint","urlTemplate":"https:\/\/exceladvisor.org\/pt\/?s={search_term_string}"},"query-input":{"@type":"PropertyValueSpecification","valueRequired":true,"valueName":"search_term_string"}}],"inLanguage":"pt-PT"},{"@type":"Organization","@id":"https:\/\/exceladvisor.org\/pt\/#organization","name":"Excel Advisor","url":"https:\/\/exceladvisor.org\/pt\/","logo":{"@type":"ImageObject","inLanguage":"pt-PT","@id":"https:\/\/exceladvisor.org\/pt\/#\/schema\/logo\/image\/","url":"https:\/\/exceladvisor.org\/pt\/wp-content\/uploads\/2023\/12\/exceladvisor.org_.png","contentUrl":"https:\/\/exceladvisor.org\/pt\/wp-content\/uploads\/2023\/12\/exceladvisor.org_.png","width":105,"height":36,"caption":"Excel Advisor"},"image":{"@id":"https:\/\/exceladvisor.org\/pt\/#\/schema\/logo\/image\/"}}]}},"yoast_meta":{"yoast_wpseo_title":"","yoast_wpseo_metadesc":"","yoast_wpseo_canonical":""},"_links":{"self":[{"href":"https:\/\/exceladvisor.org\/pt\/wp-json\/wp\/v2\/pages\/277","targetHints":{"allow":["GET"]}}],"collection":[{"href":"https:\/\/exceladvisor.org\/pt\/wp-json\/wp\/v2\/pages"}],"about":[{"href":"https:\/\/exceladvisor.org\/pt\/wp-json\/wp\/v2\/types\/page"}],"author":[{"embeddable":true,"href":"https:\/\/exceladvisor.org\/pt\/wp-json\/wp\/v2\/users\/1"}],"replies":[{"embeddable":true,"href":"https:\/\/exceladvisor.org\/pt\/wp-json\/wp\/v2\/comments?post=277"}],"version-history":[{"count":1,"href":"https:\/\/exceladvisor.org\/pt\/wp-json\/wp\/v2\/pages\/277\/revisions"}],"predecessor-version":[{"id":1047,"href":"https:\/\/exceladvisor.org\/pt\/wp-json\/wp\/v2\/pages\/277\/revisions\/1047"}],"wp:attachment":[{"href":"https:\/\/exceladvisor.org\/pt\/wp-json\/wp\/v2\/media?parent=277"}],"curies":[{"name":"wp","href":"https:\/\/api.w.org\/{rel}","templated":true}]}}