{"id":28,"date":"2023-11-20T02:08:12","date_gmt":"2023-11-20T02:08:12","guid":{"rendered":"https:\/\/exceladvisor.org\/pt\/grau\/"},"modified":"2023-12-06T11:37:29","modified_gmt":"2023-12-06T11:37:29","slug":"grau","status":"publish","type":"page","link":"https:\/\/exceladvisor.org\/pt\/grau\/","title":{"rendered":"Como digitar o s\u00edmbolo grau no excel?"},"content":{"rendered":"<div class=\"excel-before-content-2\" id=\"excel-2592798062\"><script type=\"text\/javascript\">\r\n\tatOptions = {\r\n\t\t'key' : 'c1158f160081d6540a8409e6925dab94',\r\n\t\t'format' : 'iframe',\r\n\t\t'height' : 250,\r\n\t\t'width' : 300,\r\n\t\t'params' : {}\r\n\t};\r\n<\/script>\r\n<script type=\"text\/javascript\" src=\"\/\/www.highperformanceformat.com\/c1158f160081d6540a8409e6925dab94\/invoke.js\"><\/script><\/div><div class=\"excel-before-content\" id=\"excel-1410222629\"><script type=\"text\/javascript\">\r\n\tatOptions = {\r\n\t\t'key' : 'c1158f160081d6540a8409e6925dab94',\r\n\t\t'format' : 'iframe',\r\n\t\t'height' : 250,\r\n\t\t'width' : 300,\r\n\t\t'params' : {}\r\n\t};\r\n<\/script>\r\n<script type=\"text\/javascript\" src=\"\/\/www.highperformanceformat.com\/c1158f160081d6540a8409e6925dab94\/invoke.js\"><\/script><\/div> <p>Voc\u00ea precisa aprender como inserir e usar um s\u00edmbolo de grau em uma c\u00e9lula. Isso mesmo.<\/p><p> Deixe-me dizer por que digo isso. Ontem eu estava trabalhando em dados de temperatura. Para isso, uma das coisas importantes foi utilizar o s\u00edmbolo de grau nos dados para exibir os n\u00fameros em Celsius e Fahrenheit.<\/p><p> Se voc\u00ea usar um laptop como o meu, descobrir\u00e1 que n\u00e3o h\u00e1 tecla para digitar um s\u00edmbolo de grau.<\/p><p class=\"qt-tip\"> <strong>Importante:<\/strong> Ao colocar um s\u00edmbolo de grau em uma c\u00e9lula, voc\u00ea deve garantir que ele sempre siga o n\u00famero, sem espa\u00e7os intermedi\u00e1rios.<\/p><h2 class=\"wp-block-heading\"> 5 maneiras principais de adicionar rapidamente um s\u00edmbolo de grau no Excel<\/h2><p> Ao trabalhar nesses dados, descobri que no Excel voc\u00ea pode inserir\/digitar um s\u00edmbolo de grau de cinco maneiras diferentes. E outra boa not\u00edcia \u00e9 que esses m\u00e9todos s\u00e3o <strong><span style=\"color: #000000;\">iguais nas vers\u00f5es Windows e MAC<\/span><\/strong> do Excel. Ent\u00e3o vamos come\u00e7ar.<\/p><h2 class=\"wp-block-heading\"> 1. Adicione um s\u00edmbolo de grau usando um atalho de teclado<\/h2><p> Uma tecla <a href=\"https:\/\/exceladvisor.org\/pt\/atalhos-do-teclado\/\">de atalho do teclado<\/a> \u00e9 uma maneira r\u00e1pida e f\u00e1cil de adicionar este s\u00edmbolo a uma c\u00e9lula. Voc\u00ea pode usar <kbd>Alt<\/kbd> + <kbd>0<\/kbd> <kbd>1<\/kbd> <kbd>7<\/kbd> <kbd>6<\/kbd> para inseri-lo. <\/p><div class=\"wp-block-image\"><figure class=\"aligncenter\"><img decoding=\"async\" src=\"https:\/\/exceladvisor.org\/wp-content\/uploads\/2023\/08\/touche-de-raccourci-pour-inserer-un-symbole-de-degre-dans-excel.png\" sizes=\"\" srcset=\"\" alt=\"tecla de atalho para inserir s\u00edmbolo de grau no Excel\"><\/figure><\/div><ol><li> Primeiro, selecione a c\u00e9lula onde deseja inseri-la.<\/li><li> Pressione F2 para editar a c\u00e9lula.<\/li><li> E no final, segure a tecla ALT e pressione 0 1 7 6 no teclado num\u00e9rico.<\/li><\/ol><p> Depois de inseri-lo, voc\u00ea tamb\u00e9m pode copi\u00e1-lo e col\u00e1-lo em outras c\u00e9lulas instantaneamente ou pode pressionar esta tecla de atalho para cada c\u00e9lula, uma por uma.<\/p><h2 class=\"wp-block-heading\"> 2. Usando a fun\u00e7\u00e3o CHAR para adicionar um s\u00edmbolo de grau<\/h2><p> Se voc\u00ea est\u00e1 familiarizado com a fun\u00e7\u00e3o CHAR, tenho certeza que sabe que pode inserir caracteres especiais com ela.<\/p><p> Usando este recurso, voc\u00ea tamb\u00e9m pode adicionar um s\u00edmbolo de grau com um n\u00famero para exibi-lo em Celsius ou Fahrenheit.<\/p><p> Tudo que voc\u00ea precisa fazer: Insira a fun\u00e7\u00e3o CHAR em uma c\u00e9lula e especifique 176 no argumento e pressione Enter. Depois de fazer isso, ele retornar\u00e1 um s\u00edmbolo de grau. <\/p><div class=\"wp-block-image\"><figure class=\"aligncenter\"><img decoding=\"async\" src=\"https:\/\/exceladvisor.org\/wp-content\/uploads\/2023\/08\/inserer-un-symbole-de-degre-dans-Excel-en-utilisant-la-fonction-char.png\" sizes=\"\" srcset=\"\" alt=\"\"><\/figure><\/div><p> E se quiser somar com um n\u00famero, basta inserir uma f\u00f3rmula como a que temos abaixo.<\/p><pre class=\"wp-block-code\"> <code class=\"language-excel-formula\" lang=\"excel-formula\">=29&amp;CHAR(176)<\/code><\/pre><p> E pressione Enter. A outra maneira \u00e9 combinar esta f\u00f3rmula com IF e ISNUMBER para que, se houver um n\u00famero na c\u00e9lula, ele combine esse n\u00famero com um grau.<\/p><h2 class=\"wp-block-heading\"> 3. Insira o s\u00edmbolo de grau na caixa de di\u00e1logo S\u00edmbolo<\/h2><p> Se quiser adicionar um s\u00edmbolo de grau apenas uma vez, voc\u00ea tamb\u00e9m pode inseri-lo na caixa de di\u00e1logo de s\u00edmbolos. Siga estas etapas simples:<\/p><ol><li> Selecione a c\u00e9lula na qual deseja inseri-lo e v\u00e1 em Inserir \u279c S\u00edmbolos \u279c S\u00edmbolo. <br><img decoding=\"async\" title=\"insira um s\u00edmbolo de grau no Excel usando a caixa de di\u00e1logo de s\u00edmbolos\" src=\"https:\/\/exceladvisor.org\/wp-content\/uploads\/2023\/08\/inserer-un-symbole-de-degre-dans-Excel-a-laide-de-la-boite-de-dialogue-du-symbole.png\" sizes=\"\" srcset=\"\" alt=\"insert a degree symbol in excel using from symbol dialog box\"><\/li><li> Na caixa de di\u00e1logo, selecione &#8220;Suplemento Latin-1&#8221; em Subconjunto e selecione o s\u00edmbolo de grau de todos os s\u00edmbolos. <br><img decoding=\"async\" title=\"insira um s\u00edmbolo de grau no Excel usando a caixa de di\u00e1logo inserir e fechar s\u00edmbolo\" src=\"https:\/\/exceladvisor.org\/wp-content\/uploads\/2023\/08\/inserer-un-symbole-de-degre-dans-Excel-a-laide-de-la-boite-de-dialogue-du-symbole-inserer-et-fermer.png\" sizes=\"\" srcset=\"\" alt=\"\"><\/li><li> Ao final, clique em Inserir e feche.<\/li><\/ol><p> Voc\u00ea tamb\u00e9m pode copiar e colar em outras c\u00e9lulas ou at\u00e9 mesmo inserir uma f\u00f3rmula.<\/p><h2 class=\"wp-block-heading\"> 4. Usando o Excel AUTO Correct para adicionar um s\u00edmbolo de grau a uma c\u00e9lula<\/h2><p> No Excel, existe uma op\u00e7\u00e3o chamada AutoCorre\u00e7\u00e3o que voc\u00ea pode usar para adicionar um s\u00edmbolo de grau a uma c\u00e9lula usando uma abreviatura. Funciona mais ou menos assim. <\/p><div class=\"wp-block-image\"><figure class=\"aligncenter\"><img decoding=\"async\" src=\"https:\/\/exceladvisor.org\/wp-content\/uploads\/2023\/08\/inserer-un-symbole-de-degre-dans-Excel-en-utilisant-loption-de-correction-automatique.gif\" sizes=\"\" srcset=\"\" alt=\"insira o s\u00edmbolo de grau no Excel usando a op\u00e7\u00e3o de autocorre\u00e7\u00e3o\"><\/figure><\/div><p> Voc\u00ea insere DYGR em uma c\u00e9lula e o Excel o converte (corre\u00e7\u00e3o autom\u00e1tica) em um s\u00edmbolo de grau real.<\/p><p> Mas primeiro voc\u00ea precisa criar essa corre\u00e7\u00e3o autom\u00e1tica e aqui est\u00e3o as etapas:<\/p><ol><li> V\u00e1 para Arquivo \u279c Op\u00e7\u00f5es do Excel.<\/li><li> Na caixa de di\u00e1logo Op\u00e7\u00f5es, selecione Revis\u00e3o \u279c Op\u00e7\u00f5es de AutoCorre\u00e7\u00e3o.<\/li><li> Na caixa de di\u00e1logo AutoCorre\u00e7\u00e3o, insira DYGR na caixa de entrada de substitui\u00e7\u00e3o e um s\u00edmbolo de grau (use uma tecla de atalho para inseri-lo) na barra de entrada.<\/li><li> Clique em Adicionar e depois em OK. <\/li><\/ol><div class=\"wp-block-image\"><figure class=\"aligncenter\"><img decoding=\"async\" src=\"https:\/\/exceladvisor.org\/wp-content\/uploads\/2023\/08\/inserer-un-symbole-de-degre-dans-Excel-en-utilisant-la-correction-automatique.png\" sizes=\"\" srcset=\"\" alt=\"insira um s\u00edmbolo de grau no Excel usando corre\u00e7\u00e3o autom\u00e1tica\"><\/figure><\/div><p> Agora, se voc\u00ea digitar o texto DYGR, ele ser\u00e1 automaticamente convertido em um s\u00edmbolo de grau.<\/p><p class=\"qt-tip\"> <strong>Importante<\/strong> : Esta corre\u00e7\u00e3o autom\u00e1tica diferencia mai\u00fasculas de min\u00fasculas e se aplica a todos os aplicativos do Office, como Word, Powerpoint, etc.<\/p><h2 class=\"wp-block-heading\"> 5. C\u00f3digo VBA para inserir rapidamente um s\u00edmbolo delta em uma c\u00e9lula<\/h2><p> Os c\u00f3digos VBA economizam tempo. Tenho certeza que voc\u00ea sabe disso. E o c\u00f3digo que vou compartilhar com voc\u00eas a seguir \u00e9 um desses c\u00f3digos.<\/p><p> Digamos que voc\u00ea tenha uma lista de n\u00fameros em uma coluna e queira adicionar um s\u00edmbolo de grau a cada um deles. Agora, aqui a melhor maneira \u00e9 executar esta macro de uma s\u00f3 vez.<\/p><ol><li> Primeiro, adicione o c\u00f3digo abaixo em seu editor VB.<\/li><li> Depois disso, selecione todas as c\u00e9lulas onde deseja inserir esses s\u00edmbolos.<\/li><li> E basta executar este c\u00f3digo na guia do desenvolvedor.<\/li><\/ol><pre class=\"wp-block-code\"> <code class=\"language-visual-basic\" lang=\"visual-basic\">Sub degreeSymbol() Dim rng As Range For Each rng In Selection rng.Select If ActiveCell &lt;&gt; \"\" Then If IsNumeric(ActiveCell.Value) Then ActiveCell.Value = ActiveCell.Value &amp; \"\u00b0\" End If End If Next End Sub<\/code><\/pre><p> Este c\u00f3digo verifica cada c\u00e9lula do intervalo e insere um s\u00edmbolo de grau no final de cada c\u00e9lula.<\/p><h2 class=\"wp-block-heading\"> Conclus\u00e3o<\/h2><p> Um s\u00edmbolo de grau \u00e9 um s\u00edmbolo espec\u00edfico que precisamos usar com um tipo espec\u00edfico de dados (temperatura). \u00c9 melhor ter 5 m\u00e9todos diferentes para inseri-lo para que voc\u00ea possa escolher um de acordo com sua conveni\u00eancia.<\/p><p> Espero que voc\u00ea tenha achado esses m\u00e9todos \u00fateis e agora me diga uma coisa.<\/p><p> <em>Voc\u00ea tem outro m\u00e9todo para inserir este s\u00edmbolo?<\/em><\/p><p> Por favor, compartilhe comigo na se\u00e7\u00e3o de coment\u00e1rios, eu adoraria ouvir de voc\u00ea. E n\u00e3o esque\u00e7a de compartilhar essa dica com seus amigos.<\/p><div class=\"gb-container gb-container-4db6181c gb-container-mt\"> <a class=\"gb-button gb-button-c5897111 gb-button-text gb-button-mt-button\" href=\"https:\/\/exceladvisor.org\/pt\/nocoes-basicas-de-excel\/\">No\u00e7\u00f5es b\u00e1sicas do Microsoft Excel (componentes, pe\u00e7as e notas de conhecimento)<\/a><h2 class=\"gb-headline gb-headline-665e5f6b gb-headline-text gb-headline-mt-heading\"> Tutoriais relacionados <\/h2><div class=\"gb-grid-wrapper gb-grid-wrapper-a20baf7c gb-grid-wrapper-mt-grid\"><div class=\"gb-grid-column gb-grid-column-65ddf67e\"><div class=\"gb-container gb-container-65ddf67e\"><ul><li> <a href=\"https:\/\/exceladvisor.org\/pt\/mudar-numero-negativo-para-positivo\/\">Converta um n\u00famero negativo em positivo no Excel<\/a><\/li><li> <a href=\"https:\/\/exceladvisor.org\/pt\/carimbo-de-datahora\/\">Insira um carimbo de data\/hora no Excel<\/a><\/li><li> <a href=\"https:\/\/exceladvisor.org\/pt\/pulgas\/\">Insira marcadores no Excel<\/a><\/li><li> <a href=\"https:\/\/exceladvisor.org\/pt\/delta\/\">Insira o s\u00edmbolo Delta no Excel em uma c\u00e9lula<\/a><\/li><li> <a href=\"https:\/\/exceladvisor.org\/pt\/formula-para-valor\/\">Converter f\u00f3rmula em valor no Excel<\/a> <\/li><\/ul><\/div><\/div><div class=\"gb-grid-column gb-grid-column-50067b57\"><div class=\"gb-container gb-container-50067b57\"><\/div><\/div><\/div><\/div>","protected":false},"excerpt":{"rendered":"","protected":false},"author":1,"featured_media":0,"parent":0,"menu_order":0,"comment_status":"open","ping_status":"closed","template":"","meta":{"ub_ctt_via":"","footnotes":""},"class_list":["post-28","page","type-page","status-publish","hentry"],"featured_image_src":null,"yoast_head":"<!-- This site is optimized with the Yoast SEO plugin v25.4 - https:\/\/yoast.com\/wordpress\/plugins\/seo\/ -->\n<title>Como digitar o s\u00edmbolo GRAU no Excel? (Tutorial 2023)<\/title>\n<meta name=\"description\" content=\"Ao trabalhar com esses dados, descobrimos que no Excel voc\u00ea pode inseri-los\/inser\u00ed-los de cinco maneiras diferentes...\" \/>\n<meta name=\"robots\" content=\"index, follow, max-snippet:-1, max-image-preview:large, max-video-preview:-1\" \/>\n<link rel=\"canonical\" href=\"https:\/\/exceladvisor.org\/pt\/grau\/\" \/>\n<meta property=\"og:locale\" content=\"pt_PT\" \/>\n<meta property=\"og:type\" content=\"article\" \/>\n<meta property=\"og:title\" content=\"Como digitar o s\u00edmbolo GRAU no Excel? (Tutorial 2023)\" \/>\n<meta property=\"og:description\" content=\"Ao trabalhar com esses dados, descobrimos que no Excel voc\u00ea pode inseri-los\/inser\u00ed-los de cinco maneiras diferentes...\" \/>\n<meta property=\"og:url\" content=\"https:\/\/exceladvisor.org\/pt\/grau\/\" \/>\n<meta property=\"og:site_name\" content=\"Excel Advisor\" \/>\n<meta property=\"article:modified_time\" content=\"2023-12-06T11:37:29+00:00\" \/>\n<meta property=\"og:image\" content=\"https:\/\/exceladvisor.org\/wp-content\/uploads\/2023\/08\/touche-de-raccourci-pour-inserer-un-symbole-de-degre-dans-excel.png\" \/>\n<meta name=\"twitter:card\" content=\"summary_large_image\" \/>\n<meta name=\"twitter:label1\" content=\"Tempo estimado de leitura\" \/>\n\t<meta name=\"twitter:data1\" content=\"5 minutos\" \/>\n<script type=\"application\/ld+json\" class=\"yoast-schema-graph\">{\"@context\":\"https:\/\/schema.org\",\"@graph\":[{\"@type\":\"WebPage\",\"@id\":\"https:\/\/exceladvisor.org\/pt\/grau\/\",\"url\":\"https:\/\/exceladvisor.org\/pt\/grau\/\",\"name\":\"Como digitar o s\u00edmbolo GRAU no Excel? (Tutorial 2023)\",\"isPartOf\":{\"@id\":\"https:\/\/exceladvisor.org\/pt\/#website\"},\"primaryImageOfPage\":{\"@id\":\"https:\/\/exceladvisor.org\/pt\/grau\/#primaryimage\"},\"image\":{\"@id\":\"https:\/\/exceladvisor.org\/pt\/grau\/#primaryimage\"},\"thumbnailUrl\":\"https:\/\/exceladvisor.org\/wp-content\/uploads\/2023\/08\/touche-de-raccourci-pour-inserer-un-symbole-de-degre-dans-excel.png\",\"datePublished\":\"2023-11-20T02:08:12+00:00\",\"dateModified\":\"2023-12-06T11:37:29+00:00\",\"description\":\"Ao trabalhar com esses dados, descobrimos que no Excel voc\u00ea pode inseri-los\/inser\u00ed-los de cinco maneiras diferentes...\",\"breadcrumb\":{\"@id\":\"https:\/\/exceladvisor.org\/pt\/grau\/#breadcrumb\"},\"inLanguage\":\"pt-PT\",\"potentialAction\":[{\"@type\":\"ReadAction\",\"target\":[\"https:\/\/exceladvisor.org\/pt\/grau\/\"]}]},{\"@type\":\"ImageObject\",\"inLanguage\":\"pt-PT\",\"@id\":\"https:\/\/exceladvisor.org\/pt\/grau\/#primaryimage\",\"url\":\"https:\/\/exceladvisor.org\/wp-content\/uploads\/2023\/08\/touche-de-raccourci-pour-inserer-un-symbole-de-degre-dans-excel.png\",\"contentUrl\":\"https:\/\/exceladvisor.org\/wp-content\/uploads\/2023\/08\/touche-de-raccourci-pour-inserer-un-symbole-de-degre-dans-excel.png\"},{\"@type\":\"BreadcrumbList\",\"@id\":\"https:\/\/exceladvisor.org\/pt\/grau\/#breadcrumb\",\"itemListElement\":[{\"@type\":\"ListItem\",\"position\":1,\"name\":\"Lar\",\"item\":\"https:\/\/exceladvisor.org\/pt\/\"},{\"@type\":\"ListItem\",\"position\":2,\"name\":\"Como digitar o s\u00edmbolo grau no excel?\"}]},{\"@type\":\"WebSite\",\"@id\":\"https:\/\/exceladvisor.org\/pt\/#website\",\"url\":\"https:\/\/exceladvisor.org\/pt\/\",\"name\":\"Excel Advisor\",\"description\":\"O seu guia definitivo para dominar os dados!\",\"publisher\":{\"@id\":\"https:\/\/exceladvisor.org\/pt\/#organization\"},\"potentialAction\":[{\"@type\":\"SearchAction\",\"target\":{\"@type\":\"EntryPoint\",\"urlTemplate\":\"https:\/\/exceladvisor.org\/pt\/?s={search_term_string}\"},\"query-input\":{\"@type\":\"PropertyValueSpecification\",\"valueRequired\":true,\"valueName\":\"search_term_string\"}}],\"inLanguage\":\"pt-PT\"},{\"@type\":\"Organization\",\"@id\":\"https:\/\/exceladvisor.org\/pt\/#organization\",\"name\":\"Excel Advisor\",\"url\":\"https:\/\/exceladvisor.org\/pt\/\",\"logo\":{\"@type\":\"ImageObject\",\"inLanguage\":\"pt-PT\",\"@id\":\"https:\/\/exceladvisor.org\/pt\/#\/schema\/logo\/image\/\",\"url\":\"https:\/\/exceladvisor.org\/pt\/wp-content\/uploads\/2023\/12\/exceladvisor.org_.png\",\"contentUrl\":\"https:\/\/exceladvisor.org\/pt\/wp-content\/uploads\/2023\/12\/exceladvisor.org_.png\",\"width\":105,\"height\":36,\"caption\":\"Excel Advisor\"},\"image\":{\"@id\":\"https:\/\/exceladvisor.org\/pt\/#\/schema\/logo\/image\/\"}}]}<\/script>\n<!-- \/ Yoast SEO plugin. -->","yoast_head_json":{"title":"Como digitar o s\u00edmbolo GRAU no Excel? (Tutorial 2023)","description":"Ao trabalhar com esses dados, descobrimos que no Excel voc\u00ea pode inseri-los\/inser\u00ed-los de cinco maneiras diferentes...","robots":{"index":"index","follow":"follow","max-snippet":"max-snippet:-1","max-image-preview":"max-image-preview:large","max-video-preview":"max-video-preview:-1"},"canonical":"https:\/\/exceladvisor.org\/pt\/grau\/","og_locale":"pt_PT","og_type":"article","og_title":"Como digitar o s\u00edmbolo GRAU no Excel? (Tutorial 2023)","og_description":"Ao trabalhar com esses dados, descobrimos que no Excel voc\u00ea pode inseri-los\/inser\u00ed-los de cinco maneiras diferentes...","og_url":"https:\/\/exceladvisor.org\/pt\/grau\/","og_site_name":"Excel Advisor","article_modified_time":"2023-12-06T11:37:29+00:00","og_image":[{"url":"https:\/\/exceladvisor.org\/wp-content\/uploads\/2023\/08\/touche-de-raccourci-pour-inserer-un-symbole-de-degre-dans-excel.png","type":"","width":"","height":""}],"twitter_card":"summary_large_image","twitter_misc":{"Tempo estimado de leitura":"5 minutos"},"schema":{"@context":"https:\/\/schema.org","@graph":[{"@type":"WebPage","@id":"https:\/\/exceladvisor.org\/pt\/grau\/","url":"https:\/\/exceladvisor.org\/pt\/grau\/","name":"Como digitar o s\u00edmbolo GRAU no Excel? (Tutorial 2023)","isPartOf":{"@id":"https:\/\/exceladvisor.org\/pt\/#website"},"primaryImageOfPage":{"@id":"https:\/\/exceladvisor.org\/pt\/grau\/#primaryimage"},"image":{"@id":"https:\/\/exceladvisor.org\/pt\/grau\/#primaryimage"},"thumbnailUrl":"https:\/\/exceladvisor.org\/wp-content\/uploads\/2023\/08\/touche-de-raccourci-pour-inserer-un-symbole-de-degre-dans-excel.png","datePublished":"2023-11-20T02:08:12+00:00","dateModified":"2023-12-06T11:37:29+00:00","description":"Ao trabalhar com esses dados, descobrimos que no Excel voc\u00ea pode inseri-los\/inser\u00ed-los de cinco maneiras diferentes...","breadcrumb":{"@id":"https:\/\/exceladvisor.org\/pt\/grau\/#breadcrumb"},"inLanguage":"pt-PT","potentialAction":[{"@type":"ReadAction","target":["https:\/\/exceladvisor.org\/pt\/grau\/"]}]},{"@type":"ImageObject","inLanguage":"pt-PT","@id":"https:\/\/exceladvisor.org\/pt\/grau\/#primaryimage","url":"https:\/\/exceladvisor.org\/wp-content\/uploads\/2023\/08\/touche-de-raccourci-pour-inserer-un-symbole-de-degre-dans-excel.png","contentUrl":"https:\/\/exceladvisor.org\/wp-content\/uploads\/2023\/08\/touche-de-raccourci-pour-inserer-un-symbole-de-degre-dans-excel.png"},{"@type":"BreadcrumbList","@id":"https:\/\/exceladvisor.org\/pt\/grau\/#breadcrumb","itemListElement":[{"@type":"ListItem","position":1,"name":"Lar","item":"https:\/\/exceladvisor.org\/pt\/"},{"@type":"ListItem","position":2,"name":"Como digitar o s\u00edmbolo grau no excel?"}]},{"@type":"WebSite","@id":"https:\/\/exceladvisor.org\/pt\/#website","url":"https:\/\/exceladvisor.org\/pt\/","name":"Excel Advisor","description":"O seu guia definitivo para dominar os dados!","publisher":{"@id":"https:\/\/exceladvisor.org\/pt\/#organization"},"potentialAction":[{"@type":"SearchAction","target":{"@type":"EntryPoint","urlTemplate":"https:\/\/exceladvisor.org\/pt\/?s={search_term_string}"},"query-input":{"@type":"PropertyValueSpecification","valueRequired":true,"valueName":"search_term_string"}}],"inLanguage":"pt-PT"},{"@type":"Organization","@id":"https:\/\/exceladvisor.org\/pt\/#organization","name":"Excel Advisor","url":"https:\/\/exceladvisor.org\/pt\/","logo":{"@type":"ImageObject","inLanguage":"pt-PT","@id":"https:\/\/exceladvisor.org\/pt\/#\/schema\/logo\/image\/","url":"https:\/\/exceladvisor.org\/pt\/wp-content\/uploads\/2023\/12\/exceladvisor.org_.png","contentUrl":"https:\/\/exceladvisor.org\/pt\/wp-content\/uploads\/2023\/12\/exceladvisor.org_.png","width":105,"height":36,"caption":"Excel Advisor"},"image":{"@id":"https:\/\/exceladvisor.org\/pt\/#\/schema\/logo\/image\/"}}]}},"yoast_meta":{"yoast_wpseo_title":"","yoast_wpseo_metadesc":"","yoast_wpseo_canonical":""},"_links":{"self":[{"href":"https:\/\/exceladvisor.org\/pt\/wp-json\/wp\/v2\/pages\/28","targetHints":{"allow":["GET"]}}],"collection":[{"href":"https:\/\/exceladvisor.org\/pt\/wp-json\/wp\/v2\/pages"}],"about":[{"href":"https:\/\/exceladvisor.org\/pt\/wp-json\/wp\/v2\/types\/page"}],"author":[{"embeddable":true,"href":"https:\/\/exceladvisor.org\/pt\/wp-json\/wp\/v2\/users\/1"}],"replies":[{"embeddable":true,"href":"https:\/\/exceladvisor.org\/pt\/wp-json\/wp\/v2\/comments?post=28"}],"version-history":[{"count":1,"href":"https:\/\/exceladvisor.org\/pt\/wp-json\/wp\/v2\/pages\/28\/revisions"}],"predecessor-version":[{"id":1042,"href":"https:\/\/exceladvisor.org\/pt\/wp-json\/wp\/v2\/pages\/28\/revisions\/1042"}],"wp:attachment":[{"href":"https:\/\/exceladvisor.org\/pt\/wp-json\/wp\/v2\/media?parent=28"}],"curies":[{"name":"wp","href":"https:\/\/api.w.org\/{rel}","templated":true}]}}