{"id":280,"date":"2023-11-06T23:45:43","date_gmt":"2023-11-06T23:45:43","guid":{"rendered":"https:\/\/exceladvisor.org\/pt\/comparar-duas-celulas\/"},"modified":"2023-12-06T11:35:23","modified_gmt":"2023-12-06T11:35:23","slug":"comparar-duas-celulas","status":"publish","type":"page","link":"https:\/\/exceladvisor.org\/pt\/comparar-duas-celulas\/","title":{"rendered":"Como comparar duas c\u00e9lulas no excel?"},"content":{"rendered":"<div class=\"excel-before-content-2\" id=\"excel-3565418785\"><script type=\"text\/javascript\">\r\n\tatOptions = {\r\n\t\t'key' : 'c1158f160081d6540a8409e6925dab94',\r\n\t\t'format' : 'iframe',\r\n\t\t'height' : 250,\r\n\t\t'width' : 300,\r\n\t\t'params' : {}\r\n\t};\r\n<\/script>\r\n<script type=\"text\/javascript\" src=\"\/\/www.highperformanceformat.com\/c1158f160081d6540a8409e6925dab94\/invoke.js\"><\/script><\/div><div class=\"excel-before-content\" id=\"excel-474647988\"><script type=\"text\/javascript\">\r\n\tatOptions = {\r\n\t\t'key' : 'c1158f160081d6540a8409e6925dab94',\r\n\t\t'format' : 'iframe',\r\n\t\t'height' : 250,\r\n\t\t'width' : 300,\r\n\t\t'params' : {}\r\n\t};\r\n<\/script>\r\n<script type=\"text\/javascript\" src=\"\/\/www.highperformanceformat.com\/c1158f160081d6540a8409e6925dab94\/invoke.js\"><\/script><\/div> <p>Para comparar duas c\u00e9lulas no Excel, voc\u00ea pode usar o operador igual ao se referir a ambas as c\u00e9lulas. E no resultado voc\u00ea obter\u00e1 TRUE se ambos os valores forem iguais e se os valores n\u00e3o forem iguais voc\u00ea obter\u00e1 FALSE no resultado.<\/p><p> No exemplo a seguir, temos dois valores nas c\u00e9lulas A1 e B1 respectivamente, e agora voc\u00ea precisa comparar as duas c\u00e9lulas. <\/p><div class=\"wp-block-image\"><figure class=\"aligncenter size-full is-resized\"><img loading=\"lazy\" decoding=\"async\" class=\"wp-image-70595\" src=\"https:\/\/exceladvisor.org\/wp-content\/uploads\/2023\/08\/1-comparer-deux-cellules.png\" sizes=\"auto, \" srcset=\"\" alt=\"comparar duas c\u00e9lulas\" width=\"383\" height=\"276\"><\/figure><\/div><p> Neste tutorial, descobriremos os diferentes m\u00e9todos que voc\u00ea pode usar.<\/p><h2 class=\"wp-block-heading\"> Compare duas c\u00e9lulas usando o operador igual<\/h2><ol type=\"1\"><li> Primeiro, na c\u00e9lula C1, insira o operador igual para iniciar a f\u00f3rmula.<\/li><li> Depois disso, consulte a c\u00e9lula A1 onde temos os primeiros valores.<\/li><li> Em seguida, insira o operador igual para comparar os valores das c\u00e9lulas.<\/li><li> Agora consulte a c\u00e9lula B1 onde voc\u00ea tem o segundo valor.<\/li><li> No final, pressione Enter para obter o resultado. <\/li><\/ol><div class=\"wp-block-image\"><figure class=\"aligncenter size-full is-resized\"><img loading=\"lazy\" decoding=\"async\" class=\"wp-image-70596\" src=\"https:\/\/exceladvisor.org\/wp-content\/uploads\/2023\/08\/2-comparer-les-cellules-en-utilisant-loperateur-egal.png\" sizes=\"auto, \" srcset=\"\" alt=\"comparar c\u00e9lulas usando operador igual\" width=\"394\" height=\"283\"><\/figure><\/div><p> Como voc\u00ea pode ver, no resultado temos FALSE, o que significa que os dois valores nas c\u00e9lulas n\u00e3o s\u00e3o iguais. Mas se voc\u00ea alterar o valor da c\u00e9lula B1 para \u201cSim\u201d, obter\u00e1 TRUE no resultado. <\/p><div class=\"wp-block-image\"><figure class=\"aligncenter size-full is-resized\"><img loading=\"lazy\" decoding=\"async\" class=\"wp-image-70597\" src=\"https:\/\/exceladvisor.org\/wp-content\/uploads\/2023\/08\/Resultat-de-3-cellules-comparees.png\" sizes=\"auto, \" srcset=\"\" alt=\"resultado de c\u00e9lulas comparadas\" width=\"417\" height=\"277\"><\/figure><\/div><p> \u00c9, portanto, uma maneira r\u00e1pida e f\u00e1cil de comparar duas c\u00e9lulas e obter o resultado VERDADEIRO ou FALSO.<\/p><pre class=\"wp-block-code\"> <code class=\"language-excel-formula\" lang=\"excel-formula\">=A1=B1<\/code><\/pre><h2 class=\"wp-block-heading\"> Usando a fun\u00e7\u00e3o EXACT para combinar os valores de texto de duas c\u00e9lulas<\/h2><p> Tamb\u00e9m existe uma fun\u00e7\u00e3o no Excel que voc\u00ea pode usar, e \u00e9 EXATA. Com a fun\u00e7\u00e3o EXATO, combine os valores de texto de duas c\u00e9lulas e voc\u00ea poder\u00e1 consultar as c\u00e9lulas que deseja comparar, e retornar\u00e1 VERDADEIRO ou FALSO no resultado.<\/p><p> Usamos o mesmo exemplo:<\/p><ol type=\"1\"><li> Primeiro, na c\u00e9lula C1, insira a fun\u00e7\u00e3o EXATA.<\/li><li> Depois disso, consulte a c\u00e9lula A1.<\/li><li> Em seguida, insira um comando.<\/li><li> Agora consulte a c\u00e9lula B1.<\/li><li> No final, insira os par\u00eanteses de fechamento e pressione Enter para obter o resultado. <\/li><\/ol><div class=\"wp-block-image\"><figure class=\"aligncenter size-full is-resized\"><img loading=\"lazy\" decoding=\"async\" class=\"wp-image-70598\" src=\"https:\/\/exceladvisor.org\/wp-content\/uploads\/2023\/08\/4-fonctions-exactes-a-comparer.png\" sizes=\"auto, \" srcset=\"\" alt=\"fun\u00e7\u00e3o exata para comparar\" width=\"446\" height=\"252\"><\/figure><\/div><p> Voc\u00ea pode ver que temos FALSE no resultado porque os valores nas c\u00e9lulas A1 e B1 n\u00e3o s\u00e3o iguais.<\/p><pre class=\"wp-block-code\"> <code class=\"language-excel-formula\" lang=\"excel-formula\">=EXACT(A1,B1)<\/code><\/pre><h2 class=\"wp-block-heading\"> Usando a fun\u00e7\u00e3o IF Create Condition para comparar dois valores<\/h2><p> Em ambos os m\u00e9todos discutidos acima, obtemos o resultado VERDADEIRO ou FALSO, mas e se voc\u00ea quiser um resultado personalizado para ambos os casos? Nesse caso, voc\u00ea pode usar a fun\u00e7\u00e3o IF para criar uma condi\u00e7\u00e3o e obter um resultado personalizado.<\/p><ol type=\"1\"><li> Primeiro, na c\u00e9lula C1, insira a fun\u00e7\u00e3o SE.<\/li><li> Depois disso, use o mesmo m\u00e9todo para comparar c\u00e9lulas que usamos no primeiro m\u00e9todo.<\/li><li> Em seguida, no segundo argumento da fun\u00e7\u00e3o, insira o valor que deseja obter se os dois valores corresponderem.<\/li><li> Agora, no terceiro argumento da fun\u00e7\u00e3o, insira o valor que deseja obter caso os dois valores n\u00e3o correspondam.<\/li><li> Ao final, insira os par\u00eanteses de fechamento e feche a fun\u00e7\u00e3o. <\/li><\/ol><div class=\"wp-block-image\"><figure class=\"aligncenter size-full is-resized\"><img loading=\"lazy\" decoding=\"async\" class=\"wp-image-70599\" src=\"https:\/\/exceladvisor.org\/wp-content\/uploads\/2023\/08\/5-utilisation-si-comparaison-de-cellules.png\" sizes=\"auto, \" srcset=\"\" alt=\"usar c\u00e9lulas de compara\u00e7\u00e3o\" width=\"537\" height=\"252\"><\/figure><\/div><p> Como voc\u00ea pode ver, no resultado temos o valor \u201cSem correspond\u00eancia\u201d porque os valores das duas c\u00e9lulas n\u00e3o s\u00e3o iguais.<\/p><pre class=\"wp-block-code\"> <code class=\"language-excel-formula\" lang=\"excel-formula\">=IF(A1=B1,\"Matched\",\"Not Matched\")<\/code><\/pre><div class=\"gb-container gb-container-52dfcee1 gb-container-sample-file\"><h2 class=\"gb-headline gb-headline-e289c143 gb-headline-text gb-headline-4f7959c2\"> Obtenha o arquivo Excel<\/h2> <a class=\"gb-button gb-button-e88d6bee gb-button-text gb-button-button1\" href=\"https:\/\/exceladvisor.org\/wp-content\/uploads\/2023\/11\/9-comparer-deux-cellules.xlsx\" rel=\"nofollow\">Download<\/a><\/div><div class=\"gb-container gb-container-0df56012 gb-container-mt\"> <a class=\"gb-button gb-button-f9f432f4 gb-button-text gb-button-mt-button\" href=\"https:\/\/exceladvisor.org\/pt\/formulas\/\">Lista de f\u00f3rmulas do Excel<\/a><h2 class=\"gb-headline gb-headline-233444e8 gb-headline-text gb-headline-mt-heading\"> F\u00f3rmulas relacionadas <\/h2><div class=\"gb-grid-wrapper gb-grid-wrapper-a16fa65c gb-grid-wrapper-mt-grid\"><div class=\"gb-grid-column gb-grid-column-50d07e0d\"><div class=\"gb-container gb-container-50d07e0d\"><ul><li> <a href=\"https:\/\/exceladvisor.org\/pt\/classificacao-condicional-classificacao-sumproduto-se\/\">Classifica\u00e7\u00e3o condicional no Excel usando a fun\u00e7\u00e3o SUMPRODUCT [RANKIF]<\/a><\/li><li> <a href=\"https:\/\/exceladvisor.org\/pt\/condicao-em-soma-produto\/\">SUMPRODUCT IF para criar uma f\u00f3rmula condicional no Excel<\/a> <\/li><\/ul><\/div><\/div><div class=\"gb-grid-column gb-grid-column-5b4a0cf9\"><div class=\"gb-container gb-container-5b4a0cf9\"><\/div><\/div><\/div><\/div>","protected":false},"excerpt":{"rendered":"","protected":false},"author":1,"featured_media":0,"parent":0,"menu_order":0,"comment_status":"open","ping_status":"closed","template":"","meta":{"ub_ctt_via":"","footnotes":""},"class_list":["post-280","page","type-page","status-publish","hentry"],"featured_image_src":null,"yoast_head":"<!-- This site is optimized with the Yoast SEO plugin v25.4 - https:\/\/yoast.com\/wordpress\/plugins\/seo\/ -->\n<title>Como comparar duas c\u00e9lulas no Excel? - Consultor Excel<\/title>\n<meta name=\"description\" content=\"Neste tutorial de f\u00f3rmula, voc\u00ea aprender\u00e1 como comparar duas c\u00e9lulas entre si. Voc\u00ea tamb\u00e9m aprende uma fun\u00e7\u00e3o para isso ...\" \/>\n<meta name=\"robots\" content=\"index, follow, max-snippet:-1, max-image-preview:large, max-video-preview:-1\" \/>\n<link rel=\"canonical\" href=\"https:\/\/exceladvisor.org\/pt\/comparar-duas-celulas\/\" \/>\n<meta property=\"og:locale\" content=\"pt_PT\" \/>\n<meta property=\"og:type\" content=\"article\" \/>\n<meta property=\"og:title\" content=\"Como comparar duas c\u00e9lulas no Excel? - Consultor Excel\" \/>\n<meta property=\"og:description\" content=\"Neste tutorial de f\u00f3rmula, voc\u00ea aprender\u00e1 como comparar duas c\u00e9lulas entre si. Voc\u00ea tamb\u00e9m aprende uma fun\u00e7\u00e3o para isso ...\" \/>\n<meta property=\"og:url\" content=\"https:\/\/exceladvisor.org\/pt\/comparar-duas-celulas\/\" \/>\n<meta property=\"og:site_name\" content=\"Excel Advisor\" \/>\n<meta property=\"article:modified_time\" content=\"2023-12-06T11:35:23+00:00\" \/>\n<meta property=\"og:image\" content=\"https:\/\/exceladvisor.org\/wp-content\/uploads\/2023\/08\/1-comparer-deux-cellules.png\" \/>\n<meta name=\"twitter:card\" content=\"summary_large_image\" \/>\n<meta name=\"twitter:label1\" content=\"Tempo estimado de leitura\" \/>\n\t<meta name=\"twitter:data1\" content=\"3 minutos\" \/>\n<script type=\"application\/ld+json\" class=\"yoast-schema-graph\">{\"@context\":\"https:\/\/schema.org\",\"@graph\":[{\"@type\":\"WebPage\",\"@id\":\"https:\/\/exceladvisor.org\/pt\/comparar-duas-celulas\/\",\"url\":\"https:\/\/exceladvisor.org\/pt\/comparar-duas-celulas\/\",\"name\":\"Como comparar duas c\u00e9lulas no Excel? - Consultor Excel\",\"isPartOf\":{\"@id\":\"https:\/\/exceladvisor.org\/pt\/#website\"},\"primaryImageOfPage\":{\"@id\":\"https:\/\/exceladvisor.org\/pt\/comparar-duas-celulas\/#primaryimage\"},\"image\":{\"@id\":\"https:\/\/exceladvisor.org\/pt\/comparar-duas-celulas\/#primaryimage\"},\"thumbnailUrl\":\"https:\/\/exceladvisor.org\/wp-content\/uploads\/2023\/08\/1-comparer-deux-cellules.png\",\"datePublished\":\"2023-11-06T23:45:43+00:00\",\"dateModified\":\"2023-12-06T11:35:23+00:00\",\"description\":\"Neste tutorial de f\u00f3rmula, voc\u00ea aprender\u00e1 como comparar duas c\u00e9lulas entre si. Voc\u00ea tamb\u00e9m aprende uma fun\u00e7\u00e3o para isso ...\",\"breadcrumb\":{\"@id\":\"https:\/\/exceladvisor.org\/pt\/comparar-duas-celulas\/#breadcrumb\"},\"inLanguage\":\"pt-PT\",\"potentialAction\":[{\"@type\":\"ReadAction\",\"target\":[\"https:\/\/exceladvisor.org\/pt\/comparar-duas-celulas\/\"]}]},{\"@type\":\"ImageObject\",\"inLanguage\":\"pt-PT\",\"@id\":\"https:\/\/exceladvisor.org\/pt\/comparar-duas-celulas\/#primaryimage\",\"url\":\"https:\/\/exceladvisor.org\/wp-content\/uploads\/2023\/08\/1-comparer-deux-cellules.png\",\"contentUrl\":\"https:\/\/exceladvisor.org\/wp-content\/uploads\/2023\/08\/1-comparer-deux-cellules.png\"},{\"@type\":\"BreadcrumbList\",\"@id\":\"https:\/\/exceladvisor.org\/pt\/comparar-duas-celulas\/#breadcrumb\",\"itemListElement\":[{\"@type\":\"ListItem\",\"position\":1,\"name\":\"Lar\",\"item\":\"https:\/\/exceladvisor.org\/pt\/\"},{\"@type\":\"ListItem\",\"position\":2,\"name\":\"Como comparar duas c\u00e9lulas no excel?\"}]},{\"@type\":\"WebSite\",\"@id\":\"https:\/\/exceladvisor.org\/pt\/#website\",\"url\":\"https:\/\/exceladvisor.org\/pt\/\",\"name\":\"Excel Advisor\",\"description\":\"O seu guia definitivo para dominar os dados!\",\"publisher\":{\"@id\":\"https:\/\/exceladvisor.org\/pt\/#organization\"},\"potentialAction\":[{\"@type\":\"SearchAction\",\"target\":{\"@type\":\"EntryPoint\",\"urlTemplate\":\"https:\/\/exceladvisor.org\/pt\/?s={search_term_string}\"},\"query-input\":{\"@type\":\"PropertyValueSpecification\",\"valueRequired\":true,\"valueName\":\"search_term_string\"}}],\"inLanguage\":\"pt-PT\"},{\"@type\":\"Organization\",\"@id\":\"https:\/\/exceladvisor.org\/pt\/#organization\",\"name\":\"Excel Advisor\",\"url\":\"https:\/\/exceladvisor.org\/pt\/\",\"logo\":{\"@type\":\"ImageObject\",\"inLanguage\":\"pt-PT\",\"@id\":\"https:\/\/exceladvisor.org\/pt\/#\/schema\/logo\/image\/\",\"url\":\"https:\/\/exceladvisor.org\/pt\/wp-content\/uploads\/2023\/12\/exceladvisor.org_.png\",\"contentUrl\":\"https:\/\/exceladvisor.org\/pt\/wp-content\/uploads\/2023\/12\/exceladvisor.org_.png\",\"width\":105,\"height\":36,\"caption\":\"Excel Advisor\"},\"image\":{\"@id\":\"https:\/\/exceladvisor.org\/pt\/#\/schema\/logo\/image\/\"}}]}<\/script>\n<!-- \/ Yoast SEO plugin. -->","yoast_head_json":{"title":"Como comparar duas c\u00e9lulas no Excel? - Consultor Excel","description":"Neste tutorial de f\u00f3rmula, voc\u00ea aprender\u00e1 como comparar duas c\u00e9lulas entre si. Voc\u00ea tamb\u00e9m aprende uma fun\u00e7\u00e3o para isso ...","robots":{"index":"index","follow":"follow","max-snippet":"max-snippet:-1","max-image-preview":"max-image-preview:large","max-video-preview":"max-video-preview:-1"},"canonical":"https:\/\/exceladvisor.org\/pt\/comparar-duas-celulas\/","og_locale":"pt_PT","og_type":"article","og_title":"Como comparar duas c\u00e9lulas no Excel? - Consultor Excel","og_description":"Neste tutorial de f\u00f3rmula, voc\u00ea aprender\u00e1 como comparar duas c\u00e9lulas entre si. Voc\u00ea tamb\u00e9m aprende uma fun\u00e7\u00e3o para isso ...","og_url":"https:\/\/exceladvisor.org\/pt\/comparar-duas-celulas\/","og_site_name":"Excel Advisor","article_modified_time":"2023-12-06T11:35:23+00:00","og_image":[{"url":"https:\/\/exceladvisor.org\/wp-content\/uploads\/2023\/08\/1-comparer-deux-cellules.png","type":"","width":"","height":""}],"twitter_card":"summary_large_image","twitter_misc":{"Tempo estimado de leitura":"3 minutos"},"schema":{"@context":"https:\/\/schema.org","@graph":[{"@type":"WebPage","@id":"https:\/\/exceladvisor.org\/pt\/comparar-duas-celulas\/","url":"https:\/\/exceladvisor.org\/pt\/comparar-duas-celulas\/","name":"Como comparar duas c\u00e9lulas no Excel? - Consultor Excel","isPartOf":{"@id":"https:\/\/exceladvisor.org\/pt\/#website"},"primaryImageOfPage":{"@id":"https:\/\/exceladvisor.org\/pt\/comparar-duas-celulas\/#primaryimage"},"image":{"@id":"https:\/\/exceladvisor.org\/pt\/comparar-duas-celulas\/#primaryimage"},"thumbnailUrl":"https:\/\/exceladvisor.org\/wp-content\/uploads\/2023\/08\/1-comparer-deux-cellules.png","datePublished":"2023-11-06T23:45:43+00:00","dateModified":"2023-12-06T11:35:23+00:00","description":"Neste tutorial de f\u00f3rmula, voc\u00ea aprender\u00e1 como comparar duas c\u00e9lulas entre si. Voc\u00ea tamb\u00e9m aprende uma fun\u00e7\u00e3o para isso ...","breadcrumb":{"@id":"https:\/\/exceladvisor.org\/pt\/comparar-duas-celulas\/#breadcrumb"},"inLanguage":"pt-PT","potentialAction":[{"@type":"ReadAction","target":["https:\/\/exceladvisor.org\/pt\/comparar-duas-celulas\/"]}]},{"@type":"ImageObject","inLanguage":"pt-PT","@id":"https:\/\/exceladvisor.org\/pt\/comparar-duas-celulas\/#primaryimage","url":"https:\/\/exceladvisor.org\/wp-content\/uploads\/2023\/08\/1-comparer-deux-cellules.png","contentUrl":"https:\/\/exceladvisor.org\/wp-content\/uploads\/2023\/08\/1-comparer-deux-cellules.png"},{"@type":"BreadcrumbList","@id":"https:\/\/exceladvisor.org\/pt\/comparar-duas-celulas\/#breadcrumb","itemListElement":[{"@type":"ListItem","position":1,"name":"Lar","item":"https:\/\/exceladvisor.org\/pt\/"},{"@type":"ListItem","position":2,"name":"Como comparar duas c\u00e9lulas no excel?"}]},{"@type":"WebSite","@id":"https:\/\/exceladvisor.org\/pt\/#website","url":"https:\/\/exceladvisor.org\/pt\/","name":"Excel Advisor","description":"O seu guia definitivo para dominar os dados!","publisher":{"@id":"https:\/\/exceladvisor.org\/pt\/#organization"},"potentialAction":[{"@type":"SearchAction","target":{"@type":"EntryPoint","urlTemplate":"https:\/\/exceladvisor.org\/pt\/?s={search_term_string}"},"query-input":{"@type":"PropertyValueSpecification","valueRequired":true,"valueName":"search_term_string"}}],"inLanguage":"pt-PT"},{"@type":"Organization","@id":"https:\/\/exceladvisor.org\/pt\/#organization","name":"Excel Advisor","url":"https:\/\/exceladvisor.org\/pt\/","logo":{"@type":"ImageObject","inLanguage":"pt-PT","@id":"https:\/\/exceladvisor.org\/pt\/#\/schema\/logo\/image\/","url":"https:\/\/exceladvisor.org\/pt\/wp-content\/uploads\/2023\/12\/exceladvisor.org_.png","contentUrl":"https:\/\/exceladvisor.org\/pt\/wp-content\/uploads\/2023\/12\/exceladvisor.org_.png","width":105,"height":36,"caption":"Excel Advisor"},"image":{"@id":"https:\/\/exceladvisor.org\/pt\/#\/schema\/logo\/image\/"}}]}},"yoast_meta":{"yoast_wpseo_title":"","yoast_wpseo_metadesc":"","yoast_wpseo_canonical":""},"_links":{"self":[{"href":"https:\/\/exceladvisor.org\/pt\/wp-json\/wp\/v2\/pages\/280","targetHints":{"allow":["GET"]}}],"collection":[{"href":"https:\/\/exceladvisor.org\/pt\/wp-json\/wp\/v2\/pages"}],"about":[{"href":"https:\/\/exceladvisor.org\/pt\/wp-json\/wp\/v2\/types\/page"}],"author":[{"embeddable":true,"href":"https:\/\/exceladvisor.org\/pt\/wp-json\/wp\/v2\/users\/1"}],"replies":[{"embeddable":true,"href":"https:\/\/exceladvisor.org\/pt\/wp-json\/wp\/v2\/comments?post=280"}],"version-history":[{"count":1,"href":"https:\/\/exceladvisor.org\/pt\/wp-json\/wp\/v2\/pages\/280\/revisions"}],"predecessor-version":[{"id":901,"href":"https:\/\/exceladvisor.org\/pt\/wp-json\/wp\/v2\/pages\/280\/revisions\/901"}],"wp:attachment":[{"href":"https:\/\/exceladvisor.org\/pt\/wp-json\/wp\/v2\/media?parent=280"}],"curies":[{"name":"wp","href":"https:\/\/api.w.org\/{rel}","templated":true}]}}