{"id":281,"date":"2023-11-06T23:37:18","date_gmt":"2023-11-06T23:37:18","guid":{"rendered":"https:\/\/exceladvisor.org\/pt\/arredondar-para-o-milhar-mais-proximo\/"},"modified":"2023-12-06T11:34:48","modified_gmt":"2023-12-06T11:34:48","slug":"arredondar-para-o-milhar-mais-proximo","status":"publish","type":"page","link":"https:\/\/exceladvisor.org\/pt\/arredondar-para-o-milhar-mais-proximo\/","title":{"rendered":"Como arredondar um n\u00famero para 100 e 10 mais pr\u00f3ximos?"},"content":{"rendered":"<div class=\"excel-before-content-2\" id=\"excel-2629408561\"><script type=\"text\/javascript\">\r\n\tatOptions = {\r\n\t\t'key' : 'c1158f160081d6540a8409e6925dab94',\r\n\t\t'format' : 'iframe',\r\n\t\t'height' : 250,\r\n\t\t'width' : 300,\r\n\t\t'params' : {}\r\n\t};\r\n<\/script>\r\n<script type=\"text\/javascript\" src=\"\/\/www.highperformanceformat.com\/c1158f160081d6540a8409e6925dab94\/invoke.js\"><\/script><\/div><div class=\"excel-before-content\" id=\"excel-3565715565\"><script type=\"text\/javascript\">\r\n\tatOptions = {\r\n\t\t'key' : 'c1158f160081d6540a8409e6925dab94',\r\n\t\t'format' : 'iframe',\r\n\t\t'height' : 250,\r\n\t\t'width' : 300,\r\n\t\t'params' : {}\r\n\t};\r\n<\/script>\r\n<script type=\"text\/javascript\" src=\"\/\/www.highperformanceformat.com\/c1158f160081d6540a8409e6925dab94\/invoke.js\"><\/script><\/div> <p>Se voc\u00ea \u00e9 uma daquelas pessoas que trabalha com dados estat\u00edsticos ou analisa muitos dados, esta f\u00f3rmula pode ser \u00fatil de v\u00e1rias maneiras. Aqui aprenderemos como arredondar um n\u00famero para 1000, 100 e 10 mais pr\u00f3ximos.<\/p><h2 class=\"wp-block-heading\"> Arredonde um n\u00famero para o milhar mais pr\u00f3ximo<\/h2><p> No Excel, existe uma fun\u00e7\u00e3o chamada ROUND que voc\u00ea pode usar para arredondar um n\u00famero para o milhar mais pr\u00f3ximo. Aqui tenho o n\u00famero &#8220;123456789&#8221; e quero arredondar esse n\u00famero. <\/p><div class=\"wp-block-image\"><figure class=\"aligncenter size-full is-resized\"><img loading=\"lazy\" decoding=\"async\" class=\"wp-image-67143\" src=\"https:\/\/exceladvisor.org\/wp-content\/uploads\/2023\/08\/1-cellule-avec-valeur-numerique.png\" sizes=\"auto, \" srcset=\"\" alt=\"c\u00e9lula com valor num\u00e9rico\" width=\"457\" height=\"175\"><\/figure><\/div><p> Voc\u00ea pode usar as etapas a seguir.<\/p><ol type=\"1\"><li> Primeiro, <a href=\"https:\/\/exceladvisor.org\/pt\/editar-celula\/\">edite a c\u00e9lula<\/a> B1 e comece a digitar a fun\u00e7\u00e3o ROUND \u201c=ROUND(\u201c.<\/li><li> Agora consulte a c\u00e9lula A1 onde temos o n\u00famero que deseja arredondar.<\/li><li> Ent\u00e3o, no segundo argumento, insira -3.<\/li><li> Ao final, insira o par\u00eantese de fechamento e pressione Enter para obter o resultado. <\/li><\/ol><div class=\"wp-block-image\"><figure class=\"aligncenter size-full is-resized\"><img loading=\"lazy\" decoding=\"async\" class=\"wp-image-67144\" src=\"https:\/\/exceladvisor.org\/wp-content\/uploads\/2023\/08\/2-fonction-darrondi-au-1000-le-plus-proche.png\" sizes=\"auto, \" srcset=\"\" alt=\"fun\u00e7\u00e3o de arredondamento para o 1000 mais pr\u00f3ximo\" width=\"522\" height=\"209\"><\/figure><\/div><pre class=\"wp-block-code\"> <code class=\"language-excel-formula\" lang=\"excel-formula\">=ROUND(A1,-3)<\/code><\/pre><p> No momento em que voc\u00ea pressiona Enter, ele retorna 123457000, que \u00e9 ent\u00e3o arredondado para a vers\u00e3o 1000 de 123456789. Como voc\u00ea tem os \u00faltimos quatro d\u00edgitos 6789, ele foi arredondado para 7000. <\/p><div class=\"wp-block-image\"><figure class=\"aligncenter size-full is-resized\"><img loading=\"lazy\" decoding=\"async\" class=\"wp-image-67145\" src=\"https:\/\/exceladvisor.org\/wp-content\/uploads\/2023\/08\/Resultat-de-la-fonction-3-tours.png\" sizes=\"auto, \" srcset=\"\" alt=\"resultado da fun\u00e7\u00e3o redonda\" width=\"544\" height=\"178\"><\/figure><\/div><p> Mas se voc\u00ea alterar esse n\u00famero para 123456489 onde voc\u00ea tem 6489 no final, a mesma fun\u00e7\u00e3o arredondar\u00e1 para 123456000. <\/p><div class=\"wp-block-image\"><figure class=\"aligncenter size-full is-resized\"><img loading=\"lazy\" decoding=\"async\" class=\"wp-image-67146\" src=\"https:\/\/exceladvisor.org\/wp-content\/uploads\/2023\/08\/4-types-de-resultats-de-fonction-ronde.png\" sizes=\"auto, \" srcset=\"\" alt=\"tipos de resultados de fun\u00e7\u00e3o redonda\" width=\"534\" height=\"192\"><\/figure><\/div><p> A fun\u00e7\u00e3o ROUND \u00e9 inteligente o suficiente para identificar para que lado o n\u00famero deve ser arredondado. Mas pode haver momentos em que voc\u00ea precise ARREDONDAR para baixo ou para cima um n\u00famero at\u00e9 o milhar mais pr\u00f3ximo.<\/p><pre class=\"wp-block-code\"> <code class=\"language-excel-formula\" lang=\"excel-formula\">=ROUNDDOWN(123456789,-3) = 123456000 =ROUNDUP(123456489,-3) = 123457000<\/code><\/pre><h2 class=\"wp-block-heading\"> Outros m\u00e9todos para arredondar um n\u00famero para o milhar mais pr\u00f3ximo<\/h2><p> Existem v\u00e1rias maneiras de us\u00e1-lo:<\/p><ul><li> <strong>Fun\u00e7\u00e3o PISO<\/strong> : PISO(123456789,1000) = 123457000<ul><li> Nesta fun\u00e7\u00e3o, voc\u00ea deve usar 1000 positivo para arredondar um n\u00famero positivo e -1000 negativo para arredondar um n\u00famero negativo.<\/li><\/ul><\/li><li> <strong>Fun\u00e7\u00e3o TETO<\/strong> : TETO (C1,1000) = 123457000<ul><li> Nesta fun\u00e7\u00e3o, voc\u00ea deve usar 1000 positivo para arredondar um n\u00famero positivo e -1000 negativo para arredondar um n\u00famero negativo.<\/li><\/ul><\/li><\/ul><h2 class=\"wp-block-heading\"> ARREDONDANDO um n\u00famero para o 100 mais pr\u00f3ximo<\/h2><p> Da mesma forma, voc\u00ea pode usar a fun\u00e7\u00e3o ROUND para arredondar um n\u00famero para a centena mais pr\u00f3xima. Para fazer isso, basta usar -2 no argumento num_digit. <\/p><pre class=\"wp-block-code\"> <code class=\"language-excel-formula\" lang=\"excel-formula\">=ROUND(A1,-2)<\/code><\/pre><div class=\"wp-block-image\"><figure class=\"aligncenter size-full is-resized\"><img loading=\"lazy\" decoding=\"async\" class=\"wp-image-67147\" src=\"https:\/\/exceladvisor.org\/wp-content\/uploads\/2023\/08\/5-arrondir-un-nombre-au-100-le-plus-proche.png\" sizes=\"auto, \" srcset=\"\" alt=\"n\u00famero arredondado para o 100 mais pr\u00f3ximo\" width=\"466\" height=\"201\"><\/figure><\/div><h2 class=\"wp-block-heading\"> ARREDONDANDO um n\u00famero para o 10 mais pr\u00f3ximo<\/h2><p> E se quiser arredondar um n\u00famero para a dezena mais pr\u00f3xima, use a fun\u00e7\u00e3o ROUND da seguinte maneira. <\/p><div class=\"wp-block-image\"><figure class=\"aligncenter size-full is-resized\"><img loading=\"lazy\" decoding=\"async\" class=\"wp-image-67148\" src=\"https:\/\/exceladvisor.org\/wp-content\/uploads\/2023\/08\/6-arrondir-un-nombre-au-10-le-plus-proche.png\" sizes=\"auto, \" srcset=\"\" alt=\"arredondar um n\u00famero para a dezena mais pr\u00f3xima\" width=\"483\" height=\"189\"><\/figure><\/div><pre class=\"wp-block-code\"> <code class=\"language-excel-formula\" lang=\"excel-formula\">=ROUND(A1,-1)<\/code><\/pre><div class=\"gb-container gb-container-52dfcee1 gb-container-sample-file\"><h2 class=\"gb-headline gb-headline-e289c143 gb-headline-text gb-headline-4f7959c2\"> Obtenha o arquivo Excel<\/h2><p> <a class=\"gb-button gb-button-e88d6bee gb-button-text gb-button-button1\" href=\"https:\/\/exceladvisor.org\/wp-content\/uploads\/2023\/11\/arrondir-au-millier-le-plus-proche-100-10.xlsx\" rel=\"nofollow\">Download<\/a><\/p><\/div><div class=\"gb-container gb-container-0df56012 gb-container-mt\"> <a class=\"gb-button gb-button-f9f432f4 gb-button-text gb-button-mt-button\" href=\"https:\/\/exceladvisor.org\/pt\/formulas\/\">Lista de f\u00f3rmulas do Excel<\/a><h2 class=\"gb-headline gb-headline-233444e8 gb-headline-text gb-headline-mt-heading\"> F\u00f3rmulas relacionadas <\/h2><div class=\"gb-grid-wrapper gb-grid-wrapper-a16fa65c gb-grid-wrapper-mt-grid\"><div class=\"gb-grid-column gb-grid-column-50d07e0d\"><div class=\"gb-container gb-container-50d07e0d\"><ul><li> <a href=\"https:\/\/exceladvisor.org\/pt\/arredondar-para-o-5-mais-proximo\/\">Arredonde para 0,5, 5,50 (para baixo) mais pr\u00f3ximo no Excel<\/a><\/li><li> <a href=\"https:\/\/exceladvisor.org\/pt\/porcentagem-redonda-2\/\">Porcentagem de valores redondos<\/a> <\/li><\/ul><\/div><\/div><div class=\"gb-grid-column gb-grid-column-5b4a0cf9\"><div class=\"gb-container gb-container-5b4a0cf9\"><\/div><\/div><\/div><\/div>","protected":false},"excerpt":{"rendered":"","protected":false},"author":1,"featured_media":0,"parent":0,"menu_order":0,"comment_status":"open","ping_status":"closed","template":"","meta":{"ub_ctt_via":"","footnotes":""},"class_list":["post-281","page","type-page","status-publish","hentry"],"featured_image_src":null,"yoast_head":"<!-- This site is optimized with the Yoast SEO plugin v25.4 - https:\/\/yoast.com\/wordpress\/plugins\/seo\/ -->\n<title>Como arredondar um n\u00famero para 100 e 10 mais pr\u00f3ximos?<\/title>\n<meta name=\"description\" content=\"Neste tutorial, voc\u00ea aprender\u00e1 diferentes maneiras de arredondar um n\u00famero para 1.000, 100 e 10 mais pr\u00f3ximos no Excel usando diferentes\" \/>\n<meta name=\"robots\" content=\"index, follow, max-snippet:-1, max-image-preview:large, max-video-preview:-1\" \/>\n<link rel=\"canonical\" href=\"https:\/\/exceladvisor.org\/pt\/arredondar-para-o-milhar-mais-proximo\/\" \/>\n<meta property=\"og:locale\" content=\"pt_PT\" \/>\n<meta property=\"og:type\" content=\"article\" \/>\n<meta property=\"og:title\" content=\"Como arredondar um n\u00famero para 100 e 10 mais pr\u00f3ximos?\" \/>\n<meta property=\"og:description\" content=\"Neste tutorial, voc\u00ea aprender\u00e1 diferentes maneiras de arredondar um n\u00famero para 1.000, 100 e 10 mais pr\u00f3ximos no Excel usando diferentes\" \/>\n<meta property=\"og:url\" content=\"https:\/\/exceladvisor.org\/pt\/arredondar-para-o-milhar-mais-proximo\/\" \/>\n<meta property=\"og:site_name\" content=\"Excel Advisor\" \/>\n<meta property=\"article:modified_time\" content=\"2023-12-06T11:34:48+00:00\" \/>\n<meta property=\"og:image\" content=\"https:\/\/exceladvisor.org\/wp-content\/uploads\/2023\/08\/1-cellule-avec-valeur-numerique.png\" \/>\n<meta name=\"twitter:card\" content=\"summary_large_image\" \/>\n<meta name=\"twitter:label1\" content=\"Tempo estimado de leitura\" \/>\n\t<meta name=\"twitter:data1\" content=\"2 minutos\" \/>\n<script type=\"application\/ld+json\" class=\"yoast-schema-graph\">{\"@context\":\"https:\/\/schema.org\",\"@graph\":[{\"@type\":\"WebPage\",\"@id\":\"https:\/\/exceladvisor.org\/pt\/arredondar-para-o-milhar-mais-proximo\/\",\"url\":\"https:\/\/exceladvisor.org\/pt\/arredondar-para-o-milhar-mais-proximo\/\",\"name\":\"Como arredondar um n\u00famero para 100 e 10 mais pr\u00f3ximos?\",\"isPartOf\":{\"@id\":\"https:\/\/exceladvisor.org\/pt\/#website\"},\"primaryImageOfPage\":{\"@id\":\"https:\/\/exceladvisor.org\/pt\/arredondar-para-o-milhar-mais-proximo\/#primaryimage\"},\"image\":{\"@id\":\"https:\/\/exceladvisor.org\/pt\/arredondar-para-o-milhar-mais-proximo\/#primaryimage\"},\"thumbnailUrl\":\"https:\/\/exceladvisor.org\/wp-content\/uploads\/2023\/08\/1-cellule-avec-valeur-numerique.png\",\"datePublished\":\"2023-11-06T23:37:18+00:00\",\"dateModified\":\"2023-12-06T11:34:48+00:00\",\"description\":\"Neste tutorial, voc\u00ea aprender\u00e1 diferentes maneiras de arredondar um n\u00famero para 1.000, 100 e 10 mais pr\u00f3ximos no Excel usando diferentes\",\"breadcrumb\":{\"@id\":\"https:\/\/exceladvisor.org\/pt\/arredondar-para-o-milhar-mais-proximo\/#breadcrumb\"},\"inLanguage\":\"pt-PT\",\"potentialAction\":[{\"@type\":\"ReadAction\",\"target\":[\"https:\/\/exceladvisor.org\/pt\/arredondar-para-o-milhar-mais-proximo\/\"]}]},{\"@type\":\"ImageObject\",\"inLanguage\":\"pt-PT\",\"@id\":\"https:\/\/exceladvisor.org\/pt\/arredondar-para-o-milhar-mais-proximo\/#primaryimage\",\"url\":\"https:\/\/exceladvisor.org\/wp-content\/uploads\/2023\/08\/1-cellule-avec-valeur-numerique.png\",\"contentUrl\":\"https:\/\/exceladvisor.org\/wp-content\/uploads\/2023\/08\/1-cellule-avec-valeur-numerique.png\"},{\"@type\":\"BreadcrumbList\",\"@id\":\"https:\/\/exceladvisor.org\/pt\/arredondar-para-o-milhar-mais-proximo\/#breadcrumb\",\"itemListElement\":[{\"@type\":\"ListItem\",\"position\":1,\"name\":\"Lar\",\"item\":\"https:\/\/exceladvisor.org\/pt\/\"},{\"@type\":\"ListItem\",\"position\":2,\"name\":\"Como arredondar um n\u00famero para 100 e 10 mais pr\u00f3ximos?\"}]},{\"@type\":\"WebSite\",\"@id\":\"https:\/\/exceladvisor.org\/pt\/#website\",\"url\":\"https:\/\/exceladvisor.org\/pt\/\",\"name\":\"Excel Advisor\",\"description\":\"O seu guia definitivo para dominar os dados!\",\"publisher\":{\"@id\":\"https:\/\/exceladvisor.org\/pt\/#organization\"},\"potentialAction\":[{\"@type\":\"SearchAction\",\"target\":{\"@type\":\"EntryPoint\",\"urlTemplate\":\"https:\/\/exceladvisor.org\/pt\/?s={search_term_string}\"},\"query-input\":{\"@type\":\"PropertyValueSpecification\",\"valueRequired\":true,\"valueName\":\"search_term_string\"}}],\"inLanguage\":\"pt-PT\"},{\"@type\":\"Organization\",\"@id\":\"https:\/\/exceladvisor.org\/pt\/#organization\",\"name\":\"Excel Advisor\",\"url\":\"https:\/\/exceladvisor.org\/pt\/\",\"logo\":{\"@type\":\"ImageObject\",\"inLanguage\":\"pt-PT\",\"@id\":\"https:\/\/exceladvisor.org\/pt\/#\/schema\/logo\/image\/\",\"url\":\"https:\/\/exceladvisor.org\/pt\/wp-content\/uploads\/2023\/12\/exceladvisor.org_.png\",\"contentUrl\":\"https:\/\/exceladvisor.org\/pt\/wp-content\/uploads\/2023\/12\/exceladvisor.org_.png\",\"width\":105,\"height\":36,\"caption\":\"Excel Advisor\"},\"image\":{\"@id\":\"https:\/\/exceladvisor.org\/pt\/#\/schema\/logo\/image\/\"}}]}<\/script>\n<!-- \/ Yoast SEO plugin. -->","yoast_head_json":{"title":"Como arredondar um n\u00famero para 100 e 10 mais pr\u00f3ximos?","description":"Neste tutorial, voc\u00ea aprender\u00e1 diferentes maneiras de arredondar um n\u00famero para 1.000, 100 e 10 mais pr\u00f3ximos no Excel usando diferentes","robots":{"index":"index","follow":"follow","max-snippet":"max-snippet:-1","max-image-preview":"max-image-preview:large","max-video-preview":"max-video-preview:-1"},"canonical":"https:\/\/exceladvisor.org\/pt\/arredondar-para-o-milhar-mais-proximo\/","og_locale":"pt_PT","og_type":"article","og_title":"Como arredondar um n\u00famero para 100 e 10 mais pr\u00f3ximos?","og_description":"Neste tutorial, voc\u00ea aprender\u00e1 diferentes maneiras de arredondar um n\u00famero para 1.000, 100 e 10 mais pr\u00f3ximos no Excel usando diferentes","og_url":"https:\/\/exceladvisor.org\/pt\/arredondar-para-o-milhar-mais-proximo\/","og_site_name":"Excel Advisor","article_modified_time":"2023-12-06T11:34:48+00:00","og_image":[{"url":"https:\/\/exceladvisor.org\/wp-content\/uploads\/2023\/08\/1-cellule-avec-valeur-numerique.png","type":"","width":"","height":""}],"twitter_card":"summary_large_image","twitter_misc":{"Tempo estimado de leitura":"2 minutos"},"schema":{"@context":"https:\/\/schema.org","@graph":[{"@type":"WebPage","@id":"https:\/\/exceladvisor.org\/pt\/arredondar-para-o-milhar-mais-proximo\/","url":"https:\/\/exceladvisor.org\/pt\/arredondar-para-o-milhar-mais-proximo\/","name":"Como arredondar um n\u00famero para 100 e 10 mais pr\u00f3ximos?","isPartOf":{"@id":"https:\/\/exceladvisor.org\/pt\/#website"},"primaryImageOfPage":{"@id":"https:\/\/exceladvisor.org\/pt\/arredondar-para-o-milhar-mais-proximo\/#primaryimage"},"image":{"@id":"https:\/\/exceladvisor.org\/pt\/arredondar-para-o-milhar-mais-proximo\/#primaryimage"},"thumbnailUrl":"https:\/\/exceladvisor.org\/wp-content\/uploads\/2023\/08\/1-cellule-avec-valeur-numerique.png","datePublished":"2023-11-06T23:37:18+00:00","dateModified":"2023-12-06T11:34:48+00:00","description":"Neste tutorial, voc\u00ea aprender\u00e1 diferentes maneiras de arredondar um n\u00famero para 1.000, 100 e 10 mais pr\u00f3ximos no Excel usando diferentes","breadcrumb":{"@id":"https:\/\/exceladvisor.org\/pt\/arredondar-para-o-milhar-mais-proximo\/#breadcrumb"},"inLanguage":"pt-PT","potentialAction":[{"@type":"ReadAction","target":["https:\/\/exceladvisor.org\/pt\/arredondar-para-o-milhar-mais-proximo\/"]}]},{"@type":"ImageObject","inLanguage":"pt-PT","@id":"https:\/\/exceladvisor.org\/pt\/arredondar-para-o-milhar-mais-proximo\/#primaryimage","url":"https:\/\/exceladvisor.org\/wp-content\/uploads\/2023\/08\/1-cellule-avec-valeur-numerique.png","contentUrl":"https:\/\/exceladvisor.org\/wp-content\/uploads\/2023\/08\/1-cellule-avec-valeur-numerique.png"},{"@type":"BreadcrumbList","@id":"https:\/\/exceladvisor.org\/pt\/arredondar-para-o-milhar-mais-proximo\/#breadcrumb","itemListElement":[{"@type":"ListItem","position":1,"name":"Lar","item":"https:\/\/exceladvisor.org\/pt\/"},{"@type":"ListItem","position":2,"name":"Como arredondar um n\u00famero para 100 e 10 mais pr\u00f3ximos?"}]},{"@type":"WebSite","@id":"https:\/\/exceladvisor.org\/pt\/#website","url":"https:\/\/exceladvisor.org\/pt\/","name":"Excel Advisor","description":"O seu guia definitivo para dominar os dados!","publisher":{"@id":"https:\/\/exceladvisor.org\/pt\/#organization"},"potentialAction":[{"@type":"SearchAction","target":{"@type":"EntryPoint","urlTemplate":"https:\/\/exceladvisor.org\/pt\/?s={search_term_string}"},"query-input":{"@type":"PropertyValueSpecification","valueRequired":true,"valueName":"search_term_string"}}],"inLanguage":"pt-PT"},{"@type":"Organization","@id":"https:\/\/exceladvisor.org\/pt\/#organization","name":"Excel Advisor","url":"https:\/\/exceladvisor.org\/pt\/","logo":{"@type":"ImageObject","inLanguage":"pt-PT","@id":"https:\/\/exceladvisor.org\/pt\/#\/schema\/logo\/image\/","url":"https:\/\/exceladvisor.org\/pt\/wp-content\/uploads\/2023\/12\/exceladvisor.org_.png","contentUrl":"https:\/\/exceladvisor.org\/pt\/wp-content\/uploads\/2023\/12\/exceladvisor.org_.png","width":105,"height":36,"caption":"Excel Advisor"},"image":{"@id":"https:\/\/exceladvisor.org\/pt\/#\/schema\/logo\/image\/"}}]}},"yoast_meta":{"yoast_wpseo_title":"","yoast_wpseo_metadesc":"","yoast_wpseo_canonical":""},"_links":{"self":[{"href":"https:\/\/exceladvisor.org\/pt\/wp-json\/wp\/v2\/pages\/281","targetHints":{"allow":["GET"]}}],"collection":[{"href":"https:\/\/exceladvisor.org\/pt\/wp-json\/wp\/v2\/pages"}],"about":[{"href":"https:\/\/exceladvisor.org\/pt\/wp-json\/wp\/v2\/types\/page"}],"author":[{"embeddable":true,"href":"https:\/\/exceladvisor.org\/pt\/wp-json\/wp\/v2\/users\/1"}],"replies":[{"embeddable":true,"href":"https:\/\/exceladvisor.org\/pt\/wp-json\/wp\/v2\/comments?post=281"}],"version-history":[{"count":1,"href":"https:\/\/exceladvisor.org\/pt\/wp-json\/wp\/v2\/pages\/281\/revisions"}],"predecessor-version":[{"id":854,"href":"https:\/\/exceladvisor.org\/pt\/wp-json\/wp\/v2\/pages\/281\/revisions\/854"}],"wp:attachment":[{"href":"https:\/\/exceladvisor.org\/pt\/wp-json\/wp\/v2\/media?parent=281"}],"curies":[{"name":"wp","href":"https:\/\/api.w.org\/{rel}","templated":true}]}}