{"id":282,"date":"2023-11-06T23:16:52","date_gmt":"2023-11-06T23:16:52","guid":{"rendered":"https:\/\/exceladvisor.org\/pt\/ignorar-erros\/"},"modified":"2023-12-06T11:38:00","modified_gmt":"2023-12-06T11:38:00","slug":"ignorar-erros","status":"publish","type":"page","link":"https:\/\/exceladvisor.org\/pt\/ignorar-erros\/","title":{"rendered":"Como ignorar todos os erros no excel?"},"content":{"rendered":"<div class=\"excel-before-content-2\" id=\"excel-2263729215\"><script type=\"text\/javascript\">\r\n\tatOptions = {\r\n\t\t'key' : 'c1158f160081d6540a8409e6925dab94',\r\n\t\t'format' : 'iframe',\r\n\t\t'height' : 250,\r\n\t\t'width' : 300,\r\n\t\t'params' : {}\r\n\t};\r\n<\/script>\r\n<script type=\"text\/javascript\" src=\"\/\/www.highperformanceformat.com\/c1158f160081d6540a8409e6925dab94\/invoke.js\"><\/script><\/div><div class=\"excel-before-content\" id=\"excel-3804954745\"><script type=\"text\/javascript\">\r\n\tatOptions = {\r\n\t\t'key' : 'c1158f160081d6540a8409e6925dab94',\r\n\t\t'format' : 'iframe',\r\n\t\t'height' : 250,\r\n\t\t'width' : 300,\r\n\t\t'params' : {}\r\n\t};\r\n<\/script>\r\n<script type=\"text\/javascript\" src=\"\/\/www.highperformanceformat.com\/c1158f160081d6540a8409e6925dab94\/invoke.js\"><\/script><\/div> <p>No Excel, para ignorar quaisquer erros obtidos ao usar f\u00f3rmulas, voc\u00ea pode usar uma fun\u00e7\u00e3o de tratamento de erros. Voc\u00ea pode agrupar sua f\u00f3rmula original com uma fun\u00e7\u00e3o de tratamento de erros que exibe um resultado significativo quando ocorre um erro. Al\u00e9m disso, voc\u00ea tamb\u00e9m pode <strong>usar a op\u00e7\u00e3o Ignorar o erro<\/strong> que voc\u00ea possui no Excel. <\/p><div class=\"wp-block-image\"><figure class=\"aligncenter size-full is-resized\"><img loading=\"lazy\" decoding=\"async\" class=\"wp-image-72420\" src=\"https:\/\/exceladvisor.org\/wp-content\/uploads\/2023\/08\/1-ignorer-toutes-les-erreurs.png\" sizes=\"auto, \" srcset=\"\" alt=\"ignore todos os erros\" width=\"669\" height=\"300\"><\/figure><\/div><p> Neste tutorial, veremos todos os m\u00e9todos que podemos usar.<\/p><h2 class=\"wp-block-heading\"> Use IFERROR para ignorar erros e substitu\u00ed-los por uma mensagem significativa<\/h2><p> A melhor maneira de lidar com erros \u00e9 usar a fun\u00e7\u00e3o IFERROR. Nesta fun\u00e7\u00e3o voc\u00ea tem dois argumentos para definir. O primeiro \u00e9 o valor real que voc\u00ea precisa testar quanto a erros e, em seguida, o valor que deseja obter se ocorrer um erro. <\/p><div class=\"wp-block-image\"><figure class=\"aligncenter size-full is-resized\"><img loading=\"lazy\" decoding=\"async\" class=\"wp-image-72421\" src=\"https:\/\/exceladvisor.org\/wp-content\/uploads\/2023\/08\/2-iferror-pour-ignorer-les-erreurs-de-remplacement.png\" sizes=\"auto, \" srcset=\"\" alt=\"iferror-to-ignore-replace-erros\" width=\"515\" height=\"292\"><\/figure><\/div><p> No exemplo a seguir voc\u00ea pode ver que usamos a mesma f\u00f3rmula, mas a envolvemos em IFERROR e ela retornou o valor que definimos. <\/p><div class=\"wp-block-image\"><figure class=\"aligncenter size-full is-resized\"><img loading=\"lazy\" decoding=\"async\" class=\"wp-image-72422\" src=\"https:\/\/exceladvisor.org\/wp-content\/uploads\/2023\/08\/3-iferror-pour-remplacer-toutes-les-erreurs.png\" sizes=\"auto, \" srcset=\"\" alt=\"iferror-para-substituir-todos-erros\" width=\"629\" height=\"282\"><\/figure><\/div><pre class=\"wp-block-code\"> <code class=\"language-excel-formula\" lang=\"excel-formula\">=IFERROR(1\/0,\"There's an error.\")<\/code><\/pre><h2 class=\"wp-block-heading\"> Fun\u00e7\u00e3o IFNA para ignorar o erro #N\/A<\/h2><p> Se voc\u00ea deseja ignorar especificamente o erro #N\/A e substitu\u00ed-lo por uma mensagem significativa, voc\u00ea pode usar a fun\u00e7\u00e3o IFNA que processa apenas o #N\/A. Esta fun\u00e7\u00e3o tamb\u00e9m possui dois argumentos que voc\u00ea deve definir.<\/p><p> Como voc\u00ea pode ver no exemplo a seguir, temos o erro na c\u00e9lula D1 que vem da fun\u00e7\u00e3o VLOOKUP. <\/p><div class=\"wp-block-image\"><figure class=\"aligncenter size-full is-resized\"><img loading=\"lazy\" decoding=\"async\" class=\"wp-image-72423\" src=\"https:\/\/exceladvisor.org\/wp-content\/uploads\/2023\/08\/4-ignorer-aucune-erreur.png\" sizes=\"auto, \" srcset=\"\" alt=\"ignore-#na-error\" width=\"417\" height=\"330\"><\/figure><\/div><p> Agora para lidar com esse erro voc\u00ea pode usar o IFNA (voc\u00ea tamb\u00e9m pode usar <a href=\"https:\/\/exceladvisor.org\/pt\/iferror-vlookup\/\">o IFERROR com o VLOOKUP<\/a> , mas usaremos o IFNA aqui). <\/p><div class=\"wp-block-image\"><figure class=\"aligncenter size-full is-resized\"><img loading=\"lazy\" decoding=\"async\" class=\"wp-image-72424\" src=\"https:\/\/exceladvisor.org\/wp-content\/uploads\/2023\/08\/5-ifna-pour-ignorer-aucune-erreur.png\" sizes=\"auto, \" srcset=\"\" alt=\"ifna-to-ignore-#na-error\" width=\"586\" height=\"326\"><\/figure><\/div><pre class=\"wp-block-code\"> <code class=\"language-excel-formula\" lang=\"excel-formula\">=IFNA(VLOOKUP(\"E\",A1:B5,2,0),\"Value is available.\")<\/code><\/pre><h2 class=\"wp-block-heading\"> Ignorar erro de op\u00e7\u00f5es<\/h2><p> Quando voc\u00ea recebe um erro em uma c\u00e9lula, o Excel oferece uma op\u00e7\u00e3o nessa c\u00e9lula onde voc\u00ea pode usar a op\u00e7\u00e3o \u201cIgnorar Erro\u201d. Como voc\u00ea pode ver no exemplo a seguir, voc\u00ea tem um #DIV\/0! erro na c\u00e9lula A1. <\/p><div class=\"wp-block-image\"><figure class=\"aligncenter size-full is-resized\"><img loading=\"lazy\" decoding=\"async\" class=\"wp-image-72425\" src=\"https:\/\/exceladvisor.org\/wp-content\/uploads\/2023\/08\/6-ignorer-lerreur-des-options.png\" sizes=\"auto, \" srcset=\"\" alt=\"ignorar-op\u00e7\u00f5es-erro\" width=\"350\" height=\"272\"><\/figure><\/div><p> Agora com a c\u00e9lula A1, voc\u00ea tem um pequeno \u00edcone no lado direito, e ao clicar neste \u00edcone, ele ainda lhe d\u00e1 uma lista de op\u00e7\u00f5es. E entre essas op\u00e7\u00f5es voc\u00ea pode selecionar a op\u00e7\u00e3o \u201cIgnorar erro\u201d. <\/p><div class=\"wp-block-image\"><figure class=\"aligncenter size-full is-resized\"><img loading=\"lazy\" decoding=\"async\" class=\"wp-image-72426\" src=\"https:\/\/exceladvisor.org\/wp-content\/uploads\/2023\/08\/7-ignorer-les-options-derreur.png\" sizes=\"auto, \" srcset=\"\" alt=\"ignorar op\u00e7\u00f5es de erro\" width=\"340\" height=\"375\"><\/figure><\/div><p> E assim que voc\u00ea clicar nesta op\u00e7\u00e3o, o Excel para de marcar aquela c\u00e9lula como uma c\u00e9lula de erro. <\/p><div class=\"wp-block-image\"><figure class=\"aligncenter size-full is-resized\"><img loading=\"lazy\" decoding=\"async\" class=\"wp-image-72427\" src=\"https:\/\/exceladvisor.org\/wp-content\/uploads\/2023\/08\/8-erreurs-de-cellule-darret.png\" sizes=\"auto, \" srcset=\"\" alt=\"erro de parada de fabrica\u00e7\u00e3o de c\u00e9lulas\" width=\"381\" height=\"316\"><\/figure><\/div><h2 class=\"wp-block-heading\"> Ativar\/desativar op\u00e7\u00f5es de verifica\u00e7\u00e3o de erros<\/h2><p> Al\u00e9m disso, voc\u00ea pode usar as op\u00e7\u00f5es de verifica\u00e7\u00e3o de erros das Op\u00e7\u00f5es do Excel para lidar com erros no Excel e ignor\u00e1-los. <\/p><div class=\"wp-block-image\"><figure class=\"aligncenter size-full is-resized\"><img loading=\"lazy\" decoding=\"async\" class=\"wp-image-72428\" src=\"https:\/\/exceladvisor.org\/wp-content\/uploads\/2023\/08\/9-option-de-verification-des-erreurs.png\" sizes=\"auto, \" srcset=\"\" alt=\"op\u00e7\u00e3o de verifica\u00e7\u00e3o de erros\" width=\"409\" height=\"380\"><\/figure><\/div><p> Ao clicar em &#8220;Op\u00e7\u00f5es de verifica\u00e7\u00e3o de erros&#8221;, voc\u00ea obt\u00e9m a caixa de di\u00e1logo Op\u00e7\u00f5es do Excel, de onde pode ativar e desativar as op\u00e7\u00f5es de verifica\u00e7\u00e3o de erros. <\/p><div class=\"wp-block-image\"><figure class=\"aligncenter size-full is-resized\"><img loading=\"lazy\" decoding=\"async\" class=\"wp-image-72429\" src=\"https:\/\/exceladvisor.org\/wp-content\/uploads\/2023\/08\/10-decochez-activer-la-verification-des-erreurs-en-arriere-plan.png\" sizes=\"auto, \" srcset=\"\" alt=\"desmarcar-habilitar-verifica\u00e7\u00e3o de erros em segundo plano\" width=\"718\" height=\"400\"><\/figure><\/div><p> Nessas op\u00e7\u00f5es, <strong>voc\u00ea precisa desmarcar \u201cAtivar verifica\u00e7\u00e3o de erros em segundo plano<\/strong> \u201d para desativar as op\u00e7\u00f5es de verifica\u00e7\u00e3o de erros. No momento em que voc\u00ea fizer isso, a verifica\u00e7\u00e3o de erros ser\u00e1 desativada em todo o aplicativo Excel. <\/p><div class=\"gb-container gb-container-52dfcee1 gb-container-sample-file\"><h2 class=\"gb-headline gb-headline-e289c143 gb-headline-text gb-headline-4f7959c2\"> Obtenha o arquivo Excel<\/h2> <a class=\"gb-button gb-button-e88d6bee gb-button-text gb-button-button1\" href=\"https:\/\/exceladvisor.org\/wp-content\/uploads\/2023\/08\/ignorer-toutes-les-erreurs.xlsx\" rel=\"nofollow\">Download<\/a><\/div><div class=\"gb-container gb-container-0df56012 gb-container-mt\"> <a class=\"gb-button gb-button-f9f432f4 gb-button-text gb-button-mt-button\" href=\"https:\/\/exceladvisor.org\/pt\/formulas\/\">Lista de f\u00f3rmulas do Excel<\/a><h2 class=\"gb-headline gb-headline-233444e8 gb-headline-text gb-headline-mt-heading\"> F\u00f3rmulas relacionadas <\/h2><div class=\"gb-grid-wrapper gb-grid-wrapper-a16fa65c gb-grid-wrapper-mt-grid\"><div class=\"gb-grid-column gb-grid-column-50d07e0d\"><div class=\"gb-container gb-container-50d07e0d\"><ul><li> <a href=\"https:\/\/exceladvisor.org\/pt\/erro-de-divisao\/\">Erro #DIV\/0<\/a><\/li><li> <a href=\"https:\/\/exceladvisor.org\/pt\/erro-de-derramamento\/\">#ESPALHAR! Erro<\/a><\/li><li> <a href=\"https:\/\/exceladvisor.org\/pt\/erro-de-valor\/\">#VALUE Erro<\/a><\/li><li> <a href=\"https:\/\/exceladvisor.org\/pt\/nao-ha-erro\/\">#N\/A Erro no Excel<\/a><\/li><li> <a href=\"https:\/\/exceladvisor.org\/pt\/erro-de-referencia\/\">#REF! Erro no Excel<\/a> <\/li><\/ul><\/div><\/div><div class=\"gb-grid-column gb-grid-column-5b4a0cf9\"><div class=\"gb-container gb-container-5b4a0cf9\"><\/div><\/div><\/div><\/div>","protected":false},"excerpt":{"rendered":"","protected":false},"author":1,"featured_media":0,"parent":0,"menu_order":0,"comment_status":"open","ping_status":"closed","template":"","meta":{"ub_ctt_via":"","footnotes":""},"class_list":["post-282","page","type-page","status-publish","hentry"],"featured_image_src":null,"yoast_head":"<!-- This site is optimized with the Yoast SEO plugin v25.4 - https:\/\/yoast.com\/wordpress\/plugins\/seo\/ -->\n<title>Como ignorar todos os erros no Excel? (Tutorial 2023)<\/title>\n<meta name=\"description\" content=\"Neste tutorial, entenderemos como ignorar todos os erros em uma c\u00e9lula ou intervalo que surgem ao usar\" \/>\n<meta name=\"robots\" content=\"index, follow, max-snippet:-1, max-image-preview:large, max-video-preview:-1\" \/>\n<link rel=\"canonical\" href=\"https:\/\/exceladvisor.org\/pt\/ignorar-erros\/\" \/>\n<meta property=\"og:locale\" content=\"pt_PT\" \/>\n<meta property=\"og:type\" content=\"article\" \/>\n<meta property=\"og:title\" content=\"Como ignorar todos os erros no Excel? (Tutorial 2023)\" \/>\n<meta property=\"og:description\" content=\"Neste tutorial, entenderemos como ignorar todos os erros em uma c\u00e9lula ou intervalo que surgem ao usar\" \/>\n<meta property=\"og:url\" content=\"https:\/\/exceladvisor.org\/pt\/ignorar-erros\/\" \/>\n<meta property=\"og:site_name\" content=\"Excel Advisor\" \/>\n<meta property=\"article:modified_time\" content=\"2023-12-06T11:38:00+00:00\" \/>\n<meta property=\"og:image\" content=\"https:\/\/exceladvisor.org\/wp-content\/uploads\/2023\/08\/1-ignorer-toutes-les-erreurs.png\" \/>\n<meta name=\"twitter:card\" content=\"summary_large_image\" \/>\n<meta name=\"twitter:label1\" content=\"Tempo estimado de leitura\" \/>\n\t<meta name=\"twitter:data1\" content=\"3 minutos\" \/>\n<script type=\"application\/ld+json\" class=\"yoast-schema-graph\">{\"@context\":\"https:\/\/schema.org\",\"@graph\":[{\"@type\":\"WebPage\",\"@id\":\"https:\/\/exceladvisor.org\/pt\/ignorar-erros\/\",\"url\":\"https:\/\/exceladvisor.org\/pt\/ignorar-erros\/\",\"name\":\"Como ignorar todos os erros no Excel? (Tutorial 2023)\",\"isPartOf\":{\"@id\":\"https:\/\/exceladvisor.org\/pt\/#website\"},\"primaryImageOfPage\":{\"@id\":\"https:\/\/exceladvisor.org\/pt\/ignorar-erros\/#primaryimage\"},\"image\":{\"@id\":\"https:\/\/exceladvisor.org\/pt\/ignorar-erros\/#primaryimage\"},\"thumbnailUrl\":\"https:\/\/exceladvisor.org\/wp-content\/uploads\/2023\/08\/1-ignorer-toutes-les-erreurs.png\",\"datePublished\":\"2023-11-06T23:16:52+00:00\",\"dateModified\":\"2023-12-06T11:38:00+00:00\",\"description\":\"Neste tutorial, entenderemos como ignorar todos os erros em uma c\u00e9lula ou intervalo que surgem ao usar\",\"breadcrumb\":{\"@id\":\"https:\/\/exceladvisor.org\/pt\/ignorar-erros\/#breadcrumb\"},\"inLanguage\":\"pt-PT\",\"potentialAction\":[{\"@type\":\"ReadAction\",\"target\":[\"https:\/\/exceladvisor.org\/pt\/ignorar-erros\/\"]}]},{\"@type\":\"ImageObject\",\"inLanguage\":\"pt-PT\",\"@id\":\"https:\/\/exceladvisor.org\/pt\/ignorar-erros\/#primaryimage\",\"url\":\"https:\/\/exceladvisor.org\/wp-content\/uploads\/2023\/08\/1-ignorer-toutes-les-erreurs.png\",\"contentUrl\":\"https:\/\/exceladvisor.org\/wp-content\/uploads\/2023\/08\/1-ignorer-toutes-les-erreurs.png\"},{\"@type\":\"BreadcrumbList\",\"@id\":\"https:\/\/exceladvisor.org\/pt\/ignorar-erros\/#breadcrumb\",\"itemListElement\":[{\"@type\":\"ListItem\",\"position\":1,\"name\":\"Lar\",\"item\":\"https:\/\/exceladvisor.org\/pt\/\"},{\"@type\":\"ListItem\",\"position\":2,\"name\":\"Como ignorar todos os erros no excel?\"}]},{\"@type\":\"WebSite\",\"@id\":\"https:\/\/exceladvisor.org\/pt\/#website\",\"url\":\"https:\/\/exceladvisor.org\/pt\/\",\"name\":\"Excel Advisor\",\"description\":\"O seu guia definitivo para dominar os dados!\",\"publisher\":{\"@id\":\"https:\/\/exceladvisor.org\/pt\/#organization\"},\"potentialAction\":[{\"@type\":\"SearchAction\",\"target\":{\"@type\":\"EntryPoint\",\"urlTemplate\":\"https:\/\/exceladvisor.org\/pt\/?s={search_term_string}\"},\"query-input\":{\"@type\":\"PropertyValueSpecification\",\"valueRequired\":true,\"valueName\":\"search_term_string\"}}],\"inLanguage\":\"pt-PT\"},{\"@type\":\"Organization\",\"@id\":\"https:\/\/exceladvisor.org\/pt\/#organization\",\"name\":\"Excel Advisor\",\"url\":\"https:\/\/exceladvisor.org\/pt\/\",\"logo\":{\"@type\":\"ImageObject\",\"inLanguage\":\"pt-PT\",\"@id\":\"https:\/\/exceladvisor.org\/pt\/#\/schema\/logo\/image\/\",\"url\":\"https:\/\/exceladvisor.org\/pt\/wp-content\/uploads\/2023\/12\/exceladvisor.org_.png\",\"contentUrl\":\"https:\/\/exceladvisor.org\/pt\/wp-content\/uploads\/2023\/12\/exceladvisor.org_.png\",\"width\":105,\"height\":36,\"caption\":\"Excel Advisor\"},\"image\":{\"@id\":\"https:\/\/exceladvisor.org\/pt\/#\/schema\/logo\/image\/\"}}]}<\/script>\n<!-- \/ Yoast SEO plugin. -->","yoast_head_json":{"title":"Como ignorar todos os erros no Excel? (Tutorial 2023)","description":"Neste tutorial, entenderemos como ignorar todos os erros em uma c\u00e9lula ou intervalo que surgem ao usar","robots":{"index":"index","follow":"follow","max-snippet":"max-snippet:-1","max-image-preview":"max-image-preview:large","max-video-preview":"max-video-preview:-1"},"canonical":"https:\/\/exceladvisor.org\/pt\/ignorar-erros\/","og_locale":"pt_PT","og_type":"article","og_title":"Como ignorar todos os erros no Excel? (Tutorial 2023)","og_description":"Neste tutorial, entenderemos como ignorar todos os erros em uma c\u00e9lula ou intervalo que surgem ao usar","og_url":"https:\/\/exceladvisor.org\/pt\/ignorar-erros\/","og_site_name":"Excel Advisor","article_modified_time":"2023-12-06T11:38:00+00:00","og_image":[{"url":"https:\/\/exceladvisor.org\/wp-content\/uploads\/2023\/08\/1-ignorer-toutes-les-erreurs.png","type":"","width":"","height":""}],"twitter_card":"summary_large_image","twitter_misc":{"Tempo estimado de leitura":"3 minutos"},"schema":{"@context":"https:\/\/schema.org","@graph":[{"@type":"WebPage","@id":"https:\/\/exceladvisor.org\/pt\/ignorar-erros\/","url":"https:\/\/exceladvisor.org\/pt\/ignorar-erros\/","name":"Como ignorar todos os erros no Excel? (Tutorial 2023)","isPartOf":{"@id":"https:\/\/exceladvisor.org\/pt\/#website"},"primaryImageOfPage":{"@id":"https:\/\/exceladvisor.org\/pt\/ignorar-erros\/#primaryimage"},"image":{"@id":"https:\/\/exceladvisor.org\/pt\/ignorar-erros\/#primaryimage"},"thumbnailUrl":"https:\/\/exceladvisor.org\/wp-content\/uploads\/2023\/08\/1-ignorer-toutes-les-erreurs.png","datePublished":"2023-11-06T23:16:52+00:00","dateModified":"2023-12-06T11:38:00+00:00","description":"Neste tutorial, entenderemos como ignorar todos os erros em uma c\u00e9lula ou intervalo que surgem ao usar","breadcrumb":{"@id":"https:\/\/exceladvisor.org\/pt\/ignorar-erros\/#breadcrumb"},"inLanguage":"pt-PT","potentialAction":[{"@type":"ReadAction","target":["https:\/\/exceladvisor.org\/pt\/ignorar-erros\/"]}]},{"@type":"ImageObject","inLanguage":"pt-PT","@id":"https:\/\/exceladvisor.org\/pt\/ignorar-erros\/#primaryimage","url":"https:\/\/exceladvisor.org\/wp-content\/uploads\/2023\/08\/1-ignorer-toutes-les-erreurs.png","contentUrl":"https:\/\/exceladvisor.org\/wp-content\/uploads\/2023\/08\/1-ignorer-toutes-les-erreurs.png"},{"@type":"BreadcrumbList","@id":"https:\/\/exceladvisor.org\/pt\/ignorar-erros\/#breadcrumb","itemListElement":[{"@type":"ListItem","position":1,"name":"Lar","item":"https:\/\/exceladvisor.org\/pt\/"},{"@type":"ListItem","position":2,"name":"Como ignorar todos os erros no excel?"}]},{"@type":"WebSite","@id":"https:\/\/exceladvisor.org\/pt\/#website","url":"https:\/\/exceladvisor.org\/pt\/","name":"Excel Advisor","description":"O seu guia definitivo para dominar os dados!","publisher":{"@id":"https:\/\/exceladvisor.org\/pt\/#organization"},"potentialAction":[{"@type":"SearchAction","target":{"@type":"EntryPoint","urlTemplate":"https:\/\/exceladvisor.org\/pt\/?s={search_term_string}"},"query-input":{"@type":"PropertyValueSpecification","valueRequired":true,"valueName":"search_term_string"}}],"inLanguage":"pt-PT"},{"@type":"Organization","@id":"https:\/\/exceladvisor.org\/pt\/#organization","name":"Excel Advisor","url":"https:\/\/exceladvisor.org\/pt\/","logo":{"@type":"ImageObject","inLanguage":"pt-PT","@id":"https:\/\/exceladvisor.org\/pt\/#\/schema\/logo\/image\/","url":"https:\/\/exceladvisor.org\/pt\/wp-content\/uploads\/2023\/12\/exceladvisor.org_.png","contentUrl":"https:\/\/exceladvisor.org\/pt\/wp-content\/uploads\/2023\/12\/exceladvisor.org_.png","width":105,"height":36,"caption":"Excel Advisor"},"image":{"@id":"https:\/\/exceladvisor.org\/pt\/#\/schema\/logo\/image\/"}}]}},"yoast_meta":{"yoast_wpseo_title":"","yoast_wpseo_metadesc":"","yoast_wpseo_canonical":""},"_links":{"self":[{"href":"https:\/\/exceladvisor.org\/pt\/wp-json\/wp\/v2\/pages\/282","targetHints":{"allow":["GET"]}}],"collection":[{"href":"https:\/\/exceladvisor.org\/pt\/wp-json\/wp\/v2\/pages"}],"about":[{"href":"https:\/\/exceladvisor.org\/pt\/wp-json\/wp\/v2\/types\/page"}],"author":[{"embeddable":true,"href":"https:\/\/exceladvisor.org\/pt\/wp-json\/wp\/v2\/users\/1"}],"replies":[{"embeddable":true,"href":"https:\/\/exceladvisor.org\/pt\/wp-json\/wp\/v2\/comments?post=282"}],"version-history":[{"count":1,"href":"https:\/\/exceladvisor.org\/pt\/wp-json\/wp\/v2\/pages\/282\/revisions"}],"predecessor-version":[{"id":1087,"href":"https:\/\/exceladvisor.org\/pt\/wp-json\/wp\/v2\/pages\/282\/revisions\/1087"}],"wp:attachment":[{"href":"https:\/\/exceladvisor.org\/pt\/wp-json\/wp\/v2\/media?parent=282"}],"curies":[{"name":"wp","href":"https:\/\/api.w.org\/{rel}","templated":true}]}}