{"id":283,"date":"2023-11-06T22:52:07","date_gmt":"2023-11-06T22:52:07","guid":{"rendered":"https:\/\/exceladvisor.org\/pt\/erro-de-derramamento\/"},"modified":"2023-12-06T11:35:30","modified_gmt":"2023-12-06T11:35:30","slug":"erro-de-derramamento","status":"publish","type":"page","link":"https:\/\/exceladvisor.org\/pt\/erro-de-derramamento\/","title":{"rendered":"Como consertar #spread! erro no excel?"},"content":{"rendered":"<div class=\"excel-before-content-2\" id=\"excel-1714927925\"><script type=\"text\/javascript\">\r\n\tatOptions = {\r\n\t\t'key' : 'c1158f160081d6540a8409e6925dab94',\r\n\t\t'format' : 'iframe',\r\n\t\t'height' : 250,\r\n\t\t'width' : 300,\r\n\t\t'params' : {}\r\n\t};\r\n<\/script>\r\n<script type=\"text\/javascript\" src=\"\/\/www.highperformanceformat.com\/c1158f160081d6540a8409e6925dab94\/invoke.js\"><\/script><\/div><div class=\"excel-before-content\" id=\"excel-2812772268\"><script type=\"text\/javascript\">\r\n\tatOptions = {\r\n\t\t'key' : 'c1158f160081d6540a8409e6925dab94',\r\n\t\t'format' : 'iframe',\r\n\t\t'height' : 250,\r\n\t\t'width' : 300,\r\n\t\t'params' : {}\r\n\t};\r\n<\/script>\r\n<script type=\"text\/javascript\" src=\"\/\/www.highperformanceformat.com\/c1158f160081d6540a8409e6925dab94\/invoke.js\"><\/script><\/div> <h2 id=\"h-spill-range-is-not-blank\" class=\"wp-block-heading\">A faixa de derramamento n\u00e3o est\u00e1 vazia<\/h2><p> No Excel voc\u00ea obter\u00e1 o #DERRAMAMENTO! erro quando voc\u00ea usa uma fun\u00e7\u00e3o din\u00e2mica que retorna o resultado em um intervalo de diversas c\u00e9lulas, mas esse intervalo j\u00e1 cont\u00e9m valores, e agora essa fun\u00e7\u00e3o din\u00e2mica n\u00e3o pode sobrescrever os valores para retornar o resultado nesse intervalo. Agora, para obter o resultado, voc\u00ea precisa limpar os valores do intervalo. <\/p><div class=\"wp-block-image\"><figure class=\"aligncenter size-full is-resized\"><img loading=\"lazy\" decoding=\"async\" class=\"wp-image-72518\" src=\"https:\/\/exceladvisor.org\/wp-content\/uploads\/2023\/08\/1-plage-de-deversement.png\" sizes=\"auto, \" srcset=\"\" alt=\"faixa de descarga\" width=\"462\" height=\"317\"><\/figure><\/div><p> No exemplo acima, voc\u00ea pode ver que estamos usando a fun\u00e7\u00e3o RANDARRAY que retorna valores aleat\u00f3rios em um intervalo espec\u00edfico de c\u00e9lulas que voc\u00ea define. E na fun\u00e7\u00e3o, defino cinco linhas e cinco colunas para os valores do resultado que \u00e9 o intervalo A1:E5.<\/p><p> Agora, como voc\u00eas podem ver na c\u00e9lula B3, j\u00e1 tenho um valor l\u00e1 e \u00e9 por isso que essa f\u00f3rmula din\u00e2mica n\u00e3o consegue expandir seu resultado e retorna o #SPILL! Erro. <\/p><div class=\"wp-block-image\"><figure class=\"aligncenter size-full is-resized\"><img loading=\"lazy\" decoding=\"async\" class=\"wp-image-72519\" src=\"https:\/\/exceladvisor.org\/wp-content\/uploads\/2023\/08\/2-valeur-dans-la-plage-de-deversement.png\" sizes=\"auto, \" srcset=\"\" alt=\"faixa de valores de derramamento\" width=\"395\" height=\"414\"><\/figure><\/div><p> Para resolver este problema, \u00e9 necess\u00e1rio remover o valor da c\u00e9lula B3, e a fun\u00e7\u00e3o din\u00e2mica (RANDARRAY) se expande e retorna o resultado no intervalo A1:E5 que tem cinco linhas e cinco colunas.<\/p><h2 id=\"h-spill-range-error-in-a-table\" class=\"wp-block-heading\"> Erro de intervalo de derramamento em uma matriz<\/h2><p> Se voc\u00ea estiver usando arrays din\u00e2micos, neste caso h\u00e1 uma chance de obter o #SPILL! erro. A raz\u00e3o \u00e9 que <strong><mark class=\"has-inline-color\" style=\"background-color: #fdde6c;\">as tabelas ainda n\u00e3o suportam f\u00f3rmulas din\u00e2micas<\/mark><\/strong> . <\/p><div class=\"wp-block-image\"><figure class=\"aligncenter size-full is-resized\"><img loading=\"lazy\" decoding=\"async\" class=\"wp-image-72520\" src=\"https:\/\/exceladvisor.org\/wp-content\/uploads\/2023\/08\/3-erreur-de-plage-de-deversement-dans-le-tableau.png\" sizes=\"auto, \" srcset=\"\" alt=\"erro de faixa de derramamento na tabela\" width=\"501\" height=\"466\"><\/figure><\/div><p> No exemplo acima temos a Tabela1 onde estamos tentando obter o n\u00famero aleat\u00f3rio em uma coluna e dez linhas, mas como estamos usando a tabela ela retornou um erro de overflow.<\/p><p> Segundo a Microsoft, ainda n\u00e3o h\u00e1 suporte em tabelas do Excel para fun\u00e7\u00f5es din\u00e2micas. A solu\u00e7\u00e3o \u00e9 converter a tabela para um intervalo normal ou mover sua f\u00f3rmula para um intervalo normal.<\/p><p class=\"myalert\"> E ao converter sua tabela para um intervalo normal, certifique-se de excluir e inserir novamente a f\u00f3rmula, caso contr\u00e1rio, ela sempre mostrar\u00e1 o erro para todos os valores, exceto o \u00faltimo valor. <\/p><div class=\"wp-block-image\"><figure class=\"aligncenter size-full is-resized\"><img loading=\"lazy\" decoding=\"async\" class=\"wp-image-72521\" src=\"https:\/\/exceladvisor.org\/wp-content\/uploads\/2023\/08\/4-supprimer-et-saisir-a-nouveau-la-formule.png\" sizes=\"auto, \" srcset=\"\" alt=\"excluir e inserir novamente a f\u00f3rmula\" width=\"387\" height=\"550\"><\/figure><\/div><p> Ao converter a tabela para um intervalo normal, o Excel tenta estender a f\u00f3rmula din\u00e2mica para outras c\u00e9lulas, mas essas c\u00e9lulas ainda apresentam o erro de derramamento (diferente da \u00faltima c\u00e9lula com a f\u00f3rmula) e \u00e9 por isso que a f\u00f3rmula din\u00e2mica n\u00e3o ser\u00e1 capaz de obtenha o resultado para voc\u00ea.<\/p><h2 id=\"h-spill-error-problem-with-vlookup\" class=\"wp-block-heading\"> #ESPALHAR! Problema de erro com VLOOKUP<\/h2><p> Pode acontecer que voc\u00ea receba o erro de derramamento com VLOOKUP. Bem, n\u00e3o \u00e9 comum obter esse <a href=\"https:\/\/exceladvisor.org\/pt\/iferror-vlookup\/\">erro com o VLOOKUP<\/a> , mas h\u00e1 uma chance de ocorrer. Para entend\u00ea-lo, voc\u00ea precisa entender a situa\u00e7\u00e3o e como est\u00e1 usando a f\u00f3rmula de maneira errada. <\/p><div class=\"wp-block-image\"><figure class=\"aligncenter size-full is-resized\"><img loading=\"lazy\" decoding=\"async\" class=\"wp-image-72522\" src=\"https:\/\/exceladvisor.org\/wp-content\/uploads\/2023\/08\/5-erreur-de-deversement-avec-vlookup.png\" sizes=\"auto, \" srcset=\"\" alt=\"erro de derramamento com vlookup\" width=\"410\" height=\"395\"><\/figure><\/div><p> Na f\u00f3rmula acima, no valor de pesquisa, em vez de me referir a uma \u00fanica c\u00e9lula, me referi \u00e0 coluna inteira, tornando-a uma f\u00f3rmula din\u00e2mica.<\/p><p> Agora como me referi \u00e0 coluna inteira onde tenho um total de 1.048.576 c\u00e9lulas, e com a f\u00f3rmula din\u00e2mica o Excel retornar\u00e1 1.048.576 resultados. Correto?<\/p><p><mark class=\"has-inline-color\" style=\"background-color: #fdde6c;\"> <strong>Agora o problema \u00e9<\/strong><\/mark> para obter os resultados 1048576, preciso ter 1048576 c\u00e9lulas, mas estou faltando uma c\u00e9lula porque minha f\u00f3rmula come\u00e7a em D2. <\/p><div class=\"wp-block-image\"><figure class=\"aligncenter size-full is-resized\"><img loading=\"lazy\" decoding=\"async\" class=\"wp-image-72523\" src=\"https:\/\/exceladvisor.org\/wp-content\/uploads\/2023\/08\/6-formule-de-recherche-v.png\" sizes=\"auto, \" srcset=\"\" alt=\"f\u00f3rmula vlookup\" width=\"447\" height=\"414\"><\/figure><\/div><p> E quando uso a mesma f\u00f3rmula da primeira c\u00e9lula de uma coluna, obtenho todas as f\u00f3rmulas com precis\u00e3o.<\/p><h2 id=\"h-merge-cell-can-also-cause-a-spill-error\" class=\"wp-block-heading\"> Mesclar c\u00e9lulas tamb\u00e9m pode causar um #DERRAMAMENTO! Erro<\/h2><p> Se voc\u00ea tiver uma c\u00e9lula mesclada no intervalo de dispers\u00e3o ao inserir uma f\u00f3rmula din\u00e2mica, nesse caso tamb\u00e9m obter\u00e1 o erro de dispers\u00e3o no resultado. <\/p><div class=\"wp-block-image\"><figure class=\"aligncenter size-full is-resized\"><img loading=\"lazy\" decoding=\"async\" class=\"wp-image-72524\" src=\"https:\/\/exceladvisor.org\/wp-content\/uploads\/2023\/08\/7-cellule-de-fusion-provoque-une-erreur-de-debordement.png\" sizes=\"auto, \" srcset=\"\" alt=\"mesclar c\u00e9lula causa erro de derramamento\" width=\"465\" height=\"357\"><\/figure><\/div><p> No exemplo acima temos uma c\u00e9lula mesclada para o intervalo B2:C3 e quando tentamos inserir RANDARRAY na c\u00e9lula A1 ele retorna o erro de derramamento na c\u00e9lula A1 porque n\u00e3o pode reescrever um resultado em uma c\u00e9lula mesclada.<\/p><h2 id=\"h-selecting-obstructing-cells-to-fix-the-spill-error\" class=\"wp-block-heading\"> Sele\u00e7\u00e3o de c\u00e9lulas obstrutivas para reparar o #DERRAMAMENTO! Erro<\/h2><p> Ao clicar na c\u00e9lula onde est\u00e1 o #SPILL! erro, ele fornece um menu suspenso onde voc\u00ea tem algumas op\u00e7\u00f5es para lidar com isso. <\/p><div class=\"wp-block-image\"><figure class=\"aligncenter size-full is-resized\"><img loading=\"lazy\" decoding=\"async\" class=\"wp-image-72525\" src=\"https:\/\/exceladvisor.org\/wp-content\/uploads\/2023\/08\/8-cellules-obstruantes-selectionnees.png\" sizes=\"auto, \" srcset=\"\" alt=\"selecionar c\u00e9lulas obstrutivas\" width=\"389\" height=\"377\"><\/figure><\/div><p> Na terceira posi\u00e7\u00e3o, apresenta a op\u00e7\u00e3o de selecionar c\u00e9lulas obstrutivas, c\u00e9lulas que bloqueiam o resultado. E no momento em que voc\u00ea clicar nesta op\u00e7\u00e3o, todas as c\u00e9lulas que possuem um valor ser\u00e3o selecionadas. <\/p><div class=\"wp-block-image\"><figure class=\"aligncenter size-full is-resized\"><img loading=\"lazy\" decoding=\"async\" class=\"wp-image-72526\" src=\"https:\/\/exceladvisor.org\/wp-content\/uploads\/2023\/08\/9-cellules-ont-deja-une-valeur.png\" sizes=\"auto, \" srcset=\"\" alt=\"valores de c\u00e9lulas j\u00e1\" width=\"429\" height=\"212\"><\/figure><\/div><p> Se voc\u00ea tiver v\u00e1rias c\u00e9lulas, ele selecionar\u00e1 todas essas c\u00e9lulas e voc\u00ea poder\u00e1 remover os valores dessas c\u00e9lulas para obter o resultado dentro do intervalo definido na f\u00f3rmula. <\/p><div class=\"wp-block-image\"><figure class=\"aligncenter size-full is-resized\"><img loading=\"lazy\" decoding=\"async\" class=\"wp-image-72527\" src=\"https:\/\/exceladvisor.org\/wp-content\/uploads\/2023\/08\/10-cellules-multiples-ayant-une-valeur.png\" sizes=\"auto, \" srcset=\"\" alt=\"v\u00e1rias c\u00e9lulas com um valor\" width=\"476\" height=\"204\"><\/figure><\/div><h2 id=\"h-use-for-implicit-intersection\" class=\"wp-block-heading\"> Use @ para interse\u00e7\u00e3o impl\u00edcita<\/h2><p> Ao usar uma fun\u00e7\u00e3o din\u00e2mica que utiliza um intervalo de overflow (resultado retornado em m\u00faltiplas c\u00e9lulas), Para evitar #SPILL! erro, voc\u00ea pode usar o operador @ no in\u00edcio da f\u00f3rmula para fazer com que a f\u00f3rmula retorne os resultados em uma \u00fanica c\u00e9lula em vez de uma matriz para v\u00e1rias c\u00e9lulas. <\/p><div class=\"wp-block-image\"><figure class=\"aligncenter size-full is-resized\"><img loading=\"lazy\" decoding=\"async\" class=\"wp-image-72528\" src=\"https:\/\/exceladvisor.org\/wp-content\/uploads\/2023\/08\/11-utilisation-pour-intersection-implicite.png\" sizes=\"auto, \" srcset=\"\" alt=\"use-@-para-interse\u00e7\u00e3o impl\u00edcita\" width=\"497\" height=\"328\"><\/figure><\/div><div class=\"gb-container gb-container-52dfcee1 gb-container-sample-file\"><h2 class=\"gb-headline gb-headline-e289c143 gb-headline-text gb-headline-4f7959c2\"> Obtenha o arquivo Excel<\/h2> <a class=\"gb-button gb-button-e88d6bee gb-button-text gb-button-button1\" href=\"https:\/\/exceladvisor.org\/wp-content\/uploads\/2023\/11\/erreur-de-deversement-2.xlsx\" rel=\"nofollow\">Download<\/a><\/div><div class=\"gb-container gb-container-0df56012 gb-container-mt\"> <a class=\"gb-button gb-button-f9f432f4 gb-button-text gb-button-mt-button\" href=\"https:\/\/exceladvisor.org\/pt\/formulas\/\">Lista de f\u00f3rmulas do Excel<\/a><h2 class=\"gb-headline gb-headline-233444e8 gb-headline-text gb-headline-mt-heading\"> F\u00f3rmulas relacionadas <\/h2><div class=\"gb-grid-wrapper gb-grid-wrapper-a16fa65c gb-grid-wrapper-mt-grid\"><div class=\"gb-grid-column gb-grid-column-50d07e0d\"><div class=\"gb-container gb-container-50d07e0d\"><ul><li> <a href=\"https:\/\/exceladvisor.org\/pt\/erro-de-divisao\/\">Erro #DIV\/0<\/a><\/li><li> <a href=\"https:\/\/exceladvisor.org\/pt\/erro-de-valor\/\">#VALUE Erro<\/a><\/li><li> <a href=\"https:\/\/exceladvisor.org\/pt\/ignorar-erros\/\">Ignore todos os erros no Excel<\/a> <\/li><\/ul><\/div><\/div><div class=\"gb-grid-column gb-grid-column-5b4a0cf9\"><div class=\"gb-container gb-container-5b4a0cf9\"><ul><li> <a href=\"https:\/\/exceladvisor.org\/pt\/nao-ha-erro\/\">#N\/A Erro no Excel<\/a><\/li><li> <a href=\"https:\/\/exceladvisor.org\/pt\/erro-de-referencia\/\">#REF! Erro no Excel<\/a><\/li><\/ul><\/div><\/div><\/div><\/div>","protected":false},"excerpt":{"rendered":"","protected":false},"author":1,"featured_media":0,"parent":0,"menu_order":0,"comment_status":"open","ping_status":"closed","template":"","meta":{"ub_ctt_via":"","footnotes":""},"class_list":["post-283","page","type-page","status-publish","hentry"],"featured_image_src":null,"yoast_head":"<!-- This site is optimized with the Yoast SEO plugin v25.4 - https:\/\/yoast.com\/wordpress\/plugins\/seo\/ -->\n<title>Como consertar #SPREAD! Erro no Excel? (Tutorial 2023)<\/title>\n<meta name=\"description\" content=\"Existem muitas raz\u00f5es pelas quais voc\u00ea recebe um #DERRAMAMENTO! erro no resultado de uma fun\u00e7\u00e3o din\u00e2mica, e neste tutorial vamos\" \/>\n<meta name=\"robots\" content=\"index, follow, max-snippet:-1, max-image-preview:large, max-video-preview:-1\" \/>\n<link rel=\"canonical\" href=\"https:\/\/exceladvisor.org\/pt\/erro-de-derramamento\/\" \/>\n<meta property=\"og:locale\" content=\"pt_PT\" \/>\n<meta property=\"og:type\" content=\"article\" \/>\n<meta property=\"og:title\" content=\"Como consertar #SPREAD! Erro no Excel? (Tutorial 2023)\" \/>\n<meta property=\"og:description\" content=\"Existem muitas raz\u00f5es pelas quais voc\u00ea recebe um #DERRAMAMENTO! erro no resultado de uma fun\u00e7\u00e3o din\u00e2mica, e neste tutorial vamos\" \/>\n<meta property=\"og:url\" content=\"https:\/\/exceladvisor.org\/pt\/erro-de-derramamento\/\" \/>\n<meta property=\"og:site_name\" content=\"Excel Advisor\" \/>\n<meta property=\"article:modified_time\" content=\"2023-12-06T11:35:30+00:00\" \/>\n<meta property=\"og:image\" content=\"https:\/\/exceladvisor.org\/wp-content\/uploads\/2023\/08\/1-plage-de-deversement.png\" \/>\n<meta name=\"twitter:card\" content=\"summary_large_image\" \/>\n<meta name=\"twitter:label1\" content=\"Tempo estimado de leitura\" \/>\n\t<meta name=\"twitter:data1\" content=\"4 minutos\" \/>\n<script type=\"application\/ld+json\" class=\"yoast-schema-graph\">{\"@context\":\"https:\/\/schema.org\",\"@graph\":[{\"@type\":\"WebPage\",\"@id\":\"https:\/\/exceladvisor.org\/pt\/erro-de-derramamento\/\",\"url\":\"https:\/\/exceladvisor.org\/pt\/erro-de-derramamento\/\",\"name\":\"Como consertar #SPREAD! Erro no Excel? (Tutorial 2023)\",\"isPartOf\":{\"@id\":\"https:\/\/exceladvisor.org\/pt\/#website\"},\"primaryImageOfPage\":{\"@id\":\"https:\/\/exceladvisor.org\/pt\/erro-de-derramamento\/#primaryimage\"},\"image\":{\"@id\":\"https:\/\/exceladvisor.org\/pt\/erro-de-derramamento\/#primaryimage\"},\"thumbnailUrl\":\"https:\/\/exceladvisor.org\/wp-content\/uploads\/2023\/08\/1-plage-de-deversement.png\",\"datePublished\":\"2023-11-06T22:52:07+00:00\",\"dateModified\":\"2023-12-06T11:35:30+00:00\",\"description\":\"Existem muitas raz\u00f5es pelas quais voc\u00ea recebe um #DERRAMAMENTO! erro no resultado de uma fun\u00e7\u00e3o din\u00e2mica, e neste tutorial vamos\",\"breadcrumb\":{\"@id\":\"https:\/\/exceladvisor.org\/pt\/erro-de-derramamento\/#breadcrumb\"},\"inLanguage\":\"pt-PT\",\"potentialAction\":[{\"@type\":\"ReadAction\",\"target\":[\"https:\/\/exceladvisor.org\/pt\/erro-de-derramamento\/\"]}]},{\"@type\":\"ImageObject\",\"inLanguage\":\"pt-PT\",\"@id\":\"https:\/\/exceladvisor.org\/pt\/erro-de-derramamento\/#primaryimage\",\"url\":\"https:\/\/exceladvisor.org\/wp-content\/uploads\/2023\/08\/1-plage-de-deversement.png\",\"contentUrl\":\"https:\/\/exceladvisor.org\/wp-content\/uploads\/2023\/08\/1-plage-de-deversement.png\"},{\"@type\":\"BreadcrumbList\",\"@id\":\"https:\/\/exceladvisor.org\/pt\/erro-de-derramamento\/#breadcrumb\",\"itemListElement\":[{\"@type\":\"ListItem\",\"position\":1,\"name\":\"Lar\",\"item\":\"https:\/\/exceladvisor.org\/pt\/\"},{\"@type\":\"ListItem\",\"position\":2,\"name\":\"Como consertar #spread! erro no excel?\"}]},{\"@type\":\"WebSite\",\"@id\":\"https:\/\/exceladvisor.org\/pt\/#website\",\"url\":\"https:\/\/exceladvisor.org\/pt\/\",\"name\":\"Excel Advisor\",\"description\":\"O seu guia definitivo para dominar os dados!\",\"publisher\":{\"@id\":\"https:\/\/exceladvisor.org\/pt\/#organization\"},\"potentialAction\":[{\"@type\":\"SearchAction\",\"target\":{\"@type\":\"EntryPoint\",\"urlTemplate\":\"https:\/\/exceladvisor.org\/pt\/?s={search_term_string}\"},\"query-input\":{\"@type\":\"PropertyValueSpecification\",\"valueRequired\":true,\"valueName\":\"search_term_string\"}}],\"inLanguage\":\"pt-PT\"},{\"@type\":\"Organization\",\"@id\":\"https:\/\/exceladvisor.org\/pt\/#organization\",\"name\":\"Excel Advisor\",\"url\":\"https:\/\/exceladvisor.org\/pt\/\",\"logo\":{\"@type\":\"ImageObject\",\"inLanguage\":\"pt-PT\",\"@id\":\"https:\/\/exceladvisor.org\/pt\/#\/schema\/logo\/image\/\",\"url\":\"https:\/\/exceladvisor.org\/pt\/wp-content\/uploads\/2023\/12\/exceladvisor.org_.png\",\"contentUrl\":\"https:\/\/exceladvisor.org\/pt\/wp-content\/uploads\/2023\/12\/exceladvisor.org_.png\",\"width\":105,\"height\":36,\"caption\":\"Excel Advisor\"},\"image\":{\"@id\":\"https:\/\/exceladvisor.org\/pt\/#\/schema\/logo\/image\/\"}}]}<\/script>\n<!-- \/ Yoast SEO plugin. -->","yoast_head_json":{"title":"Como consertar #SPREAD! Erro no Excel? (Tutorial 2023)","description":"Existem muitas raz\u00f5es pelas quais voc\u00ea recebe um #DERRAMAMENTO! erro no resultado de uma fun\u00e7\u00e3o din\u00e2mica, e neste tutorial vamos","robots":{"index":"index","follow":"follow","max-snippet":"max-snippet:-1","max-image-preview":"max-image-preview:large","max-video-preview":"max-video-preview:-1"},"canonical":"https:\/\/exceladvisor.org\/pt\/erro-de-derramamento\/","og_locale":"pt_PT","og_type":"article","og_title":"Como consertar #SPREAD! Erro no Excel? (Tutorial 2023)","og_description":"Existem muitas raz\u00f5es pelas quais voc\u00ea recebe um #DERRAMAMENTO! erro no resultado de uma fun\u00e7\u00e3o din\u00e2mica, e neste tutorial vamos","og_url":"https:\/\/exceladvisor.org\/pt\/erro-de-derramamento\/","og_site_name":"Excel Advisor","article_modified_time":"2023-12-06T11:35:30+00:00","og_image":[{"url":"https:\/\/exceladvisor.org\/wp-content\/uploads\/2023\/08\/1-plage-de-deversement.png","type":"","width":"","height":""}],"twitter_card":"summary_large_image","twitter_misc":{"Tempo estimado de leitura":"4 minutos"},"schema":{"@context":"https:\/\/schema.org","@graph":[{"@type":"WebPage","@id":"https:\/\/exceladvisor.org\/pt\/erro-de-derramamento\/","url":"https:\/\/exceladvisor.org\/pt\/erro-de-derramamento\/","name":"Como consertar #SPREAD! Erro no Excel? (Tutorial 2023)","isPartOf":{"@id":"https:\/\/exceladvisor.org\/pt\/#website"},"primaryImageOfPage":{"@id":"https:\/\/exceladvisor.org\/pt\/erro-de-derramamento\/#primaryimage"},"image":{"@id":"https:\/\/exceladvisor.org\/pt\/erro-de-derramamento\/#primaryimage"},"thumbnailUrl":"https:\/\/exceladvisor.org\/wp-content\/uploads\/2023\/08\/1-plage-de-deversement.png","datePublished":"2023-11-06T22:52:07+00:00","dateModified":"2023-12-06T11:35:30+00:00","description":"Existem muitas raz\u00f5es pelas quais voc\u00ea recebe um #DERRAMAMENTO! erro no resultado de uma fun\u00e7\u00e3o din\u00e2mica, e neste tutorial vamos","breadcrumb":{"@id":"https:\/\/exceladvisor.org\/pt\/erro-de-derramamento\/#breadcrumb"},"inLanguage":"pt-PT","potentialAction":[{"@type":"ReadAction","target":["https:\/\/exceladvisor.org\/pt\/erro-de-derramamento\/"]}]},{"@type":"ImageObject","inLanguage":"pt-PT","@id":"https:\/\/exceladvisor.org\/pt\/erro-de-derramamento\/#primaryimage","url":"https:\/\/exceladvisor.org\/wp-content\/uploads\/2023\/08\/1-plage-de-deversement.png","contentUrl":"https:\/\/exceladvisor.org\/wp-content\/uploads\/2023\/08\/1-plage-de-deversement.png"},{"@type":"BreadcrumbList","@id":"https:\/\/exceladvisor.org\/pt\/erro-de-derramamento\/#breadcrumb","itemListElement":[{"@type":"ListItem","position":1,"name":"Lar","item":"https:\/\/exceladvisor.org\/pt\/"},{"@type":"ListItem","position":2,"name":"Como consertar #spread! erro no excel?"}]},{"@type":"WebSite","@id":"https:\/\/exceladvisor.org\/pt\/#website","url":"https:\/\/exceladvisor.org\/pt\/","name":"Excel Advisor","description":"O seu guia definitivo para dominar os dados!","publisher":{"@id":"https:\/\/exceladvisor.org\/pt\/#organization"},"potentialAction":[{"@type":"SearchAction","target":{"@type":"EntryPoint","urlTemplate":"https:\/\/exceladvisor.org\/pt\/?s={search_term_string}"},"query-input":{"@type":"PropertyValueSpecification","valueRequired":true,"valueName":"search_term_string"}}],"inLanguage":"pt-PT"},{"@type":"Organization","@id":"https:\/\/exceladvisor.org\/pt\/#organization","name":"Excel Advisor","url":"https:\/\/exceladvisor.org\/pt\/","logo":{"@type":"ImageObject","inLanguage":"pt-PT","@id":"https:\/\/exceladvisor.org\/pt\/#\/schema\/logo\/image\/","url":"https:\/\/exceladvisor.org\/pt\/wp-content\/uploads\/2023\/12\/exceladvisor.org_.png","contentUrl":"https:\/\/exceladvisor.org\/pt\/wp-content\/uploads\/2023\/12\/exceladvisor.org_.png","width":105,"height":36,"caption":"Excel Advisor"},"image":{"@id":"https:\/\/exceladvisor.org\/pt\/#\/schema\/logo\/image\/"}}]}},"yoast_meta":{"yoast_wpseo_title":"","yoast_wpseo_metadesc":"","yoast_wpseo_canonical":""},"_links":{"self":[{"href":"https:\/\/exceladvisor.org\/pt\/wp-json\/wp\/v2\/pages\/283","targetHints":{"allow":["GET"]}}],"collection":[{"href":"https:\/\/exceladvisor.org\/pt\/wp-json\/wp\/v2\/pages"}],"about":[{"href":"https:\/\/exceladvisor.org\/pt\/wp-json\/wp\/v2\/types\/page"}],"author":[{"embeddable":true,"href":"https:\/\/exceladvisor.org\/pt\/wp-json\/wp\/v2\/users\/1"}],"replies":[{"embeddable":true,"href":"https:\/\/exceladvisor.org\/pt\/wp-json\/wp\/v2\/comments?post=283"}],"version-history":[{"count":1,"href":"https:\/\/exceladvisor.org\/pt\/wp-json\/wp\/v2\/pages\/283\/revisions"}],"predecessor-version":[{"id":911,"href":"https:\/\/exceladvisor.org\/pt\/wp-json\/wp\/v2\/pages\/283\/revisions\/911"}],"wp:attachment":[{"href":"https:\/\/exceladvisor.org\/pt\/wp-json\/wp\/v2\/media?parent=283"}],"curies":[{"name":"wp","href":"https:\/\/api.w.org\/{rel}","templated":true}]}}